{"id":3253,"date":"2022-10-07T11:25:51","date_gmt":"2022-10-07T09:25:51","guid":{"rendered":"https:\/\/hoyre.no\/oslo\/?page_id=3253"},"modified":"2022-10-07T11:25:52","modified_gmt":"2022-10-07T09:25:52","slug":"tilrettelegge-for-mobilitet","status":"publish","type":"page","link":"https:\/\/hoyre.no\/oslo\/politikk\/vaar-politikk\/tilrettelegge-for-mobilitet\/","title":{"rendered":"Tilrettelegge for mobilitet"},"content":{"rendered":"\n<div class=\"wp-block-hoyre-hero with-image-gradient text-color-light  alignfull has-background\"><div class=\"hoyre-hero \"><h1 class=\"title\">Tilrettelegge for mobilitet<\/h1><\/div><\/div>\n\n\n\n\n<p><strong>For \u00e5 tilrettelegge for mobilitet for familier og n\u00e6ringsdrivende vil Oslo H\u00f8yre:<\/strong><\/p>\n\n\n\n<ul class=\"wp-block-list\"><li>Utrede muligheter for \u00e5 unng\u00e5 uforholdsmessig h\u00f8ye kostnader til bompasseringer, eksempelvis ved fastsettelse av et maksimalbel\u00f8p per m\u00e5ned.<\/li><li>Utarbeide en parkeringsnorm for indre og ytre by som sikrer tilstrekkelig med parkeringsplasser for biler i nye prosjekter. Det er et m\u00e5l \u00e5 f\u00e5 beboerparkering bort fra gateplan til parkeringskjellere.<\/li><li>Gj\u00f8re fors\u00f8k med gradvis, forutsigbar og insentivbasert innf\u00f8ring av nullutslippssoner rundt utvalgte steder i indre by, der det p\u00e5 sikt bare blir tilrettelagt for parkering med nullutslippskj\u00f8ret\u00f8yer.<\/li><li>Legge til rette for etablering av underjordiske anlegg med parkeringsplasser og lademuligheter med prioritet for brukere av elbiler og elsykler samt delebilordningen i sentrumsbydelene.<\/li><li>Gj\u00f8re det mulig \u00e5 kj\u00f8re bil mellom ulike steder i sentrum, men henvise mest mulig trafikk til hovedveisystemet. Det er et m\u00e5l \u00e5 redusere biltrafikken i sentrum.<\/li><li>Legge til rette for flere bildelingsplasser p\u00e5 gateplan og stille krav om at nye borettslag og sameier avsetter parkeringsplasser til bildelingsordninger.<\/li><li>S\u00f8rge for at gebyrene for beboerparkering bare skal dekke kostnadene ved ordningen. Fjerne retten til gratis fremmedparkering for elbiler der det er beboerparkering. Biler som disponeres av flere familier, kan f\u00e5 rett til beboerparkering flere steder. Ansvaret for beboerparkering skal fortsatt ligge hos bydelene.<\/li><li>S\u00f8rge for at beboerparkering f\u00f8lger beboer og ikke bilen, og skal s\u00f8rge for at beboere som ikke har egen bil, skal kunne parkere leie- eller delebil.<\/li><li>Ved fjerning av gateparkering sikre et tilstrekkelig antall erstatningsplasser for bevegelseshemmede. Det totale antall HC-plasser i byen skal \u00f8kes i takt med behovet.<\/li><li>Tilrettelegge for P-plasser for motorsyklister i indre by. Noen av disse P-plassene b\u00f8r ha lademuligheter.<\/li><li>Gj\u00f8re det enklere \u00e5 parkere p\u00e5 kommunale parkeringsplasser ved \u00e5 redusere avgiftene og tidsrommet for innkrevingen i hele byen.<\/li><li>Sikre tilstrekkelig parkeringskapasitet for bes\u00f8kende n\u00e5r det utvikles nye sykehjem, kultur- og n\u00e6ringsbygg.<\/li><li>Sikre god tilgjengelighet med bil til sykehjem, eldresentre og legevakt samt mulighet for parkering.<\/li><li>Legge bedre til rette for at n\u00e6ringsdrivende med varetransportbehov kan parkere i n\u00e6rheten av sin virksomhet.<\/li><li>Sikre parkeringsmuligheter i sentrumsbydelene for vareleveranser og h\u00e5ndverker- og servicetjenester.<\/li><li>Legge til rette for d\u00f8gnparkering av tungtransport utenfor boligomr\u00e5der.<\/li><\/ul>\n\n","protected":false},"excerpt":{"rendered":"","protected":false},"author":51320,"featured_media":0,"parent":51,"menu_order":0,"comment_status":"closed","ping_status":"closed","template":"","meta":{"teft_cards_image_url":"","teft_cards_custom_pretitle":"","teft_cards_image_id":0,"teft_cards_image_focal_point_x":0,"teft_cards_image_focal_point_y":0,"teft_cards_title":"","teft_cards_excerpt":"","teft_show_chapters":false,"footnotes":""},"class_list":["post-3253","page","type-page","status-publish","hentry"],"yoast_head":"<!-- This site is optimized with the Yoast SEO Premium plugin v26.5 (Yoast SEO v26.6) - https:\/\/yoast.com\/wordpress\/plugins\/seo\/ -->\n<title>Tilrettelegge for mobilitet - Oslo H\u00f8yre<\/title>\n<meta name=\"robots\" content=\"index, follow, max-snippet:-1, max-image-preview:large, max-video-preview:-1\" \/>\n<link rel=\"canonical\" href=\"https:\/\/hoyre.no\/oslo\/politikk\/vaar-politikk\/tilrettelegge-for-mobilitet\/\" \/>\n<meta property=\"og:locale\" content=\"nb_NO\" \/>\n<meta property=\"og:type\" content=\"article\" \/>\n<meta property=\"og:title\" content=\"Tilrettelegge for mobilitet\" \/>\n<meta property=\"og:url\" content=\"https:\/\/hoyre.no\/oslo\/politikk\/vaar-politikk\/tilrettelegge-for-mobilitet\/\" \/>\n<meta property=\"og:site_name\" content=\"Oslo H\u00f8yre\" \/>\n<meta property=\"article:publisher\" content=\"https:\/\/www.facebook.com\/oslo.hoyre\" \/>\n<meta property=\"article:modified_time\" content=\"2022-10-07T09:25:52+00:00\" \/>\n<meta property=\"og:image\" content=\"https:\/\/hoyre.no\/content\/uploads\/sites\/408\/2022\/11\/Hoyres-logo.png\" \/>\n\t<meta property=\"og:image:width\" content=\"1000\" \/>\n\t<meta property=\"og:image:height\" content=\"1000\" \/>\n\t<meta property=\"og:image:type\" content=\"image\/png\" \/>\n<meta name=\"twitter:card\" content=\"summary_large_image\" \/>\n<meta name=\"twitter:label1\" content=\"Ansl. lesetid\" \/>\n\t<meta name=\"twitter:data1\" content=\"2 minutter\" \/>\n<script type=\"application\/ld+json\" class=\"yoast-schema-graph\">{\"@context\":\"https:\/\/schema.org\",\"@graph\":[{\"@type\":\"WebPage\",\"@id\":\"https:\/\/hoyre.no\/oslo\/politikk\/vaar-politikk\/tilrettelegge-for-mobilitet\/\",\"url\":\"https:\/\/hoyre.no\/oslo\/politikk\/vaar-politikk\/tilrettelegge-for-mobilitet\/\",\"name\":\"Tilrettelegge for mobilitet - Oslo H\u00f8yre\",\"isPartOf\":{\"@id\":\"https:\/\/hoyre.no\/oslo\/#website\"},\"datePublished\":\"2022-10-07T09:25:51+00:00\",\"dateModified\":\"2022-10-07T09:25:52+00:00\",\"breadcrumb\":{\"@id\":\"https:\/\/hoyre.no\/oslo\/politikk\/vaar-politikk\/tilrettelegge-for-mobilitet\/#breadcrumb\"},\"inLanguage\":\"nb-NO\",\"potentialAction\":[{\"@type\":\"ReadAction\",\"target\":[\"https:\/\/hoyre.no\/oslo\/politikk\/vaar-politikk\/tilrettelegge-for-mobilitet\/\"]}]},{\"@type\":\"BreadcrumbList\",\"@id\":\"https:\/\/hoyre.no\/oslo\/politikk\/vaar-politikk\/tilrettelegge-for-mobilitet\/#breadcrumb\",\"itemListElement\":[{\"@type\":\"ListItem\",\"position\":1,\"name\":\"Til hoyre.no\",\"item\":\"https:\/\/hoyre.no\"},{\"@type\":\"ListItem\",\"position\":2,\"name\":\"Hjem\",\"item\":\"https:\/\/hoyre.no\/oslo\/\"},{\"@type\":\"ListItem\",\"position\":3,\"name\":\"Politikk\",\"item\":\"https:\/\/hoyre.no\/oslo\/politikk\/\"},{\"@type\":\"ListItem\",\"position\":4,\"name\":\"V\u00e5r politikk\",\"item\":\"https:\/\/hoyre.no\/oslo\/politikk\/vaar-politikk\/\"},{\"@type\":\"ListItem\",\"position\":5,\"name\":\"Tilrettelegge for mobilitet\"}]},{\"@type\":\"WebSite\",\"@id\":\"https:\/\/hoyre.no\/oslo\/#website\",\"url\":\"https:\/\/hoyre.no\/oslo\/\",\"name\":\"Oslo H\u00f8yre\",\"description\":\"\",\"publisher\":{\"@id\":\"https:\/\/hoyre.no\/oslo\/#organization\"},\"inLanguage\":\"nb-NO\"},{\"@type\":\"Organization\",\"@id\":\"https:\/\/hoyre.no\/oslo\/#organization\",\"name\":\"Oslo H\u00f8yre\",\"url\":\"https:\/\/hoyre.no\/oslo\/\",\"logo\":{\"@type\":\"ImageObject\",\"inLanguage\":\"nb-NO\",\"@id\":\"https:\/\/hoyre.no\/oslo\/#\/schema\/logo\/image\/\",\"url\":\"https:\/\/hoyre.no\/content\/uploads\/sites\/408\/2022\/11\/Hoyres-logo.png\",\"contentUrl\":\"https:\/\/hoyre.no\/content\/uploads\/sites\/408\/2022\/11\/Hoyres-logo.png\",\"width\":1000,\"height\":1000,\"caption\":\"Oslo H\u00f8yre\"},\"image\":{\"@id\":\"https:\/\/hoyre.no\/oslo\/#\/schema\/logo\/image\/\"},\"sameAs\":[\"https:\/\/www.facebook.com\/oslo.hoyre\"]}]}<\/script>\n<!-- \/ Yoast SEO Premium plugin. -->","yoast_head_json":{"title":"Tilrettelegge for mobilitet - Oslo H\u00f8yre","robots":{"index":"index","follow":"follow","max-snippet":"max-snippet:-1","max-image-preview":"max-image-preview:large","max-video-preview":"max-video-preview:-1"},"canonical":"https:\/\/hoyre.no\/oslo\/politikk\/vaar-politikk\/tilrettelegge-for-mobilitet\/","og_locale":"nb_NO","og_type":"article","og_title":"Tilrettelegge for mobilitet","og_url":"https:\/\/hoyre.no\/oslo\/politikk\/vaar-politikk\/tilrettelegge-for-mobilitet\/","og_site_name":"Oslo H\u00f8yre","article_publisher":"https:\/\/www.facebook.com\/oslo.hoyre","article_modified_time":"2022-10-07T09:25:52+00:00","og_image":[{"width":1000,"height":1000,"url":"https:\/\/hoyre.no\/content\/uploads\/sites\/408\/2022\/11\/Hoyres-logo.png","type":"image\/png"}],"twitter_card":"summary_large_image","twitter_misc":{"Ansl. lesetid":"2 minutter"},"schema":{"@context":"https:\/\/schema.org","@graph":[{"@type":"WebPage","@id":"https:\/\/hoyre.no\/oslo\/politikk\/vaar-politikk\/tilrettelegge-for-mobilitet\/","url":"https:\/\/hoyre.no\/oslo\/politikk\/vaar-politikk\/tilrettelegge-for-mobilitet\/","name":"Tilrettelegge for mobilitet - Oslo H\u00f8yre","isPartOf":{"@id":"https:\/\/hoyre.no\/oslo\/#website"},"datePublished":"2022-10-07T09:25:51+00:00","dateModified":"2022-10-07T09:25:52+00:00","breadcrumb":{"@id":"https:\/\/hoyre.no\/oslo\/politikk\/vaar-politikk\/tilrettelegge-for-mobilitet\/#breadcrumb"},"inLanguage":"nb-NO","potentialAction":[{"@type":"ReadAction","target":["https:\/\/hoyre.no\/oslo\/politikk\/vaar-politikk\/tilrettelegge-for-mobilitet\/"]}]},{"@type":"BreadcrumbList","@id":"https:\/\/hoyre.no\/oslo\/politikk\/vaar-politikk\/tilrettelegge-for-mobilitet\/#breadcrumb","itemListElement":[{"@type":"ListItem","position":1,"name":"Til hoyre.no","item":"https:\/\/hoyre.no"},{"@type":"ListItem","position":2,"name":"Hjem","item":"https:\/\/hoyre.no\/oslo\/"},{"@type":"ListItem","position":3,"name":"Politikk","item":"https:\/\/hoyre.no\/oslo\/politikk\/"},{"@type":"ListItem","position":4,"name":"V\u00e5r politikk","item":"https:\/\/hoyre.no\/oslo\/politikk\/vaar-politikk\/"},{"@type":"ListItem","position":5,"name":"Tilrettelegge for mobilitet"}]},{"@type":"WebSite","@id":"https:\/\/hoyre.no\/oslo\/#website","url":"https:\/\/hoyre.no\/oslo\/","name":"Oslo H\u00f8yre","description":"","publisher":{"@id":"https:\/\/hoyre.no\/oslo\/#organization"},"inLanguage":"nb-NO"},{"@type":"Organization","@id":"https:\/\/hoyre.no\/oslo\/#organization","name":"Oslo H\u00f8yre","url":"https:\/\/hoyre.no\/oslo\/","logo":{"@type":"ImageObject","inLanguage":"nb-NO","@id":"https:\/\/hoyre.no\/oslo\/#\/schema\/logo\/image\/","url":"https:\/\/hoyre.no\/content\/uploads\/sites\/408\/2022\/11\/Hoyres-logo.png","contentUrl":"https:\/\/hoyre.no\/content\/uploads\/sites\/408\/2022\/11\/Hoyres-logo.png","width":1000,"height":1000,"caption":"Oslo H\u00f8yre"},"image":{"@id":"https:\/\/hoyre.no\/oslo\/#\/schema\/logo\/image\/"},"sameAs":["https:\/\/www.facebook.com\/oslo.hoyre"]}]}},"distributor_meta":false,"distributor_terms":false,"distributor_media":false,"distributor_original_site_name":"Oslo H\u00f8yre","distributor_original_site_url":"https:\/\/hoyre.no\/oslo","push-errors":false,"_links":{"self":[{"href":"https:\/\/hoyre.no\/oslo\/wp-json\/wp\/v2\/pages\/3253","targetHints":{"allow":["GET"]}}],"collection":[{"href":"https:\/\/hoyre.no\/oslo\/wp-json\/wp\/v2\/pages"}],"about":[{"href":"https:\/\/hoyre.no\/oslo\/wp-json\/wp\/v2\/types\/page"}],"author":[{"embeddable":true,"href":"https:\/\/hoyre.no\/oslo\/wp-json\/wp\/v2\/users\/51320"}],"replies":[{"embeddable":true,"href":"https:\/\/hoyre.no\/oslo\/wp-json\/wp\/v2\/comments?post=3253"}],"version-history":[{"count":1,"href":"https:\/\/hoyre.no\/oslo\/wp-json\/wp\/v2\/pages\/3253\/revisions"}],"predecessor-version":[{"id":3254,"href":"https:\/\/hoyre.no\/oslo\/wp-json\/wp\/v2\/pages\/3253\/revisions\/3254"}],"up":[{"embeddable":true,"href":"https:\/\/hoyre.no\/oslo\/wp-json\/wp\/v2\/pages\/51"}],"wp:attachment":[{"href":"https:\/\/hoyre.no\/oslo\/wp-json\/wp\/v2\/media?parent=3253"}],"curies":[{"name":"wp","href":"https:\/\/api.w.org\/{rel}","templated":true}]}}