{"id":3280,"date":"2022-10-07T11:53:30","date_gmt":"2022-10-07T09:53:30","guid":{"rendered":"https:\/\/hoyre.no\/oslo\/?page_id=3280"},"modified":"2022-10-07T11:53:31","modified_gmt":"2022-10-07T09:53:31","slug":"personer-med-nedsatt-funksjonsevne","status":"publish","type":"page","link":"https:\/\/hoyre.no\/oslo\/politikk\/vaar-politikk\/personer-med-nedsatt-funksjonsevne\/","title":{"rendered":"Personer med nedsatt funksjonsevne"},"content":{"rendered":"\n<div class=\"wp-block-hoyre-hero with-image-gradient text-color-light  alignfull has-background\"><div class=\"hoyre-hero \"><h1 class=\"title\">Personer med nedsatt funksjonsevne<\/h1><p class=\"preamble\">Det er et m\u00e5l at mennesker med nedsatt funksjonsevne skal kunne leve et mest mulig selvstendig og aktivt liv, og at offentlige rom og bygninger skal gj\u00f8res tilgjengelige for alle.<\/p><\/div><\/div>\n\n\n\n\n<p>Familier med barn med nedsatt funksjonsevne m\u00f8ter s\u00e6rskilte utfordringer og m\u00e5 sikres helhetlig og koordinert hjelp og tilrettelegging. Barna m\u00e5 f\u00e5 oppf\u00f8lging og et godt rehabiliteringstilbud, slik at de kan leve gode liv og styrke sine muligheter til \u00e5 delta i utdanning, arbeids- og samfunnsliv. H\u00f8yre \u00f8nsker at alle familier selv skal f\u00e5 mulighet til \u00e5 velge hvem som skal utf\u00f8re hjelpen, enten det er en ideell, privat eller offentlig akt\u00f8r.<\/p>\n\n\n\n<p>Brukerstyrt personlig assistanse (BPA) er en ordning som skal sikre brukerne et selvstendig liv og muligheten til \u00e5 kunne delta i samfunnet. Brukeren ansetter selv sine assistenter, og skal selv bestemme hva tiden skal brukes til. Assistentene reduserer behovet for andre hjelpetiltak, og gir brukerne tilpasset hjelp som \u00f8ker livskvaliteten i og utenfor hjemmet. Bydelene i Oslo behandler s\u00f8knader om BPA sv\u00e6rt ulikt, og dette m\u00e5 rettes opp. Oslo H\u00f8yre mener at BPA-ordningen ikke utelukkende er et helse- eller sosialtilbud, men skal sikre inkludering og hindre utenforskap.<\/p>\n\n\n\n<p><strong>Oslo H\u00f8yre vil:<\/strong><\/p>\n\n\n\n<ul class=\"wp-block-list\"><li>Prioritere familier med barn og unge med funksjonsnedsettelser ved \u00e5 sikre dem godt tilrettelagte, helhetlige og koordinerte tjenester. Barn og unge med funksjonsnedsettelser m\u00e5 sikres oppf\u00f8lging, og foreldre skal tilbys avlastning.<\/li><li>Innf\u00f8re rett til brukerstyrt avlastning, slik at familier selv kan velge hvem som skal gi avlastning, enten det er en privat, ideell eller offentlig akt\u00f8r.<\/li><li>Opprettholde det frie brukervalget i BPA-ordningen.<\/li><li>Sikre likebehandling av BPA-s\u00f8knader p\u00e5 tvers av bydelene.<\/li><li>Samarbeide med p\u00e5r\u00f8rende, private og Husbanken for \u00e5 skaffe varige tilrettelagte boliger til mennesker med funksjonsnedsettelser.<\/li><li>La Oslo kommune g\u00e5 foran som eksempel n\u00e5r det gjelder ansettelse av folk med funksjonsnedsettelse eller som har hull i CV-en.<\/li><li>Ha ekstra oppf\u00f8lging av funksjonshemmede med innvandrerbakgrunn med tanke p\u00e5 at de ofte blir stigmatisert i sine milj\u00f8er.<\/li><\/ul>\n\n","protected":false},"excerpt":{"rendered":"","protected":false},"author":51320,"featured_media":0,"parent":51,"menu_order":0,"comment_status":"closed","ping_status":"closed","template":"","meta":{"teft_cards_image_url":"","teft_cards_custom_pretitle":"","teft_cards_image_id":0,"teft_cards_image_focal_point_x":0,"teft_cards_image_focal_point_y":0,"teft_cards_title":"","teft_cards_excerpt":"","teft_show_chapters":false,"footnotes":""},"class_list":["post-3280","page","type-page","status-publish","hentry"],"yoast_head":"<!-- This site is optimized with the Yoast SEO Premium plugin v26.5 (Yoast SEO v26.6) - https:\/\/yoast.com\/wordpress\/plugins\/seo\/ -->\n<title>Personer med nedsatt funksjonsevne - Oslo H\u00f8yre<\/title>\n<meta name=\"robots\" content=\"index, follow, max-snippet:-1, max-image-preview:large, max-video-preview:-1\" \/>\n<link rel=\"canonical\" href=\"https:\/\/hoyre.no\/oslo\/politikk\/vaar-politikk\/personer-med-nedsatt-funksjonsevne\/\" \/>\n<meta property=\"og:locale\" content=\"nb_NO\" \/>\n<meta property=\"og:type\" content=\"article\" \/>\n<meta property=\"og:title\" content=\"Personer med nedsatt funksjonsevne\" \/>\n<meta property=\"og:url\" content=\"https:\/\/hoyre.no\/oslo\/politikk\/vaar-politikk\/personer-med-nedsatt-funksjonsevne\/\" \/>\n<meta property=\"og:site_name\" content=\"Oslo H\u00f8yre\" \/>\n<meta property=\"article:publisher\" content=\"https:\/\/www.facebook.com\/oslo.hoyre\" \/>\n<meta property=\"article:modified_time\" content=\"2022-10-07T09:53:31+00:00\" \/>\n<meta property=\"og:image\" content=\"https:\/\/hoyre.no\/content\/uploads\/sites\/408\/2022\/11\/Hoyres-logo.png\" \/>\n\t<meta property=\"og:image:width\" content=\"1000\" \/>\n\t<meta property=\"og:image:height\" content=\"1000\" \/>\n\t<meta property=\"og:image:type\" content=\"image\/png\" \/>\n<meta name=\"twitter:card\" content=\"summary_large_image\" \/>\n<meta name=\"twitter:label1\" content=\"Ansl. lesetid\" \/>\n\t<meta name=\"twitter:data1\" content=\"2 minutter\" \/>\n<script type=\"application\/ld+json\" class=\"yoast-schema-graph\">{\"@context\":\"https:\/\/schema.org\",\"@graph\":[{\"@type\":\"WebPage\",\"@id\":\"https:\/\/hoyre.no\/oslo\/politikk\/vaar-politikk\/personer-med-nedsatt-funksjonsevne\/\",\"url\":\"https:\/\/hoyre.no\/oslo\/politikk\/vaar-politikk\/personer-med-nedsatt-funksjonsevne\/\",\"name\":\"Personer med nedsatt funksjonsevne - Oslo H\u00f8yre\",\"isPartOf\":{\"@id\":\"https:\/\/hoyre.no\/oslo\/#website\"},\"datePublished\":\"2022-10-07T09:53:30+00:00\",\"dateModified\":\"2022-10-07T09:53:31+00:00\",\"breadcrumb\":{\"@id\":\"https:\/\/hoyre.no\/oslo\/politikk\/vaar-politikk\/personer-med-nedsatt-funksjonsevne\/#breadcrumb\"},\"inLanguage\":\"nb-NO\",\"potentialAction\":[{\"@type\":\"ReadAction\",\"target\":[\"https:\/\/hoyre.no\/oslo\/politikk\/vaar-politikk\/personer-med-nedsatt-funksjonsevne\/\"]}]},{\"@type\":\"BreadcrumbList\",\"@id\":\"https:\/\/hoyre.no\/oslo\/politikk\/vaar-politikk\/personer-med-nedsatt-funksjonsevne\/#breadcrumb\",\"itemListElement\":[{\"@type\":\"ListItem\",\"position\":1,\"name\":\"Til hoyre.no\",\"item\":\"https:\/\/hoyre.no\"},{\"@type\":\"ListItem\",\"position\":2,\"name\":\"Hjem\",\"item\":\"https:\/\/hoyre.no\/oslo\/\"},{\"@type\":\"ListItem\",\"position\":3,\"name\":\"Politikk\",\"item\":\"https:\/\/hoyre.no\/oslo\/politikk\/\"},{\"@type\":\"ListItem\",\"position\":4,\"name\":\"V\u00e5r politikk\",\"item\":\"https:\/\/hoyre.no\/oslo\/politikk\/vaar-politikk\/\"},{\"@type\":\"ListItem\",\"position\":5,\"name\":\"Personer med nedsatt funksjonsevne\"}]},{\"@type\":\"WebSite\",\"@id\":\"https:\/\/hoyre.no\/oslo\/#website\",\"url\":\"https:\/\/hoyre.no\/oslo\/\",\"name\":\"Oslo H\u00f8yre\",\"description\":\"\",\"publisher\":{\"@id\":\"https:\/\/hoyre.no\/oslo\/#organization\"},\"inLanguage\":\"nb-NO\"},{\"@type\":\"Organization\",\"@id\":\"https:\/\/hoyre.no\/oslo\/#organization\",\"name\":\"Oslo H\u00f8yre\",\"url\":\"https:\/\/hoyre.no\/oslo\/\",\"logo\":{\"@type\":\"ImageObject\",\"inLanguage\":\"nb-NO\",\"@id\":\"https:\/\/hoyre.no\/oslo\/#\/schema\/logo\/image\/\",\"url\":\"https:\/\/hoyre.no\/content\/uploads\/sites\/408\/2022\/11\/Hoyres-logo.png\",\"contentUrl\":\"https:\/\/hoyre.no\/content\/uploads\/sites\/408\/2022\/11\/Hoyres-logo.png\",\"width\":1000,\"height\":1000,\"caption\":\"Oslo H\u00f8yre\"},\"image\":{\"@id\":\"https:\/\/hoyre.no\/oslo\/#\/schema\/logo\/image\/\"},\"sameAs\":[\"https:\/\/www.facebook.com\/oslo.hoyre\"]}]}<\/script>\n<!-- \/ Yoast SEO Premium plugin. -->","yoast_head_json":{"title":"Personer med nedsatt funksjonsevne - Oslo H\u00f8yre","robots":{"index":"index","follow":"follow","max-snippet":"max-snippet:-1","max-image-preview":"max-image-preview:large","max-video-preview":"max-video-preview:-1"},"canonical":"https:\/\/hoyre.no\/oslo\/politikk\/vaar-politikk\/personer-med-nedsatt-funksjonsevne\/","og_locale":"nb_NO","og_type":"article","og_title":"Personer med nedsatt funksjonsevne","og_url":"https:\/\/hoyre.no\/oslo\/politikk\/vaar-politikk\/personer-med-nedsatt-funksjonsevne\/","og_site_name":"Oslo H\u00f8yre","article_publisher":"https:\/\/www.facebook.com\/oslo.hoyre","article_modified_time":"2022-10-07T09:53:31+00:00","og_image":[{"width":1000,"height":1000,"url":"https:\/\/hoyre.no\/content\/uploads\/sites\/408\/2022\/11\/Hoyres-logo.png","type":"image\/png"}],"twitter_card":"summary_large_image","twitter_misc":{"Ansl. lesetid":"2 minutter"},"schema":{"@context":"https:\/\/schema.org","@graph":[{"@type":"WebPage","@id":"https:\/\/hoyre.no\/oslo\/politikk\/vaar-politikk\/personer-med-nedsatt-funksjonsevne\/","url":"https:\/\/hoyre.no\/oslo\/politikk\/vaar-politikk\/personer-med-nedsatt-funksjonsevne\/","name":"Personer med nedsatt funksjonsevne - Oslo H\u00f8yre","isPartOf":{"@id":"https:\/\/hoyre.no\/oslo\/#website"},"datePublished":"2022-10-07T09:53:30+00:00","dateModified":"2022-10-07T09:53:31+00:00","breadcrumb":{"@id":"https:\/\/hoyre.no\/oslo\/politikk\/vaar-politikk\/personer-med-nedsatt-funksjonsevne\/#breadcrumb"},"inLanguage":"nb-NO","potentialAction":[{"@type":"ReadAction","target":["https:\/\/hoyre.no\/oslo\/politikk\/vaar-politikk\/personer-med-nedsatt-funksjonsevne\/"]}]},{"@type":"BreadcrumbList","@id":"https:\/\/hoyre.no\/oslo\/politikk\/vaar-politikk\/personer-med-nedsatt-funksjonsevne\/#breadcrumb","itemListElement":[{"@type":"ListItem","position":1,"name":"Til hoyre.no","item":"https:\/\/hoyre.no"},{"@type":"ListItem","position":2,"name":"Hjem","item":"https:\/\/hoyre.no\/oslo\/"},{"@type":"ListItem","position":3,"name":"Politikk","item":"https:\/\/hoyre.no\/oslo\/politikk\/"},{"@type":"ListItem","position":4,"name":"V\u00e5r politikk","item":"https:\/\/hoyre.no\/oslo\/politikk\/vaar-politikk\/"},{"@type":"ListItem","position":5,"name":"Personer med nedsatt funksjonsevne"}]},{"@type":"WebSite","@id":"https:\/\/hoyre.no\/oslo\/#website","url":"https:\/\/hoyre.no\/oslo\/","name":"Oslo H\u00f8yre","description":"","publisher":{"@id":"https:\/\/hoyre.no\/oslo\/#organization"},"inLanguage":"nb-NO"},{"@type":"Organization","@id":"https:\/\/hoyre.no\/oslo\/#organization","name":"Oslo H\u00f8yre","url":"https:\/\/hoyre.no\/oslo\/","logo":{"@type":"ImageObject","inLanguage":"nb-NO","@id":"https:\/\/hoyre.no\/oslo\/#\/schema\/logo\/image\/","url":"https:\/\/hoyre.no\/content\/uploads\/sites\/408\/2022\/11\/Hoyres-logo.png","contentUrl":"https:\/\/hoyre.no\/content\/uploads\/sites\/408\/2022\/11\/Hoyres-logo.png","width":1000,"height":1000,"caption":"Oslo H\u00f8yre"},"image":{"@id":"https:\/\/hoyre.no\/oslo\/#\/schema\/logo\/image\/"},"sameAs":["https:\/\/www.facebook.com\/oslo.hoyre"]}]}},"distributor_meta":false,"distributor_terms":false,"distributor_media":false,"distributor_original_site_name":"Oslo H\u00f8yre","distributor_original_site_url":"https:\/\/hoyre.no\/oslo","push-errors":false,"_links":{"self":[{"href":"https:\/\/hoyre.no\/oslo\/wp-json\/wp\/v2\/pages\/3280","targetHints":{"allow":["GET"]}}],"collection":[{"href":"https:\/\/hoyre.no\/oslo\/wp-json\/wp\/v2\/pages"}],"about":[{"href":"https:\/\/hoyre.no\/oslo\/wp-json\/wp\/v2\/types\/page"}],"author":[{"embeddable":true,"href":"https:\/\/hoyre.no\/oslo\/wp-json\/wp\/v2\/users\/51320"}],"replies":[{"embeddable":true,"href":"https:\/\/hoyre.no\/oslo\/wp-json\/wp\/v2\/comments?post=3280"}],"version-history":[{"count":1,"href":"https:\/\/hoyre.no\/oslo\/wp-json\/wp\/v2\/pages\/3280\/revisions"}],"predecessor-version":[{"id":3281,"href":"https:\/\/hoyre.no\/oslo\/wp-json\/wp\/v2\/pages\/3280\/revisions\/3281"}],"up":[{"embeddable":true,"href":"https:\/\/hoyre.no\/oslo\/wp-json\/wp\/v2\/pages\/51"}],"wp:attachment":[{"href":"https:\/\/hoyre.no\/oslo\/wp-json\/wp\/v2\/media?parent=3280"}],"curies":[{"name":"wp","href":"https:\/\/api.w.org\/{rel}","templated":true}]}}