{"id":3283,"date":"2022-10-07T12:56:58","date_gmt":"2022-10-07T10:56:58","guid":{"rendered":"https:\/\/hoyre.no\/oslo\/?page_id=3283"},"modified":"2022-10-07T12:56:58","modified_gmt":"2022-10-07T10:56:58","slug":"oslo-som-kulturby","status":"publish","type":"page","link":"https:\/\/hoyre.no\/oslo\/politikk\/vaar-politikk\/oslo-som-kulturby\/","title":{"rendered":"Oslo som kulturby"},"content":{"rendered":"\n<div class=\"wp-block-hoyre-hero with-image-gradient text-color-light  alignfull has-background\"><div class=\"hoyre-hero \"><h1 class=\"title\">Oslo som kulturby<\/h1><p class=\"preamble\">Oslo H\u00f8yre vil legge til rette for et mangfoldig kunst- og kulturliv. Kulturarven er en del av v\u00e5r identitet, og skaper tilh\u00f8righet. Et mangfoldig kunst- og kulturliv bidrar i samfunnsdebatten, kan virke som et korrektiv og berike menneskers liv. Samtidskunsten er morgendagens kulturarv.<\/p><\/div><\/div>\n\n\n\n\n<p>Kulturlivet m\u00e5 utvikles p\u00e5 egne premisser og v\u00e6re fritt. En av kommunens viktigste oppgaver p\u00e5 kulturomr\u00e5det er \u00e5 legge til rette for at byens kulturliv f\u00e5r gode og forutsigbare levevilk\u00e5r. Oslo H\u00f8yre vil at politikerne skal vedta premissene, prioriteringene og rammene for kulturpolitikken, men at de konkrete tildelingene skal v\u00e6re begrunnet i faglige vurderinger. Kommunens st\u00f8tteordninger til kulturlivet m\u00e5 ivareta b\u00e5de de sm\u00e5 og de store akt\u00f8rene.<\/p>\n\n\n\n<p>Oslo vokser og har innbyggere fra mange ulike kulturer. Det er viktig \u00e5 legge til rette for dette mangfoldet ogs\u00e5 i kulturtilbudet. Oslo H\u00f8yre vil oppmuntre og gi gode rammevilk\u00e5r til uavhengige kulturentrepren\u00f8rer som skaper kulturopplevelser utenfor de faste institusjonene, og som bidrar til \u00e5 styrke Oslo som en internasjonal interessant konsert- og kulturby.<\/p>\n\n\n\n<p>De nye kulturbyggene Munchmuseet, Deichmanske hovedbibliotek og Nasjonalmuseet skal v\u00e6re kultur- og kunnskapsbygg som hele byens befolkning kan bruke for l\u00e6ring og inspirasjon. H\u00f8yre \u00f8nsker at Oslo kommune og staten sammen skal igangsette et markedsf\u00f8ringsl\u00f8ft for Oslo med utgangspunkt i \u00e5pningen av de tre nye kulturinstitusjonene sommeren 2020. M\u00e5let m\u00e5 v\u00e6re \u00e5 bruke denne anledningen til \u00e5 l\u00f8fte frem Oslo som en ledende kulturby i Europa.<\/p>\n\n\n\n<p><strong>Oslo H\u00f8yre vil:<\/strong><\/p>\n\n\n\n<ul class=\"wp-block-list\"><li>S\u00f8rge for et godt bibliotektilbud i hele byen.<\/li><li>Sikre at det nye hovedbiblioteket i Bj\u00f8rvika blir brukt til bibliotekets aktiviteter.<\/li><li>Fullf\u00f8re satsingen p\u00e5 mer\u00e5pne biblioteker.<\/li><li>Prioritere bevilgninger til drift av det store mangfoldet av kulturakt\u00f8rer og s\u00e6rlig legge vekt p\u00e5 forutsigbare rammebetingelser.<\/li><li>Stimulere til \u00f8kt samarbeide mellom kulturakt\u00f8rer i Oslo for \u00e5 styrke kvalitet og sikre at offentlige tilskudd brukes best mulig, gjerne ogs\u00e5 ved at det bevilges fler\u00e5rig st\u00f8tte til kulturinstitusjoner.<\/li><li>Fortsette satsingen p\u00e5 \u00e5 gj\u00f8re Oslo til en attraktiv by for produksjon og visning av film.<\/li><li>Utarbeide en plan for kulturell infrastruktur som vurderer og identifiserer behov for produksjons-, \u00f8vings- og visningssteder.<\/li><li>Sikre utplassering og formidling av kommunens kunstsamling, slik at alle i byen har tilgang til kunst av h\u00f8y kvalitet i kommunens bygg og i byens uterom.<\/li><li>Gj\u00f8re det enklere for kulturakt\u00f8rene \u00e5 bruke byens offentlige rom.<\/li><li>Legge til rette for koordinering av arrangementer ved \u00e5 lage en arrangementsstrategi sammen med n\u00e6ringslivet.<\/li><li>Sette av midler til en ekstraordin\u00e6r markering av Oslos nye kulturbygg og invitere staten til \u00e5 bevilge et tilsvarende bel\u00f8p.<\/li><\/ul>\n\n","protected":false},"excerpt":{"rendered":"","protected":false},"author":51320,"featured_media":0,"parent":51,"menu_order":0,"comment_status":"closed","ping_status":"closed","template":"","meta":{"teft_cards_image_url":"","teft_cards_custom_pretitle":"","teft_cards_image_id":0,"teft_cards_image_focal_point_x":0,"teft_cards_image_focal_point_y":0,"teft_cards_title":"","teft_cards_excerpt":"","teft_show_chapters":false,"footnotes":""},"class_list":["post-3283","page","type-page","status-publish","hentry"],"yoast_head":"<!-- This site is optimized with the Yoast SEO Premium plugin v26.5 (Yoast SEO v26.6) - https:\/\/yoast.com\/wordpress\/plugins\/seo\/ -->\n<title>Oslo som kulturby - Oslo H\u00f8yre<\/title>\n<meta name=\"robots\" content=\"index, follow, max-snippet:-1, max-image-preview:large, max-video-preview:-1\" \/>\n<link rel=\"canonical\" href=\"https:\/\/hoyre.no\/oslo\/politikk\/vaar-politikk\/oslo-som-kulturby\/\" \/>\n<meta property=\"og:locale\" content=\"nb_NO\" \/>\n<meta property=\"og:type\" content=\"article\" \/>\n<meta property=\"og:title\" content=\"Oslo som kulturby\" \/>\n<meta property=\"og:url\" content=\"https:\/\/hoyre.no\/oslo\/politikk\/vaar-politikk\/oslo-som-kulturby\/\" \/>\n<meta property=\"og:site_name\" content=\"Oslo H\u00f8yre\" \/>\n<meta property=\"article:publisher\" content=\"https:\/\/www.facebook.com\/oslo.hoyre\" \/>\n<meta property=\"og:image\" content=\"https:\/\/hoyre.no\/content\/uploads\/sites\/408\/2022\/11\/Hoyres-logo.png\" \/>\n\t<meta property=\"og:image:width\" content=\"1000\" \/>\n\t<meta property=\"og:image:height\" content=\"1000\" \/>\n\t<meta property=\"og:image:type\" content=\"image\/png\" \/>\n<meta name=\"twitter:card\" content=\"summary_large_image\" \/>\n<meta name=\"twitter:label1\" content=\"Ansl. lesetid\" \/>\n\t<meta name=\"twitter:data1\" content=\"3 minutter\" \/>\n<script type=\"application\/ld+json\" class=\"yoast-schema-graph\">{\"@context\":\"https:\/\/schema.org\",\"@graph\":[{\"@type\":\"WebPage\",\"@id\":\"https:\/\/hoyre.no\/oslo\/politikk\/vaar-politikk\/oslo-som-kulturby\/\",\"url\":\"https:\/\/hoyre.no\/oslo\/politikk\/vaar-politikk\/oslo-som-kulturby\/\",\"name\":\"Oslo som kulturby - Oslo H\u00f8yre\",\"isPartOf\":{\"@id\":\"https:\/\/hoyre.no\/oslo\/#website\"},\"datePublished\":\"2022-10-07T10:56:58+00:00\",\"breadcrumb\":{\"@id\":\"https:\/\/hoyre.no\/oslo\/politikk\/vaar-politikk\/oslo-som-kulturby\/#breadcrumb\"},\"inLanguage\":\"nb-NO\",\"potentialAction\":[{\"@type\":\"ReadAction\",\"target\":[\"https:\/\/hoyre.no\/oslo\/politikk\/vaar-politikk\/oslo-som-kulturby\/\"]}]},{\"@type\":\"BreadcrumbList\",\"@id\":\"https:\/\/hoyre.no\/oslo\/politikk\/vaar-politikk\/oslo-som-kulturby\/#breadcrumb\",\"itemListElement\":[{\"@type\":\"ListItem\",\"position\":1,\"name\":\"Til hoyre.no\",\"item\":\"https:\/\/hoyre.no\"},{\"@type\":\"ListItem\",\"position\":2,\"name\":\"Hjem\",\"item\":\"https:\/\/hoyre.no\/oslo\/\"},{\"@type\":\"ListItem\",\"position\":3,\"name\":\"Politikk\",\"item\":\"https:\/\/hoyre.no\/oslo\/politikk\/\"},{\"@type\":\"ListItem\",\"position\":4,\"name\":\"V\u00e5r politikk\",\"item\":\"https:\/\/hoyre.no\/oslo\/politikk\/vaar-politikk\/\"},{\"@type\":\"ListItem\",\"position\":5,\"name\":\"Oslo som kulturby\"}]},{\"@type\":\"WebSite\",\"@id\":\"https:\/\/hoyre.no\/oslo\/#website\",\"url\":\"https:\/\/hoyre.no\/oslo\/\",\"name\":\"Oslo H\u00f8yre\",\"description\":\"\",\"publisher\":{\"@id\":\"https:\/\/hoyre.no\/oslo\/#organization\"},\"inLanguage\":\"nb-NO\"},{\"@type\":\"Organization\",\"@id\":\"https:\/\/hoyre.no\/oslo\/#organization\",\"name\":\"Oslo H\u00f8yre\",\"url\":\"https:\/\/hoyre.no\/oslo\/\",\"logo\":{\"@type\":\"ImageObject\",\"inLanguage\":\"nb-NO\",\"@id\":\"https:\/\/hoyre.no\/oslo\/#\/schema\/logo\/image\/\",\"url\":\"https:\/\/hoyre.no\/content\/uploads\/sites\/408\/2022\/11\/Hoyres-logo.png\",\"contentUrl\":\"https:\/\/hoyre.no\/content\/uploads\/sites\/408\/2022\/11\/Hoyres-logo.png\",\"width\":1000,\"height\":1000,\"caption\":\"Oslo H\u00f8yre\"},\"image\":{\"@id\":\"https:\/\/hoyre.no\/oslo\/#\/schema\/logo\/image\/\"},\"sameAs\":[\"https:\/\/www.facebook.com\/oslo.hoyre\"]}]}<\/script>\n<!-- \/ Yoast SEO Premium plugin. -->","yoast_head_json":{"title":"Oslo som kulturby - Oslo H\u00f8yre","robots":{"index":"index","follow":"follow","max-snippet":"max-snippet:-1","max-image-preview":"max-image-preview:large","max-video-preview":"max-video-preview:-1"},"canonical":"https:\/\/hoyre.no\/oslo\/politikk\/vaar-politikk\/oslo-som-kulturby\/","og_locale":"nb_NO","og_type":"article","og_title":"Oslo som kulturby","og_url":"https:\/\/hoyre.no\/oslo\/politikk\/vaar-politikk\/oslo-som-kulturby\/","og_site_name":"Oslo H\u00f8yre","article_publisher":"https:\/\/www.facebook.com\/oslo.hoyre","og_image":[{"width":1000,"height":1000,"url":"https:\/\/hoyre.no\/content\/uploads\/sites\/408\/2022\/11\/Hoyres-logo.png","type":"image\/png"}],"twitter_card":"summary_large_image","twitter_misc":{"Ansl. lesetid":"3 minutter"},"schema":{"@context":"https:\/\/schema.org","@graph":[{"@type":"WebPage","@id":"https:\/\/hoyre.no\/oslo\/politikk\/vaar-politikk\/oslo-som-kulturby\/","url":"https:\/\/hoyre.no\/oslo\/politikk\/vaar-politikk\/oslo-som-kulturby\/","name":"Oslo som kulturby - Oslo H\u00f8yre","isPartOf":{"@id":"https:\/\/hoyre.no\/oslo\/#website"},"datePublished":"2022-10-07T10:56:58+00:00","breadcrumb":{"@id":"https:\/\/hoyre.no\/oslo\/politikk\/vaar-politikk\/oslo-som-kulturby\/#breadcrumb"},"inLanguage":"nb-NO","potentialAction":[{"@type":"ReadAction","target":["https:\/\/hoyre.no\/oslo\/politikk\/vaar-politikk\/oslo-som-kulturby\/"]}]},{"@type":"BreadcrumbList","@id":"https:\/\/hoyre.no\/oslo\/politikk\/vaar-politikk\/oslo-som-kulturby\/#breadcrumb","itemListElement":[{"@type":"ListItem","position":1,"name":"Til hoyre.no","item":"https:\/\/hoyre.no"},{"@type":"ListItem","position":2,"name":"Hjem","item":"https:\/\/hoyre.no\/oslo\/"},{"@type":"ListItem","position":3,"name":"Politikk","item":"https:\/\/hoyre.no\/oslo\/politikk\/"},{"@type":"ListItem","position":4,"name":"V\u00e5r politikk","item":"https:\/\/hoyre.no\/oslo\/politikk\/vaar-politikk\/"},{"@type":"ListItem","position":5,"name":"Oslo som kulturby"}]},{"@type":"WebSite","@id":"https:\/\/hoyre.no\/oslo\/#website","url":"https:\/\/hoyre.no\/oslo\/","name":"Oslo H\u00f8yre","description":"","publisher":{"@id":"https:\/\/hoyre.no\/oslo\/#organization"},"inLanguage":"nb-NO"},{"@type":"Organization","@id":"https:\/\/hoyre.no\/oslo\/#organization","name":"Oslo H\u00f8yre","url":"https:\/\/hoyre.no\/oslo\/","logo":{"@type":"ImageObject","inLanguage":"nb-NO","@id":"https:\/\/hoyre.no\/oslo\/#\/schema\/logo\/image\/","url":"https:\/\/hoyre.no\/content\/uploads\/sites\/408\/2022\/11\/Hoyres-logo.png","contentUrl":"https:\/\/hoyre.no\/content\/uploads\/sites\/408\/2022\/11\/Hoyres-logo.png","width":1000,"height":1000,"caption":"Oslo H\u00f8yre"},"image":{"@id":"https:\/\/hoyre.no\/oslo\/#\/schema\/logo\/image\/"},"sameAs":["https:\/\/www.facebook.com\/oslo.hoyre"]}]}},"distributor_meta":false,"distributor_terms":false,"distributor_media":false,"distributor_original_site_name":"Oslo H\u00f8yre","distributor_original_site_url":"https:\/\/hoyre.no\/oslo","push-errors":false,"_links":{"self":[{"href":"https:\/\/hoyre.no\/oslo\/wp-json\/wp\/v2\/pages\/3283","targetHints":{"allow":["GET"]}}],"collection":[{"href":"https:\/\/hoyre.no\/oslo\/wp-json\/wp\/v2\/pages"}],"about":[{"href":"https:\/\/hoyre.no\/oslo\/wp-json\/wp\/v2\/types\/page"}],"author":[{"embeddable":true,"href":"https:\/\/hoyre.no\/oslo\/wp-json\/wp\/v2\/users\/51320"}],"replies":[{"embeddable":true,"href":"https:\/\/hoyre.no\/oslo\/wp-json\/wp\/v2\/comments?post=3283"}],"version-history":[{"count":1,"href":"https:\/\/hoyre.no\/oslo\/wp-json\/wp\/v2\/pages\/3283\/revisions"}],"predecessor-version":[{"id":3284,"href":"https:\/\/hoyre.no\/oslo\/wp-json\/wp\/v2\/pages\/3283\/revisions\/3284"}],"up":[{"embeddable":true,"href":"https:\/\/hoyre.no\/oslo\/wp-json\/wp\/v2\/pages\/51"}],"wp:attachment":[{"href":"https:\/\/hoyre.no\/oslo\/wp-json\/wp\/v2\/media?parent=3283"}],"curies":[{"name":"wp","href":"https:\/\/api.w.org\/{rel}","templated":true}]}}