{"id":3296,"date":"2022-10-07T13:15:51","date_gmt":"2022-10-07T11:15:51","guid":{"rendered":"https:\/\/hoyre.no\/oslo\/?page_id=3296"},"modified":"2022-10-07T13:15:52","modified_gmt":"2022-10-07T11:15:52","slug":"muligheten-til-a-bo-hjemme-lenger","status":"publish","type":"page","link":"https:\/\/hoyre.no\/oslo\/politikk\/vaar-politikk\/muligheten-til-a-bo-hjemme-lenger\/","title":{"rendered":"Muligheten til \u00e5 bo hjemme lenger"},"content":{"rendered":"\n<div class=\"wp-block-hoyre-hero with-image-gradient text-color-light  alignfull has-background\"><div class=\"hoyre-hero \"><h1 class=\"title\">Muligheten til \u00e5 bo hjemme lenger<\/h1><p class=\"preamble\">Mange \u00f8nsker \u00e5 bo hjemme i sin egen bolig s\u00e5 lenge som mulig. Forutsetningen er at de, og deres p\u00e5r\u00f8rende, f\u00f8ler trygghet for at de f\u00e5r den hjelpen og de tjenestene de trenger n\u00e5r behovet melder seg. Brukerne av hjemmetjenester skal ha frihet til \u00e5 velge den tilbyderen som best ivaretar deres behov. <\/p><\/div><\/div>\n\n\n\n\n<p>Teknologi kan gj\u00f8re livet hjemme enklere og tryggere. Ved hjelp av velferdsteknologi og medisinsk avstandsoppf\u00f8lging kan eldre f\u00e5 bedre helse, frihet og livskvalitet.<\/p>\n\n\n\n<p>P\u00e5r\u00f8rende gj\u00f8r en stor innsats, ofte over mange \u00e5r. Selv om p\u00e5r\u00f8rende yter sin innsats fordi de \u00f8nsker det, er det en utfordrende oppgave for mange. Derfor er det viktig at p\u00e5r\u00f8rendes behov for blant annet avlastning, medvirkning og st\u00f8tte blir ivaretatt.<\/p>\n\n\n\n<p><strong>Oslo H\u00f8yre vil:<\/strong><\/p>\n\n\n\n<ul class=\"wp-block-list\"><li>Styrke det frie brukervalget i hjemmetjenesten ved \u00e5 informere om alternativene f\u00f8r vedtak fattes. Private og offentlige tilbydere av hjemmetjenester skal konkurrere p\u00e5 lik linje om \u00e5 gi brukerne det beste tilbudet.<\/li><li>S\u00f8rge for at aktivitetstid tilbys alle brukere av hjemmetjenester, uavhengig av om de har kommunale eller private tjenesteytere.<\/li><li>Styrke brukernes mulighet til \u00e5 p\u00e5virke hvilke hjemmesykepleiere som kommer hjem til dem.<\/li><li>Ta i bruk ny velferdsteknologi, slik at eldre kan mestre egen hverdag og egne helseutfordringer. Eksempler p\u00e5 gode l\u00f8sninger er digitalt natt-tilsyn, multidosedispenser, e-l\u00e5ser og digital avstandsoppf\u00f8lging.<\/li><li>Tilby forebyggende hjemmebes\u00f8k for \u00e5 sikre at eldre kan bo hjemme lenger.<\/li><li>Utvikle et bedre samarbeid mellom bydelene og lokalsykehusene, slik at alle hjemmeboende eldre f\u00e5r god oppf\u00f8lging av helseteam i bydelen.<\/li><li>St\u00f8tte og avlaste p\u00e5r\u00f8rende gjennom fleksible avlastningstilbud og p\u00e5r\u00f8rendeskoler.<\/li><li>Pr\u00f8ve ut alternative avlastningstilbud, for eksempel ogs\u00e5 i helg og p\u00e5 kveldstid.<\/li><li>Utvikle nye l\u00f8sninger i dialog med b\u00e5de sm\u00e5 og store leverand\u00f8rer av velferdsteknologi og dokumentere hvilken effekt velferdsteknologi har p\u00e5 tryggheten og livskvaliteten til brukerne.<\/li><li>Gi gode dagaktivitetstilbud til mennesker med kognitiv svikt i alle bydeler, der de f\u00e5r omsorg, pleie og god ern\u00e6ring hver dag.<\/li><li>Videreutvikle samarbeidet hjelpemiddelsentral\/bydel for bedre oppf\u00f8lging av eldre i hjemmene.<\/li><\/ul>\n\n","protected":false},"excerpt":{"rendered":"","protected":false},"author":51320,"featured_media":0,"parent":51,"menu_order":0,"comment_status":"closed","ping_status":"closed","template":"","meta":{"teft_cards_image_url":"","teft_cards_custom_pretitle":"","teft_cards_image_id":0,"teft_cards_image_focal_point_x":0,"teft_cards_image_focal_point_y":0,"teft_cards_title":"","teft_cards_excerpt":"","teft_show_chapters":false,"footnotes":""},"class_list":["post-3296","page","type-page","status-publish","hentry"],"yoast_head":"<!-- This site is optimized with the Yoast SEO Premium plugin v26.5 (Yoast SEO v26.6) - https:\/\/yoast.com\/wordpress\/plugins\/seo\/ -->\n<title>Muligheten til \u00e5 bo hjemme lenger - Oslo H\u00f8yre<\/title>\n<meta name=\"robots\" content=\"index, follow, max-snippet:-1, max-image-preview:large, max-video-preview:-1\" \/>\n<link rel=\"canonical\" href=\"https:\/\/hoyre.no\/oslo\/politikk\/vaar-politikk\/muligheten-til-a-bo-hjemme-lenger\/\" \/>\n<meta property=\"og:locale\" content=\"nb_NO\" \/>\n<meta property=\"og:type\" content=\"article\" \/>\n<meta property=\"og:title\" content=\"Muligheten til \u00e5 bo hjemme lenger\" \/>\n<meta property=\"og:url\" content=\"https:\/\/hoyre.no\/oslo\/politikk\/vaar-politikk\/muligheten-til-a-bo-hjemme-lenger\/\" \/>\n<meta property=\"og:site_name\" content=\"Oslo H\u00f8yre\" \/>\n<meta property=\"article:publisher\" content=\"https:\/\/www.facebook.com\/oslo.hoyre\" \/>\n<meta property=\"article:modified_time\" content=\"2022-10-07T11:15:52+00:00\" \/>\n<meta property=\"og:image\" content=\"https:\/\/hoyre.no\/content\/uploads\/sites\/408\/2022\/11\/Hoyres-logo.png\" \/>\n\t<meta property=\"og:image:width\" content=\"1000\" \/>\n\t<meta property=\"og:image:height\" content=\"1000\" \/>\n\t<meta property=\"og:image:type\" content=\"image\/png\" \/>\n<meta name=\"twitter:card\" content=\"summary_large_image\" \/>\n<meta name=\"twitter:label1\" content=\"Ansl. lesetid\" \/>\n\t<meta name=\"twitter:data1\" content=\"2 minutter\" \/>\n<script type=\"application\/ld+json\" class=\"yoast-schema-graph\">{\"@context\":\"https:\/\/schema.org\",\"@graph\":[{\"@type\":\"WebPage\",\"@id\":\"https:\/\/hoyre.no\/oslo\/politikk\/vaar-politikk\/muligheten-til-a-bo-hjemme-lenger\/\",\"url\":\"https:\/\/hoyre.no\/oslo\/politikk\/vaar-politikk\/muligheten-til-a-bo-hjemme-lenger\/\",\"name\":\"Muligheten til \u00e5 bo hjemme lenger - Oslo H\u00f8yre\",\"isPartOf\":{\"@id\":\"https:\/\/hoyre.no\/oslo\/#website\"},\"datePublished\":\"2022-10-07T11:15:51+00:00\",\"dateModified\":\"2022-10-07T11:15:52+00:00\",\"breadcrumb\":{\"@id\":\"https:\/\/hoyre.no\/oslo\/politikk\/vaar-politikk\/muligheten-til-a-bo-hjemme-lenger\/#breadcrumb\"},\"inLanguage\":\"nb-NO\",\"potentialAction\":[{\"@type\":\"ReadAction\",\"target\":[\"https:\/\/hoyre.no\/oslo\/politikk\/vaar-politikk\/muligheten-til-a-bo-hjemme-lenger\/\"]}]},{\"@type\":\"BreadcrumbList\",\"@id\":\"https:\/\/hoyre.no\/oslo\/politikk\/vaar-politikk\/muligheten-til-a-bo-hjemme-lenger\/#breadcrumb\",\"itemListElement\":[{\"@type\":\"ListItem\",\"position\":1,\"name\":\"Til hoyre.no\",\"item\":\"https:\/\/hoyre.no\"},{\"@type\":\"ListItem\",\"position\":2,\"name\":\"Hjem\",\"item\":\"https:\/\/hoyre.no\/oslo\/\"},{\"@type\":\"ListItem\",\"position\":3,\"name\":\"Politikk\",\"item\":\"https:\/\/hoyre.no\/oslo\/politikk\/\"},{\"@type\":\"ListItem\",\"position\":4,\"name\":\"V\u00e5r politikk\",\"item\":\"https:\/\/hoyre.no\/oslo\/politikk\/vaar-politikk\/\"},{\"@type\":\"ListItem\",\"position\":5,\"name\":\"Muligheten til \u00e5 bo hjemme lenger\"}]},{\"@type\":\"WebSite\",\"@id\":\"https:\/\/hoyre.no\/oslo\/#website\",\"url\":\"https:\/\/hoyre.no\/oslo\/\",\"name\":\"Oslo H\u00f8yre\",\"description\":\"\",\"publisher\":{\"@id\":\"https:\/\/hoyre.no\/oslo\/#organization\"},\"inLanguage\":\"nb-NO\"},{\"@type\":\"Organization\",\"@id\":\"https:\/\/hoyre.no\/oslo\/#organization\",\"name\":\"Oslo H\u00f8yre\",\"url\":\"https:\/\/hoyre.no\/oslo\/\",\"logo\":{\"@type\":\"ImageObject\",\"inLanguage\":\"nb-NO\",\"@id\":\"https:\/\/hoyre.no\/oslo\/#\/schema\/logo\/image\/\",\"url\":\"https:\/\/hoyre.no\/content\/uploads\/sites\/408\/2022\/11\/Hoyres-logo.png\",\"contentUrl\":\"https:\/\/hoyre.no\/content\/uploads\/sites\/408\/2022\/11\/Hoyres-logo.png\",\"width\":1000,\"height\":1000,\"caption\":\"Oslo H\u00f8yre\"},\"image\":{\"@id\":\"https:\/\/hoyre.no\/oslo\/#\/schema\/logo\/image\/\"},\"sameAs\":[\"https:\/\/www.facebook.com\/oslo.hoyre\"]}]}<\/script>\n<!-- \/ Yoast SEO Premium plugin. -->","yoast_head_json":{"title":"Muligheten til \u00e5 bo hjemme lenger - Oslo H\u00f8yre","robots":{"index":"index","follow":"follow","max-snippet":"max-snippet:-1","max-image-preview":"max-image-preview:large","max-video-preview":"max-video-preview:-1"},"canonical":"https:\/\/hoyre.no\/oslo\/politikk\/vaar-politikk\/muligheten-til-a-bo-hjemme-lenger\/","og_locale":"nb_NO","og_type":"article","og_title":"Muligheten til \u00e5 bo hjemme lenger","og_url":"https:\/\/hoyre.no\/oslo\/politikk\/vaar-politikk\/muligheten-til-a-bo-hjemme-lenger\/","og_site_name":"Oslo H\u00f8yre","article_publisher":"https:\/\/www.facebook.com\/oslo.hoyre","article_modified_time":"2022-10-07T11:15:52+00:00","og_image":[{"width":1000,"height":1000,"url":"https:\/\/hoyre.no\/content\/uploads\/sites\/408\/2022\/11\/Hoyres-logo.png","type":"image\/png"}],"twitter_card":"summary_large_image","twitter_misc":{"Ansl. lesetid":"2 minutter"},"schema":{"@context":"https:\/\/schema.org","@graph":[{"@type":"WebPage","@id":"https:\/\/hoyre.no\/oslo\/politikk\/vaar-politikk\/muligheten-til-a-bo-hjemme-lenger\/","url":"https:\/\/hoyre.no\/oslo\/politikk\/vaar-politikk\/muligheten-til-a-bo-hjemme-lenger\/","name":"Muligheten til \u00e5 bo hjemme lenger - Oslo H\u00f8yre","isPartOf":{"@id":"https:\/\/hoyre.no\/oslo\/#website"},"datePublished":"2022-10-07T11:15:51+00:00","dateModified":"2022-10-07T11:15:52+00:00","breadcrumb":{"@id":"https:\/\/hoyre.no\/oslo\/politikk\/vaar-politikk\/muligheten-til-a-bo-hjemme-lenger\/#breadcrumb"},"inLanguage":"nb-NO","potentialAction":[{"@type":"ReadAction","target":["https:\/\/hoyre.no\/oslo\/politikk\/vaar-politikk\/muligheten-til-a-bo-hjemme-lenger\/"]}]},{"@type":"BreadcrumbList","@id":"https:\/\/hoyre.no\/oslo\/politikk\/vaar-politikk\/muligheten-til-a-bo-hjemme-lenger\/#breadcrumb","itemListElement":[{"@type":"ListItem","position":1,"name":"Til hoyre.no","item":"https:\/\/hoyre.no"},{"@type":"ListItem","position":2,"name":"Hjem","item":"https:\/\/hoyre.no\/oslo\/"},{"@type":"ListItem","position":3,"name":"Politikk","item":"https:\/\/hoyre.no\/oslo\/politikk\/"},{"@type":"ListItem","position":4,"name":"V\u00e5r politikk","item":"https:\/\/hoyre.no\/oslo\/politikk\/vaar-politikk\/"},{"@type":"ListItem","position":5,"name":"Muligheten til \u00e5 bo hjemme lenger"}]},{"@type":"WebSite","@id":"https:\/\/hoyre.no\/oslo\/#website","url":"https:\/\/hoyre.no\/oslo\/","name":"Oslo H\u00f8yre","description":"","publisher":{"@id":"https:\/\/hoyre.no\/oslo\/#organization"},"inLanguage":"nb-NO"},{"@type":"Organization","@id":"https:\/\/hoyre.no\/oslo\/#organization","name":"Oslo H\u00f8yre","url":"https:\/\/hoyre.no\/oslo\/","logo":{"@type":"ImageObject","inLanguage":"nb-NO","@id":"https:\/\/hoyre.no\/oslo\/#\/schema\/logo\/image\/","url":"https:\/\/hoyre.no\/content\/uploads\/sites\/408\/2022\/11\/Hoyres-logo.png","contentUrl":"https:\/\/hoyre.no\/content\/uploads\/sites\/408\/2022\/11\/Hoyres-logo.png","width":1000,"height":1000,"caption":"Oslo H\u00f8yre"},"image":{"@id":"https:\/\/hoyre.no\/oslo\/#\/schema\/logo\/image\/"},"sameAs":["https:\/\/www.facebook.com\/oslo.hoyre"]}]}},"distributor_meta":false,"distributor_terms":false,"distributor_media":false,"distributor_original_site_name":"Oslo H\u00f8yre","distributor_original_site_url":"https:\/\/hoyre.no\/oslo","push-errors":false,"_links":{"self":[{"href":"https:\/\/hoyre.no\/oslo\/wp-json\/wp\/v2\/pages\/3296","targetHints":{"allow":["GET"]}}],"collection":[{"href":"https:\/\/hoyre.no\/oslo\/wp-json\/wp\/v2\/pages"}],"about":[{"href":"https:\/\/hoyre.no\/oslo\/wp-json\/wp\/v2\/types\/page"}],"author":[{"embeddable":true,"href":"https:\/\/hoyre.no\/oslo\/wp-json\/wp\/v2\/users\/51320"}],"replies":[{"embeddable":true,"href":"https:\/\/hoyre.no\/oslo\/wp-json\/wp\/v2\/comments?post=3296"}],"version-history":[{"count":1,"href":"https:\/\/hoyre.no\/oslo\/wp-json\/wp\/v2\/pages\/3296\/revisions"}],"predecessor-version":[{"id":3297,"href":"https:\/\/hoyre.no\/oslo\/wp-json\/wp\/v2\/pages\/3296\/revisions\/3297"}],"up":[{"embeddable":true,"href":"https:\/\/hoyre.no\/oslo\/wp-json\/wp\/v2\/pages\/51"}],"wp:attachment":[{"href":"https:\/\/hoyre.no\/oslo\/wp-json\/wp\/v2\/media?parent=3296"}],"curies":[{"name":"wp","href":"https:\/\/api.w.org\/{rel}","templated":true}]}}