{"id":3315,"date":"2022-10-07T14:49:06","date_gmt":"2022-10-07T12:49:06","guid":{"rendered":"https:\/\/hoyre.no\/oslo\/?page_id=3315"},"modified":"2022-10-07T14:49:07","modified_gmt":"2022-10-07T12:49:07","slug":"kunnskap-og-laering-i-ungdomskolen","status":"publish","type":"page","link":"https:\/\/hoyre.no\/oslo\/politikk\/vaar-politikk\/kunnskap-og-laering-i-ungdomskolen\/","title":{"rendered":"Kunnskap og l\u00e6ring i ungdomskolen"},"content":{"rendered":"\n<div class=\"wp-block-hoyre-hero with-image-gradient text-color-light  alignfull has-background\"><div class=\"hoyre-hero \"><h1 class=\"title\">Kunnskap og l\u00e6ring i ungdomskolen<\/h1><p class=\"preamble\">Ungdomsskolen skal motivere og engasjere elever til \u00e5 fordype seg i fagene og oppdage hvilke interesser og ambisjoner de har. For at alle skal kunne delta aktivt i et samfunn i rask endring, m\u00e5 skolen gj\u00f8re elevene i stand til \u00e5 tenke kritisk, kreativt og selvstendig. <br><br>Oslo H\u00f8yre er bekymret for at motivasjonen og l\u00e6ringen til Oslos elever i dag faller p\u00e5 ungdomsskolen, og at frav\u00e6ret er for h\u00f8yt. Det b\u00f8r derfor gjennomf\u00f8res en egen ungdomsskolesatsing for \u00e5 \u00f8ke motivasjonen og l\u00e6ringsutbyttet til elevene.<\/p><\/div><\/div>\n\n\n\n\n<p><strong>For \u00e5 sikre kunnskap og l\u00e6ring i ungdomsskolen vil Oslo H\u00f8yre:<\/strong><\/p>\n\n\n\n<ul class=\"wp-block-list\"><li>Etablere flere profilskoler p\u00e5 ungdomstrinnet, slik at ungdomsskoletilbudet blir mer mangfoldig, og slik at elever p\u00e5 ungdomstrinnet kan fordype seg p\u00e5 ulike omr\u00e5der.<\/li><li>Innf\u00f8re en frav\u00e6rsgrense p\u00e5 ungdomsskolen som stiller krav til oppm\u00f8te, men som ikke g\u00e5r p\u00e5 bekostning av elevers rett til oppl\u00e6ring.<\/li><li>Sikre at flere ungdomsskoler har praktisk h\u00e5ndverksfag som valgfag.<\/li><li>Legge til rette for forserte l\u00f8p, slik at flere elever f\u00e5r muligheten til \u00e5 forsere enkeltfag eller skole\u00e5r.<\/li><li>Stramme inn p\u00e5 dagens praksis, slik at f\u00e6rre elever med rett til spesialundervisning f\u00e5r fritak i enkelte fag, og heller gi dem tilpasset undervisning med krav om vurdering.<\/li><li>Tilby mer hospitering og aktivitet i bedrifter for nye elever p\u00e5 minoritetsoppl\u00e6ringen i Oslo.<\/li><li>Styrke seksualundervisningen i Osloskolen og i st\u00f8rre grad vektlegge grensesetting, kj\u00f8nnsidentitet og kj\u00f8nnsuttrykk og positive aspekter ved egen seksualitet. Seksualundervisningen kan eksempelvis gjennomf\u00f8res av et l\u00e6rerteam med ansvar for flere skoler, etter modell av samarbeidet med Sex og Samfunn.<\/li><\/ul>\n\n","protected":false},"excerpt":{"rendered":"","protected":false},"author":51320,"featured_media":0,"parent":51,"menu_order":0,"comment_status":"closed","ping_status":"closed","template":"","meta":{"teft_cards_image_url":"","teft_cards_custom_pretitle":"","teft_cards_image_id":0,"teft_cards_image_focal_point_x":0,"teft_cards_image_focal_point_y":0,"teft_cards_title":"","teft_cards_excerpt":"","teft_show_chapters":false,"footnotes":""},"class_list":["post-3315","page","type-page","status-publish","hentry"],"yoast_head":"<!-- This site is optimized with the Yoast SEO Premium plugin v26.5 (Yoast SEO v26.6) - https:\/\/yoast.com\/wordpress\/plugins\/seo\/ -->\n<title>Kunnskap og l\u00e6ring i ungdomskolen - Oslo H\u00f8yre<\/title>\n<meta name=\"robots\" content=\"index, follow, max-snippet:-1, max-image-preview:large, max-video-preview:-1\" \/>\n<link rel=\"canonical\" href=\"https:\/\/hoyre.no\/oslo\/politikk\/vaar-politikk\/kunnskap-og-laering-i-ungdomskolen\/\" \/>\n<meta property=\"og:locale\" content=\"nb_NO\" \/>\n<meta property=\"og:type\" content=\"article\" \/>\n<meta property=\"og:title\" content=\"Kunnskap og l\u00e6ring i ungdomskolen\" \/>\n<meta property=\"og:url\" content=\"https:\/\/hoyre.no\/oslo\/politikk\/vaar-politikk\/kunnskap-og-laering-i-ungdomskolen\/\" \/>\n<meta property=\"og:site_name\" content=\"Oslo H\u00f8yre\" \/>\n<meta property=\"article:publisher\" content=\"https:\/\/www.facebook.com\/oslo.hoyre\" \/>\n<meta property=\"article:modified_time\" content=\"2022-10-07T12:49:07+00:00\" \/>\n<meta property=\"og:image\" content=\"https:\/\/hoyre.no\/content\/uploads\/sites\/408\/2022\/11\/Hoyres-logo.png\" \/>\n\t<meta property=\"og:image:width\" content=\"1000\" \/>\n\t<meta property=\"og:image:height\" content=\"1000\" \/>\n\t<meta property=\"og:image:type\" content=\"image\/png\" \/>\n<meta name=\"twitter:card\" content=\"summary_large_image\" \/>\n<meta name=\"twitter:label1\" content=\"Ansl. lesetid\" \/>\n\t<meta name=\"twitter:data1\" content=\"2 minutter\" \/>\n<script type=\"application\/ld+json\" class=\"yoast-schema-graph\">{\"@context\":\"https:\/\/schema.org\",\"@graph\":[{\"@type\":\"WebPage\",\"@id\":\"https:\/\/hoyre.no\/oslo\/politikk\/vaar-politikk\/kunnskap-og-laering-i-ungdomskolen\/\",\"url\":\"https:\/\/hoyre.no\/oslo\/politikk\/vaar-politikk\/kunnskap-og-laering-i-ungdomskolen\/\",\"name\":\"Kunnskap og l\u00e6ring i ungdomskolen - Oslo H\u00f8yre\",\"isPartOf\":{\"@id\":\"https:\/\/hoyre.no\/oslo\/#website\"},\"datePublished\":\"2022-10-07T12:49:06+00:00\",\"dateModified\":\"2022-10-07T12:49:07+00:00\",\"breadcrumb\":{\"@id\":\"https:\/\/hoyre.no\/oslo\/politikk\/vaar-politikk\/kunnskap-og-laering-i-ungdomskolen\/#breadcrumb\"},\"inLanguage\":\"nb-NO\",\"potentialAction\":[{\"@type\":\"ReadAction\",\"target\":[\"https:\/\/hoyre.no\/oslo\/politikk\/vaar-politikk\/kunnskap-og-laering-i-ungdomskolen\/\"]}]},{\"@type\":\"BreadcrumbList\",\"@id\":\"https:\/\/hoyre.no\/oslo\/politikk\/vaar-politikk\/kunnskap-og-laering-i-ungdomskolen\/#breadcrumb\",\"itemListElement\":[{\"@type\":\"ListItem\",\"position\":1,\"name\":\"Til hoyre.no\",\"item\":\"https:\/\/hoyre.no\"},{\"@type\":\"ListItem\",\"position\":2,\"name\":\"Hjem\",\"item\":\"https:\/\/hoyre.no\/oslo\/\"},{\"@type\":\"ListItem\",\"position\":3,\"name\":\"Politikk\",\"item\":\"https:\/\/hoyre.no\/oslo\/politikk\/\"},{\"@type\":\"ListItem\",\"position\":4,\"name\":\"V\u00e5r politikk\",\"item\":\"https:\/\/hoyre.no\/oslo\/politikk\/vaar-politikk\/\"},{\"@type\":\"ListItem\",\"position\":5,\"name\":\"Kunnskap og l\u00e6ring i ungdomskolen\"}]},{\"@type\":\"WebSite\",\"@id\":\"https:\/\/hoyre.no\/oslo\/#website\",\"url\":\"https:\/\/hoyre.no\/oslo\/\",\"name\":\"Oslo H\u00f8yre\",\"description\":\"\",\"publisher\":{\"@id\":\"https:\/\/hoyre.no\/oslo\/#organization\"},\"inLanguage\":\"nb-NO\"},{\"@type\":\"Organization\",\"@id\":\"https:\/\/hoyre.no\/oslo\/#organization\",\"name\":\"Oslo H\u00f8yre\",\"url\":\"https:\/\/hoyre.no\/oslo\/\",\"logo\":{\"@type\":\"ImageObject\",\"inLanguage\":\"nb-NO\",\"@id\":\"https:\/\/hoyre.no\/oslo\/#\/schema\/logo\/image\/\",\"url\":\"https:\/\/hoyre.no\/content\/uploads\/sites\/408\/2022\/11\/Hoyres-logo.png\",\"contentUrl\":\"https:\/\/hoyre.no\/content\/uploads\/sites\/408\/2022\/11\/Hoyres-logo.png\",\"width\":1000,\"height\":1000,\"caption\":\"Oslo H\u00f8yre\"},\"image\":{\"@id\":\"https:\/\/hoyre.no\/oslo\/#\/schema\/logo\/image\/\"},\"sameAs\":[\"https:\/\/www.facebook.com\/oslo.hoyre\"]}]}<\/script>\n<!-- \/ Yoast SEO Premium plugin. -->","yoast_head_json":{"title":"Kunnskap og l\u00e6ring i ungdomskolen - Oslo H\u00f8yre","robots":{"index":"index","follow":"follow","max-snippet":"max-snippet:-1","max-image-preview":"max-image-preview:large","max-video-preview":"max-video-preview:-1"},"canonical":"https:\/\/hoyre.no\/oslo\/politikk\/vaar-politikk\/kunnskap-og-laering-i-ungdomskolen\/","og_locale":"nb_NO","og_type":"article","og_title":"Kunnskap og l\u00e6ring i ungdomskolen","og_url":"https:\/\/hoyre.no\/oslo\/politikk\/vaar-politikk\/kunnskap-og-laering-i-ungdomskolen\/","og_site_name":"Oslo H\u00f8yre","article_publisher":"https:\/\/www.facebook.com\/oslo.hoyre","article_modified_time":"2022-10-07T12:49:07+00:00","og_image":[{"width":1000,"height":1000,"url":"https:\/\/hoyre.no\/content\/uploads\/sites\/408\/2022\/11\/Hoyres-logo.png","type":"image\/png"}],"twitter_card":"summary_large_image","twitter_misc":{"Ansl. lesetid":"2 minutter"},"schema":{"@context":"https:\/\/schema.org","@graph":[{"@type":"WebPage","@id":"https:\/\/hoyre.no\/oslo\/politikk\/vaar-politikk\/kunnskap-og-laering-i-ungdomskolen\/","url":"https:\/\/hoyre.no\/oslo\/politikk\/vaar-politikk\/kunnskap-og-laering-i-ungdomskolen\/","name":"Kunnskap og l\u00e6ring i ungdomskolen - Oslo H\u00f8yre","isPartOf":{"@id":"https:\/\/hoyre.no\/oslo\/#website"},"datePublished":"2022-10-07T12:49:06+00:00","dateModified":"2022-10-07T12:49:07+00:00","breadcrumb":{"@id":"https:\/\/hoyre.no\/oslo\/politikk\/vaar-politikk\/kunnskap-og-laering-i-ungdomskolen\/#breadcrumb"},"inLanguage":"nb-NO","potentialAction":[{"@type":"ReadAction","target":["https:\/\/hoyre.no\/oslo\/politikk\/vaar-politikk\/kunnskap-og-laering-i-ungdomskolen\/"]}]},{"@type":"BreadcrumbList","@id":"https:\/\/hoyre.no\/oslo\/politikk\/vaar-politikk\/kunnskap-og-laering-i-ungdomskolen\/#breadcrumb","itemListElement":[{"@type":"ListItem","position":1,"name":"Til hoyre.no","item":"https:\/\/hoyre.no"},{"@type":"ListItem","position":2,"name":"Hjem","item":"https:\/\/hoyre.no\/oslo\/"},{"@type":"ListItem","position":3,"name":"Politikk","item":"https:\/\/hoyre.no\/oslo\/politikk\/"},{"@type":"ListItem","position":4,"name":"V\u00e5r politikk","item":"https:\/\/hoyre.no\/oslo\/politikk\/vaar-politikk\/"},{"@type":"ListItem","position":5,"name":"Kunnskap og l\u00e6ring i ungdomskolen"}]},{"@type":"WebSite","@id":"https:\/\/hoyre.no\/oslo\/#website","url":"https:\/\/hoyre.no\/oslo\/","name":"Oslo H\u00f8yre","description":"","publisher":{"@id":"https:\/\/hoyre.no\/oslo\/#organization"},"inLanguage":"nb-NO"},{"@type":"Organization","@id":"https:\/\/hoyre.no\/oslo\/#organization","name":"Oslo H\u00f8yre","url":"https:\/\/hoyre.no\/oslo\/","logo":{"@type":"ImageObject","inLanguage":"nb-NO","@id":"https:\/\/hoyre.no\/oslo\/#\/schema\/logo\/image\/","url":"https:\/\/hoyre.no\/content\/uploads\/sites\/408\/2022\/11\/Hoyres-logo.png","contentUrl":"https:\/\/hoyre.no\/content\/uploads\/sites\/408\/2022\/11\/Hoyres-logo.png","width":1000,"height":1000,"caption":"Oslo H\u00f8yre"},"image":{"@id":"https:\/\/hoyre.no\/oslo\/#\/schema\/logo\/image\/"},"sameAs":["https:\/\/www.facebook.com\/oslo.hoyre"]}]}},"distributor_meta":false,"distributor_terms":false,"distributor_media":false,"distributor_original_site_name":"Oslo H\u00f8yre","distributor_original_site_url":"https:\/\/hoyre.no\/oslo","push-errors":false,"_links":{"self":[{"href":"https:\/\/hoyre.no\/oslo\/wp-json\/wp\/v2\/pages\/3315","targetHints":{"allow":["GET"]}}],"collection":[{"href":"https:\/\/hoyre.no\/oslo\/wp-json\/wp\/v2\/pages"}],"about":[{"href":"https:\/\/hoyre.no\/oslo\/wp-json\/wp\/v2\/types\/page"}],"author":[{"embeddable":true,"href":"https:\/\/hoyre.no\/oslo\/wp-json\/wp\/v2\/users\/51320"}],"replies":[{"embeddable":true,"href":"https:\/\/hoyre.no\/oslo\/wp-json\/wp\/v2\/comments?post=3315"}],"version-history":[{"count":1,"href":"https:\/\/hoyre.no\/oslo\/wp-json\/wp\/v2\/pages\/3315\/revisions"}],"predecessor-version":[{"id":3316,"href":"https:\/\/hoyre.no\/oslo\/wp-json\/wp\/v2\/pages\/3315\/revisions\/3316"}],"up":[{"embeddable":true,"href":"https:\/\/hoyre.no\/oslo\/wp-json\/wp\/v2\/pages\/51"}],"wp:attachment":[{"href":"https:\/\/hoyre.no\/oslo\/wp-json\/wp\/v2\/media?parent=3315"}],"curies":[{"name":"wp","href":"https:\/\/api.w.org\/{rel}","templated":true}]}}