{"id":3318,"date":"2022-10-07T14:56:26","date_gmt":"2022-10-07T12:56:26","guid":{"rendered":"https:\/\/hoyre.no\/oslo\/?page_id=3318"},"modified":"2022-10-07T14:56:26","modified_gmt":"2022-10-07T12:56:26","slug":"kunnskap-og-laering-i-grunnskolen","status":"publish","type":"page","link":"https:\/\/hoyre.no\/oslo\/politikk\/vaar-politikk\/kunnskap-og-laering-i-grunnskolen\/","title":{"rendered":"Kunnskap og l\u00e6ring i grunnskolen"},"content":{"rendered":"\n<div class=\"wp-block-hoyre-hero with-image-gradient text-color-light  alignfull has-background\"><div class=\"hoyre-hero \"><h1 class=\"title\">Kunnskap og l\u00e6ring i grunnskolen<\/h1><p class=\"preamble\">Osloskolen skal bidra til at alle elever skal kunne realisere sine dr\u00f8mmer og ambisjoner uavhengig av bosted eller sosial bakgrunn. Oslo H\u00f8yres m\u00e5l er at ingen barn skal g\u00e5 ut av grunnskolen uten \u00e5 kunne lese, skrive og regne. Det krever et st\u00f8rre fokus p\u00e5 grunnleggende ferdigheter og dybdel\u00e6ring i de ulike fagene i skolen.<\/p><\/div><\/div>\n\n\n\n\n<p>Siden alle barn er forskjellige, m\u00e5 skolen skape l\u00e6ringsglede og mestring gjennom en variert og aktiv skolehverdag. Det er s\u00e6rlig viktig at overgangen mellom barnehage og skole blir bedre, og at de yngste barna opplever en skole som er tilpasset dem og deres behov.<\/p>\n\n\n\n<p>For \u00e5 gi barna en best mulig skolegang m\u00e5 man t\u00f8rre \u00e5 prioritere i skolen. H\u00f8yre vil bruke mer tid p\u00e5 basisfagene norsk, matematikk, engelsk og naturfag. Samtidig m\u00e5 elever som trenger ekstra hjelp de f\u00f8rste \u00e5rene, f\u00e5 st\u00f8tte og hjelp s\u00e5 tidlig som mulig. Dersom vi skal ha mulighet til \u00e5 hjelpe de elevene som trenger det mest, m\u00e5 vi ha kunnskap om hvordan det st\u00e5r til p\u00e5 hver enkelt skole. Elevenes ferdigheter m\u00e5 kartlegges tidlig i skolel\u00f8pet, slik at man kan sette inn ekstra ressurser og tiltak p\u00e5 de skolene som har st\u00f8rst utfordringer.<\/p>\n\n\n\n<p><strong>For \u00e5 sikre kunnskap og l\u00e6ring i grunnskolen vil Oslo H\u00f8yre:<\/strong><\/p>\n\n\n\n<ul class=\"wp-block-list\"><li>\u00d8ke ressursene til skoler med st\u00f8rst utfordringer, uten at andre skoler f\u00e5r uforsvarlig lave \u00f8konomiske rammer. Alle elever skal f\u00e5 tilpasset oppl\u00e6ring og likeverdig undervisning.<\/li><li>Lette overgangen fra barnehage til skole, ved blant annet \u00e5 legge til rette for mer praktisk og variert undervisning for de yngste barna.<\/li><li>Legge bedre til rette for utsatt skolestart for barn som har behov for det, og styrke barnas forkunnskaper til skolestart. Barn som f\u00e5r utsatt skolestart, skal ha obligatorisk barnehageplass.<\/li><li>Innf\u00f8re en ekstra satsing p\u00e5 basisfag (norsk, matematikk, engelsk, naturfag) i Osloskolen.<\/li><li>Innf\u00f8re rett til niv\u00e5valg i basisfagene norsk, engelsk og matematikk fra 5. klasse, slik at elevene i kortere perioder kan velge niv\u00e5 p\u00e5 undervisningen i samr\u00e5d med l\u00e6rer.<\/li><li>Styrke sv\u00f8mmeoppl\u00e6ringen i skolen. Prioritere n\u00f8dvendige ressurser for \u00e5 n\u00e5 m\u00e5l om best\u00e5tt ferdighetspr\u00f8ve i 4. klasse.<\/li><li>Sette inn ressurser til spesialundervisning og ekstraundervisning s\u00e5 tidlig som mulig i skolel\u00f8pet. Individuelt tilpasset oppl\u00e6ring skal hovedsakelig skje i klassemilj\u00f8et.<\/li><li>Reformere spesialundervisningen i Oslo ved \u00e5 sikre at flere med spesialpedagogisk kompetanse arbeider ved skolene. Flere skoler skal ha et ressursteam som jobber sammen om spesialundervisning.<\/li><li>At Oslo skal ha egne realfagssatsinger i Osloskolen og Oslobarnehagen.<\/li><li>Legge til rette for etablering av flere internasjonale skoletilbud med IB-program i grunnskolen.<\/li><li>Delta i forskningsprosjektet Storby-PISA, for \u00e5 kunne sammenligne med og l\u00e6re av andre storbyer i Europa.<\/li><\/ul>\n\n","protected":false},"excerpt":{"rendered":"","protected":false},"author":51320,"featured_media":0,"parent":51,"menu_order":0,"comment_status":"closed","ping_status":"closed","template":"","meta":{"teft_cards_image_url":"","teft_cards_custom_pretitle":"","teft_cards_image_id":0,"teft_cards_image_focal_point_x":0,"teft_cards_image_focal_point_y":0,"teft_cards_title":"","teft_cards_excerpt":"","teft_show_chapters":false,"footnotes":""},"class_list":["post-3318","page","type-page","status-publish","hentry"],"yoast_head":"<!-- This site is optimized with the Yoast SEO Premium plugin v26.5 (Yoast SEO v26.6) - https:\/\/yoast.com\/wordpress\/plugins\/seo\/ -->\n<title>Kunnskap og l\u00e6ring i grunnskolen - Oslo H\u00f8yre<\/title>\n<meta name=\"robots\" content=\"index, follow, max-snippet:-1, max-image-preview:large, max-video-preview:-1\" \/>\n<link rel=\"canonical\" href=\"https:\/\/hoyre.no\/oslo\/politikk\/vaar-politikk\/kunnskap-og-laering-i-grunnskolen\/\" \/>\n<meta property=\"og:locale\" content=\"nb_NO\" \/>\n<meta property=\"og:type\" content=\"article\" \/>\n<meta property=\"og:title\" content=\"Kunnskap og l\u00e6ring i grunnskolen\" \/>\n<meta property=\"og:url\" content=\"https:\/\/hoyre.no\/oslo\/politikk\/vaar-politikk\/kunnskap-og-laering-i-grunnskolen\/\" \/>\n<meta property=\"og:site_name\" content=\"Oslo H\u00f8yre\" \/>\n<meta property=\"article:publisher\" content=\"https:\/\/www.facebook.com\/oslo.hoyre\" \/>\n<meta property=\"og:image\" content=\"https:\/\/hoyre.no\/content\/uploads\/sites\/408\/2022\/11\/Hoyres-logo.png\" \/>\n\t<meta property=\"og:image:width\" content=\"1000\" \/>\n\t<meta property=\"og:image:height\" content=\"1000\" \/>\n\t<meta property=\"og:image:type\" content=\"image\/png\" \/>\n<meta name=\"twitter:card\" content=\"summary_large_image\" \/>\n<meta name=\"twitter:label1\" content=\"Ansl. lesetid\" \/>\n\t<meta name=\"twitter:data1\" content=\"3 minutter\" \/>\n<script type=\"application\/ld+json\" class=\"yoast-schema-graph\">{\"@context\":\"https:\/\/schema.org\",\"@graph\":[{\"@type\":\"WebPage\",\"@id\":\"https:\/\/hoyre.no\/oslo\/politikk\/vaar-politikk\/kunnskap-og-laering-i-grunnskolen\/\",\"url\":\"https:\/\/hoyre.no\/oslo\/politikk\/vaar-politikk\/kunnskap-og-laering-i-grunnskolen\/\",\"name\":\"Kunnskap og l\u00e6ring i grunnskolen - Oslo H\u00f8yre\",\"isPartOf\":{\"@id\":\"https:\/\/hoyre.no\/oslo\/#website\"},\"datePublished\":\"2022-10-07T12:56:26+00:00\",\"breadcrumb\":{\"@id\":\"https:\/\/hoyre.no\/oslo\/politikk\/vaar-politikk\/kunnskap-og-laering-i-grunnskolen\/#breadcrumb\"},\"inLanguage\":\"nb-NO\",\"potentialAction\":[{\"@type\":\"ReadAction\",\"target\":[\"https:\/\/hoyre.no\/oslo\/politikk\/vaar-politikk\/kunnskap-og-laering-i-grunnskolen\/\"]}]},{\"@type\":\"BreadcrumbList\",\"@id\":\"https:\/\/hoyre.no\/oslo\/politikk\/vaar-politikk\/kunnskap-og-laering-i-grunnskolen\/#breadcrumb\",\"itemListElement\":[{\"@type\":\"ListItem\",\"position\":1,\"name\":\"Til hoyre.no\",\"item\":\"https:\/\/hoyre.no\"},{\"@type\":\"ListItem\",\"position\":2,\"name\":\"Hjem\",\"item\":\"https:\/\/hoyre.no\/oslo\/\"},{\"@type\":\"ListItem\",\"position\":3,\"name\":\"Politikk\",\"item\":\"https:\/\/hoyre.no\/oslo\/politikk\/\"},{\"@type\":\"ListItem\",\"position\":4,\"name\":\"V\u00e5r politikk\",\"item\":\"https:\/\/hoyre.no\/oslo\/politikk\/vaar-politikk\/\"},{\"@type\":\"ListItem\",\"position\":5,\"name\":\"Kunnskap og l\u00e6ring i grunnskolen\"}]},{\"@type\":\"WebSite\",\"@id\":\"https:\/\/hoyre.no\/oslo\/#website\",\"url\":\"https:\/\/hoyre.no\/oslo\/\",\"name\":\"Oslo H\u00f8yre\",\"description\":\"\",\"publisher\":{\"@id\":\"https:\/\/hoyre.no\/oslo\/#organization\"},\"inLanguage\":\"nb-NO\"},{\"@type\":\"Organization\",\"@id\":\"https:\/\/hoyre.no\/oslo\/#organization\",\"name\":\"Oslo H\u00f8yre\",\"url\":\"https:\/\/hoyre.no\/oslo\/\",\"logo\":{\"@type\":\"ImageObject\",\"inLanguage\":\"nb-NO\",\"@id\":\"https:\/\/hoyre.no\/oslo\/#\/schema\/logo\/image\/\",\"url\":\"https:\/\/hoyre.no\/content\/uploads\/sites\/408\/2022\/11\/Hoyres-logo.png\",\"contentUrl\":\"https:\/\/hoyre.no\/content\/uploads\/sites\/408\/2022\/11\/Hoyres-logo.png\",\"width\":1000,\"height\":1000,\"caption\":\"Oslo H\u00f8yre\"},\"image\":{\"@id\":\"https:\/\/hoyre.no\/oslo\/#\/schema\/logo\/image\/\"},\"sameAs\":[\"https:\/\/www.facebook.com\/oslo.hoyre\"]}]}<\/script>\n<!-- \/ Yoast SEO Premium plugin. -->","yoast_head_json":{"title":"Kunnskap og l\u00e6ring i grunnskolen - Oslo H\u00f8yre","robots":{"index":"index","follow":"follow","max-snippet":"max-snippet:-1","max-image-preview":"max-image-preview:large","max-video-preview":"max-video-preview:-1"},"canonical":"https:\/\/hoyre.no\/oslo\/politikk\/vaar-politikk\/kunnskap-og-laering-i-grunnskolen\/","og_locale":"nb_NO","og_type":"article","og_title":"Kunnskap og l\u00e6ring i grunnskolen","og_url":"https:\/\/hoyre.no\/oslo\/politikk\/vaar-politikk\/kunnskap-og-laering-i-grunnskolen\/","og_site_name":"Oslo H\u00f8yre","article_publisher":"https:\/\/www.facebook.com\/oslo.hoyre","og_image":[{"width":1000,"height":1000,"url":"https:\/\/hoyre.no\/content\/uploads\/sites\/408\/2022\/11\/Hoyres-logo.png","type":"image\/png"}],"twitter_card":"summary_large_image","twitter_misc":{"Ansl. lesetid":"3 minutter"},"schema":{"@context":"https:\/\/schema.org","@graph":[{"@type":"WebPage","@id":"https:\/\/hoyre.no\/oslo\/politikk\/vaar-politikk\/kunnskap-og-laering-i-grunnskolen\/","url":"https:\/\/hoyre.no\/oslo\/politikk\/vaar-politikk\/kunnskap-og-laering-i-grunnskolen\/","name":"Kunnskap og l\u00e6ring i grunnskolen - Oslo H\u00f8yre","isPartOf":{"@id":"https:\/\/hoyre.no\/oslo\/#website"},"datePublished":"2022-10-07T12:56:26+00:00","breadcrumb":{"@id":"https:\/\/hoyre.no\/oslo\/politikk\/vaar-politikk\/kunnskap-og-laering-i-grunnskolen\/#breadcrumb"},"inLanguage":"nb-NO","potentialAction":[{"@type":"ReadAction","target":["https:\/\/hoyre.no\/oslo\/politikk\/vaar-politikk\/kunnskap-og-laering-i-grunnskolen\/"]}]},{"@type":"BreadcrumbList","@id":"https:\/\/hoyre.no\/oslo\/politikk\/vaar-politikk\/kunnskap-og-laering-i-grunnskolen\/#breadcrumb","itemListElement":[{"@type":"ListItem","position":1,"name":"Til hoyre.no","item":"https:\/\/hoyre.no"},{"@type":"ListItem","position":2,"name":"Hjem","item":"https:\/\/hoyre.no\/oslo\/"},{"@type":"ListItem","position":3,"name":"Politikk","item":"https:\/\/hoyre.no\/oslo\/politikk\/"},{"@type":"ListItem","position":4,"name":"V\u00e5r politikk","item":"https:\/\/hoyre.no\/oslo\/politikk\/vaar-politikk\/"},{"@type":"ListItem","position":5,"name":"Kunnskap og l\u00e6ring i grunnskolen"}]},{"@type":"WebSite","@id":"https:\/\/hoyre.no\/oslo\/#website","url":"https:\/\/hoyre.no\/oslo\/","name":"Oslo H\u00f8yre","description":"","publisher":{"@id":"https:\/\/hoyre.no\/oslo\/#organization"},"inLanguage":"nb-NO"},{"@type":"Organization","@id":"https:\/\/hoyre.no\/oslo\/#organization","name":"Oslo H\u00f8yre","url":"https:\/\/hoyre.no\/oslo\/","logo":{"@type":"ImageObject","inLanguage":"nb-NO","@id":"https:\/\/hoyre.no\/oslo\/#\/schema\/logo\/image\/","url":"https:\/\/hoyre.no\/content\/uploads\/sites\/408\/2022\/11\/Hoyres-logo.png","contentUrl":"https:\/\/hoyre.no\/content\/uploads\/sites\/408\/2022\/11\/Hoyres-logo.png","width":1000,"height":1000,"caption":"Oslo H\u00f8yre"},"image":{"@id":"https:\/\/hoyre.no\/oslo\/#\/schema\/logo\/image\/"},"sameAs":["https:\/\/www.facebook.com\/oslo.hoyre"]}]}},"distributor_meta":false,"distributor_terms":false,"distributor_media":false,"distributor_original_site_name":"Oslo H\u00f8yre","distributor_original_site_url":"https:\/\/hoyre.no\/oslo","push-errors":false,"_links":{"self":[{"href":"https:\/\/hoyre.no\/oslo\/wp-json\/wp\/v2\/pages\/3318","targetHints":{"allow":["GET"]}}],"collection":[{"href":"https:\/\/hoyre.no\/oslo\/wp-json\/wp\/v2\/pages"}],"about":[{"href":"https:\/\/hoyre.no\/oslo\/wp-json\/wp\/v2\/types\/page"}],"author":[{"embeddable":true,"href":"https:\/\/hoyre.no\/oslo\/wp-json\/wp\/v2\/users\/51320"}],"replies":[{"embeddable":true,"href":"https:\/\/hoyre.no\/oslo\/wp-json\/wp\/v2\/comments?post=3318"}],"version-history":[{"count":1,"href":"https:\/\/hoyre.no\/oslo\/wp-json\/wp\/v2\/pages\/3318\/revisions"}],"predecessor-version":[{"id":3319,"href":"https:\/\/hoyre.no\/oslo\/wp-json\/wp\/v2\/pages\/3318\/revisions\/3319"}],"up":[{"embeddable":true,"href":"https:\/\/hoyre.no\/oslo\/wp-json\/wp\/v2\/pages\/51"}],"wp:attachment":[{"href":"https:\/\/hoyre.no\/oslo\/wp-json\/wp\/v2\/media?parent=3318"}],"curies":[{"name":"wp","href":"https:\/\/api.w.org\/{rel}","templated":true}]}}