{"id":3327,"date":"2022-10-07T15:07:06","date_gmt":"2022-10-07T13:07:06","guid":{"rendered":"https:\/\/hoyre.no\/oslo\/?page_id=3327"},"modified":"2022-10-07T15:07:06","modified_gmt":"2022-10-07T13:07:06","slug":"et-inkluderende-oppvekstmiljo","status":"publish","type":"page","link":"https:\/\/hoyre.no\/oslo\/politikk\/vaar-politikk\/et-inkluderende-oppvekstmiljo\/","title":{"rendered":"Et inkluderende oppvekstmilj\u00f8"},"content":{"rendered":"\n<div class=\"wp-block-hoyre-hero with-image-gradient text-color-light  alignfull has-background\"><div class=\"hoyre-hero \"><h1 class=\"title\">Et inkluderende oppvekstmilj\u00f8<\/h1><p class=\"preamble\">Oslo skal v\u00e6re en by det er godt \u00e5 vokse opp i uansett hvor i byen du bor. De siste \u00e5rene har det v\u00e6rt en urovekkende \u00f8kning i ungdomskriminaliteten, som skaper utrygghet for den enkelte, p\u00e5 skolene og i lokalmilj\u00f8et. Oslo H\u00f8yre mener kommunen m\u00e5 gj\u00f8re mer for \u00e5 bekjempe frafall fra skolen og rekruttering til ungdomskriminalitet.<\/p><\/div><\/div>\n\n\n\n\n<p>Etater, bydeler og skolene m\u00e5 ha et tett samarbeid med politiet for \u00e5 f\u00f8lge opp barn og unge i risikosonen og reagere raskt mot unge lovbrytere som beg\u00e5r alvorlig og gjentatt kriminalitet.<\/p>\n\n\n\n<p>De aller fleste elever trives p\u00e5 skolen og f\u00f8ler seg trygge. Men det er fortsatt altfor mange elever som g\u00e5r til skolen med en klump i magen og opplever utestenging og mobbing. Det er viktig at barn f\u00e5r venner, blir inkludert og sett. Oslo H\u00f8yre vil sette inn m\u00e5lrettede tiltak p\u00e5 de skolene som har h\u00f8ye mobbetall, og ha nulltoleranse for vold, mobbing, diskriminering og negativ sosial kontroll i skolen.<\/p>\n\n\n\n<p><strong>Oslo H\u00f8yre vil:<\/strong><\/p>\n\n\n\n<ul class=\"wp-block-list\"><li>Prioritere tiltak mot mobbing og sikre en god implementering av regelverk med nulltoleranse.<\/li><li>Tilby kompetanseheving til l\u00e6rere og ledere i hvordan man skal avdekke, forebygge og h\u00e5ndtere mobbing. Sette inn m\u00e5lrettede tiltak p\u00e5 de enkeltskolene som har h\u00f8ye mobbetall i blant annet Elevunders\u00f8kelsen.<\/li><li>Sikre at det etableres en fadderordning for unge utsatt for negativ sosial kontroll i Oslo.<\/li><li>Etablere et tverrfaglig oppf\u00f8lgingsprogram i samarbeid mellom skole, barnevern og helsetjenestene i Oslo for barn som har vendt hjem etter en lengre periode i utlandet.<\/li><li>Intensivere arbeidet mot vold i n\u00e6re relasjoner. Oslo H\u00f8yre vil styrke Stovner-politiets \u00abprosjekt November\u00bb mot vold i n\u00e6re relasjoner og vurdere dette innf\u00f8rt i flere bydeler.<\/li><li>Ha nulltoleranse for narkotikasalg og annen kriminell virksomhet p\u00e5 skolens omr\u00e5de. Den enkelte skole m\u00e5, innenfor definerte rammer, selv kunne beslutte forebyggende tiltak som eksempelvis ansettelse av flere milj\u00f8arbeidere, bruk av sikkerhetskamera og adgangskontroll.<\/li><li>Bruke et utvalg av reaksjoner som ungdomsstraff med tett oppf\u00f8lging, samfunnsstraff og en strengere form for straff for gjengangere som ikke viser vilje til endring.<\/li><\/ul>\n\n","protected":false},"excerpt":{"rendered":"","protected":false},"author":51320,"featured_media":0,"parent":51,"menu_order":0,"comment_status":"closed","ping_status":"closed","template":"","meta":{"teft_cards_image_url":"","teft_cards_custom_pretitle":"","teft_cards_image_id":0,"teft_cards_image_focal_point_x":0,"teft_cards_image_focal_point_y":0,"teft_cards_title":"","teft_cards_excerpt":"","teft_show_chapters":false,"footnotes":""},"class_list":["post-3327","page","type-page","status-publish","hentry"],"yoast_head":"<!-- This site is optimized with the Yoast SEO Premium plugin v26.5 (Yoast SEO v26.6) - https:\/\/yoast.com\/wordpress\/plugins\/seo\/ -->\n<title>Et inkluderende oppvekstmilj\u00f8 - Oslo H\u00f8yre<\/title>\n<meta name=\"robots\" content=\"index, follow, max-snippet:-1, max-image-preview:large, max-video-preview:-1\" \/>\n<link rel=\"canonical\" href=\"https:\/\/hoyre.no\/oslo\/politikk\/vaar-politikk\/et-inkluderende-oppvekstmiljo\/\" \/>\n<meta property=\"og:locale\" content=\"nb_NO\" \/>\n<meta property=\"og:type\" content=\"article\" \/>\n<meta property=\"og:title\" content=\"Et inkluderende oppvekstmilj\u00f8\" \/>\n<meta property=\"og:url\" content=\"https:\/\/hoyre.no\/oslo\/politikk\/vaar-politikk\/et-inkluderende-oppvekstmiljo\/\" \/>\n<meta property=\"og:site_name\" content=\"Oslo H\u00f8yre\" \/>\n<meta property=\"article:publisher\" content=\"https:\/\/www.facebook.com\/oslo.hoyre\" \/>\n<meta property=\"og:image\" content=\"https:\/\/hoyre.no\/content\/uploads\/sites\/408\/2022\/11\/Hoyres-logo.png\" \/>\n\t<meta property=\"og:image:width\" content=\"1000\" \/>\n\t<meta property=\"og:image:height\" content=\"1000\" \/>\n\t<meta property=\"og:image:type\" content=\"image\/png\" \/>\n<meta name=\"twitter:card\" content=\"summary_large_image\" \/>\n<meta name=\"twitter:label1\" content=\"Ansl. lesetid\" \/>\n\t<meta name=\"twitter:data1\" content=\"2 minutter\" \/>\n<script type=\"application\/ld+json\" class=\"yoast-schema-graph\">{\"@context\":\"https:\/\/schema.org\",\"@graph\":[{\"@type\":\"WebPage\",\"@id\":\"https:\/\/hoyre.no\/oslo\/politikk\/vaar-politikk\/et-inkluderende-oppvekstmiljo\/\",\"url\":\"https:\/\/hoyre.no\/oslo\/politikk\/vaar-politikk\/et-inkluderende-oppvekstmiljo\/\",\"name\":\"Et inkluderende oppvekstmilj\u00f8 - Oslo H\u00f8yre\",\"isPartOf\":{\"@id\":\"https:\/\/hoyre.no\/oslo\/#website\"},\"datePublished\":\"2022-10-07T13:07:06+00:00\",\"breadcrumb\":{\"@id\":\"https:\/\/hoyre.no\/oslo\/politikk\/vaar-politikk\/et-inkluderende-oppvekstmiljo\/#breadcrumb\"},\"inLanguage\":\"nb-NO\",\"potentialAction\":[{\"@type\":\"ReadAction\",\"target\":[\"https:\/\/hoyre.no\/oslo\/politikk\/vaar-politikk\/et-inkluderende-oppvekstmiljo\/\"]}]},{\"@type\":\"BreadcrumbList\",\"@id\":\"https:\/\/hoyre.no\/oslo\/politikk\/vaar-politikk\/et-inkluderende-oppvekstmiljo\/#breadcrumb\",\"itemListElement\":[{\"@type\":\"ListItem\",\"position\":1,\"name\":\"Til hoyre.no\",\"item\":\"https:\/\/hoyre.no\"},{\"@type\":\"ListItem\",\"position\":2,\"name\":\"Hjem\",\"item\":\"https:\/\/hoyre.no\/oslo\/\"},{\"@type\":\"ListItem\",\"position\":3,\"name\":\"Politikk\",\"item\":\"https:\/\/hoyre.no\/oslo\/politikk\/\"},{\"@type\":\"ListItem\",\"position\":4,\"name\":\"V\u00e5r politikk\",\"item\":\"https:\/\/hoyre.no\/oslo\/politikk\/vaar-politikk\/\"},{\"@type\":\"ListItem\",\"position\":5,\"name\":\"Et inkluderende oppvekstmilj\u00f8\"}]},{\"@type\":\"WebSite\",\"@id\":\"https:\/\/hoyre.no\/oslo\/#website\",\"url\":\"https:\/\/hoyre.no\/oslo\/\",\"name\":\"Oslo H\u00f8yre\",\"description\":\"\",\"publisher\":{\"@id\":\"https:\/\/hoyre.no\/oslo\/#organization\"},\"inLanguage\":\"nb-NO\"},{\"@type\":\"Organization\",\"@id\":\"https:\/\/hoyre.no\/oslo\/#organization\",\"name\":\"Oslo H\u00f8yre\",\"url\":\"https:\/\/hoyre.no\/oslo\/\",\"logo\":{\"@type\":\"ImageObject\",\"inLanguage\":\"nb-NO\",\"@id\":\"https:\/\/hoyre.no\/oslo\/#\/schema\/logo\/image\/\",\"url\":\"https:\/\/hoyre.no\/content\/uploads\/sites\/408\/2022\/11\/Hoyres-logo.png\",\"contentUrl\":\"https:\/\/hoyre.no\/content\/uploads\/sites\/408\/2022\/11\/Hoyres-logo.png\",\"width\":1000,\"height\":1000,\"caption\":\"Oslo H\u00f8yre\"},\"image\":{\"@id\":\"https:\/\/hoyre.no\/oslo\/#\/schema\/logo\/image\/\"},\"sameAs\":[\"https:\/\/www.facebook.com\/oslo.hoyre\"]}]}<\/script>\n<!-- \/ Yoast SEO Premium plugin. -->","yoast_head_json":{"title":"Et inkluderende oppvekstmilj\u00f8 - Oslo H\u00f8yre","robots":{"index":"index","follow":"follow","max-snippet":"max-snippet:-1","max-image-preview":"max-image-preview:large","max-video-preview":"max-video-preview:-1"},"canonical":"https:\/\/hoyre.no\/oslo\/politikk\/vaar-politikk\/et-inkluderende-oppvekstmiljo\/","og_locale":"nb_NO","og_type":"article","og_title":"Et inkluderende oppvekstmilj\u00f8","og_url":"https:\/\/hoyre.no\/oslo\/politikk\/vaar-politikk\/et-inkluderende-oppvekstmiljo\/","og_site_name":"Oslo H\u00f8yre","article_publisher":"https:\/\/www.facebook.com\/oslo.hoyre","og_image":[{"width":1000,"height":1000,"url":"https:\/\/hoyre.no\/content\/uploads\/sites\/408\/2022\/11\/Hoyres-logo.png","type":"image\/png"}],"twitter_card":"summary_large_image","twitter_misc":{"Ansl. lesetid":"2 minutter"},"schema":{"@context":"https:\/\/schema.org","@graph":[{"@type":"WebPage","@id":"https:\/\/hoyre.no\/oslo\/politikk\/vaar-politikk\/et-inkluderende-oppvekstmiljo\/","url":"https:\/\/hoyre.no\/oslo\/politikk\/vaar-politikk\/et-inkluderende-oppvekstmiljo\/","name":"Et inkluderende oppvekstmilj\u00f8 - Oslo H\u00f8yre","isPartOf":{"@id":"https:\/\/hoyre.no\/oslo\/#website"},"datePublished":"2022-10-07T13:07:06+00:00","breadcrumb":{"@id":"https:\/\/hoyre.no\/oslo\/politikk\/vaar-politikk\/et-inkluderende-oppvekstmiljo\/#breadcrumb"},"inLanguage":"nb-NO","potentialAction":[{"@type":"ReadAction","target":["https:\/\/hoyre.no\/oslo\/politikk\/vaar-politikk\/et-inkluderende-oppvekstmiljo\/"]}]},{"@type":"BreadcrumbList","@id":"https:\/\/hoyre.no\/oslo\/politikk\/vaar-politikk\/et-inkluderende-oppvekstmiljo\/#breadcrumb","itemListElement":[{"@type":"ListItem","position":1,"name":"Til hoyre.no","item":"https:\/\/hoyre.no"},{"@type":"ListItem","position":2,"name":"Hjem","item":"https:\/\/hoyre.no\/oslo\/"},{"@type":"ListItem","position":3,"name":"Politikk","item":"https:\/\/hoyre.no\/oslo\/politikk\/"},{"@type":"ListItem","position":4,"name":"V\u00e5r politikk","item":"https:\/\/hoyre.no\/oslo\/politikk\/vaar-politikk\/"},{"@type":"ListItem","position":5,"name":"Et inkluderende oppvekstmilj\u00f8"}]},{"@type":"WebSite","@id":"https:\/\/hoyre.no\/oslo\/#website","url":"https:\/\/hoyre.no\/oslo\/","name":"Oslo H\u00f8yre","description":"","publisher":{"@id":"https:\/\/hoyre.no\/oslo\/#organization"},"inLanguage":"nb-NO"},{"@type":"Organization","@id":"https:\/\/hoyre.no\/oslo\/#organization","name":"Oslo H\u00f8yre","url":"https:\/\/hoyre.no\/oslo\/","logo":{"@type":"ImageObject","inLanguage":"nb-NO","@id":"https:\/\/hoyre.no\/oslo\/#\/schema\/logo\/image\/","url":"https:\/\/hoyre.no\/content\/uploads\/sites\/408\/2022\/11\/Hoyres-logo.png","contentUrl":"https:\/\/hoyre.no\/content\/uploads\/sites\/408\/2022\/11\/Hoyres-logo.png","width":1000,"height":1000,"caption":"Oslo H\u00f8yre"},"image":{"@id":"https:\/\/hoyre.no\/oslo\/#\/schema\/logo\/image\/"},"sameAs":["https:\/\/www.facebook.com\/oslo.hoyre"]}]}},"distributor_meta":false,"distributor_terms":false,"distributor_media":false,"distributor_original_site_name":"Oslo H\u00f8yre","distributor_original_site_url":"https:\/\/hoyre.no\/oslo","push-errors":false,"_links":{"self":[{"href":"https:\/\/hoyre.no\/oslo\/wp-json\/wp\/v2\/pages\/3327","targetHints":{"allow":["GET"]}}],"collection":[{"href":"https:\/\/hoyre.no\/oslo\/wp-json\/wp\/v2\/pages"}],"about":[{"href":"https:\/\/hoyre.no\/oslo\/wp-json\/wp\/v2\/types\/page"}],"author":[{"embeddable":true,"href":"https:\/\/hoyre.no\/oslo\/wp-json\/wp\/v2\/users\/51320"}],"replies":[{"embeddable":true,"href":"https:\/\/hoyre.no\/oslo\/wp-json\/wp\/v2\/comments?post=3327"}],"version-history":[{"count":1,"href":"https:\/\/hoyre.no\/oslo\/wp-json\/wp\/v2\/pages\/3327\/revisions"}],"predecessor-version":[{"id":3328,"href":"https:\/\/hoyre.no\/oslo\/wp-json\/wp\/v2\/pages\/3327\/revisions\/3328"}],"up":[{"embeddable":true,"href":"https:\/\/hoyre.no\/oslo\/wp-json\/wp\/v2\/pages\/51"}],"wp:attachment":[{"href":"https:\/\/hoyre.no\/oslo\/wp-json\/wp\/v2\/media?parent=3327"}],"curies":[{"name":"wp","href":"https:\/\/api.w.org\/{rel}","templated":true}]}}