{"id":3333,"date":"2022-10-07T15:10:41","date_gmt":"2022-10-07T13:10:41","guid":{"rendered":"https:\/\/hoyre.no\/oslo\/?page_id=3333"},"modified":"2023-09-06T16:32:47","modified_gmt":"2023-09-06T14:32:47","slug":"idrettsbyen","status":"publish","type":"page","link":"https:\/\/hoyre.no\/oslo\/politikk\/vaar-politikk\/idrettsbyen\/","title":{"rendered":"Idrettsbyen"},"content":{"rendered":"\n<p><\/p>\n\n\n\n<div class=\"wp-block-hoyre-hero with-image-gradient text-color-light  has-media alignfull has-background\"><div class=\"hoyre-hero has-image\"><h1 class=\"title\">Idrettsbyen<\/h1><p class=\"preamble\">Oslo H\u00f8yre \u00f8nsker at alle skal kunne delta i eller ut\u00f8ve idrett, og at det skal v\u00e6re enkelt \u00e5 trene eller opps\u00f8ke friluftsliv. <\/p>\t\t\t<div class=\"post-meta wp-block teft-byline-wrapper\">\n\t\t\t\t<div class=\"top\">\n\t\t\t\t\t<div class=\"signature\">\n\t\t\t\t\t\t<div class=\"teft-byline\">\n\t\t\t\t\t\t\t\t\t\t\t\t\t\t<div>\n\t\t\t\t\t\t\t\t<h3>H\u00f8yres redaksjon<\/h3>\t\t\t\t\t\t\t\t\n\t\t\t\t\t\t\t\t\t\t\t\t\t\t\t\t\t<span class=\"date\">Sist oppdatert: 6. september 2023<\/span>\n\t\t\t\t\t\t\t\t\t\t\t\t\t\t\t\t\t\t\t\t\t\t\t\t\t<span class=\"reading-time\" itemprop=\"timeRequired\" content=\"PT2M\"><em>Ca. 2 minutter lesetid<\/em><\/span>\n\t\t\t\t\t\t\t\t\t\t\t\t\t\t\t<\/div>\n\t\t\t\t\t\t<\/div>\n\t\t\t\t\t<\/div>\n\t\t\t\t\t\t<div class=\"sharing\">\n\t\t<a class=\"share-button share-link copy-link\" data-copy=\"https:\/\/hoyre.no\/oslo\/politikk\/vaar-politikk\/idrettsbyen\/\" target=\"_blank\"><span class=\"screen-reader-text\">Del link<\/span><\/a>\n\t\t<a class=\"share-button share-twitter\" href=\"http:\/\/twitter.com\/share?text=Idrettsbyen&#038;url=https:\/\/hoyre.no\/oslo\/politikk\/vaar-politikk\/idrettsbyen\/&#038;hashtags=Hoyre\" target=\"_blank\"><span class=\"screen-reader-text\">Del p\u00e5 twitter<\/span><\/a>\n\t\t<a class=\"share-button share-facebook\" href=\"https:\/\/www.facebook.com\/sharer\/sharer.php?u=https:\/\/hoyre.no\/oslo\/politikk\/vaar-politikk\/idrettsbyen\/\" target=\"_blank\"><span class=\"screen-reader-text\">Del p\u00e5 facebook<\/span><\/a>\n\t<\/div>\n\t\t\t\t\t<\/div>\n\t\t\t<\/div>\n\n\t\t\t<figure class=\"hoyre-image-wrapper\"><div class=\"hoyre-image\"><img loading=\"lazy\" decoding=\"async\" width=\"1080\" height=\"1080\" src=\"https:\/\/hoyre.no\/content\/uploads\/sites\/408\/2023\/09\/Nordre-Aker-LYN-4.png\" class=\"attachment-scaled size-scaled\" alt=\"\" style=\"object-position: 50% 50%\" srcset=\"https:\/\/hoyre.no\/content\/uploads\/sites\/408\/2023\/09\/Nordre-Aker-LYN-4.png 1080w, https:\/\/hoyre.no\/content\/uploads\/sites\/408\/2023\/09\/Nordre-Aker-LYN-4-300x300.png 300w, https:\/\/hoyre.no\/content\/uploads\/sites\/408\/2023\/09\/Nordre-Aker-LYN-4-1024x1024.png 1024w, https:\/\/hoyre.no\/content\/uploads\/sites\/408\/2023\/09\/Nordre-Aker-LYN-4-150x150.png 150w, https:\/\/hoyre.no\/content\/uploads\/sites\/408\/2023\/09\/Nordre-Aker-LYN-4-768x768.png 768w\" sizes=\"auto, (max-width: 1080px) 100vw, 1080px\" \/><\/div><\/figure><\/div><\/div>\n\n\n\n<p>Fysisk aktivitet, enten det er gjennom organisert idrett, mosjon eller friluftsliv, er viktig for b\u00e5de livskvalitet og folkehelse. Oslo H\u00f8yre \u00f8nsker at alle skal kunne delta i eller ut\u00f8ve idrett, og at det skal v\u00e6re enkelt \u00e5 trene eller opps\u00f8ke friluftsliv. <br><br>Breddeidretten er en forutsetning for at vi ogs\u00e5 f\u00e5r toppidrettsut\u00f8vere. Store internasjonale og nasjonale mesterskap er viktige arrangementer for Oslo, og her vil vi jobbe for at n\u00e6ringslivet i st\u00f8rre grad bidrar med finansiering.<\/p>\n\n\n\n\n<p><strong>Oslo H\u00f8yre vil:<\/strong><\/p>\n\n\n\n<ul class=\"wp-block-list\"><li>Sette av tilstrekkelig med arealer til idrettsanlegg i byplanleggingen.<\/li><li>Legge til rette for samarbeid med n\u00e6ringsliv, boligbyggelag og andre om bygging av idrettsanlegg, herunder sv\u00f8mmeanlegg, spesielt i de deler av byen som har d\u00e5rlig dekning.<\/li><li>Prioritere anlegg for flerbruk, blant annet p\u00e5 Veterin\u00e6rh\u00f8yskoletomten p\u00e5 Adamstuen.<\/li><li>Arbeide for at det etableres enklere anlegg for egenaktivitet, som tufteparker, street basket og parkour-anlegg, flere steder i byen.<\/li><li>S\u00f8rge for et forpliktende samarbeid mellom skolen og idrettskretser for \u00e5 kvalitetssikre idrettstilbud til barn i skoletiden og etter skoletid.<\/li><li>At ordningen med gratis trening for barn og ungdom i kommunale anlegg videref\u00f8res.<\/li><li>Etablere en byomfattende ordning for \u00e5 dekke kontingenter for barn og ungdom i lavinntektsfamilier, samt styrke bytte- og l\u00e5neordninger for idrettsutstyr.<\/li><li>Gi s\u00e6rskilt prosjektst\u00f8tte til idrettsklubber for barn og unge i deler av byen hvor det er vanskelig \u00e5 f\u00e5 til aktivitet p\u00e5 grunn av manglende ressurser.<\/li><li>Legge til rette for bedre tilgang til kommunale idrettsanlegg for den uorganiserte delen av idretten.<\/li><li>\u00d8ke antall sv\u00f8mmebassenger med sikte p\u00e5 at hver skolekrets skal ha enkel tilgang i forbindelse med sv\u00f8mmeoppl\u00e6ring.<\/li><li>Legge til rette for utvidelse av Oslo Vinterpark p\u00e5 Tryvann og Oslo Skisenter p\u00e5 Grefsenkollen.<\/li><li>Utrede en forbedring av kollektivtilbudet til Oslo Vinterpark.<\/li><li>\u00c5pne for at private kan utvikle et publikumstilbud i Tryvannst\u00e5rnet.<\/li><li>Utvide timene for lysl\u00f8yper i Marka.<\/li><\/ul>\n\n","protected":false},"excerpt":{"rendered":"<p>Fysisk aktivitet, enten det er gjennom organisert idrett, mosjon eller friluftsliv, er viktig for b\u00e5de livskvalitet og folkehelse. Oslo H\u00f8yre \u00f8nsker at alle skal kunne delta i eller ut\u00f8ve idrett, og at det skal v\u00e6re enkelt \u00e5 trene eller opps\u00f8ke friluftsliv. Breddeidretten er en forutsetning for at vi ogs\u00e5 f\u00e5r toppidrettsut\u00f8vere. Store internasjonale og nasjonale [&hellip;]<\/p>\n","protected":false},"author":51320,"featured_media":0,"parent":51,"menu_order":0,"comment_status":"closed","ping_status":"closed","template":"","meta":{"teft_cards_image_url":"","teft_cards_custom_pretitle":"","teft_cards_image_id":0,"teft_cards_image_focal_point_x":0,"teft_cards_image_focal_point_y":0,"teft_cards_title":"","teft_cards_excerpt":"","teft_show_chapters":false,"footnotes":""},"class_list":["post-3333","page","type-page","status-publish","hentry"],"yoast_head":"<!-- This site is optimized with the Yoast SEO Premium plugin v26.5 (Yoast SEO v26.6) - https:\/\/yoast.com\/wordpress\/plugins\/seo\/ -->\n<title>Idrettsbyen - Oslo H\u00f8yre<\/title>\n<meta name=\"description\" content=\"Oslo H\u00f8yre \u00f8nsker at alle skal kunne delta i eller ut\u00f8ve idrett, og at det skal v\u00e6re enkelt \u00e5 trene eller opps\u00f8ke friluftsliv.\" \/>\n<meta name=\"robots\" content=\"index, follow, max-snippet:-1, max-image-preview:large, max-video-preview:-1\" \/>\n<link rel=\"canonical\" href=\"https:\/\/hoyre.no\/oslo\/politikk\/vaar-politikk\/idrettsbyen\/\" \/>\n<meta property=\"og:locale\" content=\"nb_NO\" \/>\n<meta property=\"og:type\" content=\"article\" \/>\n<meta property=\"og:title\" content=\"Idrettsbyen\" \/>\n<meta property=\"og:description\" content=\"Oslo H\u00f8yre \u00f8nsker at alle skal kunne delta i eller ut\u00f8ve idrett, og at det skal v\u00e6re enkelt \u00e5 trene eller opps\u00f8ke friluftsliv.\" \/>\n<meta property=\"og:url\" content=\"https:\/\/hoyre.no\/oslo\/politikk\/vaar-politikk\/idrettsbyen\/\" \/>\n<meta property=\"og:site_name\" content=\"Oslo H\u00f8yre\" \/>\n<meta property=\"article:publisher\" content=\"https:\/\/www.facebook.com\/oslo.hoyre\" \/>\n<meta property=\"article:modified_time\" content=\"2023-09-06T14:32:47+00:00\" \/>\n<meta property=\"og:image\" content=\"https:\/\/hoyre.no\/content\/uploads\/sites\/408\/2023\/09\/Nordre-Aker-LYN-4.png\" \/>\n\t<meta property=\"og:image:width\" content=\"1080\" \/>\n\t<meta property=\"og:image:height\" content=\"1080\" \/>\n\t<meta property=\"og:image:type\" content=\"image\/png\" \/>\n<meta name=\"twitter:card\" content=\"summary_large_image\" \/>\n<meta name=\"twitter:description\" content=\"Oslo H\u00f8yre \u00f8nsker at alle skal kunne delta i eller ut\u00f8ve idrett, og at det skal v\u00e6re enkelt \u00e5 trene eller opps\u00f8ke friluftsliv.\" \/>\n<meta name=\"twitter:label1\" content=\"Ansl. lesetid\" \/>\n\t<meta name=\"twitter:data1\" content=\"2 minutter\" \/>\n<script type=\"application\/ld+json\" class=\"yoast-schema-graph\">{\"@context\":\"https:\/\/schema.org\",\"@graph\":[{\"@type\":\"WebPage\",\"@id\":\"https:\/\/hoyre.no\/oslo\/politikk\/vaar-politikk\/idrettsbyen\/\",\"url\":\"https:\/\/hoyre.no\/oslo\/politikk\/vaar-politikk\/idrettsbyen\/\",\"name\":\"Idrettsbyen - Oslo H\u00f8yre\",\"isPartOf\":{\"@id\":\"https:\/\/hoyre.no\/oslo\/#website\"},\"datePublished\":\"2022-10-07T13:10:41+00:00\",\"dateModified\":\"2023-09-06T14:32:47+00:00\",\"description\":\"Oslo H\u00f8yre \u00f8nsker at alle skal kunne delta i eller ut\u00f8ve idrett, og at det skal v\u00e6re enkelt \u00e5 trene eller opps\u00f8ke friluftsliv.\",\"breadcrumb\":{\"@id\":\"https:\/\/hoyre.no\/oslo\/politikk\/vaar-politikk\/idrettsbyen\/#breadcrumb\"},\"inLanguage\":\"nb-NO\",\"potentialAction\":[{\"@type\":\"ReadAction\",\"target\":[\"https:\/\/hoyre.no\/oslo\/politikk\/vaar-politikk\/idrettsbyen\/\"]}]},{\"@type\":\"BreadcrumbList\",\"@id\":\"https:\/\/hoyre.no\/oslo\/politikk\/vaar-politikk\/idrettsbyen\/#breadcrumb\",\"itemListElement\":[{\"@type\":\"ListItem\",\"position\":1,\"name\":\"Til hoyre.no\",\"item\":\"https:\/\/hoyre.no\"},{\"@type\":\"ListItem\",\"position\":2,\"name\":\"Hjem\",\"item\":\"https:\/\/hoyre.no\/oslo\/\"},{\"@type\":\"ListItem\",\"position\":3,\"name\":\"Politikk\",\"item\":\"https:\/\/hoyre.no\/oslo\/politikk\/\"},{\"@type\":\"ListItem\",\"position\":4,\"name\":\"V\u00e5r politikk\",\"item\":\"https:\/\/hoyre.no\/oslo\/politikk\/vaar-politikk\/\"},{\"@type\":\"ListItem\",\"position\":5,\"name\":\"Idrettsbyen\"}]},{\"@type\":\"WebSite\",\"@id\":\"https:\/\/hoyre.no\/oslo\/#website\",\"url\":\"https:\/\/hoyre.no\/oslo\/\",\"name\":\"Oslo H\u00f8yre\",\"description\":\"\",\"publisher\":{\"@id\":\"https:\/\/hoyre.no\/oslo\/#organization\"},\"inLanguage\":\"nb-NO\"},{\"@type\":\"Organization\",\"@id\":\"https:\/\/hoyre.no\/oslo\/#organization\",\"name\":\"Oslo H\u00f8yre\",\"url\":\"https:\/\/hoyre.no\/oslo\/\",\"logo\":{\"@type\":\"ImageObject\",\"inLanguage\":\"nb-NO\",\"@id\":\"https:\/\/hoyre.no\/oslo\/#\/schema\/logo\/image\/\",\"url\":\"https:\/\/hoyre.no\/content\/uploads\/sites\/408\/2022\/11\/Hoyres-logo.png\",\"contentUrl\":\"https:\/\/hoyre.no\/content\/uploads\/sites\/408\/2022\/11\/Hoyres-logo.png\",\"width\":1000,\"height\":1000,\"caption\":\"Oslo H\u00f8yre\"},\"image\":{\"@id\":\"https:\/\/hoyre.no\/oslo\/#\/schema\/logo\/image\/\"},\"sameAs\":[\"https:\/\/www.facebook.com\/oslo.hoyre\"]}]}<\/script>\n<!-- \/ Yoast SEO Premium plugin. -->","yoast_head_json":{"title":"Idrettsbyen - Oslo H\u00f8yre","description":"Oslo H\u00f8yre \u00f8nsker at alle skal kunne delta i eller ut\u00f8ve idrett, og at det skal v\u00e6re enkelt \u00e5 trene eller opps\u00f8ke friluftsliv.","robots":{"index":"index","follow":"follow","max-snippet":"max-snippet:-1","max-image-preview":"max-image-preview:large","max-video-preview":"max-video-preview:-1"},"canonical":"https:\/\/hoyre.no\/oslo\/politikk\/vaar-politikk\/idrettsbyen\/","og_locale":"nb_NO","og_type":"article","og_title":"Idrettsbyen","og_description":"Oslo H\u00f8yre \u00f8nsker at alle skal kunne delta i eller ut\u00f8ve idrett, og at det skal v\u00e6re enkelt \u00e5 trene eller opps\u00f8ke friluftsliv.","og_url":"https:\/\/hoyre.no\/oslo\/politikk\/vaar-politikk\/idrettsbyen\/","og_site_name":"Oslo H\u00f8yre","article_publisher":"https:\/\/www.facebook.com\/oslo.hoyre","article_modified_time":"2023-09-06T14:32:47+00:00","og_image":[{"width":1080,"height":1080,"url":"https:\/\/hoyre.no\/content\/uploads\/sites\/408\/2023\/09\/Nordre-Aker-LYN-4.png","type":"image\/png"}],"twitter_card":"summary_large_image","twitter_description":"Oslo H\u00f8yre \u00f8nsker at alle skal kunne delta i eller ut\u00f8ve idrett, og at det skal v\u00e6re enkelt \u00e5 trene eller opps\u00f8ke friluftsliv.","twitter_misc":{"Ansl. lesetid":"2 minutter"},"schema":{"@context":"https:\/\/schema.org","@graph":[{"@type":"WebPage","@id":"https:\/\/hoyre.no\/oslo\/politikk\/vaar-politikk\/idrettsbyen\/","url":"https:\/\/hoyre.no\/oslo\/politikk\/vaar-politikk\/idrettsbyen\/","name":"Idrettsbyen - Oslo H\u00f8yre","isPartOf":{"@id":"https:\/\/hoyre.no\/oslo\/#website"},"datePublished":"2022-10-07T13:10:41+00:00","dateModified":"2023-09-06T14:32:47+00:00","description":"Oslo H\u00f8yre \u00f8nsker at alle skal kunne delta i eller ut\u00f8ve idrett, og at det skal v\u00e6re enkelt \u00e5 trene eller opps\u00f8ke friluftsliv.","breadcrumb":{"@id":"https:\/\/hoyre.no\/oslo\/politikk\/vaar-politikk\/idrettsbyen\/#breadcrumb"},"inLanguage":"nb-NO","potentialAction":[{"@type":"ReadAction","target":["https:\/\/hoyre.no\/oslo\/politikk\/vaar-politikk\/idrettsbyen\/"]}]},{"@type":"BreadcrumbList","@id":"https:\/\/hoyre.no\/oslo\/politikk\/vaar-politikk\/idrettsbyen\/#breadcrumb","itemListElement":[{"@type":"ListItem","position":1,"name":"Til hoyre.no","item":"https:\/\/hoyre.no"},{"@type":"ListItem","position":2,"name":"Hjem","item":"https:\/\/hoyre.no\/oslo\/"},{"@type":"ListItem","position":3,"name":"Politikk","item":"https:\/\/hoyre.no\/oslo\/politikk\/"},{"@type":"ListItem","position":4,"name":"V\u00e5r politikk","item":"https:\/\/hoyre.no\/oslo\/politikk\/vaar-politikk\/"},{"@type":"ListItem","position":5,"name":"Idrettsbyen"}]},{"@type":"WebSite","@id":"https:\/\/hoyre.no\/oslo\/#website","url":"https:\/\/hoyre.no\/oslo\/","name":"Oslo H\u00f8yre","description":"","publisher":{"@id":"https:\/\/hoyre.no\/oslo\/#organization"},"inLanguage":"nb-NO"},{"@type":"Organization","@id":"https:\/\/hoyre.no\/oslo\/#organization","name":"Oslo H\u00f8yre","url":"https:\/\/hoyre.no\/oslo\/","logo":{"@type":"ImageObject","inLanguage":"nb-NO","@id":"https:\/\/hoyre.no\/oslo\/#\/schema\/logo\/image\/","url":"https:\/\/hoyre.no\/content\/uploads\/sites\/408\/2022\/11\/Hoyres-logo.png","contentUrl":"https:\/\/hoyre.no\/content\/uploads\/sites\/408\/2022\/11\/Hoyres-logo.png","width":1000,"height":1000,"caption":"Oslo H\u00f8yre"},"image":{"@id":"https:\/\/hoyre.no\/oslo\/#\/schema\/logo\/image\/"},"sameAs":["https:\/\/www.facebook.com\/oslo.hoyre"]}]}},"distributor_meta":false,"distributor_terms":false,"distributor_media":false,"distributor_original_site_name":"Oslo H\u00f8yre","distributor_original_site_url":"https:\/\/hoyre.no\/oslo","push-errors":false,"_links":{"self":[{"href":"https:\/\/hoyre.no\/oslo\/wp-json\/wp\/v2\/pages\/3333","targetHints":{"allow":["GET"]}}],"collection":[{"href":"https:\/\/hoyre.no\/oslo\/wp-json\/wp\/v2\/pages"}],"about":[{"href":"https:\/\/hoyre.no\/oslo\/wp-json\/wp\/v2\/types\/page"}],"author":[{"embeddable":true,"href":"https:\/\/hoyre.no\/oslo\/wp-json\/wp\/v2\/users\/51320"}],"replies":[{"embeddable":true,"href":"https:\/\/hoyre.no\/oslo\/wp-json\/wp\/v2\/comments?post=3333"}],"version-history":[{"count":3,"href":"https:\/\/hoyre.no\/oslo\/wp-json\/wp\/v2\/pages\/3333\/revisions"}],"predecessor-version":[{"id":5332,"href":"https:\/\/hoyre.no\/oslo\/wp-json\/wp\/v2\/pages\/3333\/revisions\/5332"}],"up":[{"embeddable":true,"href":"https:\/\/hoyre.no\/oslo\/wp-json\/wp\/v2\/pages\/51"}],"wp:attachment":[{"href":"https:\/\/hoyre.no\/oslo\/wp-json\/wp\/v2\/media?parent=3333"}],"curies":[{"name":"wp","href":"https:\/\/api.w.org\/{rel}","templated":true}]}}