{"id":3341,"date":"2022-10-07T15:15:18","date_gmt":"2022-10-07T13:15:18","guid":{"rendered":"https:\/\/hoyre.no\/oslo\/?page_id=3341"},"modified":"2022-10-07T15:15:18","modified_gmt":"2022-10-07T13:15:18","slug":"gode-og-trygge-laeringsmiljoer","status":"publish","type":"page","link":"https:\/\/hoyre.no\/oslo\/politikk\/vaar-politikk\/gode-og-trygge-laeringsmiljoer\/","title":{"rendered":"Gode og trygge l\u00e6ringsmilj\u00f8er"},"content":{"rendered":"\n<div class=\"wp-block-hoyre-hero with-image-gradient text-color-light  alignfull has-background\"><div class=\"hoyre-hero \"><h1 class=\"title\">Gode og trygge l\u00e6ringsmilj\u00f8er<\/h1><p class=\"preamble\">Kommunen og skolen skal bidra med de virkemidlene som trengs for \u00e5 gi alle barn og unge en god start i livet. Samtidig m\u00e5 vi stille tydelige krav til foreldre eller foresatte om at de har hovedansvaret for sine barns oppdragelse.<\/p><\/div><\/div>\n\n\n\n\n<p>Foreldrene er b\u00e5de rollemodeller og veiledere i sine barns oppvekst. Dersom foreldre alene ikke makter \u00e5 fylle denne rollen, m\u00e5 skolen og andre instanser gi tettere oppf\u00f8lging i hjemmet og bygge et lag rundt barna.<\/p>\n\n\n\n<p>De sm\u00e5 fellesskapene er viktige for at barn skal f\u00f8le trygghet og tilh\u00f8righet i oppveksten. Samtidig vil Oslo H\u00f8yre bekjempe enhver form for negativ sosial kontroll som begrenser barn og unges frihet.<\/p>\n\n\n\n<p><strong>Oslo H\u00f8yre vil:<\/strong><\/p>\n\n\n\n<ul class=\"wp-block-list\"><li>Sikre et godt skole-hjem-samarbeid, blant annet ved \u00e5 innf\u00f8re krav til skolene om \u00e5 gi skriftlig halv\u00e5rsvurdering til elever og foresatte.<\/li><li>Dra p\u00e5 hjemmebes\u00f8k til foreldre som gjentatte ganger ikke m\u00f8ter p\u00e5 skolens foreldrem\u00f8ter og utviklingssamtaler. Der det er behov, b\u00f8r bes\u00f8ket skje i samarbeid med minoritetsr\u00e5dgivere eller andre som snakker morsm\u00e5let til foreldrene.<\/li><li>Gi tilbud om foreldreveiledning ved flere skoler, barnehager og i introduksjonsprogrammet.<\/li><li>Sikre at alle elever f\u00e5r delta i aktiviteter i regi av skolen, som leirskole, sv\u00f8mming, ekskursjoner og gymnastikk, uavhengig av \u00f8konomisk, kulturell eller religi\u00f8s bakgrunn.<\/li><li>Ikke tillate kj\u00f8nnsdelt undervisning av kulturelle eller religi\u00f8se \u00e5rsaker.<\/li><li>At barnevernet skal varsles hvis foreldre holder barna borte fra skolen eller p\u00e5 andre m\u00e5ter ikke oppfyller oppl\u00e6ringsplikten.<\/li><li>At flere skoler har egne fadderordninger der frivillige kan v\u00e6re faddere for familier som har behov for informasjon om, og forst\u00e5else av, det norske skolesystemet.<\/li><li>At det skal v\u00e6re et tilstrekkelig antall minoritetsr\u00e5dgivere i Osloskolen. De skal drive oppl\u00e6ring av de \u00f8vrige yrkesgruppene p\u00e5 skolen og legge vekt p\u00e5 skole\/hjem-samarbeid.<\/li><\/ul>\n\n","protected":false},"excerpt":{"rendered":"","protected":false},"author":51320,"featured_media":0,"parent":51,"menu_order":0,"comment_status":"closed","ping_status":"closed","template":"","meta":{"teft_cards_image_url":"","teft_cards_custom_pretitle":"","teft_cards_image_id":0,"teft_cards_image_focal_point_x":0,"teft_cards_image_focal_point_y":0,"teft_cards_title":"","teft_cards_excerpt":"","teft_show_chapters":false,"footnotes":""},"class_list":["post-3341","page","type-page","status-publish","hentry"],"yoast_head":"<!-- This site is optimized with the Yoast SEO Premium plugin v26.5 (Yoast SEO v26.6) - https:\/\/yoast.com\/wordpress\/plugins\/seo\/ -->\n<title>Gode og trygge l\u00e6ringsmilj\u00f8er - Oslo H\u00f8yre<\/title>\n<meta name=\"robots\" content=\"index, follow, max-snippet:-1, max-image-preview:large, max-video-preview:-1\" \/>\n<link rel=\"canonical\" href=\"https:\/\/hoyre.no\/oslo\/politikk\/vaar-politikk\/gode-og-trygge-laeringsmiljoer\/\" \/>\n<meta property=\"og:locale\" content=\"nb_NO\" \/>\n<meta property=\"og:type\" content=\"article\" \/>\n<meta property=\"og:title\" content=\"Gode og trygge l\u00e6ringsmilj\u00f8er\" \/>\n<meta property=\"og:url\" content=\"https:\/\/hoyre.no\/oslo\/politikk\/vaar-politikk\/gode-og-trygge-laeringsmiljoer\/\" \/>\n<meta property=\"og:site_name\" content=\"Oslo H\u00f8yre\" \/>\n<meta property=\"article:publisher\" content=\"https:\/\/www.facebook.com\/oslo.hoyre\" \/>\n<meta property=\"og:image\" content=\"https:\/\/hoyre.no\/content\/uploads\/sites\/408\/2022\/11\/Hoyres-logo.png\" \/>\n\t<meta property=\"og:image:width\" content=\"1000\" \/>\n\t<meta property=\"og:image:height\" content=\"1000\" \/>\n\t<meta property=\"og:image:type\" content=\"image\/png\" \/>\n<meta name=\"twitter:card\" content=\"summary_large_image\" \/>\n<meta name=\"twitter:label1\" content=\"Ansl. lesetid\" \/>\n\t<meta name=\"twitter:data1\" content=\"2 minutter\" \/>\n<script type=\"application\/ld+json\" class=\"yoast-schema-graph\">{\"@context\":\"https:\/\/schema.org\",\"@graph\":[{\"@type\":\"WebPage\",\"@id\":\"https:\/\/hoyre.no\/oslo\/politikk\/vaar-politikk\/gode-og-trygge-laeringsmiljoer\/\",\"url\":\"https:\/\/hoyre.no\/oslo\/politikk\/vaar-politikk\/gode-og-trygge-laeringsmiljoer\/\",\"name\":\"Gode og trygge l\u00e6ringsmilj\u00f8er - Oslo H\u00f8yre\",\"isPartOf\":{\"@id\":\"https:\/\/hoyre.no\/oslo\/#website\"},\"datePublished\":\"2022-10-07T13:15:18+00:00\",\"breadcrumb\":{\"@id\":\"https:\/\/hoyre.no\/oslo\/politikk\/vaar-politikk\/gode-og-trygge-laeringsmiljoer\/#breadcrumb\"},\"inLanguage\":\"nb-NO\",\"potentialAction\":[{\"@type\":\"ReadAction\",\"target\":[\"https:\/\/hoyre.no\/oslo\/politikk\/vaar-politikk\/gode-og-trygge-laeringsmiljoer\/\"]}]},{\"@type\":\"BreadcrumbList\",\"@id\":\"https:\/\/hoyre.no\/oslo\/politikk\/vaar-politikk\/gode-og-trygge-laeringsmiljoer\/#breadcrumb\",\"itemListElement\":[{\"@type\":\"ListItem\",\"position\":1,\"name\":\"Til hoyre.no\",\"item\":\"https:\/\/hoyre.no\"},{\"@type\":\"ListItem\",\"position\":2,\"name\":\"Hjem\",\"item\":\"https:\/\/hoyre.no\/oslo\/\"},{\"@type\":\"ListItem\",\"position\":3,\"name\":\"Politikk\",\"item\":\"https:\/\/hoyre.no\/oslo\/politikk\/\"},{\"@type\":\"ListItem\",\"position\":4,\"name\":\"V\u00e5r politikk\",\"item\":\"https:\/\/hoyre.no\/oslo\/politikk\/vaar-politikk\/\"},{\"@type\":\"ListItem\",\"position\":5,\"name\":\"Gode og trygge l\u00e6ringsmilj\u00f8er\"}]},{\"@type\":\"WebSite\",\"@id\":\"https:\/\/hoyre.no\/oslo\/#website\",\"url\":\"https:\/\/hoyre.no\/oslo\/\",\"name\":\"Oslo H\u00f8yre\",\"description\":\"\",\"publisher\":{\"@id\":\"https:\/\/hoyre.no\/oslo\/#organization\"},\"inLanguage\":\"nb-NO\"},{\"@type\":\"Organization\",\"@id\":\"https:\/\/hoyre.no\/oslo\/#organization\",\"name\":\"Oslo H\u00f8yre\",\"url\":\"https:\/\/hoyre.no\/oslo\/\",\"logo\":{\"@type\":\"ImageObject\",\"inLanguage\":\"nb-NO\",\"@id\":\"https:\/\/hoyre.no\/oslo\/#\/schema\/logo\/image\/\",\"url\":\"https:\/\/hoyre.no\/content\/uploads\/sites\/408\/2022\/11\/Hoyres-logo.png\",\"contentUrl\":\"https:\/\/hoyre.no\/content\/uploads\/sites\/408\/2022\/11\/Hoyres-logo.png\",\"width\":1000,\"height\":1000,\"caption\":\"Oslo H\u00f8yre\"},\"image\":{\"@id\":\"https:\/\/hoyre.no\/oslo\/#\/schema\/logo\/image\/\"},\"sameAs\":[\"https:\/\/www.facebook.com\/oslo.hoyre\"]}]}<\/script>\n<!-- \/ Yoast SEO Premium plugin. -->","yoast_head_json":{"title":"Gode og trygge l\u00e6ringsmilj\u00f8er - Oslo H\u00f8yre","robots":{"index":"index","follow":"follow","max-snippet":"max-snippet:-1","max-image-preview":"max-image-preview:large","max-video-preview":"max-video-preview:-1"},"canonical":"https:\/\/hoyre.no\/oslo\/politikk\/vaar-politikk\/gode-og-trygge-laeringsmiljoer\/","og_locale":"nb_NO","og_type":"article","og_title":"Gode og trygge l\u00e6ringsmilj\u00f8er","og_url":"https:\/\/hoyre.no\/oslo\/politikk\/vaar-politikk\/gode-og-trygge-laeringsmiljoer\/","og_site_name":"Oslo H\u00f8yre","article_publisher":"https:\/\/www.facebook.com\/oslo.hoyre","og_image":[{"width":1000,"height":1000,"url":"https:\/\/hoyre.no\/content\/uploads\/sites\/408\/2022\/11\/Hoyres-logo.png","type":"image\/png"}],"twitter_card":"summary_large_image","twitter_misc":{"Ansl. lesetid":"2 minutter"},"schema":{"@context":"https:\/\/schema.org","@graph":[{"@type":"WebPage","@id":"https:\/\/hoyre.no\/oslo\/politikk\/vaar-politikk\/gode-og-trygge-laeringsmiljoer\/","url":"https:\/\/hoyre.no\/oslo\/politikk\/vaar-politikk\/gode-og-trygge-laeringsmiljoer\/","name":"Gode og trygge l\u00e6ringsmilj\u00f8er - Oslo H\u00f8yre","isPartOf":{"@id":"https:\/\/hoyre.no\/oslo\/#website"},"datePublished":"2022-10-07T13:15:18+00:00","breadcrumb":{"@id":"https:\/\/hoyre.no\/oslo\/politikk\/vaar-politikk\/gode-og-trygge-laeringsmiljoer\/#breadcrumb"},"inLanguage":"nb-NO","potentialAction":[{"@type":"ReadAction","target":["https:\/\/hoyre.no\/oslo\/politikk\/vaar-politikk\/gode-og-trygge-laeringsmiljoer\/"]}]},{"@type":"BreadcrumbList","@id":"https:\/\/hoyre.no\/oslo\/politikk\/vaar-politikk\/gode-og-trygge-laeringsmiljoer\/#breadcrumb","itemListElement":[{"@type":"ListItem","position":1,"name":"Til hoyre.no","item":"https:\/\/hoyre.no"},{"@type":"ListItem","position":2,"name":"Hjem","item":"https:\/\/hoyre.no\/oslo\/"},{"@type":"ListItem","position":3,"name":"Politikk","item":"https:\/\/hoyre.no\/oslo\/politikk\/"},{"@type":"ListItem","position":4,"name":"V\u00e5r politikk","item":"https:\/\/hoyre.no\/oslo\/politikk\/vaar-politikk\/"},{"@type":"ListItem","position":5,"name":"Gode og trygge l\u00e6ringsmilj\u00f8er"}]},{"@type":"WebSite","@id":"https:\/\/hoyre.no\/oslo\/#website","url":"https:\/\/hoyre.no\/oslo\/","name":"Oslo H\u00f8yre","description":"","publisher":{"@id":"https:\/\/hoyre.no\/oslo\/#organization"},"inLanguage":"nb-NO"},{"@type":"Organization","@id":"https:\/\/hoyre.no\/oslo\/#organization","name":"Oslo H\u00f8yre","url":"https:\/\/hoyre.no\/oslo\/","logo":{"@type":"ImageObject","inLanguage":"nb-NO","@id":"https:\/\/hoyre.no\/oslo\/#\/schema\/logo\/image\/","url":"https:\/\/hoyre.no\/content\/uploads\/sites\/408\/2022\/11\/Hoyres-logo.png","contentUrl":"https:\/\/hoyre.no\/content\/uploads\/sites\/408\/2022\/11\/Hoyres-logo.png","width":1000,"height":1000,"caption":"Oslo H\u00f8yre"},"image":{"@id":"https:\/\/hoyre.no\/oslo\/#\/schema\/logo\/image\/"},"sameAs":["https:\/\/www.facebook.com\/oslo.hoyre"]}]}},"distributor_meta":false,"distributor_terms":false,"distributor_media":false,"distributor_original_site_name":"Oslo H\u00f8yre","distributor_original_site_url":"https:\/\/hoyre.no\/oslo","push-errors":false,"_links":{"self":[{"href":"https:\/\/hoyre.no\/oslo\/wp-json\/wp\/v2\/pages\/3341","targetHints":{"allow":["GET"]}}],"collection":[{"href":"https:\/\/hoyre.no\/oslo\/wp-json\/wp\/v2\/pages"}],"about":[{"href":"https:\/\/hoyre.no\/oslo\/wp-json\/wp\/v2\/types\/page"}],"author":[{"embeddable":true,"href":"https:\/\/hoyre.no\/oslo\/wp-json\/wp\/v2\/users\/51320"}],"replies":[{"embeddable":true,"href":"https:\/\/hoyre.no\/oslo\/wp-json\/wp\/v2\/comments?post=3341"}],"version-history":[{"count":1,"href":"https:\/\/hoyre.no\/oslo\/wp-json\/wp\/v2\/pages\/3341\/revisions"}],"predecessor-version":[{"id":3342,"href":"https:\/\/hoyre.no\/oslo\/wp-json\/wp\/v2\/pages\/3341\/revisions\/3342"}],"up":[{"embeddable":true,"href":"https:\/\/hoyre.no\/oslo\/wp-json\/wp\/v2\/pages\/51"}],"wp:attachment":[{"href":"https:\/\/hoyre.no\/oslo\/wp-json\/wp\/v2\/media?parent=3341"}],"curies":[{"name":"wp","href":"https:\/\/api.w.org\/{rel}","templated":true}]}}