{"id":3344,"date":"2022-10-07T15:16:55","date_gmt":"2022-10-07T13:16:55","guid":{"rendered":"https:\/\/hoyre.no\/oslo\/?page_id=3344"},"modified":"2022-10-07T15:16:55","modified_gmt":"2022-10-07T13:16:55","slug":"gode-lokale-bomiljoer","status":"publish","type":"page","link":"https:\/\/hoyre.no\/oslo\/politikk\/vaar-politikk\/gode-lokale-bomiljoer\/","title":{"rendered":"Gode lokale bomilj\u00f8er"},"content":{"rendered":"\n<div class=\"wp-block-hoyre-hero with-image-gradient text-color-light  alignfull has-background\"><div class=\"hoyre-hero \"><h1 class=\"title\">Gode lokale bomilj\u00f8er<\/h1><p class=\"preamble\">Oslo H\u00f8yre vil ha en byutvikling som bevarer Oslos historiske s\u00e6rpreg med b\u00e5de tett by og sm\u00e5husbebyggelse. Det skal v\u00e6re mulig \u00e5 flytte fra leilighet til rekkehus eller enebolig uten \u00e5 m\u00e5tte forlate byen n\u00e5r behovene endrer seg.<\/p><\/div><\/div>\n\n\n\n\n<p>Vi vil ta vare p\u00e5 de gode lokale bomilj\u00f8ene og tilrettelegge for at det skal v\u00e6re mulig \u00e5 bo i Oslo i alle livets faser. Nye prosjekter og utvikling av nye boligomr\u00e5der m\u00e5 gjennomf\u00f8res med kvalitet og respekt for Oslos gr\u00f8nne s\u00e6rpreg og varierte boligbebyggelse.<\/p>\n\n\n\n<p><strong>Oslo H\u00f8yre vil:<\/strong><\/p>\n\n\n\n<ul class=\"wp-block-list\"><li>Beholde eksisterende sm\u00e5husomr\u00e5der og ivareta god str\u00f8ksidentitet. Ikke tillate at veletablerte sm\u00e5husomr\u00e5der bygges ned og erstattes med blokkbebyggelse.<\/li><li>Stramme inn p\u00e5 bestemmelsene i sm\u00e5husplanen ved \u00e5 redusere utnyttelsen per tomt, slik at disse omr\u00e5dene bevarer sitt s\u00e6rpreg og bomilj\u00f8.<\/li><li>Sikre et bedre bomilj\u00f8 med flere sm\u00e5hus og rekkehus i utviklingen av Hovinbyen.<\/li><li>S\u00f8rge for at Gjersrud-Stensrud kan utvikles som et boligomr\u00e5de med sm\u00e5hus og lavblokker.<\/li><li>Sikre at blokkomr\u00e5dene i Oslo beholder gr\u00f8nt- og rekreasjonsomr\u00e5dene.<\/li><li>Starte arbeidet med en ny disposisjonsplan for S\u00f8rkedalen for \u00e5 sikre en levende bygd, men innenfor dens naturgitte begrensninger.<\/li><li>Utarbeide en overordnet plan for samferdselstiltak i Groruddalen som sikrer en prioritering av og sammenheng mellom samferdselsprosjektene, og som legger til rette for trivelige bomilj\u00f8er og byutvikling.<\/li><li>Prioritere Groruddalen i Oslos byutvikling med variert boligstruktur, flere sm\u00e5hus og tilrettelegging for nye arbeidsplasser og handel.<\/li><li>Videref\u00f8re omr\u00e5desatsinger i Groruddalen, Oslo indre \u00f8st og Oslo s\u00f8r.<\/li><li>Forsterke omr\u00e5del\u00f8ftet p\u00e5 Hovseter.<\/li><li>Forbedre eksisterende boligomr\u00e5der og utvikle nye ved \u00e5 bygge lokk over E6 p\u00e5 Furuset og en tunnel mellom Riksvei 4 og \u00d8stre Aker vei. Bygge lokk over E18 ved Filipstad, bygge R\u00f8atunnelen og opprettholde fremdriften p\u00e5 E6 Oslo \u00f8st (Manglerudtunnelen).<\/li><li>Arbeide for \u00e5 etablere ny Breivoll stasjon og stasjonsby.<\/li><li>Legge til rette for etablering av flere arbeidsplasser og levende byrom p\u00e5 Holmlia og Hauketo.<\/li><li>Fortsette Fjordby-satsingen ved \u00e5 utvikle Sk\u00f8yen til et omr\u00e5de med arbeidsplasser, gode bomilj\u00f8er og god tilgang til sj\u00f8en.<\/li><li>Bevare det gode milj\u00f8et for beboere og n\u00e6ringsliv i Skovveien ved \u00e5 beholde dagens trikketras\u00e9 i Inkognitogaten.<\/li><\/ul>\n\n","protected":false},"excerpt":{"rendered":"","protected":false},"author":51320,"featured_media":0,"parent":51,"menu_order":0,"comment_status":"closed","ping_status":"closed","template":"","meta":{"teft_cards_image_url":"","teft_cards_custom_pretitle":"","teft_cards_image_id":0,"teft_cards_image_focal_point_x":0,"teft_cards_image_focal_point_y":0,"teft_cards_title":"","teft_cards_excerpt":"","teft_show_chapters":false,"footnotes":""},"class_list":["post-3344","page","type-page","status-publish","hentry"],"yoast_head":"<!-- This site is optimized with the Yoast SEO Premium plugin v26.5 (Yoast SEO v26.6) - https:\/\/yoast.com\/wordpress\/plugins\/seo\/ -->\n<title>Gode lokale bomilj\u00f8er - Oslo H\u00f8yre<\/title>\n<meta name=\"robots\" content=\"index, follow, max-snippet:-1, max-image-preview:large, max-video-preview:-1\" \/>\n<link rel=\"canonical\" href=\"https:\/\/hoyre.no\/oslo\/politikk\/vaar-politikk\/gode-lokale-bomiljoer\/\" \/>\n<meta property=\"og:locale\" content=\"nb_NO\" \/>\n<meta property=\"og:type\" content=\"article\" \/>\n<meta property=\"og:title\" content=\"Gode lokale bomilj\u00f8er\" \/>\n<meta property=\"og:url\" content=\"https:\/\/hoyre.no\/oslo\/politikk\/vaar-politikk\/gode-lokale-bomiljoer\/\" \/>\n<meta property=\"og:site_name\" content=\"Oslo H\u00f8yre\" \/>\n<meta property=\"article:publisher\" content=\"https:\/\/www.facebook.com\/oslo.hoyre\" \/>\n<meta property=\"og:image\" content=\"https:\/\/hoyre.no\/content\/uploads\/sites\/408\/2022\/11\/Hoyres-logo.png\" \/>\n\t<meta property=\"og:image:width\" content=\"1000\" \/>\n\t<meta property=\"og:image:height\" content=\"1000\" \/>\n\t<meta property=\"og:image:type\" content=\"image\/png\" \/>\n<meta name=\"twitter:card\" content=\"summary_large_image\" \/>\n<meta name=\"twitter:label1\" content=\"Ansl. lesetid\" \/>\n\t<meta name=\"twitter:data1\" content=\"2 minutter\" \/>\n<script type=\"application\/ld+json\" class=\"yoast-schema-graph\">{\"@context\":\"https:\/\/schema.org\",\"@graph\":[{\"@type\":\"WebPage\",\"@id\":\"https:\/\/hoyre.no\/oslo\/politikk\/vaar-politikk\/gode-lokale-bomiljoer\/\",\"url\":\"https:\/\/hoyre.no\/oslo\/politikk\/vaar-politikk\/gode-lokale-bomiljoer\/\",\"name\":\"Gode lokale bomilj\u00f8er - Oslo H\u00f8yre\",\"isPartOf\":{\"@id\":\"https:\/\/hoyre.no\/oslo\/#website\"},\"datePublished\":\"2022-10-07T13:16:55+00:00\",\"breadcrumb\":{\"@id\":\"https:\/\/hoyre.no\/oslo\/politikk\/vaar-politikk\/gode-lokale-bomiljoer\/#breadcrumb\"},\"inLanguage\":\"nb-NO\",\"potentialAction\":[{\"@type\":\"ReadAction\",\"target\":[\"https:\/\/hoyre.no\/oslo\/politikk\/vaar-politikk\/gode-lokale-bomiljoer\/\"]}]},{\"@type\":\"BreadcrumbList\",\"@id\":\"https:\/\/hoyre.no\/oslo\/politikk\/vaar-politikk\/gode-lokale-bomiljoer\/#breadcrumb\",\"itemListElement\":[{\"@type\":\"ListItem\",\"position\":1,\"name\":\"Til hoyre.no\",\"item\":\"https:\/\/hoyre.no\"},{\"@type\":\"ListItem\",\"position\":2,\"name\":\"Hjem\",\"item\":\"https:\/\/hoyre.no\/oslo\/\"},{\"@type\":\"ListItem\",\"position\":3,\"name\":\"Politikk\",\"item\":\"https:\/\/hoyre.no\/oslo\/politikk\/\"},{\"@type\":\"ListItem\",\"position\":4,\"name\":\"V\u00e5r politikk\",\"item\":\"https:\/\/hoyre.no\/oslo\/politikk\/vaar-politikk\/\"},{\"@type\":\"ListItem\",\"position\":5,\"name\":\"Gode lokale bomilj\u00f8er\"}]},{\"@type\":\"WebSite\",\"@id\":\"https:\/\/hoyre.no\/oslo\/#website\",\"url\":\"https:\/\/hoyre.no\/oslo\/\",\"name\":\"Oslo H\u00f8yre\",\"description\":\"\",\"publisher\":{\"@id\":\"https:\/\/hoyre.no\/oslo\/#organization\"},\"inLanguage\":\"nb-NO\"},{\"@type\":\"Organization\",\"@id\":\"https:\/\/hoyre.no\/oslo\/#organization\",\"name\":\"Oslo H\u00f8yre\",\"url\":\"https:\/\/hoyre.no\/oslo\/\",\"logo\":{\"@type\":\"ImageObject\",\"inLanguage\":\"nb-NO\",\"@id\":\"https:\/\/hoyre.no\/oslo\/#\/schema\/logo\/image\/\",\"url\":\"https:\/\/hoyre.no\/content\/uploads\/sites\/408\/2022\/11\/Hoyres-logo.png\",\"contentUrl\":\"https:\/\/hoyre.no\/content\/uploads\/sites\/408\/2022\/11\/Hoyres-logo.png\",\"width\":1000,\"height\":1000,\"caption\":\"Oslo H\u00f8yre\"},\"image\":{\"@id\":\"https:\/\/hoyre.no\/oslo\/#\/schema\/logo\/image\/\"},\"sameAs\":[\"https:\/\/www.facebook.com\/oslo.hoyre\"]}]}<\/script>\n<!-- \/ Yoast SEO Premium plugin. -->","yoast_head_json":{"title":"Gode lokale bomilj\u00f8er - Oslo H\u00f8yre","robots":{"index":"index","follow":"follow","max-snippet":"max-snippet:-1","max-image-preview":"max-image-preview:large","max-video-preview":"max-video-preview:-1"},"canonical":"https:\/\/hoyre.no\/oslo\/politikk\/vaar-politikk\/gode-lokale-bomiljoer\/","og_locale":"nb_NO","og_type":"article","og_title":"Gode lokale bomilj\u00f8er","og_url":"https:\/\/hoyre.no\/oslo\/politikk\/vaar-politikk\/gode-lokale-bomiljoer\/","og_site_name":"Oslo H\u00f8yre","article_publisher":"https:\/\/www.facebook.com\/oslo.hoyre","og_image":[{"width":1000,"height":1000,"url":"https:\/\/hoyre.no\/content\/uploads\/sites\/408\/2022\/11\/Hoyres-logo.png","type":"image\/png"}],"twitter_card":"summary_large_image","twitter_misc":{"Ansl. lesetid":"2 minutter"},"schema":{"@context":"https:\/\/schema.org","@graph":[{"@type":"WebPage","@id":"https:\/\/hoyre.no\/oslo\/politikk\/vaar-politikk\/gode-lokale-bomiljoer\/","url":"https:\/\/hoyre.no\/oslo\/politikk\/vaar-politikk\/gode-lokale-bomiljoer\/","name":"Gode lokale bomilj\u00f8er - Oslo H\u00f8yre","isPartOf":{"@id":"https:\/\/hoyre.no\/oslo\/#website"},"datePublished":"2022-10-07T13:16:55+00:00","breadcrumb":{"@id":"https:\/\/hoyre.no\/oslo\/politikk\/vaar-politikk\/gode-lokale-bomiljoer\/#breadcrumb"},"inLanguage":"nb-NO","potentialAction":[{"@type":"ReadAction","target":["https:\/\/hoyre.no\/oslo\/politikk\/vaar-politikk\/gode-lokale-bomiljoer\/"]}]},{"@type":"BreadcrumbList","@id":"https:\/\/hoyre.no\/oslo\/politikk\/vaar-politikk\/gode-lokale-bomiljoer\/#breadcrumb","itemListElement":[{"@type":"ListItem","position":1,"name":"Til hoyre.no","item":"https:\/\/hoyre.no"},{"@type":"ListItem","position":2,"name":"Hjem","item":"https:\/\/hoyre.no\/oslo\/"},{"@type":"ListItem","position":3,"name":"Politikk","item":"https:\/\/hoyre.no\/oslo\/politikk\/"},{"@type":"ListItem","position":4,"name":"V\u00e5r politikk","item":"https:\/\/hoyre.no\/oslo\/politikk\/vaar-politikk\/"},{"@type":"ListItem","position":5,"name":"Gode lokale bomilj\u00f8er"}]},{"@type":"WebSite","@id":"https:\/\/hoyre.no\/oslo\/#website","url":"https:\/\/hoyre.no\/oslo\/","name":"Oslo H\u00f8yre","description":"","publisher":{"@id":"https:\/\/hoyre.no\/oslo\/#organization"},"inLanguage":"nb-NO"},{"@type":"Organization","@id":"https:\/\/hoyre.no\/oslo\/#organization","name":"Oslo H\u00f8yre","url":"https:\/\/hoyre.no\/oslo\/","logo":{"@type":"ImageObject","inLanguage":"nb-NO","@id":"https:\/\/hoyre.no\/oslo\/#\/schema\/logo\/image\/","url":"https:\/\/hoyre.no\/content\/uploads\/sites\/408\/2022\/11\/Hoyres-logo.png","contentUrl":"https:\/\/hoyre.no\/content\/uploads\/sites\/408\/2022\/11\/Hoyres-logo.png","width":1000,"height":1000,"caption":"Oslo H\u00f8yre"},"image":{"@id":"https:\/\/hoyre.no\/oslo\/#\/schema\/logo\/image\/"},"sameAs":["https:\/\/www.facebook.com\/oslo.hoyre"]}]}},"distributor_meta":false,"distributor_terms":false,"distributor_media":false,"distributor_original_site_name":"Oslo H\u00f8yre","distributor_original_site_url":"https:\/\/hoyre.no\/oslo","push-errors":false,"_links":{"self":[{"href":"https:\/\/hoyre.no\/oslo\/wp-json\/wp\/v2\/pages\/3344","targetHints":{"allow":["GET"]}}],"collection":[{"href":"https:\/\/hoyre.no\/oslo\/wp-json\/wp\/v2\/pages"}],"about":[{"href":"https:\/\/hoyre.no\/oslo\/wp-json\/wp\/v2\/types\/page"}],"author":[{"embeddable":true,"href":"https:\/\/hoyre.no\/oslo\/wp-json\/wp\/v2\/users\/51320"}],"replies":[{"embeddable":true,"href":"https:\/\/hoyre.no\/oslo\/wp-json\/wp\/v2\/comments?post=3344"}],"version-history":[{"count":1,"href":"https:\/\/hoyre.no\/oslo\/wp-json\/wp\/v2\/pages\/3344\/revisions"}],"predecessor-version":[{"id":3345,"href":"https:\/\/hoyre.no\/oslo\/wp-json\/wp\/v2\/pages\/3344\/revisions\/3345"}],"up":[{"embeddable":true,"href":"https:\/\/hoyre.no\/oslo\/wp-json\/wp\/v2\/pages\/51"}],"wp:attachment":[{"href":"https:\/\/hoyre.no\/oslo\/wp-json\/wp\/v2\/media?parent=3344"}],"curies":[{"name":"wp","href":"https:\/\/api.w.org\/{rel}","templated":true}]}}