{"id":3350,"date":"2022-10-07T15:19:59","date_gmt":"2022-10-07T13:19:59","guid":{"rendered":"https:\/\/hoyre.no\/oslo\/?page_id=3350"},"modified":"2022-10-07T15:19:59","modified_gmt":"2022-10-07T13:19:59","slug":"fremtidens-sykehjem","status":"publish","type":"page","link":"https:\/\/hoyre.no\/oslo\/politikk\/vaar-politikk\/fremtidens-sykehjem\/","title":{"rendered":"Fremtidens sykehjem"},"content":{"rendered":"\n<div class=\"wp-block-hoyre-hero with-image-gradient text-color-light  alignfull has-background\"><div class=\"hoyre-hero \"><h1 class=\"title\">Fremtidens sykehjem<\/h1><p class=\"preamble\">For \u00e5 gi flere eldre med pleiebehov muligheten til \u00e5 leve frie og selvstendige liv i sitt eget hjem, vil vi satse p\u00e5 et st\u00f8rre mangfold med nye og fremtidsrettede boformer og bofellesskap. <br><br>For mange eldre kan eksempelvis en tilpasset omsorgsbolig med trygghetsskapende teknologi v\u00e6re et bedre tilbud enn sykehjem. Derfor \u00f8nsker vi \u00e5 utvide tilbudet av omsorgsboliger og nye boformer tilpasset den enkeltes behov.<\/p><\/div><\/div>\n\n\n\n\n<p>Selv om vi legger til rette for at folk kan bo hjemme s\u00e5 lenge som mulig, vil det blant annet p\u00e5 grunn av det \u00f8kende antall eldre i ti\u00e5rene fremover bli et st\u00f8rre behov for omsorgsplasser. For \u00e5 sikre god kvalitet m\u00e5 vi b\u00e5de oppgradere eksisterende sykehjem og bygge nye.<\/p>\n\n\n\n<p>Helsehusene spiller en viktig rolle i \u00e5 f\u00e5 pasienter rehabilitert etter sykdom eller skade og opphold p\u00e5 sykehus. Rask rehabilitering og flytting tilbake til hjemmet er et viktig m\u00e5l for den enkelte pasient.<\/p>\n\n\n\n<p><strong>Oslo H\u00f8yre vil:<\/strong><\/p>\n\n\n\n<ul class=\"wp-block-list\"><li>Utarbeide nye boformer og bofellesskap i samarbeid med private og ideelle organisasjoner.<\/li><li>Sikre at ektepar og samboere skal f\u00e5 bo sammen p\u00e5 sykehjem dersom de \u00f8nsker det.<\/li><li>Sikre at alle som s\u00f8ker sykehjemsplass, f\u00e5r s\u00f8knaden behandlet innen 14 dager, og at ingen m\u00e5 st\u00e5 i k\u00f8 for \u00e5 bli tildelt plass.<\/li><li>\u00d8ke innsatsen for \u00e5 bygge flere spesialtilpassede omsorgsboliger med bruk av smarthusteknologi og velferdsteknologi.<\/li><li>Etablere flere boliger for mennesker med demens, med bruk av egnede teknologiske l\u00f8sninger som gir sikkerhet og trygghet.<\/li><li>Inng\u00e5 samarbeid med utbyggere av st\u00f8rre boligprosjekter med det som m\u00e5l \u00e5 avsette en andel av boligene i prosjektet til boliger tilpasset eldre, etter modell fra Omsorg+.<\/li><li>Legge til rette for at boliger for eldre og basene for hjemmetjenester kan samlokaliseres.<\/li><li>Arbeide for \u00e5 opprette spesialtilpassede plasser p\u00e5 sykehjem, slik at ogs\u00e5 eldre rusavhengige f\u00e5r et godt tilbud.<\/li><li>Videreutvikle helsehusene og styrke det rehabiliteringsfaglige tilbudet.<\/li><li>Forenkle innkj\u00f8psordninger og leasing av velferdsteknologi for \u00e5 sikre at den til enhver tid oppdaterte velferdsteknologien er tilgjengelig.<\/li><li>Vurdere organiseringen av sykehjemmene og rehabilitering i helsehus for \u00e5 sikre bedre tjenester tilpasset brukernes behov.<\/li><\/ul>\n\n","protected":false},"excerpt":{"rendered":"","protected":false},"author":51320,"featured_media":0,"parent":51,"menu_order":0,"comment_status":"closed","ping_status":"closed","template":"","meta":{"teft_cards_image_url":"","teft_cards_custom_pretitle":"","teft_cards_image_id":0,"teft_cards_image_focal_point_x":0,"teft_cards_image_focal_point_y":0,"teft_cards_title":"","teft_cards_excerpt":"","teft_show_chapters":false,"footnotes":""},"class_list":["post-3350","page","type-page","status-publish","hentry"],"yoast_head":"<!-- This site is optimized with the Yoast SEO Premium plugin v26.5 (Yoast SEO v26.6) - https:\/\/yoast.com\/wordpress\/plugins\/seo\/ -->\n<title>Fremtidens sykehjem - Oslo H\u00f8yre<\/title>\n<meta name=\"robots\" content=\"index, follow, max-snippet:-1, max-image-preview:large, max-video-preview:-1\" \/>\n<link rel=\"canonical\" href=\"https:\/\/hoyre.no\/oslo\/politikk\/vaar-politikk\/fremtidens-sykehjem\/\" \/>\n<meta property=\"og:locale\" content=\"nb_NO\" \/>\n<meta property=\"og:type\" content=\"article\" \/>\n<meta property=\"og:title\" content=\"Fremtidens sykehjem\" \/>\n<meta property=\"og:url\" content=\"https:\/\/hoyre.no\/oslo\/politikk\/vaar-politikk\/fremtidens-sykehjem\/\" \/>\n<meta property=\"og:site_name\" content=\"Oslo H\u00f8yre\" \/>\n<meta property=\"article:publisher\" content=\"https:\/\/www.facebook.com\/oslo.hoyre\" \/>\n<meta property=\"og:image\" content=\"https:\/\/hoyre.no\/content\/uploads\/sites\/408\/2022\/11\/Hoyres-logo.png\" \/>\n\t<meta property=\"og:image:width\" content=\"1000\" \/>\n\t<meta property=\"og:image:height\" content=\"1000\" \/>\n\t<meta property=\"og:image:type\" content=\"image\/png\" \/>\n<meta name=\"twitter:card\" content=\"summary_large_image\" \/>\n<meta name=\"twitter:label1\" content=\"Ansl. lesetid\" \/>\n\t<meta name=\"twitter:data1\" content=\"2 minutter\" \/>\n<script type=\"application\/ld+json\" class=\"yoast-schema-graph\">{\"@context\":\"https:\/\/schema.org\",\"@graph\":[{\"@type\":\"WebPage\",\"@id\":\"https:\/\/hoyre.no\/oslo\/politikk\/vaar-politikk\/fremtidens-sykehjem\/\",\"url\":\"https:\/\/hoyre.no\/oslo\/politikk\/vaar-politikk\/fremtidens-sykehjem\/\",\"name\":\"Fremtidens sykehjem - Oslo H\u00f8yre\",\"isPartOf\":{\"@id\":\"https:\/\/hoyre.no\/oslo\/#website\"},\"datePublished\":\"2022-10-07T13:19:59+00:00\",\"breadcrumb\":{\"@id\":\"https:\/\/hoyre.no\/oslo\/politikk\/vaar-politikk\/fremtidens-sykehjem\/#breadcrumb\"},\"inLanguage\":\"nb-NO\",\"potentialAction\":[{\"@type\":\"ReadAction\",\"target\":[\"https:\/\/hoyre.no\/oslo\/politikk\/vaar-politikk\/fremtidens-sykehjem\/\"]}]},{\"@type\":\"BreadcrumbList\",\"@id\":\"https:\/\/hoyre.no\/oslo\/politikk\/vaar-politikk\/fremtidens-sykehjem\/#breadcrumb\",\"itemListElement\":[{\"@type\":\"ListItem\",\"position\":1,\"name\":\"Til hoyre.no\",\"item\":\"https:\/\/hoyre.no\"},{\"@type\":\"ListItem\",\"position\":2,\"name\":\"Hjem\",\"item\":\"https:\/\/hoyre.no\/oslo\/\"},{\"@type\":\"ListItem\",\"position\":3,\"name\":\"Politikk\",\"item\":\"https:\/\/hoyre.no\/oslo\/politikk\/\"},{\"@type\":\"ListItem\",\"position\":4,\"name\":\"V\u00e5r politikk\",\"item\":\"https:\/\/hoyre.no\/oslo\/politikk\/vaar-politikk\/\"},{\"@type\":\"ListItem\",\"position\":5,\"name\":\"Fremtidens sykehjem\"}]},{\"@type\":\"WebSite\",\"@id\":\"https:\/\/hoyre.no\/oslo\/#website\",\"url\":\"https:\/\/hoyre.no\/oslo\/\",\"name\":\"Oslo H\u00f8yre\",\"description\":\"\",\"publisher\":{\"@id\":\"https:\/\/hoyre.no\/oslo\/#organization\"},\"inLanguage\":\"nb-NO\"},{\"@type\":\"Organization\",\"@id\":\"https:\/\/hoyre.no\/oslo\/#organization\",\"name\":\"Oslo H\u00f8yre\",\"url\":\"https:\/\/hoyre.no\/oslo\/\",\"logo\":{\"@type\":\"ImageObject\",\"inLanguage\":\"nb-NO\",\"@id\":\"https:\/\/hoyre.no\/oslo\/#\/schema\/logo\/image\/\",\"url\":\"https:\/\/hoyre.no\/content\/uploads\/sites\/408\/2022\/11\/Hoyres-logo.png\",\"contentUrl\":\"https:\/\/hoyre.no\/content\/uploads\/sites\/408\/2022\/11\/Hoyres-logo.png\",\"width\":1000,\"height\":1000,\"caption\":\"Oslo H\u00f8yre\"},\"image\":{\"@id\":\"https:\/\/hoyre.no\/oslo\/#\/schema\/logo\/image\/\"},\"sameAs\":[\"https:\/\/www.facebook.com\/oslo.hoyre\"]}]}<\/script>\n<!-- \/ Yoast SEO Premium plugin. -->","yoast_head_json":{"title":"Fremtidens sykehjem - Oslo H\u00f8yre","robots":{"index":"index","follow":"follow","max-snippet":"max-snippet:-1","max-image-preview":"max-image-preview:large","max-video-preview":"max-video-preview:-1"},"canonical":"https:\/\/hoyre.no\/oslo\/politikk\/vaar-politikk\/fremtidens-sykehjem\/","og_locale":"nb_NO","og_type":"article","og_title":"Fremtidens sykehjem","og_url":"https:\/\/hoyre.no\/oslo\/politikk\/vaar-politikk\/fremtidens-sykehjem\/","og_site_name":"Oslo H\u00f8yre","article_publisher":"https:\/\/www.facebook.com\/oslo.hoyre","og_image":[{"width":1000,"height":1000,"url":"https:\/\/hoyre.no\/content\/uploads\/sites\/408\/2022\/11\/Hoyres-logo.png","type":"image\/png"}],"twitter_card":"summary_large_image","twitter_misc":{"Ansl. lesetid":"2 minutter"},"schema":{"@context":"https:\/\/schema.org","@graph":[{"@type":"WebPage","@id":"https:\/\/hoyre.no\/oslo\/politikk\/vaar-politikk\/fremtidens-sykehjem\/","url":"https:\/\/hoyre.no\/oslo\/politikk\/vaar-politikk\/fremtidens-sykehjem\/","name":"Fremtidens sykehjem - Oslo H\u00f8yre","isPartOf":{"@id":"https:\/\/hoyre.no\/oslo\/#website"},"datePublished":"2022-10-07T13:19:59+00:00","breadcrumb":{"@id":"https:\/\/hoyre.no\/oslo\/politikk\/vaar-politikk\/fremtidens-sykehjem\/#breadcrumb"},"inLanguage":"nb-NO","potentialAction":[{"@type":"ReadAction","target":["https:\/\/hoyre.no\/oslo\/politikk\/vaar-politikk\/fremtidens-sykehjem\/"]}]},{"@type":"BreadcrumbList","@id":"https:\/\/hoyre.no\/oslo\/politikk\/vaar-politikk\/fremtidens-sykehjem\/#breadcrumb","itemListElement":[{"@type":"ListItem","position":1,"name":"Til hoyre.no","item":"https:\/\/hoyre.no"},{"@type":"ListItem","position":2,"name":"Hjem","item":"https:\/\/hoyre.no\/oslo\/"},{"@type":"ListItem","position":3,"name":"Politikk","item":"https:\/\/hoyre.no\/oslo\/politikk\/"},{"@type":"ListItem","position":4,"name":"V\u00e5r politikk","item":"https:\/\/hoyre.no\/oslo\/politikk\/vaar-politikk\/"},{"@type":"ListItem","position":5,"name":"Fremtidens sykehjem"}]},{"@type":"WebSite","@id":"https:\/\/hoyre.no\/oslo\/#website","url":"https:\/\/hoyre.no\/oslo\/","name":"Oslo H\u00f8yre","description":"","publisher":{"@id":"https:\/\/hoyre.no\/oslo\/#organization"},"inLanguage":"nb-NO"},{"@type":"Organization","@id":"https:\/\/hoyre.no\/oslo\/#organization","name":"Oslo H\u00f8yre","url":"https:\/\/hoyre.no\/oslo\/","logo":{"@type":"ImageObject","inLanguage":"nb-NO","@id":"https:\/\/hoyre.no\/oslo\/#\/schema\/logo\/image\/","url":"https:\/\/hoyre.no\/content\/uploads\/sites\/408\/2022\/11\/Hoyres-logo.png","contentUrl":"https:\/\/hoyre.no\/content\/uploads\/sites\/408\/2022\/11\/Hoyres-logo.png","width":1000,"height":1000,"caption":"Oslo H\u00f8yre"},"image":{"@id":"https:\/\/hoyre.no\/oslo\/#\/schema\/logo\/image\/"},"sameAs":["https:\/\/www.facebook.com\/oslo.hoyre"]}]}},"distributor_meta":false,"distributor_terms":false,"distributor_media":false,"distributor_original_site_name":"Oslo H\u00f8yre","distributor_original_site_url":"https:\/\/hoyre.no\/oslo","push-errors":false,"_links":{"self":[{"href":"https:\/\/hoyre.no\/oslo\/wp-json\/wp\/v2\/pages\/3350","targetHints":{"allow":["GET"]}}],"collection":[{"href":"https:\/\/hoyre.no\/oslo\/wp-json\/wp\/v2\/pages"}],"about":[{"href":"https:\/\/hoyre.no\/oslo\/wp-json\/wp\/v2\/types\/page"}],"author":[{"embeddable":true,"href":"https:\/\/hoyre.no\/oslo\/wp-json\/wp\/v2\/users\/51320"}],"replies":[{"embeddable":true,"href":"https:\/\/hoyre.no\/oslo\/wp-json\/wp\/v2\/comments?post=3350"}],"version-history":[{"count":1,"href":"https:\/\/hoyre.no\/oslo\/wp-json\/wp\/v2\/pages\/3350\/revisions"}],"predecessor-version":[{"id":3351,"href":"https:\/\/hoyre.no\/oslo\/wp-json\/wp\/v2\/pages\/3350\/revisions\/3351"}],"up":[{"embeddable":true,"href":"https:\/\/hoyre.no\/oslo\/wp-json\/wp\/v2\/pages\/51"}],"wp:attachment":[{"href":"https:\/\/hoyre.no\/oslo\/wp-json\/wp\/v2\/media?parent=3350"}],"curies":[{"name":"wp","href":"https:\/\/api.w.org\/{rel}","templated":true}]}}