{"id":3372,"date":"2022-10-07T16:32:02","date_gmt":"2022-10-07T14:32:02","guid":{"rendered":"https:\/\/hoyre.no\/oslo\/?page_id=3372"},"modified":"2022-10-07T16:32:02","modified_gmt":"2022-10-07T14:32:02","slug":"dyktige-laerere-og-skoleledere","status":"publish","type":"page","link":"https:\/\/hoyre.no\/oslo\/politikk\/vaar-politikk\/dyktige-laerere-og-skoleledere\/","title":{"rendered":"Dyktige l\u00e6rere og skoleledere"},"content":{"rendered":"\n<div class=\"wp-block-hoyre-hero with-image-gradient text-color-light  alignfull has-background\"><div class=\"hoyre-hero \"><h1 class=\"title\">Dyktige l\u00e6rere og skoleledere<\/h1><p class=\"preamble\">Osloskolen har mange faglig sterke, engasjerte og motiverte l\u00e6rere og ledere som jobber hver dag for \u00e5 gi elevene den kunnskapen de trenger. L\u00e6reren er den enkeltfaktoren som betyr mest for elevenes l\u00e6ring. <br><br>Oslo H\u00f8yre vil gi flere l\u00e6rere mulighet til etter- og videreutdanning, og utdanne flere l\u00e6rerspesialister som fordyper seg enda mer i et fag. Vi vil ansette flere l\u00e6rere, s\u00e6rlig p\u00e5 sm\u00e5skoletrinnene og p\u00e5 skoler med ekstra utfordringer. \u00c5 investere i l\u00e6reren er \u00e5 investere i elevenes fremtid.<\/p><\/div><\/div>\n\n\n\n\n<p>\u00c5 bygge en bedre skole er et lagarbeid. Derfor m\u00e5 l\u00e6rere og skoleledere f\u00e5 mulighet og tid til \u00e5 samarbeide i faglige fellesskap, dele kunnskap og gi tilbakemeldinger til hverandre. En kunnskapsskole forutsetter at l\u00e6rerne og skolelederne finner gode l\u00f8sninger sammen, og at de bruker informasjon om elevresultater og l\u00e6ringsmilj\u00f8 til \u00e5 sette inn n\u00f8dvendig tiltak.<\/p>\n\n\n\n<p>Gode profesjonsfellesskap med tydelig ledelse og anerkjennelse av l\u00e6rernes kompetanse er n\u00f8dvendig for at det skal v\u00e6re attraktivt \u00e5 undervise i Osloskolen. M\u00e5let til Oslo H\u00f8yre er derfor at alle skoleledere i Oslo skal ha fordypning innen ledelse. Oslo H\u00f8yre vil fortsette kampen mot un\u00f8dvendige tidstyver i skolen, slik at l\u00e6rerne har tid til \u00e5 prioritere det aller viktigste, nemlig tilpasset oppl\u00e6ring for hver enkelt elev.<\/p>\n\n\n\n<p><strong>Oslo H\u00f8yre vil:<\/strong><\/p>\n\n\n\n<ul class=\"wp-block-list\"><li>Sikre at alle elever f\u00e5r undervisning av faglig oppdaterte l\u00e6rere ved \u00e5 gi flere l\u00e6rere etter- og videreutdanning.<\/li><li>Sikre gode faglige fellesskap p\u00e5 skolene, blant annet ved \u00e5 tilby flere karriereveier for l\u00e6rerne. Utdanne flere l\u00e6rerspesialister i Osloskolen, for eksempel innenfor begynneroppl\u00e6ring.<\/li><li>Tilby videreutdanning til flere l\u00e6rere i begynneroppl\u00e6ring. M\u00e5let er at flere l\u00e6rere i Osloskolen skal bli spesialister i lese- og skriveoppl\u00e6ring for de yngste barna.<\/li><li>Ansette flere l\u00e6rere og s\u00e6rlig prioritere flere l\u00e6rere til de yngste barna og p\u00e5 skoler med s\u00e6rskilte utfordringer.<\/li><li>Gi l\u00e6rere l\u00f8nnsinsentiver dersom de underviser p\u00e5 skoler med rekrutteringsutfordringer eller s\u00e6rskilt svake resultater over tid.<\/li><li>At nyutdannede l\u00e6rere skal ha tilgang til profesjonell veiledning p\u00e5 skolene. Ha en egen mentorordning for nyutdannede l\u00e6rere for \u00e5 beholde dem i skolen.<\/li><li>Videref\u00f8re og styrke \u00abTeach First\u00bb-programmet for \u00e5 rekruttere dyktige, nyutdannede realister til \u00e5 bli l\u00e6rere i realfag. Utvikle konseptet for flere fagomr\u00e5der, slik at flere med fagbasert mastergrad kan kombinere praktisk-pedagogisk studium med utvidet undervisningsjobb.<\/li><li>Sikre at flere l\u00e6rerstudenter f\u00e5r praksis i Osloskolen, ved \u00e5 etablere flere universitetsskoler.<\/li><li>At alle rektorer i Osloskolen skal ha fordypning innen skoleledelse.<\/li><li>Redusere tidstyvene i skolen slik at l\u00e6rere og skoleledere kan bruke tid p\u00e5 undervisning og utvikling av pedagogisk praksis.<\/li><\/ul>\n\n","protected":false},"excerpt":{"rendered":"","protected":false},"author":51320,"featured_media":0,"parent":51,"menu_order":0,"comment_status":"closed","ping_status":"closed","template":"","meta":{"teft_cards_image_url":"","teft_cards_custom_pretitle":"","teft_cards_image_id":0,"teft_cards_image_focal_point_x":0,"teft_cards_image_focal_point_y":0,"teft_cards_title":"","teft_cards_excerpt":"","teft_show_chapters":false,"footnotes":""},"class_list":["post-3372","page","type-page","status-publish","hentry"],"yoast_head":"<!-- This site is optimized with the Yoast SEO Premium plugin v26.5 (Yoast SEO v26.6) - https:\/\/yoast.com\/wordpress\/plugins\/seo\/ -->\n<title>Dyktige l\u00e6rere og skoleledere - Oslo H\u00f8yre<\/title>\n<meta name=\"robots\" content=\"index, follow, max-snippet:-1, max-image-preview:large, max-video-preview:-1\" \/>\n<link rel=\"canonical\" href=\"https:\/\/hoyre.no\/oslo\/politikk\/vaar-politikk\/dyktige-laerere-og-skoleledere\/\" \/>\n<meta property=\"og:locale\" content=\"nb_NO\" \/>\n<meta property=\"og:type\" content=\"article\" \/>\n<meta property=\"og:title\" content=\"Dyktige l\u00e6rere og skoleledere\" \/>\n<meta property=\"og:url\" content=\"https:\/\/hoyre.no\/oslo\/politikk\/vaar-politikk\/dyktige-laerere-og-skoleledere\/\" \/>\n<meta property=\"og:site_name\" content=\"Oslo H\u00f8yre\" \/>\n<meta property=\"article:publisher\" content=\"https:\/\/www.facebook.com\/oslo.hoyre\" \/>\n<meta property=\"og:image\" content=\"https:\/\/hoyre.no\/content\/uploads\/sites\/408\/2022\/11\/Hoyres-logo.png\" \/>\n\t<meta property=\"og:image:width\" content=\"1000\" \/>\n\t<meta property=\"og:image:height\" content=\"1000\" \/>\n\t<meta property=\"og:image:type\" content=\"image\/png\" \/>\n<meta name=\"twitter:card\" content=\"summary_large_image\" \/>\n<meta name=\"twitter:label1\" content=\"Ansl. lesetid\" \/>\n\t<meta name=\"twitter:data1\" content=\"3 minutter\" \/>\n<script type=\"application\/ld+json\" class=\"yoast-schema-graph\">{\"@context\":\"https:\/\/schema.org\",\"@graph\":[{\"@type\":\"WebPage\",\"@id\":\"https:\/\/hoyre.no\/oslo\/politikk\/vaar-politikk\/dyktige-laerere-og-skoleledere\/\",\"url\":\"https:\/\/hoyre.no\/oslo\/politikk\/vaar-politikk\/dyktige-laerere-og-skoleledere\/\",\"name\":\"Dyktige l\u00e6rere og skoleledere - Oslo H\u00f8yre\",\"isPartOf\":{\"@id\":\"https:\/\/hoyre.no\/oslo\/#website\"},\"datePublished\":\"2022-10-07T14:32:02+00:00\",\"breadcrumb\":{\"@id\":\"https:\/\/hoyre.no\/oslo\/politikk\/vaar-politikk\/dyktige-laerere-og-skoleledere\/#breadcrumb\"},\"inLanguage\":\"nb-NO\",\"potentialAction\":[{\"@type\":\"ReadAction\",\"target\":[\"https:\/\/hoyre.no\/oslo\/politikk\/vaar-politikk\/dyktige-laerere-og-skoleledere\/\"]}]},{\"@type\":\"BreadcrumbList\",\"@id\":\"https:\/\/hoyre.no\/oslo\/politikk\/vaar-politikk\/dyktige-laerere-og-skoleledere\/#breadcrumb\",\"itemListElement\":[{\"@type\":\"ListItem\",\"position\":1,\"name\":\"Til hoyre.no\",\"item\":\"https:\/\/hoyre.no\"},{\"@type\":\"ListItem\",\"position\":2,\"name\":\"Hjem\",\"item\":\"https:\/\/hoyre.no\/oslo\/\"},{\"@type\":\"ListItem\",\"position\":3,\"name\":\"Politikk\",\"item\":\"https:\/\/hoyre.no\/oslo\/politikk\/\"},{\"@type\":\"ListItem\",\"position\":4,\"name\":\"V\u00e5r politikk\",\"item\":\"https:\/\/hoyre.no\/oslo\/politikk\/vaar-politikk\/\"},{\"@type\":\"ListItem\",\"position\":5,\"name\":\"Dyktige l\u00e6rere og skoleledere\"}]},{\"@type\":\"WebSite\",\"@id\":\"https:\/\/hoyre.no\/oslo\/#website\",\"url\":\"https:\/\/hoyre.no\/oslo\/\",\"name\":\"Oslo H\u00f8yre\",\"description\":\"\",\"publisher\":{\"@id\":\"https:\/\/hoyre.no\/oslo\/#organization\"},\"inLanguage\":\"nb-NO\"},{\"@type\":\"Organization\",\"@id\":\"https:\/\/hoyre.no\/oslo\/#organization\",\"name\":\"Oslo H\u00f8yre\",\"url\":\"https:\/\/hoyre.no\/oslo\/\",\"logo\":{\"@type\":\"ImageObject\",\"inLanguage\":\"nb-NO\",\"@id\":\"https:\/\/hoyre.no\/oslo\/#\/schema\/logo\/image\/\",\"url\":\"https:\/\/hoyre.no\/content\/uploads\/sites\/408\/2022\/11\/Hoyres-logo.png\",\"contentUrl\":\"https:\/\/hoyre.no\/content\/uploads\/sites\/408\/2022\/11\/Hoyres-logo.png\",\"width\":1000,\"height\":1000,\"caption\":\"Oslo H\u00f8yre\"},\"image\":{\"@id\":\"https:\/\/hoyre.no\/oslo\/#\/schema\/logo\/image\/\"},\"sameAs\":[\"https:\/\/www.facebook.com\/oslo.hoyre\"]}]}<\/script>\n<!-- \/ Yoast SEO Premium plugin. -->","yoast_head_json":{"title":"Dyktige l\u00e6rere og skoleledere - Oslo H\u00f8yre","robots":{"index":"index","follow":"follow","max-snippet":"max-snippet:-1","max-image-preview":"max-image-preview:large","max-video-preview":"max-video-preview:-1"},"canonical":"https:\/\/hoyre.no\/oslo\/politikk\/vaar-politikk\/dyktige-laerere-og-skoleledere\/","og_locale":"nb_NO","og_type":"article","og_title":"Dyktige l\u00e6rere og skoleledere","og_url":"https:\/\/hoyre.no\/oslo\/politikk\/vaar-politikk\/dyktige-laerere-og-skoleledere\/","og_site_name":"Oslo H\u00f8yre","article_publisher":"https:\/\/www.facebook.com\/oslo.hoyre","og_image":[{"width":1000,"height":1000,"url":"https:\/\/hoyre.no\/content\/uploads\/sites\/408\/2022\/11\/Hoyres-logo.png","type":"image\/png"}],"twitter_card":"summary_large_image","twitter_misc":{"Ansl. lesetid":"3 minutter"},"schema":{"@context":"https:\/\/schema.org","@graph":[{"@type":"WebPage","@id":"https:\/\/hoyre.no\/oslo\/politikk\/vaar-politikk\/dyktige-laerere-og-skoleledere\/","url":"https:\/\/hoyre.no\/oslo\/politikk\/vaar-politikk\/dyktige-laerere-og-skoleledere\/","name":"Dyktige l\u00e6rere og skoleledere - Oslo H\u00f8yre","isPartOf":{"@id":"https:\/\/hoyre.no\/oslo\/#website"},"datePublished":"2022-10-07T14:32:02+00:00","breadcrumb":{"@id":"https:\/\/hoyre.no\/oslo\/politikk\/vaar-politikk\/dyktige-laerere-og-skoleledere\/#breadcrumb"},"inLanguage":"nb-NO","potentialAction":[{"@type":"ReadAction","target":["https:\/\/hoyre.no\/oslo\/politikk\/vaar-politikk\/dyktige-laerere-og-skoleledere\/"]}]},{"@type":"BreadcrumbList","@id":"https:\/\/hoyre.no\/oslo\/politikk\/vaar-politikk\/dyktige-laerere-og-skoleledere\/#breadcrumb","itemListElement":[{"@type":"ListItem","position":1,"name":"Til hoyre.no","item":"https:\/\/hoyre.no"},{"@type":"ListItem","position":2,"name":"Hjem","item":"https:\/\/hoyre.no\/oslo\/"},{"@type":"ListItem","position":3,"name":"Politikk","item":"https:\/\/hoyre.no\/oslo\/politikk\/"},{"@type":"ListItem","position":4,"name":"V\u00e5r politikk","item":"https:\/\/hoyre.no\/oslo\/politikk\/vaar-politikk\/"},{"@type":"ListItem","position":5,"name":"Dyktige l\u00e6rere og skoleledere"}]},{"@type":"WebSite","@id":"https:\/\/hoyre.no\/oslo\/#website","url":"https:\/\/hoyre.no\/oslo\/","name":"Oslo H\u00f8yre","description":"","publisher":{"@id":"https:\/\/hoyre.no\/oslo\/#organization"},"inLanguage":"nb-NO"},{"@type":"Organization","@id":"https:\/\/hoyre.no\/oslo\/#organization","name":"Oslo H\u00f8yre","url":"https:\/\/hoyre.no\/oslo\/","logo":{"@type":"ImageObject","inLanguage":"nb-NO","@id":"https:\/\/hoyre.no\/oslo\/#\/schema\/logo\/image\/","url":"https:\/\/hoyre.no\/content\/uploads\/sites\/408\/2022\/11\/Hoyres-logo.png","contentUrl":"https:\/\/hoyre.no\/content\/uploads\/sites\/408\/2022\/11\/Hoyres-logo.png","width":1000,"height":1000,"caption":"Oslo H\u00f8yre"},"image":{"@id":"https:\/\/hoyre.no\/oslo\/#\/schema\/logo\/image\/"},"sameAs":["https:\/\/www.facebook.com\/oslo.hoyre"]}]}},"distributor_meta":false,"distributor_terms":false,"distributor_media":false,"distributor_original_site_name":"Oslo H\u00f8yre","distributor_original_site_url":"https:\/\/hoyre.no\/oslo","push-errors":false,"_links":{"self":[{"href":"https:\/\/hoyre.no\/oslo\/wp-json\/wp\/v2\/pages\/3372","targetHints":{"allow":["GET"]}}],"collection":[{"href":"https:\/\/hoyre.no\/oslo\/wp-json\/wp\/v2\/pages"}],"about":[{"href":"https:\/\/hoyre.no\/oslo\/wp-json\/wp\/v2\/types\/page"}],"author":[{"embeddable":true,"href":"https:\/\/hoyre.no\/oslo\/wp-json\/wp\/v2\/users\/51320"}],"replies":[{"embeddable":true,"href":"https:\/\/hoyre.no\/oslo\/wp-json\/wp\/v2\/comments?post=3372"}],"version-history":[{"count":1,"href":"https:\/\/hoyre.no\/oslo\/wp-json\/wp\/v2\/pages\/3372\/revisions"}],"predecessor-version":[{"id":3373,"href":"https:\/\/hoyre.no\/oslo\/wp-json\/wp\/v2\/pages\/3372\/revisions\/3373"}],"up":[{"embeddable":true,"href":"https:\/\/hoyre.no\/oslo\/wp-json\/wp\/v2\/pages\/51"}],"wp:attachment":[{"href":"https:\/\/hoyre.no\/oslo\/wp-json\/wp\/v2\/media?parent=3372"}],"curies":[{"name":"wp","href":"https:\/\/api.w.org\/{rel}","templated":true}]}}