{"id":3381,"date":"2022-10-07T16:37:32","date_gmt":"2022-10-07T14:37:32","guid":{"rendered":"https:\/\/hoyre.no\/oslo\/?page_id=3381"},"modified":"2022-10-07T16:37:32","modified_gmt":"2022-10-07T14:37:32","slug":"blagronne-oslo","status":"publish","type":"page","link":"https:\/\/hoyre.no\/oslo\/politikk\/vaar-politikk\/blagronne-oslo\/","title":{"rendered":"Bl\u00e5gr\u00f8nne Oslo"},"content":{"rendered":"\n<div class=\"wp-block-hoyre-hero with-image-gradient text-color-light  alignfull has-background\"><div class=\"hoyre-hero \"><h1 class=\"title\">Bl\u00e5gr\u00f8nne Oslo<\/h1><p class=\"preamble\">Parkene, fjorden, elvene og Marka er rekreasjonsomr\u00e5der som er viktige for byen v\u00e5r. For \u00e5 verne de viktigste omr\u00e5dene m\u00e5 vi sikre at de er i aktiv bruk. <br><br>Marka er flittig brukt av mange. Fjordbyen har gjort sj\u00f8en tilgjengelig for innbyggerne, og havnepromenaden er blitt et popul\u00e6rt omr\u00e5de for store og sm\u00e5. Det er ogs\u00e5 viktig \u00e5 legge til rette for bruk av sj\u00f8en for b\u00e5tfolket. Oslo H\u00f8yre vil at flere skal f\u00e5 tilgang til fjorden, blant annet ved \u00e5 etablere flere b\u00e5tplasser.<\/p><\/div><\/div>\n\n\n\n\n<p><strong>Oslo H\u00f8yre vil:<\/strong><\/p>\n\n\n\n<ul class=\"wp-block-list\"><li>Bevare markagrensen.<\/li><li>Gjen\u00e5pne Akerselva fra Vaterland til Oslo S for \u00e5 ta tilbake Akerselva som ferdsels\u00e5re for sm\u00e5b\u00e5ter. Samtidig etablere gr\u00f8ntdrag langs elven og slik knytte Akerselva sammen med Fjordbyen.<\/li><li>Legge til rette for gode forbindelser fra Kvadraturen og ned til fjorden.<\/li><li>Utarbeide en plan for \u00e5 styrke vernet av \u00d8stensj\u00f8vannet og dets omgivelser.<\/li><li>G\u00e5 i dialog med eieren av Galleri Oslo for \u00e5 frigj\u00f8re og byutvikle et st\u00f8rre parkomr\u00e5de n\u00e5r busstasjonen flyttes. M\u00e5lsetningen er at Galleri Oslo og dagens rampe (Nylandsbrua) rives, og at Vaterlandsparken utvides.<\/li><li>Legge lokk over Majorstuen T-banestasjon og bygge boliger og gr\u00f8ntarealer med sikte p\u00e5 \u00e5 forbinde Frognerparken med Friggfeltet.<\/li><li>Kartlegge hvor det kan etableres flere nye parker i sentrum. Utvikle parkene som gode m\u00f8teplasser for ulike aldersgrupper, med aktiv tilrettelegging for ungdom.<\/li><li>Etablere egne omr\u00e5der for lufting av hunder i de st\u00f8rste parkene.<\/li><li>Videreutvikle et godt, gr\u00f8nt nettverk av turstier og gangstier fra fjorden til Marka. Forbedre turskiltingen.<\/li><li>Innf\u00f8re friluftsporter, begrensede aktivitetsomr\u00e5der ved inngangen til Marka som p\u00e5 Markas premisser inviterer til trening og aktivitet.<\/li><li>Videreutvikle gode turveier langs Oslos sj\u00f8side.<\/li><li>Etablere et nytt sj\u00f8bad p\u00e5 Filipstad. Etablere ny marina og gjestehavn n\u00e5r Filipstad bygges ut.<\/li><li>Bygge anlegg for t\u00f8mming av sanit\u00e6ranlegg fra fritidsb\u00e5ter i Oslofjorden.<\/li><li>I samarbeid med b\u00e5tforeningene etablere flere b\u00e5tplasser, ogs\u00e5 for vinterlagring. Legge bedre til rette for utsetting av fritidsb\u00e5ter.<\/li><li>Stimulere til overgang til elektrifisering av fritidsb\u00e5ter, for eksempel ved \u00e5 st\u00f8tte ladestasjoner i sm\u00e5b\u00e5thavnene.<\/li><li>Etablere kunstige \u00f8yer i Oslofjorden for \u00e5 tilrettelegge for flere badeplasser og sm\u00e5b\u00e5tplasser.<\/li><li>Legge til rette for opprettelse av flere nye b\u00e5tforbindelser i Oslofjorden.<\/li><li>Etablere flere fergebrygger ved badestrendene.<\/li><li>Oppgradere strendene med stupet\u00e5rn, badebrygger og lignende.<\/li><li>Sikre flere tur- og friluftsomr\u00e5der langs Alnaelva, samt forebygge forurensende utslipp.<\/li><li>Arbeide for at flere av byens strender skal tilfredsstille de internasjonale milj\u00f8kravene for en Bl\u00e5tt Flagg-sertifisering.<\/li><\/ul>\n\n","protected":false},"excerpt":{"rendered":"","protected":false},"author":51320,"featured_media":0,"parent":51,"menu_order":0,"comment_status":"closed","ping_status":"closed","template":"","meta":{"teft_cards_image_url":"","teft_cards_custom_pretitle":"","teft_cards_image_id":0,"teft_cards_image_focal_point_x":0,"teft_cards_image_focal_point_y":0,"teft_cards_title":"","teft_cards_excerpt":"","teft_show_chapters":false,"footnotes":""},"class_list":["post-3381","page","type-page","status-publish","hentry"],"yoast_head":"<!-- This site is optimized with the Yoast SEO Premium plugin v26.5 (Yoast SEO v26.6) - https:\/\/yoast.com\/wordpress\/plugins\/seo\/ -->\n<title>Bl\u00e5gr\u00f8nne Oslo - Oslo H\u00f8yre<\/title>\n<meta name=\"robots\" content=\"index, follow, max-snippet:-1, max-image-preview:large, max-video-preview:-1\" \/>\n<link rel=\"canonical\" href=\"https:\/\/hoyre.no\/oslo\/politikk\/vaar-politikk\/blagronne-oslo\/\" \/>\n<meta property=\"og:locale\" content=\"nb_NO\" \/>\n<meta property=\"og:type\" content=\"article\" \/>\n<meta property=\"og:title\" content=\"Bl\u00e5gr\u00f8nne Oslo\" \/>\n<meta property=\"og:url\" content=\"https:\/\/hoyre.no\/oslo\/politikk\/vaar-politikk\/blagronne-oslo\/\" \/>\n<meta property=\"og:site_name\" content=\"Oslo H\u00f8yre\" \/>\n<meta property=\"article:publisher\" content=\"https:\/\/www.facebook.com\/oslo.hoyre\" \/>\n<meta property=\"og:image\" content=\"https:\/\/hoyre.no\/content\/uploads\/sites\/408\/2022\/11\/Hoyres-logo.png\" \/>\n\t<meta property=\"og:image:width\" content=\"1000\" \/>\n\t<meta property=\"og:image:height\" content=\"1000\" \/>\n\t<meta property=\"og:image:type\" content=\"image\/png\" \/>\n<meta name=\"twitter:card\" content=\"summary_large_image\" \/>\n<meta name=\"twitter:label1\" content=\"Ansl. lesetid\" \/>\n\t<meta name=\"twitter:data1\" content=\"3 minutter\" \/>\n<script type=\"application\/ld+json\" class=\"yoast-schema-graph\">{\"@context\":\"https:\/\/schema.org\",\"@graph\":[{\"@type\":\"WebPage\",\"@id\":\"https:\/\/hoyre.no\/oslo\/politikk\/vaar-politikk\/blagronne-oslo\/\",\"url\":\"https:\/\/hoyre.no\/oslo\/politikk\/vaar-politikk\/blagronne-oslo\/\",\"name\":\"Bl\u00e5gr\u00f8nne Oslo - Oslo H\u00f8yre\",\"isPartOf\":{\"@id\":\"https:\/\/hoyre.no\/oslo\/#website\"},\"datePublished\":\"2022-10-07T14:37:32+00:00\",\"breadcrumb\":{\"@id\":\"https:\/\/hoyre.no\/oslo\/politikk\/vaar-politikk\/blagronne-oslo\/#breadcrumb\"},\"inLanguage\":\"nb-NO\",\"potentialAction\":[{\"@type\":\"ReadAction\",\"target\":[\"https:\/\/hoyre.no\/oslo\/politikk\/vaar-politikk\/blagronne-oslo\/\"]}]},{\"@type\":\"BreadcrumbList\",\"@id\":\"https:\/\/hoyre.no\/oslo\/politikk\/vaar-politikk\/blagronne-oslo\/#breadcrumb\",\"itemListElement\":[{\"@type\":\"ListItem\",\"position\":1,\"name\":\"Til hoyre.no\",\"item\":\"https:\/\/hoyre.no\"},{\"@type\":\"ListItem\",\"position\":2,\"name\":\"Hjem\",\"item\":\"https:\/\/hoyre.no\/oslo\/\"},{\"@type\":\"ListItem\",\"position\":3,\"name\":\"Politikk\",\"item\":\"https:\/\/hoyre.no\/oslo\/politikk\/\"},{\"@type\":\"ListItem\",\"position\":4,\"name\":\"V\u00e5r politikk\",\"item\":\"https:\/\/hoyre.no\/oslo\/politikk\/vaar-politikk\/\"},{\"@type\":\"ListItem\",\"position\":5,\"name\":\"Bl\u00e5gr\u00f8nne Oslo\"}]},{\"@type\":\"WebSite\",\"@id\":\"https:\/\/hoyre.no\/oslo\/#website\",\"url\":\"https:\/\/hoyre.no\/oslo\/\",\"name\":\"Oslo H\u00f8yre\",\"description\":\"\",\"publisher\":{\"@id\":\"https:\/\/hoyre.no\/oslo\/#organization\"},\"inLanguage\":\"nb-NO\"},{\"@type\":\"Organization\",\"@id\":\"https:\/\/hoyre.no\/oslo\/#organization\",\"name\":\"Oslo H\u00f8yre\",\"url\":\"https:\/\/hoyre.no\/oslo\/\",\"logo\":{\"@type\":\"ImageObject\",\"inLanguage\":\"nb-NO\",\"@id\":\"https:\/\/hoyre.no\/oslo\/#\/schema\/logo\/image\/\",\"url\":\"https:\/\/hoyre.no\/content\/uploads\/sites\/408\/2022\/11\/Hoyres-logo.png\",\"contentUrl\":\"https:\/\/hoyre.no\/content\/uploads\/sites\/408\/2022\/11\/Hoyres-logo.png\",\"width\":1000,\"height\":1000,\"caption\":\"Oslo H\u00f8yre\"},\"image\":{\"@id\":\"https:\/\/hoyre.no\/oslo\/#\/schema\/logo\/image\/\"},\"sameAs\":[\"https:\/\/www.facebook.com\/oslo.hoyre\"]}]}<\/script>\n<!-- \/ Yoast SEO Premium plugin. -->","yoast_head_json":{"title":"Bl\u00e5gr\u00f8nne Oslo - Oslo H\u00f8yre","robots":{"index":"index","follow":"follow","max-snippet":"max-snippet:-1","max-image-preview":"max-image-preview:large","max-video-preview":"max-video-preview:-1"},"canonical":"https:\/\/hoyre.no\/oslo\/politikk\/vaar-politikk\/blagronne-oslo\/","og_locale":"nb_NO","og_type":"article","og_title":"Bl\u00e5gr\u00f8nne Oslo","og_url":"https:\/\/hoyre.no\/oslo\/politikk\/vaar-politikk\/blagronne-oslo\/","og_site_name":"Oslo H\u00f8yre","article_publisher":"https:\/\/www.facebook.com\/oslo.hoyre","og_image":[{"width":1000,"height":1000,"url":"https:\/\/hoyre.no\/content\/uploads\/sites\/408\/2022\/11\/Hoyres-logo.png","type":"image\/png"}],"twitter_card":"summary_large_image","twitter_misc":{"Ansl. lesetid":"3 minutter"},"schema":{"@context":"https:\/\/schema.org","@graph":[{"@type":"WebPage","@id":"https:\/\/hoyre.no\/oslo\/politikk\/vaar-politikk\/blagronne-oslo\/","url":"https:\/\/hoyre.no\/oslo\/politikk\/vaar-politikk\/blagronne-oslo\/","name":"Bl\u00e5gr\u00f8nne Oslo - Oslo H\u00f8yre","isPartOf":{"@id":"https:\/\/hoyre.no\/oslo\/#website"},"datePublished":"2022-10-07T14:37:32+00:00","breadcrumb":{"@id":"https:\/\/hoyre.no\/oslo\/politikk\/vaar-politikk\/blagronne-oslo\/#breadcrumb"},"inLanguage":"nb-NO","potentialAction":[{"@type":"ReadAction","target":["https:\/\/hoyre.no\/oslo\/politikk\/vaar-politikk\/blagronne-oslo\/"]}]},{"@type":"BreadcrumbList","@id":"https:\/\/hoyre.no\/oslo\/politikk\/vaar-politikk\/blagronne-oslo\/#breadcrumb","itemListElement":[{"@type":"ListItem","position":1,"name":"Til hoyre.no","item":"https:\/\/hoyre.no"},{"@type":"ListItem","position":2,"name":"Hjem","item":"https:\/\/hoyre.no\/oslo\/"},{"@type":"ListItem","position":3,"name":"Politikk","item":"https:\/\/hoyre.no\/oslo\/politikk\/"},{"@type":"ListItem","position":4,"name":"V\u00e5r politikk","item":"https:\/\/hoyre.no\/oslo\/politikk\/vaar-politikk\/"},{"@type":"ListItem","position":5,"name":"Bl\u00e5gr\u00f8nne Oslo"}]},{"@type":"WebSite","@id":"https:\/\/hoyre.no\/oslo\/#website","url":"https:\/\/hoyre.no\/oslo\/","name":"Oslo H\u00f8yre","description":"","publisher":{"@id":"https:\/\/hoyre.no\/oslo\/#organization"},"inLanguage":"nb-NO"},{"@type":"Organization","@id":"https:\/\/hoyre.no\/oslo\/#organization","name":"Oslo H\u00f8yre","url":"https:\/\/hoyre.no\/oslo\/","logo":{"@type":"ImageObject","inLanguage":"nb-NO","@id":"https:\/\/hoyre.no\/oslo\/#\/schema\/logo\/image\/","url":"https:\/\/hoyre.no\/content\/uploads\/sites\/408\/2022\/11\/Hoyres-logo.png","contentUrl":"https:\/\/hoyre.no\/content\/uploads\/sites\/408\/2022\/11\/Hoyres-logo.png","width":1000,"height":1000,"caption":"Oslo H\u00f8yre"},"image":{"@id":"https:\/\/hoyre.no\/oslo\/#\/schema\/logo\/image\/"},"sameAs":["https:\/\/www.facebook.com\/oslo.hoyre"]}]}},"distributor_meta":false,"distributor_terms":false,"distributor_media":false,"distributor_original_site_name":"Oslo H\u00f8yre","distributor_original_site_url":"https:\/\/hoyre.no\/oslo","push-errors":false,"_links":{"self":[{"href":"https:\/\/hoyre.no\/oslo\/wp-json\/wp\/v2\/pages\/3381","targetHints":{"allow":["GET"]}}],"collection":[{"href":"https:\/\/hoyre.no\/oslo\/wp-json\/wp\/v2\/pages"}],"about":[{"href":"https:\/\/hoyre.no\/oslo\/wp-json\/wp\/v2\/types\/page"}],"author":[{"embeddable":true,"href":"https:\/\/hoyre.no\/oslo\/wp-json\/wp\/v2\/users\/51320"}],"replies":[{"embeddable":true,"href":"https:\/\/hoyre.no\/oslo\/wp-json\/wp\/v2\/comments?post=3381"}],"version-history":[{"count":1,"href":"https:\/\/hoyre.no\/oslo\/wp-json\/wp\/v2\/pages\/3381\/revisions"}],"predecessor-version":[{"id":3382,"href":"https:\/\/hoyre.no\/oslo\/wp-json\/wp\/v2\/pages\/3381\/revisions\/3382"}],"up":[{"embeddable":true,"href":"https:\/\/hoyre.no\/oslo\/wp-json\/wp\/v2\/pages\/51"}],"wp:attachment":[{"href":"https:\/\/hoyre.no\/oslo\/wp-json\/wp\/v2\/media?parent=3381"}],"curies":[{"name":"wp","href":"https:\/\/api.w.org\/{rel}","templated":true}]}}