{"id":3387,"date":"2022-10-07T16:40:51","date_gmt":"2022-10-07T14:40:51","guid":{"rendered":"https:\/\/hoyre.no\/oslo\/?page_id=3387"},"modified":"2022-10-07T16:40:51","modified_gmt":"2022-10-07T14:40:51","slug":"bedre-helsehjelp","status":"publish","type":"page","link":"https:\/\/hoyre.no\/oslo\/politikk\/vaar-politikk\/bedre-helsehjelp\/","title":{"rendered":"Bedre helsehjelp"},"content":{"rendered":"\n<div class=\"wp-block-hoyre-hero with-image-gradient text-color-light  alignfull has-background\"><div class=\"hoyre-hero \"><h1 class=\"title\">Bedre helsehjelp<\/h1><p class=\"preamble\">I dag er det er en \u00f8kende andel eldre med sammensatte og komplekse behov. Mange av dem trenger tverrfaglig hjelp, over lang tid, enten hjemme eller p\u00e5 sykehjem. <br><br>Det er en utfordring at kompetansen er for lav i deler av tjenesten. Det skyldes en for h\u00f8y andel ufagl\u00e6rte, mange vikarer og utfordringer med \u00e5 rekruttere fagutdannet personell. I tillegg er koordineringen av tjenestene for d\u00e5rlig. Dette gjelder s\u00e6rlig for eldre som bor hjemme og f\u00e5r helse- og omsorgstjenester der.<\/p><\/div><\/div>\n\n\n\n\n<p>Oslo H\u00f8yre vil tenke nytt om organiseringen av tjenestene, og vil blant annet etablere mindre, tverrfaglig team som brukeren kjenner til og er trygg p\u00e5.<\/p>\n\n\n\n<p>Det viktigste i helse- og omsorgstjenesten er dyktige ansatte som kan gi god helsehjelp og omsorg. Oslo H\u00f8yre vil sikre bedre etter- og videreutdanningstilbud for de som jobber i tjenesten, og sikre god rekruttering og stabil bemanning. <\/p>\n\n\n\n<p>H\u00f8yere helsefaglig og medisinsk kompetanse er helt n\u00f8dvendig, b\u00e5de for at behandlingen og oppf\u00f8lgingen av den enkelte skal bli bedre, og for at tjenestene skal bli mer effektive. For at eldre skal oppleve trygg og god kommunikasjon, m\u00e5 det stilles spr\u00e5kkrav til de ansatte i eldreomsorgen, b\u00e5de p\u00e5 sykehjem og i hjemmetjenestene. Tjenester av god kvalitet fordrer at det ogs\u00e5 stilles klare krav til ledelse, og flere ansatte m\u00e5 f\u00e5 muligheten til \u00e5 gjennomf\u00f8re lederutdanning.<\/p>\n\n\n\n<p><strong>Oslo H\u00f8yre vil:<\/strong><\/p>\n\n\n\n<ul class=\"wp-block-list\"><li>Sikre et godt samarbeid og tydeligere roller og ansvar i pasientforl\u00f8pet fra sykehus til hjemmesykepleie.<\/li><li>Gi flere eldre med komplekse behov tilbud i form av tverrfaglige team. Oppf\u00f8lgingsteamet skal sikre at eldre som bor hjemme, f\u00e5r bedre og mer koordinerte tjenester, og det skal redusere risikoen for fremtidig sykehusinnleggelse.<\/li><li>Tilby eldre fysisk trening p\u00e5 en systematisk og m\u00e5lrettet m\u00e5te for \u00e5 ivareta fysisk funksjon og forebygge fall og kognitiv svikt.<\/li><li>Bedre tannhelsetilbudet til eldre p\u00e5 institusjon og blant dem som mottar hjemmehjelp.<\/li><li>Redusere un\u00f8dvendig medikamentbruk gjennom \u00e5 sikre at flere ansatte har oppl\u00e6ring i riktig legemiddelbruk.<\/li><li>Legge til rette for at beboere som har norsk som annet- eller tredjespr\u00e5k, kan ha jevnlig kontakt med ansatte eller frivillige som snakker deres morsm\u00e5l.<\/li><li>Innf\u00f8re ordningen \u00abMenn i helse\u00bb i Oslo, slik at flere menn rekrutteres til helse- og omsorgstjenesten, og bidrar til \u00e5 skape en mer mangfoldig tjeneste.<\/li><li>Arbeide for \u00e5 redusere andelen deltidsstillinger og sikre at eldre f\u00e5r f\u00e6rre mennesker \u00e5 forholde seg til, blant annet gjennom \u00e5 pr\u00f8ve ut nye arbeids- og organisasjonsmodeller og alternative turnusordninger.<\/li><li>Gi flere ansatte i helse- og omsorgstjenesten tilbud om etter- og videreutdanning, og tilby flere utdanning innen ledelse.<\/li><li>Tilby ufagl\u00e6rte i sykehjem og hjemmetjeneste utdanning, slik at flere f\u00e5r fagkompetanse og med det st\u00f8rre mulighet for at de forblir ansatt i kommunen.<\/li><li>I st\u00f8rre grad tilby langturnuser i sykehjem og barnevernsinstitusjoner, som i tillegg til \u00e5 v\u00e6re det beste for brukerne ogs\u00e5 er \u00f8nsket av mange arbeidstagere, og vil bidra til \u00e5 redusere ufrivillig deltidsarbeid.<\/li><li>At Oslo kommune skal inng\u00e5 l\u00e6rlingkontrakter i sine helserelaterte virksomheter for \u00e5 sikre jevn rekruttering til sektoren.<\/li><li>Stille spr\u00e5kkrav til ansatte i omsorgstjenestene.<\/li><li>At ansatte i omsorgstjenestens f\u00f8rstelinje skal ha basiskunnskap om utfordringer rundt seksuell orientering, kj\u00f8nnsidentitet og kj\u00f8nnsuttrykk.<\/li><li>Utvikle felles retningslinjer og rutiner for tilsynsutvalgene, som skal v\u00e6re felles for alle bydeler.<\/li><\/ul>\n\n","protected":false},"excerpt":{"rendered":"","protected":false},"author":51320,"featured_media":0,"parent":51,"menu_order":0,"comment_status":"closed","ping_status":"closed","template":"","meta":{"teft_cards_image_url":"","teft_cards_custom_pretitle":"","teft_cards_image_id":0,"teft_cards_image_focal_point_x":0,"teft_cards_image_focal_point_y":0,"teft_cards_title":"","teft_cards_excerpt":"","teft_show_chapters":false,"footnotes":""},"class_list":["post-3387","page","type-page","status-publish","hentry"],"yoast_head":"<!-- This site is optimized with the Yoast SEO Premium plugin v26.5 (Yoast SEO v26.6) - https:\/\/yoast.com\/wordpress\/plugins\/seo\/ -->\n<title>Bedre helsehjelp - Oslo H\u00f8yre<\/title>\n<meta name=\"robots\" content=\"index, follow, max-snippet:-1, max-image-preview:large, max-video-preview:-1\" \/>\n<link rel=\"canonical\" href=\"https:\/\/hoyre.no\/oslo\/politikk\/vaar-politikk\/bedre-helsehjelp\/\" \/>\n<meta property=\"og:locale\" content=\"nb_NO\" \/>\n<meta property=\"og:type\" content=\"article\" \/>\n<meta property=\"og:title\" content=\"Bedre helsehjelp\" \/>\n<meta property=\"og:url\" content=\"https:\/\/hoyre.no\/oslo\/politikk\/vaar-politikk\/bedre-helsehjelp\/\" \/>\n<meta property=\"og:site_name\" content=\"Oslo H\u00f8yre\" \/>\n<meta property=\"article:publisher\" content=\"https:\/\/www.facebook.com\/oslo.hoyre\" \/>\n<meta property=\"og:image\" content=\"https:\/\/hoyre.no\/content\/uploads\/sites\/408\/2022\/11\/Hoyres-logo.png\" \/>\n\t<meta property=\"og:image:width\" content=\"1000\" \/>\n\t<meta property=\"og:image:height\" content=\"1000\" \/>\n\t<meta property=\"og:image:type\" content=\"image\/png\" \/>\n<meta name=\"twitter:card\" content=\"summary_large_image\" \/>\n<meta name=\"twitter:label1\" content=\"Ansl. lesetid\" \/>\n\t<meta name=\"twitter:data1\" content=\"3 minutter\" \/>\n<script type=\"application\/ld+json\" class=\"yoast-schema-graph\">{\"@context\":\"https:\/\/schema.org\",\"@graph\":[{\"@type\":\"WebPage\",\"@id\":\"https:\/\/hoyre.no\/oslo\/politikk\/vaar-politikk\/bedre-helsehjelp\/\",\"url\":\"https:\/\/hoyre.no\/oslo\/politikk\/vaar-politikk\/bedre-helsehjelp\/\",\"name\":\"Bedre helsehjelp - Oslo H\u00f8yre\",\"isPartOf\":{\"@id\":\"https:\/\/hoyre.no\/oslo\/#website\"},\"datePublished\":\"2022-10-07T14:40:51+00:00\",\"breadcrumb\":{\"@id\":\"https:\/\/hoyre.no\/oslo\/politikk\/vaar-politikk\/bedre-helsehjelp\/#breadcrumb\"},\"inLanguage\":\"nb-NO\",\"potentialAction\":[{\"@type\":\"ReadAction\",\"target\":[\"https:\/\/hoyre.no\/oslo\/politikk\/vaar-politikk\/bedre-helsehjelp\/\"]}]},{\"@type\":\"BreadcrumbList\",\"@id\":\"https:\/\/hoyre.no\/oslo\/politikk\/vaar-politikk\/bedre-helsehjelp\/#breadcrumb\",\"itemListElement\":[{\"@type\":\"ListItem\",\"position\":1,\"name\":\"Til hoyre.no\",\"item\":\"https:\/\/hoyre.no\"},{\"@type\":\"ListItem\",\"position\":2,\"name\":\"Hjem\",\"item\":\"https:\/\/hoyre.no\/oslo\/\"},{\"@type\":\"ListItem\",\"position\":3,\"name\":\"Politikk\",\"item\":\"https:\/\/hoyre.no\/oslo\/politikk\/\"},{\"@type\":\"ListItem\",\"position\":4,\"name\":\"V\u00e5r politikk\",\"item\":\"https:\/\/hoyre.no\/oslo\/politikk\/vaar-politikk\/\"},{\"@type\":\"ListItem\",\"position\":5,\"name\":\"Bedre helsehjelp\"}]},{\"@type\":\"WebSite\",\"@id\":\"https:\/\/hoyre.no\/oslo\/#website\",\"url\":\"https:\/\/hoyre.no\/oslo\/\",\"name\":\"Oslo H\u00f8yre\",\"description\":\"\",\"publisher\":{\"@id\":\"https:\/\/hoyre.no\/oslo\/#organization\"},\"inLanguage\":\"nb-NO\"},{\"@type\":\"Organization\",\"@id\":\"https:\/\/hoyre.no\/oslo\/#organization\",\"name\":\"Oslo H\u00f8yre\",\"url\":\"https:\/\/hoyre.no\/oslo\/\",\"logo\":{\"@type\":\"ImageObject\",\"inLanguage\":\"nb-NO\",\"@id\":\"https:\/\/hoyre.no\/oslo\/#\/schema\/logo\/image\/\",\"url\":\"https:\/\/hoyre.no\/content\/uploads\/sites\/408\/2022\/11\/Hoyres-logo.png\",\"contentUrl\":\"https:\/\/hoyre.no\/content\/uploads\/sites\/408\/2022\/11\/Hoyres-logo.png\",\"width\":1000,\"height\":1000,\"caption\":\"Oslo H\u00f8yre\"},\"image\":{\"@id\":\"https:\/\/hoyre.no\/oslo\/#\/schema\/logo\/image\/\"},\"sameAs\":[\"https:\/\/www.facebook.com\/oslo.hoyre\"]}]}<\/script>\n<!-- \/ Yoast SEO Premium plugin. -->","yoast_head_json":{"title":"Bedre helsehjelp - Oslo H\u00f8yre","robots":{"index":"index","follow":"follow","max-snippet":"max-snippet:-1","max-image-preview":"max-image-preview:large","max-video-preview":"max-video-preview:-1"},"canonical":"https:\/\/hoyre.no\/oslo\/politikk\/vaar-politikk\/bedre-helsehjelp\/","og_locale":"nb_NO","og_type":"article","og_title":"Bedre helsehjelp","og_url":"https:\/\/hoyre.no\/oslo\/politikk\/vaar-politikk\/bedre-helsehjelp\/","og_site_name":"Oslo H\u00f8yre","article_publisher":"https:\/\/www.facebook.com\/oslo.hoyre","og_image":[{"width":1000,"height":1000,"url":"https:\/\/hoyre.no\/content\/uploads\/sites\/408\/2022\/11\/Hoyres-logo.png","type":"image\/png"}],"twitter_card":"summary_large_image","twitter_misc":{"Ansl. lesetid":"3 minutter"},"schema":{"@context":"https:\/\/schema.org","@graph":[{"@type":"WebPage","@id":"https:\/\/hoyre.no\/oslo\/politikk\/vaar-politikk\/bedre-helsehjelp\/","url":"https:\/\/hoyre.no\/oslo\/politikk\/vaar-politikk\/bedre-helsehjelp\/","name":"Bedre helsehjelp - Oslo H\u00f8yre","isPartOf":{"@id":"https:\/\/hoyre.no\/oslo\/#website"},"datePublished":"2022-10-07T14:40:51+00:00","breadcrumb":{"@id":"https:\/\/hoyre.no\/oslo\/politikk\/vaar-politikk\/bedre-helsehjelp\/#breadcrumb"},"inLanguage":"nb-NO","potentialAction":[{"@type":"ReadAction","target":["https:\/\/hoyre.no\/oslo\/politikk\/vaar-politikk\/bedre-helsehjelp\/"]}]},{"@type":"BreadcrumbList","@id":"https:\/\/hoyre.no\/oslo\/politikk\/vaar-politikk\/bedre-helsehjelp\/#breadcrumb","itemListElement":[{"@type":"ListItem","position":1,"name":"Til hoyre.no","item":"https:\/\/hoyre.no"},{"@type":"ListItem","position":2,"name":"Hjem","item":"https:\/\/hoyre.no\/oslo\/"},{"@type":"ListItem","position":3,"name":"Politikk","item":"https:\/\/hoyre.no\/oslo\/politikk\/"},{"@type":"ListItem","position":4,"name":"V\u00e5r politikk","item":"https:\/\/hoyre.no\/oslo\/politikk\/vaar-politikk\/"},{"@type":"ListItem","position":5,"name":"Bedre helsehjelp"}]},{"@type":"WebSite","@id":"https:\/\/hoyre.no\/oslo\/#website","url":"https:\/\/hoyre.no\/oslo\/","name":"Oslo H\u00f8yre","description":"","publisher":{"@id":"https:\/\/hoyre.no\/oslo\/#organization"},"inLanguage":"nb-NO"},{"@type":"Organization","@id":"https:\/\/hoyre.no\/oslo\/#organization","name":"Oslo H\u00f8yre","url":"https:\/\/hoyre.no\/oslo\/","logo":{"@type":"ImageObject","inLanguage":"nb-NO","@id":"https:\/\/hoyre.no\/oslo\/#\/schema\/logo\/image\/","url":"https:\/\/hoyre.no\/content\/uploads\/sites\/408\/2022\/11\/Hoyres-logo.png","contentUrl":"https:\/\/hoyre.no\/content\/uploads\/sites\/408\/2022\/11\/Hoyres-logo.png","width":1000,"height":1000,"caption":"Oslo H\u00f8yre"},"image":{"@id":"https:\/\/hoyre.no\/oslo\/#\/schema\/logo\/image\/"},"sameAs":["https:\/\/www.facebook.com\/oslo.hoyre"]}]}},"distributor_meta":false,"distributor_terms":false,"distributor_media":false,"distributor_original_site_name":"Oslo H\u00f8yre","distributor_original_site_url":"https:\/\/hoyre.no\/oslo","push-errors":false,"_links":{"self":[{"href":"https:\/\/hoyre.no\/oslo\/wp-json\/wp\/v2\/pages\/3387","targetHints":{"allow":["GET"]}}],"collection":[{"href":"https:\/\/hoyre.no\/oslo\/wp-json\/wp\/v2\/pages"}],"about":[{"href":"https:\/\/hoyre.no\/oslo\/wp-json\/wp\/v2\/types\/page"}],"author":[{"embeddable":true,"href":"https:\/\/hoyre.no\/oslo\/wp-json\/wp\/v2\/users\/51320"}],"replies":[{"embeddable":true,"href":"https:\/\/hoyre.no\/oslo\/wp-json\/wp\/v2\/comments?post=3387"}],"version-history":[{"count":1,"href":"https:\/\/hoyre.no\/oslo\/wp-json\/wp\/v2\/pages\/3387\/revisions"}],"predecessor-version":[{"id":3388,"href":"https:\/\/hoyre.no\/oslo\/wp-json\/wp\/v2\/pages\/3387\/revisions\/3388"}],"up":[{"embeddable":true,"href":"https:\/\/hoyre.no\/oslo\/wp-json\/wp\/v2\/pages\/51"}],"wp:attachment":[{"href":"https:\/\/hoyre.no\/oslo\/wp-json\/wp\/v2\/media?parent=3387"}],"curies":[{"name":"wp","href":"https:\/\/api.w.org\/{rel}","templated":true}]}}