{"id":3404,"date":"2022-10-09T15:01:34","date_gmt":"2022-10-09T13:01:34","guid":{"rendered":"https:\/\/hoyre.no\/oslo\/?page_id=3404"},"modified":"2026-03-19T15:57:36","modified_gmt":"2026-03-19T14:57:36","slug":"oslo-hoyres-kvinneforum","status":"publish","type":"page","link":"https:\/\/hoyre.no\/oslo\/foreninger\/oslo-hoyres-kvinneforum\/","title":{"rendered":"Oslo H\u00f8yres Kvinneforum"},"content":{"rendered":"\n<div class=\"wp-block-hoyre-hero with-image-gradient text-color-light  alignfull has-background \"><div class=\"hoyre-hero \"><h1 class=\"title\">Oslo H\u00f8yres Kvinneforum<\/h1><\/div><\/div>\n\n\n\n\n<p>Nina Cecilie Th\u00fcrmer Ford tok over som ny leder av Oslo H\u00f8yres kvinneforum i 2026.<\/p>\n\n\n\n<p>Vi gleder oss til \u00e5 fortsette arbeidet med \u00e5 inspirere, motivere, undervise, veilede, foresl\u00e5 og profilere dyktige damer, og vi har store ambisjoner for tiden som kommer.<\/p>\n\n\n\n<p>Kontakt oss p\u00e5 <a href=\"mailto:kvinneforum@oslohoyre.no\">kvinneforum@oslohoyre.no<\/a><\/p>\n\n\n\n<h2 class=\"wp-block-heading\" id=\"h-styret\">Styret<\/h2>\n\n\n\n<ul class=\"wp-block-list\">\n<li>Leder: Nina Cecilie Th\u00fcrmer Ford<\/li>\n\n\n\n<li>Nestleder: Henny Lie Skarpholt\u00a0<\/li>\n\n\n\n<li>Medlem: Janniche Fusdahl&nbsp;<\/li>\n\n\n\n<li>Medlem: Hilde Helland&nbsp;<\/li>\n\n\n\n<li>Medlem: Inger Elisabeth Lie&nbsp;<\/li>\n\n\n\n<li>Medlem: Katja Elizabeth Dahl Murphy&nbsp;<\/li>\n\n\n\n<li>Medlem: Ragnhild R\u00f8nneberg&nbsp;<\/li>\n\n\n\n<li>Medlem: Katinka Oxaas\u00a0<\/li>\n\n\n\n<li>Medlem: Elisabeth Hekneby&nbsp;<\/li>\n\n\n\n<li>Medlem: Anita Hegge&nbsp;<\/li>\n<\/ul>\n\n","protected":false},"excerpt":{"rendered":"","protected":false},"author":51320,"featured_media":0,"parent":127,"menu_order":0,"comment_status":"closed","ping_status":"closed","template":"","meta":{"teft_cards_image_url":"","teft_cards_custom_pretitle":"","teft_cards_image_id":0,"teft_cards_image_focal_point_x":0,"teft_cards_image_focal_point_y":0,"teft_cards_title":"","teft_cards_excerpt":"","teft_show_chapters":false,"footnotes":""},"class_list":["post-3404","page","type-page","status-publish","hentry"],"yoast_head":"<!-- This site is optimized with the Yoast SEO Premium plugin v26.5 (Yoast SEO v26.6) - https:\/\/yoast.com\/wordpress\/plugins\/seo\/ -->\n<title>Oslo H\u00f8yres Kvinneforum - Oslo H\u00f8yre<\/title>\n<meta name=\"robots\" content=\"index, follow, max-snippet:-1, max-image-preview:large, max-video-preview:-1\" \/>\n<link rel=\"canonical\" href=\"https:\/\/hoyre.no\/oslo\/foreninger\/oslo-hoyres-kvinneforum\/\" \/>\n<meta property=\"og:locale\" content=\"nb_NO\" \/>\n<meta property=\"og:type\" content=\"article\" \/>\n<meta property=\"og:title\" content=\"Oslo H\u00f8yres Kvinneforum\" \/>\n<meta property=\"og:url\" content=\"https:\/\/hoyre.no\/oslo\/foreninger\/oslo-hoyres-kvinneforum\/\" \/>\n<meta property=\"og:site_name\" content=\"Oslo H\u00f8yre\" \/>\n<meta property=\"article:publisher\" content=\"https:\/\/www.facebook.com\/oslo.hoyre\" \/>\n<meta property=\"article:modified_time\" content=\"2026-03-19T14:57:36+00:00\" \/>\n<meta property=\"og:image\" content=\"https:\/\/hoyre.no\/content\/uploads\/sites\/408\/2022\/11\/Hoyres-logo.png\" \/>\n\t<meta property=\"og:image:width\" content=\"1000\" \/>\n\t<meta property=\"og:image:height\" content=\"1000\" \/>\n\t<meta property=\"og:image:type\" content=\"image\/png\" \/>\n<meta name=\"twitter:card\" content=\"summary_large_image\" \/>\n<meta name=\"twitter:label1\" content=\"Ansl. lesetid\" \/>\n\t<meta name=\"twitter:data1\" content=\"1 minutt\" \/>\n<script type=\"application\/ld+json\" class=\"yoast-schema-graph\">{\"@context\":\"https:\/\/schema.org\",\"@graph\":[{\"@type\":\"WebPage\",\"@id\":\"https:\/\/hoyre.no\/oslo\/foreninger\/oslo-hoyres-kvinneforum\/\",\"url\":\"https:\/\/hoyre.no\/oslo\/foreninger\/oslo-hoyres-kvinneforum\/\",\"name\":\"Oslo H\u00f8yres Kvinneforum - Oslo H\u00f8yre\",\"isPartOf\":{\"@id\":\"https:\/\/hoyre.no\/oslo\/#website\"},\"datePublished\":\"2022-10-09T13:01:34+00:00\",\"dateModified\":\"2026-03-19T14:57:36+00:00\",\"breadcrumb\":{\"@id\":\"https:\/\/hoyre.no\/oslo\/foreninger\/oslo-hoyres-kvinneforum\/#breadcrumb\"},\"inLanguage\":\"nb-NO\",\"potentialAction\":[{\"@type\":\"ReadAction\",\"target\":[\"https:\/\/hoyre.no\/oslo\/foreninger\/oslo-hoyres-kvinneforum\/\"]}]},{\"@type\":\"BreadcrumbList\",\"@id\":\"https:\/\/hoyre.no\/oslo\/foreninger\/oslo-hoyres-kvinneforum\/#breadcrumb\",\"itemListElement\":[{\"@type\":\"ListItem\",\"position\":1,\"name\":\"Til hoyre.no\",\"item\":\"https:\/\/hoyre.no\"},{\"@type\":\"ListItem\",\"position\":2,\"name\":\"Hjem\",\"item\":\"https:\/\/hoyre.no\/oslo\/\"},{\"@type\":\"ListItem\",\"position\":3,\"name\":\"Foreninger\",\"item\":\"https:\/\/hoyre.no\/oslo\/foreninger\/\"},{\"@type\":\"ListItem\",\"position\":4,\"name\":\"Oslo H\u00f8yres Kvinneforum\"}]},{\"@type\":\"WebSite\",\"@id\":\"https:\/\/hoyre.no\/oslo\/#website\",\"url\":\"https:\/\/hoyre.no\/oslo\/\",\"name\":\"Oslo H\u00f8yre\",\"description\":\"\",\"publisher\":{\"@id\":\"https:\/\/hoyre.no\/oslo\/#organization\"},\"inLanguage\":\"nb-NO\"},{\"@type\":\"Organization\",\"@id\":\"https:\/\/hoyre.no\/oslo\/#organization\",\"name\":\"Oslo H\u00f8yre\",\"url\":\"https:\/\/hoyre.no\/oslo\/\",\"logo\":{\"@type\":\"ImageObject\",\"inLanguage\":\"nb-NO\",\"@id\":\"https:\/\/hoyre.no\/oslo\/#\/schema\/logo\/image\/\",\"url\":\"https:\/\/hoyre.no\/content\/uploads\/sites\/408\/2022\/11\/Hoyres-logo.png\",\"contentUrl\":\"https:\/\/hoyre.no\/content\/uploads\/sites\/408\/2022\/11\/Hoyres-logo.png\",\"width\":1000,\"height\":1000,\"caption\":\"Oslo H\u00f8yre\"},\"image\":{\"@id\":\"https:\/\/hoyre.no\/oslo\/#\/schema\/logo\/image\/\"},\"sameAs\":[\"https:\/\/www.facebook.com\/oslo.hoyre\"]}]}<\/script>\n<!-- \/ Yoast SEO Premium plugin. -->","yoast_head_json":{"title":"Oslo H\u00f8yres Kvinneforum - Oslo H\u00f8yre","robots":{"index":"index","follow":"follow","max-snippet":"max-snippet:-1","max-image-preview":"max-image-preview:large","max-video-preview":"max-video-preview:-1"},"canonical":"https:\/\/hoyre.no\/oslo\/foreninger\/oslo-hoyres-kvinneforum\/","og_locale":"nb_NO","og_type":"article","og_title":"Oslo H\u00f8yres Kvinneforum","og_url":"https:\/\/hoyre.no\/oslo\/foreninger\/oslo-hoyres-kvinneforum\/","og_site_name":"Oslo H\u00f8yre","article_publisher":"https:\/\/www.facebook.com\/oslo.hoyre","article_modified_time":"2026-03-19T14:57:36+00:00","og_image":[{"width":1000,"height":1000,"url":"https:\/\/hoyre.no\/content\/uploads\/sites\/408\/2022\/11\/Hoyres-logo.png","type":"image\/png"}],"twitter_card":"summary_large_image","twitter_misc":{"Ansl. lesetid":"1 minutt"},"schema":{"@context":"https:\/\/schema.org","@graph":[{"@type":"WebPage","@id":"https:\/\/hoyre.no\/oslo\/foreninger\/oslo-hoyres-kvinneforum\/","url":"https:\/\/hoyre.no\/oslo\/foreninger\/oslo-hoyres-kvinneforum\/","name":"Oslo H\u00f8yres Kvinneforum - Oslo H\u00f8yre","isPartOf":{"@id":"https:\/\/hoyre.no\/oslo\/#website"},"datePublished":"2022-10-09T13:01:34+00:00","dateModified":"2026-03-19T14:57:36+00:00","breadcrumb":{"@id":"https:\/\/hoyre.no\/oslo\/foreninger\/oslo-hoyres-kvinneforum\/#breadcrumb"},"inLanguage":"nb-NO","potentialAction":[{"@type":"ReadAction","target":["https:\/\/hoyre.no\/oslo\/foreninger\/oslo-hoyres-kvinneforum\/"]}]},{"@type":"BreadcrumbList","@id":"https:\/\/hoyre.no\/oslo\/foreninger\/oslo-hoyres-kvinneforum\/#breadcrumb","itemListElement":[{"@type":"ListItem","position":1,"name":"Til hoyre.no","item":"https:\/\/hoyre.no"},{"@type":"ListItem","position":2,"name":"Hjem","item":"https:\/\/hoyre.no\/oslo\/"},{"@type":"ListItem","position":3,"name":"Foreninger","item":"https:\/\/hoyre.no\/oslo\/foreninger\/"},{"@type":"ListItem","position":4,"name":"Oslo H\u00f8yres Kvinneforum"}]},{"@type":"WebSite","@id":"https:\/\/hoyre.no\/oslo\/#website","url":"https:\/\/hoyre.no\/oslo\/","name":"Oslo H\u00f8yre","description":"","publisher":{"@id":"https:\/\/hoyre.no\/oslo\/#organization"},"inLanguage":"nb-NO"},{"@type":"Organization","@id":"https:\/\/hoyre.no\/oslo\/#organization","name":"Oslo H\u00f8yre","url":"https:\/\/hoyre.no\/oslo\/","logo":{"@type":"ImageObject","inLanguage":"nb-NO","@id":"https:\/\/hoyre.no\/oslo\/#\/schema\/logo\/image\/","url":"https:\/\/hoyre.no\/content\/uploads\/sites\/408\/2022\/11\/Hoyres-logo.png","contentUrl":"https:\/\/hoyre.no\/content\/uploads\/sites\/408\/2022\/11\/Hoyres-logo.png","width":1000,"height":1000,"caption":"Oslo H\u00f8yre"},"image":{"@id":"https:\/\/hoyre.no\/oslo\/#\/schema\/logo\/image\/"},"sameAs":["https:\/\/www.facebook.com\/oslo.hoyre"]}]}},"distributor_meta":false,"distributor_terms":false,"distributor_media":false,"distributor_original_site_name":"Oslo H\u00f8yre","distributor_original_site_url":"https:\/\/hoyre.no\/oslo","push-errors":false,"_links":{"self":[{"href":"https:\/\/hoyre.no\/oslo\/wp-json\/wp\/v2\/pages\/3404","targetHints":{"allow":["GET"]}}],"collection":[{"href":"https:\/\/hoyre.no\/oslo\/wp-json\/wp\/v2\/pages"}],"about":[{"href":"https:\/\/hoyre.no\/oslo\/wp-json\/wp\/v2\/types\/page"}],"author":[{"embeddable":true,"href":"https:\/\/hoyre.no\/oslo\/wp-json\/wp\/v2\/users\/51320"}],"replies":[{"embeddable":true,"href":"https:\/\/hoyre.no\/oslo\/wp-json\/wp\/v2\/comments?post=3404"}],"version-history":[{"count":7,"href":"https:\/\/hoyre.no\/oslo\/wp-json\/wp\/v2\/pages\/3404\/revisions"}],"predecessor-version":[{"id":9930,"href":"https:\/\/hoyre.no\/oslo\/wp-json\/wp\/v2\/pages\/3404\/revisions\/9930"}],"up":[{"embeddable":true,"href":"https:\/\/hoyre.no\/oslo\/wp-json\/wp\/v2\/pages\/127"}],"wp:attachment":[{"href":"https:\/\/hoyre.no\/oslo\/wp-json\/wp\/v2\/media?parent=3404"}],"curies":[{"name":"wp","href":"https:\/\/api.w.org\/{rel}","templated":true}]}}