{"id":345,"date":"2022-09-20T17:17:42","date_gmt":"2022-09-20T15:17:42","guid":{"rendered":"https:\/\/hoyre.no\/oslo\/?page_id=345"},"modified":"2025-05-27T12:48:32","modified_gmt":"2025-05-27T10:48:32","slug":"rusreform","status":"publish","type":"page","link":"https:\/\/hoyre.no\/oslo\/rusreform\/","title":{"rendered":"Rusreform"},"content":{"rendered":"\n<div class=\"wp-block-hoyre-hero with-image-gradient text-color-light  has-media alignfull has-background\"><div class=\"hoyre-hero has-image\"><h1 class=\"title\">Rusreform<\/h1><p class=\"preamble\">Vi m\u00e5 slutte forf\u00f8lge rusavhengige som kriminelle. H\u00f8yre vil ha en rusreform som gir hjelp, ikke straff til de som sliter med rusavhengighet. V\u00e5rt m\u00e5l er at ingen skal d\u00f8 av overdose. I frav\u00e6r av et flertall for rusreform p\u00e5 Stortinget, \u00f8nsker vi at Oslo blir en fors\u00f8kskommune for en ny, human ruspolitkk.<\/p>\t\t\t<div class=\"post-meta wp-block teft-byline-wrapper\">\n\t\t\t\t<div class=\"top\">\n\t\t\t\t\t<div class=\"signature\">\n\t\t\t\t\t\t<div class=\"teft-byline\">\n\t\t\t\t\t\t\t\t\t\t\t\t\t\t<div>\n\t\t\t\t\t\t\t\t<h3>H\u00f8yres redaksjon<\/h3>\t\t\t\t\t\t\t\t\n\t\t\t\t\t\t\t\t\t\t\t\t\t\t\t\t\t<span class=\"date\">Sist oppdatert: 27. mai 2025<\/span>\n\t\t\t\t\t\t\t\t\t\t\t\t\t\t\t\t\t\t\t\t\t\t\t\t\t<span class=\"reading-time\" itemprop=\"timeRequired\" content=\"PT4M\"><em>Ca. 4 minutter lesetid<\/em><\/span>\n\t\t\t\t\t\t\t\t\t\t\t\t\t\t\t<\/div>\n\t\t\t\t\t\t<\/div>\n\t\t\t\t\t<\/div>\n\t\t\t\t\t\t<div class=\"sharing\">\n\t\t<a class=\"share-button share-link copy-link\" data-copy=\"https:\/\/hoyre.no\/oslo\/rusreform\/\" target=\"_blank\"><span class=\"screen-reader-text\">Del link<\/span><\/a>\n\t\t<a class=\"share-button share-twitter\" href=\"http:\/\/twitter.com\/share?text=Rusreform&#038;url=https:\/\/hoyre.no\/oslo\/rusreform\/&#038;hashtags=Hoyre\" target=\"_blank\"><span class=\"screen-reader-text\">Del p\u00e5 twitter<\/span><\/a>\n\t\t<a class=\"share-button share-facebook\" href=\"https:\/\/www.facebook.com\/sharer\/sharer.php?u=https:\/\/hoyre.no\/oslo\/rusreform\/\" target=\"_blank\"><span class=\"screen-reader-text\">Del p\u00e5 facebook<\/span><\/a>\n\t<\/div>\n\t\t\t\t\t<\/div>\n\t\t\t<\/div>\n\n\t\t\t<figure class=\"hoyre-image-wrapper\"><div class=\"hoyre-image\"><img loading=\"lazy\" decoding=\"async\" width=\"1024\" height=\"576\" src=\"https:\/\/hoyre.no\/content\/uploads\/sites\/408\/2022\/09\/rusreform-1024x576-1.jpg\" class=\"attachment-scaled size-scaled\" alt=\"Mann p\u00e5 benk i m\u00f8rket\" style=\"object-position: 50% 50%\" srcset=\"https:\/\/hoyre.no\/content\/uploads\/sites\/408\/2022\/09\/rusreform-1024x576-1.jpg 1024w, https:\/\/hoyre.no\/content\/uploads\/sites\/408\/2022\/09\/rusreform-1024x576-1-300x169.jpg 300w, https:\/\/hoyre.no\/content\/uploads\/sites\/408\/2022\/09\/rusreform-1024x576-1-768x432.jpg 768w\" sizes=\"auto, (max-width: 1024px) 100vw, 1024px\" \/><\/div><\/figure><\/div><\/div>\n\n\n\n\n<h3 class=\"wp-block-heading\" id=\"h-de-som-sliter-med-rus-skal-fa-hjelp-ikke-straff\">De som sliter med rus skal f\u00e5 hjelp, ikke straff<\/h3>\n\n\n\n<p>Et av de st\u00f8rste sosiale skillene i Norge g\u00e5r mellom de som har problemer med rus og psykisk helse \u2013 og resten. Rusmisbrukere lever rundt 20 \u00e5r kortere enn resten av befolkningen.\u202fI tillegg&nbsp;<a href=\"https:\/\/www.helsedirektoratet.no\/faglige-rad\/overdose-lokalt-forebyggende-arbeid\/statistikk-og-definisjon-pa-overdose\">d\u00f8r rundt 260 mennesker av overdose i \u00e5ret i Norge<\/a>. N\u00e5r man f\u00f8rst vil ha hjelp, er ventetiden for lang for en som sliter med avhengighet.<\/p>\n\n\n\n<p>Oslo H\u00f8yre \u00f8nsker \u00e5 bytte ut \u00e5relang ruspolitikk som ikke har virket. Vi \u00f8nsker \u00e5 endre myndighetenes reaksjoner mot personer som tas for bruk og besittelse av narkotika, fra straff til hjelp, behandling og oppf\u00f8lgning i helsevesenet. M\u00e5let er at ingen skal d\u00f8 av overdose.&nbsp;<\/p>\n\n\n\n<p>I februar 2021 la H\u00f8yre i regjering frem forslag til en<a href=\"https:\/\/www.regjeringen.no\/no\/dokumenter\/prop.-92-l-20202021\/id2835248\/\">&nbsp;rusreform<\/a>&nbsp;som ville gi de som sliter med rus tilbud om hjelp, oppf\u00f8lging og behandling istedenfor straff. Dessverre ble rusreformen stanset av Arbeiderpartiet, Senterpartiet og Fremskrittspartiet. Siden ikke er flertall for en nasjonal rusreform p\u00e5 Stortinget, \u00f8nsker Oslo H\u00f8yre at&nbsp;<a href=\"https:\/\/www.vg.no\/nyheter\/innenriks\/i\/k6Ke6a\/hoeyre-vil-teste-rusreformen-i-oslo-her-er-problemet-stoerst\">Oslo kommune skal bli en fors\u00f8kskommune<\/a>&nbsp;for en ny og mer human ruspolitikk.<\/p>\n\n\n\n<p>Oslo H\u00f8yre vil ha en mer verdig rusomsorg og bekjempe avhengighet. Det er behov for en mer kunnskapsbasert ruspolitikk, med begrensning av skadevirkninger og skadereduksjon som avgj\u00f8rende m\u00e5l, og prioritere det som har st\u00f8rst effekt. Alkohol, narkotika og tobakk har helsemessige skadevirkninger for den enkelte, og vi m\u00e5 jobbe for \u00e5 redusere skadevirkningene. Vi mener dette best gj\u00f8res ved \u00e5 gi oppf\u00f8lging, hjelp og behandling, og ikke ved \u00e5 behandle rusavhengige som kriminelle.<\/p>\n\n\n\n<h2 class=\"wp-block-heading\" id=\"h-oslo-hoyre-vil\">Oslo H\u00f8yre vil:<\/h2>\n\n\n\n<div class=\"wp-block-teft-accordion\"><div class=\"teft-accordion__inner\">\n<div class=\"wp-block-teft-item\"><div class=\"teft-item__inner\"><h4 class=\"toggle\">Gj\u00f8re Oslo til en fors\u00f8kskommune for en ny, human ruspolitikk<\/h4><div class=\"teft-item__inner-content entry-content\">\n<p>Oslo er stort nok, og har s\u00e5 mange rusavhengige, at det blir et reelt fors\u00f8k som vi kan h\u00f8ste nyttige erfaringer fra. Her er problemet st\u00f8rst. Kanskje kan erfaringene fra Oslo legge grunnlaget for st\u00f8rre enighet i fremtiden om en nasjonal ruspolitikk.<\/p>\n<\/div><\/div><\/div>\n<\/div><\/div>\n\n\n\n<div class=\"wp-block-teft-accordion\"><div class=\"teft-accordion__inner\">\n<div class=\"wp-block-teft-item\"><div class=\"teft-item__inner\"><h4 class=\"toggle\">At de som sliter med rus skal f\u00e5 hjelp, ikke straff<\/h4><div class=\"teft-item__inner-content entry-content\">\n<p>H\u00f8yre \u00f8nsker \u00e5 endre myndighetenes reaksjoner mot personer som tas for bruk og besittelse av narkotika, fra straff til hjelp, behandling og oppf\u00f8lgning.<\/p>\n\n\n\n<p>Vi vil ikke legalisere bruk og besittelse av narkotika. Politiet skal fortsatt kunne avdekke bruk og besittelse og jobbe forebyggende, s\u00e6rlig med ungdom.<\/p>\n<\/div><\/div><\/div>\n<\/div><\/div>\n\n\n\n<div class=\"wp-block-teft-accordion\"><div class=\"teft-accordion__inner\">\n<div class=\"wp-block-teft-item\"><div class=\"teft-item__inner\"><h4 class=\"toggle\">Innf\u00f8re pakkeforl\u00f8p for rus- og psykiatrisk helsevern<\/h4><div class=\"teft-item__inner-content entry-content\">\n<p>H\u00f8yre vil videreutvikle pakkeforl\u00f8pene for rus- og psykisk helse, slik at de blir best mulig for pasienten. Pakkeforl\u00f8p inneb\u00e6rer at pasienten skal f\u00e5 vite hva som skal skje, n\u00e5r det skal skje og hvem som har ansvaret. Hver pasient f\u00e5r sin egen koordinator som skal v\u00e6re pasientens og de p\u00e5r\u00f8rendes kontaktperson.<\/p>\n<\/div><\/div><\/div>\n<\/div><\/div>\n\n\n\n<div class=\"wp-block-teft-accordion\"><div class=\"teft-accordion__inner\">\n<div class=\"wp-block-teft-item\"><div class=\"teft-item__inner\"><h4 class=\"toggle\">Styrke behandlingen og ettervernet innen rusomsorg og psykiatri<\/h4><div class=\"teft-item__inner-content entry-content\">\n<p>Styrket ettervern i kommunene kan f\u00f8re til at flere kan f\u00e5 hjelp i n\u00e6rmilj\u00f8et sitt. Et godt ettervern er viktig for \u00e5 forebygge tilbakefall. For \u00e5 bedre ettervernet vil H\u00f8yre jobbe for \u00e5 styrke tverrfaglighet mellom tjenestene innen psykologi, psykiatri og rusomsorg. I tillegg vil H\u00f8yre har strengere kvalitetskrav til institusjonene og bedre&nbsp;<a href=\"https:\/\/www.regjeringen.no\/no\/tema\/helse-og-omsorg\/psykisk-helse\/id11695\/\">sysselsettingstiltak<\/a>.<\/p>\n<\/div><\/div><\/div>\n<\/div><\/div>\n\n\n\n<div class=\"wp-block-teft-accordion\"><div class=\"teft-accordion__inner\">\n<div class=\"wp-block-teft-item\"><div class=\"teft-item__inner\"><h4 class=\"toggle\">Redusere ventetiden ytterligere for rusavhengige som venter behandling<\/h4><div class=\"teft-item__inner-content entry-content\">\n<p>Ved fritt behandlingsvalg f\u00e5r flere som sliter med rus- og psykiske lidelser behandling fortere. H\u00f8yre vil sikre mangfold og valgfrihet i behandlingen av rusproblemer ved \u00e5 videref\u00f8re fritt behandlingsvalg innen tverrfaglig spesialisert rusbehandling, supplert av offentlige anbud fra ideelle og private p\u00e5 rusfeltet.&nbsp;<\/p>\n<\/div><\/div><\/div>\n<\/div><\/div>\n\n\n\n<h2 class=\"wp-block-heading\" id=\"h-les-mer\">Les mer<\/h2>\n\n\n\n<div class=\"wp-block-teft-accentuated-link undefined\"><div class=\"kf-link__wrapper\"><div class=\"kf-link__tagline\"><\/div><a class=\"kf-link__link\" href=\"https:\/\/www.regjeringen.no\/no\/dokumenter\/prop.-92-l-20202021\/id2835248\/\">REGJERINGENS FORSLAG TIL RUSREFORM<span class=\"kf-link__link-source\">www.regjeringen.no<\/span><\/a><\/div><\/div>\n\n\n\n<div class=\"wp-block-teft-accentuated-link undefined\"><div class=\"kf-link__wrapper\"><div class=\"kf-link__tagline\"><\/div><a class=\"kf-link__link\" href=\"https:\/\/www.regjeringen.no\/no\/dokumenter\/nou-2019-26\/id2683531\/\">RUSREFORMUTVALGETS FORSLAG<span class=\"kf-link__link-source\">www.regjeringen.no<\/span><\/a><\/div><\/div>\n\n","protected":false},"excerpt":{"rendered":"","protected":false},"author":51320,"featured_media":0,"parent":0,"menu_order":0,"comment_status":"closed","ping_status":"closed","template":"","meta":{"teft_cards_image_url":"","teft_cards_custom_pretitle":"","teft_cards_image_id":346,"teft_cards_image_focal_point_x":0.5,"teft_cards_image_focal_point_y":0.5,"teft_cards_title":"","teft_cards_excerpt":"","teft_show_chapters":false,"footnotes":""},"class_list":["post-345","page","type-page","status-publish","hentry"],"yoast_head":"<!-- This site is optimized with the Yoast SEO Premium plugin v26.5 (Yoast SEO v26.6) - https:\/\/yoast.com\/wordpress\/plugins\/seo\/ -->\n<title>Rusreform - Oslo H\u00f8yre<\/title>\n<meta name=\"description\" content=\"Vi m\u00e5 slutte forf\u00f8lge rusavhengige som kriminelle. H\u00f8yre vil ha en rusreform som gir hjelp, ikke straff til de som sliter med rusavhengighet.\" \/>\n<meta name=\"robots\" content=\"index, follow, max-snippet:-1, max-image-preview:large, max-video-preview:-1\" \/>\n<link rel=\"canonical\" href=\"https:\/\/hoyre.no\/oslo\/rusreform\/\" \/>\n<meta property=\"og:locale\" content=\"nb_NO\" \/>\n<meta property=\"og:type\" content=\"article\" \/>\n<meta property=\"og:title\" content=\"Rusreform\" \/>\n<meta property=\"og:description\" content=\"Vi m\u00e5 slutte forf\u00f8lge rusavhengige som kriminelle. H\u00f8yre vil ha en rusreform som gir hjelp, ikke straff til de som sliter med rusavhengighet.\" \/>\n<meta property=\"og:url\" content=\"https:\/\/hoyre.no\/oslo\/rusreform\/\" \/>\n<meta property=\"og:site_name\" content=\"Oslo H\u00f8yre\" \/>\n<meta property=\"article:publisher\" content=\"https:\/\/www.facebook.com\/oslo.hoyre\" \/>\n<meta property=\"article:modified_time\" content=\"2025-05-27T10:48:32+00:00\" \/>\n<meta property=\"og:image\" content=\"https:\/\/hoyre.no\/content\/uploads\/sites\/408\/2022\/09\/rusreform-1024x576-1.jpg\" \/>\n\t<meta property=\"og:image:width\" content=\"1024\" \/>\n\t<meta property=\"og:image:height\" content=\"576\" \/>\n\t<meta property=\"og:image:type\" content=\"image\/jpeg\" \/>\n<meta name=\"twitter:card\" content=\"summary_large_image\" \/>\n<meta name=\"twitter:description\" content=\"Vi m\u00e5 slutte forf\u00f8lge rusavhengige som kriminelle. H\u00f8yre vil ha en rusreform som gir hjelp, ikke straff til de som sliter med rusavhengighet.\" \/>\n<meta name=\"twitter:label1\" content=\"Ansl. lesetid\" \/>\n\t<meta name=\"twitter:data1\" content=\"4 minutter\" \/>\n<script type=\"application\/ld+json\" class=\"yoast-schema-graph\">{\"@context\":\"https:\/\/schema.org\",\"@graph\":[{\"@type\":\"WebPage\",\"@id\":\"https:\/\/hoyre.no\/oslo\/rusreform\/\",\"url\":\"https:\/\/hoyre.no\/oslo\/rusreform\/\",\"name\":\"Rusreform - Oslo H\u00f8yre\",\"isPartOf\":{\"@id\":\"https:\/\/hoyre.no\/oslo\/#website\"},\"datePublished\":\"2022-09-20T15:17:42+00:00\",\"dateModified\":\"2025-05-27T10:48:32+00:00\",\"description\":\"Vi m\u00e5 slutte forf\u00f8lge rusavhengige som kriminelle. H\u00f8yre vil ha en rusreform som gir hjelp, ikke straff til de som sliter med rusavhengighet.\",\"breadcrumb\":{\"@id\":\"https:\/\/hoyre.no\/oslo\/rusreform\/#breadcrumb\"},\"inLanguage\":\"nb-NO\",\"potentialAction\":[{\"@type\":\"ReadAction\",\"target\":[\"https:\/\/hoyre.no\/oslo\/rusreform\/\"]}]},{\"@type\":\"BreadcrumbList\",\"@id\":\"https:\/\/hoyre.no\/oslo\/rusreform\/#breadcrumb\",\"itemListElement\":[{\"@type\":\"ListItem\",\"position\":1,\"name\":\"Til hoyre.no\",\"item\":\"https:\/\/hoyre.no\"},{\"@type\":\"ListItem\",\"position\":2,\"name\":\"Hjem\",\"item\":\"https:\/\/hoyre.no\/oslo\/\"},{\"@type\":\"ListItem\",\"position\":3,\"name\":\"Rusreform\"}]},{\"@type\":\"WebSite\",\"@id\":\"https:\/\/hoyre.no\/oslo\/#website\",\"url\":\"https:\/\/hoyre.no\/oslo\/\",\"name\":\"Oslo H\u00f8yre\",\"description\":\"\",\"publisher\":{\"@id\":\"https:\/\/hoyre.no\/oslo\/#organization\"},\"inLanguage\":\"nb-NO\"},{\"@type\":\"Organization\",\"@id\":\"https:\/\/hoyre.no\/oslo\/#organization\",\"name\":\"Oslo H\u00f8yre\",\"url\":\"https:\/\/hoyre.no\/oslo\/\",\"logo\":{\"@type\":\"ImageObject\",\"inLanguage\":\"nb-NO\",\"@id\":\"https:\/\/hoyre.no\/oslo\/#\/schema\/logo\/image\/\",\"url\":\"https:\/\/hoyre.no\/content\/uploads\/sites\/408\/2022\/11\/Hoyres-logo.png\",\"contentUrl\":\"https:\/\/hoyre.no\/content\/uploads\/sites\/408\/2022\/11\/Hoyres-logo.png\",\"width\":1000,\"height\":1000,\"caption\":\"Oslo H\u00f8yre\"},\"image\":{\"@id\":\"https:\/\/hoyre.no\/oslo\/#\/schema\/logo\/image\/\"},\"sameAs\":[\"https:\/\/www.facebook.com\/oslo.hoyre\"]}]}<\/script>\n<!-- \/ Yoast SEO Premium plugin. -->","yoast_head_json":{"title":"Rusreform - Oslo H\u00f8yre","description":"Vi m\u00e5 slutte forf\u00f8lge rusavhengige som kriminelle. H\u00f8yre vil ha en rusreform som gir hjelp, ikke straff til de som sliter med rusavhengighet.","robots":{"index":"index","follow":"follow","max-snippet":"max-snippet:-1","max-image-preview":"max-image-preview:large","max-video-preview":"max-video-preview:-1"},"canonical":"https:\/\/hoyre.no\/oslo\/rusreform\/","og_locale":"nb_NO","og_type":"article","og_title":"Rusreform","og_description":"Vi m\u00e5 slutte forf\u00f8lge rusavhengige som kriminelle. H\u00f8yre vil ha en rusreform som gir hjelp, ikke straff til de som sliter med rusavhengighet.","og_url":"https:\/\/hoyre.no\/oslo\/rusreform\/","og_site_name":"Oslo H\u00f8yre","article_publisher":"https:\/\/www.facebook.com\/oslo.hoyre","article_modified_time":"2025-05-27T10:48:32+00:00","og_image":[{"width":1024,"height":576,"url":"https:\/\/hoyre.no\/content\/uploads\/sites\/408\/2022\/09\/rusreform-1024x576-1.jpg","type":"image\/jpeg"}],"twitter_card":"summary_large_image","twitter_description":"Vi m\u00e5 slutte forf\u00f8lge rusavhengige som kriminelle. H\u00f8yre vil ha en rusreform som gir hjelp, ikke straff til de som sliter med rusavhengighet.","twitter_misc":{"Ansl. lesetid":"4 minutter"},"schema":{"@context":"https:\/\/schema.org","@graph":[{"@type":"WebPage","@id":"https:\/\/hoyre.no\/oslo\/rusreform\/","url":"https:\/\/hoyre.no\/oslo\/rusreform\/","name":"Rusreform - Oslo H\u00f8yre","isPartOf":{"@id":"https:\/\/hoyre.no\/oslo\/#website"},"datePublished":"2022-09-20T15:17:42+00:00","dateModified":"2025-05-27T10:48:32+00:00","description":"Vi m\u00e5 slutte forf\u00f8lge rusavhengige som kriminelle. H\u00f8yre vil ha en rusreform som gir hjelp, ikke straff til de som sliter med rusavhengighet.","breadcrumb":{"@id":"https:\/\/hoyre.no\/oslo\/rusreform\/#breadcrumb"},"inLanguage":"nb-NO","potentialAction":[{"@type":"ReadAction","target":["https:\/\/hoyre.no\/oslo\/rusreform\/"]}]},{"@type":"BreadcrumbList","@id":"https:\/\/hoyre.no\/oslo\/rusreform\/#breadcrumb","itemListElement":[{"@type":"ListItem","position":1,"name":"Til hoyre.no","item":"https:\/\/hoyre.no"},{"@type":"ListItem","position":2,"name":"Hjem","item":"https:\/\/hoyre.no\/oslo\/"},{"@type":"ListItem","position":3,"name":"Rusreform"}]},{"@type":"WebSite","@id":"https:\/\/hoyre.no\/oslo\/#website","url":"https:\/\/hoyre.no\/oslo\/","name":"Oslo H\u00f8yre","description":"","publisher":{"@id":"https:\/\/hoyre.no\/oslo\/#organization"},"inLanguage":"nb-NO"},{"@type":"Organization","@id":"https:\/\/hoyre.no\/oslo\/#organization","name":"Oslo H\u00f8yre","url":"https:\/\/hoyre.no\/oslo\/","logo":{"@type":"ImageObject","inLanguage":"nb-NO","@id":"https:\/\/hoyre.no\/oslo\/#\/schema\/logo\/image\/","url":"https:\/\/hoyre.no\/content\/uploads\/sites\/408\/2022\/11\/Hoyres-logo.png","contentUrl":"https:\/\/hoyre.no\/content\/uploads\/sites\/408\/2022\/11\/Hoyres-logo.png","width":1000,"height":1000,"caption":"Oslo H\u00f8yre"},"image":{"@id":"https:\/\/hoyre.no\/oslo\/#\/schema\/logo\/image\/"},"sameAs":["https:\/\/www.facebook.com\/oslo.hoyre"]}]}},"distributor_meta":false,"distributor_terms":false,"distributor_media":false,"distributor_original_site_name":"Oslo H\u00f8yre","distributor_original_site_url":"https:\/\/hoyre.no\/oslo","push-errors":false,"_links":{"self":[{"href":"https:\/\/hoyre.no\/oslo\/wp-json\/wp\/v2\/pages\/345","targetHints":{"allow":["GET"]}}],"collection":[{"href":"https:\/\/hoyre.no\/oslo\/wp-json\/wp\/v2\/pages"}],"about":[{"href":"https:\/\/hoyre.no\/oslo\/wp-json\/wp\/v2\/types\/page"}],"author":[{"embeddable":true,"href":"https:\/\/hoyre.no\/oslo\/wp-json\/wp\/v2\/users\/51320"}],"replies":[{"embeddable":true,"href":"https:\/\/hoyre.no\/oslo\/wp-json\/wp\/v2\/comments?post=345"}],"version-history":[{"count":7,"href":"https:\/\/hoyre.no\/oslo\/wp-json\/wp\/v2\/pages\/345\/revisions"}],"predecessor-version":[{"id":8929,"href":"https:\/\/hoyre.no\/oslo\/wp-json\/wp\/v2\/pages\/345\/revisions\/8929"}],"wp:attachment":[{"href":"https:\/\/hoyre.no\/oslo\/wp-json\/wp\/v2\/media?parent=345"}],"curies":[{"name":"wp","href":"https:\/\/api.w.org\/{rel}","templated":true}]}}