{"id":3584,"date":"2023-01-05T15:45:42","date_gmt":"2023-01-05T14:45:42","guid":{"rendered":"https:\/\/hoyre.no\/oslo\/?page_id=3584"},"modified":"2026-01-06T10:13:23","modified_gmt":"2026-01-06T09:13:23","slug":"eirik-lae-solberg-byradsleder","status":"publish","type":"page","link":"https:\/\/hoyre.no\/oslo\/eirik-lae-solberg-byradsleder\/","title":{"rendered":"Eirik Lae Solberg &#8211; Oslos byr\u00e5dsleder"},"content":{"rendered":"\n<div class=\"wp-block-hoyre-hero with-image-gradient text-color-light  has-media alignfull has-background\"><div class=\"hoyre-hero has-image\"><h1 class=\"title\">Eirik Lae Solberg<\/h1><p class=\"preamble\">Oslos byr\u00e5dsleder<\/p>\t\t\t<div class=\"post-meta wp-block teft-byline-wrapper\">\n\t\t\t\t<div class=\"top\">\n\t\t\t\t\t<div class=\"signature\">\n\t\t\t\t\t\t<div class=\"teft-byline\">\n\t\t\t\t\t\t\t\t\t\t\t\t\t\t<div>\n\t\t\t\t\t\t\t\t<h3>H\u00f8yres redaksjon<\/h3>\t\t\t\t\t\t\t\t\n\t\t\t\t\t\t\t\t\t\t\t\t\t\t\t\t\t<span class=\"date\">Sist oppdatert: 6. januar 2026<\/span>\n\t\t\t\t\t\t\t\t\t\t\t\t\t\t\t\t\t\t\t\t\t\t\t\t\t<span class=\"reading-time\" itemprop=\"timeRequired\" content=\"PT3M\"><em>Ca. 3 minutter lesetid<\/em><\/span>\n\t\t\t\t\t\t\t\t\t\t\t\t\t\t\t<\/div>\n\t\t\t\t\t\t<\/div>\n\t\t\t\t\t<\/div>\n\t\t\t\t\t\t<div class=\"sharing\">\n\t\t<a class=\"share-button share-link copy-link\" data-copy=\"https:\/\/hoyre.no\/oslo\/eirik-lae-solberg-byradsleder\/\" target=\"_blank\"><span class=\"screen-reader-text\">Del link<\/span><\/a>\n\t\t<a class=\"share-button share-twitter\" href=\"http:\/\/twitter.com\/share?text=Eirik Lae Solberg &#8211; Oslos byr\u00e5dsleder&#038;url=https:\/\/hoyre.no\/oslo\/eirik-lae-solberg-byradsleder\/&#038;hashtags=Hoyre\" target=\"_blank\"><span class=\"screen-reader-text\">Del p\u00e5 twitter<\/span><\/a>\n\t\t<a class=\"share-button share-facebook\" href=\"https:\/\/www.facebook.com\/sharer\/sharer.php?u=https:\/\/hoyre.no\/oslo\/eirik-lae-solberg-byradsleder\/\" target=\"_blank\"><span class=\"screen-reader-text\">Del p\u00e5 facebook<\/span><\/a>\n\t<\/div>\n\t\t\t\t\t<\/div>\n\t\t\t<\/div>\n\n\t\t\t<figure class=\"hoyre-image-wrapper\"><div class=\"hoyre-image\"><img loading=\"lazy\" decoding=\"async\" width=\"2500\" height=\"1667\" src=\"https:\/\/hoyre.no\/content\/uploads\/sites\/408\/2023\/10\/IMG_2687-2-scaled.jpg\" class=\"attachment-scaled size-scaled\" alt=\"Byr\u00e5dsleder Eirik Lae Solberg\" style=\"object-position: 49% 52%\" srcset=\"https:\/\/hoyre.no\/content\/uploads\/sites\/408\/2023\/10\/IMG_2687-2-scaled.jpg 2500w, https:\/\/hoyre.no\/content\/uploads\/sites\/408\/2023\/10\/IMG_2687-2-300x200.jpg 300w, https:\/\/hoyre.no\/content\/uploads\/sites\/408\/2023\/10\/IMG_2687-2-1024x683.jpg 1024w, https:\/\/hoyre.no\/content\/uploads\/sites\/408\/2023\/10\/IMG_2687-2-768x512.jpg 768w, https:\/\/hoyre.no\/content\/uploads\/sites\/408\/2023\/10\/IMG_2687-2-1536x1024.jpg 1536w, https:\/\/hoyre.no\/content\/uploads\/sites\/408\/2023\/10\/IMG_2687-2-2048x1365.jpg 2048w\" sizes=\"auto, (max-width: 2500px) 100vw, 2500px\" \/><\/div><\/figure><\/div><\/div>\n\n\n\n\n<div class=\"wp-block-buttons is-content-justification-center is-layout-flex wp-container-core-buttons-is-layout-8057eaf3 wp-block-buttons-is-layout-flex\">\n<div class=\"wp-block-button\"><a class=\"wp-block-button__link wp-element-button\" href=\"https:\/\/hoyre.no\/nyhetsbrev\/\">abonner p\u00e5 h\u00f8yres nyhetsbrev<\/a><\/div>\n\n\n\n<div class=\"wp-block-button\"><a class=\"wp-block-button__link wp-element-button\" href=\"https:\/\/www.facebook.com\/eiriklaesolberg.hoyre\">f\u00f8lg eirik p\u00e5 facebook<\/a><\/div>\n\n\n\n<div class=\"wp-block-button\"><a class=\"wp-block-button__link wp-element-button\" href=\"https:\/\/www.facebook.com\/oslo.hoyre\">f\u00f8lg oslo h\u00f8yre p\u00e5 facebook<\/a><\/div>\n<\/div>\n\n\n\n<div class=\"wp-block-hoyre-banner undefined has-icon-title icon-heart is-style-dark\"><div class=\"banner-inner\"><div class=\"banner-content\"><div class=\"entry-content\">\n<h2 class=\"wp-block-heading has-text-align-center\">Bli bedre kjent med Eirik!<\/h2>\n\n\n\n<p class=\"has-text-align-left\"><strong>Alder:<\/strong> 55 \u00e5r<\/p>\n\n\n\n<p class=\"has-text-align-left\"><strong>Bosted:<\/strong> Bislett, St. Hanshaugen<\/p>\n\n\n\n<p class=\"has-text-align-left\"><strong>Jobb:<\/strong> Byr\u00e5dsleder i Oslo<\/p>\n\n\n\n<p class=\"has-text-align-left\"><strong>Bakgrunn:<\/strong>&nbsp;Studert i England, jobbet i Microsoft og Deloitte<\/p>\n\n\n\n<p class=\"has-text-align-left\"><strong>Politisk erfaring:<\/strong> Finansbyr\u00e5d i Oslo, Gruppeleder i bystyret, statssekret\u00e6r i N\u00e6rings- og handelsdepartementet og i Moderniseringsdepartementet. Leder i Buskerud Unge H\u00f8yre.<\/p>\n\n\n\n<p class=\"has-text-align-left\"><strong>Hvorfor er H\u00f8yre rett parti for deg?<\/strong> Jeg svarer som Jo Benkow: \u00abJeg velger H\u00f8yre fordi det er det partiet som best sikrer meg retten til \u00e5 v\u00e6re annerledes. Og fordi H\u00f8yre er partiet som best sikrer at det virkelig finnes muligheter for alle, uansett bakgrunn\u00bb.<\/p>\n\n\n\n<p class=\"has-text-align-left\"><strong>Hvis du skulle valgt en, hva er din favorittartist?<\/strong> Tim Booth<\/p>\n\n\n\n<p class=\"has-text-align-left\"><strong>Funfact?<\/strong> Jeg kunne b\u00e5de blitt Sumobryter og embedsmann i Storbritannia, men endte som politiker.<\/p>\n\n\n\n<div class=\"wp-block-buttons is-layout-flex wp-block-buttons-is-layout-flex\"><\/div>\n<\/div><\/div><\/div><\/div>\n\n\n\n<figure class=\"wp-block-teft-gallery columns-3 count-3 rows-2 is-cropped is-style-grid\"><ul class=\"teft-gallery-grid\"><li class=\"teft-gallery-item \"><figure><a href=\"https:\/\/hoyre.no\/content\/uploads\/sites\/408\/2024\/10\/IMG_5307-scaled.jpeg\" data-size=\"2500x1667\"><img loading=\"lazy\" decoding=\"async\" width=\"1024\" height=\"683\" src=\"https:\/\/hoyre.no\/content\/uploads\/sites\/408\/2024\/10\/IMG_5307-1024x683.jpeg\" class=\"attachment-large size-large\" alt=\"Eirik Lae Solberg\" srcset=\"https:\/\/hoyre.no\/content\/uploads\/sites\/408\/2024\/10\/IMG_5307-1024x683.jpeg 1024w, https:\/\/hoyre.no\/content\/uploads\/sites\/408\/2024\/10\/IMG_5307-300x200.jpeg 300w, https:\/\/hoyre.no\/content\/uploads\/sites\/408\/2024\/10\/IMG_5307-768x512.jpeg 768w, https:\/\/hoyre.no\/content\/uploads\/sites\/408\/2024\/10\/IMG_5307-1536x1024.jpeg 1536w, https:\/\/hoyre.no\/content\/uploads\/sites\/408\/2024\/10\/IMG_5307-2048x1365.jpeg 2048w\" sizes=\"auto, (max-width: 1024px) 100vw, 1024px\" \/ data-full-url=\"https:\/\/hoyre.no\/content\/uploads\/sites\/408\/2024\/10\/IMG_5307-scaled.jpeg\" data-id=\"7833\" data-caption=\"7833\"\/><\/a><\/figure><\/li><li class=\"teft-gallery-item \"><figure><a href=\"https:\/\/hoyre.no\/content\/uploads\/sites\/408\/2023\/06\/IMG_3777-kopi-scaled.jpg\" data-size=\"1667x2500\"><img loading=\"lazy\" decoding=\"async\" width=\"683\" height=\"1024\" src=\"https:\/\/hoyre.no\/content\/uploads\/sites\/408\/2023\/06\/IMG_3777-kopi-683x1024.jpg\" class=\"attachment-large size-large\" alt=\"\" srcset=\"https:\/\/hoyre.no\/content\/uploads\/sites\/408\/2023\/06\/IMG_3777-kopi-683x1024.jpg 683w, https:\/\/hoyre.no\/content\/uploads\/sites\/408\/2023\/06\/IMG_3777-kopi-200x300.jpg 200w, https:\/\/hoyre.no\/content\/uploads\/sites\/408\/2023\/06\/IMG_3777-kopi-768x1152.jpg 768w, https:\/\/hoyre.no\/content\/uploads\/sites\/408\/2023\/06\/IMG_3777-kopi-1024x1536.jpg 1024w, https:\/\/hoyre.no\/content\/uploads\/sites\/408\/2023\/06\/IMG_3777-kopi-1365x2048.jpg 1365w, https:\/\/hoyre.no\/content\/uploads\/sites\/408\/2023\/06\/IMG_3777-kopi-scaled.jpg 1667w\" sizes=\"auto, (max-width: 683px) 100vw, 683px\" \/ data-full-url=\"https:\/\/hoyre.no\/content\/uploads\/sites\/408\/2023\/06\/IMG_3777-kopi-scaled.jpg\" data-id=\"4530\" data-caption=\"4530\"\/><\/a><\/figure><\/li><li class=\"teft-gallery-item \"><figure><a href=\"https:\/\/hoyre.no\/content\/uploads\/sites\/408\/2024\/05\/eirik-lae-solberg.png\" data-size=\"1200x800\"><img loading=\"lazy\" decoding=\"async\" width=\"1024\" height=\"683\" src=\"https:\/\/hoyre.no\/content\/uploads\/sites\/408\/2024\/05\/eirik-lae-solberg-1024x683.png\" class=\"attachment-large size-large\" alt=\"Byr\u00e5dsleder Eirik Lae Solberg\" srcset=\"https:\/\/hoyre.no\/content\/uploads\/sites\/408\/2024\/05\/eirik-lae-solberg-1024x683.png 1024w, https:\/\/hoyre.no\/content\/uploads\/sites\/408\/2024\/05\/eirik-lae-solberg-300x200.png 300w, https:\/\/hoyre.no\/content\/uploads\/sites\/408\/2024\/05\/eirik-lae-solberg-768x512.png 768w, https:\/\/hoyre.no\/content\/uploads\/sites\/408\/2024\/05\/eirik-lae-solberg.png 1200w\" sizes=\"auto, (max-width: 1024px) 100vw, 1024px\" \/ data-full-url=\"https:\/\/hoyre.no\/content\/uploads\/sites\/408\/2024\/05\/eirik-lae-solberg.png\" data-id=\"6252\" data-caption=\"6252\"\/><\/a><\/figure><\/li><\/ul><\/figure>\n\n\n\n<h2 class=\"wp-block-heading has-text-align-center\">Eiriks hjertesak<\/h2>\n\n\n\n<p>\ud83d\udc99 At Oslo virkelig blir en by med muligheter for alle, der alle kan f\u00e5 det til og leve det livet vi selv \u00f8nsker. Da m\u00e5 vi ha en Oslo-skole som l\u00f8fter alle elever og gir dem mulighet til \u00e5 utvikle evnene sine. Vi m\u00e5 v\u00e6re en by der alle barn og ungdommer kan delta p\u00e5 fritidsaktiviteter og oppleve mestring. Vi m\u00e5 v\u00e6re en by med et mangfold av arbeidsplasser, en by der de som har nye ideer har gode muligheter til \u00e5 skape noe nytt, og en by der det er enkelt \u00e5 gj\u00f8re milj\u00f8vennlige valg. Det m\u00e5 v\u00e6re mulig \u00e5 velge kommunale tjenester, for eksempel innenfor eldreomsorgen, som er best tilpasset hver enkelt sine behov.&nbsp;<\/p>\n\n\n\n<div class=\"wp-block-hoyre-banner alignwide undefined  is-style-blue\"><div class=\"banner-inner\"><figure class=\"hoyre-image-wrapper\"><div class=\"hoyre-image\"><img loading=\"lazy\" decoding=\"async\" width=\"1667\" height=\"2500\" src=\"https:\/\/hoyre.no\/content\/uploads\/sites\/408\/2023\/06\/IMG_3777-kopi-scaled.jpg\" class=\"attachment-scaled size-scaled\" alt=\"\" style=\"object-position: 51% 17%\" srcset=\"https:\/\/hoyre.no\/content\/uploads\/sites\/408\/2023\/06\/IMG_3777-kopi-scaled.jpg 1667w, https:\/\/hoyre.no\/content\/uploads\/sites\/408\/2023\/06\/IMG_3777-kopi-200x300.jpg 200w, https:\/\/hoyre.no\/content\/uploads\/sites\/408\/2023\/06\/IMG_3777-kopi-683x1024.jpg 683w, https:\/\/hoyre.no\/content\/uploads\/sites\/408\/2023\/06\/IMG_3777-kopi-768x1152.jpg 768w, https:\/\/hoyre.no\/content\/uploads\/sites\/408\/2023\/06\/IMG_3777-kopi-1024x1536.jpg 1024w, https:\/\/hoyre.no\/content\/uploads\/sites\/408\/2023\/06\/IMG_3777-kopi-1365x2048.jpg 1365w\" sizes=\"auto, (max-width: 1667px) 100vw, 1667px\" \/><\/div><\/figure><div class=\"banner-content\"><div class=\"entry-content\">\n<h2 class=\"wp-block-heading\" id=\"h-kom-i-kontakt-med-eirik\">Kom i kontakt med Eirik<\/h2>\n\n\n\n<ul class=\"wp-block-list\">\n<li><strong>E-post:<\/strong> <a href=\"mailto:byradsleder@oslo.kommune.no\">byradsleder@oslo.kommune.no<\/a><\/li>\n\n\n\n<li><strong>Telefon:<\/strong> <a href=\"tel:23461931\">23461931<\/a><\/li>\n<\/ul>\n\n\n\n<div class=\"wp-block-buttons is-layout-flex wp-block-buttons-is-layout-flex\"><\/div>\n<\/div><\/div><\/div><\/div>\n\n\n\n\n\n<div class=\"wp-block-buttons is-layout-flex wp-block-buttons-is-layout-flex\"><\/div>\n\n","protected":false},"excerpt":{"rendered":"","protected":false},"author":31684,"featured_media":0,"parent":0,"menu_order":0,"comment_status":"closed","ping_status":"closed","template":"","meta":{"teft_cards_image_url":"","teft_cards_custom_pretitle":"","teft_cards_image_id":5589,"teft_cards_image_focal_point_x":0.5,"teft_cards_image_focal_point_y":0.5,"teft_cards_title":"","teft_cards_excerpt":"","teft_show_chapters":false,"footnotes":""},"class_list":["post-3584","page","type-page","status-publish","hentry"],"yoast_head":"<!-- This site is optimized with the Yoast SEO Premium plugin v26.5 (Yoast SEO v26.6) - https:\/\/yoast.com\/wordpress\/plugins\/seo\/ -->\n<title>Eirik Lae Solberg - Oslos byr\u00e5dsleder - Oslo H\u00f8yre<\/title>\n<meta name=\"description\" content=\"Bli kjent med Eirik Lae Solberg - v\u00e5r byr\u00e5dslederkandidat\" \/>\n<meta name=\"robots\" content=\"index, follow, max-snippet:-1, max-image-preview:large, max-video-preview:-1\" \/>\n<link rel=\"canonical\" href=\"https:\/\/hoyre.no\/oslo\/eirik-lae-solberg-byradsleder\/\" \/>\n<meta property=\"og:locale\" content=\"nb_NO\" \/>\n<meta property=\"og:type\" content=\"article\" \/>\n<meta property=\"og:title\" content=\"Bli kjent med Eirik Lae Solberg - v\u00e5r byr\u00e5dslederkandidat\" \/>\n<meta property=\"og:description\" content=\"Hvorfor du skal gi H\u00f8yre og meg din stemme i Oslo.\" \/>\n<meta property=\"og:url\" content=\"https:\/\/hoyre.no\/oslo\/eirik-lae-solberg-byradsleder\/\" \/>\n<meta property=\"og:site_name\" content=\"Oslo H\u00f8yre\" \/>\n<meta property=\"article:publisher\" content=\"https:\/\/www.facebook.com\/oslo.hoyre\" \/>\n<meta property=\"article:modified_time\" content=\"2026-01-06T09:13:23+00:00\" \/>\n<meta property=\"og:image\" content=\"https:\/\/hoyre.no\/content\/uploads\/sites\/408\/2023\/01\/Design-uten-navn-13.png\" \/>\n\t<meta property=\"og:image:width\" content=\"1920\" \/>\n\t<meta property=\"og:image:height\" content=\"1080\" \/>\n\t<meta property=\"og:image:type\" content=\"image\/png\" \/>\n<meta name=\"twitter:card\" content=\"summary_large_image\" \/>\n<meta name=\"twitter:title\" content=\"Bli kjent med Eirik Lae Solberg - v\u00e5r byr\u00e5dslederkandidat\" \/>\n<meta name=\"twitter:description\" content=\"Hvorfor du skal gi H\u00f8yre og meg din stemme i Oslo.\" \/>\n<meta name=\"twitter:image\" content=\"https:\/\/hoyre.no\/content\/uploads\/sites\/408\/2023\/01\/Design-uten-navn-13.png\" \/>\n<meta name=\"twitter:label1\" content=\"Ansl. lesetid\" \/>\n\t<meta name=\"twitter:data1\" content=\"2 minutter\" \/>\n<script type=\"application\/ld+json\" class=\"yoast-schema-graph\">{\"@context\":\"https:\/\/schema.org\",\"@graph\":[{\"@type\":\"WebPage\",\"@id\":\"https:\/\/hoyre.no\/oslo\/eirik-lae-solberg-byradsleder\/\",\"url\":\"https:\/\/hoyre.no\/oslo\/eirik-lae-solberg-byradsleder\/\",\"name\":\"Eirik Lae Solberg - Oslos byr\u00e5dsleder - Oslo H\u00f8yre\",\"isPartOf\":{\"@id\":\"https:\/\/hoyre.no\/oslo\/#website\"},\"datePublished\":\"2023-01-05T14:45:42+00:00\",\"dateModified\":\"2026-01-06T09:13:23+00:00\",\"description\":\"Bli kjent med Eirik Lae Solberg - v\u00e5r byr\u00e5dslederkandidat\",\"breadcrumb\":{\"@id\":\"https:\/\/hoyre.no\/oslo\/eirik-lae-solberg-byradsleder\/#breadcrumb\"},\"inLanguage\":\"nb-NO\",\"potentialAction\":[{\"@type\":\"ReadAction\",\"target\":[\"https:\/\/hoyre.no\/oslo\/eirik-lae-solberg-byradsleder\/\"]}]},{\"@type\":\"BreadcrumbList\",\"@id\":\"https:\/\/hoyre.no\/oslo\/eirik-lae-solberg-byradsleder\/#breadcrumb\",\"itemListElement\":[{\"@type\":\"ListItem\",\"position\":1,\"name\":\"Til hoyre.no\",\"item\":\"https:\/\/hoyre.no\"},{\"@type\":\"ListItem\",\"position\":2,\"name\":\"Hjem\",\"item\":\"https:\/\/hoyre.no\/oslo\/\"},{\"@type\":\"ListItem\",\"position\":3,\"name\":\"Eirik Lae Solberg &#8211; Oslos byr\u00e5dsleder\"}]},{\"@type\":\"WebSite\",\"@id\":\"https:\/\/hoyre.no\/oslo\/#website\",\"url\":\"https:\/\/hoyre.no\/oslo\/\",\"name\":\"Oslo H\u00f8yre\",\"description\":\"\",\"publisher\":{\"@id\":\"https:\/\/hoyre.no\/oslo\/#organization\"},\"inLanguage\":\"nb-NO\"},{\"@type\":\"Organization\",\"@id\":\"https:\/\/hoyre.no\/oslo\/#organization\",\"name\":\"Oslo H\u00f8yre\",\"url\":\"https:\/\/hoyre.no\/oslo\/\",\"logo\":{\"@type\":\"ImageObject\",\"inLanguage\":\"nb-NO\",\"@id\":\"https:\/\/hoyre.no\/oslo\/#\/schema\/logo\/image\/\",\"url\":\"https:\/\/hoyre.no\/content\/uploads\/sites\/408\/2022\/11\/Hoyres-logo.png\",\"contentUrl\":\"https:\/\/hoyre.no\/content\/uploads\/sites\/408\/2022\/11\/Hoyres-logo.png\",\"width\":1000,\"height\":1000,\"caption\":\"Oslo H\u00f8yre\"},\"image\":{\"@id\":\"https:\/\/hoyre.no\/oslo\/#\/schema\/logo\/image\/\"},\"sameAs\":[\"https:\/\/www.facebook.com\/oslo.hoyre\"]}]}<\/script>\n<!-- \/ Yoast SEO Premium plugin. -->","yoast_head_json":{"title":"Eirik Lae Solberg - Oslos byr\u00e5dsleder - Oslo H\u00f8yre","description":"Bli kjent med Eirik Lae Solberg - v\u00e5r byr\u00e5dslederkandidat","robots":{"index":"index","follow":"follow","max-snippet":"max-snippet:-1","max-image-preview":"max-image-preview:large","max-video-preview":"max-video-preview:-1"},"canonical":"https:\/\/hoyre.no\/oslo\/eirik-lae-solberg-byradsleder\/","og_locale":"nb_NO","og_type":"article","og_title":"Bli kjent med Eirik Lae Solberg - v\u00e5r byr\u00e5dslederkandidat","og_description":"Hvorfor du skal gi H\u00f8yre og meg din stemme i Oslo.","og_url":"https:\/\/hoyre.no\/oslo\/eirik-lae-solberg-byradsleder\/","og_site_name":"Oslo H\u00f8yre","article_publisher":"https:\/\/www.facebook.com\/oslo.hoyre","article_modified_time":"2026-01-06T09:13:23+00:00","og_image":[{"width":1920,"height":1080,"url":"https:\/\/hoyre.no\/content\/uploads\/sites\/408\/2023\/01\/Design-uten-navn-13.png","type":"image\/png"}],"twitter_card":"summary_large_image","twitter_title":"Bli kjent med Eirik Lae Solberg - v\u00e5r byr\u00e5dslederkandidat","twitter_description":"Hvorfor du skal gi H\u00f8yre og meg din stemme i Oslo.","twitter_image":"https:\/\/hoyre.no\/content\/uploads\/sites\/408\/2023\/01\/Design-uten-navn-13.png","twitter_misc":{"Ansl. lesetid":"2 minutter"},"schema":{"@context":"https:\/\/schema.org","@graph":[{"@type":"WebPage","@id":"https:\/\/hoyre.no\/oslo\/eirik-lae-solberg-byradsleder\/","url":"https:\/\/hoyre.no\/oslo\/eirik-lae-solberg-byradsleder\/","name":"Eirik Lae Solberg - Oslos byr\u00e5dsleder - Oslo H\u00f8yre","isPartOf":{"@id":"https:\/\/hoyre.no\/oslo\/#website"},"datePublished":"2023-01-05T14:45:42+00:00","dateModified":"2026-01-06T09:13:23+00:00","description":"Bli kjent med Eirik Lae Solberg - v\u00e5r byr\u00e5dslederkandidat","breadcrumb":{"@id":"https:\/\/hoyre.no\/oslo\/eirik-lae-solberg-byradsleder\/#breadcrumb"},"inLanguage":"nb-NO","potentialAction":[{"@type":"ReadAction","target":["https:\/\/hoyre.no\/oslo\/eirik-lae-solberg-byradsleder\/"]}]},{"@type":"BreadcrumbList","@id":"https:\/\/hoyre.no\/oslo\/eirik-lae-solberg-byradsleder\/#breadcrumb","itemListElement":[{"@type":"ListItem","position":1,"name":"Til hoyre.no","item":"https:\/\/hoyre.no"},{"@type":"ListItem","position":2,"name":"Hjem","item":"https:\/\/hoyre.no\/oslo\/"},{"@type":"ListItem","position":3,"name":"Eirik Lae Solberg &#8211; Oslos byr\u00e5dsleder"}]},{"@type":"WebSite","@id":"https:\/\/hoyre.no\/oslo\/#website","url":"https:\/\/hoyre.no\/oslo\/","name":"Oslo H\u00f8yre","description":"","publisher":{"@id":"https:\/\/hoyre.no\/oslo\/#organization"},"inLanguage":"nb-NO"},{"@type":"Organization","@id":"https:\/\/hoyre.no\/oslo\/#organization","name":"Oslo H\u00f8yre","url":"https:\/\/hoyre.no\/oslo\/","logo":{"@type":"ImageObject","inLanguage":"nb-NO","@id":"https:\/\/hoyre.no\/oslo\/#\/schema\/logo\/image\/","url":"https:\/\/hoyre.no\/content\/uploads\/sites\/408\/2022\/11\/Hoyres-logo.png","contentUrl":"https:\/\/hoyre.no\/content\/uploads\/sites\/408\/2022\/11\/Hoyres-logo.png","width":1000,"height":1000,"caption":"Oslo H\u00f8yre"},"image":{"@id":"https:\/\/hoyre.no\/oslo\/#\/schema\/logo\/image\/"},"sameAs":["https:\/\/www.facebook.com\/oslo.hoyre"]}]}},"distributor_meta":false,"distributor_terms":false,"distributor_media":false,"distributor_original_site_name":"Oslo H\u00f8yre","distributor_original_site_url":"https:\/\/hoyre.no\/oslo","push-errors":false,"_links":{"self":[{"href":"https:\/\/hoyre.no\/oslo\/wp-json\/wp\/v2\/pages\/3584","targetHints":{"allow":["GET"]}}],"collection":[{"href":"https:\/\/hoyre.no\/oslo\/wp-json\/wp\/v2\/pages"}],"about":[{"href":"https:\/\/hoyre.no\/oslo\/wp-json\/wp\/v2\/types\/page"}],"author":[{"embeddable":true,"href":"https:\/\/hoyre.no\/oslo\/wp-json\/wp\/v2\/users\/31684"}],"replies":[{"embeddable":true,"href":"https:\/\/hoyre.no\/oslo\/wp-json\/wp\/v2\/comments?post=3584"}],"version-history":[{"count":48,"href":"https:\/\/hoyre.no\/oslo\/wp-json\/wp\/v2\/pages\/3584\/revisions"}],"predecessor-version":[{"id":9592,"href":"https:\/\/hoyre.no\/oslo\/wp-json\/wp\/v2\/pages\/3584\/revisions\/9592"}],"wp:attachment":[{"href":"https:\/\/hoyre.no\/oslo\/wp-json\/wp\/v2\/media?parent=3584"}],"curies":[{"name":"wp","href":"https:\/\/api.w.org\/{rel}","templated":true}]}}