{"id":3728,"date":"2023-01-10T16:18:01","date_gmt":"2023-01-10T15:18:01","guid":{"rendered":"https:\/\/hoyre.no\/oslo\/?page_id=3728"},"modified":"2023-01-12T12:35:31","modified_gmt":"2023-01-12T11:35:31","slug":"merete-agerbak-jensen","status":"publish","type":"page","link":"https:\/\/hoyre.no\/oslo\/merete-agerbak-jensen\/","title":{"rendered":"Merete Agerbak-Jensen"},"content":{"rendered":"\n<div class=\"wp-block-hoyre-hero with-image-gradient text-color-light  has-media alignfull has-background\"><div class=\"hoyre-hero has-image\"><h1 class=\"title\">Bli kjent med Merete Agerbak-Jensen<\/h1><figure class=\"hoyre-image-wrapper\"><div class=\"hoyre-image\"><img loading=\"lazy\" decoding=\"async\" width=\"2500\" height=\"1667\" src=\"https:\/\/hoyre.no\/content\/uploads\/sites\/408\/2023\/01\/Oslo-Hoyres-kandidater-Foto-Hans-Kristian-Thorbjornsen-1715-1-scaled.jpg\" class=\"attachment-scaled size-scaled\" alt=\"merete\" style=\"object-position: 50% 50%\" srcset=\"https:\/\/hoyre.no\/content\/uploads\/sites\/408\/2023\/01\/Oslo-Hoyres-kandidater-Foto-Hans-Kristian-Thorbjornsen-1715-1-scaled.jpg 2500w, https:\/\/hoyre.no\/content\/uploads\/sites\/408\/2023\/01\/Oslo-Hoyres-kandidater-Foto-Hans-Kristian-Thorbjornsen-1715-1-300x200.jpg 300w, https:\/\/hoyre.no\/content\/uploads\/sites\/408\/2023\/01\/Oslo-Hoyres-kandidater-Foto-Hans-Kristian-Thorbjornsen-1715-1-1024x683.jpg 1024w, https:\/\/hoyre.no\/content\/uploads\/sites\/408\/2023\/01\/Oslo-Hoyres-kandidater-Foto-Hans-Kristian-Thorbjornsen-1715-1-768x512.jpg 768w, https:\/\/hoyre.no\/content\/uploads\/sites\/408\/2023\/01\/Oslo-Hoyres-kandidater-Foto-Hans-Kristian-Thorbjornsen-1715-1-1536x1024.jpg 1536w, https:\/\/hoyre.no\/content\/uploads\/sites\/408\/2023\/01\/Oslo-Hoyres-kandidater-Foto-Hans-Kristian-Thorbjornsen-1715-1-2048x1365.jpg 2048w\" sizes=\"auto, (max-width: 2500px) 100vw, 2500px\" \/><\/div><\/figure><\/div><\/div>\n\n\n\n\n<div class=\"wp-block-buttons is-content-justification-center is-layout-flex wp-container-core-buttons-is-layout-8057eaf3 wp-block-buttons-is-layout-flex\">\n<div class=\"wp-block-button\"><a class=\"wp-block-button__link\" href=\"https:\/\/hoyre.no\/nyhetsbrev\/\">abonner p\u00e5 h\u00f8yres nyhetsbrev<\/a><\/div>\n\n\n\n<div class=\"wp-block-button\"><a class=\"wp-block-button__link\" href=\"https:\/\/www.facebook.com\/oslo.hoyre\">f\u00f8lg oslo h\u00f8yre p\u00e5 facebook<\/a><\/div>\n<\/div>\n\n\n\n<div class=\"wp-block-hoyre-banner undefined has-icon-title icon-heart is-style-dark\"><div class=\"banner-inner\"><div class=\"banner-content\"><div class=\"entry-content\">\n<h2 class=\"has-text-align-center wp-block-heading\" id=\"h-bli-bedre-kjent-med-merete\">Bli bedre kjent med Merete!<\/h2>\n\n\n\n<p class=\"has-text-align-left\"><strong>Alder:<\/strong> 55 \u00e5r<\/p>\n\n\n\n<p class=\"has-text-align-left\"><strong>Bosted:<\/strong> Bj\u00f8rvika, Gamle Oslo<\/p>\n\n\n\n<p class=\"has-text-align-left\"><strong>Jobb:<\/strong> Kommunikasjonssjef i Norsk Eiendom (NHO)<\/p>\n\n\n\n<p class=\"has-text-align-left\"><strong>Bakgrunn:<\/strong>&nbsp;Utdannet journalist fra Norsk Journalisth\u00f8gskole. Grunnfag i litteraturvitenskap. Ett BI-kurs om &laquo;Effektiv ledelse i team&raquo;. Har jobbet som journalist i Akers Avis-Groruddalen og VG. Har v\u00e6rt kommunikasjonssjef\/-direkt\u00f8r i Avinor, Sporveien, UNICEF Norge og Klimaetaten i Oslo kommune.<\/p>\n\n\n\n<p class=\"has-text-align-left\"><strong>Politisk erfaring:<\/strong> Har hatt en rekke verv, deriblant: Leder i Oslo Unge H\u00f8yre, byr\u00e5dssekret\u00e6r samferdsel\/milj\u00f8, stabssjef for byr\u00e5dslederen, byr\u00e5d for milj\u00f8 og samferdsel, leder av Oslo H\u00f8yres Kvinneforum, bystyremedlem, byr\u00e5d for byutvikling og nestleder i Oslo H\u00f8yre (b\u00e5de p\u00e5 slutten av 90-tallet og n\u00e5).<\/p>\n\n\n\n<p class=\"has-text-align-left\"><strong>Hvorfor er H\u00f8yre rett parti for deg?<\/strong> &nbsp;Fordi H\u00f8yre er partiet som best balanserer mellom personlig frihet og sosialt ansvar. Fordi H\u00f8yre verner om ytringsfrihet og mangfold, og fordi vi har tillit til at enkeltmennesket kan ta fornuftige valg uten \u00e5 f\u00e5 tredd l\u00f8sninger ned over hodet. Og fordi H\u00f8yre har tro p\u00e5 at private tilbud er et viktig supplement og korrektiv til offentlige velferdsl\u00f8sninger.&nbsp;&nbsp;<\/p>\n\n\n\n<p class=\"has-text-align-left\"><strong>Hvis du skulle valgt en, hva er din favorittartist?<\/strong> Vanskelig \u00e5 bare velge \u00e9n, men da m\u00e5 det bli The Beatles. Ingen over, ingen ved siden.<\/p>\n\n\n\n<p class=\"has-text-align-left\"><strong>Funfact?<\/strong> Jeg er veldig interessert i vin. S\u00e5pass interessert at jeg for noen \u00e5r siden tok eksamen p\u00e5 Kulinarisk Akademi, WSET Level 2 Award in Wines &amp; Spirits. Kanskje blir jeg Sommelier i mitt neste liv? &nbsp;<\/p>\n\n\n\n<div class=\"wp-block-buttons is-layout-flex wp-block-buttons-is-layout-flex\"><\/div>\n<\/div><\/div><\/div><\/div>\n\n\n\n<h2 class=\"has-text-align-center wp-block-heading\">Meretes hjertesak<\/h2>\n\n\n\n<p><strong>Byen med det store hjertet &#8211; for alle slags folk<\/strong><\/p>\n\n\n\n<p>Hovedstaden v\u00e5r er fantastisk, og med et H\u00f8yre-ledet byr\u00e5d skal Oslo bli enda bedre \u00e5 bo i. Alle mennesker er unike, det finnes ikke &laquo;vanlige folk&raquo;. Derfor vil vi jobbe for mer mangfold og \u00f8kt valgfrihet i en kommune som er mer opptatt av \u00e5 gj\u00f8re hverdagen bedre for innbyggerne enn av \u00e5 verne om kommunens egne systemer og rutiner. En storby med puls har gode, gr\u00f8nne og tilgjengelige byrom. H\u00f8yre vil gi de mykeste trafikantene, fotgjengerne, h\u00f8yest prioritet i bybildet. Det skal v\u00e6re enkelt \u00e5 forflytte seg til fots, p\u00e5 sykkel eller med kollektivtrafikk i byen med det store hjertet!<\/p>\n\n","protected":false},"excerpt":{"rendered":"","protected":false},"author":31424,"featured_media":0,"parent":0,"menu_order":0,"comment_status":"closed","ping_status":"closed","template":"","meta":{"teft_cards_image_url":"","teft_cards_custom_pretitle":"","teft_cards_image_id":3729,"teft_cards_image_focal_point_x":0.5,"teft_cards_image_focal_point_y":0.5,"teft_cards_title":"","teft_cards_excerpt":"","teft_show_chapters":false,"footnotes":""},"class_list":["post-3728","page","type-page","status-publish","hentry"],"yoast_head":"<!-- This site is optimized with the Yoast SEO Premium plugin v26.5 (Yoast SEO v26.6) - https:\/\/yoast.com\/wordpress\/plugins\/seo\/ -->\n<title>Merete Agerbak-Jensen - Oslo H\u00f8yre<\/title>\n<meta name=\"description\" content=\"Bli kjent med Merete Agerbak-Jensen\" \/>\n<meta name=\"robots\" content=\"index, follow, max-snippet:-1, max-image-preview:large, max-video-preview:-1\" \/>\n<link rel=\"canonical\" href=\"https:\/\/hoyre.no\/oslo\/merete-agerbak-jensen\/\" \/>\n<meta property=\"og:locale\" content=\"nb_NO\" \/>\n<meta property=\"og:type\" content=\"article\" \/>\n<meta property=\"og:title\" content=\"Bli kjent med Merete Agerbak-Jensen\" \/>\n<meta property=\"og:description\" content=\"Bli kjent med Merete Agerbak-Jensen\" \/>\n<meta property=\"og:url\" content=\"https:\/\/hoyre.no\/oslo\/merete-agerbak-jensen\/\" \/>\n<meta property=\"og:site_name\" content=\"Oslo H\u00f8yre\" \/>\n<meta property=\"article:publisher\" content=\"https:\/\/www.facebook.com\/oslo.hoyre\" \/>\n<meta property=\"article:modified_time\" content=\"2023-01-12T11:35:31+00:00\" \/>\n<meta property=\"og:image\" content=\"https:\/\/hoyre.no\/content\/uploads\/sites\/408\/2023\/01\/Oslo-Hoyres-kandidater-Foto-Hans-Kristian-Thorbjornsen-1715-1-scaled.jpg\" \/>\n\t<meta property=\"og:image:width\" content=\"2500\" \/>\n\t<meta property=\"og:image:height\" content=\"1667\" \/>\n\t<meta property=\"og:image:type\" content=\"image\/jpeg\" \/>\n<meta name=\"twitter:card\" content=\"summary_large_image\" \/>\n<meta name=\"twitter:title\" content=\"Bli kjent med Merete Agerbak-Jensen\" \/>\n<meta name=\"twitter:label1\" content=\"Ansl. lesetid\" \/>\n\t<meta name=\"twitter:data1\" content=\"2 minutter\" \/>\n<script type=\"application\/ld+json\" class=\"yoast-schema-graph\">{\"@context\":\"https:\/\/schema.org\",\"@graph\":[{\"@type\":\"WebPage\",\"@id\":\"https:\/\/hoyre.no\/oslo\/merete-agerbak-jensen\/\",\"url\":\"https:\/\/hoyre.no\/oslo\/merete-agerbak-jensen\/\",\"name\":\"Merete Agerbak-Jensen - Oslo H\u00f8yre\",\"isPartOf\":{\"@id\":\"https:\/\/hoyre.no\/oslo\/#website\"},\"datePublished\":\"2023-01-10T15:18:01+00:00\",\"dateModified\":\"2023-01-12T11:35:31+00:00\",\"description\":\"Bli kjent med Merete Agerbak-Jensen\",\"breadcrumb\":{\"@id\":\"https:\/\/hoyre.no\/oslo\/merete-agerbak-jensen\/#breadcrumb\"},\"inLanguage\":\"nb-NO\",\"potentialAction\":[{\"@type\":\"ReadAction\",\"target\":[\"https:\/\/hoyre.no\/oslo\/merete-agerbak-jensen\/\"]}]},{\"@type\":\"BreadcrumbList\",\"@id\":\"https:\/\/hoyre.no\/oslo\/merete-agerbak-jensen\/#breadcrumb\",\"itemListElement\":[{\"@type\":\"ListItem\",\"position\":1,\"name\":\"Til hoyre.no\",\"item\":\"https:\/\/hoyre.no\"},{\"@type\":\"ListItem\",\"position\":2,\"name\":\"Hjem\",\"item\":\"https:\/\/hoyre.no\/oslo\/\"},{\"@type\":\"ListItem\",\"position\":3,\"name\":\"Merete Agerbak-Jensen\"}]},{\"@type\":\"WebSite\",\"@id\":\"https:\/\/hoyre.no\/oslo\/#website\",\"url\":\"https:\/\/hoyre.no\/oslo\/\",\"name\":\"Oslo H\u00f8yre\",\"description\":\"\",\"publisher\":{\"@id\":\"https:\/\/hoyre.no\/oslo\/#organization\"},\"inLanguage\":\"nb-NO\"},{\"@type\":\"Organization\",\"@id\":\"https:\/\/hoyre.no\/oslo\/#organization\",\"name\":\"Oslo H\u00f8yre\",\"url\":\"https:\/\/hoyre.no\/oslo\/\",\"logo\":{\"@type\":\"ImageObject\",\"inLanguage\":\"nb-NO\",\"@id\":\"https:\/\/hoyre.no\/oslo\/#\/schema\/logo\/image\/\",\"url\":\"https:\/\/hoyre.no\/content\/uploads\/sites\/408\/2022\/11\/Hoyres-logo.png\",\"contentUrl\":\"https:\/\/hoyre.no\/content\/uploads\/sites\/408\/2022\/11\/Hoyres-logo.png\",\"width\":1000,\"height\":1000,\"caption\":\"Oslo H\u00f8yre\"},\"image\":{\"@id\":\"https:\/\/hoyre.no\/oslo\/#\/schema\/logo\/image\/\"},\"sameAs\":[\"https:\/\/www.facebook.com\/oslo.hoyre\"]}]}<\/script>\n<!-- \/ Yoast SEO Premium plugin. -->","yoast_head_json":{"title":"Merete Agerbak-Jensen - Oslo H\u00f8yre","description":"Bli kjent med Merete Agerbak-Jensen","robots":{"index":"index","follow":"follow","max-snippet":"max-snippet:-1","max-image-preview":"max-image-preview:large","max-video-preview":"max-video-preview:-1"},"canonical":"https:\/\/hoyre.no\/oslo\/merete-agerbak-jensen\/","og_locale":"nb_NO","og_type":"article","og_title":"Bli kjent med Merete Agerbak-Jensen","og_description":"Bli kjent med Merete Agerbak-Jensen","og_url":"https:\/\/hoyre.no\/oslo\/merete-agerbak-jensen\/","og_site_name":"Oslo H\u00f8yre","article_publisher":"https:\/\/www.facebook.com\/oslo.hoyre","article_modified_time":"2023-01-12T11:35:31+00:00","og_image":[{"width":2500,"height":1667,"url":"https:\/\/hoyre.no\/content\/uploads\/sites\/408\/2023\/01\/Oslo-Hoyres-kandidater-Foto-Hans-Kristian-Thorbjornsen-1715-1-scaled.jpg","type":"image\/jpeg"}],"twitter_card":"summary_large_image","twitter_title":"Bli kjent med Merete Agerbak-Jensen","twitter_misc":{"Ansl. lesetid":"2 minutter"},"schema":{"@context":"https:\/\/schema.org","@graph":[{"@type":"WebPage","@id":"https:\/\/hoyre.no\/oslo\/merete-agerbak-jensen\/","url":"https:\/\/hoyre.no\/oslo\/merete-agerbak-jensen\/","name":"Merete Agerbak-Jensen - Oslo H\u00f8yre","isPartOf":{"@id":"https:\/\/hoyre.no\/oslo\/#website"},"datePublished":"2023-01-10T15:18:01+00:00","dateModified":"2023-01-12T11:35:31+00:00","description":"Bli kjent med Merete Agerbak-Jensen","breadcrumb":{"@id":"https:\/\/hoyre.no\/oslo\/merete-agerbak-jensen\/#breadcrumb"},"inLanguage":"nb-NO","potentialAction":[{"@type":"ReadAction","target":["https:\/\/hoyre.no\/oslo\/merete-agerbak-jensen\/"]}]},{"@type":"BreadcrumbList","@id":"https:\/\/hoyre.no\/oslo\/merete-agerbak-jensen\/#breadcrumb","itemListElement":[{"@type":"ListItem","position":1,"name":"Til hoyre.no","item":"https:\/\/hoyre.no"},{"@type":"ListItem","position":2,"name":"Hjem","item":"https:\/\/hoyre.no\/oslo\/"},{"@type":"ListItem","position":3,"name":"Merete Agerbak-Jensen"}]},{"@type":"WebSite","@id":"https:\/\/hoyre.no\/oslo\/#website","url":"https:\/\/hoyre.no\/oslo\/","name":"Oslo H\u00f8yre","description":"","publisher":{"@id":"https:\/\/hoyre.no\/oslo\/#organization"},"inLanguage":"nb-NO"},{"@type":"Organization","@id":"https:\/\/hoyre.no\/oslo\/#organization","name":"Oslo H\u00f8yre","url":"https:\/\/hoyre.no\/oslo\/","logo":{"@type":"ImageObject","inLanguage":"nb-NO","@id":"https:\/\/hoyre.no\/oslo\/#\/schema\/logo\/image\/","url":"https:\/\/hoyre.no\/content\/uploads\/sites\/408\/2022\/11\/Hoyres-logo.png","contentUrl":"https:\/\/hoyre.no\/content\/uploads\/sites\/408\/2022\/11\/Hoyres-logo.png","width":1000,"height":1000,"caption":"Oslo H\u00f8yre"},"image":{"@id":"https:\/\/hoyre.no\/oslo\/#\/schema\/logo\/image\/"},"sameAs":["https:\/\/www.facebook.com\/oslo.hoyre"]}]}},"distributor_meta":false,"distributor_terms":false,"distributor_media":false,"distributor_original_site_name":"Oslo H\u00f8yre","distributor_original_site_url":"https:\/\/hoyre.no\/oslo","push-errors":false,"_links":{"self":[{"href":"https:\/\/hoyre.no\/oslo\/wp-json\/wp\/v2\/pages\/3728","targetHints":{"allow":["GET"]}}],"collection":[{"href":"https:\/\/hoyre.no\/oslo\/wp-json\/wp\/v2\/pages"}],"about":[{"href":"https:\/\/hoyre.no\/oslo\/wp-json\/wp\/v2\/types\/page"}],"author":[{"embeddable":true,"href":"https:\/\/hoyre.no\/oslo\/wp-json\/wp\/v2\/users\/31424"}],"replies":[{"embeddable":true,"href":"https:\/\/hoyre.no\/oslo\/wp-json\/wp\/v2\/comments?post=3728"}],"version-history":[{"count":5,"href":"https:\/\/hoyre.no\/oslo\/wp-json\/wp\/v2\/pages\/3728\/revisions"}],"predecessor-version":[{"id":3760,"href":"https:\/\/hoyre.no\/oslo\/wp-json\/wp\/v2\/pages\/3728\/revisions\/3760"}],"wp:attachment":[{"href":"https:\/\/hoyre.no\/oslo\/wp-json\/wp\/v2\/media?parent=3728"}],"curies":[{"name":"wp","href":"https:\/\/api.w.org\/{rel}","templated":true}]}}