{"id":3731,"date":"2023-01-12T17:39:06","date_gmt":"2023-01-12T16:39:06","guid":{"rendered":"https:\/\/hoyre.no\/oslo\/?page_id=3731"},"modified":"2023-01-12T17:39:07","modified_gmt":"2023-01-12T16:39:07","slug":"hassan-nawaz","status":"publish","type":"page","link":"https:\/\/hoyre.no\/oslo\/hassan-nawaz\/","title":{"rendered":"Hassan Nawaz"},"content":{"rendered":"\n<div class=\"wp-block-hoyre-hero with-image-gradient text-color-light  has-media alignfull has-background\"><div class=\"hoyre-hero has-image\"><h1 class=\"title\">Bli kjent med Hassan Nawaz<\/h1><figure class=\"hoyre-image-wrapper\"><div class=\"hoyre-image\"><img loading=\"lazy\" decoding=\"async\" width=\"2000\" height=\"1125\" src=\"https:\/\/hoyre.no\/content\/uploads\/sites\/408\/2023\/01\/hassan.jpeg\" class=\"attachment-scaled size-scaled\" alt=\"hassan\" style=\"object-position: 50% 53%\" srcset=\"https:\/\/hoyre.no\/content\/uploads\/sites\/408\/2023\/01\/hassan.jpeg 2000w, https:\/\/hoyre.no\/content\/uploads\/sites\/408\/2023\/01\/hassan-300x169.jpeg 300w, https:\/\/hoyre.no\/content\/uploads\/sites\/408\/2023\/01\/hassan-1024x576.jpeg 1024w, https:\/\/hoyre.no\/content\/uploads\/sites\/408\/2023\/01\/hassan-768x432.jpeg 768w, https:\/\/hoyre.no\/content\/uploads\/sites\/408\/2023\/01\/hassan-1536x864.jpeg 1536w\" sizes=\"auto, (max-width: 2000px) 100vw, 2000px\" \/><\/div><\/figure><\/div><\/div>\n\n\n\n\n<div class=\"wp-block-buttons is-content-justification-center is-layout-flex wp-container-core-buttons-is-layout-8057eaf3 wp-block-buttons-is-layout-flex\">\n<div class=\"wp-block-button\"><a class=\"wp-block-button__link\" href=\"https:\/\/hoyre.no\/nyhetsbrev\/\">abonner p\u00e5 h\u00f8yres nyhetsbrev<\/a><\/div>\n\n\n\n<div class=\"wp-block-button\"><a class=\"wp-block-button__link\" href=\"https:\/\/www.facebook.com\/oslo.hoyre\">f\u00f8lg oslo h\u00f8yre p\u00e5 facebook<\/a><\/div>\n<\/div>\n\n\n\n<div class=\"wp-block-hoyre-banner undefined has-icon-title icon-heart is-style-dark\"><div class=\"banner-inner\"><div class=\"banner-content\"><div class=\"entry-content\">\n<h2 class=\"has-text-align-center wp-block-heading\" id=\"h-bli-bedre-kjent-med-hassan\">Bli bedre kjent med Hassan!<\/h2>\n\n\n\n<p class=\"has-text-align-left\"><strong>Alder:<\/strong> 24 \u00e5r<\/p>\n\n\n\n<p class=\"has-text-align-left\"><strong>Bosted:<\/strong> Smestad, Vestre Aker<\/p>\n\n\n\n<p class=\"has-text-align-left\"><strong>Jobb:<\/strong> Fraksjonsleder i Helse- og sosialutvalget for Oslo H\u00f8yres bystyregruppe.<\/p>\n\n\n\n<p class=\"has-text-align-left\"><strong>Politisk erfaring:<\/strong> Leder i Oslo Unge H\u00f8yre, ansatt i Unge H\u00f8yres Landsforbund og medlem av Samferdsels- og milj\u00f8utvalget.<\/p>\n\n\n\n<p class=\"has-text-align-left\"><strong>Hvorfor er H\u00f8yre rett parti for deg?<\/strong> Fordi H\u00f8yre alltid ser mer enn fire \u00e5r av gangen og bygger p\u00e5 visjonen om en varmere by med plass til alle. Det krever H\u00f8yres nye ideer, bedre l\u00f8sninger og ansvarlig styring.<\/p>\n\n\n\n<p class=\"has-text-align-left\"><strong>Hvis du skulle valgt en, hva er din favorittartist?<\/strong> Steve Monite. Tune in!<\/p>\n\n\n\n<p class=\"has-text-align-left\"><strong>Funfact?<\/strong> Gr\u00e5 om vinteren, brun om sommeren. :\u2019)<\/p>\n\n\n\n<div class=\"wp-block-buttons is-layout-flex wp-block-buttons-is-layout-flex\"><\/div>\n<\/div><\/div><\/div><\/div>\n\n\n\n<h2 class=\"has-text-align-center wp-block-heading\">Hassans hjertesak<\/h2>\n\n\n\n<p><strong>Oslo skal v\u00e6re en by som setter enkeltindividet foran systemet!<\/strong><\/p>\n\n\n\n<p>I dag er det for mange elever som faller bak og ikke f\u00e5r tilpasset undervisning. Det er for mange eldre som ikke f\u00e5r et likeverdig tilbud. Og det er for mange som blir \u00abkasteball\u00bb i systemet n\u00e5r de \u00f8nsker helsehjelp. Jeg skal v\u00e6re deres representant i bystyret.<\/p>\n\n\n\n<p>\u00a0<\/p>\n\n","protected":false},"excerpt":{"rendered":"","protected":false},"author":31424,"featured_media":0,"parent":0,"menu_order":0,"comment_status":"closed","ping_status":"closed","template":"","meta":{"teft_cards_image_url":"","teft_cards_custom_pretitle":"","teft_cards_image_id":3897,"teft_cards_image_focal_point_x":0.5,"teft_cards_image_focal_point_y":0.5,"teft_cards_title":"","teft_cards_excerpt":"","teft_show_chapters":false,"footnotes":""},"class_list":["post-3731","page","type-page","status-publish","hentry"],"yoast_head":"<!-- This site is optimized with the Yoast SEO Premium plugin v26.5 (Yoast SEO v26.6) - https:\/\/yoast.com\/wordpress\/plugins\/seo\/ -->\n<title>Hassan Nawaz - Oslo H\u00f8yre<\/title>\n<meta name=\"description\" content=\"Bli kjent med Hassan Nawaz\" \/>\n<meta name=\"robots\" content=\"index, follow, max-snippet:-1, max-image-preview:large, max-video-preview:-1\" \/>\n<link rel=\"canonical\" href=\"https:\/\/hoyre.no\/oslo\/hassan-nawaz\/\" \/>\n<meta property=\"og:locale\" content=\"nb_NO\" \/>\n<meta property=\"og:type\" content=\"article\" \/>\n<meta property=\"og:title\" content=\"Bli kjent med Hassan Nawaz\" \/>\n<meta property=\"og:description\" content=\"Bli kjent med Hassan Nawaz\" \/>\n<meta property=\"og:url\" content=\"https:\/\/hoyre.no\/oslo\/hassan-nawaz\/\" \/>\n<meta property=\"og:site_name\" content=\"Oslo H\u00f8yre\" \/>\n<meta property=\"article:publisher\" content=\"https:\/\/www.facebook.com\/oslo.hoyre\" \/>\n<meta property=\"article:modified_time\" content=\"2023-01-12T16:39:07+00:00\" \/>\n<meta property=\"og:image\" content=\"https:\/\/hoyre.no\/content\/uploads\/sites\/408\/2022\/09\/Hassan-Nawaz-1024x640.png\" \/>\n\t<meta property=\"og:image:width\" content=\"1024\" \/>\n\t<meta property=\"og:image:height\" content=\"640\" \/>\n\t<meta property=\"og:image:type\" content=\"image\/png\" \/>\n<meta name=\"twitter:card\" content=\"summary_large_image\" \/>\n<meta name=\"twitter:title\" content=\"Bli kjent med Hassan Nawaz\" \/>\n<meta name=\"twitter:image\" content=\"https:\/\/hoyre.no\/content\/uploads\/sites\/408\/2022\/09\/Hassan-Nawaz.png\" \/>\n<meta name=\"twitter:label1\" content=\"Ansl. lesetid\" \/>\n\t<meta name=\"twitter:data1\" content=\"1 minutt\" \/>\n<script type=\"application\/ld+json\" class=\"yoast-schema-graph\">{\"@context\":\"https:\/\/schema.org\",\"@graph\":[{\"@type\":\"WebPage\",\"@id\":\"https:\/\/hoyre.no\/oslo\/hassan-nawaz\/\",\"url\":\"https:\/\/hoyre.no\/oslo\/hassan-nawaz\/\",\"name\":\"Hassan Nawaz - Oslo H\u00f8yre\",\"isPartOf\":{\"@id\":\"https:\/\/hoyre.no\/oslo\/#website\"},\"datePublished\":\"2023-01-12T16:39:06+00:00\",\"dateModified\":\"2023-01-12T16:39:07+00:00\",\"description\":\"Bli kjent med Hassan Nawaz\",\"breadcrumb\":{\"@id\":\"https:\/\/hoyre.no\/oslo\/hassan-nawaz\/#breadcrumb\"},\"inLanguage\":\"nb-NO\",\"potentialAction\":[{\"@type\":\"ReadAction\",\"target\":[\"https:\/\/hoyre.no\/oslo\/hassan-nawaz\/\"]}]},{\"@type\":\"BreadcrumbList\",\"@id\":\"https:\/\/hoyre.no\/oslo\/hassan-nawaz\/#breadcrumb\",\"itemListElement\":[{\"@type\":\"ListItem\",\"position\":1,\"name\":\"Til hoyre.no\",\"item\":\"https:\/\/hoyre.no\"},{\"@type\":\"ListItem\",\"position\":2,\"name\":\"Hjem\",\"item\":\"https:\/\/hoyre.no\/oslo\/\"},{\"@type\":\"ListItem\",\"position\":3,\"name\":\"Hassan Nawaz\"}]},{\"@type\":\"WebSite\",\"@id\":\"https:\/\/hoyre.no\/oslo\/#website\",\"url\":\"https:\/\/hoyre.no\/oslo\/\",\"name\":\"Oslo H\u00f8yre\",\"description\":\"\",\"publisher\":{\"@id\":\"https:\/\/hoyre.no\/oslo\/#organization\"},\"inLanguage\":\"nb-NO\"},{\"@type\":\"Organization\",\"@id\":\"https:\/\/hoyre.no\/oslo\/#organization\",\"name\":\"Oslo H\u00f8yre\",\"url\":\"https:\/\/hoyre.no\/oslo\/\",\"logo\":{\"@type\":\"ImageObject\",\"inLanguage\":\"nb-NO\",\"@id\":\"https:\/\/hoyre.no\/oslo\/#\/schema\/logo\/image\/\",\"url\":\"https:\/\/hoyre.no\/content\/uploads\/sites\/408\/2022\/11\/Hoyres-logo.png\",\"contentUrl\":\"https:\/\/hoyre.no\/content\/uploads\/sites\/408\/2022\/11\/Hoyres-logo.png\",\"width\":1000,\"height\":1000,\"caption\":\"Oslo H\u00f8yre\"},\"image\":{\"@id\":\"https:\/\/hoyre.no\/oslo\/#\/schema\/logo\/image\/\"},\"sameAs\":[\"https:\/\/www.facebook.com\/oslo.hoyre\"]}]}<\/script>\n<!-- \/ Yoast SEO Premium plugin. -->","yoast_head_json":{"title":"Hassan Nawaz - Oslo H\u00f8yre","description":"Bli kjent med Hassan Nawaz","robots":{"index":"index","follow":"follow","max-snippet":"max-snippet:-1","max-image-preview":"max-image-preview:large","max-video-preview":"max-video-preview:-1"},"canonical":"https:\/\/hoyre.no\/oslo\/hassan-nawaz\/","og_locale":"nb_NO","og_type":"article","og_title":"Bli kjent med Hassan Nawaz","og_description":"Bli kjent med Hassan Nawaz","og_url":"https:\/\/hoyre.no\/oslo\/hassan-nawaz\/","og_site_name":"Oslo H\u00f8yre","article_publisher":"https:\/\/www.facebook.com\/oslo.hoyre","article_modified_time":"2023-01-12T16:39:07+00:00","og_image":[{"width":1024,"height":640,"url":"https:\/\/hoyre.no\/content\/uploads\/sites\/408\/2022\/09\/Hassan-Nawaz-1024x640.png","type":"image\/png"}],"twitter_card":"summary_large_image","twitter_title":"Bli kjent med Hassan Nawaz","twitter_image":"https:\/\/hoyre.no\/content\/uploads\/sites\/408\/2022\/09\/Hassan-Nawaz.png","twitter_misc":{"Ansl. lesetid":"1 minutt"},"schema":{"@context":"https:\/\/schema.org","@graph":[{"@type":"WebPage","@id":"https:\/\/hoyre.no\/oslo\/hassan-nawaz\/","url":"https:\/\/hoyre.no\/oslo\/hassan-nawaz\/","name":"Hassan Nawaz - Oslo H\u00f8yre","isPartOf":{"@id":"https:\/\/hoyre.no\/oslo\/#website"},"datePublished":"2023-01-12T16:39:06+00:00","dateModified":"2023-01-12T16:39:07+00:00","description":"Bli kjent med Hassan Nawaz","breadcrumb":{"@id":"https:\/\/hoyre.no\/oslo\/hassan-nawaz\/#breadcrumb"},"inLanguage":"nb-NO","potentialAction":[{"@type":"ReadAction","target":["https:\/\/hoyre.no\/oslo\/hassan-nawaz\/"]}]},{"@type":"BreadcrumbList","@id":"https:\/\/hoyre.no\/oslo\/hassan-nawaz\/#breadcrumb","itemListElement":[{"@type":"ListItem","position":1,"name":"Til hoyre.no","item":"https:\/\/hoyre.no"},{"@type":"ListItem","position":2,"name":"Hjem","item":"https:\/\/hoyre.no\/oslo\/"},{"@type":"ListItem","position":3,"name":"Hassan Nawaz"}]},{"@type":"WebSite","@id":"https:\/\/hoyre.no\/oslo\/#website","url":"https:\/\/hoyre.no\/oslo\/","name":"Oslo H\u00f8yre","description":"","publisher":{"@id":"https:\/\/hoyre.no\/oslo\/#organization"},"inLanguage":"nb-NO"},{"@type":"Organization","@id":"https:\/\/hoyre.no\/oslo\/#organization","name":"Oslo H\u00f8yre","url":"https:\/\/hoyre.no\/oslo\/","logo":{"@type":"ImageObject","inLanguage":"nb-NO","@id":"https:\/\/hoyre.no\/oslo\/#\/schema\/logo\/image\/","url":"https:\/\/hoyre.no\/content\/uploads\/sites\/408\/2022\/11\/Hoyres-logo.png","contentUrl":"https:\/\/hoyre.no\/content\/uploads\/sites\/408\/2022\/11\/Hoyres-logo.png","width":1000,"height":1000,"caption":"Oslo H\u00f8yre"},"image":{"@id":"https:\/\/hoyre.no\/oslo\/#\/schema\/logo\/image\/"},"sameAs":["https:\/\/www.facebook.com\/oslo.hoyre"]}]}},"distributor_meta":false,"distributor_terms":false,"distributor_media":false,"distributor_original_site_name":"Oslo H\u00f8yre","distributor_original_site_url":"https:\/\/hoyre.no\/oslo","push-errors":false,"_links":{"self":[{"href":"https:\/\/hoyre.no\/oslo\/wp-json\/wp\/v2\/pages\/3731","targetHints":{"allow":["GET"]}}],"collection":[{"href":"https:\/\/hoyre.no\/oslo\/wp-json\/wp\/v2\/pages"}],"about":[{"href":"https:\/\/hoyre.no\/oslo\/wp-json\/wp\/v2\/types\/page"}],"author":[{"embeddable":true,"href":"https:\/\/hoyre.no\/oslo\/wp-json\/wp\/v2\/users\/31424"}],"replies":[{"embeddable":true,"href":"https:\/\/hoyre.no\/oslo\/wp-json\/wp\/v2\/comments?post=3731"}],"version-history":[{"count":8,"href":"https:\/\/hoyre.no\/oslo\/wp-json\/wp\/v2\/pages\/3731\/revisions"}],"predecessor-version":[{"id":3906,"href":"https:\/\/hoyre.no\/oslo\/wp-json\/wp\/v2\/pages\/3731\/revisions\/3906"}],"wp:attachment":[{"href":"https:\/\/hoyre.no\/oslo\/wp-json\/wp\/v2\/media?parent=3731"}],"curies":[{"name":"wp","href":"https:\/\/api.w.org\/{rel}","templated":true}]}}