{"id":3739,"date":"2023-01-12T12:19:45","date_gmt":"2023-01-12T11:19:45","guid":{"rendered":"https:\/\/hoyre.no\/oslo\/?page_id=3739"},"modified":"2025-11-12T14:44:17","modified_gmt":"2025-11-12T13:44:17","slug":"hilde-helland","status":"publish","type":"page","link":"https:\/\/hoyre.no\/oslo\/hilde-helland\/","title":{"rendered":"Hilde Helland"},"content":{"rendered":"\n<div class=\"wp-block-hoyre-hero with-image-gradient text-color-light  has-media alignfull has-background\"><div class=\"hoyre-hero has-image\"><h1 class=\"title\">Bli kjent med Hilde Helland<\/h1><figure class=\"hoyre-image-wrapper\"><div class=\"hoyre-image\"><img loading=\"lazy\" decoding=\"async\" width=\"2500\" height=\"1667\" src=\"https:\/\/hoyre.no\/content\/uploads\/sites\/408\/2025\/11\/IMG_9167-scaled.jpeg\" class=\"attachment-scaled size-scaled\" alt=\"Hilde Helland\" style=\"object-position: 51% 36%\" srcset=\"https:\/\/hoyre.no\/content\/uploads\/sites\/408\/2025\/11\/IMG_9167-scaled.jpeg 2500w, https:\/\/hoyre.no\/content\/uploads\/sites\/408\/2025\/11\/IMG_9167-300x200.jpeg 300w, https:\/\/hoyre.no\/content\/uploads\/sites\/408\/2025\/11\/IMG_9167-1024x683.jpeg 1024w, https:\/\/hoyre.no\/content\/uploads\/sites\/408\/2025\/11\/IMG_9167-768x512.jpeg 768w, https:\/\/hoyre.no\/content\/uploads\/sites\/408\/2025\/11\/IMG_9167-1536x1024.jpeg 1536w, https:\/\/hoyre.no\/content\/uploads\/sites\/408\/2025\/11\/IMG_9167-2048x1365.jpeg 2048w\" sizes=\"auto, (max-width: 2500px) 100vw, 2500px\" \/><\/div><\/figure><\/div><\/div>\n\n\n\n\n<div class=\"wp-block-buttons is-content-justification-center is-layout-flex wp-container-core-buttons-is-layout-8057eaf3 wp-block-buttons-is-layout-flex\">\n<div class=\"wp-block-button\"><a class=\"wp-block-button__link wp-element-button\" href=\"https:\/\/hoyre.no\/nyhetsbrev\/\">abonner p\u00e5 h\u00f8yres nyhetsbrev<\/a><\/div>\n\n\n\n<div class=\"wp-block-button\"><a class=\"wp-block-button__link wp-element-button\" href=\"https:\/\/www.facebook.com\/oslo.hoyre\">f\u00f8lg oslo h\u00f8yre p\u00e5 facebook<\/a><\/div>\n<\/div>\n\n\n\n<div class=\"wp-block-hoyre-banner undefined has-icon-title icon-heart is-style-dark\"><div class=\"banner-inner\"><div class=\"banner-content\"><div class=\"entry-content\">\n<h2 class=\"wp-block-heading has-text-align-center\" id=\"h-bli-bedre-kjent-med-hilde\">Bli bedre kjent med Hilde!<\/h2>\n\n\n\n<p class=\"has-text-align-left\"><strong>Alder:<\/strong>  45 \u00e5r<\/p>\n\n\n\n<p class=\"has-text-align-left\"><strong>Bosted:<\/strong> Manglerud<\/p>\n\n\n\n<p class=\"has-text-align-left\"><strong>Jobb:<\/strong> Gr\u00fcnder og Fag-og kvalitetssjef&nbsp;<\/p>\n\n\n\n<p class=\"has-text-align-left\"><strong>Bakgrunn:<\/strong>&nbsp;Bachelor i sykepleie og Bachelor i ledelse<\/p>\n\n\n\n<p class=\"has-text-align-left\"><strong>Politisk erfaring:<\/strong> &nbsp;Jeg ble politisk aktiv i voksen alder og meldte meg inn i partiet i 2018. Jeg er vararepresentant til Stortinget for Oslo H\u00f8yre,&nbsp; styremedlem i&nbsp; \u00d8stensj\u00f8 H\u00f8yre, samt bystyrekandidat for Oslo H\u00f8yre.<\/p>\n\n\n\n<p class=\"has-text-align-left\"><strong>Hvorfor er H\u00f8yre rett parti for deg?<\/strong> Grunnen til at jeg valgte H\u00f8yre var fordi jeg som sykepleier erfarte at H\u00f8yre hadde den beste helsepolitikken. En politikk som satte pasienten i sentrum, ga den enkelte valgmuligheter og som var opptatt av kvalitet i tjenesten.<\/p>\n\n\n\n<p class=\"has-text-align-left\"><strong>Hvis du skulle valgt en, hva er din favorittartist?<\/strong> Leonhard Cohen<\/p>\n\n\n\n<p class=\"has-text-align-left\"><strong>Funfact?<\/strong> Jeg har hatt de fleste h\u00e5rfrisyrer! For \u00e5 nevne noen: dobbeltpermanent, bolleklipp, etasjeklipp,&nbsp; rottehale, hockeysveis, piggsveis &#8211; de 3 siste hadde jeg faktisk samtidig..;)<\/p>\n\n\n\n<div class=\"wp-block-buttons is-layout-flex wp-block-buttons-is-layout-flex\"><\/div>\n<\/div><\/div><\/div><\/div>\n\n\n\n<h2 class=\"wp-block-heading has-text-align-center\">Hildes hjertesak<\/h2>\n\n\n\n<p>Min hjertesak er gode helse- og omsorgstjenester. Det \u00e5 v\u00e6re trygg p\u00e5 at man er sikret god hjelp n\u00e5r man er syk, det er viktig for oss alle. Jeg tror at mangfold gj\u00f8r oss smartere og sterkere, og jeg \u00f8nsker derfor \u00e5 jobbe for at pasienter og p\u00e5r\u00f8rende skal oppleve at de har tilgang p\u00e5 gode helsetjenester, uavhengig hva slags \u00f8konomi man har. Jeg mener at konkurranse er sunt, og jeg har ingen tro p\u00e5 at man f\u00e5r bedre l\u00f8sninger av \u00e5 drive monopol p\u00e5 tjenestene. Vi skal ha et sterkt offentlig helsevesen, men med et godt innslag av ideelle og private tilbydere. Slik sikrer vi de beste tjenestene til byens befolkning.<\/p>\n\n","protected":false},"excerpt":{"rendered":"","protected":false},"author":31424,"featured_media":0,"parent":0,"menu_order":0,"comment_status":"closed","ping_status":"closed","template":"","meta":{"teft_cards_image_url":"","teft_cards_custom_pretitle":"","teft_cards_image_id":9505,"teft_cards_image_focal_point_x":0.5,"teft_cards_image_focal_point_y":0.5,"teft_cards_title":"","teft_cards_excerpt":"","teft_show_chapters":false,"footnotes":""},"class_list":["post-3739","page","type-page","status-publish","hentry"],"yoast_head":"<!-- This site is optimized with the Yoast SEO Premium plugin v26.5 (Yoast SEO v26.6) - https:\/\/yoast.com\/wordpress\/plugins\/seo\/ -->\n<title>Hilde Helland - Oslo H\u00f8yre<\/title>\n<meta name=\"description\" content=\"Bli kjent med Hilde Helland\" \/>\n<meta name=\"robots\" content=\"index, follow, max-snippet:-1, max-image-preview:large, max-video-preview:-1\" \/>\n<link rel=\"canonical\" href=\"https:\/\/hoyre.no\/oslo\/hilde-helland\/\" \/>\n<meta property=\"og:locale\" content=\"nb_NO\" \/>\n<meta property=\"og:type\" content=\"article\" \/>\n<meta property=\"og:title\" content=\"Bli kjent med Hilde Helland\" \/>\n<meta property=\"og:description\" content=\"Bli kjent med Hilde Helland\" \/>\n<meta property=\"og:url\" content=\"https:\/\/hoyre.no\/oslo\/hilde-helland\/\" \/>\n<meta property=\"og:site_name\" content=\"Oslo H\u00f8yre\" \/>\n<meta property=\"article:publisher\" content=\"https:\/\/www.facebook.com\/oslo.hoyre\" \/>\n<meta property=\"article:modified_time\" content=\"2025-11-12T13:44:17+00:00\" \/>\n<meta property=\"og:image\" content=\"https:\/\/hoyre.no\/content\/uploads\/sites\/408\/2023\/01\/Skjermbilde-2023-01-12-kl.-12.07.57.png\" \/>\n\t<meta property=\"og:image:width\" content=\"734\" \/>\n\t<meta property=\"og:image:height\" content=\"792\" \/>\n\t<meta property=\"og:image:type\" content=\"image\/png\" \/>\n<meta name=\"twitter:card\" content=\"summary_large_image\" \/>\n<meta name=\"twitter:title\" content=\"Bli kjent med Hilde Helland\" \/>\n<meta name=\"twitter:label1\" content=\"Ansl. lesetid\" \/>\n\t<meta name=\"twitter:data1\" content=\"2 minutter\" \/>\n<script type=\"application\/ld+json\" class=\"yoast-schema-graph\">{\"@context\":\"https:\/\/schema.org\",\"@graph\":[{\"@type\":\"WebPage\",\"@id\":\"https:\/\/hoyre.no\/oslo\/hilde-helland\/\",\"url\":\"https:\/\/hoyre.no\/oslo\/hilde-helland\/\",\"name\":\"Hilde Helland - Oslo H\u00f8yre\",\"isPartOf\":{\"@id\":\"https:\/\/hoyre.no\/oslo\/#website\"},\"datePublished\":\"2023-01-12T11:19:45+00:00\",\"dateModified\":\"2025-11-12T13:44:17+00:00\",\"description\":\"Bli kjent med Hilde Helland\",\"breadcrumb\":{\"@id\":\"https:\/\/hoyre.no\/oslo\/hilde-helland\/#breadcrumb\"},\"inLanguage\":\"nb-NO\",\"potentialAction\":[{\"@type\":\"ReadAction\",\"target\":[\"https:\/\/hoyre.no\/oslo\/hilde-helland\/\"]}]},{\"@type\":\"BreadcrumbList\",\"@id\":\"https:\/\/hoyre.no\/oslo\/hilde-helland\/#breadcrumb\",\"itemListElement\":[{\"@type\":\"ListItem\",\"position\":1,\"name\":\"Til hoyre.no\",\"item\":\"https:\/\/hoyre.no\"},{\"@type\":\"ListItem\",\"position\":2,\"name\":\"Hjem\",\"item\":\"https:\/\/hoyre.no\/oslo\/\"},{\"@type\":\"ListItem\",\"position\":3,\"name\":\"Hilde Helland\"}]},{\"@type\":\"WebSite\",\"@id\":\"https:\/\/hoyre.no\/oslo\/#website\",\"url\":\"https:\/\/hoyre.no\/oslo\/\",\"name\":\"Oslo H\u00f8yre\",\"description\":\"\",\"publisher\":{\"@id\":\"https:\/\/hoyre.no\/oslo\/#organization\"},\"inLanguage\":\"nb-NO\"},{\"@type\":\"Organization\",\"@id\":\"https:\/\/hoyre.no\/oslo\/#organization\",\"name\":\"Oslo H\u00f8yre\",\"url\":\"https:\/\/hoyre.no\/oslo\/\",\"logo\":{\"@type\":\"ImageObject\",\"inLanguage\":\"nb-NO\",\"@id\":\"https:\/\/hoyre.no\/oslo\/#\/schema\/logo\/image\/\",\"url\":\"https:\/\/hoyre.no\/content\/uploads\/sites\/408\/2022\/11\/Hoyres-logo.png\",\"contentUrl\":\"https:\/\/hoyre.no\/content\/uploads\/sites\/408\/2022\/11\/Hoyres-logo.png\",\"width\":1000,\"height\":1000,\"caption\":\"Oslo H\u00f8yre\"},\"image\":{\"@id\":\"https:\/\/hoyre.no\/oslo\/#\/schema\/logo\/image\/\"},\"sameAs\":[\"https:\/\/www.facebook.com\/oslo.hoyre\"]}]}<\/script>\n<!-- \/ Yoast SEO Premium plugin. -->","yoast_head_json":{"title":"Hilde Helland - Oslo H\u00f8yre","description":"Bli kjent med Hilde Helland","robots":{"index":"index","follow":"follow","max-snippet":"max-snippet:-1","max-image-preview":"max-image-preview:large","max-video-preview":"max-video-preview:-1"},"canonical":"https:\/\/hoyre.no\/oslo\/hilde-helland\/","og_locale":"nb_NO","og_type":"article","og_title":"Bli kjent med Hilde Helland","og_description":"Bli kjent med Hilde Helland","og_url":"https:\/\/hoyre.no\/oslo\/hilde-helland\/","og_site_name":"Oslo H\u00f8yre","article_publisher":"https:\/\/www.facebook.com\/oslo.hoyre","article_modified_time":"2025-11-12T13:44:17+00:00","og_image":[{"width":734,"height":792,"url":"https:\/\/hoyre.no\/content\/uploads\/sites\/408\/2023\/01\/Skjermbilde-2023-01-12-kl.-12.07.57.png","type":"image\/png"}],"twitter_card":"summary_large_image","twitter_title":"Bli kjent med Hilde Helland","twitter_misc":{"Ansl. lesetid":"2 minutter"},"schema":{"@context":"https:\/\/schema.org","@graph":[{"@type":"WebPage","@id":"https:\/\/hoyre.no\/oslo\/hilde-helland\/","url":"https:\/\/hoyre.no\/oslo\/hilde-helland\/","name":"Hilde Helland - Oslo H\u00f8yre","isPartOf":{"@id":"https:\/\/hoyre.no\/oslo\/#website"},"datePublished":"2023-01-12T11:19:45+00:00","dateModified":"2025-11-12T13:44:17+00:00","description":"Bli kjent med Hilde Helland","breadcrumb":{"@id":"https:\/\/hoyre.no\/oslo\/hilde-helland\/#breadcrumb"},"inLanguage":"nb-NO","potentialAction":[{"@type":"ReadAction","target":["https:\/\/hoyre.no\/oslo\/hilde-helland\/"]}]},{"@type":"BreadcrumbList","@id":"https:\/\/hoyre.no\/oslo\/hilde-helland\/#breadcrumb","itemListElement":[{"@type":"ListItem","position":1,"name":"Til hoyre.no","item":"https:\/\/hoyre.no"},{"@type":"ListItem","position":2,"name":"Hjem","item":"https:\/\/hoyre.no\/oslo\/"},{"@type":"ListItem","position":3,"name":"Hilde Helland"}]},{"@type":"WebSite","@id":"https:\/\/hoyre.no\/oslo\/#website","url":"https:\/\/hoyre.no\/oslo\/","name":"Oslo H\u00f8yre","description":"","publisher":{"@id":"https:\/\/hoyre.no\/oslo\/#organization"},"inLanguage":"nb-NO"},{"@type":"Organization","@id":"https:\/\/hoyre.no\/oslo\/#organization","name":"Oslo H\u00f8yre","url":"https:\/\/hoyre.no\/oslo\/","logo":{"@type":"ImageObject","inLanguage":"nb-NO","@id":"https:\/\/hoyre.no\/oslo\/#\/schema\/logo\/image\/","url":"https:\/\/hoyre.no\/content\/uploads\/sites\/408\/2022\/11\/Hoyres-logo.png","contentUrl":"https:\/\/hoyre.no\/content\/uploads\/sites\/408\/2022\/11\/Hoyres-logo.png","width":1000,"height":1000,"caption":"Oslo H\u00f8yre"},"image":{"@id":"https:\/\/hoyre.no\/oslo\/#\/schema\/logo\/image\/"},"sameAs":["https:\/\/www.facebook.com\/oslo.hoyre"]}]}},"distributor_meta":false,"distributor_terms":false,"distributor_media":false,"distributor_original_site_name":"Oslo H\u00f8yre","distributor_original_site_url":"https:\/\/hoyre.no\/oslo","push-errors":false,"_links":{"self":[{"href":"https:\/\/hoyre.no\/oslo\/wp-json\/wp\/v2\/pages\/3739","targetHints":{"allow":["GET"]}}],"collection":[{"href":"https:\/\/hoyre.no\/oslo\/wp-json\/wp\/v2\/pages"}],"about":[{"href":"https:\/\/hoyre.no\/oslo\/wp-json\/wp\/v2\/types\/page"}],"author":[{"embeddable":true,"href":"https:\/\/hoyre.no\/oslo\/wp-json\/wp\/v2\/users\/31424"}],"replies":[{"embeddable":true,"href":"https:\/\/hoyre.no\/oslo\/wp-json\/wp\/v2\/comments?post=3739"}],"version-history":[{"count":9,"href":"https:\/\/hoyre.no\/oslo\/wp-json\/wp\/v2\/pages\/3739\/revisions"}],"predecessor-version":[{"id":9506,"href":"https:\/\/hoyre.no\/oslo\/wp-json\/wp\/v2\/pages\/3739\/revisions\/9506"}],"wp:attachment":[{"href":"https:\/\/hoyre.no\/oslo\/wp-json\/wp\/v2\/media?parent=3739"}],"curies":[{"name":"wp","href":"https:\/\/api.w.org\/{rel}","templated":true}]}}