{"id":4641,"date":"2023-06-23T14:42:01","date_gmt":"2023-06-23T12:42:01","guid":{"rendered":"https:\/\/hoyre.no\/oslo\/?page_id=4641"},"modified":"2023-08-05T20:53:21","modified_gmt":"2023-08-05T18:53:21","slug":"monopol-egner-seg-best-som-brettspill","status":"publish","type":"page","link":"https:\/\/hoyre.no\/oslo\/monopol-egner-seg-best-som-brettspill\/","title":{"rendered":"Monopol egner seg best som brettspill"},"content":{"rendered":"\n<div class=\"wp-block-hoyre-hero with-image-gradient text-color-light  has-media alignfull has-background\"><div class=\"hoyre-hero has-image\"><h1 class=\"title\">Monopol egner seg best som brettspill<\/h1><p class=\"preamble\">Vi vil la private, offentlige og ideelle akt\u00f8rer konkurrere om \u00e5 levere de beste velferdstjenestene.<\/p>\t\t\t<div class=\"post-meta wp-block teft-byline-wrapper\">\n\t\t\t\t<div class=\"top\">\n\t\t\t\t\t<div class=\"signature\">\n\t\t\t\t\t\t<div class=\"teft-byline\">\n\t\t\t\t\t\t\t\t\t\t\t\t\t\t<div>\n\t\t\t\t\t\t\t\t<h3>H\u00f8yres redaksjon<\/h3>\t\t\t\t\t\t\t\t\n\t\t\t\t\t\t\t\t\t\t\t\t\t\t\t\t\t<span class=\"date\">Sist oppdatert: 5. august 2023<\/span>\n\t\t\t\t\t\t\t\t\t\t\t\t\t\t\t\t\t\t\t\t\t\t\t\t\t<span class=\"reading-time\" itemprop=\"timeRequired\" content=\"PT2M\"><em>Ca. 2 minutter lesetid<\/em><\/span>\n\t\t\t\t\t\t\t\t\t\t\t\t\t\t\t<\/div>\n\t\t\t\t\t\t<\/div>\n\t\t\t\t\t<\/div>\n\t\t\t\t\t\t<div class=\"sharing\">\n\t\t<a class=\"share-button share-link copy-link\" data-copy=\"https:\/\/hoyre.no\/oslo\/monopol-egner-seg-best-som-brettspill\/\" target=\"_blank\"><span class=\"screen-reader-text\">Del link<\/span><\/a>\n\t\t<a class=\"share-button share-twitter\" href=\"http:\/\/twitter.com\/share?text=Monopol egner seg best som brettspill&#038;url=https:\/\/hoyre.no\/oslo\/monopol-egner-seg-best-som-brettspill\/&#038;hashtags=Hoyre\" target=\"_blank\"><span class=\"screen-reader-text\">Del p\u00e5 twitter<\/span><\/a>\n\t\t<a class=\"share-button share-facebook\" href=\"https:\/\/www.facebook.com\/sharer\/sharer.php?u=https:\/\/hoyre.no\/oslo\/monopol-egner-seg-best-som-brettspill\/\" target=\"_blank\"><span class=\"screen-reader-text\">Del p\u00e5 facebook<\/span><\/a>\n\t<\/div>\n\t\t\t\t\t<\/div>\n\t\t\t<\/div>\n\n\t\t\t<figure class=\"hoyre-image-wrapper\"><div class=\"hoyre-image\"><img loading=\"lazy\" decoding=\"async\" width=\"1080\" height=\"1080\" src=\"https:\/\/hoyre.no\/content\/uploads\/sites\/408\/2023\/06\/Design-uten-navn-27-kopi.png\" class=\"attachment-scaled size-scaled\" alt=\"Eldreomsorg\" style=\"object-position: 50% 50%\" srcset=\"https:\/\/hoyre.no\/content\/uploads\/sites\/408\/2023\/06\/Design-uten-navn-27-kopi.png 1080w, https:\/\/hoyre.no\/content\/uploads\/sites\/408\/2023\/06\/Design-uten-navn-27-kopi-300x300.png 300w, https:\/\/hoyre.no\/content\/uploads\/sites\/408\/2023\/06\/Design-uten-navn-27-kopi-1024x1024.png 1024w, https:\/\/hoyre.no\/content\/uploads\/sites\/408\/2023\/06\/Design-uten-navn-27-kopi-150x150.png 150w, https:\/\/hoyre.no\/content\/uploads\/sites\/408\/2023\/06\/Design-uten-navn-27-kopi-768x768.png 768w\" sizes=\"auto, (max-width: 1080px) 100vw, 1080px\" \/><\/div><\/figure><\/div><\/div>\n\n\n\n\n<h2 class=\"wp-block-heading\" id=\"h-slipp-alle-gode-krefter-til\">Slipp alle gode krefter til<\/h2>\n\n\n\n<p>Mennesker har forskjellige behov. Oslo kommunes helse- og omsorgstjenester skal utformes slik at de setter hensynet til den enkelte bruker, og ikke systemet, i sentrum. En god miks av offentlige, private og ideelle akt\u00f8rer vil sikre god kvalitet, innovasjon og tilstrekkelig kapasitet i tjenestene. Samtidig vil det gi innbyggerne reell mulighet til \u00e5 velge tjenester som er mest mulig tilpasset den enkeltes \u00f8nsker og behov.<\/p>\n\n\n\n<figure class=\"wp-block-image size-large\"><img loading=\"lazy\" decoding=\"async\" width=\"1024\" height=\"683\" src=\"https:\/\/hoyre.no\/content\/uploads\/sites\/408\/2023\/06\/IMG_0127-1-1024x683.jpg\" alt=\"Ordf\u00f8rerkandidat Anne Lindboe i hjemmetjenesten\" class=\"wp-image-4647\" srcset=\"https:\/\/hoyre.no\/content\/uploads\/sites\/408\/2023\/06\/IMG_0127-1-1024x683.jpg 1024w, https:\/\/hoyre.no\/content\/uploads\/sites\/408\/2023\/06\/IMG_0127-1-300x200.jpg 300w, https:\/\/hoyre.no\/content\/uploads\/sites\/408\/2023\/06\/IMG_0127-1-768x512.jpg 768w, https:\/\/hoyre.no\/content\/uploads\/sites\/408\/2023\/06\/IMG_0127-1-1536x1024.jpg 1536w, https:\/\/hoyre.no\/content\/uploads\/sites\/408\/2023\/06\/IMG_0127-1.jpg 1620w\" sizes=\"auto, (max-width: 1024px) 100vw, 1024px\" \/><figcaption>Ordf\u00f8rerkandidat Anne Lindboe i hjemmetjenesten.<\/figcaption><\/figure>\n\n\n\n<p>I et H\u00f8yre-styrt Oslo vil vi gi innbyggerne tilbake friheten til \u00e5 treffe egne valg. Elever m\u00e5 f\u00e5 velge skole, eldre m\u00e5 f\u00e5 velge omsorgstjenester, og private m\u00e5 f\u00e5 konkurrere om for eksempel sykehjemsdrift. Et H\u00f8yre-byr\u00e5d vil reversere den kostbare og helt un\u00f8dvendige kommunaliseringen av private barnehager.<\/p>\n\n\n\n<p>Oslo H\u00f8yre mener at Oslo er, og fortsatt skal v\u00e6re, \u00abbyen med det store hjertet\u00bb. Det rike tilbudet av kultur, idrett og handel definerer Oslo som Norges udiskutable hovedstad, mye takket v\u00e6re private og frivillige ildsjeler. Oslo H\u00f8yre mener at disse kreftene skal oppmuntres. Kommunen skal bli en JA-kommune som skal strekke seg langt for \u00e5 gi tillatelser til \u00e5 bruke og utvikle byen, den skal v\u00e6re l\u00f8sningsorientert og ha kort responstid n\u00e5r private akt\u00f8rer tar initiativ til arrangementer og sosiale m\u00f8teplasser.<\/p>\n\n\n\n<div class=\"wp-block-teft-factbox is-style-blue\"><div class=\"factbox-inner\"><div class=\"entry-content\"><h4 class=\"toggle\">Oslo H\u00f8yre vil<\/h4>\n<ul class=\"wp-block-list\"><li>stoppe kommunaliseringen av private barnehagetilbud, da familiebarnehager og andre private barnehager bidrar til mangfold og \u00f8kt kapasitet<\/li><li>sikre forutsigbare rammebetingelser for private skoler<\/li><li>utrede og legge til rette for at private tilbydere kan tilby tjenester innenfor enkelte deler av legevakttjenesten, psykisk helse og rehabilitering<\/li><li>legge til rette for at private og ideelle kan tilby tiltak, som institusjonsplasser, til Oslos barnevern for \u00e5 sikre kapasitet, kvalitet og mangfold i tilbudet<\/li><\/ul>\n<\/div><\/div><\/div>\n\n\n\n\n<h3 class=\"wp-block-heading\" id=\"h-les-ogsa\">LES OGS\u00c5:<\/h3>\n\n\n\n<div class=\"wp-block-teft-cards alignwide teft-cards-grid default-size-4\"><div class=\"teft-cards-item has-4-columns is-card-hoyre\">\n\t<div class=\"teft-card hoyre-teft-card page-teft-card\">\n\t\t<a href=\"https:\/\/hoyre.no\/oslo\/kommunens-okonomistyring\/\" class=\"teft-card__primary-action\">\n\n\t\t\t\t\t<div class=\"teft-card__media teft-card__media--16-9\">\n\t\t\t\t\t\t<img loading=\"lazy\" decoding=\"async\" width=\"768\" height=\"512\" src=\"https:\/\/hoyre.no\/content\/uploads\/sites\/408\/2023\/06\/IMG_3921-kopi-768x512.jpg\" class=\"attachment-medium_large size-medium_large\" alt=\"\" srcset=\"https:\/\/hoyre.no\/content\/uploads\/sites\/408\/2023\/06\/IMG_3921-kopi-768x512.jpg 768w, https:\/\/hoyre.no\/content\/uploads\/sites\/408\/2023\/06\/IMG_3921-kopi-300x200.jpg 300w, https:\/\/hoyre.no\/content\/uploads\/sites\/408\/2023\/06\/IMG_3921-kopi-1024x683.jpg 1024w, https:\/\/hoyre.no\/content\/uploads\/sites\/408\/2023\/06\/IMG_3921-kopi-1536x1024.jpg 1536w, https:\/\/hoyre.no\/content\/uploads\/sites\/408\/2023\/06\/IMG_3921-kopi-2048x1365.jpg 2048w\" sizes=\"auto, (max-width: 768px) 100vw, 768px\" \/>\t\t<\/div>\n\t\t\n\t\t\t<div class=\"teft-card__content-wrapper\">\n\t\t\t\t<div class=\"teft-card__secondary\">\n\t\t\t\t\t\t\t\t\t<\/div>\n\n\t\t\t\t<div class=\"teft-card__primary\">\n\t\t\t\t\t<h2 class=\"teft-card__title\">Kommunens \u00f8konomistyring&nbsp;<span class=\"teft-card__primary-title-append\"><\/span><\/h2>\t\t\t\t<\/div>\n\t\t\t<\/div>\n\t\t<\/a>\n\t<\/div>\n\n\t<\/div>\n\n<div class=\"teft-cards-item has-4-columns is-card-hoyre\">\n\t<div class=\"teft-card hoyre-teft-card page-teft-card\">\n\t\t<a href=\"https:\/\/hoyre.no\/oslo\/eiendomsskatt\/\" class=\"teft-card__primary-action\">\n\n\t\t\t\t\t<div class=\"teft-card__media teft-card__media--16-9\">\n\t\t\t\t\t\t<img loading=\"lazy\" decoding=\"async\" width=\"768\" height=\"433\" src=\"https:\/\/hoyre.no\/content\/uploads\/sites\/408\/2023\/06\/Leilighet-Oslo-2-768x433.png\" class=\"attachment-medium_large size-medium_large\" alt=\"Leilighet i Oslo\" srcset=\"https:\/\/hoyre.no\/content\/uploads\/sites\/408\/2023\/06\/Leilighet-Oslo-2-768x433.png 768w, https:\/\/hoyre.no\/content\/uploads\/sites\/408\/2023\/06\/Leilighet-Oslo-2-300x169.png 300w, https:\/\/hoyre.no\/content\/uploads\/sites\/408\/2023\/06\/Leilighet-Oslo-2-1024x577.png 1024w, https:\/\/hoyre.no\/content\/uploads\/sites\/408\/2023\/06\/Leilighet-Oslo-2-1536x865.png 1536w, https:\/\/hoyre.no\/content\/uploads\/sites\/408\/2023\/06\/Leilighet-Oslo-2.png 1640w\" sizes=\"auto, (max-width: 768px) 100vw, 768px\" \/>\t\t<\/div>\n\t\t\n\t\t\t<div class=\"teft-card__content-wrapper\">\n\t\t\t\t<div class=\"teft-card__secondary\">\n\t\t\t\t\t\t\t\t\t<\/div>\n\n\t\t\t\t<div class=\"teft-card__primary\">\n\t\t\t\t\t<h2 class=\"teft-card__title\">Eiendomsskatt&nbsp;<span class=\"teft-card__primary-title-append\"><\/span><\/h2>\t\t\t\t<\/div>\n\t\t\t<\/div>\n\t\t<\/a>\n\t<\/div>\n\n\t<\/div>\n\n<div class=\"teft-cards-item has-4-columns is-card-hoyre\">\n\t<div class=\"teft-card hoyre-teft-card page-teft-card\">\n\t\t<a href=\"https:\/\/hoyre.no\/oslo\/politikk\/5-grunner-til-a-stemme-oslo-hoyre\/\" class=\"teft-card__primary-action\">\n\n\t\t\t\t\t<div class=\"teft-card__media teft-card__media--16-9\">\n\t\t\t\t\t\t<img loading=\"lazy\" decoding=\"async\" width=\"768\" height=\"512\" src=\"https:\/\/hoyre.no\/content\/uploads\/sites\/408\/2023\/05\/Anne-Lindboe-og-Eirik-Lae-Solberg-foto-Hans-Kristian-Thorbjornsen-8-768x512.jpg\" class=\"attachment-medium_large size-medium_large\" alt=\"Anne Lindboe og Eirik Lae Solberg\" srcset=\"https:\/\/hoyre.no\/content\/uploads\/sites\/408\/2023\/05\/Anne-Lindboe-og-Eirik-Lae-Solberg-foto-Hans-Kristian-Thorbjornsen-8-768x512.jpg 768w, https:\/\/hoyre.no\/content\/uploads\/sites\/408\/2023\/05\/Anne-Lindboe-og-Eirik-Lae-Solberg-foto-Hans-Kristian-Thorbjornsen-8-300x200.jpg 300w, https:\/\/hoyre.no\/content\/uploads\/sites\/408\/2023\/05\/Anne-Lindboe-og-Eirik-Lae-Solberg-foto-Hans-Kristian-Thorbjornsen-8-1024x683.jpg 1024w, https:\/\/hoyre.no\/content\/uploads\/sites\/408\/2023\/05\/Anne-Lindboe-og-Eirik-Lae-Solberg-foto-Hans-Kristian-Thorbjornsen-8-1536x1024.jpg 1536w, https:\/\/hoyre.no\/content\/uploads\/sites\/408\/2023\/05\/Anne-Lindboe-og-Eirik-Lae-Solberg-foto-Hans-Kristian-Thorbjornsen-8-2048x1365.jpg 2048w\" sizes=\"auto, (max-width: 768px) 100vw, 768px\" \/>\t\t<\/div>\n\t\t\n\t\t\t<div class=\"teft-card__content-wrapper\">\n\t\t\t\t<div class=\"teft-card__secondary\">\n\t\t\t\t\t\t\t\t\t<\/div>\n\n\t\t\t\t<div class=\"teft-card__primary\">\n\t\t\t\t\t<h2 class=\"teft-card__title\">Fem grunner til \u00e5 stemme Oslo H\u00f8yre&nbsp;<span class=\"teft-card__primary-title-append\"><\/span><\/h2>\t\t\t\t<\/div>\n\t\t\t<\/div>\n\t\t<\/a>\n\t<\/div>\n\n\t<\/div><\/div>\n","protected":false},"excerpt":{"rendered":"<p>LES OGS\u00c5:<\/p>\n","protected":false},"author":31424,"featured_media":0,"parent":0,"menu_order":0,"comment_status":"closed","ping_status":"closed","template":"","meta":{"teft_cards_image_url":"","teft_cards_custom_pretitle":"","teft_cards_image_id":4646,"teft_cards_image_focal_point_x":0.5,"teft_cards_image_focal_point_y":0.5,"teft_cards_title":"","teft_cards_excerpt":"","teft_show_chapters":false,"footnotes":""},"class_list":["post-4641","page","type-page","status-publish","hentry"],"yoast_head":"<!-- This site is optimized with the Yoast SEO Premium plugin v26.5 (Yoast SEO v26.6) - https:\/\/yoast.com\/wordpress\/plugins\/seo\/ -->\n<title>Monopol egner seg best som brettspill - Oslo H\u00f8yre<\/title>\n<meta name=\"description\" content=\"Monopol egner seg best som brettspill. Vi vil la private, offentlige og ideelle akt\u00f8rer konkurrere om \u00e5 levere de beste velferdstjenestene.\" \/>\n<meta name=\"robots\" content=\"index, follow, max-snippet:-1, max-image-preview:large, max-video-preview:-1\" \/>\n<link rel=\"canonical\" href=\"https:\/\/hoyre.no\/oslo\/monopol-egner-seg-best-som-brettspill\/\" \/>\n<meta property=\"og:locale\" content=\"nb_NO\" \/>\n<meta property=\"og:type\" content=\"article\" \/>\n<meta property=\"og:title\" content=\"Monopol egner seg best som brettspill\" \/>\n<meta property=\"og:description\" content=\"Mennesker har forskjellige behov. Oslo kommunes helse- og omsorgstjenester skal utformes slik at de setter hensynet til den enkelte bruker, og ikke systemet, i sentrum.\" \/>\n<meta property=\"og:url\" content=\"https:\/\/hoyre.no\/oslo\/monopol-egner-seg-best-som-brettspill\/\" \/>\n<meta property=\"og:site_name\" content=\"Oslo H\u00f8yre\" \/>\n<meta property=\"article:publisher\" content=\"https:\/\/www.facebook.com\/oslo.hoyre\" \/>\n<meta property=\"article:modified_time\" content=\"2023-08-05T18:53:21+00:00\" \/>\n<meta property=\"og:image\" content=\"https:\/\/hoyre.no\/content\/uploads\/sites\/408\/2023\/06\/Design-uten-navn-27-kopi.png\" \/>\n\t<meta property=\"og:image:width\" content=\"1080\" \/>\n\t<meta property=\"og:image:height\" content=\"1080\" \/>\n\t<meta property=\"og:image:type\" content=\"image\/png\" \/>\n<meta name=\"twitter:card\" content=\"summary_large_image\" \/>\n<meta name=\"twitter:description\" content=\"Mennesker har forskjellige behov. Oslo kommunes helse- og omsorgstjenester skal utformes slik at de setter hensynet til den enkelte bruker, og ikke systemet, i sentrum.\" \/>\n<meta name=\"twitter:label1\" content=\"Ansl. lesetid\" \/>\n\t<meta name=\"twitter:data1\" content=\"2 minutter\" \/>\n<script type=\"application\/ld+json\" class=\"yoast-schema-graph\">{\"@context\":\"https:\/\/schema.org\",\"@graph\":[{\"@type\":\"WebPage\",\"@id\":\"https:\/\/hoyre.no\/oslo\/monopol-egner-seg-best-som-brettspill\/\",\"url\":\"https:\/\/hoyre.no\/oslo\/monopol-egner-seg-best-som-brettspill\/\",\"name\":\"Monopol egner seg best som brettspill - Oslo H\u00f8yre\",\"isPartOf\":{\"@id\":\"https:\/\/hoyre.no\/oslo\/#website\"},\"image\":{\"@id\":\"https:\/\/hoyre.no\/oslo\/monopol-egner-seg-best-som-brettspill\/#primaryimage\"},\"thumbnailUrl\":\"https:\/\/hoyre.no\/content\/uploads\/sites\/408\/2023\/06\/IMG_0127-1-1024x683.jpg\",\"datePublished\":\"2023-06-23T12:42:01+00:00\",\"dateModified\":\"2023-08-05T18:53:21+00:00\",\"description\":\"Monopol egner seg best som brettspill. Vi vil la private, offentlige og ideelle akt\u00f8rer konkurrere om \u00e5 levere de beste velferdstjenestene.\",\"breadcrumb\":{\"@id\":\"https:\/\/hoyre.no\/oslo\/monopol-egner-seg-best-som-brettspill\/#breadcrumb\"},\"inLanguage\":\"nb-NO\",\"potentialAction\":[{\"@type\":\"ReadAction\",\"target\":[\"https:\/\/hoyre.no\/oslo\/monopol-egner-seg-best-som-brettspill\/\"]}]},{\"@type\":\"ImageObject\",\"inLanguage\":\"nb-NO\",\"@id\":\"https:\/\/hoyre.no\/oslo\/monopol-egner-seg-best-som-brettspill\/#primaryimage\",\"url\":\"https:\/\/hoyre.no\/content\/uploads\/sites\/408\/2023\/06\/IMG_0127-1-1024x683.jpg\",\"contentUrl\":\"https:\/\/hoyre.no\/content\/uploads\/sites\/408\/2023\/06\/IMG_0127-1-1024x683.jpg\"},{\"@type\":\"BreadcrumbList\",\"@id\":\"https:\/\/hoyre.no\/oslo\/monopol-egner-seg-best-som-brettspill\/#breadcrumb\",\"itemListElement\":[{\"@type\":\"ListItem\",\"position\":1,\"name\":\"Til hoyre.no\",\"item\":\"https:\/\/hoyre.no\"},{\"@type\":\"ListItem\",\"position\":2,\"name\":\"Hjem\",\"item\":\"https:\/\/hoyre.no\/oslo\/\"},{\"@type\":\"ListItem\",\"position\":3,\"name\":\"Monopol egner seg best som brettspill\"}]},{\"@type\":\"WebSite\",\"@id\":\"https:\/\/hoyre.no\/oslo\/#website\",\"url\":\"https:\/\/hoyre.no\/oslo\/\",\"name\":\"Oslo H\u00f8yre\",\"description\":\"\",\"publisher\":{\"@id\":\"https:\/\/hoyre.no\/oslo\/#organization\"},\"inLanguage\":\"nb-NO\"},{\"@type\":\"Organization\",\"@id\":\"https:\/\/hoyre.no\/oslo\/#organization\",\"name\":\"Oslo H\u00f8yre\",\"url\":\"https:\/\/hoyre.no\/oslo\/\",\"logo\":{\"@type\":\"ImageObject\",\"inLanguage\":\"nb-NO\",\"@id\":\"https:\/\/hoyre.no\/oslo\/#\/schema\/logo\/image\/\",\"url\":\"https:\/\/hoyre.no\/content\/uploads\/sites\/408\/2022\/11\/Hoyres-logo.png\",\"contentUrl\":\"https:\/\/hoyre.no\/content\/uploads\/sites\/408\/2022\/11\/Hoyres-logo.png\",\"width\":1000,\"height\":1000,\"caption\":\"Oslo H\u00f8yre\"},\"image\":{\"@id\":\"https:\/\/hoyre.no\/oslo\/#\/schema\/logo\/image\/\"},\"sameAs\":[\"https:\/\/www.facebook.com\/oslo.hoyre\"]}]}<\/script>\n<!-- \/ Yoast SEO Premium plugin. -->","yoast_head_json":{"title":"Monopol egner seg best som brettspill - Oslo H\u00f8yre","description":"Monopol egner seg best som brettspill. Vi vil la private, offentlige og ideelle akt\u00f8rer konkurrere om \u00e5 levere de beste velferdstjenestene.","robots":{"index":"index","follow":"follow","max-snippet":"max-snippet:-1","max-image-preview":"max-image-preview:large","max-video-preview":"max-video-preview:-1"},"canonical":"https:\/\/hoyre.no\/oslo\/monopol-egner-seg-best-som-brettspill\/","og_locale":"nb_NO","og_type":"article","og_title":"Monopol egner seg best som brettspill","og_description":"Mennesker har forskjellige behov. Oslo kommunes helse- og omsorgstjenester skal utformes slik at de setter hensynet til den enkelte bruker, og ikke systemet, i sentrum.","og_url":"https:\/\/hoyre.no\/oslo\/monopol-egner-seg-best-som-brettspill\/","og_site_name":"Oslo H\u00f8yre","article_publisher":"https:\/\/www.facebook.com\/oslo.hoyre","article_modified_time":"2023-08-05T18:53:21+00:00","og_image":[{"width":1080,"height":1080,"url":"https:\/\/hoyre.no\/content\/uploads\/sites\/408\/2023\/06\/Design-uten-navn-27-kopi.png","type":"image\/png"}],"twitter_card":"summary_large_image","twitter_description":"Mennesker har forskjellige behov. Oslo kommunes helse- og omsorgstjenester skal utformes slik at de setter hensynet til den enkelte bruker, og ikke systemet, i sentrum.","twitter_misc":{"Ansl. lesetid":"2 minutter"},"schema":{"@context":"https:\/\/schema.org","@graph":[{"@type":"WebPage","@id":"https:\/\/hoyre.no\/oslo\/monopol-egner-seg-best-som-brettspill\/","url":"https:\/\/hoyre.no\/oslo\/monopol-egner-seg-best-som-brettspill\/","name":"Monopol egner seg best som brettspill - Oslo H\u00f8yre","isPartOf":{"@id":"https:\/\/hoyre.no\/oslo\/#website"},"image":{"@id":"https:\/\/hoyre.no\/oslo\/monopol-egner-seg-best-som-brettspill\/#primaryimage"},"thumbnailUrl":"https:\/\/hoyre.no\/content\/uploads\/sites\/408\/2023\/06\/IMG_0127-1-1024x683.jpg","datePublished":"2023-06-23T12:42:01+00:00","dateModified":"2023-08-05T18:53:21+00:00","description":"Monopol egner seg best som brettspill. Vi vil la private, offentlige og ideelle akt\u00f8rer konkurrere om \u00e5 levere de beste velferdstjenestene.","breadcrumb":{"@id":"https:\/\/hoyre.no\/oslo\/monopol-egner-seg-best-som-brettspill\/#breadcrumb"},"inLanguage":"nb-NO","potentialAction":[{"@type":"ReadAction","target":["https:\/\/hoyre.no\/oslo\/monopol-egner-seg-best-som-brettspill\/"]}]},{"@type":"ImageObject","inLanguage":"nb-NO","@id":"https:\/\/hoyre.no\/oslo\/monopol-egner-seg-best-som-brettspill\/#primaryimage","url":"https:\/\/hoyre.no\/content\/uploads\/sites\/408\/2023\/06\/IMG_0127-1-1024x683.jpg","contentUrl":"https:\/\/hoyre.no\/content\/uploads\/sites\/408\/2023\/06\/IMG_0127-1-1024x683.jpg"},{"@type":"BreadcrumbList","@id":"https:\/\/hoyre.no\/oslo\/monopol-egner-seg-best-som-brettspill\/#breadcrumb","itemListElement":[{"@type":"ListItem","position":1,"name":"Til hoyre.no","item":"https:\/\/hoyre.no"},{"@type":"ListItem","position":2,"name":"Hjem","item":"https:\/\/hoyre.no\/oslo\/"},{"@type":"ListItem","position":3,"name":"Monopol egner seg best som brettspill"}]},{"@type":"WebSite","@id":"https:\/\/hoyre.no\/oslo\/#website","url":"https:\/\/hoyre.no\/oslo\/","name":"Oslo H\u00f8yre","description":"","publisher":{"@id":"https:\/\/hoyre.no\/oslo\/#organization"},"inLanguage":"nb-NO"},{"@type":"Organization","@id":"https:\/\/hoyre.no\/oslo\/#organization","name":"Oslo H\u00f8yre","url":"https:\/\/hoyre.no\/oslo\/","logo":{"@type":"ImageObject","inLanguage":"nb-NO","@id":"https:\/\/hoyre.no\/oslo\/#\/schema\/logo\/image\/","url":"https:\/\/hoyre.no\/content\/uploads\/sites\/408\/2022\/11\/Hoyres-logo.png","contentUrl":"https:\/\/hoyre.no\/content\/uploads\/sites\/408\/2022\/11\/Hoyres-logo.png","width":1000,"height":1000,"caption":"Oslo H\u00f8yre"},"image":{"@id":"https:\/\/hoyre.no\/oslo\/#\/schema\/logo\/image\/"},"sameAs":["https:\/\/www.facebook.com\/oslo.hoyre"]}]}},"distributor_meta":false,"distributor_terms":false,"distributor_media":false,"distributor_original_site_name":"Oslo H\u00f8yre","distributor_original_site_url":"https:\/\/hoyre.no\/oslo","push-errors":false,"_links":{"self":[{"href":"https:\/\/hoyre.no\/oslo\/wp-json\/wp\/v2\/pages\/4641","targetHints":{"allow":["GET"]}}],"collection":[{"href":"https:\/\/hoyre.no\/oslo\/wp-json\/wp\/v2\/pages"}],"about":[{"href":"https:\/\/hoyre.no\/oslo\/wp-json\/wp\/v2\/types\/page"}],"author":[{"embeddable":true,"href":"https:\/\/hoyre.no\/oslo\/wp-json\/wp\/v2\/users\/31424"}],"replies":[{"embeddable":true,"href":"https:\/\/hoyre.no\/oslo\/wp-json\/wp\/v2\/comments?post=4641"}],"version-history":[{"count":23,"href":"https:\/\/hoyre.no\/oslo\/wp-json\/wp\/v2\/pages\/4641\/revisions"}],"predecessor-version":[{"id":5107,"href":"https:\/\/hoyre.no\/oslo\/wp-json\/wp\/v2\/pages\/4641\/revisions\/5107"}],"wp:attachment":[{"href":"https:\/\/hoyre.no\/oslo\/wp-json\/wp\/v2\/media?parent=4641"}],"curies":[{"name":"wp","href":"https:\/\/api.w.org\/{rel}","templated":true}]}}