{"id":4692,"date":"2023-06-23T14:17:07","date_gmt":"2023-06-23T12:17:07","guid":{"rendered":"https:\/\/hoyre.no\/oslo\/?page_id=4692"},"modified":"2023-08-05T20:52:58","modified_gmt":"2023-08-05T18:52:58","slug":"lavterskeltilbud-ma-prioriteres","status":"publish","type":"page","link":"https:\/\/hoyre.no\/oslo\/lavterskeltilbud-ma-prioriteres\/","title":{"rendered":"Lavterskeltilbud m\u00e5 prioriteres"},"content":{"rendered":"\n<div class=\"wp-block-hoyre-hero with-image-gradient text-color-light  has-media alignfull has-background\"><div class=\"hoyre-hero has-image\"><h1 class=\"title\">Psykisk helse:<br>Lavterskeltilbud m\u00e5 prioriteres<\/h1><p class=\"preamble\">En god psykisk helse er viktig for \u00e5 ha god livskvalitet. Innsatsen m\u00e5 derfor settes inn tidligst mulig for mennesker med psykiske helseplager, og det m\u00e5 sikres gode lavterskeltilbud.<\/p>\t\t\t<div class=\"post-meta wp-block teft-byline-wrapper\">\n\t\t\t\t<div class=\"top\">\n\t\t\t\t\t<div class=\"signature\">\n\t\t\t\t\t\t<div class=\"teft-byline\">\n\t\t\t\t\t\t\t\t\t\t\t\t\t\t<div>\n\t\t\t\t\t\t\t\t<h3>H\u00f8yres redaksjon<\/h3>\t\t\t\t\t\t\t\t\n\t\t\t\t\t\t\t\t\t\t\t\t\t\t\t\t\t<span class=\"date\">Sist oppdatert: 5. august 2023<\/span>\n\t\t\t\t\t\t\t\t\t\t\t\t\t\t\t\t\t\t\t\t\t\t\t\t\t<span class=\"reading-time\" itemprop=\"timeRequired\" content=\"PT2M\"><em>Ca. 2 minutter lesetid<\/em><\/span>\n\t\t\t\t\t\t\t\t\t\t\t\t\t\t\t<\/div>\n\t\t\t\t\t\t<\/div>\n\t\t\t\t\t<\/div>\n\t\t\t\t\t\t<div class=\"sharing\">\n\t\t<a class=\"share-button share-link copy-link\" data-copy=\"https:\/\/hoyre.no\/oslo\/lavterskeltilbud-ma-prioriteres\/\" target=\"_blank\"><span class=\"screen-reader-text\">Del link<\/span><\/a>\n\t\t<a class=\"share-button share-twitter\" href=\"http:\/\/twitter.com\/share?text=Lavterskeltilbud m\u00e5 prioriteres&#038;url=https:\/\/hoyre.no\/oslo\/lavterskeltilbud-ma-prioriteres\/&#038;hashtags=Hoyre\" target=\"_blank\"><span class=\"screen-reader-text\">Del p\u00e5 twitter<\/span><\/a>\n\t\t<a class=\"share-button share-facebook\" href=\"https:\/\/www.facebook.com\/sharer\/sharer.php?u=https:\/\/hoyre.no\/oslo\/lavterskeltilbud-ma-prioriteres\/\" target=\"_blank\"><span class=\"screen-reader-text\">Del p\u00e5 facebook<\/span><\/a>\n\t<\/div>\n\t\t\t\t\t<\/div>\n\t\t\t<\/div>\n\n\t\t\t<figure class=\"hoyre-image-wrapper\"><div class=\"hoyre-image\"><img loading=\"lazy\" decoding=\"async\" width=\"2500\" height=\"1667\" src=\"https:\/\/hoyre.no\/content\/uploads\/sites\/408\/2023\/06\/GettyImages-1251337507-scaled.jpg\" class=\"attachment-scaled size-scaled\" alt=\"Psykisk helse\" style=\"object-position: 50% 50%\" srcset=\"https:\/\/hoyre.no\/content\/uploads\/sites\/408\/2023\/06\/GettyImages-1251337507-scaled.jpg 2500w, https:\/\/hoyre.no\/content\/uploads\/sites\/408\/2023\/06\/GettyImages-1251337507-300x200.jpg 300w, https:\/\/hoyre.no\/content\/uploads\/sites\/408\/2023\/06\/GettyImages-1251337507-1024x683.jpg 1024w, https:\/\/hoyre.no\/content\/uploads\/sites\/408\/2023\/06\/GettyImages-1251337507-768x512.jpg 768w, https:\/\/hoyre.no\/content\/uploads\/sites\/408\/2023\/06\/GettyImages-1251337507-1536x1024.jpg 1536w, https:\/\/hoyre.no\/content\/uploads\/sites\/408\/2023\/06\/GettyImages-1251337507-2048x1365.jpg 2048w\" sizes=\"auto, (max-width: 2500px) 100vw, 2500px\" \/><\/div><\/figure><\/div><\/div>\n\n\n\n\n<h2 class=\"wp-block-heading\" id=\"h-hjelp-nar-du-trenger-det\">Hjelp n\u00e5r du trenger det<\/h2>\n\n\n\n<p>Oslo H\u00f8yre vil styrke samarbeidet mellom kommunens helsetjeneste og spesialisthelsetjenesten innenfor psykisk helse. Samtidig er det viktig \u00e5 satse mer p\u00e5 forebyggende tiltak og lavterskeltilbud i kommunehelsetjenesten til de som sliter psykisk. Tiltak m\u00e5 settes inn tidlig, slik at vi kan forhindre at folk blir sykere og f\u00e5r behov for tyngre og mer omfattende og kompleks behandling innenfor spesialisthelsetjenesten. I dette arbeidet vil Oslo H\u00f8yre samarbeide tett med frivillige og ideelle organisasjoner som jobber med mennesker som sliter psykisk. Hvis vi kan f\u00e5 p\u00e5 plass bedre forebygging og fange opp mennesker med problemer tidlig, vil det gagne b\u00e5de den enkelte og samfunnet. <\/p>\n\n\n\n<p>Unders\u00f8kelser som gjennomf\u00f8res blant barn og unge, viser at en \u00f8kt andel rapporterer om psykiske plager. Kommunen m\u00e5 s\u00f8rge for \u00e5 ha tilstrekkelig med lavterskeltilbud, slik at barn og unge som sliter, enkelt kan f\u00e5 hjelp, og mer alvorlige tilstander kan forebygges.<\/p>\n\n\n\n<div class=\"wp-block-teft-factbox\"><div class=\"factbox-inner\"><div class=\"entry-content\"><h4 class=\"toggle\">Oslo H\u00f8yre vil<\/h4>\n<ul class=\"wp-block-list\"><li>videreutvikle helsestasjonstjenesten slik at barn og unge f\u00e5r et bedre digitalt helsesykepleiertilbud<\/li><li>oppdatere kompetansen p\u00e5 psykisk helse og selvmordsforebygging blant kommunens helsepersonell<\/li><li>jobbe for \u00e5 innf\u00f8re et gratis tilbud om samtalegruppe for personer med angst og depresjon i bydelene, hvor man kan melde seg p\u00e5 uten henvisning \u2013 med egne grupper for ungdom<\/li><li>utvide tilbudet om rask psykisk helsehjelp til ungdom over 16 \u00e5r<\/li><\/ul>\n<\/div><\/div><\/div>\n\n\n\n\n<div class=\"wp-block-hoyre-banner undefined has-icon-title icon-heart is-style-blue\"><div class=\"banner-inner\"><div class=\"banner-content\"><div class=\"entry-content\">\n<h2 class=\"wp-block-heading\" id=\"h-trenger-du-noen-a-snakke-med\">Trenger du noen \u00e5 snakke med?<\/h2>\n\n\n\n<p>Sosial og ambulant akuttjeneste: <a href=\"tel:23487090\">23 48 70 90<\/a><\/p>\n\n\n\n<p>Psykiatrisk legevakt: 116 117<\/p>\n\n\n\n<p>\u00d8yeblikkelig hjelp: 113<\/p>\n\n\n\n<div class=\"wp-block-buttons is-layout-flex wp-block-buttons-is-layout-flex\"><\/div>\n<\/div><\/div><\/div><\/div>\n\n\n\n<h3 class=\"wp-block-heading\" id=\"h-les-ogsa\">LES OGS\u00c5:<\/h3>\n\n\n\n<div class=\"wp-block-teft-cards alignwide teft-cards-grid default-size-4\"><div class=\"teft-cards-item has-4-columns is-card-hoyre\">\n\t<div class=\"teft-card hoyre-teft-card page-teft-card\">\n\t\t<a href=\"https:\/\/hoyre.no\/oslo\/hjelp-ikke-straff\/\" class=\"teft-card__primary-action\">\n\n\t\t\t\t\t<div class=\"teft-card__media teft-card__media--16-9\">\n\t\t\t\t\t\t<img loading=\"lazy\" decoding=\"async\" width=\"768\" height=\"433\" src=\"https:\/\/hoyre.no\/content\/uploads\/sites\/408\/2023\/06\/rus-2-768x433.png\" class=\"attachment-medium_large size-medium_large\" alt=\"rusreform\" srcset=\"https:\/\/hoyre.no\/content\/uploads\/sites\/408\/2023\/06\/rus-2-768x433.png 768w, https:\/\/hoyre.no\/content\/uploads\/sites\/408\/2023\/06\/rus-2-300x169.png 300w, https:\/\/hoyre.no\/content\/uploads\/sites\/408\/2023\/06\/rus-2-1024x577.png 1024w, https:\/\/hoyre.no\/content\/uploads\/sites\/408\/2023\/06\/rus-2-1536x865.png 1536w, https:\/\/hoyre.no\/content\/uploads\/sites\/408\/2023\/06\/rus-2.png 1640w\" sizes=\"auto, (max-width: 768px) 100vw, 768px\" \/>\t\t<\/div>\n\t\t\n\t\t\t<div class=\"teft-card__content-wrapper\">\n\t\t\t\t<div class=\"teft-card__secondary\">\n\t\t\t\t\t\t\t\t\t<\/div>\n\n\t\t\t\t<div class=\"teft-card__primary\">\n\t\t\t\t\t<h2 class=\"teft-card__title\">Hjelp, ikke straff&nbsp;<span class=\"teft-card__primary-title-append\"><\/span><\/h2>\t\t\t\t<\/div>\n\t\t\t<\/div>\n\t\t<\/a>\n\t<\/div>\n\n\t<\/div>\n\n<div class=\"teft-cards-item has-4-columns is-card-hoyre\">\n\t<div class=\"teft-card hoyre-teft-card page-teft-card\">\n\t\t<a href=\"https:\/\/hoyre.no\/oslo\/ja-til-pils-i-park\/\" class=\"teft-card__primary-action\">\n\n\t\t\t\t\t<div class=\"teft-card__media teft-card__media--16-9\">\n\t\t\t\t\t\t<img loading=\"lazy\" decoding=\"async\" width=\"768\" height=\"507\" src=\"https:\/\/hoyre.no\/content\/uploads\/sites\/408\/2023\/01\/otRrW1t8-768x507.jpeg\" class=\"attachment-medium_large size-medium_large\" alt=\"Park\" srcset=\"https:\/\/hoyre.no\/content\/uploads\/sites\/408\/2023\/01\/otRrW1t8-768x507.jpeg 768w, https:\/\/hoyre.no\/content\/uploads\/sites\/408\/2023\/01\/otRrW1t8-300x198.jpeg 300w, https:\/\/hoyre.no\/content\/uploads\/sites\/408\/2023\/01\/otRrW1t8-1024x677.jpeg 1024w, https:\/\/hoyre.no\/content\/uploads\/sites\/408\/2023\/01\/otRrW1t8-1536x1015.jpeg 1536w, https:\/\/hoyre.no\/content\/uploads\/sites\/408\/2023\/01\/otRrW1t8-2048x1353.jpeg 2048w\" sizes=\"auto, (max-width: 768px) 100vw, 768px\" \/>\t\t<\/div>\n\t\t\n\t\t\t<div class=\"teft-card__content-wrapper\">\n\t\t\t\t<div class=\"teft-card__secondary\">\n\t\t\t\t\t\t\t\t\t<\/div>\n\n\t\t\t\t<div class=\"teft-card__primary\">\n\t\t\t\t\t<h2 class=\"teft-card__title\">Ja til pils i park&nbsp;<span class=\"teft-card__primary-title-append\"><\/span><\/h2>\t\t\t\t<\/div>\n\t\t\t<\/div>\n\t\t<\/a>\n\t<\/div>\n\n\t<\/div>\n\n<div class=\"teft-cards-item has-4-columns is-card-hoyre\">\n\t<div class=\"teft-card hoyre-teft-card page-teft-card\">\n\t\t<a href=\"https:\/\/hoyre.no\/oslo\/tilgjengelige-elsparkesykler\/\" class=\"teft-card__primary-action\">\n\n\t\t\t\t\t<div class=\"teft-card__media teft-card__media--16-9\">\n\t\t\t\t\t\t<img loading=\"lazy\" decoding=\"async\" width=\"768\" height=\"433\" src=\"https:\/\/hoyre.no\/content\/uploads\/sites\/408\/2023\/06\/6-768x433.png\" class=\"attachment-medium_large size-medium_large\" alt=\"el-sparkesykkel\" srcset=\"https:\/\/hoyre.no\/content\/uploads\/sites\/408\/2023\/06\/6-768x433.png 768w, https:\/\/hoyre.no\/content\/uploads\/sites\/408\/2023\/06\/6-300x169.png 300w, https:\/\/hoyre.no\/content\/uploads\/sites\/408\/2023\/06\/6-1024x577.png 1024w, https:\/\/hoyre.no\/content\/uploads\/sites\/408\/2023\/06\/6-1536x865.png 1536w, https:\/\/hoyre.no\/content\/uploads\/sites\/408\/2023\/06\/6.png 1640w\" sizes=\"auto, (max-width: 768px) 100vw, 768px\" \/>\t\t<\/div>\n\t\t\n\t\t\t<div class=\"teft-card__content-wrapper\">\n\t\t\t\t<div class=\"teft-card__secondary\">\n\t\t\t\t\t\t\t\t\t<\/div>\n\n\t\t\t\t<div class=\"teft-card__primary\">\n\t\t\t\t\t<h2 class=\"teft-card__title\">Tilgjengelige elsparkesykler&nbsp;<span class=\"teft-card__primary-title-append\"><\/span><\/h2>\t\t\t\t<\/div>\n\t\t\t<\/div>\n\t\t<\/a>\n\t<\/div>\n\n\t<\/div><\/div>\n","protected":false},"excerpt":{"rendered":"<p>LES OGS\u00c5:<\/p>\n","protected":false},"author":31424,"featured_media":0,"parent":0,"menu_order":0,"comment_status":"closed","ping_status":"closed","template":"","meta":{"teft_cards_image_url":"","teft_cards_custom_pretitle":"","teft_cards_image_id":4695,"teft_cards_image_focal_point_x":0.5,"teft_cards_image_focal_point_y":0.5,"teft_cards_title":"","teft_cards_excerpt":"","teft_show_chapters":false,"footnotes":""},"class_list":["post-4692","page","type-page","status-publish","hentry"],"yoast_head":"<!-- This site is optimized with the Yoast SEO Premium plugin v26.5 (Yoast SEO v26.6) - https:\/\/yoast.com\/wordpress\/plugins\/seo\/ -->\n<title>Lavterskeltilbud m\u00e5 prioriteres - Oslo H\u00f8yre<\/title>\n<meta name=\"description\" content=\"En god psykisk helse er viktig for \u00e5 ha god livskvalitet. Innsatsen m\u00e5 derfor settes inn tidligst mulig for mennesker med psykiske helseplager, og det m\u00e5 sikres gode lavterskeltilbud.\" \/>\n<meta name=\"robots\" content=\"index, follow, max-snippet:-1, max-image-preview:large, max-video-preview:-1\" \/>\n<link rel=\"canonical\" href=\"https:\/\/hoyre.no\/oslo\/lavterskeltilbud-ma-prioriteres\/\" \/>\n<meta property=\"og:locale\" content=\"nb_NO\" \/>\n<meta property=\"og:type\" content=\"article\" \/>\n<meta property=\"og:title\" content=\"Lavterskeltilbud m\u00e5 prioriteres\" \/>\n<meta property=\"og:description\" content=\"En god psykisk helse er viktig for \u00e5 ha god livskvalitet. Innsatsen m\u00e5 derfor settes inn tidligst mulig for mennesker med psykiske helseplager, og det m\u00e5 sikres gode lavterskeltilbud.\" \/>\n<meta property=\"og:url\" content=\"https:\/\/hoyre.no\/oslo\/lavterskeltilbud-ma-prioriteres\/\" \/>\n<meta property=\"og:site_name\" content=\"Oslo H\u00f8yre\" \/>\n<meta property=\"article:publisher\" content=\"https:\/\/www.facebook.com\/oslo.hoyre\" \/>\n<meta property=\"article:modified_time\" content=\"2023-08-05T18:52:58+00:00\" \/>\n<meta property=\"og:image\" content=\"https:\/\/hoyre.no\/content\/uploads\/sites\/408\/2023\/06\/GettyImages-1251337507-scaled.jpg\" \/>\n\t<meta property=\"og:image:width\" content=\"2500\" \/>\n\t<meta property=\"og:image:height\" content=\"1667\" \/>\n\t<meta property=\"og:image:type\" content=\"image\/jpeg\" \/>\n<meta name=\"twitter:card\" content=\"summary_large_image\" \/>\n<meta name=\"twitter:description\" content=\"En god psykisk helse er viktig for \u00e5 ha god livskvalitet. Innsatsen m\u00e5 derfor settes inn tidligst mulig for mennesker med psykiske helseplager, og det m\u00e5 sikres gode lavterskeltilbud.\" \/>\n<meta name=\"twitter:label1\" content=\"Ansl. lesetid\" \/>\n\t<meta name=\"twitter:data1\" content=\"2 minutter\" \/>\n<script type=\"application\/ld+json\" class=\"yoast-schema-graph\">{\"@context\":\"https:\/\/schema.org\",\"@graph\":[{\"@type\":\"WebPage\",\"@id\":\"https:\/\/hoyre.no\/oslo\/lavterskeltilbud-ma-prioriteres\/\",\"url\":\"https:\/\/hoyre.no\/oslo\/lavterskeltilbud-ma-prioriteres\/\",\"name\":\"Lavterskeltilbud m\u00e5 prioriteres - Oslo H\u00f8yre\",\"isPartOf\":{\"@id\":\"https:\/\/hoyre.no\/oslo\/#website\"},\"datePublished\":\"2023-06-23T12:17:07+00:00\",\"dateModified\":\"2023-08-05T18:52:58+00:00\",\"description\":\"En god psykisk helse er viktig for \u00e5 ha god livskvalitet. Innsatsen m\u00e5 derfor settes inn tidligst mulig for mennesker med psykiske helseplager, og det m\u00e5 sikres gode lavterskeltilbud.\",\"breadcrumb\":{\"@id\":\"https:\/\/hoyre.no\/oslo\/lavterskeltilbud-ma-prioriteres\/#breadcrumb\"},\"inLanguage\":\"nb-NO\",\"potentialAction\":[{\"@type\":\"ReadAction\",\"target\":[\"https:\/\/hoyre.no\/oslo\/lavterskeltilbud-ma-prioriteres\/\"]}]},{\"@type\":\"BreadcrumbList\",\"@id\":\"https:\/\/hoyre.no\/oslo\/lavterskeltilbud-ma-prioriteres\/#breadcrumb\",\"itemListElement\":[{\"@type\":\"ListItem\",\"position\":1,\"name\":\"Til hoyre.no\",\"item\":\"https:\/\/hoyre.no\"},{\"@type\":\"ListItem\",\"position\":2,\"name\":\"Hjem\",\"item\":\"https:\/\/hoyre.no\/oslo\/\"},{\"@type\":\"ListItem\",\"position\":3,\"name\":\"Lavterskeltilbud m\u00e5 prioriteres\"}]},{\"@type\":\"WebSite\",\"@id\":\"https:\/\/hoyre.no\/oslo\/#website\",\"url\":\"https:\/\/hoyre.no\/oslo\/\",\"name\":\"Oslo H\u00f8yre\",\"description\":\"\",\"publisher\":{\"@id\":\"https:\/\/hoyre.no\/oslo\/#organization\"},\"inLanguage\":\"nb-NO\"},{\"@type\":\"Organization\",\"@id\":\"https:\/\/hoyre.no\/oslo\/#organization\",\"name\":\"Oslo H\u00f8yre\",\"url\":\"https:\/\/hoyre.no\/oslo\/\",\"logo\":{\"@type\":\"ImageObject\",\"inLanguage\":\"nb-NO\",\"@id\":\"https:\/\/hoyre.no\/oslo\/#\/schema\/logo\/image\/\",\"url\":\"https:\/\/hoyre.no\/content\/uploads\/sites\/408\/2022\/11\/Hoyres-logo.png\",\"contentUrl\":\"https:\/\/hoyre.no\/content\/uploads\/sites\/408\/2022\/11\/Hoyres-logo.png\",\"width\":1000,\"height\":1000,\"caption\":\"Oslo H\u00f8yre\"},\"image\":{\"@id\":\"https:\/\/hoyre.no\/oslo\/#\/schema\/logo\/image\/\"},\"sameAs\":[\"https:\/\/www.facebook.com\/oslo.hoyre\"]}]}<\/script>\n<!-- \/ Yoast SEO Premium plugin. -->","yoast_head_json":{"title":"Lavterskeltilbud m\u00e5 prioriteres - Oslo H\u00f8yre","description":"En god psykisk helse er viktig for \u00e5 ha god livskvalitet. Innsatsen m\u00e5 derfor settes inn tidligst mulig for mennesker med psykiske helseplager, og det m\u00e5 sikres gode lavterskeltilbud.","robots":{"index":"index","follow":"follow","max-snippet":"max-snippet:-1","max-image-preview":"max-image-preview:large","max-video-preview":"max-video-preview:-1"},"canonical":"https:\/\/hoyre.no\/oslo\/lavterskeltilbud-ma-prioriteres\/","og_locale":"nb_NO","og_type":"article","og_title":"Lavterskeltilbud m\u00e5 prioriteres","og_description":"En god psykisk helse er viktig for \u00e5 ha god livskvalitet. Innsatsen m\u00e5 derfor settes inn tidligst mulig for mennesker med psykiske helseplager, og det m\u00e5 sikres gode lavterskeltilbud.","og_url":"https:\/\/hoyre.no\/oslo\/lavterskeltilbud-ma-prioriteres\/","og_site_name":"Oslo H\u00f8yre","article_publisher":"https:\/\/www.facebook.com\/oslo.hoyre","article_modified_time":"2023-08-05T18:52:58+00:00","og_image":[{"width":2500,"height":1667,"url":"https:\/\/hoyre.no\/content\/uploads\/sites\/408\/2023\/06\/GettyImages-1251337507-scaled.jpg","type":"image\/jpeg"}],"twitter_card":"summary_large_image","twitter_description":"En god psykisk helse er viktig for \u00e5 ha god livskvalitet. Innsatsen m\u00e5 derfor settes inn tidligst mulig for mennesker med psykiske helseplager, og det m\u00e5 sikres gode lavterskeltilbud.","twitter_misc":{"Ansl. lesetid":"2 minutter"},"schema":{"@context":"https:\/\/schema.org","@graph":[{"@type":"WebPage","@id":"https:\/\/hoyre.no\/oslo\/lavterskeltilbud-ma-prioriteres\/","url":"https:\/\/hoyre.no\/oslo\/lavterskeltilbud-ma-prioriteres\/","name":"Lavterskeltilbud m\u00e5 prioriteres - Oslo H\u00f8yre","isPartOf":{"@id":"https:\/\/hoyre.no\/oslo\/#website"},"datePublished":"2023-06-23T12:17:07+00:00","dateModified":"2023-08-05T18:52:58+00:00","description":"En god psykisk helse er viktig for \u00e5 ha god livskvalitet. Innsatsen m\u00e5 derfor settes inn tidligst mulig for mennesker med psykiske helseplager, og det m\u00e5 sikres gode lavterskeltilbud.","breadcrumb":{"@id":"https:\/\/hoyre.no\/oslo\/lavterskeltilbud-ma-prioriteres\/#breadcrumb"},"inLanguage":"nb-NO","potentialAction":[{"@type":"ReadAction","target":["https:\/\/hoyre.no\/oslo\/lavterskeltilbud-ma-prioriteres\/"]}]},{"@type":"BreadcrumbList","@id":"https:\/\/hoyre.no\/oslo\/lavterskeltilbud-ma-prioriteres\/#breadcrumb","itemListElement":[{"@type":"ListItem","position":1,"name":"Til hoyre.no","item":"https:\/\/hoyre.no"},{"@type":"ListItem","position":2,"name":"Hjem","item":"https:\/\/hoyre.no\/oslo\/"},{"@type":"ListItem","position":3,"name":"Lavterskeltilbud m\u00e5 prioriteres"}]},{"@type":"WebSite","@id":"https:\/\/hoyre.no\/oslo\/#website","url":"https:\/\/hoyre.no\/oslo\/","name":"Oslo H\u00f8yre","description":"","publisher":{"@id":"https:\/\/hoyre.no\/oslo\/#organization"},"inLanguage":"nb-NO"},{"@type":"Organization","@id":"https:\/\/hoyre.no\/oslo\/#organization","name":"Oslo H\u00f8yre","url":"https:\/\/hoyre.no\/oslo\/","logo":{"@type":"ImageObject","inLanguage":"nb-NO","@id":"https:\/\/hoyre.no\/oslo\/#\/schema\/logo\/image\/","url":"https:\/\/hoyre.no\/content\/uploads\/sites\/408\/2022\/11\/Hoyres-logo.png","contentUrl":"https:\/\/hoyre.no\/content\/uploads\/sites\/408\/2022\/11\/Hoyres-logo.png","width":1000,"height":1000,"caption":"Oslo H\u00f8yre"},"image":{"@id":"https:\/\/hoyre.no\/oslo\/#\/schema\/logo\/image\/"},"sameAs":["https:\/\/www.facebook.com\/oslo.hoyre"]}]}},"distributor_meta":false,"distributor_terms":false,"distributor_media":false,"distributor_original_site_name":"Oslo H\u00f8yre","distributor_original_site_url":"https:\/\/hoyre.no\/oslo","push-errors":false,"_links":{"self":[{"href":"https:\/\/hoyre.no\/oslo\/wp-json\/wp\/v2\/pages\/4692","targetHints":{"allow":["GET"]}}],"collection":[{"href":"https:\/\/hoyre.no\/oslo\/wp-json\/wp\/v2\/pages"}],"about":[{"href":"https:\/\/hoyre.no\/oslo\/wp-json\/wp\/v2\/types\/page"}],"author":[{"embeddable":true,"href":"https:\/\/hoyre.no\/oslo\/wp-json\/wp\/v2\/users\/31424"}],"replies":[{"embeddable":true,"href":"https:\/\/hoyre.no\/oslo\/wp-json\/wp\/v2\/comments?post=4692"}],"version-history":[{"count":14,"href":"https:\/\/hoyre.no\/oslo\/wp-json\/wp\/v2\/pages\/4692\/revisions"}],"predecessor-version":[{"id":4972,"href":"https:\/\/hoyre.no\/oslo\/wp-json\/wp\/v2\/pages\/4692\/revisions\/4972"}],"wp:attachment":[{"href":"https:\/\/hoyre.no\/oslo\/wp-json\/wp\/v2\/media?parent=4692"}],"curies":[{"name":"wp","href":"https:\/\/api.w.org\/{rel}","templated":true}]}}