{"id":4699,"date":"2023-06-23T14:30:20","date_gmt":"2023-06-23T12:30:20","guid":{"rendered":"https:\/\/hoyre.no\/oslo\/?page_id=4699"},"modified":"2025-05-27T12:54:49","modified_gmt":"2025-05-27T10:54:49","slug":"tilgjengelige-elsparkesykler","status":"publish","type":"page","link":"https:\/\/hoyre.no\/oslo\/tilgjengelige-elsparkesykler\/","title":{"rendered":"Tilgjengelige elsparkesykler"},"content":{"rendered":"\n<div class=\"wp-block-hoyre-hero with-image-gradient text-color-light  has-media alignfull has-background\"><div class=\"hoyre-hero has-image\"><h1 class=\"title\">Tilgjengelige <br>elsparkesykler<\/h1><figure class=\"hoyre-image-wrapper\"><div class=\"hoyre-image\"><img loading=\"lazy\" decoding=\"async\" width=\"1640\" height=\"924\" src=\"https:\/\/hoyre.no\/content\/uploads\/sites\/408\/2023\/06\/6.png\" class=\"attachment-scaled size-scaled\" alt=\"el-sparkesykkel\" style=\"object-position: 51% 0%\" srcset=\"https:\/\/hoyre.no\/content\/uploads\/sites\/408\/2023\/06\/6.png 1640w, https:\/\/hoyre.no\/content\/uploads\/sites\/408\/2023\/06\/6-300x169.png 300w, https:\/\/hoyre.no\/content\/uploads\/sites\/408\/2023\/06\/6-1024x577.png 1024w, https:\/\/hoyre.no\/content\/uploads\/sites\/408\/2023\/06\/6-768x433.png 768w, https:\/\/hoyre.no\/content\/uploads\/sites\/408\/2023\/06\/6-1536x865.png 1536w\" sizes=\"auto, (max-width: 1640px) 100vw, 1640px\" \/><\/div><\/figure><\/div><\/div>\n\n\n\n\n<h2 class=\"wp-block-heading\" id=\"h-oslo-skal-vaere-en-by-for-elsyklistene\">Oslo skal v\u00e6re en by for elsyklistene<\/h2>\n\n\n\n<p>Oslo H\u00f8yre vil integrere elsparkesykler i kollektivtilbudet og utvide ordningen til de ytre bydelene, for \u00e5 gj\u00f8re det enklere for innbyggerne \u00e5 komme seg rundt i byen.<\/p>\n\n\n\n<div class=\"wp-block-image\">\n<figure class=\"aligncenter size-large\"><img loading=\"lazy\" decoding=\"async\" width=\"1024\" height=\"577\" src=\"https:\/\/hoyre.no\/content\/uploads\/sites\/408\/2023\/06\/4-1024x577.png\" alt=\"el-sparkesykkel\" class=\"wp-image-4706\" srcset=\"https:\/\/hoyre.no\/content\/uploads\/sites\/408\/2023\/06\/4-1024x577.png 1024w, https:\/\/hoyre.no\/content\/uploads\/sites\/408\/2023\/06\/4-300x169.png 300w, https:\/\/hoyre.no\/content\/uploads\/sites\/408\/2023\/06\/4-768x433.png 768w, https:\/\/hoyre.no\/content\/uploads\/sites\/408\/2023\/06\/4-1536x865.png 1536w, https:\/\/hoyre.no\/content\/uploads\/sites\/408\/2023\/06\/4.png 1640w\" sizes=\"auto, (max-width: 1024px) 100vw, 1024px\" \/><\/figure><\/div>\n\n\n<p>Vi vil skape tryggere forhold for syklister med tras\u00e9er som er fysisk adskilt fra bilveier, der det er mulig. Veier i indre by der det ikke er plass til \u00e5 skille trafikanter fysisk, skal deles p\u00e5 trygge m\u00e5ter.<\/p>\n\n\n\n<p>For at flere skal bruke sykkelen, er det n\u00f8dvendig \u00e5 bygge bedre og mer sammenhengende sykkelveier. Oslo H\u00f8yre vil l\u00f8pende gjennomg\u00e5 kvaliteten p\u00e5 nye og eksisterende sykkelveier for \u00e5 sikre at de er godt utformet og godt vedlikeholdt. Samtidig m\u00e5 vi tenke nytt om hvilken plass delingsl\u00f8sninger, som bysykler og elsparkesykler, skal ha i byens transporttilbud.<\/p>\n\n\n\n<div class=\"wp-block-teft-cards alignwide teft-cards-grid default-size-4\"><div class=\"teft-cards-item has-4-columns is-card-hoyre\">\n\t<div class=\"teft-card hoyre-teft-card page-teft-card\">\n\t\t<a href=\"https:\/\/hoyre.no\/oslo\/lavterskeltilbud-ma-prioriteres\/\" class=\"teft-card__primary-action\">\n\n\t\t\t\t\t<div class=\"teft-card__media teft-card__media--16-9\">\n\t\t\t\t\t\t<img loading=\"lazy\" decoding=\"async\" width=\"768\" height=\"512\" src=\"https:\/\/hoyre.no\/content\/uploads\/sites\/408\/2023\/06\/GettyImages-1251337507-768x512.jpg\" class=\"attachment-medium_large size-medium_large\" alt=\"Psykisk helse\" srcset=\"https:\/\/hoyre.no\/content\/uploads\/sites\/408\/2023\/06\/GettyImages-1251337507-768x512.jpg 768w, https:\/\/hoyre.no\/content\/uploads\/sites\/408\/2023\/06\/GettyImages-1251337507-300x200.jpg 300w, https:\/\/hoyre.no\/content\/uploads\/sites\/408\/2023\/06\/GettyImages-1251337507-1024x683.jpg 1024w, https:\/\/hoyre.no\/content\/uploads\/sites\/408\/2023\/06\/GettyImages-1251337507-1536x1024.jpg 1536w, https:\/\/hoyre.no\/content\/uploads\/sites\/408\/2023\/06\/GettyImages-1251337507-2048x1365.jpg 2048w\" sizes=\"auto, (max-width: 768px) 100vw, 768px\" \/>\t\t<\/div>\n\t\t\n\t\t\t<div class=\"teft-card__content-wrapper\">\n\t\t\t\t<div class=\"teft-card__secondary\">\n\t\t\t\t\t\t\t\t\t<\/div>\n\n\t\t\t\t<div class=\"teft-card__primary\">\n\t\t\t\t\t<h2 class=\"teft-card__title\">Lavterskeltilbud m\u00e5 prioriteres&nbsp;<span class=\"teft-card__primary-title-append\"><\/span><\/h2>\t\t\t\t<\/div>\n\t\t\t<\/div>\n\t\t<\/a>\n\t<\/div>\n\n\t<\/div>\n\n<div class=\"teft-cards-item has-4-columns is-card-hoyre\">\n\t<div class=\"teft-card hoyre-teft-card page-teft-card\">\n\t\t<a href=\"https:\/\/hoyre.no\/oslo\/ja-til-pils-i-park\/\" class=\"teft-card__primary-action\">\n\n\t\t\t\t\t<div class=\"teft-card__media teft-card__media--16-9\">\n\t\t\t\t\t\t<img loading=\"lazy\" decoding=\"async\" width=\"768\" height=\"507\" src=\"https:\/\/hoyre.no\/content\/uploads\/sites\/408\/2023\/01\/otRrW1t8-768x507.jpeg\" class=\"attachment-medium_large size-medium_large\" alt=\"Park\" srcset=\"https:\/\/hoyre.no\/content\/uploads\/sites\/408\/2023\/01\/otRrW1t8-768x507.jpeg 768w, https:\/\/hoyre.no\/content\/uploads\/sites\/408\/2023\/01\/otRrW1t8-300x198.jpeg 300w, https:\/\/hoyre.no\/content\/uploads\/sites\/408\/2023\/01\/otRrW1t8-1024x677.jpeg 1024w, https:\/\/hoyre.no\/content\/uploads\/sites\/408\/2023\/01\/otRrW1t8-1536x1015.jpeg 1536w, https:\/\/hoyre.no\/content\/uploads\/sites\/408\/2023\/01\/otRrW1t8-2048x1353.jpeg 2048w\" sizes=\"auto, (max-width: 768px) 100vw, 768px\" \/>\t\t<\/div>\n\t\t\n\t\t\t<div class=\"teft-card__content-wrapper\">\n\t\t\t\t<div class=\"teft-card__secondary\">\n\t\t\t\t\t\t\t\t\t<\/div>\n\n\t\t\t\t<div class=\"teft-card__primary\">\n\t\t\t\t\t<h2 class=\"teft-card__title\">Ja til pils i park&nbsp;<span class=\"teft-card__primary-title-append\"><\/span><\/h2>\t\t\t\t<\/div>\n\t\t\t<\/div>\n\t\t<\/a>\n\t<\/div>\n\n\t<\/div>\n\n<div class=\"teft-cards-item has-4-columns is-card-hoyre\">\n\t<div class=\"teft-card hoyre-teft-card page-teft-card\">\n\t\t<a href=\"https:\/\/hoyre.no\/oslo\/hjelp-ikke-straff\/\" class=\"teft-card__primary-action\">\n\n\t\t\t\t\t<div class=\"teft-card__media teft-card__media--16-9\">\n\t\t\t\t\t\t<img loading=\"lazy\" decoding=\"async\" width=\"768\" height=\"433\" src=\"https:\/\/hoyre.no\/content\/uploads\/sites\/408\/2023\/06\/rus-2-768x433.png\" class=\"attachment-medium_large size-medium_large\" alt=\"rusreform\" srcset=\"https:\/\/hoyre.no\/content\/uploads\/sites\/408\/2023\/06\/rus-2-768x433.png 768w, https:\/\/hoyre.no\/content\/uploads\/sites\/408\/2023\/06\/rus-2-300x169.png 300w, https:\/\/hoyre.no\/content\/uploads\/sites\/408\/2023\/06\/rus-2-1024x577.png 1024w, https:\/\/hoyre.no\/content\/uploads\/sites\/408\/2023\/06\/rus-2-1536x865.png 1536w, https:\/\/hoyre.no\/content\/uploads\/sites\/408\/2023\/06\/rus-2.png 1640w\" sizes=\"auto, (max-width: 768px) 100vw, 768px\" \/>\t\t<\/div>\n\t\t\n\t\t\t<div class=\"teft-card__content-wrapper\">\n\t\t\t\t<div class=\"teft-card__secondary\">\n\t\t\t\t\t\t\t\t\t<\/div>\n\n\t\t\t\t<div class=\"teft-card__primary\">\n\t\t\t\t\t<h2 class=\"teft-card__title\">Hjelp, ikke straff&nbsp;<span class=\"teft-card__primary-title-append\"><\/span><\/h2>\t\t\t\t<\/div>\n\t\t\t<\/div>\n\t\t<\/a>\n\t<\/div>\n\n\t<\/div><\/div>\n","protected":false},"excerpt":{"rendered":"<p>Vi vil skape tryggere forhold for syklister med tras\u00e9er som er fysisk adskilt fra bilveier, der det er mulig. Veier i indre by der det ikke er plass til \u00e5 skille trafikanter fysisk, skal deles p\u00e5 trygge m\u00e5ter. For at flere skal bruke sykkelen, er det n\u00f8dvendig \u00e5 bygge bedre og mer sammenhengende sykkelveier. Oslo [&hellip;]<\/p>\n","protected":false},"author":31424,"featured_media":0,"parent":0,"menu_order":0,"comment_status":"closed","ping_status":"closed","template":"","meta":{"teft_cards_image_url":"","teft_cards_custom_pretitle":"","teft_cards_image_id":4708,"teft_cards_image_focal_point_x":0.5,"teft_cards_image_focal_point_y":0.5,"teft_cards_title":"","teft_cards_excerpt":"","teft_show_chapters":false,"footnotes":""},"class_list":["post-4699","page","type-page","status-publish","hentry"],"yoast_head":"<!-- This site is optimized with the Yoast SEO Premium plugin v26.5 (Yoast SEO v26.6) - https:\/\/yoast.com\/wordpress\/plugins\/seo\/ -->\n<title>Tilgjengelige elsparkesykler - Oslo H\u00f8yre<\/title>\n<meta name=\"description\" content=\"Oslo H\u00f8yre vil integrere elsparkesykler i kollektivtilbudet og utvide ordningen til de ytre bydelene, for \u00e5 gj\u00f8re det enklere for innbyggerne \u00e5 komme seg rundt i byen.\" \/>\n<meta name=\"robots\" content=\"index, follow, max-snippet:-1, max-image-preview:large, max-video-preview:-1\" \/>\n<link rel=\"canonical\" href=\"https:\/\/hoyre.no\/oslo\/tilgjengelige-elsparkesykler\/\" \/>\n<meta property=\"og:locale\" content=\"nb_NO\" \/>\n<meta property=\"og:type\" content=\"article\" \/>\n<meta property=\"og:title\" content=\"Tilgjengelige elsparkesykler\" \/>\n<meta property=\"og:description\" content=\"Oslo H\u00f8yre vil integrere elsparkesykler i kollektivtilbudet og utvide ordningen til de ytre bydelene, for \u00e5 gj\u00f8re det enklere for innbyggerne \u00e5 komme seg rundt i byen.\" \/>\n<meta property=\"og:url\" content=\"https:\/\/hoyre.no\/oslo\/tilgjengelige-elsparkesykler\/\" \/>\n<meta property=\"og:site_name\" content=\"Oslo H\u00f8yre\" \/>\n<meta property=\"article:publisher\" content=\"https:\/\/www.facebook.com\/oslo.hoyre\" \/>\n<meta property=\"article:modified_time\" content=\"2025-05-27T10:54:49+00:00\" \/>\n<meta property=\"og:image\" content=\"https:\/\/hoyre.no\/content\/uploads\/sites\/408\/2023\/06\/6-1024x577.png\" \/>\n<meta name=\"twitter:card\" content=\"summary_large_image\" \/>\n<meta name=\"twitter:label1\" content=\"Ansl. lesetid\" \/>\n\t<meta name=\"twitter:data1\" content=\"1 minutt\" \/>\n<script type=\"application\/ld+json\" class=\"yoast-schema-graph\">{\"@context\":\"https:\/\/schema.org\",\"@graph\":[{\"@type\":\"WebPage\",\"@id\":\"https:\/\/hoyre.no\/oslo\/tilgjengelige-elsparkesykler\/\",\"url\":\"https:\/\/hoyre.no\/oslo\/tilgjengelige-elsparkesykler\/\",\"name\":\"Tilgjengelige elsparkesykler - Oslo H\u00f8yre\",\"isPartOf\":{\"@id\":\"https:\/\/hoyre.no\/oslo\/#website\"},\"image\":{\"@id\":\"https:\/\/hoyre.no\/oslo\/tilgjengelige-elsparkesykler\/#primaryimage\"},\"thumbnailUrl\":\"https:\/\/hoyre.no\/content\/uploads\/sites\/408\/2023\/06\/4-1024x577.png\",\"datePublished\":\"2023-06-23T12:30:20+00:00\",\"dateModified\":\"2025-05-27T10:54:49+00:00\",\"description\":\"Oslo H\u00f8yre vil integrere elsparkesykler i kollektivtilbudet og utvide ordningen til de ytre bydelene, for \u00e5 gj\u00f8re det enklere for innbyggerne \u00e5 komme seg rundt i byen.\",\"breadcrumb\":{\"@id\":\"https:\/\/hoyre.no\/oslo\/tilgjengelige-elsparkesykler\/#breadcrumb\"},\"inLanguage\":\"nb-NO\",\"potentialAction\":[{\"@type\":\"ReadAction\",\"target\":[\"https:\/\/hoyre.no\/oslo\/tilgjengelige-elsparkesykler\/\"]}]},{\"@type\":\"ImageObject\",\"inLanguage\":\"nb-NO\",\"@id\":\"https:\/\/hoyre.no\/oslo\/tilgjengelige-elsparkesykler\/#primaryimage\",\"url\":\"https:\/\/hoyre.no\/content\/uploads\/sites\/408\/2023\/06\/4-1024x577.png\",\"contentUrl\":\"https:\/\/hoyre.no\/content\/uploads\/sites\/408\/2023\/06\/4-1024x577.png\"},{\"@type\":\"BreadcrumbList\",\"@id\":\"https:\/\/hoyre.no\/oslo\/tilgjengelige-elsparkesykler\/#breadcrumb\",\"itemListElement\":[{\"@type\":\"ListItem\",\"position\":1,\"name\":\"Til hoyre.no\",\"item\":\"https:\/\/hoyre.no\"},{\"@type\":\"ListItem\",\"position\":2,\"name\":\"Hjem\",\"item\":\"https:\/\/hoyre.no\/oslo\/\"},{\"@type\":\"ListItem\",\"position\":3,\"name\":\"Tilgjengelige elsparkesykler\"}]},{\"@type\":\"WebSite\",\"@id\":\"https:\/\/hoyre.no\/oslo\/#website\",\"url\":\"https:\/\/hoyre.no\/oslo\/\",\"name\":\"Oslo H\u00f8yre\",\"description\":\"\",\"publisher\":{\"@id\":\"https:\/\/hoyre.no\/oslo\/#organization\"},\"inLanguage\":\"nb-NO\"},{\"@type\":\"Organization\",\"@id\":\"https:\/\/hoyre.no\/oslo\/#organization\",\"name\":\"Oslo H\u00f8yre\",\"url\":\"https:\/\/hoyre.no\/oslo\/\",\"logo\":{\"@type\":\"ImageObject\",\"inLanguage\":\"nb-NO\",\"@id\":\"https:\/\/hoyre.no\/oslo\/#\/schema\/logo\/image\/\",\"url\":\"https:\/\/hoyre.no\/content\/uploads\/sites\/408\/2022\/11\/Hoyres-logo.png\",\"contentUrl\":\"https:\/\/hoyre.no\/content\/uploads\/sites\/408\/2022\/11\/Hoyres-logo.png\",\"width\":1000,\"height\":1000,\"caption\":\"Oslo H\u00f8yre\"},\"image\":{\"@id\":\"https:\/\/hoyre.no\/oslo\/#\/schema\/logo\/image\/\"},\"sameAs\":[\"https:\/\/www.facebook.com\/oslo.hoyre\"]}]}<\/script>\n<!-- \/ Yoast SEO Premium plugin. -->","yoast_head_json":{"title":"Tilgjengelige elsparkesykler - Oslo H\u00f8yre","description":"Oslo H\u00f8yre vil integrere elsparkesykler i kollektivtilbudet og utvide ordningen til de ytre bydelene, for \u00e5 gj\u00f8re det enklere for innbyggerne \u00e5 komme seg rundt i byen.","robots":{"index":"index","follow":"follow","max-snippet":"max-snippet:-1","max-image-preview":"max-image-preview:large","max-video-preview":"max-video-preview:-1"},"canonical":"https:\/\/hoyre.no\/oslo\/tilgjengelige-elsparkesykler\/","og_locale":"nb_NO","og_type":"article","og_title":"Tilgjengelige elsparkesykler","og_description":"Oslo H\u00f8yre vil integrere elsparkesykler i kollektivtilbudet og utvide ordningen til de ytre bydelene, for \u00e5 gj\u00f8re det enklere for innbyggerne \u00e5 komme seg rundt i byen.","og_url":"https:\/\/hoyre.no\/oslo\/tilgjengelige-elsparkesykler\/","og_site_name":"Oslo H\u00f8yre","article_publisher":"https:\/\/www.facebook.com\/oslo.hoyre","article_modified_time":"2025-05-27T10:54:49+00:00","og_image":[{"url":"https:\/\/hoyre.no\/content\/uploads\/sites\/408\/2023\/06\/6-1024x577.png","width":"","height":"","type":""}],"twitter_card":"summary_large_image","twitter_misc":{"Ansl. lesetid":"1 minutt"},"schema":{"@context":"https:\/\/schema.org","@graph":[{"@type":"WebPage","@id":"https:\/\/hoyre.no\/oslo\/tilgjengelige-elsparkesykler\/","url":"https:\/\/hoyre.no\/oslo\/tilgjengelige-elsparkesykler\/","name":"Tilgjengelige elsparkesykler - Oslo H\u00f8yre","isPartOf":{"@id":"https:\/\/hoyre.no\/oslo\/#website"},"image":{"@id":"https:\/\/hoyre.no\/oslo\/tilgjengelige-elsparkesykler\/#primaryimage"},"thumbnailUrl":"https:\/\/hoyre.no\/content\/uploads\/sites\/408\/2023\/06\/4-1024x577.png","datePublished":"2023-06-23T12:30:20+00:00","dateModified":"2025-05-27T10:54:49+00:00","description":"Oslo H\u00f8yre vil integrere elsparkesykler i kollektivtilbudet og utvide ordningen til de ytre bydelene, for \u00e5 gj\u00f8re det enklere for innbyggerne \u00e5 komme seg rundt i byen.","breadcrumb":{"@id":"https:\/\/hoyre.no\/oslo\/tilgjengelige-elsparkesykler\/#breadcrumb"},"inLanguage":"nb-NO","potentialAction":[{"@type":"ReadAction","target":["https:\/\/hoyre.no\/oslo\/tilgjengelige-elsparkesykler\/"]}]},{"@type":"ImageObject","inLanguage":"nb-NO","@id":"https:\/\/hoyre.no\/oslo\/tilgjengelige-elsparkesykler\/#primaryimage","url":"https:\/\/hoyre.no\/content\/uploads\/sites\/408\/2023\/06\/4-1024x577.png","contentUrl":"https:\/\/hoyre.no\/content\/uploads\/sites\/408\/2023\/06\/4-1024x577.png"},{"@type":"BreadcrumbList","@id":"https:\/\/hoyre.no\/oslo\/tilgjengelige-elsparkesykler\/#breadcrumb","itemListElement":[{"@type":"ListItem","position":1,"name":"Til hoyre.no","item":"https:\/\/hoyre.no"},{"@type":"ListItem","position":2,"name":"Hjem","item":"https:\/\/hoyre.no\/oslo\/"},{"@type":"ListItem","position":3,"name":"Tilgjengelige elsparkesykler"}]},{"@type":"WebSite","@id":"https:\/\/hoyre.no\/oslo\/#website","url":"https:\/\/hoyre.no\/oslo\/","name":"Oslo H\u00f8yre","description":"","publisher":{"@id":"https:\/\/hoyre.no\/oslo\/#organization"},"inLanguage":"nb-NO"},{"@type":"Organization","@id":"https:\/\/hoyre.no\/oslo\/#organization","name":"Oslo H\u00f8yre","url":"https:\/\/hoyre.no\/oslo\/","logo":{"@type":"ImageObject","inLanguage":"nb-NO","@id":"https:\/\/hoyre.no\/oslo\/#\/schema\/logo\/image\/","url":"https:\/\/hoyre.no\/content\/uploads\/sites\/408\/2022\/11\/Hoyres-logo.png","contentUrl":"https:\/\/hoyre.no\/content\/uploads\/sites\/408\/2022\/11\/Hoyres-logo.png","width":1000,"height":1000,"caption":"Oslo H\u00f8yre"},"image":{"@id":"https:\/\/hoyre.no\/oslo\/#\/schema\/logo\/image\/"},"sameAs":["https:\/\/www.facebook.com\/oslo.hoyre"]}]}},"distributor_meta":false,"distributor_terms":false,"distributor_media":false,"distributor_original_site_name":"Oslo H\u00f8yre","distributor_original_site_url":"https:\/\/hoyre.no\/oslo","push-errors":false,"_links":{"self":[{"href":"https:\/\/hoyre.no\/oslo\/wp-json\/wp\/v2\/pages\/4699","targetHints":{"allow":["GET"]}}],"collection":[{"href":"https:\/\/hoyre.no\/oslo\/wp-json\/wp\/v2\/pages"}],"about":[{"href":"https:\/\/hoyre.no\/oslo\/wp-json\/wp\/v2\/types\/page"}],"author":[{"embeddable":true,"href":"https:\/\/hoyre.no\/oslo\/wp-json\/wp\/v2\/users\/31424"}],"replies":[{"embeddable":true,"href":"https:\/\/hoyre.no\/oslo\/wp-json\/wp\/v2\/comments?post=4699"}],"version-history":[{"count":39,"href":"https:\/\/hoyre.no\/oslo\/wp-json\/wp\/v2\/pages\/4699\/revisions"}],"predecessor-version":[{"id":8933,"href":"https:\/\/hoyre.no\/oslo\/wp-json\/wp\/v2\/pages\/4699\/revisions\/8933"}],"wp:attachment":[{"href":"https:\/\/hoyre.no\/oslo\/wp-json\/wp\/v2\/media?parent=4699"}],"curies":[{"name":"wp","href":"https:\/\/api.w.org\/{rel}","templated":true}]}}