{"id":4704,"date":"2023-06-23T14:26:56","date_gmt":"2023-06-23T12:26:56","guid":{"rendered":"https:\/\/hoyre.no\/oslo\/?page_id=4704"},"modified":"2025-05-27T12:49:35","modified_gmt":"2025-05-27T10:49:35","slug":"ja-til-pils-i-park","status":"publish","type":"page","link":"https:\/\/hoyre.no\/oslo\/ja-til-pils-i-park\/","title":{"rendered":"Ja til pils i park"},"content":{"rendered":"\n<div class=\"wp-block-hoyre-hero with-image-gradient text-color-light  has-media alignfull has-background\"><div class=\"hoyre-hero has-image\"><h1 class=\"title\">Ja til pils i park<\/h1><figure class=\"hoyre-image-wrapper\"><div class=\"hoyre-image\"><img loading=\"lazy\" decoding=\"async\" width=\"2500\" height=\"1652\" src=\"https:\/\/hoyre.no\/content\/uploads\/sites\/408\/2023\/01\/otRrW1t8-scaled.jpeg\" class=\"attachment-scaled size-scaled\" alt=\"Park\" style=\"object-position: 50% 50%\" srcset=\"https:\/\/hoyre.no\/content\/uploads\/sites\/408\/2023\/01\/otRrW1t8-scaled.jpeg 2500w, https:\/\/hoyre.no\/content\/uploads\/sites\/408\/2023\/01\/otRrW1t8-300x198.jpeg 300w, https:\/\/hoyre.no\/content\/uploads\/sites\/408\/2023\/01\/otRrW1t8-1024x677.jpeg 1024w, https:\/\/hoyre.no\/content\/uploads\/sites\/408\/2023\/01\/otRrW1t8-768x507.jpeg 768w, https:\/\/hoyre.no\/content\/uploads\/sites\/408\/2023\/01\/otRrW1t8-1536x1015.jpeg 1536w, https:\/\/hoyre.no\/content\/uploads\/sites\/408\/2023\/01\/otRrW1t8-2048x1353.jpeg 2048w\" sizes=\"auto, (max-width: 2500px) 100vw, 2500px\" \/><\/div><\/figure><\/div><\/div>\n\n\n\n\n<h2 class=\"wp-block-heading\" id=\"h-ikke-alle-har-hage-eller-balkong\">Ikke alle har hage eller balkong<\/h2>\n\n\n\n<p>Parken er hagen til alle de som ikke har balkong, veranda eller hage selv. Det er hit Oslos innbyggere kommer for \u00e5 sole seg, v\u00e6re sosiale, spille fotball, kubb og andre spill, og det er hit folk kommer for \u00e5 ta seg en pils i godt lag. Men sistnevnt er ikke lov. Det er ikke lov \u00e5 ta seg en pils eller et glass vin p\u00e5 piknik i parken i dag. Dette vil H\u00f8yre gj\u00f8re noe med. Vi vil la innbyggerne nyte en pils eller to i parken, for det er ikke alle som har mulighet til \u00e5 gj\u00f8re dette hjemme.<\/p>\n\n\n\n<p>Mange som har drukket pils i parken merker at politiet ikke h\u00e5ndhever loven. Politiet har mer enn nok av andre saker \u00e5 prioritere, s\u00e5 hvorfor har vi fortsatt denne loven, dersom den i praksis ikke blir tatt i bruk? Troen p\u00e5 enkeltmennesket st\u00e5r sterkt hos H\u00f8yre. Derfor har vi tro p\u00e5 at voksne mennesker klarer \u00e5 ta ansvarsfulle valg, ogs\u00e5 i parken. <\/p>\n\n\n\n\n<h3 class=\"wp-block-heading\" id=\"h-les-ogsa\">LES OGS\u00c5:<\/h3>\n\n\n\n<div class=\"wp-block-teft-cards alignwide teft-cards-grid default-size-4\"><div class=\"teft-cards-item has-4-columns is-card-hoyre\">\n\t<div class=\"teft-card hoyre-teft-card page-teft-card\">\n\t\t<a href=\"https:\/\/hoyre.no\/oslo\/tilgjengelige-elsparkesykler\/\" class=\"teft-card__primary-action\">\n\n\t\t\t\t\t<div class=\"teft-card__media teft-card__media--16-9\">\n\t\t\t\t\t\t<img loading=\"lazy\" decoding=\"async\" width=\"768\" height=\"433\" src=\"https:\/\/hoyre.no\/content\/uploads\/sites\/408\/2023\/06\/6-768x433.png\" class=\"attachment-medium_large size-medium_large\" alt=\"el-sparkesykkel\" srcset=\"https:\/\/hoyre.no\/content\/uploads\/sites\/408\/2023\/06\/6-768x433.png 768w, https:\/\/hoyre.no\/content\/uploads\/sites\/408\/2023\/06\/6-300x169.png 300w, https:\/\/hoyre.no\/content\/uploads\/sites\/408\/2023\/06\/6-1024x577.png 1024w, https:\/\/hoyre.no\/content\/uploads\/sites\/408\/2023\/06\/6-1536x865.png 1536w, https:\/\/hoyre.no\/content\/uploads\/sites\/408\/2023\/06\/6.png 1640w\" sizes=\"auto, (max-width: 768px) 100vw, 768px\" \/>\t\t<\/div>\n\t\t\n\t\t\t<div class=\"teft-card__content-wrapper\">\n\t\t\t\t<div class=\"teft-card__secondary\">\n\t\t\t\t\t\t\t\t\t<\/div>\n\n\t\t\t\t<div class=\"teft-card__primary\">\n\t\t\t\t\t<h2 class=\"teft-card__title\">Tilgjengelige elsparkesykler&nbsp;<span class=\"teft-card__primary-title-append\"><\/span><\/h2>\t\t\t\t<\/div>\n\t\t\t<\/div>\n\t\t<\/a>\n\t<\/div>\n\n\t<\/div>\n\n<div class=\"teft-cards-item has-4-columns is-card-hoyre\">\n\t<div class=\"teft-card hoyre-teft-card page-teft-card\">\n\t\t<a href=\"https:\/\/hoyre.no\/oslo\/hjelp-ikke-straff\/\" class=\"teft-card__primary-action\">\n\n\t\t\t\t\t<div class=\"teft-card__media teft-card__media--16-9\">\n\t\t\t\t\t\t<img loading=\"lazy\" decoding=\"async\" width=\"768\" height=\"433\" src=\"https:\/\/hoyre.no\/content\/uploads\/sites\/408\/2023\/06\/rus-2-768x433.png\" class=\"attachment-medium_large size-medium_large\" alt=\"rusreform\" srcset=\"https:\/\/hoyre.no\/content\/uploads\/sites\/408\/2023\/06\/rus-2-768x433.png 768w, https:\/\/hoyre.no\/content\/uploads\/sites\/408\/2023\/06\/rus-2-300x169.png 300w, https:\/\/hoyre.no\/content\/uploads\/sites\/408\/2023\/06\/rus-2-1024x577.png 1024w, https:\/\/hoyre.no\/content\/uploads\/sites\/408\/2023\/06\/rus-2-1536x865.png 1536w, https:\/\/hoyre.no\/content\/uploads\/sites\/408\/2023\/06\/rus-2.png 1640w\" sizes=\"auto, (max-width: 768px) 100vw, 768px\" \/>\t\t<\/div>\n\t\t\n\t\t\t<div class=\"teft-card__content-wrapper\">\n\t\t\t\t<div class=\"teft-card__secondary\">\n\t\t\t\t\t\t\t\t\t<\/div>\n\n\t\t\t\t<div class=\"teft-card__primary\">\n\t\t\t\t\t<h2 class=\"teft-card__title\">Hjelp, ikke straff&nbsp;<span class=\"teft-card__primary-title-append\"><\/span><\/h2>\t\t\t\t<\/div>\n\t\t\t<\/div>\n\t\t<\/a>\n\t<\/div>\n\n\t<\/div>\n\n<div class=\"teft-cards-item has-4-columns is-card-hoyre\">\n\t<div class=\"teft-card hoyre-teft-card page-teft-card\">\n\t\t<a href=\"https:\/\/hoyre.no\/oslo\/lavterskeltilbud-ma-prioriteres\/\" class=\"teft-card__primary-action\">\n\n\t\t\t\t\t<div class=\"teft-card__media teft-card__media--16-9\">\n\t\t\t\t\t\t<img loading=\"lazy\" decoding=\"async\" width=\"768\" height=\"512\" src=\"https:\/\/hoyre.no\/content\/uploads\/sites\/408\/2023\/06\/GettyImages-1251337507-768x512.jpg\" class=\"attachment-medium_large size-medium_large\" alt=\"Psykisk helse\" srcset=\"https:\/\/hoyre.no\/content\/uploads\/sites\/408\/2023\/06\/GettyImages-1251337507-768x512.jpg 768w, https:\/\/hoyre.no\/content\/uploads\/sites\/408\/2023\/06\/GettyImages-1251337507-300x200.jpg 300w, https:\/\/hoyre.no\/content\/uploads\/sites\/408\/2023\/06\/GettyImages-1251337507-1024x683.jpg 1024w, https:\/\/hoyre.no\/content\/uploads\/sites\/408\/2023\/06\/GettyImages-1251337507-1536x1024.jpg 1536w, https:\/\/hoyre.no\/content\/uploads\/sites\/408\/2023\/06\/GettyImages-1251337507-2048x1365.jpg 2048w\" sizes=\"auto, (max-width: 768px) 100vw, 768px\" \/>\t\t<\/div>\n\t\t\n\t\t\t<div class=\"teft-card__content-wrapper\">\n\t\t\t\t<div class=\"teft-card__secondary\">\n\t\t\t\t\t\t\t\t\t<\/div>\n\n\t\t\t\t<div class=\"teft-card__primary\">\n\t\t\t\t\t<h2 class=\"teft-card__title\">Lavterskeltilbud m\u00e5 prioriteres&nbsp;<span class=\"teft-card__primary-title-append\"><\/span><\/h2>\t\t\t\t<\/div>\n\t\t\t<\/div>\n\t\t<\/a>\n\t<\/div>\n\n\t<\/div><\/div>\n","protected":false},"excerpt":{"rendered":"<p>LES OGS\u00c5:<\/p>\n","protected":false},"author":31424,"featured_media":0,"parent":0,"menu_order":0,"comment_status":"closed","ping_status":"closed","template":"","meta":{"teft_cards_image_url":"","teft_cards_custom_pretitle":"","teft_cards_image_id":3843,"teft_cards_image_focal_point_x":0.5,"teft_cards_image_focal_point_y":0.5,"teft_cards_title":"","teft_cards_excerpt":"","teft_show_chapters":false,"footnotes":""},"class_list":["post-4704","page","type-page","status-publish","hentry"],"yoast_head":"<!-- This site is optimized with the Yoast SEO Premium plugin v26.5 (Yoast SEO v26.6) - https:\/\/yoast.com\/wordpress\/plugins\/seo\/ -->\n<title>Ja til pils i park - Oslo H\u00f8yre<\/title>\n<meta name=\"description\" content=\"Vi vil la innbyggerne nyte en pils eller to i parken, for det er ikke alle som har mulighet til \u00e5 gj\u00f8re dette hjemme.\" \/>\n<meta name=\"robots\" content=\"index, follow, max-snippet:-1, max-image-preview:large, max-video-preview:-1\" \/>\n<link rel=\"canonical\" href=\"https:\/\/hoyre.no\/oslo\/ja-til-pils-i-park\/\" \/>\n<meta property=\"og:locale\" content=\"nb_NO\" \/>\n<meta property=\"og:type\" content=\"article\" \/>\n<meta property=\"og:title\" content=\"Ja til pils i park\" \/>\n<meta property=\"og:description\" content=\"Vi vil la innbyggerne nyte en pils eller to i parken, for det er ikke alle som har mulighet til \u00e5 gj\u00f8re dette hjemme.\" \/>\n<meta property=\"og:url\" content=\"https:\/\/hoyre.no\/oslo\/ja-til-pils-i-park\/\" \/>\n<meta property=\"og:site_name\" content=\"Oslo H\u00f8yre\" \/>\n<meta property=\"article:publisher\" content=\"https:\/\/www.facebook.com\/oslo.hoyre\" \/>\n<meta property=\"article:modified_time\" content=\"2025-05-27T10:49:35+00:00\" \/>\n<meta property=\"og:image\" content=\"https:\/\/hoyre.no\/content\/uploads\/sites\/408\/2023\/01\/otRrW1t8-scaled.jpeg\" \/>\n\t<meta property=\"og:image:width\" content=\"2500\" \/>\n\t<meta property=\"og:image:height\" content=\"1652\" \/>\n\t<meta property=\"og:image:type\" content=\"image\/jpeg\" \/>\n<meta name=\"twitter:card\" content=\"summary_large_image\" \/>\n<meta name=\"twitter:description\" content=\"Vi vil la innbyggerne nyte en pils eller to i parken, for det er ikke alle som har mulighet til \u00e5 gj\u00f8re dette hjemme.\" \/>\n<meta name=\"twitter:label1\" content=\"Ansl. lesetid\" \/>\n\t<meta name=\"twitter:data1\" content=\"1 minutt\" \/>\n<script type=\"application\/ld+json\" class=\"yoast-schema-graph\">{\"@context\":\"https:\/\/schema.org\",\"@graph\":[{\"@type\":\"WebPage\",\"@id\":\"https:\/\/hoyre.no\/oslo\/ja-til-pils-i-park\/\",\"url\":\"https:\/\/hoyre.no\/oslo\/ja-til-pils-i-park\/\",\"name\":\"Ja til pils i park - Oslo H\u00f8yre\",\"isPartOf\":{\"@id\":\"https:\/\/hoyre.no\/oslo\/#website\"},\"datePublished\":\"2023-06-23T12:26:56+00:00\",\"dateModified\":\"2025-05-27T10:49:35+00:00\",\"description\":\"Vi vil la innbyggerne nyte en pils eller to i parken, for det er ikke alle som har mulighet til \u00e5 gj\u00f8re dette hjemme.\",\"breadcrumb\":{\"@id\":\"https:\/\/hoyre.no\/oslo\/ja-til-pils-i-park\/#breadcrumb\"},\"inLanguage\":\"nb-NO\",\"potentialAction\":[{\"@type\":\"ReadAction\",\"target\":[\"https:\/\/hoyre.no\/oslo\/ja-til-pils-i-park\/\"]}]},{\"@type\":\"BreadcrumbList\",\"@id\":\"https:\/\/hoyre.no\/oslo\/ja-til-pils-i-park\/#breadcrumb\",\"itemListElement\":[{\"@type\":\"ListItem\",\"position\":1,\"name\":\"Til hoyre.no\",\"item\":\"https:\/\/hoyre.no\"},{\"@type\":\"ListItem\",\"position\":2,\"name\":\"Hjem\",\"item\":\"https:\/\/hoyre.no\/oslo\/\"},{\"@type\":\"ListItem\",\"position\":3,\"name\":\"Ja til pils i park\"}]},{\"@type\":\"WebSite\",\"@id\":\"https:\/\/hoyre.no\/oslo\/#website\",\"url\":\"https:\/\/hoyre.no\/oslo\/\",\"name\":\"Oslo H\u00f8yre\",\"description\":\"\",\"publisher\":{\"@id\":\"https:\/\/hoyre.no\/oslo\/#organization\"},\"inLanguage\":\"nb-NO\"},{\"@type\":\"Organization\",\"@id\":\"https:\/\/hoyre.no\/oslo\/#organization\",\"name\":\"Oslo H\u00f8yre\",\"url\":\"https:\/\/hoyre.no\/oslo\/\",\"logo\":{\"@type\":\"ImageObject\",\"inLanguage\":\"nb-NO\",\"@id\":\"https:\/\/hoyre.no\/oslo\/#\/schema\/logo\/image\/\",\"url\":\"https:\/\/hoyre.no\/content\/uploads\/sites\/408\/2022\/11\/Hoyres-logo.png\",\"contentUrl\":\"https:\/\/hoyre.no\/content\/uploads\/sites\/408\/2022\/11\/Hoyres-logo.png\",\"width\":1000,\"height\":1000,\"caption\":\"Oslo H\u00f8yre\"},\"image\":{\"@id\":\"https:\/\/hoyre.no\/oslo\/#\/schema\/logo\/image\/\"},\"sameAs\":[\"https:\/\/www.facebook.com\/oslo.hoyre\"]}]}<\/script>\n<!-- \/ Yoast SEO Premium plugin. -->","yoast_head_json":{"title":"Ja til pils i park - Oslo H\u00f8yre","description":"Vi vil la innbyggerne nyte en pils eller to i parken, for det er ikke alle som har mulighet til \u00e5 gj\u00f8re dette hjemme.","robots":{"index":"index","follow":"follow","max-snippet":"max-snippet:-1","max-image-preview":"max-image-preview:large","max-video-preview":"max-video-preview:-1"},"canonical":"https:\/\/hoyre.no\/oslo\/ja-til-pils-i-park\/","og_locale":"nb_NO","og_type":"article","og_title":"Ja til pils i park","og_description":"Vi vil la innbyggerne nyte en pils eller to i parken, for det er ikke alle som har mulighet til \u00e5 gj\u00f8re dette hjemme.","og_url":"https:\/\/hoyre.no\/oslo\/ja-til-pils-i-park\/","og_site_name":"Oslo H\u00f8yre","article_publisher":"https:\/\/www.facebook.com\/oslo.hoyre","article_modified_time":"2025-05-27T10:49:35+00:00","og_image":[{"width":2500,"height":1652,"url":"https:\/\/hoyre.no\/content\/uploads\/sites\/408\/2023\/01\/otRrW1t8-scaled.jpeg","type":"image\/jpeg"}],"twitter_card":"summary_large_image","twitter_description":"Vi vil la innbyggerne nyte en pils eller to i parken, for det er ikke alle som har mulighet til \u00e5 gj\u00f8re dette hjemme.","twitter_misc":{"Ansl. lesetid":"1 minutt"},"schema":{"@context":"https:\/\/schema.org","@graph":[{"@type":"WebPage","@id":"https:\/\/hoyre.no\/oslo\/ja-til-pils-i-park\/","url":"https:\/\/hoyre.no\/oslo\/ja-til-pils-i-park\/","name":"Ja til pils i park - Oslo H\u00f8yre","isPartOf":{"@id":"https:\/\/hoyre.no\/oslo\/#website"},"datePublished":"2023-06-23T12:26:56+00:00","dateModified":"2025-05-27T10:49:35+00:00","description":"Vi vil la innbyggerne nyte en pils eller to i parken, for det er ikke alle som har mulighet til \u00e5 gj\u00f8re dette hjemme.","breadcrumb":{"@id":"https:\/\/hoyre.no\/oslo\/ja-til-pils-i-park\/#breadcrumb"},"inLanguage":"nb-NO","potentialAction":[{"@type":"ReadAction","target":["https:\/\/hoyre.no\/oslo\/ja-til-pils-i-park\/"]}]},{"@type":"BreadcrumbList","@id":"https:\/\/hoyre.no\/oslo\/ja-til-pils-i-park\/#breadcrumb","itemListElement":[{"@type":"ListItem","position":1,"name":"Til hoyre.no","item":"https:\/\/hoyre.no"},{"@type":"ListItem","position":2,"name":"Hjem","item":"https:\/\/hoyre.no\/oslo\/"},{"@type":"ListItem","position":3,"name":"Ja til pils i park"}]},{"@type":"WebSite","@id":"https:\/\/hoyre.no\/oslo\/#website","url":"https:\/\/hoyre.no\/oslo\/","name":"Oslo H\u00f8yre","description":"","publisher":{"@id":"https:\/\/hoyre.no\/oslo\/#organization"},"inLanguage":"nb-NO"},{"@type":"Organization","@id":"https:\/\/hoyre.no\/oslo\/#organization","name":"Oslo H\u00f8yre","url":"https:\/\/hoyre.no\/oslo\/","logo":{"@type":"ImageObject","inLanguage":"nb-NO","@id":"https:\/\/hoyre.no\/oslo\/#\/schema\/logo\/image\/","url":"https:\/\/hoyre.no\/content\/uploads\/sites\/408\/2022\/11\/Hoyres-logo.png","contentUrl":"https:\/\/hoyre.no\/content\/uploads\/sites\/408\/2022\/11\/Hoyres-logo.png","width":1000,"height":1000,"caption":"Oslo H\u00f8yre"},"image":{"@id":"https:\/\/hoyre.no\/oslo\/#\/schema\/logo\/image\/"},"sameAs":["https:\/\/www.facebook.com\/oslo.hoyre"]}]}},"distributor_meta":false,"distributor_terms":false,"distributor_media":false,"distributor_original_site_name":"Oslo H\u00f8yre","distributor_original_site_url":"https:\/\/hoyre.no\/oslo","push-errors":false,"_links":{"self":[{"href":"https:\/\/hoyre.no\/oslo\/wp-json\/wp\/v2\/pages\/4704","targetHints":{"allow":["GET"]}}],"collection":[{"href":"https:\/\/hoyre.no\/oslo\/wp-json\/wp\/v2\/pages"}],"about":[{"href":"https:\/\/hoyre.no\/oslo\/wp-json\/wp\/v2\/types\/page"}],"author":[{"embeddable":true,"href":"https:\/\/hoyre.no\/oslo\/wp-json\/wp\/v2\/users\/31424"}],"replies":[{"embeddable":true,"href":"https:\/\/hoyre.no\/oslo\/wp-json\/wp\/v2\/comments?post=4704"}],"version-history":[{"count":18,"href":"https:\/\/hoyre.no\/oslo\/wp-json\/wp\/v2\/pages\/4704\/revisions"}],"predecessor-version":[{"id":8930,"href":"https:\/\/hoyre.no\/oslo\/wp-json\/wp\/v2\/pages\/4704\/revisions\/8930"}],"wp:attachment":[{"href":"https:\/\/hoyre.no\/oslo\/wp-json\/wp\/v2\/media?parent=4704"}],"curies":[{"name":"wp","href":"https:\/\/api.w.org\/{rel}","templated":true}]}}