{"id":4745,"date":"2023-06-23T14:17:52","date_gmt":"2023-06-23T12:17:52","guid":{"rendered":"https:\/\/hoyre.no\/oslo\/?page_id=4745"},"modified":"2023-07-03T14:13:55","modified_gmt":"2023-07-03T12:13:55","slug":"billigere-manedskort","status":"publish","type":"page","link":"https:\/\/hoyre.no\/oslo\/billigere-manedskort\/","title":{"rendered":"Billigere m\u00e5nedskort"},"content":{"rendered":"\n<div class=\"wp-block-hoyre-hero with-image-gradient text-color-light  has-media alignfull has-background\"><div class=\"hoyre-hero has-image\"><h1 class=\"title\">Billigere m\u00e5nedskort<\/h1><p class=\"preamble\">Det skal l\u00f8nne seg \u00e5 velge kollektivt.<\/p>\t\t\t<div class=\"post-meta wp-block teft-byline-wrapper\">\n\t\t\t\t<div class=\"top\">\n\t\t\t\t\t<div class=\"signature\">\n\t\t\t\t\t\t<div class=\"teft-byline\">\n\t\t\t\t\t\t\t\t\t\t\t\t\t\t<div>\n\t\t\t\t\t\t\t\t<h3>H\u00f8yres redaksjon<\/h3>\t\t\t\t\t\t\t\t\n\t\t\t\t\t\t\t\t\t\t\t\t\t\t\t\t\t<span class=\"date\">Sist oppdatert: 3. juli 2023<\/span>\n\t\t\t\t\t\t\t\t\t\t\t\t\t\t\t\t\t\t\t\t\t\t\t\t\t<span class=\"reading-time\" itemprop=\"timeRequired\" content=\"PT2M\"><em>Ca. 2 minutter lesetid<\/em><\/span>\n\t\t\t\t\t\t\t\t\t\t\t\t\t\t\t<\/div>\n\t\t\t\t\t\t<\/div>\n\t\t\t\t\t<\/div>\n\t\t\t\t\t\t<div class=\"sharing\">\n\t\t<a class=\"share-button share-link copy-link\" data-copy=\"https:\/\/hoyre.no\/oslo\/billigere-manedskort\/\" target=\"_blank\"><span class=\"screen-reader-text\">Del link<\/span><\/a>\n\t\t<a class=\"share-button share-twitter\" href=\"http:\/\/twitter.com\/share?text=Billigere m\u00e5nedskort&#038;url=https:\/\/hoyre.no\/oslo\/billigere-manedskort\/&#038;hashtags=Hoyre\" target=\"_blank\"><span class=\"screen-reader-text\">Del p\u00e5 twitter<\/span><\/a>\n\t\t<a class=\"share-button share-facebook\" href=\"https:\/\/www.facebook.com\/sharer\/sharer.php?u=https:\/\/hoyre.no\/oslo\/billigere-manedskort\/\" target=\"_blank\"><span class=\"screen-reader-text\">Del p\u00e5 facebook<\/span><\/a>\n\t<\/div>\n\t\t\t\t\t<\/div>\n\t\t\t<\/div>\n\n\t\t\t<figure class=\"hoyre-image-wrapper\"><div class=\"hoyre-image\"><img loading=\"lazy\" decoding=\"async\" width=\"1290\" height=\"700\" src=\"https:\/\/hoyre.no\/content\/uploads\/sites\/408\/2022\/09\/Ny-T-banetunnel-gjennom-Oslo-er-bra-for-Nordstrand-og-Ostensjo.png\" class=\"attachment-scaled size-scaled\" alt=\"Ny T-banetunnel gjennom Oslo\" style=\"object-position: 50% 50%\" srcset=\"https:\/\/hoyre.no\/content\/uploads\/sites\/408\/2022\/09\/Ny-T-banetunnel-gjennom-Oslo-er-bra-for-Nordstrand-og-Ostensjo.png 1290w, https:\/\/hoyre.no\/content\/uploads\/sites\/408\/2022\/09\/Ny-T-banetunnel-gjennom-Oslo-er-bra-for-Nordstrand-og-Ostensjo-300x163.png 300w, https:\/\/hoyre.no\/content\/uploads\/sites\/408\/2022\/09\/Ny-T-banetunnel-gjennom-Oslo-er-bra-for-Nordstrand-og-Ostensjo-1024x556.png 1024w, https:\/\/hoyre.no\/content\/uploads\/sites\/408\/2022\/09\/Ny-T-banetunnel-gjennom-Oslo-er-bra-for-Nordstrand-og-Ostensjo-768x417.png 768w\" sizes=\"auto, (max-width: 1290px) 100vw, 1290px\" \/><\/div><\/figure><\/div><\/div>\n\n\n\n<h2 class=\"wp-block-heading\" id=\"h-oslo-hoyre-vil-redusere-prisen-pa-manedskort-med-200-kroner\">Oslo H\u00f8yre vil redusere prisen p\u00e5 m\u00e5nedskort med 200 kroner<\/h2>\n\n\n\n\n<div class=\"wp-block-hoyre-banner undefined has-icon-title icon-heart is-style-blue\"><div class=\"banner-inner\"><div class=\"banner-content\"><div class=\"entry-content\">\n<h2 class=\"has-text-align-left wp-block-heading\" id=\"h-\"><\/h2>\n\n\n\n<p>Oslo H\u00f8yre vil gj\u00f8re det mer l\u00f8nnsomt \u00e5 ta milj\u00f8vennlige valg. En satsing p\u00e5 kollektivtrafikken er en forutsetning for \u00e5 n\u00e5 m\u00e5let om 95% reduksjon i klimagassutslipp innen 2030. Derfor setter H\u00f8yre i Oslo av 323 millioner kroner i alternativt budsjett til \u00e5 redusere prisen p\u00e5 m\u00e5nedskortet med 200 kr.<\/p>\n\n\n\n<div class=\"wp-block-buttons is-layout-flex wp-block-buttons-is-layout-flex\"><\/div>\n<\/div><\/div><\/div><\/div>\n\n\n\n<p>Det er allerede dyrt \u00e5 bo i Oslo. Dessverre vil det bli enda dyrere fremover. B\u00e5de husholdningene og kommunen m\u00e5 legge om forbruket. I en situasjon hvor Oslofolk har mer enn nok med \u00e5 betale for sine bo- og levekostnader er det spesielt viktig at kommunen ikke bidrar til \u00e5 gj\u00f8re vondt verre ved \u00e5 sende stadig st\u00f8rre regninger hjem til folk. Dessverre er det nettopp det det r\u00f8dgr\u00f8nne byr\u00e5det gj\u00f8r. <\/p>\n\n\n\n<p>Det r\u00f8dgr\u00f8nne byr\u00e5det har i sju \u00e5r konsekvent f\u00f8rt en politikk som inneb\u00e6rer at kommunes budsjett eser ut. Kommunale skatter og avgifter skrus opp. Kommunen bidrar dermed til at det blir stadig dyrere \u00e5 bo og leve i Oslo. Derfor er det viktig \u00e5 gj\u00f8re det vi kan for \u00e5 lette p\u00e5 Oslofolks utgifter, og dermed senke m\u00e5nedskortet p\u00e5 kollektivtransport med 200 kroner. <\/p>\n\n\n\n<p>Klikk p\u00e5 knappen for \u00e5 lese mer om hva H\u00f8yre prioriterte i alternativt budsjett i Oslo for 2023.<\/p>\n\n\n\n<div class=\"wp-block-buttons is-layout-flex wp-block-buttons-is-layout-flex\"><\/div>\n\n\n\n\n<div class=\"wp-block-teft-cards alignwide teft-cards-grid default-size-4\"><div class=\"teft-cards-item has-4-columns is-card-hoyre\">\n\t<div class=\"teft-card hoyre-teft-card page-teft-card\">\n\t\t<a href=\"https:\/\/hoyre.no\/oslo\/flere-sammenhengene-sykkelveier\/\" class=\"teft-card__primary-action\">\n\n\t\t\t\t\t<div class=\"teft-card__media teft-card__media--16-9\">\n\t\t\t\t\t\t<img loading=\"lazy\" decoding=\"async\" width=\"768\" height=\"433\" src=\"https:\/\/hoyre.no\/content\/uploads\/sites\/408\/2023\/06\/sykkelvei-2-768x433.png\" class=\"attachment-medium_large size-medium_large\" alt=\"sykkelvei\" srcset=\"https:\/\/hoyre.no\/content\/uploads\/sites\/408\/2023\/06\/sykkelvei-2-768x433.png 768w, https:\/\/hoyre.no\/content\/uploads\/sites\/408\/2023\/06\/sykkelvei-2-300x169.png 300w, https:\/\/hoyre.no\/content\/uploads\/sites\/408\/2023\/06\/sykkelvei-2-1024x577.png 1024w, https:\/\/hoyre.no\/content\/uploads\/sites\/408\/2023\/06\/sykkelvei-2-1536x865.png 1536w, https:\/\/hoyre.no\/content\/uploads\/sites\/408\/2023\/06\/sykkelvei-2.png 1640w\" sizes=\"auto, (max-width: 768px) 100vw, 768px\" \/>\t\t<\/div>\n\t\t\n\t\t\t<div class=\"teft-card__content-wrapper\">\n\t\t\t\t<div class=\"teft-card__secondary\">\n\t\t\t\t\t\t\t\t\t<\/div>\n\n\t\t\t\t<div class=\"teft-card__primary\">\n\t\t\t\t\t<h2 class=\"teft-card__title\">Flere sammenhengene sykkelveier&nbsp;<span class=\"teft-card__primary-title-append\"><\/span><\/h2>\t\t\t\t<\/div>\n\t\t\t<\/div>\n\t\t<\/a>\n\t<\/div>\n\n\t<\/div>\n\n<div class=\"teft-cards-item has-4-columns is-card-hoyre\">\n\t<div class=\"teft-card hoyre-teft-card page-teft-card\">\n\t\t<a href=\"https:\/\/hoyre.no\/oslo\/vi-ma-bygge-boliger-der-folk-faktisk-vil-bo\/\" class=\"teft-card__primary-action\">\n\n\t\t\t\t\t<div class=\"teft-card__media teft-card__media--16-9\">\n\t\t\t\t\t\t<img loading=\"lazy\" decoding=\"async\" width=\"768\" height=\"512\" src=\"https:\/\/hoyre.no\/content\/uploads\/sites\/408\/2022\/09\/Oslo-Hoyre-satser-pa-ytre-by-768x512.jpg\" class=\"attachment-medium_large size-medium_large\" alt=\"Utsikt over Oslo\" srcset=\"https:\/\/hoyre.no\/content\/uploads\/sites\/408\/2022\/09\/Oslo-Hoyre-satser-pa-ytre-by-768x512.jpg 768w, https:\/\/hoyre.no\/content\/uploads\/sites\/408\/2022\/09\/Oslo-Hoyre-satser-pa-ytre-by-300x200.jpg 300w, https:\/\/hoyre.no\/content\/uploads\/sites\/408\/2022\/09\/Oslo-Hoyre-satser-pa-ytre-by-1024x683.jpg 1024w, https:\/\/hoyre.no\/content\/uploads\/sites\/408\/2022\/09\/Oslo-Hoyre-satser-pa-ytre-by-1536x1025.jpg 1536w, https:\/\/hoyre.no\/content\/uploads\/sites\/408\/2022\/09\/Oslo-Hoyre-satser-pa-ytre-by.jpg 1920w\" sizes=\"auto, (max-width: 768px) 100vw, 768px\" \/>\t\t<\/div>\n\t\t\n\t\t\t<div class=\"teft-card__content-wrapper\">\n\t\t\t\t<div class=\"teft-card__secondary\">\n\t\t\t\t\t\t\t\t\t<\/div>\n\n\t\t\t\t<div class=\"teft-card__primary\">\n\t\t\t\t\t<h2 class=\"teft-card__title\">Vi m\u00e5 bygge boliger der folk faktisk vil bo&nbsp;<span class=\"teft-card__primary-title-append\"><\/span><\/h2>\t\t\t\t<\/div>\n\t\t\t<\/div>\n\t\t<\/a>\n\t<\/div>\n\n\t<\/div>\n\n<div class=\"teft-cards-item has-4-columns is-card-hoyre\">\n\t<div class=\"teft-card hoyre-teft-card page-teft-card\">\n\t\t<a href=\"https:\/\/hoyre.no\/oslo\/?page_id=4826\" class=\"teft-card__primary-action\">\n\n\t\t\t\t\t<div class=\"teft-card__media teft-card__media--16-9\">\n\t\t\t\t\t\t<img loading=\"lazy\" decoding=\"async\" width=\"768\" height=\"512\" src=\"https:\/\/hoyre.no\/content\/uploads\/sites\/408\/2023\/08\/Oslo-boligomra\u030ade-foto-Hans-Kristian-Thorbjornsen-2174-768x512.jpg\" class=\"attachment-medium_large size-medium_large\" alt=\"Oslo boligomr\u00e5de\" srcset=\"https:\/\/hoyre.no\/content\/uploads\/sites\/408\/2023\/08\/Oslo-boligomra\u030ade-foto-Hans-Kristian-Thorbjornsen-2174-768x512.jpg 768w, https:\/\/hoyre.no\/content\/uploads\/sites\/408\/2023\/08\/Oslo-boligomra\u030ade-foto-Hans-Kristian-Thorbjornsen-2174-300x200.jpg 300w, https:\/\/hoyre.no\/content\/uploads\/sites\/408\/2023\/08\/Oslo-boligomra\u030ade-foto-Hans-Kristian-Thorbjornsen-2174-1024x683.jpg 1024w, https:\/\/hoyre.no\/content\/uploads\/sites\/408\/2023\/08\/Oslo-boligomra\u030ade-foto-Hans-Kristian-Thorbjornsen-2174-1536x1024.jpg 1536w, https:\/\/hoyre.no\/content\/uploads\/sites\/408\/2023\/08\/Oslo-boligomra\u030ade-foto-Hans-Kristian-Thorbjornsen-2174-2048x1365.jpg 2048w\" sizes=\"auto, (max-width: 768px) 100vw, 768px\" \/>\t\t<\/div>\n\t\t\n\t\t\t<div class=\"teft-card__content-wrapper\">\n\t\t\t\t<div class=\"teft-card__secondary\">\n\t\t\t\t\t\t\t\t\t<\/div>\n\n\t\t\t\t<div class=\"teft-card__primary\">\n\t\t\t\t\t<h2 class=\"teft-card__title\">Privat: 6 \u00e5r for \u00e5 bygge en boligblokk?&nbsp;<span class=\"teft-card__primary-title-append\"><\/span><\/h2>\t\t\t\t<\/div>\n\t\t\t<\/div>\n\t\t<\/a>\n\t<\/div>\n\n\t<\/div><\/div>\n","protected":false},"excerpt":{"rendered":"<p>Oslo H\u00f8yre vil redusere prisen p\u00e5 m\u00e5nedskort med 200 kroner<\/p>\n","protected":false},"author":31424,"featured_media":0,"parent":0,"menu_order":0,"comment_status":"closed","ping_status":"closed","template":"","meta":{"teft_cards_image_url":"","teft_cards_custom_pretitle":"","teft_cards_image_id":739,"teft_cards_image_focal_point_x":0.5,"teft_cards_image_focal_point_y":0.5,"teft_cards_title":"","teft_cards_excerpt":"","teft_show_chapters":false,"footnotes":""},"class_list":["post-4745","page","type-page","status-publish","hentry"],"yoast_head":"<!-- This site is optimized with the Yoast SEO Premium plugin v26.5 (Yoast SEO v26.6) - https:\/\/yoast.com\/wordpress\/plugins\/seo\/ -->\n<title>Billigere m\u00e5nedskort - Oslo H\u00f8yre<\/title>\n<meta name=\"description\" content=\"Oslo H\u00f8yre vil gj\u00f8re det mer l\u00f8nnsomt \u00e5 ta milj\u00f8vennlige valg. H\u00f8yre setter av 323 millioner kroner til \u00e5 redusere prisen p\u00e5 m\u00e5nedskortet med 200 kr.\" \/>\n<meta name=\"robots\" content=\"index, follow, max-snippet:-1, max-image-preview:large, max-video-preview:-1\" \/>\n<link rel=\"canonical\" href=\"https:\/\/hoyre.no\/oslo\/billigere-manedskort\/\" \/>\n<meta property=\"og:locale\" content=\"nb_NO\" \/>\n<meta property=\"og:type\" content=\"article\" \/>\n<meta property=\"og:title\" content=\"Billigere m\u00e5nedskort\" \/>\n<meta property=\"og:description\" content=\"Oslo H\u00f8yre vil gj\u00f8re det mer l\u00f8nnsomt \u00e5 ta milj\u00f8vennlige valg. H\u00f8yre setter av 323 millioner kroner til \u00e5 redusere prisen p\u00e5 m\u00e5nedskortet med 200 kr.\" \/>\n<meta property=\"og:url\" content=\"https:\/\/hoyre.no\/oslo\/billigere-manedskort\/\" \/>\n<meta property=\"og:site_name\" content=\"Oslo H\u00f8yre\" \/>\n<meta property=\"article:publisher\" content=\"https:\/\/www.facebook.com\/oslo.hoyre\" \/>\n<meta property=\"article:modified_time\" content=\"2023-07-03T12:13:55+00:00\" \/>\n<meta property=\"og:image\" content=\"https:\/\/hoyre.no\/content\/uploads\/sites\/408\/2022\/09\/Ny-T-banetunnel-gjennom-Oslo-er-bra-for-Nordstrand-og-Ostensjo.png\" \/>\n\t<meta property=\"og:image:width\" content=\"1290\" \/>\n\t<meta property=\"og:image:height\" content=\"700\" \/>\n\t<meta property=\"og:image:type\" content=\"image\/png\" \/>\n<meta name=\"twitter:card\" content=\"summary_large_image\" \/>\n<meta name=\"twitter:description\" content=\"Oslo H\u00f8yre vil gj\u00f8re det mer l\u00f8nnsomt \u00e5 ta milj\u00f8vennlige valg. H\u00f8yre setter av 323 millioner kroner til \u00e5 redusere prisen p\u00e5 m\u00e5nedskortet med 200 kr.\" \/>\n<meta name=\"twitter:label1\" content=\"Ansl. lesetid\" \/>\n\t<meta name=\"twitter:data1\" content=\"2 minutter\" \/>\n<script type=\"application\/ld+json\" class=\"yoast-schema-graph\">{\"@context\":\"https:\/\/schema.org\",\"@graph\":[{\"@type\":\"WebPage\",\"@id\":\"https:\/\/hoyre.no\/oslo\/billigere-manedskort\/\",\"url\":\"https:\/\/hoyre.no\/oslo\/billigere-manedskort\/\",\"name\":\"Billigere m\u00e5nedskort - Oslo H\u00f8yre\",\"isPartOf\":{\"@id\":\"https:\/\/hoyre.no\/oslo\/#website\"},\"datePublished\":\"2023-06-23T12:17:52+00:00\",\"dateModified\":\"2023-07-03T12:13:55+00:00\",\"description\":\"Oslo H\u00f8yre vil gj\u00f8re det mer l\u00f8nnsomt \u00e5 ta milj\u00f8vennlige valg. H\u00f8yre setter av 323 millioner kroner til \u00e5 redusere prisen p\u00e5 m\u00e5nedskortet med 200 kr.\",\"breadcrumb\":{\"@id\":\"https:\/\/hoyre.no\/oslo\/billigere-manedskort\/#breadcrumb\"},\"inLanguage\":\"nb-NO\",\"potentialAction\":[{\"@type\":\"ReadAction\",\"target\":[\"https:\/\/hoyre.no\/oslo\/billigere-manedskort\/\"]}]},{\"@type\":\"BreadcrumbList\",\"@id\":\"https:\/\/hoyre.no\/oslo\/billigere-manedskort\/#breadcrumb\",\"itemListElement\":[{\"@type\":\"ListItem\",\"position\":1,\"name\":\"Til hoyre.no\",\"item\":\"https:\/\/hoyre.no\"},{\"@type\":\"ListItem\",\"position\":2,\"name\":\"Hjem\",\"item\":\"https:\/\/hoyre.no\/oslo\/\"},{\"@type\":\"ListItem\",\"position\":3,\"name\":\"Billigere m\u00e5nedskort\"}]},{\"@type\":\"WebSite\",\"@id\":\"https:\/\/hoyre.no\/oslo\/#website\",\"url\":\"https:\/\/hoyre.no\/oslo\/\",\"name\":\"Oslo H\u00f8yre\",\"description\":\"\",\"publisher\":{\"@id\":\"https:\/\/hoyre.no\/oslo\/#organization\"},\"inLanguage\":\"nb-NO\"},{\"@type\":\"Organization\",\"@id\":\"https:\/\/hoyre.no\/oslo\/#organization\",\"name\":\"Oslo H\u00f8yre\",\"url\":\"https:\/\/hoyre.no\/oslo\/\",\"logo\":{\"@type\":\"ImageObject\",\"inLanguage\":\"nb-NO\",\"@id\":\"https:\/\/hoyre.no\/oslo\/#\/schema\/logo\/image\/\",\"url\":\"https:\/\/hoyre.no\/content\/uploads\/sites\/408\/2022\/11\/Hoyres-logo.png\",\"contentUrl\":\"https:\/\/hoyre.no\/content\/uploads\/sites\/408\/2022\/11\/Hoyres-logo.png\",\"width\":1000,\"height\":1000,\"caption\":\"Oslo H\u00f8yre\"},\"image\":{\"@id\":\"https:\/\/hoyre.no\/oslo\/#\/schema\/logo\/image\/\"},\"sameAs\":[\"https:\/\/www.facebook.com\/oslo.hoyre\"]}]}<\/script>\n<!-- \/ Yoast SEO Premium plugin. -->","yoast_head_json":{"title":"Billigere m\u00e5nedskort - Oslo H\u00f8yre","description":"Oslo H\u00f8yre vil gj\u00f8re det mer l\u00f8nnsomt \u00e5 ta milj\u00f8vennlige valg. H\u00f8yre setter av 323 millioner kroner til \u00e5 redusere prisen p\u00e5 m\u00e5nedskortet med 200 kr.","robots":{"index":"index","follow":"follow","max-snippet":"max-snippet:-1","max-image-preview":"max-image-preview:large","max-video-preview":"max-video-preview:-1"},"canonical":"https:\/\/hoyre.no\/oslo\/billigere-manedskort\/","og_locale":"nb_NO","og_type":"article","og_title":"Billigere m\u00e5nedskort","og_description":"Oslo H\u00f8yre vil gj\u00f8re det mer l\u00f8nnsomt \u00e5 ta milj\u00f8vennlige valg. H\u00f8yre setter av 323 millioner kroner til \u00e5 redusere prisen p\u00e5 m\u00e5nedskortet med 200 kr.","og_url":"https:\/\/hoyre.no\/oslo\/billigere-manedskort\/","og_site_name":"Oslo H\u00f8yre","article_publisher":"https:\/\/www.facebook.com\/oslo.hoyre","article_modified_time":"2023-07-03T12:13:55+00:00","og_image":[{"width":1290,"height":700,"url":"https:\/\/hoyre.no\/content\/uploads\/sites\/408\/2022\/09\/Ny-T-banetunnel-gjennom-Oslo-er-bra-for-Nordstrand-og-Ostensjo.png","type":"image\/png"}],"twitter_card":"summary_large_image","twitter_description":"Oslo H\u00f8yre vil gj\u00f8re det mer l\u00f8nnsomt \u00e5 ta milj\u00f8vennlige valg. H\u00f8yre setter av 323 millioner kroner til \u00e5 redusere prisen p\u00e5 m\u00e5nedskortet med 200 kr.","twitter_misc":{"Ansl. lesetid":"2 minutter"},"schema":{"@context":"https:\/\/schema.org","@graph":[{"@type":"WebPage","@id":"https:\/\/hoyre.no\/oslo\/billigere-manedskort\/","url":"https:\/\/hoyre.no\/oslo\/billigere-manedskort\/","name":"Billigere m\u00e5nedskort - Oslo H\u00f8yre","isPartOf":{"@id":"https:\/\/hoyre.no\/oslo\/#website"},"datePublished":"2023-06-23T12:17:52+00:00","dateModified":"2023-07-03T12:13:55+00:00","description":"Oslo H\u00f8yre vil gj\u00f8re det mer l\u00f8nnsomt \u00e5 ta milj\u00f8vennlige valg. H\u00f8yre setter av 323 millioner kroner til \u00e5 redusere prisen p\u00e5 m\u00e5nedskortet med 200 kr.","breadcrumb":{"@id":"https:\/\/hoyre.no\/oslo\/billigere-manedskort\/#breadcrumb"},"inLanguage":"nb-NO","potentialAction":[{"@type":"ReadAction","target":["https:\/\/hoyre.no\/oslo\/billigere-manedskort\/"]}]},{"@type":"BreadcrumbList","@id":"https:\/\/hoyre.no\/oslo\/billigere-manedskort\/#breadcrumb","itemListElement":[{"@type":"ListItem","position":1,"name":"Til hoyre.no","item":"https:\/\/hoyre.no"},{"@type":"ListItem","position":2,"name":"Hjem","item":"https:\/\/hoyre.no\/oslo\/"},{"@type":"ListItem","position":3,"name":"Billigere m\u00e5nedskort"}]},{"@type":"WebSite","@id":"https:\/\/hoyre.no\/oslo\/#website","url":"https:\/\/hoyre.no\/oslo\/","name":"Oslo H\u00f8yre","description":"","publisher":{"@id":"https:\/\/hoyre.no\/oslo\/#organization"},"inLanguage":"nb-NO"},{"@type":"Organization","@id":"https:\/\/hoyre.no\/oslo\/#organization","name":"Oslo H\u00f8yre","url":"https:\/\/hoyre.no\/oslo\/","logo":{"@type":"ImageObject","inLanguage":"nb-NO","@id":"https:\/\/hoyre.no\/oslo\/#\/schema\/logo\/image\/","url":"https:\/\/hoyre.no\/content\/uploads\/sites\/408\/2022\/11\/Hoyres-logo.png","contentUrl":"https:\/\/hoyre.no\/content\/uploads\/sites\/408\/2022\/11\/Hoyres-logo.png","width":1000,"height":1000,"caption":"Oslo H\u00f8yre"},"image":{"@id":"https:\/\/hoyre.no\/oslo\/#\/schema\/logo\/image\/"},"sameAs":["https:\/\/www.facebook.com\/oslo.hoyre"]}]}},"distributor_meta":false,"distributor_terms":false,"distributor_media":false,"distributor_original_site_name":"Oslo H\u00f8yre","distributor_original_site_url":"https:\/\/hoyre.no\/oslo","push-errors":false,"_links":{"self":[{"href":"https:\/\/hoyre.no\/oslo\/wp-json\/wp\/v2\/pages\/4745","targetHints":{"allow":["GET"]}}],"collection":[{"href":"https:\/\/hoyre.no\/oslo\/wp-json\/wp\/v2\/pages"}],"about":[{"href":"https:\/\/hoyre.no\/oslo\/wp-json\/wp\/v2\/types\/page"}],"author":[{"embeddable":true,"href":"https:\/\/hoyre.no\/oslo\/wp-json\/wp\/v2\/users\/31424"}],"replies":[{"embeddable":true,"href":"https:\/\/hoyre.no\/oslo\/wp-json\/wp\/v2\/comments?post=4745"}],"version-history":[{"count":13,"href":"https:\/\/hoyre.no\/oslo\/wp-json\/wp\/v2\/pages\/4745\/revisions"}],"predecessor-version":[{"id":4967,"href":"https:\/\/hoyre.no\/oslo\/wp-json\/wp\/v2\/pages\/4745\/revisions\/4967"}],"wp:attachment":[{"href":"https:\/\/hoyre.no\/oslo\/wp-json\/wp\/v2\/media?parent=4745"}],"curies":[{"name":"wp","href":"https:\/\/api.w.org\/{rel}","templated":true}]}}