{"id":4777,"date":"2023-06-23T14:26:27","date_gmt":"2023-06-23T12:26:27","guid":{"rendered":"https:\/\/hoyre.no\/oslo\/?page_id=4777"},"modified":"2023-08-05T20:49:03","modified_gmt":"2023-08-05T18:49:03","slug":"hjelp-ikke-straff","status":"publish","type":"page","link":"https:\/\/hoyre.no\/oslo\/hjelp-ikke-straff\/","title":{"rendered":"Hjelp, ikke straff"},"content":{"rendered":"\n<div class=\"wp-block-hoyre-hero with-image-gradient text-color-light  has-media alignfull has-background\"><div class=\"hoyre-hero has-image\"><h1 class=\"title\">Hjelp, ikke straff<\/h1><p class=\"preamble\">Oslo trenger en rusreform.<\/p>\t\t\t<div class=\"post-meta wp-block teft-byline-wrapper\">\n\t\t\t\t<div class=\"top\">\n\t\t\t\t\t<div class=\"signature\">\n\t\t\t\t\t\t<div class=\"teft-byline\">\n\t\t\t\t\t\t\t\t\t\t\t\t\t\t<div>\n\t\t\t\t\t\t\t\t<h3>H\u00f8yres redaksjon<\/h3>\t\t\t\t\t\t\t\t\n\t\t\t\t\t\t\t\t\t\t\t\t\t\t\t\t\t<span class=\"date\">Sist oppdatert: 5. august 2023<\/span>\n\t\t\t\t\t\t\t\t\t\t\t\t\t\t\t\t\t\t\t\t\t\t\t\t\t<span class=\"reading-time\" itemprop=\"timeRequired\" content=\"PT2M\"><em>Ca. 2 minutter lesetid<\/em><\/span>\n\t\t\t\t\t\t\t\t\t\t\t\t\t\t\t<\/div>\n\t\t\t\t\t\t<\/div>\n\t\t\t\t\t<\/div>\n\t\t\t\t\t\t<div class=\"sharing\">\n\t\t<a class=\"share-button share-link copy-link\" data-copy=\"https:\/\/hoyre.no\/oslo\/hjelp-ikke-straff\/\" target=\"_blank\"><span class=\"screen-reader-text\">Del link<\/span><\/a>\n\t\t<a class=\"share-button share-twitter\" href=\"http:\/\/twitter.com\/share?text=Hjelp, ikke straff&#038;url=https:\/\/hoyre.no\/oslo\/hjelp-ikke-straff\/&#038;hashtags=Hoyre\" target=\"_blank\"><span class=\"screen-reader-text\">Del p\u00e5 twitter<\/span><\/a>\n\t\t<a class=\"share-button share-facebook\" href=\"https:\/\/www.facebook.com\/sharer\/sharer.php?u=https:\/\/hoyre.no\/oslo\/hjelp-ikke-straff\/\" target=\"_blank\"><span class=\"screen-reader-text\">Del p\u00e5 facebook<\/span><\/a>\n\t<\/div>\n\t\t\t\t\t<\/div>\n\t\t\t<\/div>\n\n\t\t\t<figure class=\"hoyre-image-wrapper\"><div class=\"hoyre-image\"><img loading=\"lazy\" decoding=\"async\" width=\"1640\" height=\"924\" src=\"https:\/\/hoyre.no\/content\/uploads\/sites\/408\/2023\/06\/rus-2.png\" class=\"attachment-scaled size-scaled\" alt=\"rusreform\" style=\"object-position: 50% 50%\" srcset=\"https:\/\/hoyre.no\/content\/uploads\/sites\/408\/2023\/06\/rus-2.png 1640w, https:\/\/hoyre.no\/content\/uploads\/sites\/408\/2023\/06\/rus-2-300x169.png 300w, https:\/\/hoyre.no\/content\/uploads\/sites\/408\/2023\/06\/rus-2-1024x577.png 1024w, https:\/\/hoyre.no\/content\/uploads\/sites\/408\/2023\/06\/rus-2-768x433.png 768w, https:\/\/hoyre.no\/content\/uploads\/sites\/408\/2023\/06\/rus-2-1536x865.png 1536w\" sizes=\"auto, (max-width: 1640px) 100vw, 1640px\" \/><\/div><\/figure><\/div><\/div>\n\n\n\n\n<h2 class=\"wp-block-heading\" id=\"h-de-som-sliter-med-rus-skal-fa-hjelp-ikke-straff\">De som sliter med rus skal f\u00e5 hjelp, ikke straff<\/h2>\n\n\n\n<p>Oslo H\u00f8yre vil gjennomf\u00f8re en rusreform i Oslo for \u00e5 n\u00e5 m\u00e5let om at ingen skal d\u00f8 av overdose. Kommunen skal ha en verdig og human rusomsorg som ikke har som m\u00e5l \u00e5 straffe brukeren, men s\u00f8rge for at rusavhengige f\u00e5r god oppf\u00f8lging hos kommunen og kommunens samarbeidspartnere. Det er en viktig oppgave \u00e5 forebygge misbruk av b\u00e5de alkohol og narkotiske stoffer.<\/p>\n\n\n\n<p>Overdosed\u00f8dsfallene i Oslo er for h\u00f8ye, spesielt etter rehabilitering eller soning. Derfor er det avgj\u00f8rende at ettervernet i rusomsorgen prioriteres gjennom samarbeid med ideelle og private akt\u00f8rer med kompetanse p\u00e5 feltet. Oslo m\u00e5 videreutvikle hjelpetilbudet i samarbeid med spesialisthelsetjenesten og styrke innsatsen i overdosearbeidet. Oslo kommune b\u00f8r legge til rette for at ideelle akt\u00f8rer kan tilby seg \u00e5 analysere innholdet i ulovlige rus- og legemidler.<\/p>\n\n\n\n<p>Kvinner med rusutfordringer er en s\u00e6rlig s\u00e5rbar gruppe, som oftere utsettes for vold og overgrep enn kvinner generelt. Oslo H\u00f8yre vil sikre at det etableres et trygt overnattingstilbud tilpasset kvinner med rusutfordringer.<\/p>\n\n\n\n<div class=\"wp-block-teft-factbox\"><div class=\"factbox-inner\"><div class=\"entry-content\"><h4 class=\"toggle\">Oslo H\u00f8yre vil<\/h4>\n<ul class=\"wp-block-list\"><li>styrke ettervernet for \u00e5 s\u00f8rge for at personer som har blitt rusfrie, f\u00e5r meningsfulle dager gjennom skole, arbeidspraksis eller jobb \u2013 dette i samarbeid med ulike private og ideelle instanser<\/li><li>s\u00f8rge for at personer med opioidavhengighet som har falt ut av LAR, f\u00e5r n\u00f8dvendig oppf\u00f8lging og behandling<\/li><li>etablere flere sosiale arenaer i samarbeid med private eller frivillige<\/li><li>etablere et v\u00e6rested for rusavhengige<\/li><li>styrke tilbudet om heroinassistert behandling og s\u00f8rge for at ordningen blir permanent<\/li><li>ta initiativ til en pr\u00f8veordning med medikamentell behandling (substitusjonsbehandling) av alkoholavhengighet i Oslo<\/li><li>styrke ordningen med ruskonsulenter i bydelene for \u00e5 informere om, forebygge og utsette rusbruk blant ungdom<\/li><\/ul>\n<\/div><\/div><\/div>\n\n\n\n<div class=\"wp-block-buttons is-layout-flex wp-block-buttons-is-layout-flex\">\n<div class=\"wp-block-button\"><a class=\"wp-block-button__link\" href=\"https:\/\/hoyre.no\/oslo\/rusreform\/\" target=\"_blank\" rel=\"noreferrer noopener\">les mer her<\/a><\/div>\n<\/div>\n\n\n\n\n<div class=\"wp-block-teft-cards alignwide teft-cards-grid default-size-4\"><div class=\"teft-cards-item has-4-columns is-card-hoyre\">\n\t<div class=\"teft-card hoyre-teft-card page-teft-card\">\n\t\t<a href=\"https:\/\/hoyre.no\/oslo\/lavterskeltilbud-ma-prioriteres\/\" class=\"teft-card__primary-action\">\n\n\t\t\t\t\t<div class=\"teft-card__media teft-card__media--16-9\">\n\t\t\t\t\t\t<img loading=\"lazy\" decoding=\"async\" width=\"768\" height=\"512\" src=\"https:\/\/hoyre.no\/content\/uploads\/sites\/408\/2023\/06\/GettyImages-1251337507-768x512.jpg\" class=\"attachment-medium_large size-medium_large\" alt=\"Psykisk helse\" srcset=\"https:\/\/hoyre.no\/content\/uploads\/sites\/408\/2023\/06\/GettyImages-1251337507-768x512.jpg 768w, https:\/\/hoyre.no\/content\/uploads\/sites\/408\/2023\/06\/GettyImages-1251337507-300x200.jpg 300w, https:\/\/hoyre.no\/content\/uploads\/sites\/408\/2023\/06\/GettyImages-1251337507-1024x683.jpg 1024w, https:\/\/hoyre.no\/content\/uploads\/sites\/408\/2023\/06\/GettyImages-1251337507-1536x1024.jpg 1536w, https:\/\/hoyre.no\/content\/uploads\/sites\/408\/2023\/06\/GettyImages-1251337507-2048x1365.jpg 2048w\" sizes=\"auto, (max-width: 768px) 100vw, 768px\" \/>\t\t<\/div>\n\t\t\n\t\t\t<div class=\"teft-card__content-wrapper\">\n\t\t\t\t<div class=\"teft-card__secondary\">\n\t\t\t\t\t\t\t\t\t<\/div>\n\n\t\t\t\t<div class=\"teft-card__primary\">\n\t\t\t\t\t<h2 class=\"teft-card__title\">Lavterskeltilbud m\u00e5 prioriteres&nbsp;<span class=\"teft-card__primary-title-append\"><\/span><\/h2>\t\t\t\t<\/div>\n\t\t\t<\/div>\n\t\t<\/a>\n\t<\/div>\n\n\t<\/div><\/div>\n","protected":false},"excerpt":{"rendered":"","protected":false},"author":31424,"featured_media":0,"parent":0,"menu_order":0,"comment_status":"closed","ping_status":"closed","template":"","meta":{"teft_cards_image_url":"","teft_cards_custom_pretitle":"","teft_cards_image_id":4783,"teft_cards_image_focal_point_x":0.5,"teft_cards_image_focal_point_y":0.5,"teft_cards_title":"","teft_cards_excerpt":"","teft_show_chapters":false,"footnotes":""},"class_list":["post-4777","page","type-page","status-publish","hentry"],"yoast_head":"<!-- This site is optimized with the Yoast SEO Premium plugin v26.5 (Yoast SEO v26.6) - https:\/\/yoast.com\/wordpress\/plugins\/seo\/ -->\n<title>Hjelp, ikke straff - Oslo H\u00f8yre<\/title>\n<meta name=\"description\" content=\"De som sliter med rus skal f\u00e5 hjelp, ikke straff. Oslo trenger en rusreform.\" \/>\n<meta name=\"robots\" content=\"index, follow, max-snippet:-1, max-image-preview:large, max-video-preview:-1\" \/>\n<link rel=\"canonical\" href=\"https:\/\/hoyre.no\/oslo\/hjelp-ikke-straff\/\" \/>\n<meta property=\"og:locale\" content=\"nb_NO\" \/>\n<meta property=\"og:type\" content=\"article\" \/>\n<meta property=\"og:title\" content=\"Hjelp, ikke straff\" \/>\n<meta property=\"og:description\" content=\"De som sliter med rus skal f\u00e5 hjelp, ikke straff. Oslo trenger en rusreform.\" \/>\n<meta property=\"og:url\" content=\"https:\/\/hoyre.no\/oslo\/hjelp-ikke-straff\/\" \/>\n<meta property=\"og:site_name\" content=\"Oslo H\u00f8yre\" \/>\n<meta property=\"article:publisher\" content=\"https:\/\/www.facebook.com\/oslo.hoyre\" \/>\n<meta property=\"article:modified_time\" content=\"2023-08-05T18:49:03+00:00\" \/>\n<meta property=\"og:image\" content=\"https:\/\/hoyre.no\/content\/uploads\/sites\/408\/2023\/06\/rus-2.png\" \/>\n\t<meta property=\"og:image:width\" content=\"1640\" \/>\n\t<meta property=\"og:image:height\" content=\"924\" \/>\n\t<meta property=\"og:image:type\" content=\"image\/png\" \/>\n<meta name=\"twitter:card\" content=\"summary_large_image\" \/>\n<meta name=\"twitter:description\" content=\"De som sliter med rus skal f\u00e5 hjelp, ikke straff. Oslo trenger en rusreform.\" \/>\n<meta name=\"twitter:label1\" content=\"Ansl. lesetid\" \/>\n\t<meta name=\"twitter:data1\" content=\"2 minutter\" \/>\n<script type=\"application\/ld+json\" class=\"yoast-schema-graph\">{\"@context\":\"https:\/\/schema.org\",\"@graph\":[{\"@type\":\"WebPage\",\"@id\":\"https:\/\/hoyre.no\/oslo\/hjelp-ikke-straff\/\",\"url\":\"https:\/\/hoyre.no\/oslo\/hjelp-ikke-straff\/\",\"name\":\"Hjelp, ikke straff - Oslo H\u00f8yre\",\"isPartOf\":{\"@id\":\"https:\/\/hoyre.no\/oslo\/#website\"},\"datePublished\":\"2023-06-23T12:26:27+00:00\",\"dateModified\":\"2023-08-05T18:49:03+00:00\",\"description\":\"De som sliter med rus skal f\u00e5 hjelp, ikke straff. Oslo trenger en rusreform.\",\"breadcrumb\":{\"@id\":\"https:\/\/hoyre.no\/oslo\/hjelp-ikke-straff\/#breadcrumb\"},\"inLanguage\":\"nb-NO\",\"potentialAction\":[{\"@type\":\"ReadAction\",\"target\":[\"https:\/\/hoyre.no\/oslo\/hjelp-ikke-straff\/\"]}]},{\"@type\":\"BreadcrumbList\",\"@id\":\"https:\/\/hoyre.no\/oslo\/hjelp-ikke-straff\/#breadcrumb\",\"itemListElement\":[{\"@type\":\"ListItem\",\"position\":1,\"name\":\"Til hoyre.no\",\"item\":\"https:\/\/hoyre.no\"},{\"@type\":\"ListItem\",\"position\":2,\"name\":\"Hjem\",\"item\":\"https:\/\/hoyre.no\/oslo\/\"},{\"@type\":\"ListItem\",\"position\":3,\"name\":\"Hjelp, ikke straff\"}]},{\"@type\":\"WebSite\",\"@id\":\"https:\/\/hoyre.no\/oslo\/#website\",\"url\":\"https:\/\/hoyre.no\/oslo\/\",\"name\":\"Oslo H\u00f8yre\",\"description\":\"\",\"publisher\":{\"@id\":\"https:\/\/hoyre.no\/oslo\/#organization\"},\"inLanguage\":\"nb-NO\"},{\"@type\":\"Organization\",\"@id\":\"https:\/\/hoyre.no\/oslo\/#organization\",\"name\":\"Oslo H\u00f8yre\",\"url\":\"https:\/\/hoyre.no\/oslo\/\",\"logo\":{\"@type\":\"ImageObject\",\"inLanguage\":\"nb-NO\",\"@id\":\"https:\/\/hoyre.no\/oslo\/#\/schema\/logo\/image\/\",\"url\":\"https:\/\/hoyre.no\/content\/uploads\/sites\/408\/2022\/11\/Hoyres-logo.png\",\"contentUrl\":\"https:\/\/hoyre.no\/content\/uploads\/sites\/408\/2022\/11\/Hoyres-logo.png\",\"width\":1000,\"height\":1000,\"caption\":\"Oslo H\u00f8yre\"},\"image\":{\"@id\":\"https:\/\/hoyre.no\/oslo\/#\/schema\/logo\/image\/\"},\"sameAs\":[\"https:\/\/www.facebook.com\/oslo.hoyre\"]}]}<\/script>\n<!-- \/ Yoast SEO Premium plugin. -->","yoast_head_json":{"title":"Hjelp, ikke straff - Oslo H\u00f8yre","description":"De som sliter med rus skal f\u00e5 hjelp, ikke straff. Oslo trenger en rusreform.","robots":{"index":"index","follow":"follow","max-snippet":"max-snippet:-1","max-image-preview":"max-image-preview:large","max-video-preview":"max-video-preview:-1"},"canonical":"https:\/\/hoyre.no\/oslo\/hjelp-ikke-straff\/","og_locale":"nb_NO","og_type":"article","og_title":"Hjelp, ikke straff","og_description":"De som sliter med rus skal f\u00e5 hjelp, ikke straff. Oslo trenger en rusreform.","og_url":"https:\/\/hoyre.no\/oslo\/hjelp-ikke-straff\/","og_site_name":"Oslo H\u00f8yre","article_publisher":"https:\/\/www.facebook.com\/oslo.hoyre","article_modified_time":"2023-08-05T18:49:03+00:00","og_image":[{"width":1640,"height":924,"url":"https:\/\/hoyre.no\/content\/uploads\/sites\/408\/2023\/06\/rus-2.png","type":"image\/png"}],"twitter_card":"summary_large_image","twitter_description":"De som sliter med rus skal f\u00e5 hjelp, ikke straff. Oslo trenger en rusreform.","twitter_misc":{"Ansl. lesetid":"2 minutter"},"schema":{"@context":"https:\/\/schema.org","@graph":[{"@type":"WebPage","@id":"https:\/\/hoyre.no\/oslo\/hjelp-ikke-straff\/","url":"https:\/\/hoyre.no\/oslo\/hjelp-ikke-straff\/","name":"Hjelp, ikke straff - Oslo H\u00f8yre","isPartOf":{"@id":"https:\/\/hoyre.no\/oslo\/#website"},"datePublished":"2023-06-23T12:26:27+00:00","dateModified":"2023-08-05T18:49:03+00:00","description":"De som sliter med rus skal f\u00e5 hjelp, ikke straff. Oslo trenger en rusreform.","breadcrumb":{"@id":"https:\/\/hoyre.no\/oslo\/hjelp-ikke-straff\/#breadcrumb"},"inLanguage":"nb-NO","potentialAction":[{"@type":"ReadAction","target":["https:\/\/hoyre.no\/oslo\/hjelp-ikke-straff\/"]}]},{"@type":"BreadcrumbList","@id":"https:\/\/hoyre.no\/oslo\/hjelp-ikke-straff\/#breadcrumb","itemListElement":[{"@type":"ListItem","position":1,"name":"Til hoyre.no","item":"https:\/\/hoyre.no"},{"@type":"ListItem","position":2,"name":"Hjem","item":"https:\/\/hoyre.no\/oslo\/"},{"@type":"ListItem","position":3,"name":"Hjelp, ikke straff"}]},{"@type":"WebSite","@id":"https:\/\/hoyre.no\/oslo\/#website","url":"https:\/\/hoyre.no\/oslo\/","name":"Oslo H\u00f8yre","description":"","publisher":{"@id":"https:\/\/hoyre.no\/oslo\/#organization"},"inLanguage":"nb-NO"},{"@type":"Organization","@id":"https:\/\/hoyre.no\/oslo\/#organization","name":"Oslo H\u00f8yre","url":"https:\/\/hoyre.no\/oslo\/","logo":{"@type":"ImageObject","inLanguage":"nb-NO","@id":"https:\/\/hoyre.no\/oslo\/#\/schema\/logo\/image\/","url":"https:\/\/hoyre.no\/content\/uploads\/sites\/408\/2022\/11\/Hoyres-logo.png","contentUrl":"https:\/\/hoyre.no\/content\/uploads\/sites\/408\/2022\/11\/Hoyres-logo.png","width":1000,"height":1000,"caption":"Oslo H\u00f8yre"},"image":{"@id":"https:\/\/hoyre.no\/oslo\/#\/schema\/logo\/image\/"},"sameAs":["https:\/\/www.facebook.com\/oslo.hoyre"]}]}},"distributor_meta":false,"distributor_terms":false,"distributor_media":false,"distributor_original_site_name":"Oslo H\u00f8yre","distributor_original_site_url":"https:\/\/hoyre.no\/oslo","push-errors":false,"_links":{"self":[{"href":"https:\/\/hoyre.no\/oslo\/wp-json\/wp\/v2\/pages\/4777","targetHints":{"allow":["GET"]}}],"collection":[{"href":"https:\/\/hoyre.no\/oslo\/wp-json\/wp\/v2\/pages"}],"about":[{"href":"https:\/\/hoyre.no\/oslo\/wp-json\/wp\/v2\/types\/page"}],"author":[{"embeddable":true,"href":"https:\/\/hoyre.no\/oslo\/wp-json\/wp\/v2\/users\/31424"}],"replies":[{"embeddable":true,"href":"https:\/\/hoyre.no\/oslo\/wp-json\/wp\/v2\/comments?post=4777"}],"version-history":[{"count":7,"href":"https:\/\/hoyre.no\/oslo\/wp-json\/wp\/v2\/pages\/4777\/revisions"}],"predecessor-version":[{"id":5103,"href":"https:\/\/hoyre.no\/oslo\/wp-json\/wp\/v2\/pages\/4777\/revisions\/5103"}],"wp:attachment":[{"href":"https:\/\/hoyre.no\/oslo\/wp-json\/wp\/v2\/media?parent=4777"}],"curies":[{"name":"wp","href":"https:\/\/api.w.org\/{rel}","templated":true}]}}