{"id":4792,"date":"2023-06-23T14:36:28","date_gmt":"2023-06-23T12:36:28","guid":{"rendered":"https:\/\/hoyre.no\/oslo\/?page_id=4792"},"modified":"2024-02-05T12:19:51","modified_gmt":"2024-02-05T11:19:51","slug":"garantisten-for-fortsatt-fritt-skolevalg","status":"publish","type":"page","link":"https:\/\/hoyre.no\/oslo\/garantisten-for-fortsatt-fritt-skolevalg\/","title":{"rendered":"Garantisten for fortsatt fritt skolevalg"},"content":{"rendered":"\n<div class=\"wp-block-hoyre-hero with-image-gradient text-color-light  has-media alignfull has-background\"><div class=\"hoyre-hero has-image\"><h1 class=\"title\">Fritt skolevalg<\/h1><p class=\"preamble\">Det AP-ledede byr\u00e5det \u00f8nsker at elever ikke lenger skal kunne velge videreg\u00e5ende skole selv.<\/p>\t\t\t<div class=\"post-meta wp-block teft-byline-wrapper\">\n\t\t\t\t<div class=\"top\">\n\t\t\t\t\t<div class=\"signature\">\n\t\t\t\t\t\t<div class=\"teft-byline\">\n\t\t\t\t\t\t\t\t\t\t\t\t\t\t<div>\n\t\t\t\t\t\t\t\t<h3>H\u00f8yres redaksjon<\/h3>\t\t\t\t\t\t\t\t\n\t\t\t\t\t\t\t\t\t\t\t\t\t\t\t\t\t<span class=\"date\">Sist oppdatert: 5. februar 2024<\/span>\n\t\t\t\t\t\t\t\t\t\t\t\t\t\t\t\t\t\t\t\t\t\t\t\t\t<span class=\"reading-time\" itemprop=\"timeRequired\" content=\"PT2M\"><em>Ca. 2 minutter lesetid<\/em><\/span>\n\t\t\t\t\t\t\t\t\t\t\t\t\t\t\t<\/div>\n\t\t\t\t\t\t<\/div>\n\t\t\t\t\t<\/div>\n\t\t\t\t\t\t<div class=\"sharing\">\n\t\t<a class=\"share-button share-link copy-link\" data-copy=\"https:\/\/hoyre.no\/oslo\/garantisten-for-fortsatt-fritt-skolevalg\/\" target=\"_blank\"><span class=\"screen-reader-text\">Del link<\/span><\/a>\n\t\t<a class=\"share-button share-twitter\" href=\"http:\/\/twitter.com\/share?text=Garantisten for fortsatt fritt skolevalg&#038;url=https:\/\/hoyre.no\/oslo\/garantisten-for-fortsatt-fritt-skolevalg\/&#038;hashtags=Hoyre\" target=\"_blank\"><span class=\"screen-reader-text\">Del p\u00e5 twitter<\/span><\/a>\n\t\t<a class=\"share-button share-facebook\" href=\"https:\/\/www.facebook.com\/sharer\/sharer.php?u=https:\/\/hoyre.no\/oslo\/garantisten-for-fortsatt-fritt-skolevalg\/\" target=\"_blank\"><span class=\"screen-reader-text\">Del p\u00e5 facebook<\/span><\/a>\n\t<\/div>\n\t\t\t\t\t<\/div>\n\t\t\t<\/div>\n\n\t\t\t<figure class=\"hoyre-image-wrapper\"><div class=\"hoyre-image\"><img loading=\"lazy\" decoding=\"async\" width=\"2500\" height=\"1664\" src=\"https:\/\/hoyre.no\/content\/uploads\/sites\/408\/2023\/06\/GettyImages-171303303-scaled.jpg\" class=\"attachment-scaled size-scaled\" alt=\"videreg\u00e5ende skole - fritt skolevalg\" style=\"object-position: 50% 50%\" srcset=\"https:\/\/hoyre.no\/content\/uploads\/sites\/408\/2023\/06\/GettyImages-171303303-scaled.jpg 2500w, https:\/\/hoyre.no\/content\/uploads\/sites\/408\/2023\/06\/GettyImages-171303303-300x200.jpg 300w, https:\/\/hoyre.no\/content\/uploads\/sites\/408\/2023\/06\/GettyImages-171303303-1024x681.jpg 1024w, https:\/\/hoyre.no\/content\/uploads\/sites\/408\/2023\/06\/GettyImages-171303303-768x511.jpg 768w, https:\/\/hoyre.no\/content\/uploads\/sites\/408\/2023\/06\/GettyImages-171303303-1536x1022.jpg 1536w, https:\/\/hoyre.no\/content\/uploads\/sites\/408\/2023\/06\/GettyImages-171303303-2048x1363.jpg 2048w\" sizes=\"auto, (max-width: 2500px) 100vw, 2500px\" \/><\/div><\/figure><\/div><\/div>\n\n\n\n\n<h2 class=\"wp-block-heading\" id=\"h-hva-er-fritt-skolevalg\">Hva er fritt skolevalg?<\/h2>\n\n\n\n<div class=\"wp-block-hoyre-banner undefined  is-style-blue\"><div class=\"banner-inner\"><figure class=\"hoyre-image-wrapper\"><div class=\"hoyre-image\"><img loading=\"lazy\" decoding=\"async\" width=\"2500\" height=\"1667\" src=\"https:\/\/hoyre.no\/content\/uploads\/sites\/408\/2023\/04\/GettyImages-1180593580-scaled.jpg\" class=\"attachment-scaled size-scaled\" alt=\"\" style=\"object-position: 50% 50%\" srcset=\"https:\/\/hoyre.no\/content\/uploads\/sites\/408\/2023\/04\/GettyImages-1180593580-scaled.jpg 2500w, https:\/\/hoyre.no\/content\/uploads\/sites\/408\/2023\/04\/GettyImages-1180593580-300x200.jpg 300w, https:\/\/hoyre.no\/content\/uploads\/sites\/408\/2023\/04\/GettyImages-1180593580-1024x683.jpg 1024w, https:\/\/hoyre.no\/content\/uploads\/sites\/408\/2023\/04\/GettyImages-1180593580-768x512.jpg 768w, https:\/\/hoyre.no\/content\/uploads\/sites\/408\/2023\/04\/GettyImages-1180593580-1536x1024.jpg 1536w, https:\/\/hoyre.no\/content\/uploads\/sites\/408\/2023\/04\/GettyImages-1180593580-2048x1365.jpg 2048w\" sizes=\"auto, (max-width: 2500px) 100vw, 2500px\" \/><\/div><\/figure><div class=\"banner-content\"><div class=\"entry-content\">\n<p>Fritt skolevalg sikrer at man kan velge skole uavhengig av hvor foreldrene bor og hvilken bakgrunn den enkelte har. Det gir like muligheter for alle.&nbsp;<\/p>\n\n\n\n<div class=\"wp-block-buttons is-layout-flex wp-block-buttons-is-layout-flex\"><\/div>\n<\/div><\/div><\/div><\/div>\n\n\n\n<div class=\"wp-block-media-text is-stacked-on-mobile is-image-fill alignwide\"><figure class=\"wp-block-media-text__media\" style=\"background-image:url('https:\/\/hoyre.no\/content\/uploads\/sites\/408\/2023\/06\/GettyImages-641371058-1024x683.jpg');background-position:50% 50%\"><img loading=\"lazy\" decoding=\"async\" width=\"1024\" height=\"683\" src=\"https:\/\/hoyre.no\/content\/uploads\/sites\/408\/2023\/06\/GettyImages-641371058-1024x683.jpg\" alt=\"videreg\u00e5ende skole - fritt skolevalg\" class=\"wp-image-4798 size-full\" srcset=\"https:\/\/hoyre.no\/content\/uploads\/sites\/408\/2023\/06\/GettyImages-641371058-1024x683.jpg 1024w, https:\/\/hoyre.no\/content\/uploads\/sites\/408\/2023\/06\/GettyImages-641371058-300x200.jpg 300w, https:\/\/hoyre.no\/content\/uploads\/sites\/408\/2023\/06\/GettyImages-641371058-768x512.jpg 768w, https:\/\/hoyre.no\/content\/uploads\/sites\/408\/2023\/06\/GettyImages-641371058-1536x1024.jpg 1536w, https:\/\/hoyre.no\/content\/uploads\/sites\/408\/2023\/06\/GettyImages-641371058-2048x1365.jpg 2048w\" sizes=\"auto, (max-width: 1024px) 100vw, 1024px\" \/><\/figure><div class=\"wp-block-media-text__content\">\n<p>Alle de videreg\u00e5ende skolene i Oslo skal v\u00e6re gode og attraktive skoler som samtidig skal ha ulike styrker og profiler. Oslo H\u00f8yre er for fritt skolevalg basert p\u00e5 karakterer. Dette gir valgfrihet og mobilitet p\u00e5 tvers av byen, motiverer elevene til innsats og stimulerer skolene til \u00e5 lage attraktive utdanningsl\u00f8p. Alternative inntaksmodeller inneb\u00e6rer urettferdighet med utgangspunkt i faktorer som elevene ikke kan gj\u00f8re noe med. Vi vil innf\u00f8re en bel\u00f8nningsordning for de videreg\u00e5ende skolene som klarer \u00e5 l\u00f8fte elevene mest faglig, og skolene skal fortsatt ha mulighet til \u00e5 gi utmerkelser til elever for gode prestasjoner.<\/p>\n<\/div><\/div>\n\n\n\n\n<div class=\"wp-block-hoyre-banner undefined  is-style-blue\"><div class=\"banner-inner\"><div class=\"banner-content\"><div class=\"entry-content\">\n<h2 class=\"wp-block-heading\" id=\"h-byradets-umulighetsmodell\">Byr\u00e5dets umulighetsmodell<\/h2>\n\n\n\n<p class=\"is-style-large\">Blandingsmodellen er et nytt forslag til ny inntaksordning for videreg\u00e5ende skole. Modellen g\u00e5r ut p\u00e5 at halvparten av elevene kommer inn basert p\u00e5 karakterer fra ungdomsskolen, og andre halvparten kommer inn p\u00e5 bakgrunn av hvilket mestringsniv\u00e5 de er i. Denne modellen finnes ikke i noen andre land i verden. <\/p>\n\n\n\n<p class=\"is-style-large\">Dette er et gigantisk skoleeksperiment, og vil ikke hjelpe skolene som sliter i dag, kun f\u00f8re til hardere konkurranse om de plassene som er igjen. I tillegg blir den s\u00e5 komplisert at den n\u00e6rmest er umulig \u00e5 forst\u00e5, og vi risikerer at elever gj\u00f8r det d\u00e5rligere enn de ellers ville gjort, fordi de h\u00e5per p\u00e5 \u00e5 havne p\u00e5 et lavere mestringsniv\u00e5. Det er uoversiktlig, demotiverende, og hjelper ikke skolene som sliter.<\/p>\n\n\n\n<div class=\"wp-block-buttons is-layout-flex wp-block-buttons-is-layout-flex\"><\/div>\n<\/div><\/div><\/div><\/div>\n\n\n\n<div class=\"wp-block-teft-cards alignwide teft-cards-grid default-size-4\"><div class=\"teft-cards-item has-4-columns is-card-hoyre\">\n\t<div class=\"teft-card hoyre-teft-card page-teft-card\">\n\t\t<a href=\"https:\/\/hoyre.no\/oslo\/alle-barn-og-unge-skal-kunne-delta-pa-minst-en-fritidsaktivitet\/\" class=\"teft-card__primary-action\">\n\n\t\t\t\t\t<div class=\"teft-card__media teft-card__media--16-9\">\n\t\t\t\t\t\t<img loading=\"lazy\" decoding=\"async\" width=\"768\" height=\"512\" src=\"https:\/\/hoyre.no\/content\/uploads\/sites\/408\/2023\/06\/GettyImages-594375747-768x512.jpg\" class=\"attachment-medium_large size-medium_large\" alt=\"fotball\" srcset=\"https:\/\/hoyre.no\/content\/uploads\/sites\/408\/2023\/06\/GettyImages-594375747-768x512.jpg 768w, https:\/\/hoyre.no\/content\/uploads\/sites\/408\/2023\/06\/GettyImages-594375747-300x200.jpg 300w, https:\/\/hoyre.no\/content\/uploads\/sites\/408\/2023\/06\/GettyImages-594375747-1024x683.jpg 1024w, https:\/\/hoyre.no\/content\/uploads\/sites\/408\/2023\/06\/GettyImages-594375747-1536x1024.jpg 1536w, https:\/\/hoyre.no\/content\/uploads\/sites\/408\/2023\/06\/GettyImages-594375747-2048x1365.jpg 2048w\" sizes=\"auto, (max-width: 768px) 100vw, 768px\" \/>\t\t<\/div>\n\t\t\n\t\t\t<div class=\"teft-card__content-wrapper\">\n\t\t\t\t<div class=\"teft-card__secondary\">\n\t\t\t\t\t\t\t\t\t<\/div>\n\n\t\t\t\t<div class=\"teft-card__primary\">\n\t\t\t\t\t<h2 class=\"teft-card__title\">Alle barn og unge skal kunne delta p\u00e5 minst \u00e9n fritidsaktivitet&nbsp;<span class=\"teft-card__primary-title-append\"><\/span><\/h2>\t\t\t\t<\/div>\n\t\t\t<\/div>\n\t\t<\/a>\n\t<\/div>\n\n\t<\/div>\n\n<div class=\"teft-cards-item has-4-columns is-card-hoyre\">\n\t<div class=\"teft-card hoyre-teft-card page-teft-card\">\n\t\t<a href=\"https:\/\/hoyre.no\/oslo\/landets-beste-skole\/\" class=\"teft-card__primary-action\">\n\n\t\t\t\t\t<div class=\"teft-card__media teft-card__media--16-9\">\n\t\t\t\t\t\t<img loading=\"lazy\" decoding=\"async\" width=\"768\" height=\"512\" src=\"https:\/\/hoyre.no\/content\/uploads\/sites\/408\/2023\/04\/GettyImages-1269296368-768x512.jpg\" class=\"attachment-medium_large size-medium_large\" alt=\"barn i klasserom\" srcset=\"https:\/\/hoyre.no\/content\/uploads\/sites\/408\/2023\/04\/GettyImages-1269296368-768x512.jpg 768w, https:\/\/hoyre.no\/content\/uploads\/sites\/408\/2023\/04\/GettyImages-1269296368-300x200.jpg 300w, https:\/\/hoyre.no\/content\/uploads\/sites\/408\/2023\/04\/GettyImages-1269296368-1024x683.jpg 1024w, https:\/\/hoyre.no\/content\/uploads\/sites\/408\/2023\/04\/GettyImages-1269296368-1536x1024.jpg 1536w, https:\/\/hoyre.no\/content\/uploads\/sites\/408\/2023\/04\/GettyImages-1269296368-2048x1365.jpg 2048w\" sizes=\"auto, (max-width: 768px) 100vw, 768px\" \/>\t\t<\/div>\n\t\t\n\t\t\t<div class=\"teft-card__content-wrapper\">\n\t\t\t\t<div class=\"teft-card__secondary\">\n\t\t\t\t\t\t\t\t\t<\/div>\n\n\t\t\t\t<div class=\"teft-card__primary\">\n\t\t\t\t\t<h2 class=\"teft-card__title\">Landets beste skole&nbsp;<span class=\"teft-card__primary-title-append\"><\/span><\/h2>\t\t\t\t<\/div>\n\t\t\t<\/div>\n\t\t<\/a>\n\t<\/div>\n\n\t<\/div>\n\n<div class=\"teft-cards-item has-4-columns is-card-hoyre\">\n\t<div class=\"teft-card hoyre-teft-card page-teft-card\">\n\t\t<a href=\"https:\/\/hoyre.no\/oslo\/fattigdom-skal-ikke-ga-i-arv\/\" class=\"teft-card__primary-action\">\n\n\t\t\t\t\t<div class=\"teft-card__media teft-card__media--16-9\">\n\t\t\t\t\t\t<img loading=\"lazy\" decoding=\"async\" width=\"768\" height=\"512\" src=\"https:\/\/hoyre.no\/content\/uploads\/sites\/408\/2023\/04\/GettyImages-1269296368-768x512.jpg\" class=\"attachment-medium_large size-medium_large\" alt=\"barn i klasserom\" srcset=\"https:\/\/hoyre.no\/content\/uploads\/sites\/408\/2023\/04\/GettyImages-1269296368-768x512.jpg 768w, https:\/\/hoyre.no\/content\/uploads\/sites\/408\/2023\/04\/GettyImages-1269296368-300x200.jpg 300w, https:\/\/hoyre.no\/content\/uploads\/sites\/408\/2023\/04\/GettyImages-1269296368-1024x683.jpg 1024w, https:\/\/hoyre.no\/content\/uploads\/sites\/408\/2023\/04\/GettyImages-1269296368-1536x1024.jpg 1536w, https:\/\/hoyre.no\/content\/uploads\/sites\/408\/2023\/04\/GettyImages-1269296368-2048x1365.jpg 2048w\" sizes=\"auto, (max-width: 768px) 100vw, 768px\" \/>\t\t<\/div>\n\t\t\n\t\t\t<div class=\"teft-card__content-wrapper\">\n\t\t\t\t<div class=\"teft-card__secondary\">\n\t\t\t\t\t\t\t\t\t<\/div>\n\n\t\t\t\t<div class=\"teft-card__primary\">\n\t\t\t\t\t<h2 class=\"teft-card__title\">Barn og unges oppvekstsvilk\u00e5r&nbsp;<span class=\"teft-card__primary-title-append\"><\/span><\/h2>\t\t\t\t<\/div>\n\t\t\t<\/div>\n\t\t<\/a>\n\t<\/div>\n\n\t<\/div><\/div>\n","protected":false},"excerpt":{"rendered":"","protected":false},"author":31424,"featured_media":0,"parent":0,"menu_order":0,"comment_status":"closed","ping_status":"closed","template":"","meta":{"teft_cards_image_url":"","teft_cards_custom_pretitle":"","teft_cards_image_id":4797,"teft_cards_image_focal_point_x":0.5,"teft_cards_image_focal_point_y":0.5,"teft_cards_title":"","teft_cards_excerpt":"","teft_show_chapters":false,"footnotes":""},"class_list":["post-4792","page","type-page","status-publish","hentry"],"yoast_head":"<!-- This site is optimized with the Yoast SEO Premium plugin v26.5 (Yoast SEO v26.6) - https:\/\/yoast.com\/wordpress\/plugins\/seo\/ -->\n<title>Garantisten for fortsatt fritt skolevalg - Oslo H\u00f8yre<\/title>\n<meta name=\"description\" content=\"Byr\u00e5det \u00f8nsker at tiendeklassinger i Oslo ikke lenger skal kunne velge skole selv. H\u00f8yre er garantisten for at fritt skolevalg vil best\u00e5.\" \/>\n<meta name=\"robots\" content=\"index, follow, max-snippet:-1, max-image-preview:large, max-video-preview:-1\" \/>\n<link rel=\"canonical\" href=\"https:\/\/hoyre.no\/oslo\/garantisten-for-fortsatt-fritt-skolevalg\/\" \/>\n<meta property=\"og:locale\" content=\"nb_NO\" \/>\n<meta property=\"og:type\" content=\"article\" \/>\n<meta property=\"og:title\" content=\"Garantisten for fortsatt fritt skolevalg\" \/>\n<meta property=\"og:description\" content=\"Byr\u00e5det \u00f8nsker at tiendeklassinger i Oslo ikke lenger skal kunne velge skole selv. H\u00f8yre er garantisten for at fritt skolevalg vil best\u00e5.\" \/>\n<meta property=\"og:url\" content=\"https:\/\/hoyre.no\/oslo\/garantisten-for-fortsatt-fritt-skolevalg\/\" \/>\n<meta property=\"og:site_name\" content=\"Oslo H\u00f8yre\" \/>\n<meta property=\"article:publisher\" content=\"https:\/\/www.facebook.com\/oslo.hoyre\" \/>\n<meta property=\"article:modified_time\" content=\"2024-02-05T11:19:51+00:00\" \/>\n<meta property=\"og:image\" content=\"https:\/\/hoyre.no\/content\/uploads\/sites\/408\/2023\/06\/GettyImages-171303303-1024x681.jpg\" \/>\n<meta name=\"twitter:card\" content=\"summary_large_image\" \/>\n<meta name=\"twitter:description\" content=\"Byr\u00e5det \u00f8nsker at tiendeklassinger i Oslo ikke lenger skal kunne velge skole selv. H\u00f8yre er garantisten for at fritt skolevalg vil best\u00e5.\" \/>\n<meta name=\"twitter:label1\" content=\"Ansl. lesetid\" \/>\n\t<meta name=\"twitter:data1\" content=\"2 minutter\" \/>\n<script type=\"application\/ld+json\" class=\"yoast-schema-graph\">{\"@context\":\"https:\/\/schema.org\",\"@graph\":[{\"@type\":\"WebPage\",\"@id\":\"https:\/\/hoyre.no\/oslo\/garantisten-for-fortsatt-fritt-skolevalg\/\",\"url\":\"https:\/\/hoyre.no\/oslo\/garantisten-for-fortsatt-fritt-skolevalg\/\",\"name\":\"Garantisten for fortsatt fritt skolevalg - Oslo H\u00f8yre\",\"isPartOf\":{\"@id\":\"https:\/\/hoyre.no\/oslo\/#website\"},\"image\":{\"@id\":\"https:\/\/hoyre.no\/oslo\/garantisten-for-fortsatt-fritt-skolevalg\/#primaryimage\"},\"thumbnailUrl\":\"https:\/\/hoyre.no\/content\/uploads\/sites\/408\/2023\/06\/GettyImages-641371058-1024x683.jpg\",\"datePublished\":\"2023-06-23T12:36:28+00:00\",\"dateModified\":\"2024-02-05T11:19:51+00:00\",\"description\":\"Byr\u00e5det \u00f8nsker at tiendeklassinger i Oslo ikke lenger skal kunne velge skole selv. H\u00f8yre er garantisten for at fritt skolevalg vil best\u00e5.\",\"breadcrumb\":{\"@id\":\"https:\/\/hoyre.no\/oslo\/garantisten-for-fortsatt-fritt-skolevalg\/#breadcrumb\"},\"inLanguage\":\"nb-NO\",\"potentialAction\":[{\"@type\":\"ReadAction\",\"target\":[\"https:\/\/hoyre.no\/oslo\/garantisten-for-fortsatt-fritt-skolevalg\/\"]}]},{\"@type\":\"ImageObject\",\"inLanguage\":\"nb-NO\",\"@id\":\"https:\/\/hoyre.no\/oslo\/garantisten-for-fortsatt-fritt-skolevalg\/#primaryimage\",\"url\":\"https:\/\/hoyre.no\/content\/uploads\/sites\/408\/2023\/06\/GettyImages-641371058-1024x683.jpg\",\"contentUrl\":\"https:\/\/hoyre.no\/content\/uploads\/sites\/408\/2023\/06\/GettyImages-641371058-1024x683.jpg\"},{\"@type\":\"BreadcrumbList\",\"@id\":\"https:\/\/hoyre.no\/oslo\/garantisten-for-fortsatt-fritt-skolevalg\/#breadcrumb\",\"itemListElement\":[{\"@type\":\"ListItem\",\"position\":1,\"name\":\"Til hoyre.no\",\"item\":\"https:\/\/hoyre.no\"},{\"@type\":\"ListItem\",\"position\":2,\"name\":\"Hjem\",\"item\":\"https:\/\/hoyre.no\/oslo\/\"},{\"@type\":\"ListItem\",\"position\":3,\"name\":\"Garantisten for fortsatt fritt skolevalg\"}]},{\"@type\":\"WebSite\",\"@id\":\"https:\/\/hoyre.no\/oslo\/#website\",\"url\":\"https:\/\/hoyre.no\/oslo\/\",\"name\":\"Oslo H\u00f8yre\",\"description\":\"\",\"publisher\":{\"@id\":\"https:\/\/hoyre.no\/oslo\/#organization\"},\"inLanguage\":\"nb-NO\"},{\"@type\":\"Organization\",\"@id\":\"https:\/\/hoyre.no\/oslo\/#organization\",\"name\":\"Oslo H\u00f8yre\",\"url\":\"https:\/\/hoyre.no\/oslo\/\",\"logo\":{\"@type\":\"ImageObject\",\"inLanguage\":\"nb-NO\",\"@id\":\"https:\/\/hoyre.no\/oslo\/#\/schema\/logo\/image\/\",\"url\":\"https:\/\/hoyre.no\/content\/uploads\/sites\/408\/2022\/11\/Hoyres-logo.png\",\"contentUrl\":\"https:\/\/hoyre.no\/content\/uploads\/sites\/408\/2022\/11\/Hoyres-logo.png\",\"width\":1000,\"height\":1000,\"caption\":\"Oslo H\u00f8yre\"},\"image\":{\"@id\":\"https:\/\/hoyre.no\/oslo\/#\/schema\/logo\/image\/\"},\"sameAs\":[\"https:\/\/www.facebook.com\/oslo.hoyre\"]}]}<\/script>\n<!-- \/ Yoast SEO Premium plugin. -->","yoast_head_json":{"title":"Garantisten for fortsatt fritt skolevalg - Oslo H\u00f8yre","description":"Byr\u00e5det \u00f8nsker at tiendeklassinger i Oslo ikke lenger skal kunne velge skole selv. H\u00f8yre er garantisten for at fritt skolevalg vil best\u00e5.","robots":{"index":"index","follow":"follow","max-snippet":"max-snippet:-1","max-image-preview":"max-image-preview:large","max-video-preview":"max-video-preview:-1"},"canonical":"https:\/\/hoyre.no\/oslo\/garantisten-for-fortsatt-fritt-skolevalg\/","og_locale":"nb_NO","og_type":"article","og_title":"Garantisten for fortsatt fritt skolevalg","og_description":"Byr\u00e5det \u00f8nsker at tiendeklassinger i Oslo ikke lenger skal kunne velge skole selv. H\u00f8yre er garantisten for at fritt skolevalg vil best\u00e5.","og_url":"https:\/\/hoyre.no\/oslo\/garantisten-for-fortsatt-fritt-skolevalg\/","og_site_name":"Oslo H\u00f8yre","article_publisher":"https:\/\/www.facebook.com\/oslo.hoyre","article_modified_time":"2024-02-05T11:19:51+00:00","og_image":[{"url":"https:\/\/hoyre.no\/content\/uploads\/sites\/408\/2023\/06\/GettyImages-171303303-1024x681.jpg","width":"","height":"","type":""}],"twitter_card":"summary_large_image","twitter_description":"Byr\u00e5det \u00f8nsker at tiendeklassinger i Oslo ikke lenger skal kunne velge skole selv. H\u00f8yre er garantisten for at fritt skolevalg vil best\u00e5.","twitter_misc":{"Ansl. lesetid":"2 minutter"},"schema":{"@context":"https:\/\/schema.org","@graph":[{"@type":"WebPage","@id":"https:\/\/hoyre.no\/oslo\/garantisten-for-fortsatt-fritt-skolevalg\/","url":"https:\/\/hoyre.no\/oslo\/garantisten-for-fortsatt-fritt-skolevalg\/","name":"Garantisten for fortsatt fritt skolevalg - Oslo H\u00f8yre","isPartOf":{"@id":"https:\/\/hoyre.no\/oslo\/#website"},"image":{"@id":"https:\/\/hoyre.no\/oslo\/garantisten-for-fortsatt-fritt-skolevalg\/#primaryimage"},"thumbnailUrl":"https:\/\/hoyre.no\/content\/uploads\/sites\/408\/2023\/06\/GettyImages-641371058-1024x683.jpg","datePublished":"2023-06-23T12:36:28+00:00","dateModified":"2024-02-05T11:19:51+00:00","description":"Byr\u00e5det \u00f8nsker at tiendeklassinger i Oslo ikke lenger skal kunne velge skole selv. H\u00f8yre er garantisten for at fritt skolevalg vil best\u00e5.","breadcrumb":{"@id":"https:\/\/hoyre.no\/oslo\/garantisten-for-fortsatt-fritt-skolevalg\/#breadcrumb"},"inLanguage":"nb-NO","potentialAction":[{"@type":"ReadAction","target":["https:\/\/hoyre.no\/oslo\/garantisten-for-fortsatt-fritt-skolevalg\/"]}]},{"@type":"ImageObject","inLanguage":"nb-NO","@id":"https:\/\/hoyre.no\/oslo\/garantisten-for-fortsatt-fritt-skolevalg\/#primaryimage","url":"https:\/\/hoyre.no\/content\/uploads\/sites\/408\/2023\/06\/GettyImages-641371058-1024x683.jpg","contentUrl":"https:\/\/hoyre.no\/content\/uploads\/sites\/408\/2023\/06\/GettyImages-641371058-1024x683.jpg"},{"@type":"BreadcrumbList","@id":"https:\/\/hoyre.no\/oslo\/garantisten-for-fortsatt-fritt-skolevalg\/#breadcrumb","itemListElement":[{"@type":"ListItem","position":1,"name":"Til hoyre.no","item":"https:\/\/hoyre.no"},{"@type":"ListItem","position":2,"name":"Hjem","item":"https:\/\/hoyre.no\/oslo\/"},{"@type":"ListItem","position":3,"name":"Garantisten for fortsatt fritt skolevalg"}]},{"@type":"WebSite","@id":"https:\/\/hoyre.no\/oslo\/#website","url":"https:\/\/hoyre.no\/oslo\/","name":"Oslo H\u00f8yre","description":"","publisher":{"@id":"https:\/\/hoyre.no\/oslo\/#organization"},"inLanguage":"nb-NO"},{"@type":"Organization","@id":"https:\/\/hoyre.no\/oslo\/#organization","name":"Oslo H\u00f8yre","url":"https:\/\/hoyre.no\/oslo\/","logo":{"@type":"ImageObject","inLanguage":"nb-NO","@id":"https:\/\/hoyre.no\/oslo\/#\/schema\/logo\/image\/","url":"https:\/\/hoyre.no\/content\/uploads\/sites\/408\/2022\/11\/Hoyres-logo.png","contentUrl":"https:\/\/hoyre.no\/content\/uploads\/sites\/408\/2022\/11\/Hoyres-logo.png","width":1000,"height":1000,"caption":"Oslo H\u00f8yre"},"image":{"@id":"https:\/\/hoyre.no\/oslo\/#\/schema\/logo\/image\/"},"sameAs":["https:\/\/www.facebook.com\/oslo.hoyre"]}]}},"distributor_meta":false,"distributor_terms":false,"distributor_media":false,"distributor_original_site_name":"Oslo H\u00f8yre","distributor_original_site_url":"https:\/\/hoyre.no\/oslo","push-errors":false,"_links":{"self":[{"href":"https:\/\/hoyre.no\/oslo\/wp-json\/wp\/v2\/pages\/4792","targetHints":{"allow":["GET"]}}],"collection":[{"href":"https:\/\/hoyre.no\/oslo\/wp-json\/wp\/v2\/pages"}],"about":[{"href":"https:\/\/hoyre.no\/oslo\/wp-json\/wp\/v2\/types\/page"}],"author":[{"embeddable":true,"href":"https:\/\/hoyre.no\/oslo\/wp-json\/wp\/v2\/users\/31424"}],"replies":[{"embeddable":true,"href":"https:\/\/hoyre.no\/oslo\/wp-json\/wp\/v2\/comments?post=4792"}],"version-history":[{"count":18,"href":"https:\/\/hoyre.no\/oslo\/wp-json\/wp\/v2\/pages\/4792\/revisions"}],"predecessor-version":[{"id":6001,"href":"https:\/\/hoyre.no\/oslo\/wp-json\/wp\/v2\/pages\/4792\/revisions\/6001"}],"wp:attachment":[{"href":"https:\/\/hoyre.no\/oslo\/wp-json\/wp\/v2\/media?parent=4792"}],"curies":[{"name":"wp","href":"https:\/\/api.w.org\/{rel}","templated":true}]}}