{"id":4804,"date":"2023-06-23T14:37:04","date_gmt":"2023-06-23T12:37:04","guid":{"rendered":"https:\/\/hoyre.no\/oslo\/?page_id=4804"},"modified":"2023-08-05T20:36:36","modified_gmt":"2023-08-05T18:36:36","slug":"alle-barn-og-unge-skal-kunne-delta-pa-minst-en-fritidsaktivitet","status":"publish","type":"page","link":"https:\/\/hoyre.no\/oslo\/alle-barn-og-unge-skal-kunne-delta-pa-minst-en-fritidsaktivitet\/","title":{"rendered":"Alle barn og unge skal kunne delta p\u00e5 minst \u00e9n fritidsaktivitet"},"content":{"rendered":"\n<div class=\"wp-block-hoyre-hero with-image-gradient text-color-light  has-media alignfull has-background\"><div class=\"hoyre-hero has-image\"><h1 class=\"title\">Alle barn og unge skal kunne delta p\u00e5 minst \u00e9n fritidsaktivitet<\/h1><figure class=\"hoyre-image-wrapper\"><div class=\"hoyre-image\"><img loading=\"lazy\" decoding=\"async\" width=\"2500\" height=\"1667\" src=\"https:\/\/hoyre.no\/content\/uploads\/sites\/408\/2023\/06\/GettyImages-594375747-scaled.jpg\" class=\"attachment-scaled size-scaled\" alt=\"fotball\" style=\"object-position: 50% 50%\" srcset=\"https:\/\/hoyre.no\/content\/uploads\/sites\/408\/2023\/06\/GettyImages-594375747-scaled.jpg 2500w, https:\/\/hoyre.no\/content\/uploads\/sites\/408\/2023\/06\/GettyImages-594375747-300x200.jpg 300w, https:\/\/hoyre.no\/content\/uploads\/sites\/408\/2023\/06\/GettyImages-594375747-1024x683.jpg 1024w, https:\/\/hoyre.no\/content\/uploads\/sites\/408\/2023\/06\/GettyImages-594375747-768x512.jpg 768w, https:\/\/hoyre.no\/content\/uploads\/sites\/408\/2023\/06\/GettyImages-594375747-1536x1024.jpg 1536w, https:\/\/hoyre.no\/content\/uploads\/sites\/408\/2023\/06\/GettyImages-594375747-2048x1365.jpg 2048w\" sizes=\"auto, (max-width: 2500px) 100vw, 2500px\" \/><\/div><\/figure><\/div><\/div>\n\n\n\n\n<h2 class=\"wp-block-heading\" id=\"h-gratis-fritidsaktiviteter-til-barn-i-lavinntektsfamilier\">Gratis fritidsaktiviteter til barn i lavinntektsfamilier<\/h2>\n\n\n\n<div class=\"wp-block-media-text alignwide is-stacked-on-mobile is-image-fill is-style-default\" style=\"grid-template-columns:51% auto\"><figure class=\"wp-block-media-text__media\" style=\"background-image:url('https:\/\/hoyre.no\/content\/uploads\/sites\/408\/2023\/06\/GettyImages-626964604-1024x683.jpg');background-position:50% 50%\"><img loading=\"lazy\" decoding=\"async\" width=\"1024\" height=\"683\" src=\"https:\/\/hoyre.no\/content\/uploads\/sites\/408\/2023\/06\/GettyImages-626964604-1024x683.jpg\" alt=\"fritidsaktiviteter for barn\" class=\"wp-image-4807 size-full\" srcset=\"https:\/\/hoyre.no\/content\/uploads\/sites\/408\/2023\/06\/GettyImages-626964604-1024x683.jpg 1024w, https:\/\/hoyre.no\/content\/uploads\/sites\/408\/2023\/06\/GettyImages-626964604-300x200.jpg 300w, https:\/\/hoyre.no\/content\/uploads\/sites\/408\/2023\/06\/GettyImages-626964604-768x512.jpg 768w, https:\/\/hoyre.no\/content\/uploads\/sites\/408\/2023\/06\/GettyImages-626964604-1536x1024.jpg 1536w, https:\/\/hoyre.no\/content\/uploads\/sites\/408\/2023\/06\/GettyImages-626964604-2048x1365.jpg 2048w\" sizes=\"auto, (max-width: 1024px) 100vw, 1024px\" \/><\/figure><div class=\"wp-block-media-text__content\">\n<p>H\u00f8yre er s\u00e6rlig bekymret for de som har minst fra f\u00f8r. 1 av 4 nordmenn har v\u00e6rt n\u00f8dt til \u00e5 be familie og venner om penger for \u00e5 klare seg det siste \u00e5ret. Det er dobbelt s\u00e5 mange som i 2020, da hver syvende arbeidstager var permittert p\u00e5 grunn av koronapandemien. Rundt \u00e9n av seks husholdninger har enten spart inn p\u00e5 mat for \u00e5 kunne betale str\u00f8mregningene, eller kuttet ned p\u00e5 str\u00f8mforbruket for \u00e5 f\u00e5 r\u00e5d til \u00e5 kj\u00f8pe noe \u00e5 spise. Det meldes om lange k\u00f8er ved landets matsentraler. De skyh\u00f8ye prisene rammer ikke bare folk som st\u00e5r utenfor arbeidslivet. Stadig flere opplever at inntekten rett og slett ikke strekker til selv om de st\u00e5r i full jobb. Situasjonen er s\u00e6rlig krevende for de som har barn \u00e5 fors\u00f8rge p\u00e5 \u00e9n inntekt, eller er avhengig av ulike trygdeytelser.<\/p>\n<\/div><\/div>\n\n\n\n\n<div class=\"wp-block-media-text alignwide has-media-on-the-right is-stacked-on-mobile is-image-fill\"><figure class=\"wp-block-media-text__media\" style=\"background-image:url('https:\/\/hoyre.no\/content\/uploads\/sites\/408\/2023\/06\/GettyImages-601802299-1024x683.jpg');background-position:50% 50%\"><img loading=\"lazy\" decoding=\"async\" width=\"1024\" height=\"683\" src=\"https:\/\/hoyre.no\/content\/uploads\/sites\/408\/2023\/06\/GettyImages-601802299-1024x683.jpg\" alt=\"fritidsaktiviteter for barn\" class=\"wp-image-4806 size-full\" srcset=\"https:\/\/hoyre.no\/content\/uploads\/sites\/408\/2023\/06\/GettyImages-601802299-1024x683.jpg 1024w, https:\/\/hoyre.no\/content\/uploads\/sites\/408\/2023\/06\/GettyImages-601802299-300x200.jpg 300w, https:\/\/hoyre.no\/content\/uploads\/sites\/408\/2023\/06\/GettyImages-601802299-768x512.jpg 768w, https:\/\/hoyre.no\/content\/uploads\/sites\/408\/2023\/06\/GettyImages-601802299-1536x1024.jpg 1536w, https:\/\/hoyre.no\/content\/uploads\/sites\/408\/2023\/06\/GettyImages-601802299-2048x1365.jpg 2048w\" sizes=\"auto, (max-width: 1024px) 100vw, 1024px\" \/><\/figure><div class=\"wp-block-media-text__content\">\n<p>Barn og unge er den st\u00f8rste brukergruppen i Oslo-idretten. For \u00e5 stimulere til ytterligere aktivitet og frivillighet trenger vi b\u00e5de flere idrettsanlegg og bedre vedlikehold av de eksisterende anleggene. Fysisk aktivitet og idrett er viktig for en god oppvekst og fungerer som sosiale arenaer for barn i alle aldre. Lokale idrettslag er viktige samlingspunkt for frivillighet i bydelene.<\/p>\n\n\n\n<p>Det er viktig \u00e5 jobbe for \u00e5 senke terskelen for at barn og unge kan delta i fritidsaktiviteter. Oslo H\u00f8yre vil derfor st\u00f8tte initiativer som legger til rette for gjenbruk og bytte av utstyr knyttet til barne- og ungdomsaktiviteter, b\u00e5de innen idrett og kultur. Vi vil ogs\u00e5 jobbe for \u00e5 gj\u00f8re utl\u00e5nssentralene mer tilgjengelige, slik at flere barn f\u00e5r mulighet til \u00e5 l\u00e5ne sports- og friluftsutstyr. <\/p>\n\n\n\n<p>Det er ikke alle barn og unge som finner seg til rette i organiserte aktiviteter som idrett, korps og kulturskole. Kommunen m\u00e5 derfor ogs\u00e5 legge til rette for uorganiserte fritidsaktiviteter for barn og unge.<\/p>\n<\/div><\/div>\n\n\n\n<h3 class=\"wp-block-heading\" id=\"h-les-ogsa\">LES OGS\u00c5:<\/h3>\n\n\n\n<div class=\"wp-block-teft-cards alignwide teft-cards-grid default-size-4\"><div class=\"teft-cards-item has-4-columns is-card-hoyre\">\n\t<div class=\"teft-card hoyre-teft-card page-teft-card\">\n\t\t<a href=\"https:\/\/hoyre.no\/oslo\/landets-beste-skole\/\" class=\"teft-card__primary-action\">\n\n\t\t\t\t\t<div class=\"teft-card__media teft-card__media--16-9\">\n\t\t\t\t\t\t<img loading=\"lazy\" decoding=\"async\" width=\"768\" height=\"512\" src=\"https:\/\/hoyre.no\/content\/uploads\/sites\/408\/2023\/04\/GettyImages-1269296368-768x512.jpg\" class=\"attachment-medium_large size-medium_large\" alt=\"barn i klasserom\" srcset=\"https:\/\/hoyre.no\/content\/uploads\/sites\/408\/2023\/04\/GettyImages-1269296368-768x512.jpg 768w, https:\/\/hoyre.no\/content\/uploads\/sites\/408\/2023\/04\/GettyImages-1269296368-300x200.jpg 300w, https:\/\/hoyre.no\/content\/uploads\/sites\/408\/2023\/04\/GettyImages-1269296368-1024x683.jpg 1024w, https:\/\/hoyre.no\/content\/uploads\/sites\/408\/2023\/04\/GettyImages-1269296368-1536x1024.jpg 1536w, https:\/\/hoyre.no\/content\/uploads\/sites\/408\/2023\/04\/GettyImages-1269296368-2048x1365.jpg 2048w\" sizes=\"auto, (max-width: 768px) 100vw, 768px\" \/>\t\t<\/div>\n\t\t\n\t\t\t<div class=\"teft-card__content-wrapper\">\n\t\t\t\t<div class=\"teft-card__secondary\">\n\t\t\t\t\t\t\t\t\t<\/div>\n\n\t\t\t\t<div class=\"teft-card__primary\">\n\t\t\t\t\t<h2 class=\"teft-card__title\">Landets beste skole&nbsp;<span class=\"teft-card__primary-title-append\"><\/span><\/h2>\t\t\t\t<\/div>\n\t\t\t<\/div>\n\t\t<\/a>\n\t<\/div>\n\n\t<\/div>\n\n<div class=\"teft-cards-item has-4-columns is-card-hoyre\">\n\t<div class=\"teft-card hoyre-teft-card page-teft-card\">\n\t\t<a href=\"https:\/\/hoyre.no\/oslo\/fattigdom-skal-ikke-ga-i-arv\/\" class=\"teft-card__primary-action\">\n\n\t\t\t\t\t<div class=\"teft-card__media teft-card__media--16-9\">\n\t\t\t\t\t\t<img loading=\"lazy\" decoding=\"async\" width=\"768\" height=\"512\" src=\"https:\/\/hoyre.no\/content\/uploads\/sites\/408\/2023\/04\/GettyImages-1269296368-768x512.jpg\" class=\"attachment-medium_large size-medium_large\" alt=\"barn i klasserom\" srcset=\"https:\/\/hoyre.no\/content\/uploads\/sites\/408\/2023\/04\/GettyImages-1269296368-768x512.jpg 768w, https:\/\/hoyre.no\/content\/uploads\/sites\/408\/2023\/04\/GettyImages-1269296368-300x200.jpg 300w, https:\/\/hoyre.no\/content\/uploads\/sites\/408\/2023\/04\/GettyImages-1269296368-1024x683.jpg 1024w, https:\/\/hoyre.no\/content\/uploads\/sites\/408\/2023\/04\/GettyImages-1269296368-1536x1024.jpg 1536w, https:\/\/hoyre.no\/content\/uploads\/sites\/408\/2023\/04\/GettyImages-1269296368-2048x1365.jpg 2048w\" sizes=\"auto, (max-width: 768px) 100vw, 768px\" \/>\t\t<\/div>\n\t\t\n\t\t\t<div class=\"teft-card__content-wrapper\">\n\t\t\t\t<div class=\"teft-card__secondary\">\n\t\t\t\t\t\t\t\t\t<\/div>\n\n\t\t\t\t<div class=\"teft-card__primary\">\n\t\t\t\t\t<h2 class=\"teft-card__title\">Barn og unges oppvekstsvilk\u00e5r&nbsp;<span class=\"teft-card__primary-title-append\"><\/span><\/h2>\t\t\t\t<\/div>\n\t\t\t<\/div>\n\t\t<\/a>\n\t<\/div>\n\n\t<\/div>\n\n<div class=\"teft-cards-item has-4-columns is-card-hoyre\">\n\t<div class=\"teft-card hoyre-teft-card page-teft-card\">\n\t\t<a href=\"https:\/\/hoyre.no\/oslo\/garantisten-for-fortsatt-fritt-skolevalg\/\" class=\"teft-card__primary-action\">\n\n\t\t\t\t\t<div class=\"teft-card__media teft-card__media--16-9\">\n\t\t\t\t\t\t<img loading=\"lazy\" decoding=\"async\" width=\"768\" height=\"511\" src=\"https:\/\/hoyre.no\/content\/uploads\/sites\/408\/2023\/06\/GettyImages-171303303-768x511.jpg\" class=\"attachment-medium_large size-medium_large\" alt=\"videreg\u00e5ende skole - fritt skolevalg\" srcset=\"https:\/\/hoyre.no\/content\/uploads\/sites\/408\/2023\/06\/GettyImages-171303303-768x511.jpg 768w, https:\/\/hoyre.no\/content\/uploads\/sites\/408\/2023\/06\/GettyImages-171303303-300x200.jpg 300w, https:\/\/hoyre.no\/content\/uploads\/sites\/408\/2023\/06\/GettyImages-171303303-1024x681.jpg 1024w, https:\/\/hoyre.no\/content\/uploads\/sites\/408\/2023\/06\/GettyImages-171303303-1536x1022.jpg 1536w, https:\/\/hoyre.no\/content\/uploads\/sites\/408\/2023\/06\/GettyImages-171303303-2048x1363.jpg 2048w\" sizes=\"auto, (max-width: 768px) 100vw, 768px\" \/>\t\t<\/div>\n\t\t\n\t\t\t<div class=\"teft-card__content-wrapper\">\n\t\t\t\t<div class=\"teft-card__secondary\">\n\t\t\t\t\t\t\t\t\t<\/div>\n\n\t\t\t\t<div class=\"teft-card__primary\">\n\t\t\t\t\t<h2 class=\"teft-card__title\">Garantisten for fortsatt fritt skolevalg&nbsp;<span class=\"teft-card__primary-title-append\"><\/span><\/h2>\t\t\t\t<\/div>\n\t\t\t<\/div>\n\t\t<\/a>\n\t<\/div>\n\n\t<\/div><\/div>\n","protected":false},"excerpt":{"rendered":"<p>Barn og unge er den st\u00f8rste brukergruppen i Oslo-idretten. For \u00e5 stimulere til ytterligere aktivitet og frivillighet trenger vi b\u00e5de flere idrettsanlegg og bedre vedlikehold av de eksisterende anleggene. Fysisk aktivitet og idrett er viktig for en god oppvekst og fungerer som sosiale arenaer for barn i alle aldre. Lokale idrettslag er viktige samlingspunkt for [&hellip;]<\/p>\n","protected":false},"author":31424,"featured_media":0,"parent":0,"menu_order":0,"comment_status":"closed","ping_status":"closed","template":"","meta":{"teft_cards_image_url":"","teft_cards_custom_pretitle":"","teft_cards_image_id":4805,"teft_cards_image_focal_point_x":0.5,"teft_cards_image_focal_point_y":0.5,"teft_cards_title":"","teft_cards_excerpt":"","teft_show_chapters":false,"footnotes":""},"class_list":["post-4804","page","type-page","status-publish","hentry"],"yoast_head":"<!-- This site is optimized with the Yoast SEO Premium plugin v26.5 (Yoast SEO v26.6) - https:\/\/yoast.com\/wordpress\/plugins\/seo\/ -->\n<title>Alle barn og unge skal kunne delta p\u00e5 minst \u00e9n fritidsaktivitet - Oslo H\u00f8yre<\/title>\n<meta name=\"description\" content=\"Fysisk aktivitet og idrett er viktig for en god oppvekst. H\u00f8yre vil sikre gratis fritidsaktiviteter til barn i lavinntektsfamilier i Oslo.\" \/>\n<meta name=\"robots\" content=\"index, follow, max-snippet:-1, max-image-preview:large, max-video-preview:-1\" \/>\n<link rel=\"canonical\" href=\"https:\/\/hoyre.no\/oslo\/alle-barn-og-unge-skal-kunne-delta-pa-minst-en-fritidsaktivitet\/\" \/>\n<meta property=\"og:locale\" content=\"nb_NO\" \/>\n<meta property=\"og:type\" content=\"article\" \/>\n<meta property=\"og:title\" content=\"Alle barn og unge skal kunne delta p\u00e5 minst \u00e9n fritidsaktivitet\" \/>\n<meta property=\"og:description\" content=\"Fysisk aktivitet og idrett er viktig for en god oppvekst. H\u00f8yre vil sikre gratis fritidsaktiviteter til barn i lavinntektsfamilier i Oslo.\" \/>\n<meta property=\"og:url\" content=\"https:\/\/hoyre.no\/oslo\/alle-barn-og-unge-skal-kunne-delta-pa-minst-en-fritidsaktivitet\/\" \/>\n<meta property=\"og:site_name\" content=\"Oslo H\u00f8yre\" \/>\n<meta property=\"article:publisher\" content=\"https:\/\/www.facebook.com\/oslo.hoyre\" \/>\n<meta property=\"article:modified_time\" content=\"2023-08-05T18:36:36+00:00\" \/>\n<meta property=\"og:image\" content=\"https:\/\/hoyre.no\/content\/uploads\/sites\/408\/2023\/06\/GettyImages-594375747-1024x683.jpg\" \/>\n<meta name=\"twitter:card\" content=\"summary_large_image\" \/>\n<meta name=\"twitter:label1\" content=\"Ansl. lesetid\" \/>\n\t<meta name=\"twitter:data1\" content=\"3 minutter\" \/>\n<script type=\"application\/ld+json\" class=\"yoast-schema-graph\">{\"@context\":\"https:\/\/schema.org\",\"@graph\":[{\"@type\":\"WebPage\",\"@id\":\"https:\/\/hoyre.no\/oslo\/alle-barn-og-unge-skal-kunne-delta-pa-minst-en-fritidsaktivitet\/\",\"url\":\"https:\/\/hoyre.no\/oslo\/alle-barn-og-unge-skal-kunne-delta-pa-minst-en-fritidsaktivitet\/\",\"name\":\"Alle barn og unge skal kunne delta p\u00e5 minst \u00e9n fritidsaktivitet - Oslo H\u00f8yre\",\"isPartOf\":{\"@id\":\"https:\/\/hoyre.no\/oslo\/#website\"},\"image\":{\"@id\":\"https:\/\/hoyre.no\/oslo\/alle-barn-og-unge-skal-kunne-delta-pa-minst-en-fritidsaktivitet\/#primaryimage\"},\"thumbnailUrl\":\"https:\/\/hoyre.no\/content\/uploads\/sites\/408\/2023\/06\/GettyImages-626964604-1024x683.jpg\",\"datePublished\":\"2023-06-23T12:37:04+00:00\",\"dateModified\":\"2023-08-05T18:36:36+00:00\",\"description\":\"Fysisk aktivitet og idrett er viktig for en god oppvekst. H\u00f8yre vil sikre gratis fritidsaktiviteter til barn i lavinntektsfamilier i Oslo.\",\"breadcrumb\":{\"@id\":\"https:\/\/hoyre.no\/oslo\/alle-barn-og-unge-skal-kunne-delta-pa-minst-en-fritidsaktivitet\/#breadcrumb\"},\"inLanguage\":\"nb-NO\",\"potentialAction\":[{\"@type\":\"ReadAction\",\"target\":[\"https:\/\/hoyre.no\/oslo\/alle-barn-og-unge-skal-kunne-delta-pa-minst-en-fritidsaktivitet\/\"]}]},{\"@type\":\"ImageObject\",\"inLanguage\":\"nb-NO\",\"@id\":\"https:\/\/hoyre.no\/oslo\/alle-barn-og-unge-skal-kunne-delta-pa-minst-en-fritidsaktivitet\/#primaryimage\",\"url\":\"https:\/\/hoyre.no\/content\/uploads\/sites\/408\/2023\/06\/GettyImages-626964604-1024x683.jpg\",\"contentUrl\":\"https:\/\/hoyre.no\/content\/uploads\/sites\/408\/2023\/06\/GettyImages-626964604-1024x683.jpg\"},{\"@type\":\"BreadcrumbList\",\"@id\":\"https:\/\/hoyre.no\/oslo\/alle-barn-og-unge-skal-kunne-delta-pa-minst-en-fritidsaktivitet\/#breadcrumb\",\"itemListElement\":[{\"@type\":\"ListItem\",\"position\":1,\"name\":\"Til hoyre.no\",\"item\":\"https:\/\/hoyre.no\"},{\"@type\":\"ListItem\",\"position\":2,\"name\":\"Hjem\",\"item\":\"https:\/\/hoyre.no\/oslo\/\"},{\"@type\":\"ListItem\",\"position\":3,\"name\":\"Alle barn og unge skal kunne delta p\u00e5 minst \u00e9n fritidsaktivitet\"}]},{\"@type\":\"WebSite\",\"@id\":\"https:\/\/hoyre.no\/oslo\/#website\",\"url\":\"https:\/\/hoyre.no\/oslo\/\",\"name\":\"Oslo H\u00f8yre\",\"description\":\"\",\"publisher\":{\"@id\":\"https:\/\/hoyre.no\/oslo\/#organization\"},\"inLanguage\":\"nb-NO\"},{\"@type\":\"Organization\",\"@id\":\"https:\/\/hoyre.no\/oslo\/#organization\",\"name\":\"Oslo H\u00f8yre\",\"url\":\"https:\/\/hoyre.no\/oslo\/\",\"logo\":{\"@type\":\"ImageObject\",\"inLanguage\":\"nb-NO\",\"@id\":\"https:\/\/hoyre.no\/oslo\/#\/schema\/logo\/image\/\",\"url\":\"https:\/\/hoyre.no\/content\/uploads\/sites\/408\/2022\/11\/Hoyres-logo.png\",\"contentUrl\":\"https:\/\/hoyre.no\/content\/uploads\/sites\/408\/2022\/11\/Hoyres-logo.png\",\"width\":1000,\"height\":1000,\"caption\":\"Oslo H\u00f8yre\"},\"image\":{\"@id\":\"https:\/\/hoyre.no\/oslo\/#\/schema\/logo\/image\/\"},\"sameAs\":[\"https:\/\/www.facebook.com\/oslo.hoyre\"]}]}<\/script>\n<!-- \/ Yoast SEO Premium plugin. -->","yoast_head_json":{"title":"Alle barn og unge skal kunne delta p\u00e5 minst \u00e9n fritidsaktivitet - Oslo H\u00f8yre","description":"Fysisk aktivitet og idrett er viktig for en god oppvekst. H\u00f8yre vil sikre gratis fritidsaktiviteter til barn i lavinntektsfamilier i Oslo.","robots":{"index":"index","follow":"follow","max-snippet":"max-snippet:-1","max-image-preview":"max-image-preview:large","max-video-preview":"max-video-preview:-1"},"canonical":"https:\/\/hoyre.no\/oslo\/alle-barn-og-unge-skal-kunne-delta-pa-minst-en-fritidsaktivitet\/","og_locale":"nb_NO","og_type":"article","og_title":"Alle barn og unge skal kunne delta p\u00e5 minst \u00e9n fritidsaktivitet","og_description":"Fysisk aktivitet og idrett er viktig for en god oppvekst. H\u00f8yre vil sikre gratis fritidsaktiviteter til barn i lavinntektsfamilier i Oslo.","og_url":"https:\/\/hoyre.no\/oslo\/alle-barn-og-unge-skal-kunne-delta-pa-minst-en-fritidsaktivitet\/","og_site_name":"Oslo H\u00f8yre","article_publisher":"https:\/\/www.facebook.com\/oslo.hoyre","article_modified_time":"2023-08-05T18:36:36+00:00","og_image":[{"url":"https:\/\/hoyre.no\/content\/uploads\/sites\/408\/2023\/06\/GettyImages-594375747-1024x683.jpg","width":"","height":"","type":""}],"twitter_card":"summary_large_image","twitter_misc":{"Ansl. lesetid":"3 minutter"},"schema":{"@context":"https:\/\/schema.org","@graph":[{"@type":"WebPage","@id":"https:\/\/hoyre.no\/oslo\/alle-barn-og-unge-skal-kunne-delta-pa-minst-en-fritidsaktivitet\/","url":"https:\/\/hoyre.no\/oslo\/alle-barn-og-unge-skal-kunne-delta-pa-minst-en-fritidsaktivitet\/","name":"Alle barn og unge skal kunne delta p\u00e5 minst \u00e9n fritidsaktivitet - Oslo H\u00f8yre","isPartOf":{"@id":"https:\/\/hoyre.no\/oslo\/#website"},"image":{"@id":"https:\/\/hoyre.no\/oslo\/alle-barn-og-unge-skal-kunne-delta-pa-minst-en-fritidsaktivitet\/#primaryimage"},"thumbnailUrl":"https:\/\/hoyre.no\/content\/uploads\/sites\/408\/2023\/06\/GettyImages-626964604-1024x683.jpg","datePublished":"2023-06-23T12:37:04+00:00","dateModified":"2023-08-05T18:36:36+00:00","description":"Fysisk aktivitet og idrett er viktig for en god oppvekst. H\u00f8yre vil sikre gratis fritidsaktiviteter til barn i lavinntektsfamilier i Oslo.","breadcrumb":{"@id":"https:\/\/hoyre.no\/oslo\/alle-barn-og-unge-skal-kunne-delta-pa-minst-en-fritidsaktivitet\/#breadcrumb"},"inLanguage":"nb-NO","potentialAction":[{"@type":"ReadAction","target":["https:\/\/hoyre.no\/oslo\/alle-barn-og-unge-skal-kunne-delta-pa-minst-en-fritidsaktivitet\/"]}]},{"@type":"ImageObject","inLanguage":"nb-NO","@id":"https:\/\/hoyre.no\/oslo\/alle-barn-og-unge-skal-kunne-delta-pa-minst-en-fritidsaktivitet\/#primaryimage","url":"https:\/\/hoyre.no\/content\/uploads\/sites\/408\/2023\/06\/GettyImages-626964604-1024x683.jpg","contentUrl":"https:\/\/hoyre.no\/content\/uploads\/sites\/408\/2023\/06\/GettyImages-626964604-1024x683.jpg"},{"@type":"BreadcrumbList","@id":"https:\/\/hoyre.no\/oslo\/alle-barn-og-unge-skal-kunne-delta-pa-minst-en-fritidsaktivitet\/#breadcrumb","itemListElement":[{"@type":"ListItem","position":1,"name":"Til hoyre.no","item":"https:\/\/hoyre.no"},{"@type":"ListItem","position":2,"name":"Hjem","item":"https:\/\/hoyre.no\/oslo\/"},{"@type":"ListItem","position":3,"name":"Alle barn og unge skal kunne delta p\u00e5 minst \u00e9n fritidsaktivitet"}]},{"@type":"WebSite","@id":"https:\/\/hoyre.no\/oslo\/#website","url":"https:\/\/hoyre.no\/oslo\/","name":"Oslo H\u00f8yre","description":"","publisher":{"@id":"https:\/\/hoyre.no\/oslo\/#organization"},"inLanguage":"nb-NO"},{"@type":"Organization","@id":"https:\/\/hoyre.no\/oslo\/#organization","name":"Oslo H\u00f8yre","url":"https:\/\/hoyre.no\/oslo\/","logo":{"@type":"ImageObject","inLanguage":"nb-NO","@id":"https:\/\/hoyre.no\/oslo\/#\/schema\/logo\/image\/","url":"https:\/\/hoyre.no\/content\/uploads\/sites\/408\/2022\/11\/Hoyres-logo.png","contentUrl":"https:\/\/hoyre.no\/content\/uploads\/sites\/408\/2022\/11\/Hoyres-logo.png","width":1000,"height":1000,"caption":"Oslo H\u00f8yre"},"image":{"@id":"https:\/\/hoyre.no\/oslo\/#\/schema\/logo\/image\/"},"sameAs":["https:\/\/www.facebook.com\/oslo.hoyre"]}]}},"distributor_meta":false,"distributor_terms":false,"distributor_media":false,"distributor_original_site_name":"Oslo H\u00f8yre","distributor_original_site_url":"https:\/\/hoyre.no\/oslo","push-errors":false,"_links":{"self":[{"href":"https:\/\/hoyre.no\/oslo\/wp-json\/wp\/v2\/pages\/4804","targetHints":{"allow":["GET"]}}],"collection":[{"href":"https:\/\/hoyre.no\/oslo\/wp-json\/wp\/v2\/pages"}],"about":[{"href":"https:\/\/hoyre.no\/oslo\/wp-json\/wp\/v2\/types\/page"}],"author":[{"embeddable":true,"href":"https:\/\/hoyre.no\/oslo\/wp-json\/wp\/v2\/users\/31424"}],"replies":[{"embeddable":true,"href":"https:\/\/hoyre.no\/oslo\/wp-json\/wp\/v2\/comments?post=4804"}],"version-history":[{"count":6,"href":"https:\/\/hoyre.no\/oslo\/wp-json\/wp\/v2\/pages\/4804\/revisions"}],"predecessor-version":[{"id":5095,"href":"https:\/\/hoyre.no\/oslo\/wp-json\/wp\/v2\/pages\/4804\/revisions\/5095"}],"wp:attachment":[{"href":"https:\/\/hoyre.no\/oslo\/wp-json\/wp\/v2\/media?parent=4804"}],"curies":[{"name":"wp","href":"https:\/\/api.w.org\/{rel}","templated":true}]}}