{"id":5262,"date":"2023-08-25T12:23:33","date_gmt":"2023-08-25T10:23:33","guid":{"rendered":"https:\/\/hoyre.no\/oslo\/?page_id=5262"},"modified":"2023-08-25T12:40:12","modified_gmt":"2023-08-25T10:40:12","slug":"groruddalen-beboerparkering","status":"publish","type":"page","link":"https:\/\/hoyre.no\/oslo\/groruddalen-beboerparkering\/","title":{"rendered":"Groruddalen beboerparkering"},"content":{"rendered":"\n<div class=\"wp-block-hoyre-hero with-image-gradient text-color-light  has-media alignfull has-background\"><div class=\"hoyre-hero has-image\"><h1 class=\"title\"><strong>Oslo H\u00f8yre vil\u00a0<\/strong><br><strong>sikre gratis\u00a0<\/strong><br><strong>beboerparkering<\/strong><br><strong>\u00a0i Groruddalen<\/strong><\/h1><figure class=\"hoyre-image-wrapper\"><div class=\"hoyre-image\"><img loading=\"lazy\" decoding=\"async\" width=\"1080\" height=\"1080\" src=\"https:\/\/hoyre.no\/content\/uploads\/sites\/408\/2023\/08\/OST-PARKERING-2.png\" class=\"attachment-scaled size-scaled\" alt=\"\" style=\"object-position: 50% 50%\" srcset=\"https:\/\/hoyre.no\/content\/uploads\/sites\/408\/2023\/08\/OST-PARKERING-2.png 1080w, https:\/\/hoyre.no\/content\/uploads\/sites\/408\/2023\/08\/OST-PARKERING-2-300x300.png 300w, https:\/\/hoyre.no\/content\/uploads\/sites\/408\/2023\/08\/OST-PARKERING-2-1024x1024.png 1024w, https:\/\/hoyre.no\/content\/uploads\/sites\/408\/2023\/08\/OST-PARKERING-2-150x150.png 150w, https:\/\/hoyre.no\/content\/uploads\/sites\/408\/2023\/08\/OST-PARKERING-2-768x768.png 768w\" sizes=\"auto, (max-width: 1080px) 100vw, 1080px\" \/><\/div><\/figure><\/div><\/div>\n\n\n\n<h2 class=\"wp-block-heading\" id=\"h-gratis-beboerparkering-i-groruddalen\">Gratis beboerparkering i Groruddalen<\/h2>\n\n\n\n<div class=\"wp-block-hoyre-banner undefined\"><div class=\"banner-inner\"><div class=\"banner-content\"><div class=\"entry-content\">\n<h2 class=\"wp-block-heading\" id=\"h-det-er-pa-tide-med-et-skifte-na\">Det er p\u00e5 tide med et skifte n\u00e5!<\/h2>\n\n\n\n<p>Takket v\u00e6re Arbeiderpartiet, SV og MDG m\u00e5 beboere i Groruddalen betale 3200 kroner for \u00e5 parkere bilen i nabolaget sitt, uten \u00e5 v\u00e6re garantert en parkeringsplass. Oslo H\u00f8yre mener dette vil bidra til \u00e5 \u00f8ke forskjellene mellom folk i Oslo, og vil medf\u00f8re un\u00f8dvendige utgifter i en tid hvor mange allerede strever med \u00f8konomien. H\u00f8yre mener beboerparkering m\u00e5 v\u00e6re gratis i ytre by \u00f8st, i tillegg vil vi redusere prisene i de andre bydelene.<\/p>\n\n\n\n<div class=\"wp-block-buttons is-layout-flex wp-block-buttons-is-layout-flex\"><\/div>\n<\/div><\/div><\/div><\/div>\n\n\n","protected":false},"excerpt":{"rendered":"<p>Gratis beboerparkering i Groruddalen<\/p>\n","protected":false},"author":8443,"featured_media":0,"parent":0,"menu_order":0,"comment_status":"closed","ping_status":"closed","template":"","meta":{"teft_cards_image_url":"","teft_cards_custom_pretitle":"","teft_cards_image_id":5263,"teft_cards_image_focal_point_x":0.5,"teft_cards_image_focal_point_y":0.5,"teft_cards_title":"","teft_cards_excerpt":"","teft_show_chapters":false,"footnotes":""},"class_list":["post-5262","page","type-page","status-publish","hentry"],"yoast_head":"<!-- This site is optimized with the Yoast SEO Premium plugin v26.5 (Yoast SEO v26.6) - https:\/\/yoast.com\/wordpress\/plugins\/seo\/ -->\n<title>Groruddalen beboerparkering - Oslo H\u00f8yre<\/title>\n<meta name=\"description\" content=\"Takket v\u00e6re AP, SV og MDG m\u00e5 beboere i Groruddalen betale 3200 kroner for beboerparkering. Oslo H\u00f8yre vil\u00a0sikre gratis\u00a0beboerparkering.\" \/>\n<meta name=\"robots\" content=\"index, follow, max-snippet:-1, max-image-preview:large, max-video-preview:-1\" \/>\n<link rel=\"canonical\" href=\"https:\/\/hoyre.no\/oslo\/groruddalen-beboerparkering\/\" \/>\n<meta property=\"og:locale\" content=\"nb_NO\" \/>\n<meta property=\"og:type\" content=\"article\" \/>\n<meta property=\"og:title\" content=\"Groruddalen beboerparkering\" \/>\n<meta property=\"og:description\" content=\"Takket v\u00e6re AP, SV og MDG m\u00e5 beboere i Groruddalen betale 3200 kroner for beboerparkering. Oslo H\u00f8yre vil\u00a0sikre gratis\u00a0beboerparkering.\" \/>\n<meta property=\"og:url\" content=\"https:\/\/hoyre.no\/oslo\/groruddalen-beboerparkering\/\" \/>\n<meta property=\"og:site_name\" content=\"Oslo H\u00f8yre\" \/>\n<meta property=\"article:publisher\" content=\"https:\/\/www.facebook.com\/oslo.hoyre\" \/>\n<meta property=\"article:modified_time\" content=\"2023-08-25T10:40:12+00:00\" \/>\n<meta property=\"og:image\" content=\"https:\/\/hoyre.no\/content\/uploads\/sites\/408\/2023\/08\/OST-PARKERING-2.png\" \/>\n\t<meta property=\"og:image:width\" content=\"1080\" \/>\n\t<meta property=\"og:image:height\" content=\"1080\" \/>\n\t<meta property=\"og:image:type\" content=\"image\/png\" \/>\n<meta name=\"twitter:card\" content=\"summary_large_image\" \/>\n<meta name=\"twitter:title\" content=\"Oslo H\u00f8yre vil\u00a0sikre gratis\u00a0beboerparkering i Groruddalen\" \/>\n<meta name=\"twitter:description\" content=\"Takket v\u00e6re Arbeiderpartiet, SV og MDG m\u00e5 beboere i Groruddalen betale 3200 kroner for beboerparkering.\" \/>\n<meta name=\"twitter:label1\" content=\"Ansl. lesetid\" \/>\n\t<meta name=\"twitter:data1\" content=\"1 minutt\" \/>\n<script type=\"application\/ld+json\" class=\"yoast-schema-graph\">{\"@context\":\"https:\/\/schema.org\",\"@graph\":[{\"@type\":\"WebPage\",\"@id\":\"https:\/\/hoyre.no\/oslo\/groruddalen-beboerparkering\/\",\"url\":\"https:\/\/hoyre.no\/oslo\/groruddalen-beboerparkering\/\",\"name\":\"Groruddalen beboerparkering - Oslo H\u00f8yre\",\"isPartOf\":{\"@id\":\"https:\/\/hoyre.no\/oslo\/#website\"},\"datePublished\":\"2023-08-25T10:23:33+00:00\",\"dateModified\":\"2023-08-25T10:40:12+00:00\",\"description\":\"Takket v\u00e6re AP, SV og MDG m\u00e5 beboere i Groruddalen betale 3200 kroner for beboerparkering. Oslo H\u00f8yre vil\u00a0sikre gratis\u00a0beboerparkering.\",\"breadcrumb\":{\"@id\":\"https:\/\/hoyre.no\/oslo\/groruddalen-beboerparkering\/#breadcrumb\"},\"inLanguage\":\"nb-NO\",\"potentialAction\":[{\"@type\":\"ReadAction\",\"target\":[\"https:\/\/hoyre.no\/oslo\/groruddalen-beboerparkering\/\"]}]},{\"@type\":\"BreadcrumbList\",\"@id\":\"https:\/\/hoyre.no\/oslo\/groruddalen-beboerparkering\/#breadcrumb\",\"itemListElement\":[{\"@type\":\"ListItem\",\"position\":1,\"name\":\"Til hoyre.no\",\"item\":\"https:\/\/hoyre.no\"},{\"@type\":\"ListItem\",\"position\":2,\"name\":\"Hjem\",\"item\":\"https:\/\/hoyre.no\/oslo\/\"},{\"@type\":\"ListItem\",\"position\":3,\"name\":\"Groruddalen beboerparkering\"}]},{\"@type\":\"WebSite\",\"@id\":\"https:\/\/hoyre.no\/oslo\/#website\",\"url\":\"https:\/\/hoyre.no\/oslo\/\",\"name\":\"Oslo H\u00f8yre\",\"description\":\"\",\"publisher\":{\"@id\":\"https:\/\/hoyre.no\/oslo\/#organization\"},\"inLanguage\":\"nb-NO\"},{\"@type\":\"Organization\",\"@id\":\"https:\/\/hoyre.no\/oslo\/#organization\",\"name\":\"Oslo H\u00f8yre\",\"url\":\"https:\/\/hoyre.no\/oslo\/\",\"logo\":{\"@type\":\"ImageObject\",\"inLanguage\":\"nb-NO\",\"@id\":\"https:\/\/hoyre.no\/oslo\/#\/schema\/logo\/image\/\",\"url\":\"https:\/\/hoyre.no\/content\/uploads\/sites\/408\/2022\/11\/Hoyres-logo.png\",\"contentUrl\":\"https:\/\/hoyre.no\/content\/uploads\/sites\/408\/2022\/11\/Hoyres-logo.png\",\"width\":1000,\"height\":1000,\"caption\":\"Oslo H\u00f8yre\"},\"image\":{\"@id\":\"https:\/\/hoyre.no\/oslo\/#\/schema\/logo\/image\/\"},\"sameAs\":[\"https:\/\/www.facebook.com\/oslo.hoyre\"]}]}<\/script>\n<!-- \/ Yoast SEO Premium plugin. -->","yoast_head_json":{"title":"Groruddalen beboerparkering - Oslo H\u00f8yre","description":"Takket v\u00e6re AP, SV og MDG m\u00e5 beboere i Groruddalen betale 3200 kroner for beboerparkering. Oslo H\u00f8yre vil\u00a0sikre gratis\u00a0beboerparkering.","robots":{"index":"index","follow":"follow","max-snippet":"max-snippet:-1","max-image-preview":"max-image-preview:large","max-video-preview":"max-video-preview:-1"},"canonical":"https:\/\/hoyre.no\/oslo\/groruddalen-beboerparkering\/","og_locale":"nb_NO","og_type":"article","og_title":"Groruddalen beboerparkering","og_description":"Takket v\u00e6re AP, SV og MDG m\u00e5 beboere i Groruddalen betale 3200 kroner for beboerparkering. Oslo H\u00f8yre vil\u00a0sikre gratis\u00a0beboerparkering.","og_url":"https:\/\/hoyre.no\/oslo\/groruddalen-beboerparkering\/","og_site_name":"Oslo H\u00f8yre","article_publisher":"https:\/\/www.facebook.com\/oslo.hoyre","article_modified_time":"2023-08-25T10:40:12+00:00","og_image":[{"width":1080,"height":1080,"url":"https:\/\/hoyre.no\/content\/uploads\/sites\/408\/2023\/08\/OST-PARKERING-2.png","type":"image\/png"}],"twitter_card":"summary_large_image","twitter_title":"Oslo H\u00f8yre vil\u00a0sikre gratis\u00a0beboerparkering i Groruddalen","twitter_description":"Takket v\u00e6re Arbeiderpartiet, SV og MDG m\u00e5 beboere i Groruddalen betale 3200 kroner for beboerparkering.","twitter_misc":{"Ansl. lesetid":"1 minutt"},"schema":{"@context":"https:\/\/schema.org","@graph":[{"@type":"WebPage","@id":"https:\/\/hoyre.no\/oslo\/groruddalen-beboerparkering\/","url":"https:\/\/hoyre.no\/oslo\/groruddalen-beboerparkering\/","name":"Groruddalen beboerparkering - Oslo H\u00f8yre","isPartOf":{"@id":"https:\/\/hoyre.no\/oslo\/#website"},"datePublished":"2023-08-25T10:23:33+00:00","dateModified":"2023-08-25T10:40:12+00:00","description":"Takket v\u00e6re AP, SV og MDG m\u00e5 beboere i Groruddalen betale 3200 kroner for beboerparkering. Oslo H\u00f8yre vil\u00a0sikre gratis\u00a0beboerparkering.","breadcrumb":{"@id":"https:\/\/hoyre.no\/oslo\/groruddalen-beboerparkering\/#breadcrumb"},"inLanguage":"nb-NO","potentialAction":[{"@type":"ReadAction","target":["https:\/\/hoyre.no\/oslo\/groruddalen-beboerparkering\/"]}]},{"@type":"BreadcrumbList","@id":"https:\/\/hoyre.no\/oslo\/groruddalen-beboerparkering\/#breadcrumb","itemListElement":[{"@type":"ListItem","position":1,"name":"Til hoyre.no","item":"https:\/\/hoyre.no"},{"@type":"ListItem","position":2,"name":"Hjem","item":"https:\/\/hoyre.no\/oslo\/"},{"@type":"ListItem","position":3,"name":"Groruddalen beboerparkering"}]},{"@type":"WebSite","@id":"https:\/\/hoyre.no\/oslo\/#website","url":"https:\/\/hoyre.no\/oslo\/","name":"Oslo H\u00f8yre","description":"","publisher":{"@id":"https:\/\/hoyre.no\/oslo\/#organization"},"inLanguage":"nb-NO"},{"@type":"Organization","@id":"https:\/\/hoyre.no\/oslo\/#organization","name":"Oslo H\u00f8yre","url":"https:\/\/hoyre.no\/oslo\/","logo":{"@type":"ImageObject","inLanguage":"nb-NO","@id":"https:\/\/hoyre.no\/oslo\/#\/schema\/logo\/image\/","url":"https:\/\/hoyre.no\/content\/uploads\/sites\/408\/2022\/11\/Hoyres-logo.png","contentUrl":"https:\/\/hoyre.no\/content\/uploads\/sites\/408\/2022\/11\/Hoyres-logo.png","width":1000,"height":1000,"caption":"Oslo H\u00f8yre"},"image":{"@id":"https:\/\/hoyre.no\/oslo\/#\/schema\/logo\/image\/"},"sameAs":["https:\/\/www.facebook.com\/oslo.hoyre"]}]}},"distributor_meta":false,"distributor_terms":false,"distributor_media":false,"distributor_original_site_name":"Oslo H\u00f8yre","distributor_original_site_url":"https:\/\/hoyre.no\/oslo","push-errors":false,"_links":{"self":[{"href":"https:\/\/hoyre.no\/oslo\/wp-json\/wp\/v2\/pages\/5262","targetHints":{"allow":["GET"]}}],"collection":[{"href":"https:\/\/hoyre.no\/oslo\/wp-json\/wp\/v2\/pages"}],"about":[{"href":"https:\/\/hoyre.no\/oslo\/wp-json\/wp\/v2\/types\/page"}],"author":[{"embeddable":true,"href":"https:\/\/hoyre.no\/oslo\/wp-json\/wp\/v2\/users\/8443"}],"replies":[{"embeddable":true,"href":"https:\/\/hoyre.no\/oslo\/wp-json\/wp\/v2\/comments?post=5262"}],"version-history":[{"count":2,"href":"https:\/\/hoyre.no\/oslo\/wp-json\/wp\/v2\/pages\/5262\/revisions"}],"predecessor-version":[{"id":5268,"href":"https:\/\/hoyre.no\/oslo\/wp-json\/wp\/v2\/pages\/5262\/revisions\/5268"}],"wp:attachment":[{"href":"https:\/\/hoyre.no\/oslo\/wp-json\/wp\/v2\/media?parent=5262"}],"curies":[{"name":"wp","href":"https:\/\/api.w.org\/{rel}","templated":true}]}}