{"id":5414,"date":"2023-10-25T10:01:00","date_gmt":"2023-10-25T08:01:00","guid":{"rendered":"https:\/\/hoyre.no\/oslo\/?page_id=5414"},"modified":"2026-04-08T10:01:05","modified_gmt":"2026-04-08T08:01:05","slug":"byradet","status":"publish","type":"page","link":"https:\/\/hoyre.no\/oslo\/byradet\/","title":{"rendered":"Byr\u00e5det"},"content":{"rendered":"\n<div class=\"wp-block-hoyre-hero with-image-gradient text-color-light  has-media alignfull has-background \"><div class=\"hoyre-hero has-image\"><h1 class=\"title\">Byr\u00e5det<\/h1><p class=\"preamble\">Her finner du oversikt over H\u00f8yres byr\u00e5der og deres sekret\u00e6rer.<\/p>\t\t\t<div class=\"post-meta wp-block teft-byline-wrapper\">\n\t\t\t\t<div class=\"top\">\n\t\t\t\t\t<div class=\"signature\">\n\t\t\t\t\t\t<div class=\"teft-byline\">\n\t\t\t\t\t\t\t\t\t\t\t\t\t\t<div>\n\t\t\t\t\t\t\t\t<h3>H\u00f8yres redaksjon<\/h3>\t\t\t\t\t\t\t\t\n\t\t\t\t\t\t\t\t\t\t\t\t\t\t\t\t\t<span class=\"date\">Sist oppdatert: 8. april 2026<\/span>\n\t\t\t\t\t\t\t\t\t\t\t\t\t\t\t\t\t\t\t\t\t\t\t\t\t<span class=\"reading-time\" itemprop=\"timeRequired\" content=\"PT4M\"><em>Ca. 4 minutter lesetid<\/em><\/span>\n\t\t\t\t\t\t\t\t\t\t\t\t\t\t\t<\/div>\n\t\t\t\t\t\t<\/div>\n\t\t\t\t\t<\/div>\n\t\t\t\t\t\t<div class=\"sharing\">\n\t\t<a class=\"share-button share-link copy-link\" data-copy=\"https:\/\/hoyre.no\/oslo\/byradet\/\" target=\"_blank\"><span class=\"screen-reader-text\">Del link<\/span><\/a>\n\t\t<a class=\"share-button share-twitter\" href=\"http:\/\/twitter.com\/share?text=Byr\u00e5det&#038;url=https:\/\/hoyre.no\/oslo\/byradet\/&#038;hashtags=Hoyre\" target=\"_blank\"><span class=\"screen-reader-text\">Del p\u00e5 twitter<\/span><\/a>\n\t\t<a class=\"share-button share-facebook\" href=\"https:\/\/www.facebook.com\/sharer\/sharer.php?u=https:\/\/hoyre.no\/oslo\/byradet\/\" target=\"_blank\"><span class=\"screen-reader-text\">Del p\u00e5 facebook<\/span><\/a>\n\t<\/div>\n\t\t\t\t\t<\/div>\n\t\t\t<\/div>\n\n\t\t\t<figure class=\"hoyre-image-wrapper\"><div class=\"hoyre-image\"><img loading=\"lazy\" decoding=\"async\" width=\"1280\" height=\"853\" src=\"https:\/\/hoyre.no\/content\/uploads\/sites\/408\/2023\/10\/Byradet-\u2013.jpeg\" class=\"attachment-scaled size-scaled\" alt=\"\" style=\"object-position: 38% 14.000000000000002%\" srcset=\"https:\/\/hoyre.no\/content\/uploads\/sites\/408\/2023\/10\/Byradet-\u2013.jpeg 1280w, https:\/\/hoyre.no\/content\/uploads\/sites\/408\/2023\/10\/Byradet-\u2013-300x200.jpeg 300w, https:\/\/hoyre.no\/content\/uploads\/sites\/408\/2023\/10\/Byradet-\u2013-1024x682.jpeg 1024w, https:\/\/hoyre.no\/content\/uploads\/sites\/408\/2023\/10\/Byradet-\u2013-768x512.jpeg 768w\" sizes=\"auto, (max-width: 1280px) 100vw, 1280px\" \/><\/div><\/figure><\/div><\/div>\n\n\n\n<h1 class=\"wp-block-heading\" id=\"h-byradsleder\">Byr\u00e5dsleder<\/h1>\n\n\n\n<p>Eirik Lae Solberg<\/p>\n\n\n\n<figure class=\"wp-block-image size-large is-resized\"><img loading=\"lazy\" decoding=\"async\" width=\"1024\" height=\"683\" src=\"https:\/\/hoyre.no\/content\/uploads\/sites\/408\/2025\/09\/IMG_8897-1024x683.jpeg\" alt=\"Byr\u00e5dsleder Eirik Lae Solberg\" class=\"wp-image-9368\" style=\"object-fit:cover;width:500px;height:600px\" srcset=\"https:\/\/hoyre.no\/content\/uploads\/sites\/408\/2025\/09\/IMG_8897-1024x683.jpeg 1024w, https:\/\/hoyre.no\/content\/uploads\/sites\/408\/2025\/09\/IMG_8897-300x200.jpeg 300w, https:\/\/hoyre.no\/content\/uploads\/sites\/408\/2025\/09\/IMG_8897-768x512.jpeg 768w, https:\/\/hoyre.no\/content\/uploads\/sites\/408\/2025\/09\/IMG_8897-1536x1024.jpeg 1536w, https:\/\/hoyre.no\/content\/uploads\/sites\/408\/2025\/09\/IMG_8897-2048x1365.jpeg 2048w\" sizes=\"auto, (max-width: 1024px) 100vw, 1024px\" \/><figcaption class=\"wp-element-caption\">Byr\u00e5dsleder Eirik Lae Solberg<\/figcaption><\/figure>\n\n\n\n<p><strong>Byr\u00e5dssekret\u00e6rer byr\u00e5dslederens kontor:<\/strong><\/p>\n\n\n\n<ul class=\"wp-block-list\">\n<li><strong>Stabssjef<\/strong>: <a href=\"https:\/\/hoyre.no\/personprofiler\/kjerstin-owren\/\">Kjerstin Owren&nbsp;<\/a><\/li>\n\n\n\n<li><strong>Byr\u00e5dssekret\u00e6r:<\/strong> <a href=\"https:\/\/hoyre.no\/personprofiler\/rune-dahl\/\">Rune Dahl Frank\u00a0<\/a><\/li>\n\n\n\n<li><strong>Byr\u00e5dssekret\u00e6r: <\/strong><a href=\"https:\/\/hoyre.no\/personprofiler\/petter-haraldsen-haugland\/\">Petter Haraldsen Haugland<\/a><\/li>\n\n\n\n<li><strong>Byr\u00e5dssekret\u00e6r:<\/strong> <a href=\"https:\/\/hoyre.no\/personprofiler\/trude-bakke\/\">Trude Bakke<\/a><\/li>\n<\/ul>\n\n\n\n<h1 class=\"wp-block-heading\" id=\"h-byrad-for-helse\">Byr\u00e5d for helse<\/h1>\n\n\n\n<p>Saliba Andreas Korkunc<\/p>\n\n\n\n<figure class=\"wp-block-image size-large is-resized\"><img loading=\"lazy\" decoding=\"async\" width=\"1024\" height=\"683\" src=\"https:\/\/hoyre.no\/content\/uploads\/sites\/408\/2025\/11\/IMG_9243-1024x683.jpeg\" alt=\"Byr\u00e5d for helse, Saliba Andreas Korkunc\" class=\"wp-image-9482\" style=\"object-fit:cover;width:500px;height:600px\" srcset=\"https:\/\/hoyre.no\/content\/uploads\/sites\/408\/2025\/11\/IMG_9243-1024x683.jpeg 1024w, https:\/\/hoyre.no\/content\/uploads\/sites\/408\/2025\/11\/IMG_9243-300x200.jpeg 300w, https:\/\/hoyre.no\/content\/uploads\/sites\/408\/2025\/11\/IMG_9243-768x512.jpeg 768w, https:\/\/hoyre.no\/content\/uploads\/sites\/408\/2025\/11\/IMG_9243-1536x1024.jpeg 1536w, https:\/\/hoyre.no\/content\/uploads\/sites\/408\/2025\/11\/IMG_9243-2048x1365.jpeg 2048w\" sizes=\"auto, (max-width: 1024px) 100vw, 1024px\" \/><figcaption class=\"wp-element-caption\">Saliba Andreas Korkunc<\/figcaption><\/figure>\n\n\n\n<p><strong>Byr\u00e5dssekret\u00e6rer for helse:&nbsp;<\/strong><\/p>\n\n\n\n<ul class=\"wp-block-list\">\n<li><a href=\"https:\/\/hoyre.no\/personprofiler\/ivar-fossberg-aulie\/\">Ivar Fossberg Aulie<\/a><\/li>\n\n\n\n<li><a href=\"https:\/\/hoyre.no\/personprofiler\/jonas-okland\/\">Jonas \u00d8kland<\/a><\/li>\n<\/ul>\n\n\n\n<h1 class=\"wp-block-heading\" id=\"h-byrad-for-utdanning\">Byr\u00e5d for utdanning<\/h1>\n\n\n\n<p>Julie Remen Midtgarden<\/p>\n\n\n\n<figure class=\"wp-block-image size-large is-resized\"><img loading=\"lazy\" decoding=\"async\" width=\"1024\" height=\"683\" src=\"https:\/\/hoyre.no\/content\/uploads\/sites\/408\/2025\/05\/IMG_6440-1024x683.jpeg\" alt=\"Julie Remen Midtgarden, byr\u00e5d for utdanning\" class=\"wp-image-8860\" style=\"object-fit:cover;width:500px;height:600px\" srcset=\"https:\/\/hoyre.no\/content\/uploads\/sites\/408\/2025\/05\/IMG_6440-1024x683.jpeg 1024w, https:\/\/hoyre.no\/content\/uploads\/sites\/408\/2025\/05\/IMG_6440-300x200.jpeg 300w, https:\/\/hoyre.no\/content\/uploads\/sites\/408\/2025\/05\/IMG_6440-768x512.jpeg 768w, https:\/\/hoyre.no\/content\/uploads\/sites\/408\/2025\/05\/IMG_6440-1536x1024.jpeg 1536w, https:\/\/hoyre.no\/content\/uploads\/sites\/408\/2025\/05\/IMG_6440-2048x1365.jpeg 2048w\" sizes=\"auto, (max-width: 1024px) 100vw, 1024px\" \/><figcaption class=\"wp-element-caption\">Julie Remen Midtgarden<\/figcaption><\/figure>\n\n\n\n<p><strong>Byr\u00e5dssekret\u00e6r for utdanning:<\/strong><\/p>\n\n\n\n<ul class=\"wp-block-list\">\n<li><a href=\"https:\/\/hoyre.no\/personprofiler\/andre-almas-christiansen\/\">Andr\u00e9 Alm\u00e5s Christiansen&nbsp;<\/a><\/li>\n<\/ul>\n\n\n\n<h1 class=\"wp-block-heading\" id=\"h-byrad-for-byutvikling\">Byr\u00e5d for byutvikling<\/h1>\n\n\n\n<p>Anita Leirvik North<\/p>\n\n\n\n<figure class=\"wp-block-image size-large is-resized\"><img loading=\"lazy\" decoding=\"async\" width=\"1024\" height=\"683\" src=\"https:\/\/hoyre.no\/content\/uploads\/sites\/408\/2025\/01\/IMG_5316-1024x683.jpeg\" alt=\"Anita Leirvik North\" class=\"wp-image-8068\" style=\"object-fit:cover;width:500px;height:600px\" srcset=\"https:\/\/hoyre.no\/content\/uploads\/sites\/408\/2025\/01\/IMG_5316-1024x683.jpeg 1024w, https:\/\/hoyre.no\/content\/uploads\/sites\/408\/2025\/01\/IMG_5316-300x200.jpeg 300w, https:\/\/hoyre.no\/content\/uploads\/sites\/408\/2025\/01\/IMG_5316-768x512.jpeg 768w, https:\/\/hoyre.no\/content\/uploads\/sites\/408\/2025\/01\/IMG_5316-1536x1024.jpeg 1536w, https:\/\/hoyre.no\/content\/uploads\/sites\/408\/2025\/01\/IMG_5316-2048x1365.jpeg 2048w\" sizes=\"auto, (max-width: 1024px) 100vw, 1024px\" \/><figcaption class=\"wp-element-caption\">Anita Leirvik North<\/figcaption><\/figure>\n\n\n\n<p><strong>Byr\u00e5dssekret\u00e6r for byutvikling:<\/strong><\/p>\n\n\n\n<ul class=\"wp-block-list\">\n<li><a href=\"https:\/\/hoyre.no\/personprofiler\/kjersti-aastad\/\">Kjersti Aastad<\/a><\/li>\n<\/ul>\n\n\n\n<h1 class=\"wp-block-heading\" id=\"h-byrad-for-kultur-og-naering\"><strong>Byr\u00e5d for kultur og n\u00e6ring<\/strong><\/h1>\n\n\n\n<p>Mehmet Kaan Inan<\/p>\n\n\n\n<figure class=\"wp-block-image size-full is-resized\"><img loading=\"lazy\" decoding=\"async\" width=\"800\" height=\"1000\" src=\"https:\/\/hoyre.no\/content\/uploads\/sites\/408\/2026\/03\/Mehmet-Kaan-Inan.png\" alt=\"\" class=\"wp-image-9860\" style=\"object-fit:cover;width:500px;height:600px\" srcset=\"https:\/\/hoyre.no\/content\/uploads\/sites\/408\/2026\/03\/Mehmet-Kaan-Inan.png 800w, https:\/\/hoyre.no\/content\/uploads\/sites\/408\/2026\/03\/Mehmet-Kaan-Inan-240x300.png 240w, https:\/\/hoyre.no\/content\/uploads\/sites\/408\/2026\/03\/Mehmet-Kaan-Inan-768x960.png 768w\" sizes=\"auto, (max-width: 800px) 100vw, 800px\" \/><figcaption class=\"wp-element-caption\">Mehmet Kaan Inan<\/figcaption><\/figure>\n\n\n\n<p><strong>Byr\u00e5dssekret\u00e6r for kultur og n\u00e6ring:<\/strong><\/p>\n\n\n\n<ul class=\"wp-block-list\">\n<li><a href=\"https:\/\/hoyre.no\/personprofiler\/roble-wehib-jama-wais\/\">Roble Wais<\/a><\/li>\n<\/ul>\n\n\n\n<p>I tillegg til de nevnte over, har H\u00f8yre \u00e9n byr\u00e5dssekret\u00e6r for byr\u00e5d for finans:<\/p>\n\n\n\n<ul class=\"wp-block-list\">\n<li><a href=\"https:\/\/hoyre.no\/personprofiler\/thea-kristine-schjerven\/\">Thea Kristine Schjerven<\/a><\/li>\n<\/ul>\n\n\n\n\n\n\n\n\n\n\n\n\n\n<div class=\"wp-block-hoyre-banner undefined  is-style-blue\"><div class=\"banner-inner\"><figure class=\"hoyre-image-wrapper\"><div class=\"hoyre-image\"><img loading=\"lazy\" decoding=\"async\" width=\"900\" height=\"600\" src=\"https:\/\/hoyre.no\/content\/uploads\/sites\/408\/2023\/10\/oslo-1.png\" class=\"attachment-scaled size-scaled\" alt=\"oslo r\u00e5dhus\" style=\"object-position: 52% 62%\" srcset=\"https:\/\/hoyre.no\/content\/uploads\/sites\/408\/2023\/10\/oslo-1.png 900w, https:\/\/hoyre.no\/content\/uploads\/sites\/408\/2023\/10\/oslo-1-300x200.png 300w, https:\/\/hoyre.no\/content\/uploads\/sites\/408\/2023\/10\/oslo-1-768x512.png 768w\" sizes=\"auto, (max-width: 900px) 100vw, 900px\" \/><\/div><\/figure><div class=\"banner-content\"><div class=\"entry-content\">\n<h2 class=\"wp-block-heading\" id=\"h-byradserklaering-2023-2027\">Byr\u00e5dserkl\u00e6ring 2023-2027<\/h2>\n\n\n\n<p><\/p>\n\n\n\n<div class=\"wp-block-buttons is-layout-flex wp-block-buttons-is-layout-flex\">\n<div class=\"wp-block-button\"><a class=\"wp-block-button__link wp-element-button\" href=\"https:\/\/hoyre.no\/content\/uploads\/sites\/408\/2023\/10\/Hammersborgerklaeringen_24-10-23_Nett53.pdf\">se erkl\u00e6ringen her<\/a><\/div>\n<\/div>\n<\/div><\/div><\/div><\/div>\n\n\n\n<div class=\"wp-block-hoyre-banner undefined  is-style-blue\"><div class=\"banner-inner\"><figure class=\"hoyre-image-wrapper\"><div class=\"hoyre-image\"><img loading=\"lazy\" decoding=\"async\" width=\"900\" height=\"600\" src=\"https:\/\/hoyre.no\/content\/uploads\/sites\/408\/2023\/10\/Samarbeidsavtale.png\" class=\"attachment-scaled size-scaled\" alt=\"Samarbeidsavtale: H\u00f8yre, Venstre, KrF og FrP\" style=\"object-position: 50% 8%\" srcset=\"https:\/\/hoyre.no\/content\/uploads\/sites\/408\/2023\/10\/Samarbeidsavtale.png 900w, https:\/\/hoyre.no\/content\/uploads\/sites\/408\/2023\/10\/Samarbeidsavtale-300x200.png 300w, https:\/\/hoyre.no\/content\/uploads\/sites\/408\/2023\/10\/Samarbeidsavtale-768x512.png 768w\" sizes=\"auto, (max-width: 900px) 100vw, 900px\" \/><\/div><\/figure><div class=\"banner-content\"><div class=\"entry-content\">\n<h2 class=\"wp-block-heading\" id=\"h-samarbeidsavtale-mellom-hoyre-venstre-frp-og-krf\">Samarbeidsavtale mellom H\u00f8yre, Venstre, FRP og KrF<\/h2>\n\n\n\n<p><\/p>\n\n\n\n<div class=\"wp-block-buttons is-layout-flex wp-block-buttons-is-layout-flex\">\n<div class=\"wp-block-button\"><a class=\"wp-block-button__link wp-element-button\" href=\"https:\/\/hoyre.no\/content\/uploads\/sites\/408\/2023\/10\/Avtale-2023-27-med-forside31.pdf\">se avtalen her<\/a><\/div>\n<\/div>\n<\/div><\/div><\/div><\/div>\n\n\n\n<p><\/p>\n\n\n\n<p><\/p>\n\n\n\n<p><\/p>\n","protected":false},"excerpt":{"rendered":"<p>Byr\u00e5dsleder Eirik Lae Solberg Byr\u00e5dssekret\u00e6rer byr\u00e5dslederens kontor: Byr\u00e5d for helse Saliba Andreas Korkunc Byr\u00e5dssekret\u00e6rer for helse:&nbsp; Byr\u00e5d for utdanning Julie Remen Midtgarden Byr\u00e5dssekret\u00e6r for utdanning: Byr\u00e5d for byutvikling Anita Leirvik North Byr\u00e5dssekret\u00e6r for byutvikling: Byr\u00e5d for kultur og n\u00e6ring Mehmet Kaan Inan Byr\u00e5dssekret\u00e6r for kultur og n\u00e6ring: I tillegg til de nevnte over, har H\u00f8yre [&hellip;]<\/p>\n","protected":false},"author":31424,"featured_media":0,"parent":0,"menu_order":0,"comment_status":"closed","ping_status":"closed","template":"","meta":{"teft_cards_image_url":"","teft_cards_custom_pretitle":"","teft_cards_image_id":5484,"teft_cards_image_focal_point_x":0.5,"teft_cards_image_focal_point_y":0.5,"teft_cards_title":"","teft_cards_excerpt":"","teft_show_chapters":false,"footnotes":""},"class_list":["post-5414","page","type-page","status-publish","hentry"],"yoast_head":"<!-- This site is optimized with the Yoast SEO Premium plugin v26.5 (Yoast SEO v26.6) - https:\/\/yoast.com\/wordpress\/plugins\/seo\/ -->\n<title>Byr\u00e5det - Oslo H\u00f8yre<\/title>\n<meta name=\"description\" content=\"Her finner du oversikt over Oslo H\u00f8yres byr\u00e5der, deres byr\u00e5dssekret\u00e6rer samt kontaktinformasjonen deres.\" \/>\n<meta name=\"robots\" content=\"index, follow, max-snippet:-1, max-image-preview:large, max-video-preview:-1\" \/>\n<link rel=\"canonical\" href=\"https:\/\/hoyre.no\/oslo\/byradet\/\" \/>\n<meta property=\"og:locale\" content=\"nb_NO\" \/>\n<meta property=\"og:type\" content=\"article\" \/>\n<meta property=\"og:title\" content=\"Byr\u00e5det\" \/>\n<meta property=\"og:description\" content=\"Her finner du oversikt over Oslo H\u00f8yres byr\u00e5der, deres byr\u00e5dssekret\u00e6rer samt kontaktinformasjonen deres.\" \/>\n<meta property=\"og:url\" content=\"https:\/\/hoyre.no\/oslo\/byradet\/\" \/>\n<meta property=\"og:site_name\" content=\"Oslo H\u00f8yre\" \/>\n<meta property=\"article:publisher\" content=\"https:\/\/www.facebook.com\/oslo.hoyre\" \/>\n<meta property=\"article:modified_time\" content=\"2026-04-08T08:01:05+00:00\" \/>\n<meta property=\"og:image\" content=\"https:\/\/hoyre.no\/content\/uploads\/sites\/408\/2023\/10\/Byra\u030adet-\u2013-1024x682.jpeg\" \/>\n<meta name=\"twitter:card\" content=\"summary_large_image\" \/>\n<meta name=\"twitter:label1\" content=\"Ansl. lesetid\" \/>\n\t<meta name=\"twitter:data1\" content=\"3 minutter\" \/>\n<script type=\"application\/ld+json\" class=\"yoast-schema-graph\">{\"@context\":\"https:\/\/schema.org\",\"@graph\":[{\"@type\":\"WebPage\",\"@id\":\"https:\/\/hoyre.no\/oslo\/byradet\/\",\"url\":\"https:\/\/hoyre.no\/oslo\/byradet\/\",\"name\":\"Byr\u00e5det - Oslo H\u00f8yre\",\"isPartOf\":{\"@id\":\"https:\/\/hoyre.no\/oslo\/#website\"},\"image\":{\"@id\":\"https:\/\/hoyre.no\/oslo\/byradet\/#primaryimage\"},\"thumbnailUrl\":\"https:\/\/hoyre.no\/content\/uploads\/sites\/408\/2025\/09\/IMG_8897-1024x683.jpeg\",\"datePublished\":\"2023-10-25T08:01:00+00:00\",\"dateModified\":\"2026-04-08T08:01:05+00:00\",\"description\":\"Her finner du oversikt over Oslo H\u00f8yres byr\u00e5der, deres byr\u00e5dssekret\u00e6rer samt kontaktinformasjonen deres.\",\"breadcrumb\":{\"@id\":\"https:\/\/hoyre.no\/oslo\/byradet\/#breadcrumb\"},\"inLanguage\":\"nb-NO\",\"potentialAction\":[{\"@type\":\"ReadAction\",\"target\":[\"https:\/\/hoyre.no\/oslo\/byradet\/\"]}]},{\"@type\":\"ImageObject\",\"inLanguage\":\"nb-NO\",\"@id\":\"https:\/\/hoyre.no\/oslo\/byradet\/#primaryimage\",\"url\":\"https:\/\/hoyre.no\/content\/uploads\/sites\/408\/2025\/09\/IMG_8897-1024x683.jpeg\",\"contentUrl\":\"https:\/\/hoyre.no\/content\/uploads\/sites\/408\/2025\/09\/IMG_8897-1024x683.jpeg\"},{\"@type\":\"BreadcrumbList\",\"@id\":\"https:\/\/hoyre.no\/oslo\/byradet\/#breadcrumb\",\"itemListElement\":[{\"@type\":\"ListItem\",\"position\":1,\"name\":\"Til hoyre.no\",\"item\":\"https:\/\/hoyre.no\"},{\"@type\":\"ListItem\",\"position\":2,\"name\":\"Hjem\",\"item\":\"https:\/\/hoyre.no\/oslo\/\"},{\"@type\":\"ListItem\",\"position\":3,\"name\":\"Byr\u00e5det\"}]},{\"@type\":\"WebSite\",\"@id\":\"https:\/\/hoyre.no\/oslo\/#website\",\"url\":\"https:\/\/hoyre.no\/oslo\/\",\"name\":\"Oslo H\u00f8yre\",\"description\":\"\",\"publisher\":{\"@id\":\"https:\/\/hoyre.no\/oslo\/#organization\"},\"inLanguage\":\"nb-NO\"},{\"@type\":\"Organization\",\"@id\":\"https:\/\/hoyre.no\/oslo\/#organization\",\"name\":\"Oslo H\u00f8yre\",\"url\":\"https:\/\/hoyre.no\/oslo\/\",\"logo\":{\"@type\":\"ImageObject\",\"inLanguage\":\"nb-NO\",\"@id\":\"https:\/\/hoyre.no\/oslo\/#\/schema\/logo\/image\/\",\"url\":\"https:\/\/hoyre.no\/content\/uploads\/sites\/408\/2022\/11\/Hoyres-logo.png\",\"contentUrl\":\"https:\/\/hoyre.no\/content\/uploads\/sites\/408\/2022\/11\/Hoyres-logo.png\",\"width\":1000,\"height\":1000,\"caption\":\"Oslo H\u00f8yre\"},\"image\":{\"@id\":\"https:\/\/hoyre.no\/oslo\/#\/schema\/logo\/image\/\"},\"sameAs\":[\"https:\/\/www.facebook.com\/oslo.hoyre\"]}]}<\/script>\n<!-- \/ Yoast SEO Premium plugin. -->","yoast_head_json":{"title":"Byr\u00e5det - Oslo H\u00f8yre","description":"Her finner du oversikt over Oslo H\u00f8yres byr\u00e5der, deres byr\u00e5dssekret\u00e6rer samt kontaktinformasjonen deres.","robots":{"index":"index","follow":"follow","max-snippet":"max-snippet:-1","max-image-preview":"max-image-preview:large","max-video-preview":"max-video-preview:-1"},"canonical":"https:\/\/hoyre.no\/oslo\/byradet\/","og_locale":"nb_NO","og_type":"article","og_title":"Byr\u00e5det","og_description":"Her finner du oversikt over Oslo H\u00f8yres byr\u00e5der, deres byr\u00e5dssekret\u00e6rer samt kontaktinformasjonen deres.","og_url":"https:\/\/hoyre.no\/oslo\/byradet\/","og_site_name":"Oslo H\u00f8yre","article_publisher":"https:\/\/www.facebook.com\/oslo.hoyre","article_modified_time":"2026-04-08T08:01:05+00:00","og_image":[{"url":"https:\/\/hoyre.no\/content\/uploads\/sites\/408\/2023\/10\/Byra\u030adet-\u2013-1024x682.jpeg","width":"","height":"","type":""}],"twitter_card":"summary_large_image","twitter_misc":{"Ansl. lesetid":"3 minutter"},"schema":{"@context":"https:\/\/schema.org","@graph":[{"@type":"WebPage","@id":"https:\/\/hoyre.no\/oslo\/byradet\/","url":"https:\/\/hoyre.no\/oslo\/byradet\/","name":"Byr\u00e5det - Oslo H\u00f8yre","isPartOf":{"@id":"https:\/\/hoyre.no\/oslo\/#website"},"image":{"@id":"https:\/\/hoyre.no\/oslo\/byradet\/#primaryimage"},"thumbnailUrl":"https:\/\/hoyre.no\/content\/uploads\/sites\/408\/2025\/09\/IMG_8897-1024x683.jpeg","datePublished":"2023-10-25T08:01:00+00:00","dateModified":"2026-04-08T08:01:05+00:00","description":"Her finner du oversikt over Oslo H\u00f8yres byr\u00e5der, deres byr\u00e5dssekret\u00e6rer samt kontaktinformasjonen deres.","breadcrumb":{"@id":"https:\/\/hoyre.no\/oslo\/byradet\/#breadcrumb"},"inLanguage":"nb-NO","potentialAction":[{"@type":"ReadAction","target":["https:\/\/hoyre.no\/oslo\/byradet\/"]}]},{"@type":"ImageObject","inLanguage":"nb-NO","@id":"https:\/\/hoyre.no\/oslo\/byradet\/#primaryimage","url":"https:\/\/hoyre.no\/content\/uploads\/sites\/408\/2025\/09\/IMG_8897-1024x683.jpeg","contentUrl":"https:\/\/hoyre.no\/content\/uploads\/sites\/408\/2025\/09\/IMG_8897-1024x683.jpeg"},{"@type":"BreadcrumbList","@id":"https:\/\/hoyre.no\/oslo\/byradet\/#breadcrumb","itemListElement":[{"@type":"ListItem","position":1,"name":"Til hoyre.no","item":"https:\/\/hoyre.no"},{"@type":"ListItem","position":2,"name":"Hjem","item":"https:\/\/hoyre.no\/oslo\/"},{"@type":"ListItem","position":3,"name":"Byr\u00e5det"}]},{"@type":"WebSite","@id":"https:\/\/hoyre.no\/oslo\/#website","url":"https:\/\/hoyre.no\/oslo\/","name":"Oslo H\u00f8yre","description":"","publisher":{"@id":"https:\/\/hoyre.no\/oslo\/#organization"},"inLanguage":"nb-NO"},{"@type":"Organization","@id":"https:\/\/hoyre.no\/oslo\/#organization","name":"Oslo H\u00f8yre","url":"https:\/\/hoyre.no\/oslo\/","logo":{"@type":"ImageObject","inLanguage":"nb-NO","@id":"https:\/\/hoyre.no\/oslo\/#\/schema\/logo\/image\/","url":"https:\/\/hoyre.no\/content\/uploads\/sites\/408\/2022\/11\/Hoyres-logo.png","contentUrl":"https:\/\/hoyre.no\/content\/uploads\/sites\/408\/2022\/11\/Hoyres-logo.png","width":1000,"height":1000,"caption":"Oslo H\u00f8yre"},"image":{"@id":"https:\/\/hoyre.no\/oslo\/#\/schema\/logo\/image\/"},"sameAs":["https:\/\/www.facebook.com\/oslo.hoyre"]}]}},"distributor_meta":false,"distributor_terms":false,"distributor_media":false,"distributor_original_site_name":"Oslo H\u00f8yre","distributor_original_site_url":"https:\/\/hoyre.no\/oslo","push-errors":false,"_links":{"self":[{"href":"https:\/\/hoyre.no\/oslo\/wp-json\/wp\/v2\/pages\/5414","targetHints":{"allow":["GET"]}}],"collection":[{"href":"https:\/\/hoyre.no\/oslo\/wp-json\/wp\/v2\/pages"}],"about":[{"href":"https:\/\/hoyre.no\/oslo\/wp-json\/wp\/v2\/types\/page"}],"author":[{"embeddable":true,"href":"https:\/\/hoyre.no\/oslo\/wp-json\/wp\/v2\/users\/31424"}],"replies":[{"embeddable":true,"href":"https:\/\/hoyre.no\/oslo\/wp-json\/wp\/v2\/comments?post=5414"}],"version-history":[{"count":72,"href":"https:\/\/hoyre.no\/oslo\/wp-json\/wp\/v2\/pages\/5414\/revisions"}],"predecessor-version":[{"id":9955,"href":"https:\/\/hoyre.no\/oslo\/wp-json\/wp\/v2\/pages\/5414\/revisions\/9955"}],"wp:attachment":[{"href":"https:\/\/hoyre.no\/oslo\/wp-json\/wp\/v2\/media?parent=5414"}],"curies":[{"name":"wp","href":"https:\/\/api.w.org\/{rel}","templated":true}]}}