{"id":55,"date":"2022-09-16T15:01:45","date_gmt":"2022-09-16T13:01:45","guid":{"rendered":"https:\/\/hoyre.no\/oslo\/?page_id=55"},"modified":"2022-09-16T15:22:53","modified_gmt":"2022-09-16T13:22:53","slug":"en-aktiv-klima-og-miljopolitikk","status":"publish","type":"page","link":"https:\/\/hoyre.no\/oslo\/politikk\/vaar-politikk\/en-aktiv-klima-og-miljopolitikk\/","title":{"rendered":"En aktiv klima- og milj\u00f8politikk"},"content":{"rendered":"\n<div class=\"wp-block-hoyre-hero with-image-gradient text-color-light  has-media alignfull has-background\"><div class=\"hoyre-hero has-image\"><h1 class=\"title\">En aktiv klima- og milj\u00f8politikk<\/h1><p class=\"preamble\">Oslo H\u00f8yre vil gj\u00f8re det attraktivt og enkelt \u00e5 gj\u00f8re gode milj\u00f8valg i hverdagen.<\/p>\t\t\t<div class=\"post-meta wp-block teft-byline-wrapper\">\n\t\t\t\t<div class=\"top\">\n\t\t\t\t\t<div class=\"signature\">\n\t\t\t\t\t\t<div class=\"teft-byline\">\n\t\t\t\t\t\t\t\t\t\t\t\t\t\t<div>\n\t\t\t\t\t\t\t\t<h3>H\u00f8yres redaksjon<\/h3>\t\t\t\t\t\t\t\t\n\t\t\t\t\t\t\t\t\t\t\t\t\t\t\t\t\t<span class=\"date\">Sist oppdatert: 16. september 2022<\/span>\n\t\t\t\t\t\t\t\t\t\t\t\t\t\t\t\t\t\t\t\t\t\t\t\t\t<span class=\"reading-time\" itemprop=\"timeRequired\" content=\"PT7M\"><em>Ca. 7 minutter lesetid<\/em><\/span>\n\t\t\t\t\t\t\t\t\t\t\t\t\t\t\t<\/div>\n\t\t\t\t\t\t<\/div>\n\t\t\t\t\t<\/div>\n\t\t\t\t\t\t<div class=\"sharing\">\n\t\t<a class=\"share-button share-link copy-link\" data-copy=\"https:\/\/hoyre.no\/oslo\/politikk\/vaar-politikk\/en-aktiv-klima-og-miljopolitikk\/\" target=\"_blank\"><span class=\"screen-reader-text\">Del link<\/span><\/a>\n\t\t<a class=\"share-button share-twitter\" href=\"http:\/\/twitter.com\/share?text=En aktiv klima- og milj\u00f8politikk&#038;url=https:\/\/hoyre.no\/oslo\/politikk\/vaar-politikk\/en-aktiv-klima-og-miljopolitikk\/&#038;hashtags=Hoyre\" target=\"_blank\"><span class=\"screen-reader-text\">Del p\u00e5 twitter<\/span><\/a>\n\t\t<a class=\"share-button share-facebook\" href=\"https:\/\/www.facebook.com\/sharer\/sharer.php?u=https:\/\/hoyre.no\/oslo\/politikk\/vaar-politikk\/en-aktiv-klima-og-miljopolitikk\/\" target=\"_blank\"><span class=\"screen-reader-text\">Del p\u00e5 facebook<\/span><\/a>\n\t<\/div>\n\t\t\t\t\t<\/div>\n\t\t\t<\/div>\n\n\t\t\t<figure class=\"hoyre-image-wrapper\"><div class=\"hoyre-image\"><img loading=\"lazy\" decoding=\"async\" width=\"1920\" height=\"1281\" src=\"https:\/\/hoyre.no\/content\/uploads\/sites\/408\/2022\/09\/Norge-som-et-klimaprogressivt-land-1-e1598366737212.jpg\" class=\"attachment-scaled size-scaled\" alt=\"Gr\u00f8nn eng\" style=\"object-position: 53% 100%\" srcset=\"https:\/\/hoyre.no\/content\/uploads\/sites\/408\/2022\/09\/Norge-som-et-klimaprogressivt-land-1-e1598366737212.jpg 1920w, https:\/\/hoyre.no\/content\/uploads\/sites\/408\/2022\/09\/Norge-som-et-klimaprogressivt-land-1-e1598366737212-300x200.jpg 300w, https:\/\/hoyre.no\/content\/uploads\/sites\/408\/2022\/09\/Norge-som-et-klimaprogressivt-land-1-e1598366737212-1024x683.jpg 1024w, https:\/\/hoyre.no\/content\/uploads\/sites\/408\/2022\/09\/Norge-som-et-klimaprogressivt-land-1-e1598366737212-768x512.jpg 768w, https:\/\/hoyre.no\/content\/uploads\/sites\/408\/2022\/09\/Norge-som-et-klimaprogressivt-land-1-e1598366737212-1536x1025.jpg 1536w\" sizes=\"auto, (max-width: 1920px) 100vw, 1920px\" \/><\/div><\/figure><\/div><\/div>\n\n\n\n\n<p><strong>Oslo skal v\u00e6re verdens mest milj\u00f8- og klimavennlige storby, og byen v\u00e5r er valgt til \u00e5 v\u00e6re Europas milj\u00f8hovedstad i 2019. Det er et resultat av langsiktige og bevisste milj\u00f8prioriteringer i kommunen gjennom mange \u00e5r. Oslo H\u00f8yre vil gj\u00f8re det attraktivt og enkelt \u00e5 gj\u00f8re gode milj\u00f8valg i hverdagen.<\/strong><\/p>\n\n\n\n<h3 class=\"wp-block-heading\"><strong>LOKALE UTSLIPP<\/strong><\/h3>\n\n\n\n<p>Det er et m\u00e5l at Oslo skal redusere klimagassutslippene innen 2030 med 95 prosent fra 1990-niv\u00e5et. For \u00e5 n\u00e5 dette m\u00e5let er det mange tiltak som kan gjennomf\u00f8res p\u00e5 lokalt niv\u00e5, b\u00e5de av kommunen selv og av privatpersoner og n\u00e6ringsliv.<\/p>\n\n\n\n<p>Oslo H\u00f8yre vil:<\/p>\n\n\n\n<ul class=\"wp-block-list\"><li>At alle anleggsplasser i Oslo skal bli fossilfrie innen 2025 og p\u00e5 sikt utslippsfrie. Prioritere byggesakss\u00f8knader fra entrepren\u00f8rer som garanterer fossilfri eller utslippsfri byggeplass.<\/li><li>Sikre at det benyttes nullutslippsferger for fergetrafikken i Indre Oslofjord.<\/li><li>S\u00f8rge for at alle kommunale kj\u00f8ret\u00f8yer er utslippsfrie.<\/li><li>Stille krav om at ferger i rutetrafikk skal benytte landstr\u00f8m ved kai i Oslo innen utgangen av 2020. Arbeide for at alle skip som anl\u00f8per Oslo havn, benytter lavutslippsteknologi ved kai, samt ved inn- og utseiling.<\/li><li>Milj\u00f8differensiere havneavgiften for alle skip som anl\u00f8per Oslo havn.<\/li><li>Etablere landstr\u00f8m for cruiseskip p\u00e5 aktuelle liggeplasser og stille krav om at skipene skal bruke dem.<\/li><li>At alle nye kommunale bygg skal ha pluss- eller null-husstandard.<\/li><li>\u00d8ke bruken av solcellepanel p\u00e5 kommunale tak og fasader.<\/li><li>Oppheve tilknytningsplikten for fjernvarme dersom det dokumenteres bruk av mer milj\u00f8vennlige alternativer.<\/li><li>Styrke Oslos klima- og energifond.<\/li><li>Bruke Oslo kommunes betydelige innkj\u00f8psmakt mer aktivt til \u00e5 fremme milj\u00f8vennlige l\u00f8sninger gjennom \u00e5 styrke innkj\u00f8pskompetansen og stille tydeligere milj\u00f8- og klimakrav ved kommunens anbudsinnbydelser.<\/li><\/ul>\n\n\n\n<h3 class=\"wp-block-heading\">AVFALLSH\u00c5NDTERING<\/h3>\n\n\n\n<p>Det skal v\u00e6re lett \u00e5 ta milj\u00f8vennlige valg i hverdagen. Da m\u00e5 det gj\u00f8res enda enklere enn i dag \u00e5 kildesortere avfallet, b\u00e5de i private husholdninger og i private og kommunale virksomheter.<\/p>\n\n\n\n<p>I dag finnes det mange nyskapende og klimavennlige m\u00e5ter \u00e5 h\u00e5ndtere avfall p\u00e5, og teknologien p\u00e5 feltet er stadig i utvikling. Derfor er det viktig \u00e5 sikre at alle gode krefter kan bidra med effektive og klimavennlige l\u00f8sninger for \u00e5 h\u00e5ndtere Oslos avfall.<\/p>\n\n\n\n<p>Oslo H\u00f8yre vil:<\/p>\n\n\n\n<ul class=\"wp-block-list\"><li>Gjennomf\u00f8re fangst og lagring av karbongasser fra Klemetsrud, i samarbeid med staten og industrielle akt\u00f8rer.<\/li><li>Gj\u00f8re kildesortering i offentlig virksomhet og n\u00e6ringsvirksomhet obligatorisk. Henstille til staten \u00e5 kildesortere i statlige virksomheter i Oslo.<\/li><li>Pr\u00f8ve ut en egen ordning med returpunkt av glass og metall i husholdninger, sameier og borettslag.<\/li><li>Redusere avfallsgebyrer til sameier og borettslag som installerer nedgravde og lukkede avfallsbeholdere.<\/li><li>Supplere s\u00f8ppelb\u00f8ttene i gater og parker med sm\u00e5 returpunkter for glass, plast, papir og tomflasker, og \u00f8ke kapasiteten deres.<\/li><li>Benytte teknologiske l\u00f8sninger for \u00e5 effektivisere renovasjonen, for eksempel for \u00e5 vise n\u00e5r s\u00f8ppelbeholdere er fulle.<\/li><li>Stille krav til redusert matsvinn i kommunale virksomheter, med det m\u00e5l \u00e5 redusere matsvinnet med 50 prosent innen 2030.<\/li><\/ul>\n\n\n\n<h3 class=\"wp-block-heading\">REN BYLUFT<\/h3>\n\n\n\n<p>Oslo skal ha en ren luft som alle kan puste inn uten \u00e5 f\u00e5 helseproblemer. Det m\u00e5 iverksettes flere tiltak for \u00e5 redusere forekomsten av svevest\u00f8v, nitrogenoksid og annen lokal luftforurensing. Det m\u00e5 ogs\u00e5 settes inn s\u00e6rskilte tiltak p\u00e5 dager med h\u00f8y luftforurensning slik at allergikere, barn og eldre kan ferdes utend\u00f8rs hele \u00e5ret.<\/p>\n\n\n\n<p>Oslo H\u00f8yre vil:<\/p>\n\n\n\n<ul class=\"wp-block-list\"><li>Jobbe for alternative traseer for \u00e5 lede gjennomgangstrafikk utenom Oslo.<\/li><li>At det p\u00e5 dager med sv\u00e6rt h\u00f8y luftforurensning og ekstra h\u00f8ye bomtakster skal v\u00e6re gratis \u00e5 velge kollektivtransport.<\/li><li>Stimulere til at mer av tungtransporten p\u00e5 riksveiene gjennom Oslo blir fossilfri, blant annet ved \u00f8kt prisdifferensiering i bomringen.<\/li><li>Forbedre dagens milj\u00f8fartsgrenser slik at de varierer etter varslet luftforurensing istedenfor etter kalenderen.<\/li><li>\u00d8ke frekvensen av veivasking gjennom hele \u00e5ret.<\/li><li>Ha mer effektiv innkreving av piggdekkgebyret i bomringen gjennom automatiske registreringssystemer.<\/li><li>Unders\u00f8ke mulighetene for bedre rensing av luften fra utslippst\u00e5rn fra tunneler i Oslo.<\/li><li>\u00d8ke de kommunale tilskuddene til \u00e5 skifte ut gamle vedovner. Kreve at alle vedovner innenfor Ring 3 m\u00e5 v\u00e6re rentbrennende innen 2030.<\/li><\/ul>\n\n\n\n<h3 class=\"wp-block-heading\">MILJ\u00d8 OG BIOLOGISK MANGFOLD<\/h3>\n\n\n\n<p>Oslo H\u00f8yre vil ta vare p\u00e5 det varierte naturmangfoldet vi har i byen v\u00e5r, og vi skal forvalte byens biologiske mangfold p\u00e5 en b\u00e6rekraftig m\u00e5te. Byens gr\u00f8nne preg skal bevares, ogs\u00e5 for kommende generasjoner. Oslofjorden er rik p\u00e5 biologisk mangfold. For H\u00f8yre er det viktig at det langsiktige arbeidet som har gitt en ren og livskraftig Oslofjord, fortsetter. H\u00f8yre vil derfor styrke innsatsen for \u00e5 redusere plastforurensingen av havet.<\/p>\n\n\n\n<p>Oslo H\u00f8yre vil:<\/p>\n\n\n\n<ul class=\"wp-block-list\"><li>Etablere et treplantingsprogram med vekt p\u00e5 indre by for \u00e5 styrke Oslos gr\u00f8nne preg.<\/li><li>Prioritere arbeid for kartlegging og bevaring av biologisk mangfold i Oslo og Oslofjorden.<\/li><li>Fortsette arbeidet med \u00e5 \u00e5pne bekker og elver i Oslo.<\/li><li>Sikre allemannsretten i strandsonen.<\/li><li>Styrke innsatsen mot plastforurensing og arbeide for fjerning av plastavfall ved sj\u00f8en.<\/li><li>Stille krav om at kommunens virksomheter bytter ut engangsplast med nedbrytbare, milj\u00f8vennlige alternativer der disse finnes.<\/li><li>Ta h\u00f8yde for et klima med \u00f8kende nedb\u00f8rsmengder gjennom st\u00f8rre krav til l\u00f8sninger for overvannsproblematikk, f.eks. fordr\u00f8yningsbassenger og flere gr\u00f8nne tak.<\/li><li>Sikre beredskap og relevante tiltak for \u00e5 h\u00e5ndtere konsekvenser av heteb\u00f8lger og langvarig t\u00f8rke.<\/li><li>Beskytte pollinerende insekter og ivareta gode \u00f8kosystemer i byrommet, bl.a. gjennom insekthoteller.<\/li><li>Legge til rette for parsellhager, skolehager og urbant landbruk, samt bevare kolonihagene.<\/li><li>Arbeide for bedre st\u00f8yskjerming langs riksveiene og jernbanelinjene.<\/li><li>Fortsette arbeidet med \u00e5 fjerne milj\u00f8gifter fra grunnen i gamle industritomter.<\/li><li>Redusere bruken av plastgranulat og redusere avrenningen av granulat fra kunstgressbaner bl.a. gjennom oppsamlingsrister.<\/li><li>Bevare kulturlandskapene Oslo kommune eier, ved \u00e5 leie ut til beitemark. Sette i stand og leie ut eller selge hus i tilknytning til disse omr\u00e5dene.<\/li><\/ul>\n\n\n\n<h3 class=\"wp-block-heading\">BL\u00c5GR\u00d8NNE OSLO<\/h3>\n\n\n\n<p>Parkene, fjorden, elvene og Marka er rekreasjonsomr\u00e5der som er viktige for byen v\u00e5r. For \u00e5 verne de viktigste omr\u00e5dene m\u00e5 vi sikre at de er i aktiv bruk. Marka er flittig brukt av mange. Fjordbyen har gjort sj\u00f8en tilgjengelig for innbyggerne, og havnepromenaden er blitt et popul\u00e6rt omr\u00e5de for store og sm\u00e5. Det er ogs\u00e5 viktig \u00e5 legge til rette for bruk av sj\u00f8en for b\u00e5tfolket. Oslo H\u00f8yre vil at flere skal f\u00e5 tilgang til fjorden, blant annet ved \u00e5 etablere flere b\u00e5tplasser.<\/p>\n\n\n\n<p>Oslo H\u00f8yre vil:<\/p>\n\n\n\n<ul class=\"wp-block-list\"><li>Bevare markagrensen.<\/li><li>Gjen\u00e5pne Akerselva fra Vaterland til Oslo S for \u00e5 ta tilbake Akerselva som ferdsels\u00e5re for sm\u00e5b\u00e5ter. Samtidig etablere gr\u00f8ntdrag langs elven og slik knytte Akerselva sammen med Fjordbyen.<\/li><li>Legge til rette for gode forbindelser fra Kvadraturen og ned til fjorden.<\/li><li>Utarbeide en plan for \u00e5 styrke vernet av \u00d8stensj\u00f8vannet og dets omgivelser.<\/li><li>G\u00e5 i dialog med eieren av Galleri Oslo for \u00e5 frigj\u00f8re og byutvikle et st\u00f8rre parkomr\u00e5de n\u00e5r busstasjonen flyttes. M\u00e5lsetningen er at Galleri Oslo og dagens rampe (Nylandsbrua) rives, og at Vaterlandsparken utvides.<\/li><li>Legge lokk over Majorstuen T-banestasjon og bygge boliger og gr\u00f8ntarealer med sikte p\u00e5 \u00e5 forbinde Frognerparken med Friggfeltet.<\/li><li>Kartlegge hvor det kan etableres flere nye parker i sentrum. Utvikle parkene som gode m\u00f8teplasser for ulike aldersgrupper, med aktiv tilrettelegging for ungdom.<\/li><li>Etablere egne omr\u00e5der for lufting av hunder i de st\u00f8rste parkene.<\/li><li>Videreutvikle et godt, gr\u00f8nt nettverk av turstier og gangstier fra fjorden til Marka. Forbedre turskiltingen.<\/li><li>Innf\u00f8re friluftsporter, begrensede aktivitetsomr\u00e5der ved inngangen til Marka som p\u00e5 Markas premisser inviterer til trening og aktivitet.<\/li><li>Videreutvikle gode turveier langs Oslos sj\u00f8side.<\/li><li>Etablere et nytt sj\u00f8bad p\u00e5 Filipstad. Etablere ny marina og gjestehavn n\u00e5r Filipstad bygges ut.<\/li><li>Bygge anlegg for t\u00f8mming av sanit\u00e6ranlegg fra fritidsb\u00e5ter i Oslofjorden.<\/li><li>I samarbeid med b\u00e5tforeningene etablere flere b\u00e5tplasser, ogs\u00e5 for vinterlagring. Legge bedre til rette for utsetting av fritidsb\u00e5ter.<\/li><li>Stimulere til overgang til elektrifisering av fritidsb\u00e5ter, for eksempel ved \u00e5 st\u00f8tte ladestasjoner i sm\u00e5b\u00e5thavnene.<\/li><li>Etablere kunstige \u00f8yer i Oslofjorden for \u00e5 tilrettelegge for flere badeplasser og sm\u00e5b\u00e5tplasser.<\/li><li>Legge til rette for opprettelse av flere nye b\u00e5tforbindelser i Oslofjorden.<\/li><li>Etablere flere fergebrygger ved badestrendene.<\/li><li>Oppgradere strendene med stupet\u00e5rn, badebrygger og lignende.<\/li><li>Sikre flere tur- og friluftsomr\u00e5der langs Alnaelva, samt forebygge forurensende utslipp.<\/li><li>Arbeide for at flere av byens strender skal tilfredsstille de internasjonale milj\u00f8kravene for en Bl\u00e5tt Flagg-sertifisering.<\/li><\/ul>\n\n","protected":false},"excerpt":{"rendered":"","protected":false},"author":51320,"featured_media":0,"parent":51,"menu_order":0,"comment_status":"closed","ping_status":"closed","template":"","meta":{"teft_cards_image_url":"","teft_cards_custom_pretitle":"","teft_cards_image_id":68,"teft_cards_image_focal_point_x":0.5,"teft_cards_image_focal_point_y":0.5,"teft_cards_title":"","teft_cards_excerpt":"","teft_show_chapters":false,"footnotes":""},"class_list":["post-55","page","type-page","status-publish","hentry"],"yoast_head":"<!-- This site is optimized with the Yoast SEO Premium plugin v26.5 (Yoast SEO v26.6) - https:\/\/yoast.com\/wordpress\/plugins\/seo\/ -->\n<title>En aktiv klima- og milj\u00f8politikk - Oslo H\u00f8yre<\/title>\n<meta name=\"robots\" content=\"index, follow, max-snippet:-1, max-image-preview:large, max-video-preview:-1\" \/>\n<link rel=\"canonical\" href=\"https:\/\/hoyre.no\/oslo\/politikk\/vaar-politikk\/en-aktiv-klima-og-miljopolitikk\/\" \/>\n<meta property=\"og:locale\" content=\"nb_NO\" \/>\n<meta property=\"og:type\" content=\"article\" \/>\n<meta property=\"og:title\" content=\"En aktiv klima- og milj\u00f8politikk\" \/>\n<meta property=\"og:url\" content=\"https:\/\/hoyre.no\/oslo\/politikk\/vaar-politikk\/en-aktiv-klima-og-miljopolitikk\/\" \/>\n<meta property=\"og:site_name\" content=\"Oslo H\u00f8yre\" \/>\n<meta property=\"article:publisher\" content=\"https:\/\/www.facebook.com\/oslo.hoyre\" \/>\n<meta property=\"article:modified_time\" content=\"2022-09-16T13:22:53+00:00\" \/>\n<meta property=\"og:image\" content=\"https:\/\/hoyre.no\/content\/uploads\/sites\/408\/2022\/09\/Norge-som-et-klimaprogressivt-land-1-e1598366737212-1024x683.jpg\" \/>\n<meta name=\"twitter:card\" content=\"summary_large_image\" \/>\n<meta name=\"twitter:label1\" content=\"Ansl. lesetid\" \/>\n\t<meta name=\"twitter:data1\" content=\"8 minutter\" \/>\n<script type=\"application\/ld+json\" class=\"yoast-schema-graph\">{\"@context\":\"https:\/\/schema.org\",\"@graph\":[{\"@type\":\"WebPage\",\"@id\":\"https:\/\/hoyre.no\/oslo\/politikk\/vaar-politikk\/en-aktiv-klima-og-miljopolitikk\/\",\"url\":\"https:\/\/hoyre.no\/oslo\/politikk\/vaar-politikk\/en-aktiv-klima-og-miljopolitikk\/\",\"name\":\"En aktiv klima- og milj\u00f8politikk - Oslo H\u00f8yre\",\"isPartOf\":{\"@id\":\"https:\/\/hoyre.no\/oslo\/#website\"},\"datePublished\":\"2022-09-16T13:01:45+00:00\",\"dateModified\":\"2022-09-16T13:22:53+00:00\",\"breadcrumb\":{\"@id\":\"https:\/\/hoyre.no\/oslo\/politikk\/vaar-politikk\/en-aktiv-klima-og-miljopolitikk\/#breadcrumb\"},\"inLanguage\":\"nb-NO\",\"potentialAction\":[{\"@type\":\"ReadAction\",\"target\":[\"https:\/\/hoyre.no\/oslo\/politikk\/vaar-politikk\/en-aktiv-klima-og-miljopolitikk\/\"]}]},{\"@type\":\"BreadcrumbList\",\"@id\":\"https:\/\/hoyre.no\/oslo\/politikk\/vaar-politikk\/en-aktiv-klima-og-miljopolitikk\/#breadcrumb\",\"itemListElement\":[{\"@type\":\"ListItem\",\"position\":1,\"name\":\"Til hoyre.no\",\"item\":\"https:\/\/hoyre.no\"},{\"@type\":\"ListItem\",\"position\":2,\"name\":\"Hjem\",\"item\":\"https:\/\/hoyre.no\/oslo\/\"},{\"@type\":\"ListItem\",\"position\":3,\"name\":\"Politikk\",\"item\":\"https:\/\/hoyre.no\/oslo\/politikk\/\"},{\"@type\":\"ListItem\",\"position\":4,\"name\":\"V\u00e5r politikk\",\"item\":\"https:\/\/hoyre.no\/oslo\/politikk\/vaar-politikk\/\"},{\"@type\":\"ListItem\",\"position\":5,\"name\":\"En aktiv klima- og milj\u00f8politikk\"}]},{\"@type\":\"WebSite\",\"@id\":\"https:\/\/hoyre.no\/oslo\/#website\",\"url\":\"https:\/\/hoyre.no\/oslo\/\",\"name\":\"Oslo H\u00f8yre\",\"description\":\"\",\"publisher\":{\"@id\":\"https:\/\/hoyre.no\/oslo\/#organization\"},\"inLanguage\":\"nb-NO\"},{\"@type\":\"Organization\",\"@id\":\"https:\/\/hoyre.no\/oslo\/#organization\",\"name\":\"Oslo H\u00f8yre\",\"url\":\"https:\/\/hoyre.no\/oslo\/\",\"logo\":{\"@type\":\"ImageObject\",\"inLanguage\":\"nb-NO\",\"@id\":\"https:\/\/hoyre.no\/oslo\/#\/schema\/logo\/image\/\",\"url\":\"https:\/\/hoyre.no\/content\/uploads\/sites\/408\/2022\/11\/Hoyres-logo.png\",\"contentUrl\":\"https:\/\/hoyre.no\/content\/uploads\/sites\/408\/2022\/11\/Hoyres-logo.png\",\"width\":1000,\"height\":1000,\"caption\":\"Oslo H\u00f8yre\"},\"image\":{\"@id\":\"https:\/\/hoyre.no\/oslo\/#\/schema\/logo\/image\/\"},\"sameAs\":[\"https:\/\/www.facebook.com\/oslo.hoyre\"]}]}<\/script>\n<!-- \/ Yoast SEO Premium plugin. -->","yoast_head_json":{"title":"En aktiv klima- og milj\u00f8politikk - Oslo H\u00f8yre","robots":{"index":"index","follow":"follow","max-snippet":"max-snippet:-1","max-image-preview":"max-image-preview:large","max-video-preview":"max-video-preview:-1"},"canonical":"https:\/\/hoyre.no\/oslo\/politikk\/vaar-politikk\/en-aktiv-klima-og-miljopolitikk\/","og_locale":"nb_NO","og_type":"article","og_title":"En aktiv klima- og milj\u00f8politikk","og_url":"https:\/\/hoyre.no\/oslo\/politikk\/vaar-politikk\/en-aktiv-klima-og-miljopolitikk\/","og_site_name":"Oslo H\u00f8yre","article_publisher":"https:\/\/www.facebook.com\/oslo.hoyre","article_modified_time":"2022-09-16T13:22:53+00:00","og_image":[{"url":"https:\/\/hoyre.no\/content\/uploads\/sites\/408\/2022\/09\/Norge-som-et-klimaprogressivt-land-1-e1598366737212-1024x683.jpg","width":"","height":"","type":""}],"twitter_card":"summary_large_image","twitter_misc":{"Ansl. lesetid":"8 minutter"},"schema":{"@context":"https:\/\/schema.org","@graph":[{"@type":"WebPage","@id":"https:\/\/hoyre.no\/oslo\/politikk\/vaar-politikk\/en-aktiv-klima-og-miljopolitikk\/","url":"https:\/\/hoyre.no\/oslo\/politikk\/vaar-politikk\/en-aktiv-klima-og-miljopolitikk\/","name":"En aktiv klima- og milj\u00f8politikk - Oslo H\u00f8yre","isPartOf":{"@id":"https:\/\/hoyre.no\/oslo\/#website"},"datePublished":"2022-09-16T13:01:45+00:00","dateModified":"2022-09-16T13:22:53+00:00","breadcrumb":{"@id":"https:\/\/hoyre.no\/oslo\/politikk\/vaar-politikk\/en-aktiv-klima-og-miljopolitikk\/#breadcrumb"},"inLanguage":"nb-NO","potentialAction":[{"@type":"ReadAction","target":["https:\/\/hoyre.no\/oslo\/politikk\/vaar-politikk\/en-aktiv-klima-og-miljopolitikk\/"]}]},{"@type":"BreadcrumbList","@id":"https:\/\/hoyre.no\/oslo\/politikk\/vaar-politikk\/en-aktiv-klima-og-miljopolitikk\/#breadcrumb","itemListElement":[{"@type":"ListItem","position":1,"name":"Til hoyre.no","item":"https:\/\/hoyre.no"},{"@type":"ListItem","position":2,"name":"Hjem","item":"https:\/\/hoyre.no\/oslo\/"},{"@type":"ListItem","position":3,"name":"Politikk","item":"https:\/\/hoyre.no\/oslo\/politikk\/"},{"@type":"ListItem","position":4,"name":"V\u00e5r politikk","item":"https:\/\/hoyre.no\/oslo\/politikk\/vaar-politikk\/"},{"@type":"ListItem","position":5,"name":"En aktiv klima- og milj\u00f8politikk"}]},{"@type":"WebSite","@id":"https:\/\/hoyre.no\/oslo\/#website","url":"https:\/\/hoyre.no\/oslo\/","name":"Oslo H\u00f8yre","description":"","publisher":{"@id":"https:\/\/hoyre.no\/oslo\/#organization"},"inLanguage":"nb-NO"},{"@type":"Organization","@id":"https:\/\/hoyre.no\/oslo\/#organization","name":"Oslo H\u00f8yre","url":"https:\/\/hoyre.no\/oslo\/","logo":{"@type":"ImageObject","inLanguage":"nb-NO","@id":"https:\/\/hoyre.no\/oslo\/#\/schema\/logo\/image\/","url":"https:\/\/hoyre.no\/content\/uploads\/sites\/408\/2022\/11\/Hoyres-logo.png","contentUrl":"https:\/\/hoyre.no\/content\/uploads\/sites\/408\/2022\/11\/Hoyres-logo.png","width":1000,"height":1000,"caption":"Oslo H\u00f8yre"},"image":{"@id":"https:\/\/hoyre.no\/oslo\/#\/schema\/logo\/image\/"},"sameAs":["https:\/\/www.facebook.com\/oslo.hoyre"]}]}},"distributor_meta":false,"distributor_terms":false,"distributor_media":false,"distributor_original_site_name":"Oslo H\u00f8yre","distributor_original_site_url":"https:\/\/hoyre.no\/oslo","push-errors":false,"_links":{"self":[{"href":"https:\/\/hoyre.no\/oslo\/wp-json\/wp\/v2\/pages\/55","targetHints":{"allow":["GET"]}}],"collection":[{"href":"https:\/\/hoyre.no\/oslo\/wp-json\/wp\/v2\/pages"}],"about":[{"href":"https:\/\/hoyre.no\/oslo\/wp-json\/wp\/v2\/types\/page"}],"author":[{"embeddable":true,"href":"https:\/\/hoyre.no\/oslo\/wp-json\/wp\/v2\/users\/51320"}],"replies":[{"embeddable":true,"href":"https:\/\/hoyre.no\/oslo\/wp-json\/wp\/v2\/comments?post=55"}],"version-history":[{"count":7,"href":"https:\/\/hoyre.no\/oslo\/wp-json\/wp\/v2\/pages\/55\/revisions"}],"predecessor-version":[{"id":73,"href":"https:\/\/hoyre.no\/oslo\/wp-json\/wp\/v2\/pages\/55\/revisions\/73"}],"up":[{"embeddable":true,"href":"https:\/\/hoyre.no\/oslo\/wp-json\/wp\/v2\/pages\/51"}],"wp:attachment":[{"href":"https:\/\/hoyre.no\/oslo\/wp-json\/wp\/v2\/media?parent=55"}],"curies":[{"name":"wp","href":"https:\/\/api.w.org\/{rel}","templated":true}]}}