{"id":5552,"date":"2023-10-25T17:53:45","date_gmt":"2023-10-25T15:53:45","guid":{"rendered":"https:\/\/hoyre.no\/oslo\/?page_id=5552"},"modified":"2026-03-16T21:26:21","modified_gmt":"2026-03-16T20:26:21","slug":"bystyregruppen","status":"publish","type":"page","link":"https:\/\/hoyre.no\/oslo\/bystyregruppen\/","title":{"rendered":"Bystyregruppen"},"content":{"rendered":"\n<div class=\"wp-block-hoyre-hero text-color-light  has-media alignfull has-background \"><div class=\"hoyre-hero has-image\"><h1 class=\"title\">Bystyrets gruppe<\/h1><p class=\"preamble\">Her finner du kontaktinformasjon til H\u00f8yres ordf\u00f8rer, gruppeleder, gruppenestleder og fraksjonsledere i Oslo.<\/p>\t\t\t<div class=\"post-meta wp-block teft-byline-wrapper\">\n\t\t\t\t<div class=\"top\">\n\t\t\t\t\t<div class=\"signature\">\n\t\t\t\t\t\t<div class=\"teft-byline\">\n\t\t\t\t\t\t\t\t\t\t\t\t\t\t<div>\n\t\t\t\t\t\t\t\t<h3>H\u00f8yres redaksjon<\/h3>\t\t\t\t\t\t\t\t\n\t\t\t\t\t\t\t\t\t\t\t\t\t\t\t\t\t<span class=\"date\">Sist oppdatert: 16. mars 2026<\/span>\n\t\t\t\t\t\t\t\t\t\t\t\t\t\t\t\t\t\t\t\t\t\t\t\t\t<span class=\"reading-time\" itemprop=\"timeRequired\" content=\"PT1M\"><em>Ca. 1 minutter lesetid<\/em><\/span>\n\t\t\t\t\t\t\t\t\t\t\t\t\t\t\t<\/div>\n\t\t\t\t\t\t<\/div>\n\t\t\t\t\t<\/div>\n\t\t\t\t\t\t<div class=\"sharing\">\n\t\t<a class=\"share-button share-link copy-link\" data-copy=\"https:\/\/hoyre.no\/oslo\/bystyregruppen\/\" target=\"_blank\"><span class=\"screen-reader-text\">Del link<\/span><\/a>\n\t\t<a class=\"share-button share-twitter\" href=\"http:\/\/twitter.com\/share?text=Bystyregruppen&#038;url=https:\/\/hoyre.no\/oslo\/bystyregruppen\/&#038;hashtags=Hoyre\" target=\"_blank\"><span class=\"screen-reader-text\">Del p\u00e5 twitter<\/span><\/a>\n\t\t<a class=\"share-button share-facebook\" href=\"https:\/\/www.facebook.com\/sharer\/sharer.php?u=https:\/\/hoyre.no\/oslo\/bystyregruppen\/\" target=\"_blank\"><span class=\"screen-reader-text\">Del p\u00e5 facebook<\/span><\/a>\n\t<\/div>\n\t\t\t\t\t<\/div>\n\t\t\t<\/div>\n\n\t\t\t<figure class=\"hoyre-image-wrapper\"><div class=\"hoyre-image\"><img loading=\"lazy\" decoding=\"async\" width=\"2500\" height=\"1667\" src=\"https:\/\/hoyre.no\/content\/uploads\/sites\/408\/2025\/01\/IMG_3581-scaled.jpg\" class=\"attachment-scaled size-scaled\" alt=\"Oslo H\u00f8yres bystyregruppe 2023-2027\" style=\"object-position: 50% 50%\" srcset=\"https:\/\/hoyre.no\/content\/uploads\/sites\/408\/2025\/01\/IMG_3581-scaled.jpg 2500w, https:\/\/hoyre.no\/content\/uploads\/sites\/408\/2025\/01\/IMG_3581-300x200.jpg 300w, https:\/\/hoyre.no\/content\/uploads\/sites\/408\/2025\/01\/IMG_3581-1024x683.jpg 1024w, https:\/\/hoyre.no\/content\/uploads\/sites\/408\/2025\/01\/IMG_3581-768x512.jpg 768w, https:\/\/hoyre.no\/content\/uploads\/sites\/408\/2025\/01\/IMG_3581-1536x1024.jpg 1536w, https:\/\/hoyre.no\/content\/uploads\/sites\/408\/2025\/01\/IMG_3581-2048x1365.jpg 2048w\" sizes=\"auto, (max-width: 2500px) 100vw, 2500px\" \/><\/div><\/figure><\/div><\/div>\n\n\n\n\n<h2 class=\"wp-block-heading\" id=\"h-ordforer\">Ordf\u00f8rer<\/h2>\n\n\n\n<p>Anne Lindboe<\/p>\n\n\n\n<figure class=\"wp-block-image size-large is-resized\"><img loading=\"lazy\" decoding=\"async\" width=\"1024\" height=\"683\" src=\"https:\/\/hoyre.no\/content\/uploads\/sites\/408\/2023\/05\/IMG_1165-1024x683.jpg\" alt=\"Anne Lindboe\" class=\"wp-image-4508\" style=\"aspect-ratio:16\/9;object-fit:cover;width:701px;height:auto\" srcset=\"https:\/\/hoyre.no\/content\/uploads\/sites\/408\/2023\/05\/IMG_1165-1024x683.jpg 1024w, https:\/\/hoyre.no\/content\/uploads\/sites\/408\/2023\/05\/IMG_1165-300x200.jpg 300w, https:\/\/hoyre.no\/content\/uploads\/sites\/408\/2023\/05\/IMG_1165-768x512.jpg 768w, https:\/\/hoyre.no\/content\/uploads\/sites\/408\/2023\/05\/IMG_1165-1536x1024.jpg 1536w, https:\/\/hoyre.no\/content\/uploads\/sites\/408\/2023\/05\/IMG_1165-2048x1365.jpg 2048w\" sizes=\"auto, (max-width: 1024px) 100vw, 1024px\" \/><\/figure>\n\n\n\n\n<p><strong>Politisk r\u00e5dgiver:<\/strong> <a href=\"https:\/\/hoyre.no\/oslo\/om-oss\/om-oslo-hoyre\/bystyregruppens-sekretariat\/\">Julie Lovise Green Holten<\/a><\/p>\n\n\n\n<h2 class=\"wp-block-heading\" id=\"h-bystyregruppen\">Bystyregruppen<\/h2>\n\n\n\n<p><a href=\"https:\/\/hoyre.no\/personprofiler\/merete-agerbak-jensen\/\">Merete Agerbak-Jensen<\/a> er gruppeleder og leder av finansutvalget. <\/p>\n\n\n\n<p><a href=\"https:\/\/hoyre.no\/personprofiler\/hassan-nawaz\/\">Hassan Nawaz<\/a> er gruppenestleder og fraksjonsleder for milj\u00f8 og samferdsel.\u00a0<\/p>\n\n\n\n<figure class=\"wp-block-image size-full\"><img loading=\"lazy\" decoding=\"async\" width=\"1200\" height=\"800\" src=\"https:\/\/hoyre.no\/content\/uploads\/sites\/408\/2026\/03\/endringer-i-bystyregruppen-1.png\" alt=\"\" class=\"wp-image-9891\" style=\"aspect-ratio:16\/9;object-fit:cover\" srcset=\"https:\/\/hoyre.no\/content\/uploads\/sites\/408\/2026\/03\/endringer-i-bystyregruppen-1.png 1200w, https:\/\/hoyre.no\/content\/uploads\/sites\/408\/2026\/03\/endringer-i-bystyregruppen-1-300x200.png 300w, https:\/\/hoyre.no\/content\/uploads\/sites\/408\/2026\/03\/endringer-i-bystyregruppen-1-1024x683.png 1024w, https:\/\/hoyre.no\/content\/uploads\/sites\/408\/2026\/03\/endringer-i-bystyregruppen-1-768x512.png 768w\" sizes=\"auto, (max-width: 1200px) 100vw, 1200px\" \/><\/figure>\n\n\n\n<h2 class=\"wp-block-heading\" id=\"h-fraksjonsledere\">Fraksjonsledere<\/h2>\n\n\n\n<p><strong>Byutviklingsutvalget: <\/strong><a href=\"https:\/\/hoyre.no\/personprofiler\/ingeborg-tennes\/\">Ingeborg Tennes<\/a><\/p>\n\n\n\n<p><strong>Kultur- og utdanningsutvalget:<\/strong> <a href=\"https:\/\/hoyre.no\/personprofiler\/bjorgulv-vinje-borgundvaag\/\">Bj\u00f8rgulv Vinje Borgundvaag&nbsp;<\/a><\/p>\n\n\n\n<p><strong>Helse- og sosialutvalget:<\/strong> <a href=\"https:\/\/hoyre.no\/personprofiler\/hilde-helland\/\">Hilde Helland&nbsp;<\/a><\/p>\n\n\n\n<p><strong>Gruppesekret\u00e6rer:<\/strong><\/p>\n\n\n\n<ul class=\"wp-block-list\">\n<li><a href=\"https:\/\/hoyre.no\/personprofiler\/marte-helene-mellerud\/\">Marte Mellerud<\/a><\/li>\n\n\n\n<li><a href=\"https:\/\/hoyre.no\/personprofiler\/aga-sadlowska\/\">Aga Sadlowska<\/a><\/li>\n<\/ul>\n\n\n\n<div class=\"wp-block-hoyre-banner undefined  is-style-blue\"><div class=\"banner-inner\"><div class=\"banner-content\"><div class=\"entry-content\">\n<h2 class=\"wp-block-heading\" id=\"h-vil-du-komme-i-kontakt-med-bystyregruppen\">Vil du komme i kontakt med bystyregruppen?<\/h2>\n\n\n\n<div class=\"wp-block-buttons is-layout-flex wp-block-buttons-is-layout-flex\">\n<div class=\"wp-block-button\"><a class=\"wp-block-button__link wp-element-button\" href=\"mailto:hoyre@oslobystyre.no\">Send oss en e-post!<\/a><\/div>\n<\/div>\n<\/div><\/div><\/div><\/div>\n\n\n\n<div class=\"wp-block-columns is-layout-flex wp-container-core-columns-is-layout-9d6595d7 wp-block-columns-is-layout-flex\">\n<div class=\"wp-block-column is-layout-flow wp-block-column-is-layout-flow\"><\/div>\n\n\n\n<div class=\"wp-block-column is-layout-flow wp-block-column-is-layout-flow\"><\/div>\n<\/div>\n","protected":false},"excerpt":{"rendered":"<p>Politisk r\u00e5dgiver: Julie Lovise Green Holten Bystyregruppen Merete Agerbak-Jensen er gruppeleder og leder av finansutvalget. Hassan Nawaz er gruppenestleder og fraksjonsleder for milj\u00f8 og samferdsel.\u00a0 Fraksjonsledere Byutviklingsutvalget: Ingeborg Tennes Kultur- og utdanningsutvalget: Bj\u00f8rgulv Vinje Borgundvaag&nbsp; Helse- og sosialutvalget: Hilde Helland&nbsp; Gruppesekret\u00e6rer:<\/p>\n","protected":false},"author":8443,"featured_media":0,"parent":0,"menu_order":0,"comment_status":"closed","ping_status":"closed","template":"","meta":{"teft_cards_image_url":"","teft_cards_custom_pretitle":"","teft_cards_image_id":5430,"teft_cards_image_focal_point_x":0.77,"teft_cards_image_focal_point_y":0.43,"teft_cards_title":"","teft_cards_excerpt":"","teft_show_chapters":false,"footnotes":""},"class_list":["post-5552","page","type-page","status-publish","hentry"],"yoast_head":"<!-- This site is optimized with the Yoast SEO Premium plugin v26.5 (Yoast SEO v26.6) - https:\/\/yoast.com\/wordpress\/plugins\/seo\/ -->\n<title>Bystyregruppen - Oslo H\u00f8yre<\/title>\n<meta name=\"description\" content=\"Her finner du kontaktinformasjon til H\u00f8yres ordf\u00f8rer, gruppeleder, gruppenestleder og fraksjonsledere i Oslo.\" \/>\n<meta name=\"robots\" content=\"index, follow, max-snippet:-1, max-image-preview:large, max-video-preview:-1\" \/>\n<link rel=\"canonical\" href=\"https:\/\/hoyre.no\/oslo\/bystyregruppen\/\" \/>\n<meta property=\"og:locale\" content=\"nb_NO\" \/>\n<meta property=\"og:type\" content=\"article\" \/>\n<meta property=\"og:title\" content=\"Bystyregruppen\" \/>\n<meta property=\"og:description\" content=\"Her finner du kontaktinformasjon til H\u00f8yres ordf\u00f8rer, gruppeleder, gruppenestleder og fraksjonsledere i Oslo.\" \/>\n<meta property=\"og:url\" content=\"https:\/\/hoyre.no\/oslo\/bystyregruppen\/\" \/>\n<meta property=\"og:site_name\" content=\"Oslo H\u00f8yre\" \/>\n<meta property=\"article:publisher\" content=\"https:\/\/www.facebook.com\/oslo.hoyre\" \/>\n<meta property=\"article:modified_time\" content=\"2026-03-16T20:26:21+00:00\" \/>\n<meta property=\"og:image\" content=\"https:\/\/hoyre.no\/content\/uploads\/sites\/408\/2023\/10\/oslo-1.png\" \/>\n\t<meta property=\"og:image:width\" content=\"900\" \/>\n\t<meta property=\"og:image:height\" content=\"600\" \/>\n\t<meta property=\"og:image:type\" content=\"image\/png\" \/>\n<meta name=\"twitter:card\" content=\"summary_large_image\" \/>\n<meta name=\"twitter:description\" content=\"Her finner du kontaktinformasjon til H\u00f8yres ordf\u00f8rer, gruppeleder, gruppenestleder og fraksjonsledere i Oslo.\" \/>\n<meta name=\"twitter:label1\" content=\"Ansl. lesetid\" \/>\n\t<meta name=\"twitter:data1\" content=\"1 minutt\" \/>\n<script type=\"application\/ld+json\" class=\"yoast-schema-graph\">{\"@context\":\"https:\/\/schema.org\",\"@graph\":[{\"@type\":\"WebPage\",\"@id\":\"https:\/\/hoyre.no\/oslo\/bystyregruppen\/\",\"url\":\"https:\/\/hoyre.no\/oslo\/bystyregruppen\/\",\"name\":\"Bystyregruppen - Oslo H\u00f8yre\",\"isPartOf\":{\"@id\":\"https:\/\/hoyre.no\/oslo\/#website\"},\"image\":{\"@id\":\"https:\/\/hoyre.no\/oslo\/bystyregruppen\/#primaryimage\"},\"thumbnailUrl\":\"https:\/\/hoyre.no\/content\/uploads\/sites\/408\/2023\/05\/IMG_1165-1024x683.jpg\",\"datePublished\":\"2023-10-25T15:53:45+00:00\",\"dateModified\":\"2026-03-16T20:26:21+00:00\",\"description\":\"Her finner du kontaktinformasjon til H\u00f8yres ordf\u00f8rer, gruppeleder, gruppenestleder og fraksjonsledere i Oslo.\",\"breadcrumb\":{\"@id\":\"https:\/\/hoyre.no\/oslo\/bystyregruppen\/#breadcrumb\"},\"inLanguage\":\"nb-NO\",\"potentialAction\":[{\"@type\":\"ReadAction\",\"target\":[\"https:\/\/hoyre.no\/oslo\/bystyregruppen\/\"]}]},{\"@type\":\"ImageObject\",\"inLanguage\":\"nb-NO\",\"@id\":\"https:\/\/hoyre.no\/oslo\/bystyregruppen\/#primaryimage\",\"url\":\"https:\/\/hoyre.no\/content\/uploads\/sites\/408\/2023\/05\/IMG_1165-1024x683.jpg\",\"contentUrl\":\"https:\/\/hoyre.no\/content\/uploads\/sites\/408\/2023\/05\/IMG_1165-1024x683.jpg\"},{\"@type\":\"BreadcrumbList\",\"@id\":\"https:\/\/hoyre.no\/oslo\/bystyregruppen\/#breadcrumb\",\"itemListElement\":[{\"@type\":\"ListItem\",\"position\":1,\"name\":\"Til hoyre.no\",\"item\":\"https:\/\/hoyre.no\"},{\"@type\":\"ListItem\",\"position\":2,\"name\":\"Hjem\",\"item\":\"https:\/\/hoyre.no\/oslo\/\"},{\"@type\":\"ListItem\",\"position\":3,\"name\":\"Bystyregruppen\"}]},{\"@type\":\"WebSite\",\"@id\":\"https:\/\/hoyre.no\/oslo\/#website\",\"url\":\"https:\/\/hoyre.no\/oslo\/\",\"name\":\"Oslo H\u00f8yre\",\"description\":\"\",\"publisher\":{\"@id\":\"https:\/\/hoyre.no\/oslo\/#organization\"},\"inLanguage\":\"nb-NO\"},{\"@type\":\"Organization\",\"@id\":\"https:\/\/hoyre.no\/oslo\/#organization\",\"name\":\"Oslo H\u00f8yre\",\"url\":\"https:\/\/hoyre.no\/oslo\/\",\"logo\":{\"@type\":\"ImageObject\",\"inLanguage\":\"nb-NO\",\"@id\":\"https:\/\/hoyre.no\/oslo\/#\/schema\/logo\/image\/\",\"url\":\"https:\/\/hoyre.no\/content\/uploads\/sites\/408\/2022\/11\/Hoyres-logo.png\",\"contentUrl\":\"https:\/\/hoyre.no\/content\/uploads\/sites\/408\/2022\/11\/Hoyres-logo.png\",\"width\":1000,\"height\":1000,\"caption\":\"Oslo H\u00f8yre\"},\"image\":{\"@id\":\"https:\/\/hoyre.no\/oslo\/#\/schema\/logo\/image\/\"},\"sameAs\":[\"https:\/\/www.facebook.com\/oslo.hoyre\"]}]}<\/script>\n<!-- \/ Yoast SEO Premium plugin. -->","yoast_head_json":{"title":"Bystyregruppen - Oslo H\u00f8yre","description":"Her finner du kontaktinformasjon til H\u00f8yres ordf\u00f8rer, gruppeleder, gruppenestleder og fraksjonsledere i Oslo.","robots":{"index":"index","follow":"follow","max-snippet":"max-snippet:-1","max-image-preview":"max-image-preview:large","max-video-preview":"max-video-preview:-1"},"canonical":"https:\/\/hoyre.no\/oslo\/bystyregruppen\/","og_locale":"nb_NO","og_type":"article","og_title":"Bystyregruppen","og_description":"Her finner du kontaktinformasjon til H\u00f8yres ordf\u00f8rer, gruppeleder, gruppenestleder og fraksjonsledere i Oslo.","og_url":"https:\/\/hoyre.no\/oslo\/bystyregruppen\/","og_site_name":"Oslo H\u00f8yre","article_publisher":"https:\/\/www.facebook.com\/oslo.hoyre","article_modified_time":"2026-03-16T20:26:21+00:00","og_image":[{"width":900,"height":600,"url":"https:\/\/hoyre.no\/content\/uploads\/sites\/408\/2023\/10\/oslo-1.png","type":"image\/png"}],"twitter_card":"summary_large_image","twitter_description":"Her finner du kontaktinformasjon til H\u00f8yres ordf\u00f8rer, gruppeleder, gruppenestleder og fraksjonsledere i Oslo.","twitter_misc":{"Ansl. lesetid":"1 minutt"},"schema":{"@context":"https:\/\/schema.org","@graph":[{"@type":"WebPage","@id":"https:\/\/hoyre.no\/oslo\/bystyregruppen\/","url":"https:\/\/hoyre.no\/oslo\/bystyregruppen\/","name":"Bystyregruppen - Oslo H\u00f8yre","isPartOf":{"@id":"https:\/\/hoyre.no\/oslo\/#website"},"image":{"@id":"https:\/\/hoyre.no\/oslo\/bystyregruppen\/#primaryimage"},"thumbnailUrl":"https:\/\/hoyre.no\/content\/uploads\/sites\/408\/2023\/05\/IMG_1165-1024x683.jpg","datePublished":"2023-10-25T15:53:45+00:00","dateModified":"2026-03-16T20:26:21+00:00","description":"Her finner du kontaktinformasjon til H\u00f8yres ordf\u00f8rer, gruppeleder, gruppenestleder og fraksjonsledere i Oslo.","breadcrumb":{"@id":"https:\/\/hoyre.no\/oslo\/bystyregruppen\/#breadcrumb"},"inLanguage":"nb-NO","potentialAction":[{"@type":"ReadAction","target":["https:\/\/hoyre.no\/oslo\/bystyregruppen\/"]}]},{"@type":"ImageObject","inLanguage":"nb-NO","@id":"https:\/\/hoyre.no\/oslo\/bystyregruppen\/#primaryimage","url":"https:\/\/hoyre.no\/content\/uploads\/sites\/408\/2023\/05\/IMG_1165-1024x683.jpg","contentUrl":"https:\/\/hoyre.no\/content\/uploads\/sites\/408\/2023\/05\/IMG_1165-1024x683.jpg"},{"@type":"BreadcrumbList","@id":"https:\/\/hoyre.no\/oslo\/bystyregruppen\/#breadcrumb","itemListElement":[{"@type":"ListItem","position":1,"name":"Til hoyre.no","item":"https:\/\/hoyre.no"},{"@type":"ListItem","position":2,"name":"Hjem","item":"https:\/\/hoyre.no\/oslo\/"},{"@type":"ListItem","position":3,"name":"Bystyregruppen"}]},{"@type":"WebSite","@id":"https:\/\/hoyre.no\/oslo\/#website","url":"https:\/\/hoyre.no\/oslo\/","name":"Oslo H\u00f8yre","description":"","publisher":{"@id":"https:\/\/hoyre.no\/oslo\/#organization"},"inLanguage":"nb-NO"},{"@type":"Organization","@id":"https:\/\/hoyre.no\/oslo\/#organization","name":"Oslo H\u00f8yre","url":"https:\/\/hoyre.no\/oslo\/","logo":{"@type":"ImageObject","inLanguage":"nb-NO","@id":"https:\/\/hoyre.no\/oslo\/#\/schema\/logo\/image\/","url":"https:\/\/hoyre.no\/content\/uploads\/sites\/408\/2022\/11\/Hoyres-logo.png","contentUrl":"https:\/\/hoyre.no\/content\/uploads\/sites\/408\/2022\/11\/Hoyres-logo.png","width":1000,"height":1000,"caption":"Oslo H\u00f8yre"},"image":{"@id":"https:\/\/hoyre.no\/oslo\/#\/schema\/logo\/image\/"},"sameAs":["https:\/\/www.facebook.com\/oslo.hoyre"]}]}},"distributor_meta":false,"distributor_terms":false,"distributor_media":false,"distributor_original_site_name":"Oslo H\u00f8yre","distributor_original_site_url":"https:\/\/hoyre.no\/oslo","push-errors":false,"_links":{"self":[{"href":"https:\/\/hoyre.no\/oslo\/wp-json\/wp\/v2\/pages\/5552","targetHints":{"allow":["GET"]}}],"collection":[{"href":"https:\/\/hoyre.no\/oslo\/wp-json\/wp\/v2\/pages"}],"about":[{"href":"https:\/\/hoyre.no\/oslo\/wp-json\/wp\/v2\/types\/page"}],"author":[{"embeddable":true,"href":"https:\/\/hoyre.no\/oslo\/wp-json\/wp\/v2\/users\/8443"}],"replies":[{"embeddable":true,"href":"https:\/\/hoyre.no\/oslo\/wp-json\/wp\/v2\/comments?post=5552"}],"version-history":[{"count":20,"href":"https:\/\/hoyre.no\/oslo\/wp-json\/wp\/v2\/pages\/5552\/revisions"}],"predecessor-version":[{"id":9892,"href":"https:\/\/hoyre.no\/oslo\/wp-json\/wp\/v2\/pages\/5552\/revisions\/9892"}],"wp:attachment":[{"href":"https:\/\/hoyre.no\/oslo\/wp-json\/wp\/v2\/media?parent=5552"}],"curies":[{"name":"wp","href":"https:\/\/api.w.org\/{rel}","templated":true}]}}