{"id":57,"date":"2022-09-16T15:02:26","date_gmt":"2022-09-16T13:02:26","guid":{"rendered":"https:\/\/hoyre.no\/oslo\/?page_id=57"},"modified":"2022-09-16T15:35:28","modified_gmt":"2022-09-16T13:35:28","slug":"en-skole-med-like-muligheter-for-alle","status":"publish","type":"page","link":"https:\/\/hoyre.no\/oslo\/politikk\/vaar-politikk\/en-skole-med-like-muligheter-for-alle\/","title":{"rendered":"En skole med like muligheter for alle"},"content":{"rendered":"\n<div class=\"wp-block-hoyre-hero with-image-gradient text-color-light  has-media alignfull has-background\"><div class=\"hoyre-hero has-image\"><h1 class=\"title\">En skole med like muligheter for alle<\/h1><p class=\"preamble\">V\u00e5r viktigste oppgave er \u00e5 sikre gode og trygge oppvekstvilk\u00e5r for alle barn og unge i byen v\u00e5r.<\/p>\t\t\t<div class=\"post-meta wp-block teft-byline-wrapper\">\n\t\t\t\t<div class=\"top\">\n\t\t\t\t\t<div class=\"signature\">\n\t\t\t\t\t\t<div class=\"teft-byline\">\n\t\t\t\t\t\t\t\t\t\t\t\t\t\t<div>\n\t\t\t\t\t\t\t\t<h3>H\u00f8yres redaksjon<\/h3>\t\t\t\t\t\t\t\t\n\t\t\t\t\t\t\t\t\t\t\t\t\t\t\t\t\t<span class=\"date\">Sist oppdatert: 16. september 2022<\/span>\n\t\t\t\t\t\t\t\t\t\t\t\t\t\t\t\t\t\t\t\t\t\t\t\t\t<span class=\"reading-time\" itemprop=\"timeRequired\" content=\"PT1M\"><em>Ca. 1 minutter lesetid<\/em><\/span>\n\t\t\t\t\t\t\t\t\t\t\t\t\t\t\t<\/div>\n\t\t\t\t\t\t<\/div>\n\t\t\t\t\t<\/div>\n\t\t\t\t\t\t<div class=\"sharing\">\n\t\t<a class=\"share-button share-link copy-link\" data-copy=\"https:\/\/hoyre.no\/oslo\/politikk\/vaar-politikk\/en-skole-med-like-muligheter-for-alle\/\" target=\"_blank\"><span class=\"screen-reader-text\">Del link<\/span><\/a>\n\t\t<a class=\"share-button share-twitter\" href=\"http:\/\/twitter.com\/share?text=En skole med like muligheter for alle&#038;url=https:\/\/hoyre.no\/oslo\/politikk\/vaar-politikk\/en-skole-med-like-muligheter-for-alle\/&#038;hashtags=Hoyre\" target=\"_blank\"><span class=\"screen-reader-text\">Del p\u00e5 twitter<\/span><\/a>\n\t\t<a class=\"share-button share-facebook\" href=\"https:\/\/www.facebook.com\/sharer\/sharer.php?u=https:\/\/hoyre.no\/oslo\/politikk\/vaar-politikk\/en-skole-med-like-muligheter-for-alle\/\" target=\"_blank\"><span class=\"screen-reader-text\">Del p\u00e5 facebook<\/span><\/a>\n\t<\/div>\n\t\t\t\t\t<\/div>\n\t\t\t<\/div>\n\n\t\t\t<figure class=\"hoyre-image-wrapper\"><div class=\"hoyre-image\"><img loading=\"lazy\" decoding=\"async\" width=\"1920\" height=\"1280\" src=\"https:\/\/hoyre.no\/content\/uploads\/sites\/408\/2022\/09\/kunnskap.jpg\" class=\"attachment-scaled size-scaled\" alt=\"To kvinnelige elever i en trapp\" style=\"object-position: 54% 28.000000000000004%\" srcset=\"https:\/\/hoyre.no\/content\/uploads\/sites\/408\/2022\/09\/kunnskap.jpg 1920w, https:\/\/hoyre.no\/content\/uploads\/sites\/408\/2022\/09\/kunnskap-300x200.jpg 300w, https:\/\/hoyre.no\/content\/uploads\/sites\/408\/2022\/09\/kunnskap-1024x683.jpg 1024w, https:\/\/hoyre.no\/content\/uploads\/sites\/408\/2022\/09\/kunnskap-768x512.jpg 768w, https:\/\/hoyre.no\/content\/uploads\/sites\/408\/2022\/09\/kunnskap-1536x1024.jpg 1536w\" sizes=\"auto, (max-width: 1920px) 100vw, 1920px\" \/><\/div><\/figure><\/div><\/div>\n\n\n\n\n<p><strong>Enten de heter Ola eller Aisha, om de vokser opp p\u00e5 Holmlia eller i Holmenkollen, om foreldrene deres er r\u00f8rleggere eller revisorer: I Oslo skal alle skolebarn f\u00e5 de samme mulighetene til \u00e5 utvikle sitt potensial.<\/strong><\/p>\n\n\n\n<p>Det viktigste vi kan gj\u00f8re for \u00e5 hindre at noen faller utenfor, er \u00e5 s\u00f8rge for en trygg oppvekst for barn og unge. Skal vi forebygge fattigdom og sosiale forskjeller, m\u00e5 vi sikre at alle som vokser opp i Oslo, f\u00e5r de samme mulighetene til \u00e5 lykkes p\u00e5 skolen. Barn trenger \u00e5 oppleve mestring for \u00e5 l\u00e6re, uansett hva slags bakgrunn de har. Derfor er det avgj\u00f8rende \u00e5 satse p\u00e5 grunnleggende ferdigheter som lesing, skriving og regning. Oslo H\u00f8yre vil ha en skole som legger til rette for at alle kan lykkes \u2013 ogs\u00e5 de som ikke kommer fra ressurssterke hjem.<\/p>\n\n\n\n<figure class=\"wp-block-image size-full\"><img loading=\"lazy\" decoding=\"async\" width=\"1024\" height=\"683\" src=\"https:\/\/hoyre.no\/content\/uploads\/sites\/408\/2022\/09\/elever.jpg\" alt=\"\" class=\"wp-image-92\" srcset=\"https:\/\/hoyre.no\/content\/uploads\/sites\/408\/2022\/09\/elever.jpg 1024w, https:\/\/hoyre.no\/content\/uploads\/sites\/408\/2022\/09\/elever-300x200.jpg 300w, https:\/\/hoyre.no\/content\/uploads\/sites\/408\/2022\/09\/elever-768x512.jpg 768w\" sizes=\"auto, (max-width: 1024px) 100vw, 1024px\" \/><\/figure>\n\n\n\n<h2 class=\"wp-block-heading\">OSLO H\u00d8YRE VIL:<\/h2>\n\n\n\n<ul class=\"wp-block-list\"><li>Kartlegge spr\u00e5kevner allerede i barnehagen, slik at alle som begynner p\u00e5 skolen, kan norsk godt nok til \u00e5 f\u00f8lge undervisningen.<\/li><li>S\u00f8rge for nok l\u00e6rere slik at alle barn blir sett og f\u00e5r den oppf\u00f8lgingen de trenger.<\/li><li>Gjeninnf\u00f8re skriftlig tilbakemelding til alle foreldre med barn i 1.\u201310. klasse hvert halv\u00e5r.<\/li><li>Beholde elevenes rett til \u00e5 velge skole selv, uavhengig av bosted<\/li><\/ul>\n\n","protected":false},"excerpt":{"rendered":"","protected":false},"author":51320,"featured_media":0,"parent":51,"menu_order":0,"comment_status":"closed","ping_status":"closed","template":"","meta":{"teft_cards_image_url":"","teft_cards_custom_pretitle":"","teft_cards_image_id":79,"teft_cards_image_focal_point_x":0.5,"teft_cards_image_focal_point_y":0.5,"teft_cards_title":"","teft_cards_excerpt":"","teft_show_chapters":false,"footnotes":""},"class_list":["post-57","page","type-page","status-publish","hentry"],"yoast_head":"<!-- This site is optimized with the Yoast SEO Premium plugin v26.5 (Yoast SEO v26.6) - https:\/\/yoast.com\/wordpress\/plugins\/seo\/ -->\n<title>En skole med like muligheter for alle - Oslo H\u00f8yre<\/title>\n<meta name=\"robots\" content=\"index, follow, max-snippet:-1, max-image-preview:large, max-video-preview:-1\" \/>\n<link rel=\"canonical\" href=\"https:\/\/hoyre.no\/oslo\/politikk\/vaar-politikk\/en-skole-med-like-muligheter-for-alle\/\" \/>\n<meta property=\"og:locale\" content=\"nb_NO\" \/>\n<meta property=\"og:type\" content=\"article\" \/>\n<meta property=\"og:title\" content=\"En skole med like muligheter for alle\" \/>\n<meta property=\"og:url\" content=\"https:\/\/hoyre.no\/oslo\/politikk\/vaar-politikk\/en-skole-med-like-muligheter-for-alle\/\" \/>\n<meta property=\"og:site_name\" content=\"Oslo H\u00f8yre\" \/>\n<meta property=\"article:publisher\" content=\"https:\/\/www.facebook.com\/oslo.hoyre\" \/>\n<meta property=\"article:modified_time\" content=\"2022-09-16T13:35:28+00:00\" \/>\n<meta property=\"og:image\" content=\"https:\/\/hoyre.no\/content\/uploads\/sites\/408\/2022\/09\/kunnskap-1024x683.jpg\" \/>\n<meta name=\"twitter:card\" content=\"summary_large_image\" \/>\n<meta name=\"twitter:label1\" content=\"Ansl. lesetid\" \/>\n\t<meta name=\"twitter:data1\" content=\"2 minutter\" \/>\n<script type=\"application\/ld+json\" class=\"yoast-schema-graph\">{\"@context\":\"https:\/\/schema.org\",\"@graph\":[{\"@type\":\"WebPage\",\"@id\":\"https:\/\/hoyre.no\/oslo\/politikk\/vaar-politikk\/en-skole-med-like-muligheter-for-alle\/\",\"url\":\"https:\/\/hoyre.no\/oslo\/politikk\/vaar-politikk\/en-skole-med-like-muligheter-for-alle\/\",\"name\":\"En skole med like muligheter for alle - Oslo H\u00f8yre\",\"isPartOf\":{\"@id\":\"https:\/\/hoyre.no\/oslo\/#website\"},\"image\":{\"@id\":\"https:\/\/hoyre.no\/oslo\/politikk\/vaar-politikk\/en-skole-med-like-muligheter-for-alle\/#primaryimage\"},\"thumbnailUrl\":\"https:\/\/hoyre.no\/content\/uploads\/sites\/408\/2022\/09\/elever.jpg\",\"datePublished\":\"2022-09-16T13:02:26+00:00\",\"dateModified\":\"2022-09-16T13:35:28+00:00\",\"breadcrumb\":{\"@id\":\"https:\/\/hoyre.no\/oslo\/politikk\/vaar-politikk\/en-skole-med-like-muligheter-for-alle\/#breadcrumb\"},\"inLanguage\":\"nb-NO\",\"potentialAction\":[{\"@type\":\"ReadAction\",\"target\":[\"https:\/\/hoyre.no\/oslo\/politikk\/vaar-politikk\/en-skole-med-like-muligheter-for-alle\/\"]}]},{\"@type\":\"ImageObject\",\"inLanguage\":\"nb-NO\",\"@id\":\"https:\/\/hoyre.no\/oslo\/politikk\/vaar-politikk\/en-skole-med-like-muligheter-for-alle\/#primaryimage\",\"url\":\"https:\/\/hoyre.no\/content\/uploads\/sites\/408\/2022\/09\/elever.jpg\",\"contentUrl\":\"https:\/\/hoyre.no\/content\/uploads\/sites\/408\/2022\/09\/elever.jpg\"},{\"@type\":\"BreadcrumbList\",\"@id\":\"https:\/\/hoyre.no\/oslo\/politikk\/vaar-politikk\/en-skole-med-like-muligheter-for-alle\/#breadcrumb\",\"itemListElement\":[{\"@type\":\"ListItem\",\"position\":1,\"name\":\"Til hoyre.no\",\"item\":\"https:\/\/hoyre.no\"},{\"@type\":\"ListItem\",\"position\":2,\"name\":\"Hjem\",\"item\":\"https:\/\/hoyre.no\/oslo\/\"},{\"@type\":\"ListItem\",\"position\":3,\"name\":\"Politikk\",\"item\":\"https:\/\/hoyre.no\/oslo\/politikk\/\"},{\"@type\":\"ListItem\",\"position\":4,\"name\":\"V\u00e5r politikk\",\"item\":\"https:\/\/hoyre.no\/oslo\/politikk\/vaar-politikk\/\"},{\"@type\":\"ListItem\",\"position\":5,\"name\":\"En skole med like muligheter for alle\"}]},{\"@type\":\"WebSite\",\"@id\":\"https:\/\/hoyre.no\/oslo\/#website\",\"url\":\"https:\/\/hoyre.no\/oslo\/\",\"name\":\"Oslo H\u00f8yre\",\"description\":\"\",\"publisher\":{\"@id\":\"https:\/\/hoyre.no\/oslo\/#organization\"},\"inLanguage\":\"nb-NO\"},{\"@type\":\"Organization\",\"@id\":\"https:\/\/hoyre.no\/oslo\/#organization\",\"name\":\"Oslo H\u00f8yre\",\"url\":\"https:\/\/hoyre.no\/oslo\/\",\"logo\":{\"@type\":\"ImageObject\",\"inLanguage\":\"nb-NO\",\"@id\":\"https:\/\/hoyre.no\/oslo\/#\/schema\/logo\/image\/\",\"url\":\"https:\/\/hoyre.no\/content\/uploads\/sites\/408\/2022\/11\/Hoyres-logo.png\",\"contentUrl\":\"https:\/\/hoyre.no\/content\/uploads\/sites\/408\/2022\/11\/Hoyres-logo.png\",\"width\":1000,\"height\":1000,\"caption\":\"Oslo H\u00f8yre\"},\"image\":{\"@id\":\"https:\/\/hoyre.no\/oslo\/#\/schema\/logo\/image\/\"},\"sameAs\":[\"https:\/\/www.facebook.com\/oslo.hoyre\"]}]}<\/script>\n<!-- \/ Yoast SEO Premium plugin. -->","yoast_head_json":{"title":"En skole med like muligheter for alle - Oslo H\u00f8yre","robots":{"index":"index","follow":"follow","max-snippet":"max-snippet:-1","max-image-preview":"max-image-preview:large","max-video-preview":"max-video-preview:-1"},"canonical":"https:\/\/hoyre.no\/oslo\/politikk\/vaar-politikk\/en-skole-med-like-muligheter-for-alle\/","og_locale":"nb_NO","og_type":"article","og_title":"En skole med like muligheter for alle","og_url":"https:\/\/hoyre.no\/oslo\/politikk\/vaar-politikk\/en-skole-med-like-muligheter-for-alle\/","og_site_name":"Oslo H\u00f8yre","article_publisher":"https:\/\/www.facebook.com\/oslo.hoyre","article_modified_time":"2022-09-16T13:35:28+00:00","og_image":[{"url":"https:\/\/hoyre.no\/content\/uploads\/sites\/408\/2022\/09\/kunnskap-1024x683.jpg","width":"","height":"","type":""}],"twitter_card":"summary_large_image","twitter_misc":{"Ansl. lesetid":"2 minutter"},"schema":{"@context":"https:\/\/schema.org","@graph":[{"@type":"WebPage","@id":"https:\/\/hoyre.no\/oslo\/politikk\/vaar-politikk\/en-skole-med-like-muligheter-for-alle\/","url":"https:\/\/hoyre.no\/oslo\/politikk\/vaar-politikk\/en-skole-med-like-muligheter-for-alle\/","name":"En skole med like muligheter for alle - Oslo H\u00f8yre","isPartOf":{"@id":"https:\/\/hoyre.no\/oslo\/#website"},"image":{"@id":"https:\/\/hoyre.no\/oslo\/politikk\/vaar-politikk\/en-skole-med-like-muligheter-for-alle\/#primaryimage"},"thumbnailUrl":"https:\/\/hoyre.no\/content\/uploads\/sites\/408\/2022\/09\/elever.jpg","datePublished":"2022-09-16T13:02:26+00:00","dateModified":"2022-09-16T13:35:28+00:00","breadcrumb":{"@id":"https:\/\/hoyre.no\/oslo\/politikk\/vaar-politikk\/en-skole-med-like-muligheter-for-alle\/#breadcrumb"},"inLanguage":"nb-NO","potentialAction":[{"@type":"ReadAction","target":["https:\/\/hoyre.no\/oslo\/politikk\/vaar-politikk\/en-skole-med-like-muligheter-for-alle\/"]}]},{"@type":"ImageObject","inLanguage":"nb-NO","@id":"https:\/\/hoyre.no\/oslo\/politikk\/vaar-politikk\/en-skole-med-like-muligheter-for-alle\/#primaryimage","url":"https:\/\/hoyre.no\/content\/uploads\/sites\/408\/2022\/09\/elever.jpg","contentUrl":"https:\/\/hoyre.no\/content\/uploads\/sites\/408\/2022\/09\/elever.jpg"},{"@type":"BreadcrumbList","@id":"https:\/\/hoyre.no\/oslo\/politikk\/vaar-politikk\/en-skole-med-like-muligheter-for-alle\/#breadcrumb","itemListElement":[{"@type":"ListItem","position":1,"name":"Til hoyre.no","item":"https:\/\/hoyre.no"},{"@type":"ListItem","position":2,"name":"Hjem","item":"https:\/\/hoyre.no\/oslo\/"},{"@type":"ListItem","position":3,"name":"Politikk","item":"https:\/\/hoyre.no\/oslo\/politikk\/"},{"@type":"ListItem","position":4,"name":"V\u00e5r politikk","item":"https:\/\/hoyre.no\/oslo\/politikk\/vaar-politikk\/"},{"@type":"ListItem","position":5,"name":"En skole med like muligheter for alle"}]},{"@type":"WebSite","@id":"https:\/\/hoyre.no\/oslo\/#website","url":"https:\/\/hoyre.no\/oslo\/","name":"Oslo H\u00f8yre","description":"","publisher":{"@id":"https:\/\/hoyre.no\/oslo\/#organization"},"inLanguage":"nb-NO"},{"@type":"Organization","@id":"https:\/\/hoyre.no\/oslo\/#organization","name":"Oslo H\u00f8yre","url":"https:\/\/hoyre.no\/oslo\/","logo":{"@type":"ImageObject","inLanguage":"nb-NO","@id":"https:\/\/hoyre.no\/oslo\/#\/schema\/logo\/image\/","url":"https:\/\/hoyre.no\/content\/uploads\/sites\/408\/2022\/11\/Hoyres-logo.png","contentUrl":"https:\/\/hoyre.no\/content\/uploads\/sites\/408\/2022\/11\/Hoyres-logo.png","width":1000,"height":1000,"caption":"Oslo H\u00f8yre"},"image":{"@id":"https:\/\/hoyre.no\/oslo\/#\/schema\/logo\/image\/"},"sameAs":["https:\/\/www.facebook.com\/oslo.hoyre"]}]}},"distributor_meta":false,"distributor_terms":false,"distributor_media":false,"distributor_original_site_name":"Oslo H\u00f8yre","distributor_original_site_url":"https:\/\/hoyre.no\/oslo","push-errors":false,"_links":{"self":[{"href":"https:\/\/hoyre.no\/oslo\/wp-json\/wp\/v2\/pages\/57","targetHints":{"allow":["GET"]}}],"collection":[{"href":"https:\/\/hoyre.no\/oslo\/wp-json\/wp\/v2\/pages"}],"about":[{"href":"https:\/\/hoyre.no\/oslo\/wp-json\/wp\/v2\/types\/page"}],"author":[{"embeddable":true,"href":"https:\/\/hoyre.no\/oslo\/wp-json\/wp\/v2\/users\/51320"}],"replies":[{"embeddable":true,"href":"https:\/\/hoyre.no\/oslo\/wp-json\/wp\/v2\/comments?post=57"}],"version-history":[{"count":4,"href":"https:\/\/hoyre.no\/oslo\/wp-json\/wp\/v2\/pages\/57\/revisions"}],"predecessor-version":[{"id":93,"href":"https:\/\/hoyre.no\/oslo\/wp-json\/wp\/v2\/pages\/57\/revisions\/93"}],"up":[{"embeddable":true,"href":"https:\/\/hoyre.no\/oslo\/wp-json\/wp\/v2\/pages\/51"}],"wp:attachment":[{"href":"https:\/\/hoyre.no\/oslo\/wp-json\/wp\/v2\/media?parent=57"}],"curies":[{"name":"wp","href":"https:\/\/api.w.org\/{rel}","templated":true}]}}