{"id":6000,"date":"2024-08-05T14:58:03","date_gmt":"2024-08-05T12:58:03","guid":{"rendered":"https:\/\/hoyre.no\/oslo\/?page_id=6000"},"modified":"2024-08-05T14:58:03","modified_gmt":"2024-08-05T12:58:03","slug":"alkoholpolitikk","status":"publish","type":"page","link":"https:\/\/hoyre.no\/oslo\/politikk\/vi-mener\/alkoholpolitikk\/","title":{"rendered":"Alkoholpolitikk"},"content":{"rendered":"\n<div class=\"wp-block-hoyre-hero with-image-gradient text-color-light  has-media alignfull has-background\"><div class=\"hoyre-hero has-image\"><h1 class=\"title\">Liberal og ansvarlig  skjenkepolitikk<\/h1><p class=\"preamble\">Byens restauranter og serveringssteder skaper m\u00f8teplasser og et levende byliv. Oslo H\u00f8yre vil f\u00f8re en liberal og ansvarlig skjenkepolitikk som legger til rette for den seri\u00f8se serveringsn\u00e6ringen, et levende kulturliv og et trygt uteliv. <\/p>\t\t\t<div class=\"post-meta wp-block teft-byline-wrapper\">\n\t\t\t\t<div class=\"top\">\n\t\t\t\t\t<div class=\"signature\">\n\t\t\t\t\t\t<div class=\"teft-byline\">\n\t\t\t\t\t\t\t\t\t\t\t\t\t\t<div>\n\t\t\t\t\t\t\t\t<h3>H\u00f8yres redaksjon<\/h3>\t\t\t\t\t\t\t\t\n\t\t\t\t\t\t\t\t\t\t\t\t\t\t\t\t\t<span class=\"date\">Sist oppdatert: 5. august 2024<\/span>\n\t\t\t\t\t\t\t\t\t\t\t\t\t\t\t\t\t\t\t\t\t\t\t\t\t<span class=\"reading-time\" itemprop=\"timeRequired\" content=\"PT2M\"><em>Ca. 2 minutter lesetid<\/em><\/span>\n\t\t\t\t\t\t\t\t\t\t\t\t\t\t\t<\/div>\n\t\t\t\t\t\t<\/div>\n\t\t\t\t\t<\/div>\n\t\t\t\t\t\t<div class=\"sharing\">\n\t\t<a class=\"share-button share-link copy-link\" data-copy=\"https:\/\/hoyre.no\/oslo\/politikk\/vi-mener\/alkoholpolitikk\/\" target=\"_blank\"><span class=\"screen-reader-text\">Del link<\/span><\/a>\n\t\t<a class=\"share-button share-twitter\" href=\"http:\/\/twitter.com\/share?text=Alkoholpolitikk&#038;url=https:\/\/hoyre.no\/oslo\/politikk\/vi-mener\/alkoholpolitikk\/&#038;hashtags=Hoyre\" target=\"_blank\"><span class=\"screen-reader-text\">Del p\u00e5 twitter<\/span><\/a>\n\t\t<a class=\"share-button share-facebook\" href=\"https:\/\/www.facebook.com\/sharer\/sharer.php?u=https:\/\/hoyre.no\/oslo\/politikk\/vi-mener\/alkoholpolitikk\/\" target=\"_blank\"><span class=\"screen-reader-text\">Del p\u00e5 facebook<\/span><\/a>\n\t<\/div>\n\t\t\t\t\t<\/div>\n\t\t\t<\/div>\n\n\t\t\t<figure class=\"hoyre-image-wrapper\"><div class=\"hoyre-image\"><img loading=\"lazy\" decoding=\"async\" width=\"2500\" height=\"1652\" src=\"https:\/\/hoyre.no\/content\/uploads\/sites\/408\/2023\/01\/otRrW1t8-scaled.jpeg\" class=\"attachment-scaled size-scaled\" alt=\"Park\" style=\"object-position: 50% 50%\" srcset=\"https:\/\/hoyre.no\/content\/uploads\/sites\/408\/2023\/01\/otRrW1t8-scaled.jpeg 2500w, https:\/\/hoyre.no\/content\/uploads\/sites\/408\/2023\/01\/otRrW1t8-300x198.jpeg 300w, https:\/\/hoyre.no\/content\/uploads\/sites\/408\/2023\/01\/otRrW1t8-1024x677.jpeg 1024w, https:\/\/hoyre.no\/content\/uploads\/sites\/408\/2023\/01\/otRrW1t8-768x507.jpeg 768w, https:\/\/hoyre.no\/content\/uploads\/sites\/408\/2023\/01\/otRrW1t8-1536x1015.jpeg 1536w, https:\/\/hoyre.no\/content\/uploads\/sites\/408\/2023\/01\/otRrW1t8-2048x1353.jpeg 2048w\" sizes=\"auto, (max-width: 2500px) 100vw, 2500px\" \/><\/div><\/figure><\/div><\/div>\n\n\n\n\n<p>En liberal og og ansvarlig skjenkepolitikk  skal gjennomf\u00f8res  gjennom \u00e5 sikre seri\u00f8se akt\u00f8rer langsiktige, stabile og gode rammevilk\u00e5r, samtidig som vi bekjemper useri\u00f8se utelivsakt\u00f8rer, blant annet gjennom systematiske kontroller. Skjenkepolitikken skal tahensyn til at byen oppleves som trygg for barn og unge.<\/p>\n\n\n\n<p> Oslo kommune m\u00e5 v\u00e6re im\u00f8tekommende for bransjeutvikling. N\u00e5r en serveringsbedrift ogs\u00e5 kan drive handel, m\u00e5 en handelsbedrift kunne tilby servering, ogs\u00e5 av alkohol. <\/p>\n\n\n\n<p><strong>Oslo H\u00f8yre vil<\/strong><\/p>\n\n\n\n<ul class=\"wp-block-list\">\n<li>gjennomg\u00e5 Oslos regelverk for salgsog skjenkesteder med sikte p\u00e5 \u00e5 utvideskjenketidene<\/li>\n\n\n\n<li>\u00e5pne for \u00e5 gi skjenkebevilling tilhandelsbedrifter som retter seg mot et voksent publikum<\/li>\n\n\n\n<li>tillate alkoholservering p\u00e5 avgrensede omr\u00e5der for voksne p\u00e5 enkelte idrettsarrangement<\/li>\n\n\n\n<li>fjerne de kommunale begrensningene p\u00e5 skjenking av alkohol p\u00e5 1.mai, 17.mai og helligdager<\/li>\n\n\n\n<li>videref\u00f8re samarbeidet med politiet og skatte- og avgiftsmyndighetene for \u00e5 avdekke \u00f8konomisk kriminalitet og brudd p\u00e5 bestemmelser om arbeidsmilj\u00f8 og HMS<\/li>\n<\/ul>\n\n\n\n\n<h2 class=\"wp-block-heading\" id=\"h-ikke-alle-har-hage-eller-balkong\">Ikke alle har hage eller balkong<\/h2>\n\n\n\n<p>Parken er hagen til alle de som ikke har balkong, veranda eller hage selv. Det er hit Oslos innbyggere kommer for \u00e5 sole seg, v\u00e6re sosiale, spille fotball, kubb og andre spill, og det er hit folk kommer for \u00e5 ta seg en pils i godt lag. Men sistnevnt er ikke lov. Det er ikke lov \u00e5 ta seg en pils eller et glass vin p\u00e5 piknik i parken i dag. Dette vil Oslo H\u00f8yre gj\u00f8re noe med. Vi vil la innbyggerne nyte en pils eller to i parken, for det er ikke alle som har mulighet til \u00e5 gj\u00f8re dette hjemme.<\/p>\n\n\n\n<p>Mange som har drukket pils i parken merker at politiet ikke h\u00e5ndhever loven. Politiet har mer enn nok av andre saker \u00e5 prioritere, s\u00e5 hvorfor har vi fortsatt denne loven, dersom den i praksis ikke blir tatt i bruk? Troen p\u00e5 enkeltmennesket st\u00e5r sterkt hos Oslo H\u00f8yre. Derfor har vi tro p\u00e5 at voksne mennesker klarer \u00e5 ta ansvarsfulle valg, ogs\u00e5 i parken. <\/p>\n","protected":false},"excerpt":{"rendered":"<p>Ikke alle har hage eller balkong Parken er hagen til alle de som ikke har balkong, veranda eller hage selv. Det er hit Oslos innbyggere kommer for \u00e5 sole seg, v\u00e6re sosiale, spille fotball, kubb og andre spill, og det er hit folk kommer for \u00e5 ta seg en pils i godt lag. Men sistnevnt [&hellip;]<\/p>\n","protected":false},"author":23018,"featured_media":0,"parent":7021,"menu_order":0,"comment_status":"closed","ping_status":"closed","template":"","meta":{"teft_cards_image_url":"","teft_cards_custom_pretitle":"","teft_cards_image_id":0,"teft_cards_image_focal_point_x":0,"teft_cards_image_focal_point_y":0,"teft_cards_title":"","teft_cards_excerpt":"","teft_show_chapters":false,"footnotes":""},"class_list":["post-6000","page","type-page","status-publish","hentry"],"yoast_head":"<!-- This site is optimized with the Yoast SEO Premium plugin v26.5 (Yoast SEO v26.6) - https:\/\/yoast.com\/wordpress\/plugins\/seo\/ -->\n<title>Alkoholpolitikk - Oslo H\u00f8yre<\/title>\n<meta name=\"robots\" content=\"index, follow, max-snippet:-1, max-image-preview:large, max-video-preview:-1\" \/>\n<link rel=\"canonical\" href=\"https:\/\/hoyre.no\/oslo\/politikk\/vi-mener\/alkoholpolitikk\/\" \/>\n<meta property=\"og:locale\" content=\"nb_NO\" \/>\n<meta property=\"og:type\" content=\"article\" \/>\n<meta property=\"og:title\" content=\"Alkoholpolitikk\" \/>\n<meta property=\"og:description\" content=\"Ikke alle har hage eller balkong Parken er hagen til alle de som ikke har balkong, veranda eller hage selv. Det er hit Oslos innbyggere kommer for \u00e5 sole seg, v\u00e6re sosiale, spille fotball, kubb og andre spill, og det er hit folk kommer for \u00e5 ta seg en pils i godt lag. Men sistnevnt [&hellip;]\" \/>\n<meta property=\"og:url\" content=\"https:\/\/hoyre.no\/oslo\/politikk\/vi-mener\/alkoholpolitikk\/\" \/>\n<meta property=\"og:site_name\" content=\"Oslo H\u00f8yre\" \/>\n<meta property=\"article:publisher\" content=\"https:\/\/www.facebook.com\/oslo.hoyre\" \/>\n<meta property=\"og:image\" content=\"https:\/\/hoyre.no\/content\/uploads\/sites\/408\/2022\/11\/Hoyres-logo.png\" \/>\n\t<meta property=\"og:image:width\" content=\"1000\" \/>\n\t<meta property=\"og:image:height\" content=\"1000\" \/>\n\t<meta property=\"og:image:type\" content=\"image\/png\" \/>\n<meta name=\"twitter:card\" content=\"summary_large_image\" \/>\n<meta name=\"twitter:label1\" content=\"Ansl. lesetid\" \/>\n\t<meta name=\"twitter:data1\" content=\"2 minutter\" \/>\n<script type=\"application\/ld+json\" class=\"yoast-schema-graph\">{\"@context\":\"https:\/\/schema.org\",\"@graph\":[{\"@type\":\"WebPage\",\"@id\":\"https:\/\/hoyre.no\/oslo\/politikk\/vi-mener\/alkoholpolitikk\/\",\"url\":\"https:\/\/hoyre.no\/oslo\/politikk\/vi-mener\/alkoholpolitikk\/\",\"name\":\"Alkoholpolitikk - Oslo H\u00f8yre\",\"isPartOf\":{\"@id\":\"https:\/\/hoyre.no\/oslo\/#website\"},\"datePublished\":\"2024-08-05T12:58:03+00:00\",\"breadcrumb\":{\"@id\":\"https:\/\/hoyre.no\/oslo\/politikk\/vi-mener\/alkoholpolitikk\/#breadcrumb\"},\"inLanguage\":\"nb-NO\",\"potentialAction\":[{\"@type\":\"ReadAction\",\"target\":[\"https:\/\/hoyre.no\/oslo\/politikk\/vi-mener\/alkoholpolitikk\/\"]}]},{\"@type\":\"BreadcrumbList\",\"@id\":\"https:\/\/hoyre.no\/oslo\/politikk\/vi-mener\/alkoholpolitikk\/#breadcrumb\",\"itemListElement\":[{\"@type\":\"ListItem\",\"position\":1,\"name\":\"Til hoyre.no\",\"item\":\"https:\/\/hoyre.no\"},{\"@type\":\"ListItem\",\"position\":2,\"name\":\"Hjem\",\"item\":\"https:\/\/hoyre.no\/oslo\/\"},{\"@type\":\"ListItem\",\"position\":3,\"name\":\"Politikk\",\"item\":\"https:\/\/hoyre.no\/oslo\/politikk\/\"},{\"@type\":\"ListItem\",\"position\":4,\"name\":\"Vi mener\",\"item\":\"https:\/\/hoyre.no\/oslo\/politikk\/vi-mener\/\"},{\"@type\":\"ListItem\",\"position\":5,\"name\":\"Alkoholpolitikk\"}]},{\"@type\":\"WebSite\",\"@id\":\"https:\/\/hoyre.no\/oslo\/#website\",\"url\":\"https:\/\/hoyre.no\/oslo\/\",\"name\":\"Oslo H\u00f8yre\",\"description\":\"\",\"publisher\":{\"@id\":\"https:\/\/hoyre.no\/oslo\/#organization\"},\"inLanguage\":\"nb-NO\"},{\"@type\":\"Organization\",\"@id\":\"https:\/\/hoyre.no\/oslo\/#organization\",\"name\":\"Oslo H\u00f8yre\",\"url\":\"https:\/\/hoyre.no\/oslo\/\",\"logo\":{\"@type\":\"ImageObject\",\"inLanguage\":\"nb-NO\",\"@id\":\"https:\/\/hoyre.no\/oslo\/#\/schema\/logo\/image\/\",\"url\":\"https:\/\/hoyre.no\/content\/uploads\/sites\/408\/2022\/11\/Hoyres-logo.png\",\"contentUrl\":\"https:\/\/hoyre.no\/content\/uploads\/sites\/408\/2022\/11\/Hoyres-logo.png\",\"width\":1000,\"height\":1000,\"caption\":\"Oslo H\u00f8yre\"},\"image\":{\"@id\":\"https:\/\/hoyre.no\/oslo\/#\/schema\/logo\/image\/\"},\"sameAs\":[\"https:\/\/www.facebook.com\/oslo.hoyre\"]}]}<\/script>\n<!-- \/ Yoast SEO Premium plugin. -->","yoast_head_json":{"title":"Alkoholpolitikk - Oslo H\u00f8yre","robots":{"index":"index","follow":"follow","max-snippet":"max-snippet:-1","max-image-preview":"max-image-preview:large","max-video-preview":"max-video-preview:-1"},"canonical":"https:\/\/hoyre.no\/oslo\/politikk\/vi-mener\/alkoholpolitikk\/","og_locale":"nb_NO","og_type":"article","og_title":"Alkoholpolitikk","og_description":"Ikke alle har hage eller balkong Parken er hagen til alle de som ikke har balkong, veranda eller hage selv. Det er hit Oslos innbyggere kommer for \u00e5 sole seg, v\u00e6re sosiale, spille fotball, kubb og andre spill, og det er hit folk kommer for \u00e5 ta seg en pils i godt lag. Men sistnevnt [&hellip;]","og_url":"https:\/\/hoyre.no\/oslo\/politikk\/vi-mener\/alkoholpolitikk\/","og_site_name":"Oslo H\u00f8yre","article_publisher":"https:\/\/www.facebook.com\/oslo.hoyre","og_image":[{"width":1000,"height":1000,"url":"https:\/\/hoyre.no\/content\/uploads\/sites\/408\/2022\/11\/Hoyres-logo.png","type":"image\/png"}],"twitter_card":"summary_large_image","twitter_misc":{"Ansl. lesetid":"2 minutter"},"schema":{"@context":"https:\/\/schema.org","@graph":[{"@type":"WebPage","@id":"https:\/\/hoyre.no\/oslo\/politikk\/vi-mener\/alkoholpolitikk\/","url":"https:\/\/hoyre.no\/oslo\/politikk\/vi-mener\/alkoholpolitikk\/","name":"Alkoholpolitikk - Oslo H\u00f8yre","isPartOf":{"@id":"https:\/\/hoyre.no\/oslo\/#website"},"datePublished":"2024-08-05T12:58:03+00:00","breadcrumb":{"@id":"https:\/\/hoyre.no\/oslo\/politikk\/vi-mener\/alkoholpolitikk\/#breadcrumb"},"inLanguage":"nb-NO","potentialAction":[{"@type":"ReadAction","target":["https:\/\/hoyre.no\/oslo\/politikk\/vi-mener\/alkoholpolitikk\/"]}]},{"@type":"BreadcrumbList","@id":"https:\/\/hoyre.no\/oslo\/politikk\/vi-mener\/alkoholpolitikk\/#breadcrumb","itemListElement":[{"@type":"ListItem","position":1,"name":"Til hoyre.no","item":"https:\/\/hoyre.no"},{"@type":"ListItem","position":2,"name":"Hjem","item":"https:\/\/hoyre.no\/oslo\/"},{"@type":"ListItem","position":3,"name":"Politikk","item":"https:\/\/hoyre.no\/oslo\/politikk\/"},{"@type":"ListItem","position":4,"name":"Vi mener","item":"https:\/\/hoyre.no\/oslo\/politikk\/vi-mener\/"},{"@type":"ListItem","position":5,"name":"Alkoholpolitikk"}]},{"@type":"WebSite","@id":"https:\/\/hoyre.no\/oslo\/#website","url":"https:\/\/hoyre.no\/oslo\/","name":"Oslo H\u00f8yre","description":"","publisher":{"@id":"https:\/\/hoyre.no\/oslo\/#organization"},"inLanguage":"nb-NO"},{"@type":"Organization","@id":"https:\/\/hoyre.no\/oslo\/#organization","name":"Oslo H\u00f8yre","url":"https:\/\/hoyre.no\/oslo\/","logo":{"@type":"ImageObject","inLanguage":"nb-NO","@id":"https:\/\/hoyre.no\/oslo\/#\/schema\/logo\/image\/","url":"https:\/\/hoyre.no\/content\/uploads\/sites\/408\/2022\/11\/Hoyres-logo.png","contentUrl":"https:\/\/hoyre.no\/content\/uploads\/sites\/408\/2022\/11\/Hoyres-logo.png","width":1000,"height":1000,"caption":"Oslo H\u00f8yre"},"image":{"@id":"https:\/\/hoyre.no\/oslo\/#\/schema\/logo\/image\/"},"sameAs":["https:\/\/www.facebook.com\/oslo.hoyre"]}]}},"distributor_meta":false,"distributor_terms":false,"distributor_media":false,"distributor_original_site_name":"Oslo H\u00f8yre","distributor_original_site_url":"https:\/\/hoyre.no\/oslo","push-errors":false,"_links":{"self":[{"href":"https:\/\/hoyre.no\/oslo\/wp-json\/wp\/v2\/pages\/6000","targetHints":{"allow":["GET"]}}],"collection":[{"href":"https:\/\/hoyre.no\/oslo\/wp-json\/wp\/v2\/pages"}],"about":[{"href":"https:\/\/hoyre.no\/oslo\/wp-json\/wp\/v2\/types\/page"}],"author":[{"embeddable":true,"href":"https:\/\/hoyre.no\/oslo\/wp-json\/wp\/v2\/users\/23018"}],"replies":[{"embeddable":true,"href":"https:\/\/hoyre.no\/oslo\/wp-json\/wp\/v2\/comments?post=6000"}],"version-history":[{"count":1,"href":"https:\/\/hoyre.no\/oslo\/wp-json\/wp\/v2\/pages\/6000\/revisions"}],"predecessor-version":[{"id":7042,"href":"https:\/\/hoyre.no\/oslo\/wp-json\/wp\/v2\/pages\/6000\/revisions\/7042"}],"up":[{"embeddable":true,"href":"https:\/\/hoyre.no\/oslo\/wp-json\/wp\/v2\/pages\/7021"}],"wp:attachment":[{"href":"https:\/\/hoyre.no\/oslo\/wp-json\/wp\/v2\/media?parent=6000"}],"curies":[{"name":"wp","href":"https:\/\/api.w.org\/{rel}","templated":true}]}}