{"id":6030,"date":"2024-02-28T15:18:14","date_gmt":"2024-02-28T14:18:14","guid":{"rendered":"https:\/\/hoyre.no\/oslo\/?page_id=6030"},"modified":"2026-04-15T14:46:25","modified_gmt":"2026-04-15T12:46:25","slug":"vi-vil-ha-dine-forslag","status":"publish","type":"page","link":"https:\/\/hoyre.no\/oslo\/vi-vil-ha-dine-forslag\/","title":{"rendered":"vi vil ha dine forslag"},"content":{"rendered":"\n<div class=\"wp-block-hoyre-hero with-image-gradient text-color-light  has-media alignfull has-background \"><div class=\"hoyre-hero has-image\"><h1 class=\"title\">Nominasjons-prosessen<\/h1><figure class=\"hoyre-image-wrapper\"><div class=\"hoyre-image\"><img loading=\"lazy\" decoding=\"async\" width=\"1024\" height=\"500\" src=\"https:\/\/hoyre.no\/content\/uploads\/sites\/408\/2022\/09\/Radhus-nominasjon-web-fremhevet.jpg\" class=\"attachment-scaled size-scaled\" alt=\"Oslo R\u00e5dhus\" style=\"object-position: 28.000000000000004% 39%\" srcset=\"https:\/\/hoyre.no\/content\/uploads\/sites\/408\/2022\/09\/Radhus-nominasjon-web-fremhevet.jpg 1024w, https:\/\/hoyre.no\/content\/uploads\/sites\/408\/2022\/09\/Radhus-nominasjon-web-fremhevet-300x146.jpg 300w, https:\/\/hoyre.no\/content\/uploads\/sites\/408\/2022\/09\/Radhus-nominasjon-web-fremhevet-768x375.jpg 768w\" sizes=\"auto, (max-width: 1024px) 100vw, 1024px\" \/><\/div><\/figure><\/div><\/div>\n\n\n\n\n<div class=\"wp-block-teft-factbox is-style-blue\"><div class=\"factbox-inner\"><div class=\"entry-content\"><h4 class=\"toggle\">Bystyrelisten vedtas p\u00e5 Oslo H\u00f8yres nominasjonsm\u00f8te 16. november 2026 kl. 18.00 p\u00e5 H\u00f8yres Hus.<\/h4><\/div><\/div><\/div>\n\n\n\n\n\n<div class=\"wp-block-hoyre-banner undefined\"><div class=\"banner-inner\"><div class=\"banner-content\"><div class=\"entry-content\">\n<h2 class=\"wp-block-heading\" id=\"h-her-kan-du-foresla-kandidater\">Her kan du foresl\u00e5 kandidater<\/h2>\n\n\n\n<p><\/p>\n\n\n\n<div class=\"wp-block-buttons is-layout-flex wp-block-buttons-is-layout-flex\">\n<div class=\"wp-block-button\"><a class=\"wp-block-button__link wp-element-button\" href=\"https:\/\/response.questback.com\/hoyre\/o6nzlkqi2z\" target=\"_blank\" rel=\"noreferrer noopener\">Send inn dine innspill her<\/a><\/div>\n<\/div>\n<\/div><\/div><\/div><\/div>\n\n\n\n\n\n\n\n\n\n<h2 class=\"wp-block-heading\" id=\"h-radgivende-uravstemning\"><strong>R\u00e5dgivende uravstemning<\/strong><\/h2>\n\n\n\n<p>Alle kandidater vil f\u00e5 anledning til \u00e5 gj\u00f8re sitt kandidatur kjent i partiet f\u00f8r det blir gjennomf\u00f8rt en r\u00e5dgivende uravstemning blant Oslo H\u00f8yres medlemmer i august. For \u00e5 kunne delta i uravstemningen m\u00e5 kontingenten for 2026 v\u00e6re betalt. For \u00e5 betale kontingenten kan du f\u00f8lge denne lenken <a href=\"https:\/\/hoyre.no\/betaling\/\">https:\/\/hoyre.no\/betaling\/<\/a><\/p>\n\n\n\n<p>Det ble gjennomf\u00f8rt en r\u00e5dgivende uravstemning blant Oslo H\u00f8yres medlemmer i perioden 10. til 23. august.<\/p>\n\n\n\n\n\n\n\n\n\n<h2 class=\"wp-block-heading\" id=\"h-viktige-datoer\"><strong>Viktige datoer:<\/strong><\/h2>\n\n\n\n<ul class=\"wp-block-list\">\n<li>1. mai: frist for \u00e5 sende inn forslag p\u00e5 kandidater<\/li>\n\n\n\n<li>1. juni: frist for \u00e5 sende inn kandidatinformasjon og bilde<\/li>\n\n\n\n<li>3. august: kandidatpresentasjonen g\u00e5r live p\u00e5 nettsiden<\/li>\n\n\n\n<li>10. \u2013 23. august: urnominasjon<\/li>\n\n\n\n<li>6. september: frist for pr\u00f8venominasjon i bydels- og sideforeningene<\/li>\n\n\n\n<li>16. november: nominasjonsm\u00f8te<\/li>\n<\/ul>\n\n\n\n<h3 class=\"wp-block-heading\" id=\"h-nominasjonskomiteen-bestar-av\">Nominasjonskomiteen best\u00e5r av:<\/h3>\n\n\n\n<p>Stian Berger R\u00f8sland, leder, Vestre Aker H\u00f8yre, <a href=\"mailto:stianrosland@gmail.com\" target=\"_blank\" rel=\"noreferrer noopener\">stianrosland@gmail.com<\/a><br>Hilde Johanne Barstad, nestleder, St. Hanshaugen<br>Camilla Kampevold, Grorud<br>Pia Farstad von Hall, Nordstrand<br>Tore Strandskog, Ullern<br>Berit Solli, Alna<br>Ola Kvisgaard, Frogner<br>Andreas Oftedal, Sagene<br>Egil Husmo, Bjerke<br>Andrea V. S. Eljarb\u00f8, Nordre Aker<br>Knut Tvedten, Gr\u00fcnerl\u00f8kka<br>Ola Peter Krohn Gjessing, Vestre Aker<br>\u00d8yvind Berget, Gamle Oslo<br>Ingelin Kristin Nord, Stovner<br>Gunnar Pedersen, \u00d8stensj\u00f8<br>Evelyn Fimreite, S\u00f8ndre Nordstrand<br>Gaute Kandal Hoel, Unge H\u00f8yre<br>Bj\u00f8rg Tangen, Senior H\u00f8yre<br>Simen Wager, DKSF<\/p>\n\n\n\n<p>Ingrid Eriksen, sekret\u00e6r<\/p>\n\n\n\n\n<div class=\"wp-block-columns is-layout-flex wp-container-core-columns-is-layout-9d6595d7 wp-block-columns-is-layout-flex\">\n<div class=\"wp-block-column is-layout-flow wp-block-column-is-layout-flow\"><\/div>\n\n\n\n<div class=\"wp-block-column is-layout-flow wp-block-column-is-layout-flow\"><\/div>\n<\/div>\n","protected":false},"excerpt":{"rendered":"","protected":false},"author":31424,"featured_media":0,"parent":0,"menu_order":0,"comment_status":"closed","ping_status":"closed","template":"","meta":{"teft_cards_image_url":"","teft_cards_custom_pretitle":"","teft_cards_image_id":1577,"teft_cards_image_focal_point_x":0.5,"teft_cards_image_focal_point_y":0.5,"teft_cards_title":"","teft_cards_excerpt":"","teft_show_chapters":false,"footnotes":""},"class_list":["post-6030","page","type-page","status-publish","hentry"],"yoast_head":"<!-- This site is optimized with the Yoast SEO Premium plugin v26.5 (Yoast SEO v26.6) - https:\/\/yoast.com\/wordpress\/plugins\/seo\/ -->\n<title>vi vil ha dine forslag - Oslo H\u00f8yre<\/title>\n<meta name=\"description\" content=\"Oslo H\u00f8yres nominasjonskomit\u00e9 \u00f8nsker dine forslag til hvem som skal st\u00e5 p\u00e5 stortingslista ved valget i 2025.\" \/>\n<meta name=\"robots\" content=\"index, follow, max-snippet:-1, max-image-preview:large, max-video-preview:-1\" \/>\n<link rel=\"canonical\" href=\"https:\/\/hoyre.no\/oslo\/vi-vil-ha-dine-forslag\/\" \/>\n<meta property=\"og:locale\" content=\"nb_NO\" \/>\n<meta property=\"og:type\" content=\"article\" \/>\n<meta property=\"og:title\" content=\"vi vil ha dine forslag\" \/>\n<meta property=\"og:description\" content=\"Oslo H\u00f8yres nominasjonskomit\u00e9 \u00f8nsker dine forslag til hvem som skal st\u00e5 p\u00e5 stortingslista ved valget i 2025.\" \/>\n<meta property=\"og:url\" content=\"https:\/\/hoyre.no\/oslo\/vi-vil-ha-dine-forslag\/\" \/>\n<meta property=\"og:site_name\" content=\"Oslo H\u00f8yre\" \/>\n<meta property=\"article:publisher\" content=\"https:\/\/www.facebook.com\/oslo.hoyre\" \/>\n<meta property=\"article:modified_time\" content=\"2026-04-15T12:46:25+00:00\" \/>\n<meta property=\"og:image\" content=\"https:\/\/hoyre.no\/content\/uploads\/sites\/408\/2024\/02\/stortinget.png\" \/>\n\t<meta property=\"og:image:width\" content=\"1200\" \/>\n\t<meta property=\"og:image:height\" content=\"800\" \/>\n\t<meta property=\"og:image:type\" content=\"image\/png\" \/>\n<meta name=\"twitter:card\" content=\"summary_large_image\" \/>\n<meta name=\"twitter:description\" content=\"Oslo H\u00f8yres nominasjonskomit\u00e9 \u00f8nsker dine forslag til hvem som skal st\u00e5 p\u00e5 stortingslista ved valget i 2025.\" \/>\n<meta name=\"twitter:label1\" content=\"Ansl. lesetid\" \/>\n\t<meta name=\"twitter:data1\" content=\"3 minutter\" \/>\n<script type=\"application\/ld+json\" class=\"yoast-schema-graph\">{\"@context\":\"https:\/\/schema.org\",\"@graph\":[{\"@type\":\"WebPage\",\"@id\":\"https:\/\/hoyre.no\/oslo\/vi-vil-ha-dine-forslag\/\",\"url\":\"https:\/\/hoyre.no\/oslo\/vi-vil-ha-dine-forslag\/\",\"name\":\"vi vil ha dine forslag - Oslo H\u00f8yre\",\"isPartOf\":{\"@id\":\"https:\/\/hoyre.no\/oslo\/#website\"},\"datePublished\":\"2024-02-28T14:18:14+00:00\",\"dateModified\":\"2026-04-15T12:46:25+00:00\",\"description\":\"Oslo H\u00f8yres nominasjonskomit\u00e9 \u00f8nsker dine forslag til hvem som skal st\u00e5 p\u00e5 stortingslista ved valget i 2025.\",\"breadcrumb\":{\"@id\":\"https:\/\/hoyre.no\/oslo\/vi-vil-ha-dine-forslag\/#breadcrumb\"},\"inLanguage\":\"nb-NO\",\"potentialAction\":[{\"@type\":\"ReadAction\",\"target\":[\"https:\/\/hoyre.no\/oslo\/vi-vil-ha-dine-forslag\/\"]}]},{\"@type\":\"BreadcrumbList\",\"@id\":\"https:\/\/hoyre.no\/oslo\/vi-vil-ha-dine-forslag\/#breadcrumb\",\"itemListElement\":[{\"@type\":\"ListItem\",\"position\":1,\"name\":\"Til hoyre.no\",\"item\":\"https:\/\/hoyre.no\"},{\"@type\":\"ListItem\",\"position\":2,\"name\":\"Hjem\",\"item\":\"https:\/\/hoyre.no\/oslo\/\"},{\"@type\":\"ListItem\",\"position\":3,\"name\":\"vi vil ha dine forslag\"}]},{\"@type\":\"WebSite\",\"@id\":\"https:\/\/hoyre.no\/oslo\/#website\",\"url\":\"https:\/\/hoyre.no\/oslo\/\",\"name\":\"Oslo H\u00f8yre\",\"description\":\"\",\"publisher\":{\"@id\":\"https:\/\/hoyre.no\/oslo\/#organization\"},\"inLanguage\":\"nb-NO\"},{\"@type\":\"Organization\",\"@id\":\"https:\/\/hoyre.no\/oslo\/#organization\",\"name\":\"Oslo H\u00f8yre\",\"url\":\"https:\/\/hoyre.no\/oslo\/\",\"logo\":{\"@type\":\"ImageObject\",\"inLanguage\":\"nb-NO\",\"@id\":\"https:\/\/hoyre.no\/oslo\/#\/schema\/logo\/image\/\",\"url\":\"https:\/\/hoyre.no\/content\/uploads\/sites\/408\/2022\/11\/Hoyres-logo.png\",\"contentUrl\":\"https:\/\/hoyre.no\/content\/uploads\/sites\/408\/2022\/11\/Hoyres-logo.png\",\"width\":1000,\"height\":1000,\"caption\":\"Oslo H\u00f8yre\"},\"image\":{\"@id\":\"https:\/\/hoyre.no\/oslo\/#\/schema\/logo\/image\/\"},\"sameAs\":[\"https:\/\/www.facebook.com\/oslo.hoyre\"]}]}<\/script>\n<!-- \/ Yoast SEO Premium plugin. -->","yoast_head_json":{"title":"vi vil ha dine forslag - Oslo H\u00f8yre","description":"Oslo H\u00f8yres nominasjonskomit\u00e9 \u00f8nsker dine forslag til hvem som skal st\u00e5 p\u00e5 stortingslista ved valget i 2025.","robots":{"index":"index","follow":"follow","max-snippet":"max-snippet:-1","max-image-preview":"max-image-preview:large","max-video-preview":"max-video-preview:-1"},"canonical":"https:\/\/hoyre.no\/oslo\/vi-vil-ha-dine-forslag\/","og_locale":"nb_NO","og_type":"article","og_title":"vi vil ha dine forslag","og_description":"Oslo H\u00f8yres nominasjonskomit\u00e9 \u00f8nsker dine forslag til hvem som skal st\u00e5 p\u00e5 stortingslista ved valget i 2025.","og_url":"https:\/\/hoyre.no\/oslo\/vi-vil-ha-dine-forslag\/","og_site_name":"Oslo H\u00f8yre","article_publisher":"https:\/\/www.facebook.com\/oslo.hoyre","article_modified_time":"2026-04-15T12:46:25+00:00","og_image":[{"width":1200,"height":800,"url":"https:\/\/hoyre.no\/content\/uploads\/sites\/408\/2024\/02\/stortinget.png","type":"image\/png"}],"twitter_card":"summary_large_image","twitter_description":"Oslo H\u00f8yres nominasjonskomit\u00e9 \u00f8nsker dine forslag til hvem som skal st\u00e5 p\u00e5 stortingslista ved valget i 2025.","twitter_misc":{"Ansl. lesetid":"3 minutter"},"schema":{"@context":"https:\/\/schema.org","@graph":[{"@type":"WebPage","@id":"https:\/\/hoyre.no\/oslo\/vi-vil-ha-dine-forslag\/","url":"https:\/\/hoyre.no\/oslo\/vi-vil-ha-dine-forslag\/","name":"vi vil ha dine forslag - Oslo H\u00f8yre","isPartOf":{"@id":"https:\/\/hoyre.no\/oslo\/#website"},"datePublished":"2024-02-28T14:18:14+00:00","dateModified":"2026-04-15T12:46:25+00:00","description":"Oslo H\u00f8yres nominasjonskomit\u00e9 \u00f8nsker dine forslag til hvem som skal st\u00e5 p\u00e5 stortingslista ved valget i 2025.","breadcrumb":{"@id":"https:\/\/hoyre.no\/oslo\/vi-vil-ha-dine-forslag\/#breadcrumb"},"inLanguage":"nb-NO","potentialAction":[{"@type":"ReadAction","target":["https:\/\/hoyre.no\/oslo\/vi-vil-ha-dine-forslag\/"]}]},{"@type":"BreadcrumbList","@id":"https:\/\/hoyre.no\/oslo\/vi-vil-ha-dine-forslag\/#breadcrumb","itemListElement":[{"@type":"ListItem","position":1,"name":"Til hoyre.no","item":"https:\/\/hoyre.no"},{"@type":"ListItem","position":2,"name":"Hjem","item":"https:\/\/hoyre.no\/oslo\/"},{"@type":"ListItem","position":3,"name":"vi vil ha dine forslag"}]},{"@type":"WebSite","@id":"https:\/\/hoyre.no\/oslo\/#website","url":"https:\/\/hoyre.no\/oslo\/","name":"Oslo H\u00f8yre","description":"","publisher":{"@id":"https:\/\/hoyre.no\/oslo\/#organization"},"inLanguage":"nb-NO"},{"@type":"Organization","@id":"https:\/\/hoyre.no\/oslo\/#organization","name":"Oslo H\u00f8yre","url":"https:\/\/hoyre.no\/oslo\/","logo":{"@type":"ImageObject","inLanguage":"nb-NO","@id":"https:\/\/hoyre.no\/oslo\/#\/schema\/logo\/image\/","url":"https:\/\/hoyre.no\/content\/uploads\/sites\/408\/2022\/11\/Hoyres-logo.png","contentUrl":"https:\/\/hoyre.no\/content\/uploads\/sites\/408\/2022\/11\/Hoyres-logo.png","width":1000,"height":1000,"caption":"Oslo H\u00f8yre"},"image":{"@id":"https:\/\/hoyre.no\/oslo\/#\/schema\/logo\/image\/"},"sameAs":["https:\/\/www.facebook.com\/oslo.hoyre"]}]}},"distributor_meta":false,"distributor_terms":false,"distributor_media":false,"distributor_original_site_name":"Oslo H\u00f8yre","distributor_original_site_url":"https:\/\/hoyre.no\/oslo","push-errors":false,"_links":{"self":[{"href":"https:\/\/hoyre.no\/oslo\/wp-json\/wp\/v2\/pages\/6030","targetHints":{"allow":["GET"]}}],"collection":[{"href":"https:\/\/hoyre.no\/oslo\/wp-json\/wp\/v2\/pages"}],"about":[{"href":"https:\/\/hoyre.no\/oslo\/wp-json\/wp\/v2\/types\/page"}],"author":[{"embeddable":true,"href":"https:\/\/hoyre.no\/oslo\/wp-json\/wp\/v2\/users\/31424"}],"replies":[{"embeddable":true,"href":"https:\/\/hoyre.no\/oslo\/wp-json\/wp\/v2\/comments?post=6030"}],"version-history":[{"count":39,"href":"https:\/\/hoyre.no\/oslo\/wp-json\/wp\/v2\/pages\/6030\/revisions"}],"predecessor-version":[{"id":9981,"href":"https:\/\/hoyre.no\/oslo\/wp-json\/wp\/v2\/pages\/6030\/revisions\/9981"}],"wp:attachment":[{"href":"https:\/\/hoyre.no\/oslo\/wp-json\/wp\/v2\/media?parent=6030"}],"curies":[{"name":"wp","href":"https:\/\/api.w.org\/{rel}","templated":true}]}}