{"id":6338,"date":"2024-08-01T12:29:56","date_gmt":"2024-08-01T10:29:56","guid":{"rendered":"https:\/\/hoyre.no\/oslo\/?page_id=6338"},"modified":"2025-01-10T14:42:26","modified_gmt":"2025-01-10T13:42:26","slug":"arina-aamir-sheikh","status":"publish","type":"page","link":"https:\/\/hoyre.no\/oslo\/arina-aamir-sheikh\/","title":{"rendered":"Arina Aamir Sheikh"},"content":{"rendered":"\n<div class=\"wp-block-hoyre-hero with-image-gradient text-color-light  alignfull has-background\"><div class=\"hoyre-hero \"><h1 class=\"title\">Arina Aamir Sheikh<\/h1><p class=\"preamble\">Her kan du bli bedre kjent med kandidaten.<\/p><\/div><\/div>\n\n\n\n\n<figure class=\"wp-block-image size-large\"><img loading=\"lazy\" decoding=\"async\" width=\"1024\" height=\"683\" src=\"https:\/\/hoyre.no\/content\/uploads\/sites\/408\/2024\/06\/Oslo-Hoyres-kandidater-Foto-Hans-Kristian-Thorbjornsen-0305-1024x683.jpg\" alt=\"Arina Aamir Sheikh\" class=\"wp-image-6344\" srcset=\"https:\/\/hoyre.no\/content\/uploads\/sites\/408\/2024\/06\/Oslo-Hoyres-kandidater-Foto-Hans-Kristian-Thorbjornsen-0305-1024x683.jpg 1024w, https:\/\/hoyre.no\/content\/uploads\/sites\/408\/2024\/06\/Oslo-Hoyres-kandidater-Foto-Hans-Kristian-Thorbjornsen-0305-300x200.jpg 300w, https:\/\/hoyre.no\/content\/uploads\/sites\/408\/2024\/06\/Oslo-Hoyres-kandidater-Foto-Hans-Kristian-Thorbjornsen-0305-768x512.jpg 768w, https:\/\/hoyre.no\/content\/uploads\/sites\/408\/2024\/06\/Oslo-Hoyres-kandidater-Foto-Hans-Kristian-Thorbjornsen-0305-1536x1024.jpg 1536w, https:\/\/hoyre.no\/content\/uploads\/sites\/408\/2024\/06\/Oslo-Hoyres-kandidater-Foto-Hans-Kristian-Thorbjornsen-0305-2048x1365.jpg 2048w\" sizes=\"auto, (max-width: 1024px) 100vw, 1024px\" \/><\/figure>\n\n\n\n<div class=\"wp-block-hoyre-banner undefined has-icon-title icon-heart is-style-blue\"><div class=\"banner-inner\"><div class=\"banner-content\"><div class=\"entry-content\">\n<h2 class=\"wp-block-heading has-text-align-center\" id=\"h-bli-bedre-kjent-med-arina\">Bli bedre kjent med Arina!<\/h2>\n\n\n\n<p class=\"has-text-align-left\"><strong>Alder:<\/strong> 19 \u00e5r<\/p>\n\n\n\n<p class=\"has-text-align-left\"><strong>Hva er din bakgrunn og hvilke egenskaper vil du trekke frem ved deg selv?<\/strong><br>De to siste \u00e5rene har jeg bes\u00f8kt over 200 organisasjoner. Jeg har bes\u00f8kt 50 skoler i Oslo, og v\u00e6rt en aktiv stemme i samfunnsdebatten.<br>Jeg er ikke redd for \u00e5 ta tak i utfordrende og kontroversielle saker og st\u00e5 opp for og v\u00e6re stemmen til de som sjelden blir h\u00f8rt. For meg er det viktig \u00e5 vise at H\u00f8yre har et hjerte, og at vi alltid kjemper for et Oslo og et Norge med muligheter for alle.<\/p>\n\n\n\n<p class=\"has-text-align-left\"><strong>Hva er dine viktigste politiske saker?<\/strong><br>1. Forebygging av ungt utenforskap og en skolepolitikk som ser den enkelte elev<br>2. Et arbeidsliv med plass og muligheter for alle<br>3. Et Norge som verdsetter mangfoldet, og inkluderer enhver<\/p>\n\n\n\n<p class=\"has-text-align-left\"><strong>Hvorfor vil du stille til valg for Oslo H\u00f8yre?<\/strong> <br>Jeg er en ekte Oslo-jente som har tro p\u00e5 H\u00f8yres l\u00f8sninger. For \u00e5 gjennomf\u00f8re v\u00e5r politikk trenger partiet politikere med vilje, innsikt, mot og styrke. Den stemmen vil jeg v\u00e6re.<\/p>\n\n\n\n<div class=\"wp-block-buttons is-layout-flex wp-block-buttons-is-layout-flex\"><\/div>\n<\/div><\/div><\/div><\/div>\n\n","protected":false},"excerpt":{"rendered":"","protected":false},"author":31424,"featured_media":0,"parent":0,"menu_order":0,"comment_status":"closed","ping_status":"closed","template":"","meta":{"teft_cards_image_url":"","teft_cards_custom_pretitle":"","teft_cards_image_id":6344,"teft_cards_image_focal_point_x":0.5,"teft_cards_image_focal_point_y":0.5,"teft_cards_title":"","teft_cards_excerpt":"","teft_show_chapters":false,"footnotes":""},"class_list":["post-6338","page","type-page","status-publish","hentry"],"yoast_head":"<!-- This site is optimized with the Yoast SEO Premium plugin v26.5 (Yoast SEO v26.6) - https:\/\/yoast.com\/wordpress\/plugins\/seo\/ -->\n<title>Arina Aamir Sheikh - Oslo H\u00f8yre<\/title>\n<meta name=\"description\" content=\"Her kan du bli bedre kjent med kandidaten til stortingsvalget i 2025.\" \/>\n<meta name=\"robots\" content=\"index, follow, max-snippet:-1, max-image-preview:large, max-video-preview:-1\" \/>\n<link rel=\"canonical\" href=\"https:\/\/hoyre.no\/oslo\/arina-aamir-sheikh\/\" \/>\n<meta property=\"og:locale\" content=\"nb_NO\" \/>\n<meta property=\"og:type\" content=\"article\" \/>\n<meta property=\"og:title\" content=\"Arina Aamir Sheikh\" \/>\n<meta property=\"og:description\" content=\"Her kan du bli bedre kjent med kandidaten til stortingsvalget i 2025.\" \/>\n<meta property=\"og:url\" content=\"https:\/\/hoyre.no\/oslo\/arina-aamir-sheikh\/\" \/>\n<meta property=\"og:site_name\" content=\"Oslo H\u00f8yre\" \/>\n<meta property=\"article:publisher\" content=\"https:\/\/www.facebook.com\/oslo.hoyre\" \/>\n<meta property=\"article:modified_time\" content=\"2025-01-10T13:42:26+00:00\" \/>\n<meta property=\"og:image\" content=\"https:\/\/hoyre.no\/content\/uploads\/sites\/408\/2024\/06\/Oslo-Hoyres-kandidater-Foto-Hans-Kristian-Thorbjornsen-0305-1024x683.jpg\" \/>\n<meta name=\"twitter:card\" content=\"summary_large_image\" \/>\n<meta name=\"twitter:description\" content=\"Her kan du bli bedre kjent med kandidaten til stortingsvalget i 2025.\" \/>\n<meta name=\"twitter:label1\" content=\"Ansl. lesetid\" \/>\n\t<meta name=\"twitter:data1\" content=\"2 minutter\" \/>\n<script type=\"application\/ld+json\" class=\"yoast-schema-graph\">{\"@context\":\"https:\/\/schema.org\",\"@graph\":[{\"@type\":\"WebPage\",\"@id\":\"https:\/\/hoyre.no\/oslo\/arina-aamir-sheikh\/\",\"url\":\"https:\/\/hoyre.no\/oslo\/arina-aamir-sheikh\/\",\"name\":\"Arina Aamir Sheikh - Oslo H\u00f8yre\",\"isPartOf\":{\"@id\":\"https:\/\/hoyre.no\/oslo\/#website\"},\"image\":{\"@id\":\"https:\/\/hoyre.no\/oslo\/arina-aamir-sheikh\/#primaryimage\"},\"thumbnailUrl\":\"https:\/\/hoyre.no\/content\/uploads\/sites\/408\/2024\/06\/Oslo-Hoyres-kandidater-Foto-Hans-Kristian-Thorbjornsen-0305-1024x683.jpg\",\"datePublished\":\"2024-08-01T10:29:56+00:00\",\"dateModified\":\"2025-01-10T13:42:26+00:00\",\"description\":\"Her kan du bli bedre kjent med kandidaten til stortingsvalget i 2025.\",\"breadcrumb\":{\"@id\":\"https:\/\/hoyre.no\/oslo\/arina-aamir-sheikh\/#breadcrumb\"},\"inLanguage\":\"nb-NO\",\"potentialAction\":[{\"@type\":\"ReadAction\",\"target\":[\"https:\/\/hoyre.no\/oslo\/arina-aamir-sheikh\/\"]}]},{\"@type\":\"ImageObject\",\"inLanguage\":\"nb-NO\",\"@id\":\"https:\/\/hoyre.no\/oslo\/arina-aamir-sheikh\/#primaryimage\",\"url\":\"https:\/\/hoyre.no\/content\/uploads\/sites\/408\/2024\/06\/Oslo-Hoyres-kandidater-Foto-Hans-Kristian-Thorbjornsen-0305-1024x683.jpg\",\"contentUrl\":\"https:\/\/hoyre.no\/content\/uploads\/sites\/408\/2024\/06\/Oslo-Hoyres-kandidater-Foto-Hans-Kristian-Thorbjornsen-0305-1024x683.jpg\"},{\"@type\":\"BreadcrumbList\",\"@id\":\"https:\/\/hoyre.no\/oslo\/arina-aamir-sheikh\/#breadcrumb\",\"itemListElement\":[{\"@type\":\"ListItem\",\"position\":1,\"name\":\"Til hoyre.no\",\"item\":\"https:\/\/hoyre.no\"},{\"@type\":\"ListItem\",\"position\":2,\"name\":\"Hjem\",\"item\":\"https:\/\/hoyre.no\/oslo\/\"},{\"@type\":\"ListItem\",\"position\":3,\"name\":\"Arina Aamir Sheikh\"}]},{\"@type\":\"WebSite\",\"@id\":\"https:\/\/hoyre.no\/oslo\/#website\",\"url\":\"https:\/\/hoyre.no\/oslo\/\",\"name\":\"Oslo H\u00f8yre\",\"description\":\"\",\"publisher\":{\"@id\":\"https:\/\/hoyre.no\/oslo\/#organization\"},\"inLanguage\":\"nb-NO\"},{\"@type\":\"Organization\",\"@id\":\"https:\/\/hoyre.no\/oslo\/#organization\",\"name\":\"Oslo H\u00f8yre\",\"url\":\"https:\/\/hoyre.no\/oslo\/\",\"logo\":{\"@type\":\"ImageObject\",\"inLanguage\":\"nb-NO\",\"@id\":\"https:\/\/hoyre.no\/oslo\/#\/schema\/logo\/image\/\",\"url\":\"https:\/\/hoyre.no\/content\/uploads\/sites\/408\/2022\/11\/Hoyres-logo.png\",\"contentUrl\":\"https:\/\/hoyre.no\/content\/uploads\/sites\/408\/2022\/11\/Hoyres-logo.png\",\"width\":1000,\"height\":1000,\"caption\":\"Oslo H\u00f8yre\"},\"image\":{\"@id\":\"https:\/\/hoyre.no\/oslo\/#\/schema\/logo\/image\/\"},\"sameAs\":[\"https:\/\/www.facebook.com\/oslo.hoyre\"]}]}<\/script>\n<!-- \/ Yoast SEO Premium plugin. -->","yoast_head_json":{"title":"Arina Aamir Sheikh - Oslo H\u00f8yre","description":"Her kan du bli bedre kjent med kandidaten til stortingsvalget i 2025.","robots":{"index":"index","follow":"follow","max-snippet":"max-snippet:-1","max-image-preview":"max-image-preview:large","max-video-preview":"max-video-preview:-1"},"canonical":"https:\/\/hoyre.no\/oslo\/arina-aamir-sheikh\/","og_locale":"nb_NO","og_type":"article","og_title":"Arina Aamir Sheikh","og_description":"Her kan du bli bedre kjent med kandidaten til stortingsvalget i 2025.","og_url":"https:\/\/hoyre.no\/oslo\/arina-aamir-sheikh\/","og_site_name":"Oslo H\u00f8yre","article_publisher":"https:\/\/www.facebook.com\/oslo.hoyre","article_modified_time":"2025-01-10T13:42:26+00:00","og_image":[{"url":"https:\/\/hoyre.no\/content\/uploads\/sites\/408\/2024\/06\/Oslo-Hoyres-kandidater-Foto-Hans-Kristian-Thorbjornsen-0305-1024x683.jpg","width":"","height":"","type":""}],"twitter_card":"summary_large_image","twitter_description":"Her kan du bli bedre kjent med kandidaten til stortingsvalget i 2025.","twitter_misc":{"Ansl. lesetid":"2 minutter"},"schema":{"@context":"https:\/\/schema.org","@graph":[{"@type":"WebPage","@id":"https:\/\/hoyre.no\/oslo\/arina-aamir-sheikh\/","url":"https:\/\/hoyre.no\/oslo\/arina-aamir-sheikh\/","name":"Arina Aamir Sheikh - Oslo H\u00f8yre","isPartOf":{"@id":"https:\/\/hoyre.no\/oslo\/#website"},"image":{"@id":"https:\/\/hoyre.no\/oslo\/arina-aamir-sheikh\/#primaryimage"},"thumbnailUrl":"https:\/\/hoyre.no\/content\/uploads\/sites\/408\/2024\/06\/Oslo-Hoyres-kandidater-Foto-Hans-Kristian-Thorbjornsen-0305-1024x683.jpg","datePublished":"2024-08-01T10:29:56+00:00","dateModified":"2025-01-10T13:42:26+00:00","description":"Her kan du bli bedre kjent med kandidaten til stortingsvalget i 2025.","breadcrumb":{"@id":"https:\/\/hoyre.no\/oslo\/arina-aamir-sheikh\/#breadcrumb"},"inLanguage":"nb-NO","potentialAction":[{"@type":"ReadAction","target":["https:\/\/hoyre.no\/oslo\/arina-aamir-sheikh\/"]}]},{"@type":"ImageObject","inLanguage":"nb-NO","@id":"https:\/\/hoyre.no\/oslo\/arina-aamir-sheikh\/#primaryimage","url":"https:\/\/hoyre.no\/content\/uploads\/sites\/408\/2024\/06\/Oslo-Hoyres-kandidater-Foto-Hans-Kristian-Thorbjornsen-0305-1024x683.jpg","contentUrl":"https:\/\/hoyre.no\/content\/uploads\/sites\/408\/2024\/06\/Oslo-Hoyres-kandidater-Foto-Hans-Kristian-Thorbjornsen-0305-1024x683.jpg"},{"@type":"BreadcrumbList","@id":"https:\/\/hoyre.no\/oslo\/arina-aamir-sheikh\/#breadcrumb","itemListElement":[{"@type":"ListItem","position":1,"name":"Til hoyre.no","item":"https:\/\/hoyre.no"},{"@type":"ListItem","position":2,"name":"Hjem","item":"https:\/\/hoyre.no\/oslo\/"},{"@type":"ListItem","position":3,"name":"Arina Aamir Sheikh"}]},{"@type":"WebSite","@id":"https:\/\/hoyre.no\/oslo\/#website","url":"https:\/\/hoyre.no\/oslo\/","name":"Oslo H\u00f8yre","description":"","publisher":{"@id":"https:\/\/hoyre.no\/oslo\/#organization"},"inLanguage":"nb-NO"},{"@type":"Organization","@id":"https:\/\/hoyre.no\/oslo\/#organization","name":"Oslo H\u00f8yre","url":"https:\/\/hoyre.no\/oslo\/","logo":{"@type":"ImageObject","inLanguage":"nb-NO","@id":"https:\/\/hoyre.no\/oslo\/#\/schema\/logo\/image\/","url":"https:\/\/hoyre.no\/content\/uploads\/sites\/408\/2022\/11\/Hoyres-logo.png","contentUrl":"https:\/\/hoyre.no\/content\/uploads\/sites\/408\/2022\/11\/Hoyres-logo.png","width":1000,"height":1000,"caption":"Oslo H\u00f8yre"},"image":{"@id":"https:\/\/hoyre.no\/oslo\/#\/schema\/logo\/image\/"},"sameAs":["https:\/\/www.facebook.com\/oslo.hoyre"]}]}},"distributor_meta":false,"distributor_terms":false,"distributor_media":false,"distributor_original_site_name":"Oslo H\u00f8yre","distributor_original_site_url":"https:\/\/hoyre.no\/oslo","push-errors":false,"_links":{"self":[{"href":"https:\/\/hoyre.no\/oslo\/wp-json\/wp\/v2\/pages\/6338","targetHints":{"allow":["GET"]}}],"collection":[{"href":"https:\/\/hoyre.no\/oslo\/wp-json\/wp\/v2\/pages"}],"about":[{"href":"https:\/\/hoyre.no\/oslo\/wp-json\/wp\/v2\/types\/page"}],"author":[{"embeddable":true,"href":"https:\/\/hoyre.no\/oslo\/wp-json\/wp\/v2\/users\/31424"}],"replies":[{"embeddable":true,"href":"https:\/\/hoyre.no\/oslo\/wp-json\/wp\/v2\/comments?post=6338"}],"version-history":[{"count":10,"href":"https:\/\/hoyre.no\/oslo\/wp-json\/wp\/v2\/pages\/6338\/revisions"}],"predecessor-version":[{"id":8089,"href":"https:\/\/hoyre.no\/oslo\/wp-json\/wp\/v2\/pages\/6338\/revisions\/8089"}],"wp:attachment":[{"href":"https:\/\/hoyre.no\/oslo\/wp-json\/wp\/v2\/media?parent=6338"}],"curies":[{"name":"wp","href":"https:\/\/api.w.org\/{rel}","templated":true}]}}