{"id":6549,"date":"2024-08-01T12:16:18","date_gmt":"2024-08-01T10:16:18","guid":{"rendered":"https:\/\/hoyre.no\/oslo\/?page_id=6549"},"modified":"2024-08-01T12:16:18","modified_gmt":"2024-08-01T10:16:18","slug":"mudassar-hussain-kapur","status":"publish","type":"page","link":"https:\/\/hoyre.no\/oslo\/mudassar-hussain-kapur\/","title":{"rendered":"Mudassar Hussain Kapur"},"content":{"rendered":"\n<div class=\"wp-block-hoyre-hero with-image-gradient text-color-light  alignfull has-background\"><div class=\"hoyre-hero \"><h1 class=\"title\">Mudassar Hussain Kapur<\/h1><p class=\"preamble\">Her kan du bli bedre kjent med kandidaten.<\/p><\/div><\/div>\n\n\n\n\n<figure class=\"wp-block-image size-large\"><img loading=\"lazy\" decoding=\"async\" width=\"1024\" height=\"681\" src=\"https:\/\/hoyre.no\/content\/uploads\/sites\/408\/2023\/08\/Skjermbilde-2023-08-24-kl.-09.27.23-1024x681.png\" alt=\"Mudassar Kapur\" class=\"wp-image-5228\" srcset=\"https:\/\/hoyre.no\/content\/uploads\/sites\/408\/2023\/08\/Skjermbilde-2023-08-24-kl.-09.27.23-1024x681.png 1024w, https:\/\/hoyre.no\/content\/uploads\/sites\/408\/2023\/08\/Skjermbilde-2023-08-24-kl.-09.27.23-300x199.png 300w, https:\/\/hoyre.no\/content\/uploads\/sites\/408\/2023\/08\/Skjermbilde-2023-08-24-kl.-09.27.23-768x511.png 768w, https:\/\/hoyre.no\/content\/uploads\/sites\/408\/2023\/08\/Skjermbilde-2023-08-24-kl.-09.27.23-1536x1021.png 1536w, https:\/\/hoyre.no\/content\/uploads\/sites\/408\/2023\/08\/Skjermbilde-2023-08-24-kl.-09.27.23-2048x1361.png 2048w\" sizes=\"auto, (max-width: 1024px) 100vw, 1024px\" \/><\/figure>\n\n\n\n<div class=\"wp-block-hoyre-banner undefined has-icon-title icon-heart is-style-blue\"><div class=\"banner-inner\"><div class=\"banner-content\"><div class=\"entry-content\">\n<h2 class=\"wp-block-heading has-text-align-center\" id=\"h-bli-bedre-kjent-med-mudassar\">Bli bedre kjent med Mudassar!<\/h2>\n\n\n\n<p class=\"has-text-align-left\"><strong>Alder:<\/strong> 47 \u00e5r<\/p>\n\n\n\n<p class=\"has-text-align-left\"><strong>Hva er din bakgrunn og hvilke egenskaper vil du trekke frem ved deg selv?<\/strong><br>Leder av Oslo H\u00f8yre og stortingsrepresentant. Executive MBA v\/NHH og studier i markedsf\u00f8ring og ledelse v\/BI. Sjefskurset ved Forsvarets H\u00f8yskole. Har jobbet mye med finanspolitikk, bypolitikk, bolig og inkludering. I politikken har jeg god bruk for min bakgrunn som b\u00e5de trikkesj\u00e5f\u00f8r og fra lederoppgaver i n\u00e6ringslivet. Jeg har hjerte og personlig engasjement for at alle skal f\u00e5 like muligheter.<\/p>\n\n\n\n<p class=\"has-text-align-left\"><strong>Hva er dine viktigste politiske saker?<\/strong><br>Fremover m\u00e5 vi skape flere private jobber, trygge folks \u00f8konomi, satse p\u00e5 forsvar og nedkjempe ungdomskriminalitet. Vi trenger en regjering og politikk som er p\u00e5 lag med storbyene og v\u00e5re innbyggere.<\/p>\n\n\n\n<p class=\"has-text-align-left\"><strong>Hvorfor vil du stille til valg for Oslo H\u00f8yre?<\/strong> <br>Jeg skal fortsette \u00e5 v\u00e6re en sterk stemme for storbyene. Oslo og Norge har gitt meg fantastiske muligheter. \u00c5 bidra tilbake er en stor drivkraft.<\/p>\n\n\n\n<div class=\"wp-block-buttons is-layout-flex wp-block-buttons-is-layout-flex\"><\/div>\n<\/div><\/div><\/div><\/div>\n\n","protected":false},"excerpt":{"rendered":"","protected":false},"author":31424,"featured_media":0,"parent":0,"menu_order":0,"comment_status":"closed","ping_status":"closed","template":"","meta":{"teft_cards_image_url":"","teft_cards_custom_pretitle":"","teft_cards_image_id":5228,"teft_cards_image_focal_point_x":0.5,"teft_cards_image_focal_point_y":0.5,"teft_cards_title":"","teft_cards_excerpt":"","teft_show_chapters":false,"footnotes":""},"class_list":["post-6549","page","type-page","status-publish","hentry"],"yoast_head":"<!-- This site is optimized with the Yoast SEO Premium plugin v26.5 (Yoast SEO v26.6) - https:\/\/yoast.com\/wordpress\/plugins\/seo\/ -->\n<title>Mudassar Hussain Kapur - Oslo H\u00f8yre<\/title>\n<meta name=\"description\" content=\"Her kan du bli bedre kjent med kandidaten til stortingsvalget i 2025.\" \/>\n<meta name=\"robots\" content=\"index, follow, max-snippet:-1, max-image-preview:large, max-video-preview:-1\" \/>\n<link rel=\"canonical\" href=\"https:\/\/hoyre.no\/oslo\/mudassar-hussain-kapur\/\" \/>\n<meta property=\"og:locale\" content=\"nb_NO\" \/>\n<meta property=\"og:type\" content=\"article\" \/>\n<meta property=\"og:title\" content=\"Mudassar Hussain Kapur\" \/>\n<meta property=\"og:description\" content=\"Her kan du bli bedre kjent med kandidaten til stortingsvalget i 2025.\" \/>\n<meta property=\"og:url\" content=\"https:\/\/hoyre.no\/oslo\/mudassar-hussain-kapur\/\" \/>\n<meta property=\"og:site_name\" content=\"Oslo H\u00f8yre\" \/>\n<meta property=\"article:publisher\" content=\"https:\/\/www.facebook.com\/oslo.hoyre\" \/>\n<meta property=\"og:image\" content=\"https:\/\/hoyre.no\/content\/uploads\/sites\/408\/2023\/08\/Skjermbilde-2023-08-24-kl.-09.27.23-1024x681.png\" \/>\n<meta name=\"twitter:card\" content=\"summary_large_image\" \/>\n<meta name=\"twitter:description\" content=\"Her kan du bli bedre kjent med kandidaten til stortingsvalget i 2025.\" \/>\n<meta name=\"twitter:label1\" content=\"Ansl. lesetid\" \/>\n\t<meta name=\"twitter:data1\" content=\"2 minutter\" \/>\n<script type=\"application\/ld+json\" class=\"yoast-schema-graph\">{\"@context\":\"https:\/\/schema.org\",\"@graph\":[{\"@type\":\"WebPage\",\"@id\":\"https:\/\/hoyre.no\/oslo\/mudassar-hussain-kapur\/\",\"url\":\"https:\/\/hoyre.no\/oslo\/mudassar-hussain-kapur\/\",\"name\":\"Mudassar Hussain Kapur - Oslo H\u00f8yre\",\"isPartOf\":{\"@id\":\"https:\/\/hoyre.no\/oslo\/#website\"},\"image\":{\"@id\":\"https:\/\/hoyre.no\/oslo\/mudassar-hussain-kapur\/#primaryimage\"},\"thumbnailUrl\":\"https:\/\/hoyre.no\/content\/uploads\/sites\/408\/2023\/08\/Skjermbilde-2023-08-24-kl.-09.27.23-1024x681.png\",\"datePublished\":\"2024-08-01T10:16:18+00:00\",\"description\":\"Her kan du bli bedre kjent med kandidaten til stortingsvalget i 2025.\",\"breadcrumb\":{\"@id\":\"https:\/\/hoyre.no\/oslo\/mudassar-hussain-kapur\/#breadcrumb\"},\"inLanguage\":\"nb-NO\",\"potentialAction\":[{\"@type\":\"ReadAction\",\"target\":[\"https:\/\/hoyre.no\/oslo\/mudassar-hussain-kapur\/\"]}]},{\"@type\":\"ImageObject\",\"inLanguage\":\"nb-NO\",\"@id\":\"https:\/\/hoyre.no\/oslo\/mudassar-hussain-kapur\/#primaryimage\",\"url\":\"https:\/\/hoyre.no\/content\/uploads\/sites\/408\/2023\/08\/Skjermbilde-2023-08-24-kl.-09.27.23-1024x681.png\",\"contentUrl\":\"https:\/\/hoyre.no\/content\/uploads\/sites\/408\/2023\/08\/Skjermbilde-2023-08-24-kl.-09.27.23-1024x681.png\"},{\"@type\":\"BreadcrumbList\",\"@id\":\"https:\/\/hoyre.no\/oslo\/mudassar-hussain-kapur\/#breadcrumb\",\"itemListElement\":[{\"@type\":\"ListItem\",\"position\":1,\"name\":\"Til hoyre.no\",\"item\":\"https:\/\/hoyre.no\"},{\"@type\":\"ListItem\",\"position\":2,\"name\":\"Hjem\",\"item\":\"https:\/\/hoyre.no\/oslo\/\"},{\"@type\":\"ListItem\",\"position\":3,\"name\":\"Mudassar Hussain Kapur\"}]},{\"@type\":\"WebSite\",\"@id\":\"https:\/\/hoyre.no\/oslo\/#website\",\"url\":\"https:\/\/hoyre.no\/oslo\/\",\"name\":\"Oslo H\u00f8yre\",\"description\":\"\",\"publisher\":{\"@id\":\"https:\/\/hoyre.no\/oslo\/#organization\"},\"inLanguage\":\"nb-NO\"},{\"@type\":\"Organization\",\"@id\":\"https:\/\/hoyre.no\/oslo\/#organization\",\"name\":\"Oslo H\u00f8yre\",\"url\":\"https:\/\/hoyre.no\/oslo\/\",\"logo\":{\"@type\":\"ImageObject\",\"inLanguage\":\"nb-NO\",\"@id\":\"https:\/\/hoyre.no\/oslo\/#\/schema\/logo\/image\/\",\"url\":\"https:\/\/hoyre.no\/content\/uploads\/sites\/408\/2022\/11\/Hoyres-logo.png\",\"contentUrl\":\"https:\/\/hoyre.no\/content\/uploads\/sites\/408\/2022\/11\/Hoyres-logo.png\",\"width\":1000,\"height\":1000,\"caption\":\"Oslo H\u00f8yre\"},\"image\":{\"@id\":\"https:\/\/hoyre.no\/oslo\/#\/schema\/logo\/image\/\"},\"sameAs\":[\"https:\/\/www.facebook.com\/oslo.hoyre\"]}]}<\/script>\n<!-- \/ Yoast SEO Premium plugin. -->","yoast_head_json":{"title":"Mudassar Hussain Kapur - Oslo H\u00f8yre","description":"Her kan du bli bedre kjent med kandidaten til stortingsvalget i 2025.","robots":{"index":"index","follow":"follow","max-snippet":"max-snippet:-1","max-image-preview":"max-image-preview:large","max-video-preview":"max-video-preview:-1"},"canonical":"https:\/\/hoyre.no\/oslo\/mudassar-hussain-kapur\/","og_locale":"nb_NO","og_type":"article","og_title":"Mudassar Hussain Kapur","og_description":"Her kan du bli bedre kjent med kandidaten til stortingsvalget i 2025.","og_url":"https:\/\/hoyre.no\/oslo\/mudassar-hussain-kapur\/","og_site_name":"Oslo H\u00f8yre","article_publisher":"https:\/\/www.facebook.com\/oslo.hoyre","og_image":[{"url":"https:\/\/hoyre.no\/content\/uploads\/sites\/408\/2023\/08\/Skjermbilde-2023-08-24-kl.-09.27.23-1024x681.png","width":"","height":"","type":""}],"twitter_card":"summary_large_image","twitter_description":"Her kan du bli bedre kjent med kandidaten til stortingsvalget i 2025.","twitter_misc":{"Ansl. lesetid":"2 minutter"},"schema":{"@context":"https:\/\/schema.org","@graph":[{"@type":"WebPage","@id":"https:\/\/hoyre.no\/oslo\/mudassar-hussain-kapur\/","url":"https:\/\/hoyre.no\/oslo\/mudassar-hussain-kapur\/","name":"Mudassar Hussain Kapur - Oslo H\u00f8yre","isPartOf":{"@id":"https:\/\/hoyre.no\/oslo\/#website"},"image":{"@id":"https:\/\/hoyre.no\/oslo\/mudassar-hussain-kapur\/#primaryimage"},"thumbnailUrl":"https:\/\/hoyre.no\/content\/uploads\/sites\/408\/2023\/08\/Skjermbilde-2023-08-24-kl.-09.27.23-1024x681.png","datePublished":"2024-08-01T10:16:18+00:00","description":"Her kan du bli bedre kjent med kandidaten til stortingsvalget i 2025.","breadcrumb":{"@id":"https:\/\/hoyre.no\/oslo\/mudassar-hussain-kapur\/#breadcrumb"},"inLanguage":"nb-NO","potentialAction":[{"@type":"ReadAction","target":["https:\/\/hoyre.no\/oslo\/mudassar-hussain-kapur\/"]}]},{"@type":"ImageObject","inLanguage":"nb-NO","@id":"https:\/\/hoyre.no\/oslo\/mudassar-hussain-kapur\/#primaryimage","url":"https:\/\/hoyre.no\/content\/uploads\/sites\/408\/2023\/08\/Skjermbilde-2023-08-24-kl.-09.27.23-1024x681.png","contentUrl":"https:\/\/hoyre.no\/content\/uploads\/sites\/408\/2023\/08\/Skjermbilde-2023-08-24-kl.-09.27.23-1024x681.png"},{"@type":"BreadcrumbList","@id":"https:\/\/hoyre.no\/oslo\/mudassar-hussain-kapur\/#breadcrumb","itemListElement":[{"@type":"ListItem","position":1,"name":"Til hoyre.no","item":"https:\/\/hoyre.no"},{"@type":"ListItem","position":2,"name":"Hjem","item":"https:\/\/hoyre.no\/oslo\/"},{"@type":"ListItem","position":3,"name":"Mudassar Hussain Kapur"}]},{"@type":"WebSite","@id":"https:\/\/hoyre.no\/oslo\/#website","url":"https:\/\/hoyre.no\/oslo\/","name":"Oslo H\u00f8yre","description":"","publisher":{"@id":"https:\/\/hoyre.no\/oslo\/#organization"},"inLanguage":"nb-NO"},{"@type":"Organization","@id":"https:\/\/hoyre.no\/oslo\/#organization","name":"Oslo H\u00f8yre","url":"https:\/\/hoyre.no\/oslo\/","logo":{"@type":"ImageObject","inLanguage":"nb-NO","@id":"https:\/\/hoyre.no\/oslo\/#\/schema\/logo\/image\/","url":"https:\/\/hoyre.no\/content\/uploads\/sites\/408\/2022\/11\/Hoyres-logo.png","contentUrl":"https:\/\/hoyre.no\/content\/uploads\/sites\/408\/2022\/11\/Hoyres-logo.png","width":1000,"height":1000,"caption":"Oslo H\u00f8yre"},"image":{"@id":"https:\/\/hoyre.no\/oslo\/#\/schema\/logo\/image\/"},"sameAs":["https:\/\/www.facebook.com\/oslo.hoyre"]}]}},"distributor_meta":false,"distributor_terms":false,"distributor_media":false,"distributor_original_site_name":"Oslo H\u00f8yre","distributor_original_site_url":"https:\/\/hoyre.no\/oslo","push-errors":false,"_links":{"self":[{"href":"https:\/\/hoyre.no\/oslo\/wp-json\/wp\/v2\/pages\/6549","targetHints":{"allow":["GET"]}}],"collection":[{"href":"https:\/\/hoyre.no\/oslo\/wp-json\/wp\/v2\/pages"}],"about":[{"href":"https:\/\/hoyre.no\/oslo\/wp-json\/wp\/v2\/types\/page"}],"author":[{"embeddable":true,"href":"https:\/\/hoyre.no\/oslo\/wp-json\/wp\/v2\/users\/31424"}],"replies":[{"embeddable":true,"href":"https:\/\/hoyre.no\/oslo\/wp-json\/wp\/v2\/comments?post=6549"}],"version-history":[{"count":8,"href":"https:\/\/hoyre.no\/oslo\/wp-json\/wp\/v2\/pages\/6549\/revisions"}],"predecessor-version":[{"id":6933,"href":"https:\/\/hoyre.no\/oslo\/wp-json\/wp\/v2\/pages\/6549\/revisions\/6933"}],"wp:attachment":[{"href":"https:\/\/hoyre.no\/oslo\/wp-json\/wp\/v2\/media?parent=6549"}],"curies":[{"name":"wp","href":"https:\/\/api.w.org\/{rel}","templated":true}]}}