{"id":7014,"date":"2024-08-05T12:52:13","date_gmt":"2024-08-05T10:52:13","guid":{"rendered":"https:\/\/hoyre.no\/oslo\/?page_id=7014"},"modified":"2024-08-05T13:00:09","modified_gmt":"2024-08-05T11:00:09","slug":"hammersborgerklaeringen","status":"publish","type":"page","link":"https:\/\/hoyre.no\/oslo\/hammersborgerklaeringen\/","title":{"rendered":"Byr\u00e5dets politiske grunnlag"},"content":{"rendered":"\n<div class=\"wp-block-hoyre-hero with-image-gradient text-color-light  alignfull has-background\"><div class=\"hoyre-hero \"><h1 class=\"title\">Byr\u00e5dsplattformen <\/h1><p class=\"preamble\">Her kan du lese Hammersborgerkl\u00e6ringen som er byr\u00e5dsplattformen til byr\u00e5det som best\u00e5r av H\u00f8yre og Venstre.<\/p><\/div><\/div>\n\n\n\n\n<div class=\"wp-block-teft-accentuated-link undefined has-image\"><div class=\"kf-link__wrapper\"><div class=\"kf-link__tagline\">Byr\u00e5dsplattform 2023-2027<\/div><a class=\"kf-link__link\" href=\"https:\/\/hoyre.no\/content\/uploads\/sites\/408\/2023\/10\/Hammersborgerklaeringen_24-10-23_Nett53.pdf\" rel=\"\">Hammersborgerkl\u00e6ringen<\/a><\/div><figure class=\"hoyre-image-wrapper\"><div class=\"hoyre-image\"><img loading=\"lazy\" decoding=\"async\" width=\"484\" height=\"680\" src=\"https:\/\/hoyre.no\/content\/uploads\/sites\/408\/2024\/08\/Hammersborgerklaeringen-bilde.jpg\" class=\"attachment-scaled size-scaled\" alt=\"\" style=\"object-position: 50% 50%\" srcset=\"https:\/\/hoyre.no\/content\/uploads\/sites\/408\/2024\/08\/Hammersborgerklaeringen-bilde.jpg 484w, https:\/\/hoyre.no\/content\/uploads\/sites\/408\/2024\/08\/Hammersborgerklaeringen-bilde-214x300.jpg 214w\" sizes=\"auto, (max-width: 484px) 100vw, 484px\" \/><\/div><\/figure><\/div>\n\n\n\n\n<h2 class=\"wp-block-heading\" id=\"h-verdens-beste-by\"><strong>Verdens beste by<\/strong><\/h2>\n\n\n\n<p>Oslo skal v\u00e6re verdens beste by \u00e5 bli f\u00f8dt i, vokse opp i, flytte til, leve i, og bli gammel i, uavhengig av hvem du er og hva slags bakgrunn du har. Det er byr\u00e5dets visjon for Oslo og utgangspunktet for denne erkl\u00e6ringen.<br><\/p>\n\n\n\n<p>For deg betyr det at vi skal skape den beste skolen. Vi skal l\u00f8fte Osloskolen og gi skolene st\u00f8rre handlingsrom til \u00e5 prioritere det som er viktig for \u00e5 l\u00f8fte den enkelte elev. Oslos elever fortjener en kunnskapsskole med de beste l\u00e6rerne, gode sosiale st\u00f8ttefunksjoner, gode skolebygg og tilpasset oppl\u00e6ring, slik at alle barn kan realisere sitt potensial og se muligheter for seg selv og sitt liv.<br><\/p>\n\n\n\n<p>For deg betyr det at vi skal f\u00f8re en mer offensiv klima- og milj\u00f8politikk. Vi skal kutte klimagassutslipp og ta vare p\u00e5 naturen, slik at kommende generasjoner kan leve gode og frie liv. Oslo trenger flere parker og gr\u00f8ntomr\u00e5der og mindre forurensing. Det skal alltid l\u00f8nne seg \u00e5 leve mest mulig milj\u00f8vennlig.<br><br>For deg betyr det Oslo kommune skal vise \u00f8konomisk m\u00e5tehold som sikrer handlingsrom til \u00e5 hjelpe de som trenger det mest. Kommunens inntekter skal forvaltes p\u00e5 en m\u00e5te som viser respekt for innbyggerne og n\u00e6ringslivet som har betalt inn skatter og avgifter. Du skal f\u00e5 mest mulig frihet til \u00e5 ta egne valg, slik at du kan ta vare p\u00e5 seg selv, familien og n\u00e6rmilj\u00f8et. Kommunen skal ikke v\u00e6re alt for<br>alle hele tiden, men mer for dem som trenger det mest.<br><\/p>\n\n\n\n<p>For deg betyr det at vi aldri skal gi opp folk. Vi skal f\u00f8re en fordomsfri sosialpolitikk og ha tilpassede l\u00f8sninger for dem som sliter. I v\u00e5r by skal ingen falle utenfor. Det er et offentlig ansvar \u00e5 stille opp for byens befolkning n\u00e5r de trenger det.<br><\/p>\n\n\n\n<p>For deg betyr det at vi skal la folk f\u00e5 v\u00e6re seg selv og bestemme mer selv. Du skal slippe \u00e5 bli utsatt for diskriminering og negativt sosialt press som reduserer din frihet til \u00e5 leve ditt liv slik du vil leve det. Vi skal feire mangfoldet som finnes i befolkningen, og kommunen skal f\u00e5 et mer variert og mangfoldig tjenestetilbud tilpasset ulike mennesker.<\/p>\n\n\n\n<p><br>For deg betyr det at Oslo skal v\u00e6re en foregangsby p\u00e5 \u00e5penhet og demokrati. Oslo skal v\u00e6re en by der befolkningen inkluderes i beslutninger som ang\u00e5r dem. Kommunen skal styres effektivt og kunnskapsbasert, med vekt p\u00e5 kvalitet i tjenestene. Makt skal flyttes n\u00e6rmere innbyggerne.<br><\/p>\n\n\n\n<p>For deg betyr det at Oslo skal v\u00e6re en by folk har lyst til \u00e5 bo i hele livet. Vi vil satse p\u00e5 et sterkt og fritt kulturliv som gj\u00f8r byen mer spennende, p\u00e5 idretten som bidrar til inkludering og begeistring i b\u00e5de topp og bredde, og p\u00e5 frivilligheten. Vi vil bidra til at Oslo blir en by som tiltrekker seg talenter og nytt n\u00e6ringsliv og legge bedre til rette for de mange akt\u00f8rene som gj\u00f8r byen v\u00e5r gr\u00f8nnere og mer levende.<br><\/p>\n\n\n\n<p>For deg betyr det at Oslo skal v\u00e6re en trygg by. Barn skal ha en trygg oppvekst, eldre skal ha en trygg alderdom, og byen skal oppleves som trygg og trivelig \u00e5 ferdes i for alle. Vi vil ruste opp gater og uteomr\u00e5der i byen og skape gode, trygge nabolag i hele byen.<br><\/p>\n\n\n\n<p>For deg betyr det at vi skal st\u00e5 opp for viktige verdier. Frihet, toleranse, mangfold, ansvarlighet og b\u00e6rekraft. Vi vil verne om enkeltmenneskenes og familienes frihet og det sivile samfunnet. N\u00e5r verden rundt oss er preget av uro og krefter som setter demokrati og frihet under press, skal Oslo g\u00e5 foran som et forbilde. Vi skal v\u00e6re en by som gir muligheter for alle og st\u00e5r opp for samhold.<br><\/p>\n\n\n\n<p>Vi skal invitere alle som bor og jobber i Oslo til \u00e5 bidra til \u00e5 gj\u00f8re byen enda bedre. For ingen skaper verdens beste by alene.<\/p>\n","protected":false},"excerpt":{"rendered":"<p>Verdens beste by Oslo skal v\u00e6re verdens beste by \u00e5 bli f\u00f8dt i, vokse opp i, flytte til, leve i, og bli gammel i, uavhengig av hvem du er og hva slags bakgrunn du har. Det er byr\u00e5dets visjon for Oslo og utgangspunktet for denne erkl\u00e6ringen. For deg betyr det at vi skal skape den [&hellip;]<\/p>\n","protected":false},"author":23018,"featured_media":0,"parent":0,"menu_order":0,"comment_status":"closed","ping_status":"closed","template":"","meta":{"teft_cards_image_url":"","teft_cards_custom_pretitle":"","teft_cards_image_id":0,"teft_cards_image_focal_point_x":0,"teft_cards_image_focal_point_y":0,"teft_cards_title":"","teft_cards_excerpt":"","teft_show_chapters":false,"footnotes":""},"class_list":["post-7014","page","type-page","status-publish","hentry"],"yoast_head":"<!-- This site is optimized with the Yoast SEO Premium plugin v26.5 (Yoast SEO v26.6) - https:\/\/yoast.com\/wordpress\/plugins\/seo\/ -->\n<title>Byr\u00e5dets politiske grunnlag - Oslo H\u00f8yre<\/title>\n<meta name=\"robots\" content=\"index, follow, max-snippet:-1, max-image-preview:large, max-video-preview:-1\" \/>\n<link rel=\"canonical\" href=\"https:\/\/hoyre.no\/oslo\/hammersborgerklaeringen\/\" \/>\n<meta property=\"og:locale\" content=\"nb_NO\" \/>\n<meta property=\"og:type\" content=\"article\" \/>\n<meta property=\"og:title\" content=\"Byr\u00e5dets politiske grunnlag\" \/>\n<meta property=\"og:description\" content=\"Verdens beste by Oslo skal v\u00e6re verdens beste by \u00e5 bli f\u00f8dt i, vokse opp i, flytte til, leve i, og bli gammel i, uavhengig av hvem du er og hva slags bakgrunn du har. Det er byr\u00e5dets visjon for Oslo og utgangspunktet for denne erkl\u00e6ringen. For deg betyr det at vi skal skape den [&hellip;]\" \/>\n<meta property=\"og:url\" content=\"https:\/\/hoyre.no\/oslo\/hammersborgerklaeringen\/\" \/>\n<meta property=\"og:site_name\" content=\"Oslo H\u00f8yre\" \/>\n<meta property=\"article:publisher\" content=\"https:\/\/www.facebook.com\/oslo.hoyre\" \/>\n<meta property=\"article:modified_time\" content=\"2024-08-05T11:00:09+00:00\" \/>\n<meta property=\"og:image\" content=\"https:\/\/hoyre.no\/content\/uploads\/sites\/408\/2022\/11\/Hoyres-logo.png\" \/>\n\t<meta property=\"og:image:width\" content=\"1000\" \/>\n\t<meta property=\"og:image:height\" content=\"1000\" \/>\n\t<meta property=\"og:image:type\" content=\"image\/png\" \/>\n<meta name=\"twitter:card\" content=\"summary_large_image\" \/>\n<meta name=\"twitter:label1\" content=\"Ansl. lesetid\" \/>\n\t<meta name=\"twitter:data1\" content=\"4 minutter\" \/>\n<script type=\"application\/ld+json\" class=\"yoast-schema-graph\">{\"@context\":\"https:\/\/schema.org\",\"@graph\":[{\"@type\":\"WebPage\",\"@id\":\"https:\/\/hoyre.no\/oslo\/hammersborgerklaeringen\/\",\"url\":\"https:\/\/hoyre.no\/oslo\/hammersborgerklaeringen\/\",\"name\":\"Byr\u00e5dets politiske grunnlag - Oslo H\u00f8yre\",\"isPartOf\":{\"@id\":\"https:\/\/hoyre.no\/oslo\/#website\"},\"datePublished\":\"2024-08-05T10:52:13+00:00\",\"dateModified\":\"2024-08-05T11:00:09+00:00\",\"breadcrumb\":{\"@id\":\"https:\/\/hoyre.no\/oslo\/hammersborgerklaeringen\/#breadcrumb\"},\"inLanguage\":\"nb-NO\",\"potentialAction\":[{\"@type\":\"ReadAction\",\"target\":[\"https:\/\/hoyre.no\/oslo\/hammersborgerklaeringen\/\"]}]},{\"@type\":\"BreadcrumbList\",\"@id\":\"https:\/\/hoyre.no\/oslo\/hammersborgerklaeringen\/#breadcrumb\",\"itemListElement\":[{\"@type\":\"ListItem\",\"position\":1,\"name\":\"Til hoyre.no\",\"item\":\"https:\/\/hoyre.no\"},{\"@type\":\"ListItem\",\"position\":2,\"name\":\"Hjem\",\"item\":\"https:\/\/hoyre.no\/oslo\/\"},{\"@type\":\"ListItem\",\"position\":3,\"name\":\"Byr\u00e5dets politiske grunnlag\"}]},{\"@type\":\"WebSite\",\"@id\":\"https:\/\/hoyre.no\/oslo\/#website\",\"url\":\"https:\/\/hoyre.no\/oslo\/\",\"name\":\"Oslo H\u00f8yre\",\"description\":\"\",\"publisher\":{\"@id\":\"https:\/\/hoyre.no\/oslo\/#organization\"},\"inLanguage\":\"nb-NO\"},{\"@type\":\"Organization\",\"@id\":\"https:\/\/hoyre.no\/oslo\/#organization\",\"name\":\"Oslo H\u00f8yre\",\"url\":\"https:\/\/hoyre.no\/oslo\/\",\"logo\":{\"@type\":\"ImageObject\",\"inLanguage\":\"nb-NO\",\"@id\":\"https:\/\/hoyre.no\/oslo\/#\/schema\/logo\/image\/\",\"url\":\"https:\/\/hoyre.no\/content\/uploads\/sites\/408\/2022\/11\/Hoyres-logo.png\",\"contentUrl\":\"https:\/\/hoyre.no\/content\/uploads\/sites\/408\/2022\/11\/Hoyres-logo.png\",\"width\":1000,\"height\":1000,\"caption\":\"Oslo H\u00f8yre\"},\"image\":{\"@id\":\"https:\/\/hoyre.no\/oslo\/#\/schema\/logo\/image\/\"},\"sameAs\":[\"https:\/\/www.facebook.com\/oslo.hoyre\"]}]}<\/script>\n<!-- \/ Yoast SEO Premium plugin. -->","yoast_head_json":{"title":"Byr\u00e5dets politiske grunnlag - Oslo H\u00f8yre","robots":{"index":"index","follow":"follow","max-snippet":"max-snippet:-1","max-image-preview":"max-image-preview:large","max-video-preview":"max-video-preview:-1"},"canonical":"https:\/\/hoyre.no\/oslo\/hammersborgerklaeringen\/","og_locale":"nb_NO","og_type":"article","og_title":"Byr\u00e5dets politiske grunnlag","og_description":"Verdens beste by Oslo skal v\u00e6re verdens beste by \u00e5 bli f\u00f8dt i, vokse opp i, flytte til, leve i, og bli gammel i, uavhengig av hvem du er og hva slags bakgrunn du har. Det er byr\u00e5dets visjon for Oslo og utgangspunktet for denne erkl\u00e6ringen. For deg betyr det at vi skal skape den [&hellip;]","og_url":"https:\/\/hoyre.no\/oslo\/hammersborgerklaeringen\/","og_site_name":"Oslo H\u00f8yre","article_publisher":"https:\/\/www.facebook.com\/oslo.hoyre","article_modified_time":"2024-08-05T11:00:09+00:00","og_image":[{"width":1000,"height":1000,"url":"https:\/\/hoyre.no\/content\/uploads\/sites\/408\/2022\/11\/Hoyres-logo.png","type":"image\/png"}],"twitter_card":"summary_large_image","twitter_misc":{"Ansl. lesetid":"4 minutter"},"schema":{"@context":"https:\/\/schema.org","@graph":[{"@type":"WebPage","@id":"https:\/\/hoyre.no\/oslo\/hammersborgerklaeringen\/","url":"https:\/\/hoyre.no\/oslo\/hammersborgerklaeringen\/","name":"Byr\u00e5dets politiske grunnlag - Oslo H\u00f8yre","isPartOf":{"@id":"https:\/\/hoyre.no\/oslo\/#website"},"datePublished":"2024-08-05T10:52:13+00:00","dateModified":"2024-08-05T11:00:09+00:00","breadcrumb":{"@id":"https:\/\/hoyre.no\/oslo\/hammersborgerklaeringen\/#breadcrumb"},"inLanguage":"nb-NO","potentialAction":[{"@type":"ReadAction","target":["https:\/\/hoyre.no\/oslo\/hammersborgerklaeringen\/"]}]},{"@type":"BreadcrumbList","@id":"https:\/\/hoyre.no\/oslo\/hammersborgerklaeringen\/#breadcrumb","itemListElement":[{"@type":"ListItem","position":1,"name":"Til hoyre.no","item":"https:\/\/hoyre.no"},{"@type":"ListItem","position":2,"name":"Hjem","item":"https:\/\/hoyre.no\/oslo\/"},{"@type":"ListItem","position":3,"name":"Byr\u00e5dets politiske grunnlag"}]},{"@type":"WebSite","@id":"https:\/\/hoyre.no\/oslo\/#website","url":"https:\/\/hoyre.no\/oslo\/","name":"Oslo H\u00f8yre","description":"","publisher":{"@id":"https:\/\/hoyre.no\/oslo\/#organization"},"inLanguage":"nb-NO"},{"@type":"Organization","@id":"https:\/\/hoyre.no\/oslo\/#organization","name":"Oslo H\u00f8yre","url":"https:\/\/hoyre.no\/oslo\/","logo":{"@type":"ImageObject","inLanguage":"nb-NO","@id":"https:\/\/hoyre.no\/oslo\/#\/schema\/logo\/image\/","url":"https:\/\/hoyre.no\/content\/uploads\/sites\/408\/2022\/11\/Hoyres-logo.png","contentUrl":"https:\/\/hoyre.no\/content\/uploads\/sites\/408\/2022\/11\/Hoyres-logo.png","width":1000,"height":1000,"caption":"Oslo H\u00f8yre"},"image":{"@id":"https:\/\/hoyre.no\/oslo\/#\/schema\/logo\/image\/"},"sameAs":["https:\/\/www.facebook.com\/oslo.hoyre"]}]}},"distributor_meta":false,"distributor_terms":false,"distributor_media":false,"distributor_original_site_name":"Oslo H\u00f8yre","distributor_original_site_url":"https:\/\/hoyre.no\/oslo","push-errors":false,"_links":{"self":[{"href":"https:\/\/hoyre.no\/oslo\/wp-json\/wp\/v2\/pages\/7014","targetHints":{"allow":["GET"]}}],"collection":[{"href":"https:\/\/hoyre.no\/oslo\/wp-json\/wp\/v2\/pages"}],"about":[{"href":"https:\/\/hoyre.no\/oslo\/wp-json\/wp\/v2\/types\/page"}],"author":[{"embeddable":true,"href":"https:\/\/hoyre.no\/oslo\/wp-json\/wp\/v2\/users\/23018"}],"replies":[{"embeddable":true,"href":"https:\/\/hoyre.no\/oslo\/wp-json\/wp\/v2\/comments?post=7014"}],"version-history":[{"count":3,"href":"https:\/\/hoyre.no\/oslo\/wp-json\/wp\/v2\/pages\/7014\/revisions"}],"predecessor-version":[{"id":7020,"href":"https:\/\/hoyre.no\/oslo\/wp-json\/wp\/v2\/pages\/7014\/revisions\/7020"}],"wp:attachment":[{"href":"https:\/\/hoyre.no\/oslo\/wp-json\/wp\/v2\/media?parent=7014"}],"curies":[{"name":"wp","href":"https:\/\/api.w.org\/{rel}","templated":true}]}}