{"id":7021,"date":"2024-08-05T13:38:46","date_gmt":"2024-08-05T11:38:46","guid":{"rendered":"https:\/\/hoyre.no\/oslo\/?page_id=7021"},"modified":"2024-08-09T13:49:53","modified_gmt":"2024-08-09T11:49:53","slug":"vi-mener","status":"publish","type":"page","link":"https:\/\/hoyre.no\/oslo\/politikk\/vi-mener\/","title":{"rendered":"Vi mener"},"content":{"rendered":"\n<div class=\"wp-block-hoyre-hero with-image-gradient text-color-light  alignfull has-background\"><div class=\"hoyre-hero \"><h1 class=\"title\">Oslo H\u00f8yres politikk<\/h1><\/div><\/div>\n\n\n\n\n\n<h2 class=\"wp-block-heading alignwide\" id=\"h-var-politikk-fra-a-til-a\">V\u00e5r politikk fra A til \u00c5<\/h2>\n\n\n\n<h2 class=\"wp-block-heading alignwide\" id=\"h-a\">A<\/h2>\n\n\n\n<h4 class=\"wp-block-heading alignwide\" id=\"h-alkoholpolitikk\"><a href=\"https:\/\/hoyre.no\/oslo\/politikk\/vi-mener\/alkoholpolitikk\/\">Alkoholpolitikk<\/a><\/h4>\n\n\n\n<h4 class=\"wp-block-heading alignwide\" id=\"h-aktivitetsskolen\"><a href=\"https:\/\/hoyre.no\/oslo\/politikk\/vi-mener\/aktivitetsskolen\/\">Aktivitetsskolen<\/a><\/h4>\n\n\n\n<h2 class=\"wp-block-heading alignwide\" id=\"h-b\">B<\/h2>\n\n\n\n<h4 class=\"wp-block-heading alignwide\" id=\"h-barnehager\"><a href=\"https:\/\/hoyre.no\/oslo\/politikk\/vi-mener\/barnehager\/\">Barnehager<\/a><\/h4>\n\n\n\n<h4 class=\"wp-block-heading alignwide\" id=\"h-barnevernet\"><a href=\"https:\/\/hoyre.no\/oslo\/politikk\/vi-mener\/barnevernet\/\">Barnevernet<\/a><\/h4>\n\n\n\n<h4 class=\"wp-block-heading alignwide\" id=\"h-busstilbudet\"><a href=\"https:\/\/hoyre.no\/oslo\/politikk\/vi-mener\/busstilbudet\/\">Busstilbudet<\/a><\/h4>\n\n\n\n<h4 class=\"wp-block-heading alignwide\" id=\"h-bilpolitikk\"><a href=\"https:\/\/hoyre.no\/oslo\/politikk\/vi-mener\/bilpolitikk\/\">Bilpolitikk<\/a><\/h4>\n\n\n\n<h4 class=\"wp-block-heading alignwide\" id=\"h-boligpolitikk\"><a href=\"https:\/\/hoyre.no\/oslo\/politikk\/vi-mener\/boligpolitikk\/\">Boligpolitikk<\/a><\/h4>\n\n\n\n<h4 class=\"wp-block-heading alignwide\" id=\"h-bompenger\"><a href=\"https:\/\/hoyre.no\/oslo\/politikk\/vi-mener\/bompenger\/\">Bompenger<\/a><\/h4>\n\n\n\n<h4 class=\"wp-block-heading alignwide\" id=\"h-bydelene-og-bydelsutvalg\"><a href=\"https:\/\/hoyre.no\/oslo\/politikk\/vi-mener\/bydelene-og-bydelsutvalgene\/\">Bydelene og bydelsutvalg<\/a><\/h4>\n\n\n\n<h4 class=\"wp-block-heading alignwide\" id=\"h-byutvikling\">Byutvikling<\/h4>\n\n\n\n<h4 class=\"wp-block-heading alignwide\" id=\"h-byliv\">Byliv<\/h4>\n\n\n\n<h2 class=\"wp-block-heading alignwide\" id=\"h-c\">C<\/h2>\n\n\n\n<h4 class=\"wp-block-heading alignwide\" id=\"h-campus-ekeberg\"><a href=\"https:\/\/hoyre.no\/oslo\/aktuelt\/byradet-innfrir-campus-ekeberg\/\">Campus Ekeberg<\/a><\/h4>\n\n\n\n<h2 class=\"wp-block-heading alignwide\" id=\"h-e\">E<\/h2>\n\n\n\n<h4 class=\"wp-block-heading alignwide\" id=\"h-eiendomsskatt\"><a href=\"https:\/\/hoyre.no\/oslo\/politikk\/vi-mener\/eiendomsskatt\/\">Eiendomsskatt<\/a><\/h4>\n\n\n\n<h4 class=\"wp-block-heading alignwide\" id=\"h-elbiler\">Elbiler<\/h4>\n\n\n\n<h4 class=\"wp-block-heading alignwide\" id=\"h-elsparkesykler\">Elsparkesykler<\/h4>\n\n\n\n<h4 class=\"wp-block-heading alignwide\" id=\"h-eldreomsorg\">Eldreomsorg<\/h4>\n\n\n\n<h2 class=\"wp-block-heading alignwide\" id=\"h-f\">F<\/h2>\n\n\n\n<h4 class=\"wp-block-heading alignwide\" id=\"h-fritidstilbud-for-barn-og-unge\">Fritidstilbud for barn og unge<\/h4>\n\n\n\n<h4 class=\"wp-block-heading alignwide\" id=\"h-fritt-skolevalg\">Fritt skolevalg<\/h4>\n\n\n\n<h4 class=\"wp-block-heading alignwide\" id=\"h-frivillige-organisasjoner\">Frivillige organisasjoner<\/h4>\n\n\n\n<h2 class=\"wp-block-heading alignwide\" id=\"h-g\">G<\/h2>\n\n\n\n<h4 class=\"wp-block-heading alignwide\" id=\"h-grunnskolen\">Grunnskolen<\/h4>\n\n\n\n<h2 class=\"wp-block-heading alignwide\" id=\"h-h\">H<\/h2>\n\n\n\n<h4 class=\"wp-block-heading alignwide\" id=\"h-helsetjenester\">Helsetjenester<\/h4>\n\n\n\n<h2 class=\"wp-block-heading alignwide\" id=\"h-i\">I<\/h2>\n\n\n\n<h4 class=\"wp-block-heading alignwide\" id=\"h-idrett\">Idrett<\/h4>\n\n\n\n<h4 class=\"wp-block-heading alignwide\" id=\"h-innvandring\">Innvandring<\/h4>\n\n\n\n<h4 class=\"wp-block-heading alignwide\" id=\"h-integrering\">Integrering<\/h4>\n\n\n\n<h2 class=\"wp-block-heading alignwide\" id=\"h-k\">K<\/h2>\n\n\n\n<h4 class=\"wp-block-heading alignwide\" id=\"h-kartleggingsprover-i-skolen\">Kartleggingspr\u00f8ver i skolen<\/h4>\n\n\n\n<h4 class=\"wp-block-heading alignwide\" id=\"h-karakterer-i-skolen\">Karakterer i skolen<\/h4>\n\n\n\n<h4 class=\"wp-block-heading alignwide\" id=\"h-kvalitet-i-skolen\">Kvalitet i skolen<\/h4>\n\n\n\n<h4 class=\"wp-block-heading alignwide\" id=\"h-klima\">Klima<\/h4>\n\n\n\n<h4 class=\"wp-block-heading alignwide\" id=\"h-kollektivtrafikk\">Kollektivtrafikk<\/h4>\n\n\n\n<h4 class=\"wp-block-heading alignwide\" id=\"h-kommunale-avgifter\">Kommunale avgifter<\/h4>\n\n\n\n<h4 class=\"wp-block-heading alignwide\" id=\"h-konkurranseutsetting\">Konkurranseutsetting<\/h4>\n\n\n\n<h4 class=\"wp-block-heading alignwide\" id=\"h-kriminalitet-og-forebygging\">Kriminalitet og forebygging<\/h4>\n\n\n\n<h4 class=\"wp-block-heading alignwide\" id=\"h-kunst-og-kulturtilbud\">Kunst- og kulturtilbud<\/h4>\n\n\n\n<h2 class=\"wp-block-heading alignwide\" id=\"h-l\">L<\/h2>\n\n\n\n<h4 class=\"wp-block-heading alignwide\" id=\"h-laerere\">L\u00e6rere<\/h4>\n\n\n\n<h2 class=\"wp-block-heading alignwide\" id=\"h-m\">M<\/h2>\n\n\n\n<h4 class=\"wp-block-heading alignwide\" id=\"h-manglerudtunnelen\">Manglerudtunnelen<\/h4>\n\n\n\n<h4 class=\"wp-block-heading alignwide\" id=\"h-marka\">Marka<\/h4>\n\n\n\n<h4 class=\"wp-block-heading alignwide\" id=\"h-miljo\">Milj\u00f8<\/h4>\n\n\n\n<h2 class=\"wp-block-heading alignwide\" id=\"h-n\">N<\/h2>\n\n\n\n<h4 class=\"wp-block-heading alignwide\" id=\"h-negativ-sosial-kontroll\">Negativ sosial kontroll<\/h4>\n\n\n\n<h4 class=\"wp-block-heading alignwide\" id=\"h-naeringsliv-og-naeringspolitikk\">N\u00e6ringsliv og n\u00e6ringspolitikk<\/h4>\n\n\n\n<h2 class=\"wp-block-heading alignwide\" id=\"h-o\">O<\/h2>\n\n\n\n<h4 class=\"wp-block-heading alignwide\" id=\"h-oppvekst\">Oppvekst<\/h4>\n\n\n\n<h4 class=\"wp-block-heading alignwide\" id=\"h-oslofjorden\">Oslofjorden<\/h4>\n\n\n\n<h4 class=\"wp-block-heading alignwide\" id=\"h-oslopakke-3\">Oslopakke 3<\/h4>\n\n\n\n<h2 class=\"wp-block-heading alignwide\" id=\"h-p\">P<\/h2>\n\n\n\n<h4 class=\"wp-block-heading alignwide\" id=\"h-parkeringsplasser\">Parkeringsplasser<\/h4>\n\n\n\n<h4 class=\"wp-block-heading alignwide\" id=\"h-psykisk-helse\">Psykisk Helse<\/h4>\n\n\n\n<h2 class=\"wp-block-heading alignwide\" id=\"h-r\">R<\/h2>\n\n\n\n<h4 class=\"wp-block-heading alignwide\" id=\"h-rusomsorg-og-rusreform\">Rusomsorg og rusreform<\/h4>\n\n\n\n<h4 class=\"wp-block-heading alignwide\" id=\"h-roatunnelen\">R\u00f8atunnelen<\/h4>\n\n\n\n<h2 class=\"wp-block-heading alignwide\" id=\"h-s\">S<\/h2>\n\n\n\n<h4 class=\"wp-block-heading alignwide\" id=\"h-samferdselspolitikk\">Samferdselspolitikk<\/h4>\n\n\n\n<h4 class=\"wp-block-heading alignwide\" id=\"h-sommerskole\">Sommerskole<\/h4>\n\n\n\n<h4 class=\"wp-block-heading alignwide\" id=\"h-sosiale-tjenester\">Sosiale tjenester<\/h4>\n\n\n\n<h4 class=\"wp-block-heading alignwide\" id=\"h-studentboliger\">Studentboliger<\/h4>\n\n\n\n<h4 class=\"wp-block-heading alignwide\" id=\"h-sykehjem\">Sykehjem<\/h4>\n\n\n\n<h4 class=\"wp-block-heading alignwide\" id=\"h-sykehus\">Sykehus<\/h4>\n\n\n\n<h4 class=\"wp-block-heading alignwide\" id=\"h-sykkelbyen-oslo\">Sykkelbyen Oslo<\/h4>\n\n\n\n<h2 class=\"wp-block-heading alignwide\" id=\"h-t\">T<\/h2>\n\n\n\n<h4 class=\"wp-block-heading alignwide\" id=\"h-t-banetilbudet\">T-banetilbudet<\/h4>\n\n\n\n<h4 class=\"wp-block-heading alignwide\" id=\"h-trikken\">Trikken<\/h4>\n\n\n\n<h4 class=\"wp-block-heading alignwide\" id=\"h-tro-og-livssynspolitikk\">Tro- og livssynspolitikk<\/h4>\n\n\n\n<h2 class=\"wp-block-heading alignwide\" id=\"h-u\">U<\/h2>\n\n\n\n<h4 class=\"wp-block-heading alignwide\" id=\"h-universitetsbyen-oslo\">Universitetsbyen Oslo<\/h4>\n\n\n\n<h4 class=\"wp-block-heading alignwide\" id=\"h-ungdomsskolen\">Ungdomsskolen<\/h4>\n\n\n\n<h2 class=\"wp-block-heading alignwide\" id=\"h-v\">V<\/h2>\n\n\n\n<h4 class=\"wp-block-heading alignwide\" id=\"h-valgfrihet\">Valgfrihet<\/h4>\n\n\n\n<h4 class=\"wp-block-heading alignwide\" id=\"h-veier\">Veier<\/h4>\n\n\n\n<h4 class=\"wp-block-heading alignwide\" id=\"h-videregaende-skole-og-videregaende-opplaering\">Videreg\u00e5ende skole og videreg\u00e5ende oppl\u00e6ring<\/h4>\n\n\n\n<h4 class=\"wp-block-heading alignwide\" id=\"h-voksenopplaering\">Voksenoppl\u00e6ring<\/h4>\n\n\n\n<h3 class=\"wp-block-heading alignwide\" id=\"h-y\">Y<\/h3>\n\n\n\n<h4 class=\"wp-block-heading alignwide\" id=\"h-yrkesfag\">Yrkesfag<\/h4>\n","protected":false},"excerpt":{"rendered":"<p>V\u00e5r politikk fra A til \u00c5 A Alkoholpolitikk Aktivitetsskolen B Barnehager Barnevernet Busstilbudet Bilpolitikk Boligpolitikk Bompenger Bydelene og bydelsutvalg Byutvikling Byliv C Campus Ekeberg E Eiendomsskatt Elbiler Elsparkesykler Eldreomsorg F Fritidstilbud for barn og unge Fritt skolevalg Frivillige organisasjoner G Grunnskolen H Helsetjenester I Idrett Innvandring Integrering K Kartleggingspr\u00f8ver i skolen Karakterer i skolen Kvalitet [&hellip;]<\/p>\n","protected":false},"author":23018,"featured_media":0,"parent":5,"menu_order":0,"comment_status":"closed","ping_status":"closed","template":"","meta":{"teft_cards_image_url":"","teft_cards_custom_pretitle":"","teft_cards_image_id":0,"teft_cards_image_focal_point_x":0,"teft_cards_image_focal_point_y":0,"teft_cards_title":"","teft_cards_excerpt":"","teft_show_chapters":false,"footnotes":""},"class_list":["post-7021","page","type-page","status-publish","hentry"],"yoast_head":"<!-- This site is optimized with the Yoast SEO Premium plugin v26.5 (Yoast SEO v26.6) - https:\/\/yoast.com\/wordpress\/plugins\/seo\/ -->\n<title>Vi mener - Oslo H\u00f8yre<\/title>\n<meta name=\"robots\" content=\"index, follow, max-snippet:-1, max-image-preview:large, max-video-preview:-1\" \/>\n<link rel=\"canonical\" href=\"https:\/\/hoyre.no\/oslo\/politikk\/vi-mener\/\" \/>\n<meta property=\"og:locale\" content=\"nb_NO\" \/>\n<meta property=\"og:type\" content=\"article\" \/>\n<meta property=\"og:title\" content=\"Vi mener\" \/>\n<meta property=\"og:description\" content=\"V\u00e5r politikk fra A til \u00c5 A Alkoholpolitikk Aktivitetsskolen B Barnehager Barnevernet Busstilbudet Bilpolitikk Boligpolitikk Bompenger Bydelene og bydelsutvalg Byutvikling Byliv C Campus Ekeberg E Eiendomsskatt Elbiler Elsparkesykler Eldreomsorg F Fritidstilbud for barn og unge Fritt skolevalg Frivillige organisasjoner G Grunnskolen H Helsetjenester I Idrett Innvandring Integrering K Kartleggingspr\u00f8ver i skolen Karakterer i skolen Kvalitet [&hellip;]\" \/>\n<meta property=\"og:url\" content=\"https:\/\/hoyre.no\/oslo\/politikk\/vi-mener\/\" \/>\n<meta property=\"og:site_name\" content=\"Oslo H\u00f8yre\" \/>\n<meta property=\"article:publisher\" content=\"https:\/\/www.facebook.com\/oslo.hoyre\" \/>\n<meta property=\"article:modified_time\" content=\"2024-08-09T11:49:53+00:00\" \/>\n<meta property=\"og:image\" content=\"https:\/\/hoyre.no\/content\/uploads\/sites\/408\/2022\/11\/Hoyres-logo.png\" \/>\n\t<meta property=\"og:image:width\" content=\"1000\" \/>\n\t<meta property=\"og:image:height\" content=\"1000\" \/>\n\t<meta property=\"og:image:type\" content=\"image\/png\" \/>\n<meta name=\"twitter:card\" content=\"summary_large_image\" \/>\n<meta name=\"twitter:label1\" content=\"Ansl. lesetid\" \/>\n\t<meta name=\"twitter:data1\" content=\"1 minutt\" \/>\n<script type=\"application\/ld+json\" class=\"yoast-schema-graph\">{\"@context\":\"https:\/\/schema.org\",\"@graph\":[{\"@type\":\"WebPage\",\"@id\":\"https:\/\/hoyre.no\/oslo\/politikk\/vi-mener\/\",\"url\":\"https:\/\/hoyre.no\/oslo\/politikk\/vi-mener\/\",\"name\":\"Vi mener - Oslo H\u00f8yre\",\"isPartOf\":{\"@id\":\"https:\/\/hoyre.no\/oslo\/#website\"},\"datePublished\":\"2024-08-05T11:38:46+00:00\",\"dateModified\":\"2024-08-09T11:49:53+00:00\",\"breadcrumb\":{\"@id\":\"https:\/\/hoyre.no\/oslo\/politikk\/vi-mener\/#breadcrumb\"},\"inLanguage\":\"nb-NO\",\"potentialAction\":[{\"@type\":\"ReadAction\",\"target\":[\"https:\/\/hoyre.no\/oslo\/politikk\/vi-mener\/\"]}]},{\"@type\":\"BreadcrumbList\",\"@id\":\"https:\/\/hoyre.no\/oslo\/politikk\/vi-mener\/#breadcrumb\",\"itemListElement\":[{\"@type\":\"ListItem\",\"position\":1,\"name\":\"Til hoyre.no\",\"item\":\"https:\/\/hoyre.no\"},{\"@type\":\"ListItem\",\"position\":2,\"name\":\"Hjem\",\"item\":\"https:\/\/hoyre.no\/oslo\/\"},{\"@type\":\"ListItem\",\"position\":3,\"name\":\"Politikk\",\"item\":\"https:\/\/hoyre.no\/oslo\/politikk\/\"},{\"@type\":\"ListItem\",\"position\":4,\"name\":\"Vi mener\"}]},{\"@type\":\"WebSite\",\"@id\":\"https:\/\/hoyre.no\/oslo\/#website\",\"url\":\"https:\/\/hoyre.no\/oslo\/\",\"name\":\"Oslo H\u00f8yre\",\"description\":\"\",\"publisher\":{\"@id\":\"https:\/\/hoyre.no\/oslo\/#organization\"},\"inLanguage\":\"nb-NO\"},{\"@type\":\"Organization\",\"@id\":\"https:\/\/hoyre.no\/oslo\/#organization\",\"name\":\"Oslo H\u00f8yre\",\"url\":\"https:\/\/hoyre.no\/oslo\/\",\"logo\":{\"@type\":\"ImageObject\",\"inLanguage\":\"nb-NO\",\"@id\":\"https:\/\/hoyre.no\/oslo\/#\/schema\/logo\/image\/\",\"url\":\"https:\/\/hoyre.no\/content\/uploads\/sites\/408\/2022\/11\/Hoyres-logo.png\",\"contentUrl\":\"https:\/\/hoyre.no\/content\/uploads\/sites\/408\/2022\/11\/Hoyres-logo.png\",\"width\":1000,\"height\":1000,\"caption\":\"Oslo H\u00f8yre\"},\"image\":{\"@id\":\"https:\/\/hoyre.no\/oslo\/#\/schema\/logo\/image\/\"},\"sameAs\":[\"https:\/\/www.facebook.com\/oslo.hoyre\"]}]}<\/script>\n<!-- \/ Yoast SEO Premium plugin. -->","yoast_head_json":{"title":"Vi mener - Oslo H\u00f8yre","robots":{"index":"index","follow":"follow","max-snippet":"max-snippet:-1","max-image-preview":"max-image-preview:large","max-video-preview":"max-video-preview:-1"},"canonical":"https:\/\/hoyre.no\/oslo\/politikk\/vi-mener\/","og_locale":"nb_NO","og_type":"article","og_title":"Vi mener","og_description":"V\u00e5r politikk fra A til \u00c5 A Alkoholpolitikk Aktivitetsskolen B Barnehager Barnevernet Busstilbudet Bilpolitikk Boligpolitikk Bompenger Bydelene og bydelsutvalg Byutvikling Byliv C Campus Ekeberg E Eiendomsskatt Elbiler Elsparkesykler Eldreomsorg F Fritidstilbud for barn og unge Fritt skolevalg Frivillige organisasjoner G Grunnskolen H Helsetjenester I Idrett Innvandring Integrering K Kartleggingspr\u00f8ver i skolen Karakterer i skolen Kvalitet [&hellip;]","og_url":"https:\/\/hoyre.no\/oslo\/politikk\/vi-mener\/","og_site_name":"Oslo H\u00f8yre","article_publisher":"https:\/\/www.facebook.com\/oslo.hoyre","article_modified_time":"2024-08-09T11:49:53+00:00","og_image":[{"width":1000,"height":1000,"url":"https:\/\/hoyre.no\/content\/uploads\/sites\/408\/2022\/11\/Hoyres-logo.png","type":"image\/png"}],"twitter_card":"summary_large_image","twitter_misc":{"Ansl. lesetid":"1 minutt"},"schema":{"@context":"https:\/\/schema.org","@graph":[{"@type":"WebPage","@id":"https:\/\/hoyre.no\/oslo\/politikk\/vi-mener\/","url":"https:\/\/hoyre.no\/oslo\/politikk\/vi-mener\/","name":"Vi mener - Oslo H\u00f8yre","isPartOf":{"@id":"https:\/\/hoyre.no\/oslo\/#website"},"datePublished":"2024-08-05T11:38:46+00:00","dateModified":"2024-08-09T11:49:53+00:00","breadcrumb":{"@id":"https:\/\/hoyre.no\/oslo\/politikk\/vi-mener\/#breadcrumb"},"inLanguage":"nb-NO","potentialAction":[{"@type":"ReadAction","target":["https:\/\/hoyre.no\/oslo\/politikk\/vi-mener\/"]}]},{"@type":"BreadcrumbList","@id":"https:\/\/hoyre.no\/oslo\/politikk\/vi-mener\/#breadcrumb","itemListElement":[{"@type":"ListItem","position":1,"name":"Til hoyre.no","item":"https:\/\/hoyre.no"},{"@type":"ListItem","position":2,"name":"Hjem","item":"https:\/\/hoyre.no\/oslo\/"},{"@type":"ListItem","position":3,"name":"Politikk","item":"https:\/\/hoyre.no\/oslo\/politikk\/"},{"@type":"ListItem","position":4,"name":"Vi mener"}]},{"@type":"WebSite","@id":"https:\/\/hoyre.no\/oslo\/#website","url":"https:\/\/hoyre.no\/oslo\/","name":"Oslo H\u00f8yre","description":"","publisher":{"@id":"https:\/\/hoyre.no\/oslo\/#organization"},"inLanguage":"nb-NO"},{"@type":"Organization","@id":"https:\/\/hoyre.no\/oslo\/#organization","name":"Oslo H\u00f8yre","url":"https:\/\/hoyre.no\/oslo\/","logo":{"@type":"ImageObject","inLanguage":"nb-NO","@id":"https:\/\/hoyre.no\/oslo\/#\/schema\/logo\/image\/","url":"https:\/\/hoyre.no\/content\/uploads\/sites\/408\/2022\/11\/Hoyres-logo.png","contentUrl":"https:\/\/hoyre.no\/content\/uploads\/sites\/408\/2022\/11\/Hoyres-logo.png","width":1000,"height":1000,"caption":"Oslo H\u00f8yre"},"image":{"@id":"https:\/\/hoyre.no\/oslo\/#\/schema\/logo\/image\/"},"sameAs":["https:\/\/www.facebook.com\/oslo.hoyre"]}]}},"distributor_meta":false,"distributor_terms":false,"distributor_media":false,"distributor_original_site_name":"Oslo H\u00f8yre","distributor_original_site_url":"https:\/\/hoyre.no\/oslo","push-errors":false,"_links":{"self":[{"href":"https:\/\/hoyre.no\/oslo\/wp-json\/wp\/v2\/pages\/7021","targetHints":{"allow":["GET"]}}],"collection":[{"href":"https:\/\/hoyre.no\/oslo\/wp-json\/wp\/v2\/pages"}],"about":[{"href":"https:\/\/hoyre.no\/oslo\/wp-json\/wp\/v2\/types\/page"}],"author":[{"embeddable":true,"href":"https:\/\/hoyre.no\/oslo\/wp-json\/wp\/v2\/users\/23018"}],"replies":[{"embeddable":true,"href":"https:\/\/hoyre.no\/oslo\/wp-json\/wp\/v2\/comments?post=7021"}],"version-history":[{"count":18,"href":"https:\/\/hoyre.no\/oslo\/wp-json\/wp\/v2\/pages\/7021\/revisions"}],"predecessor-version":[{"id":7125,"href":"https:\/\/hoyre.no\/oslo\/wp-json\/wp\/v2\/pages\/7021\/revisions\/7125"}],"up":[{"embeddable":true,"href":"https:\/\/hoyre.no\/oslo\/wp-json\/wp\/v2\/pages\/5"}],"wp:attachment":[{"href":"https:\/\/hoyre.no\/oslo\/wp-json\/wp\/v2\/media?parent=7021"}],"curies":[{"name":"wp","href":"https:\/\/api.w.org\/{rel}","templated":true}]}}