{"id":7056,"date":"2024-08-07T10:16:54","date_gmt":"2024-08-07T08:16:54","guid":{"rendered":"https:\/\/hoyre.no\/oslo\/?page_id=7056"},"modified":"2024-08-07T10:17:56","modified_gmt":"2024-08-07T08:17:56","slug":"barnevernet","status":"publish","type":"page","link":"https:\/\/hoyre.no\/oslo\/politikk\/vi-mener\/barnevernet\/","title":{"rendered":"Barnevernet"},"content":{"rendered":"\n<div class=\"wp-block-hoyre-hero with-image-gradient text-color-light  has-media alignfull has-background\"><div class=\"hoyre-hero has-image\"><h1 class=\"title\">Barnevernet i Oslo<\/h1><figure class=\"hoyre-image-wrapper\"><div class=\"hoyre-image\"><img loading=\"lazy\" decoding=\"async\" width=\"1920\" height=\"1080\" src=\"https:\/\/hoyre.no\/content\/uploads\/sites\/408\/2024\/08\/Barnevern.jpg\" class=\"attachment-scaled size-scaled\" alt=\"Illustrasjonsfoto av et barn som leker\" style=\"object-position: 50% 50%\" srcset=\"https:\/\/hoyre.no\/content\/uploads\/sites\/408\/2024\/08\/Barnevern.jpg 1920w, https:\/\/hoyre.no\/content\/uploads\/sites\/408\/2024\/08\/Barnevern-300x169.jpg 300w, https:\/\/hoyre.no\/content\/uploads\/sites\/408\/2024\/08\/Barnevern-1024x576.jpg 1024w, https:\/\/hoyre.no\/content\/uploads\/sites\/408\/2024\/08\/Barnevern-768x432.jpg 768w, https:\/\/hoyre.no\/content\/uploads\/sites\/408\/2024\/08\/Barnevern-1536x864.jpg 1536w\" sizes=\"auto, (max-width: 1920px) 100vw, 1920px\" \/><\/div><\/figure><\/div><\/div>\n\n\n\n\n<p>Det skal tilstrebes at barn f\u00e5r vokse opp sammen med foreldrene sine. Barnevernets oppgave med \u00e5 ivareta barns trygghet og beskytte mot vold, overgrep og omsorgssvikt er sv\u00e6rt viktig. Barnevernet skal v\u00e6re en ressurs og st\u00f8ttespiller for barna og familien deres, og kontakten mellom barnevernet og familien m\u00e5 bygge p\u00e5 gjensidig tillit.<\/p>\n\n\n\n<p>Et godt barnevern forutsetter stabil bemanning med riktig kompetanse, og et bedre samarbeid p\u00e5 tvers av bydelene. Barnehager, skoler og helsestasjoner har et viktig ansvar for \u00e5 si ifra dersom de tror et barn eller en ungdom ikke har det bra. For \u00e5 kunne bist\u00e5 tidlig er det derfor n\u00f8dvendig med et sterkere samarbeid mellom de ulike instansene som jobber med barn.<\/p>\n\n\n\n<p>Barnevernet skal ha kompetanse til \u00e5 forst\u00e5 at foreldrerollen kan ut\u00f8ves p\u00e5 forskjellige m\u00e5ter, men det enkelte barn skal ha rett til samme vern og trygghet uavhengig av bosted eller foreldrenes bakgrunn. I tilfeller der det er behov for mer inngripende tiltak, skal alltid barnets interesser komme f\u00f8rst.<\/p>\n\n\n\n<p><br><strong>Oslo H\u00f8yre vil<\/strong><\/p>\n\n\n\n<ul class=\"wp-block-list\">\n<li>s\u00f8rge for at alle ansatte i barnevernet f\u00e5r tilbud om etterutdanning som sikrer n\u00f8dvendig kompetanse til \u00e5 hjelpe byens barn med de utfordringene de har<\/li>\n\n\n\n<li>\u00f8ke Barne- og familieetatens andel av finansieringen av institusjonsplasser, slik at vi sikrer tilstrekkelig kapasitet og at kunnskapsbaserte tiltak utvikles og opprettholdes<\/li>\n\n\n\n<li>etablere avtaler med familievernet for \u00e5 sikre at foreldre som er fratatt omsorgen, f\u00e5r tilbud om bistand til \u00e5 bli bedre foreldre<\/li>\n\n\n\n<li>etablere gode kunnskapsbaserte hjelpetiltak i barnevernet som er tilgjengelig for barn i hele byen<\/li>\n\n\n\n<li>legge til rette for at private og ideelle kan tilby tiltak, som institusjonsplasser, til Oslos barnevern for \u00e5 sikre kapasitet, kvalitet og mangfold i tilbudet<\/li>\n<\/ul>\n\n","protected":false},"excerpt":{"rendered":"","protected":false},"author":23018,"featured_media":0,"parent":7021,"menu_order":0,"comment_status":"closed","ping_status":"closed","template":"","meta":{"teft_cards_image_url":"","teft_cards_custom_pretitle":"","teft_cards_image_id":7057,"teft_cards_image_focal_point_x":0.5,"teft_cards_image_focal_point_y":0.5,"teft_cards_title":"","teft_cards_excerpt":"","teft_show_chapters":false,"footnotes":""},"class_list":["post-7056","page","type-page","status-publish","hentry"],"yoast_head":"<!-- This site is optimized with the Yoast SEO Premium plugin v26.5 (Yoast SEO v26.6) - https:\/\/yoast.com\/wordpress\/plugins\/seo\/ -->\n<title>Barnevernet - Oslo H\u00f8yre<\/title>\n<meta name=\"robots\" content=\"index, follow, max-snippet:-1, max-image-preview:large, max-video-preview:-1\" \/>\n<link rel=\"canonical\" href=\"https:\/\/hoyre.no\/oslo\/politikk\/vi-mener\/barnevernet\/\" \/>\n<meta property=\"og:locale\" content=\"nb_NO\" \/>\n<meta property=\"og:type\" content=\"article\" \/>\n<meta property=\"og:title\" content=\"Barnevernet\" \/>\n<meta property=\"og:url\" content=\"https:\/\/hoyre.no\/oslo\/politikk\/vi-mener\/barnevernet\/\" \/>\n<meta property=\"og:site_name\" content=\"Oslo H\u00f8yre\" \/>\n<meta property=\"article:publisher\" content=\"https:\/\/www.facebook.com\/oslo.hoyre\" \/>\n<meta property=\"article:modified_time\" content=\"2024-08-07T08:17:56+00:00\" \/>\n<meta property=\"og:image\" content=\"https:\/\/hoyre.no\/content\/uploads\/sites\/408\/2024\/08\/Barnevern-1024x576.jpg\" \/>\n<meta name=\"twitter:card\" content=\"summary_large_image\" \/>\n<meta name=\"twitter:label1\" content=\"Ansl. lesetid\" \/>\n\t<meta name=\"twitter:data1\" content=\"2 minutter\" \/>\n<script type=\"application\/ld+json\" class=\"yoast-schema-graph\">{\"@context\":\"https:\/\/schema.org\",\"@graph\":[{\"@type\":\"WebPage\",\"@id\":\"https:\/\/hoyre.no\/oslo\/politikk\/vi-mener\/barnevernet\/\",\"url\":\"https:\/\/hoyre.no\/oslo\/politikk\/vi-mener\/barnevernet\/\",\"name\":\"Barnevernet - Oslo H\u00f8yre\",\"isPartOf\":{\"@id\":\"https:\/\/hoyre.no\/oslo\/#website\"},\"datePublished\":\"2024-08-07T08:16:54+00:00\",\"dateModified\":\"2024-08-07T08:17:56+00:00\",\"breadcrumb\":{\"@id\":\"https:\/\/hoyre.no\/oslo\/politikk\/vi-mener\/barnevernet\/#breadcrumb\"},\"inLanguage\":\"nb-NO\",\"potentialAction\":[{\"@type\":\"ReadAction\",\"target\":[\"https:\/\/hoyre.no\/oslo\/politikk\/vi-mener\/barnevernet\/\"]}]},{\"@type\":\"BreadcrumbList\",\"@id\":\"https:\/\/hoyre.no\/oslo\/politikk\/vi-mener\/barnevernet\/#breadcrumb\",\"itemListElement\":[{\"@type\":\"ListItem\",\"position\":1,\"name\":\"Til hoyre.no\",\"item\":\"https:\/\/hoyre.no\"},{\"@type\":\"ListItem\",\"position\":2,\"name\":\"Hjem\",\"item\":\"https:\/\/hoyre.no\/oslo\/\"},{\"@type\":\"ListItem\",\"position\":3,\"name\":\"Politikk\",\"item\":\"https:\/\/hoyre.no\/oslo\/politikk\/\"},{\"@type\":\"ListItem\",\"position\":4,\"name\":\"Vi mener\",\"item\":\"https:\/\/hoyre.no\/oslo\/politikk\/vi-mener\/\"},{\"@type\":\"ListItem\",\"position\":5,\"name\":\"Barnevernet\"}]},{\"@type\":\"WebSite\",\"@id\":\"https:\/\/hoyre.no\/oslo\/#website\",\"url\":\"https:\/\/hoyre.no\/oslo\/\",\"name\":\"Oslo H\u00f8yre\",\"description\":\"\",\"publisher\":{\"@id\":\"https:\/\/hoyre.no\/oslo\/#organization\"},\"inLanguage\":\"nb-NO\"},{\"@type\":\"Organization\",\"@id\":\"https:\/\/hoyre.no\/oslo\/#organization\",\"name\":\"Oslo H\u00f8yre\",\"url\":\"https:\/\/hoyre.no\/oslo\/\",\"logo\":{\"@type\":\"ImageObject\",\"inLanguage\":\"nb-NO\",\"@id\":\"https:\/\/hoyre.no\/oslo\/#\/schema\/logo\/image\/\",\"url\":\"https:\/\/hoyre.no\/content\/uploads\/sites\/408\/2022\/11\/Hoyres-logo.png\",\"contentUrl\":\"https:\/\/hoyre.no\/content\/uploads\/sites\/408\/2022\/11\/Hoyres-logo.png\",\"width\":1000,\"height\":1000,\"caption\":\"Oslo H\u00f8yre\"},\"image\":{\"@id\":\"https:\/\/hoyre.no\/oslo\/#\/schema\/logo\/image\/\"},\"sameAs\":[\"https:\/\/www.facebook.com\/oslo.hoyre\"]}]}<\/script>\n<!-- \/ Yoast SEO Premium plugin. -->","yoast_head_json":{"title":"Barnevernet - Oslo H\u00f8yre","robots":{"index":"index","follow":"follow","max-snippet":"max-snippet:-1","max-image-preview":"max-image-preview:large","max-video-preview":"max-video-preview:-1"},"canonical":"https:\/\/hoyre.no\/oslo\/politikk\/vi-mener\/barnevernet\/","og_locale":"nb_NO","og_type":"article","og_title":"Barnevernet","og_url":"https:\/\/hoyre.no\/oslo\/politikk\/vi-mener\/barnevernet\/","og_site_name":"Oslo H\u00f8yre","article_publisher":"https:\/\/www.facebook.com\/oslo.hoyre","article_modified_time":"2024-08-07T08:17:56+00:00","og_image":[{"url":"https:\/\/hoyre.no\/content\/uploads\/sites\/408\/2024\/08\/Barnevern-1024x576.jpg","width":"","height":"","type":""}],"twitter_card":"summary_large_image","twitter_misc":{"Ansl. lesetid":"2 minutter"},"schema":{"@context":"https:\/\/schema.org","@graph":[{"@type":"WebPage","@id":"https:\/\/hoyre.no\/oslo\/politikk\/vi-mener\/barnevernet\/","url":"https:\/\/hoyre.no\/oslo\/politikk\/vi-mener\/barnevernet\/","name":"Barnevernet - Oslo H\u00f8yre","isPartOf":{"@id":"https:\/\/hoyre.no\/oslo\/#website"},"datePublished":"2024-08-07T08:16:54+00:00","dateModified":"2024-08-07T08:17:56+00:00","breadcrumb":{"@id":"https:\/\/hoyre.no\/oslo\/politikk\/vi-mener\/barnevernet\/#breadcrumb"},"inLanguage":"nb-NO","potentialAction":[{"@type":"ReadAction","target":["https:\/\/hoyre.no\/oslo\/politikk\/vi-mener\/barnevernet\/"]}]},{"@type":"BreadcrumbList","@id":"https:\/\/hoyre.no\/oslo\/politikk\/vi-mener\/barnevernet\/#breadcrumb","itemListElement":[{"@type":"ListItem","position":1,"name":"Til hoyre.no","item":"https:\/\/hoyre.no"},{"@type":"ListItem","position":2,"name":"Hjem","item":"https:\/\/hoyre.no\/oslo\/"},{"@type":"ListItem","position":3,"name":"Politikk","item":"https:\/\/hoyre.no\/oslo\/politikk\/"},{"@type":"ListItem","position":4,"name":"Vi mener","item":"https:\/\/hoyre.no\/oslo\/politikk\/vi-mener\/"},{"@type":"ListItem","position":5,"name":"Barnevernet"}]},{"@type":"WebSite","@id":"https:\/\/hoyre.no\/oslo\/#website","url":"https:\/\/hoyre.no\/oslo\/","name":"Oslo H\u00f8yre","description":"","publisher":{"@id":"https:\/\/hoyre.no\/oslo\/#organization"},"inLanguage":"nb-NO"},{"@type":"Organization","@id":"https:\/\/hoyre.no\/oslo\/#organization","name":"Oslo H\u00f8yre","url":"https:\/\/hoyre.no\/oslo\/","logo":{"@type":"ImageObject","inLanguage":"nb-NO","@id":"https:\/\/hoyre.no\/oslo\/#\/schema\/logo\/image\/","url":"https:\/\/hoyre.no\/content\/uploads\/sites\/408\/2022\/11\/Hoyres-logo.png","contentUrl":"https:\/\/hoyre.no\/content\/uploads\/sites\/408\/2022\/11\/Hoyres-logo.png","width":1000,"height":1000,"caption":"Oslo H\u00f8yre"},"image":{"@id":"https:\/\/hoyre.no\/oslo\/#\/schema\/logo\/image\/"},"sameAs":["https:\/\/www.facebook.com\/oslo.hoyre"]}]}},"distributor_meta":false,"distributor_terms":false,"distributor_media":false,"distributor_original_site_name":"Oslo H\u00f8yre","distributor_original_site_url":"https:\/\/hoyre.no\/oslo","push-errors":false,"_links":{"self":[{"href":"https:\/\/hoyre.no\/oslo\/wp-json\/wp\/v2\/pages\/7056","targetHints":{"allow":["GET"]}}],"collection":[{"href":"https:\/\/hoyre.no\/oslo\/wp-json\/wp\/v2\/pages"}],"about":[{"href":"https:\/\/hoyre.no\/oslo\/wp-json\/wp\/v2\/types\/page"}],"author":[{"embeddable":true,"href":"https:\/\/hoyre.no\/oslo\/wp-json\/wp\/v2\/users\/23018"}],"replies":[{"embeddable":true,"href":"https:\/\/hoyre.no\/oslo\/wp-json\/wp\/v2\/comments?post=7056"}],"version-history":[{"count":3,"href":"https:\/\/hoyre.no\/oslo\/wp-json\/wp\/v2\/pages\/7056\/revisions"}],"predecessor-version":[{"id":7060,"href":"https:\/\/hoyre.no\/oslo\/wp-json\/wp\/v2\/pages\/7056\/revisions\/7060"}],"up":[{"embeddable":true,"href":"https:\/\/hoyre.no\/oslo\/wp-json\/wp\/v2\/pages\/7021"}],"wp:attachment":[{"href":"https:\/\/hoyre.no\/oslo\/wp-json\/wp\/v2\/media?parent=7056"}],"curies":[{"name":"wp","href":"https:\/\/api.w.org\/{rel}","templated":true}]}}