{"id":7063,"date":"2024-08-07T12:33:56","date_gmt":"2024-08-07T10:33:56","guid":{"rendered":"https:\/\/hoyre.no\/oslo\/?page_id=7063"},"modified":"2024-08-07T12:34:26","modified_gmt":"2024-08-07T10:34:26","slug":"busstilbudet","status":"publish","type":"page","link":"https:\/\/hoyre.no\/oslo\/politikk\/vi-mener\/busstilbudet\/","title":{"rendered":"Busstilbudet"},"content":{"rendered":"\n<div class=\"wp-block-hoyre-hero with-image-gradient text-color-light  has-media alignfull has-background\"><div class=\"hoyre-hero has-image\"><h1 class=\"title\">Bedre busstilbud i Oslo<\/h1><figure class=\"hoyre-image-wrapper\"><div class=\"hoyre-image\"><img loading=\"lazy\" decoding=\"async\" width=\"1920\" height=\"1279\" src=\"https:\/\/hoyre.no\/content\/uploads\/sites\/408\/2024\/08\/Buss-Kjelsas.jpg\" class=\"attachment-scaled size-scaled\" alt=\"Bilde av buss\" style=\"object-position: 50% 50%\" srcset=\"https:\/\/hoyre.no\/content\/uploads\/sites\/408\/2024\/08\/Buss-Kjelsas.jpg 1920w, https:\/\/hoyre.no\/content\/uploads\/sites\/408\/2024\/08\/Buss-Kjelsas-300x200.jpg 300w, https:\/\/hoyre.no\/content\/uploads\/sites\/408\/2024\/08\/Buss-Kjelsas-1024x682.jpg 1024w, https:\/\/hoyre.no\/content\/uploads\/sites\/408\/2024\/08\/Buss-Kjelsas-768x512.jpg 768w, https:\/\/hoyre.no\/content\/uploads\/sites\/408\/2024\/08\/Buss-Kjelsas-1536x1023.jpg 1536w\" sizes=\"auto, (max-width: 1920px) 100vw, 1920px\" \/><\/div><\/figure><\/div><\/div>\n\n\n\n\n<p><em>Foto: <a href=\"https:\/\/commons.wikimedia.org\/wiki\/File:Ruter_1292,_Nedre_Vollgate,_2019_(01).jpg\">Bahnfrend<\/a>, <a href=\"https:\/\/creativecommons.org\/licenses\/by-sa\/4.0\">CC BY-SA 4.0<\/a>, via Wikimedia Commons<\/em><\/p>\n\n\n\n<p><\/p>\n\n\n\n<p>Et godt kollektivtilbud er viktig for \u00e5 sikre alle muligheten til \u00e5 reise i byen n\u00e5r de selv \u00f8nsker det. Oslo har hatt en fantastisk vekst i kollektivtransporten, og denne er samtidig p\u00e5 god vei til \u00e5 bli utslippsfri. Bussene har en viktig plass i byens kollektivtilbud, og det er viktig \u00e5 bedre busstilbudet s\u00e6rlig i omr\u00e5dene utenfor sentrum.<\/p>\n\n\n\n<p>Vi m\u00e5 tenke nytt om hvordan vi finansierer og organiserer kollektivtilbudet, og vi m\u00e5 ta i bruk ny teknologi. Vi m\u00e5 ogs\u00e5 sikre at kollektivtransporten er et reelt og lett tilgjengelig transporttilbud for mennesker med nedsatt funksjonsevne.<\/p>\n\n\n\n<p><strong>Oslo H\u00f8yre vil<\/strong><\/p>\n\n\n\n<ul class=\"wp-block-list\">\n<li>styrke busstilbudet innen og mellom bydelene utenfor sentrumsn\u00e6re omr\u00e5der, for eksempel p\u00e5 tvers i Groruddalen<\/li>\n\n\n\n<li>kraftig redusere prisen p\u00e5 m\u00e5nedskortet og jobbe for at prisen for voksne blir 499 kroner i l\u00f8pet av perioden<\/li>\n\n\n\n<li>kraftig redusere m\u00e5nedskort for barn og utrede gratis kollektivtrafikk for barn<\/li>\n\n\n\n<li>flytte deler av bussterminalen ut av sentrum til st\u00f8rre kollektivknutepunkter for \u00e5 redusere antall regionbusser som kj\u00f8rer inn til sentrum<\/li>\n<\/ul>\n\n","protected":false},"excerpt":{"rendered":"","protected":false},"author":23018,"featured_media":0,"parent":7021,"menu_order":0,"comment_status":"closed","ping_status":"closed","template":"","meta":{"teft_cards_image_url":"","teft_cards_custom_pretitle":"","teft_cards_image_id":7064,"teft_cards_image_focal_point_x":0.5,"teft_cards_image_focal_point_y":0.5,"teft_cards_title":"","teft_cards_excerpt":"","teft_show_chapters":false,"footnotes":""},"class_list":["post-7063","page","type-page","status-publish","hentry"],"yoast_head":"<!-- This site is optimized with the Yoast SEO Premium plugin v26.5 (Yoast SEO v26.6) - https:\/\/yoast.com\/wordpress\/plugins\/seo\/ -->\n<title>Busstilbudet - Oslo H\u00f8yre<\/title>\n<meta name=\"robots\" content=\"index, follow, max-snippet:-1, max-image-preview:large, max-video-preview:-1\" \/>\n<link rel=\"canonical\" href=\"https:\/\/hoyre.no\/oslo\/politikk\/vi-mener\/busstilbudet\/\" \/>\n<meta property=\"og:locale\" content=\"nb_NO\" \/>\n<meta property=\"og:type\" content=\"article\" \/>\n<meta property=\"og:title\" content=\"Busstilbudet\" \/>\n<meta property=\"og:url\" content=\"https:\/\/hoyre.no\/oslo\/politikk\/vi-mener\/busstilbudet\/\" \/>\n<meta property=\"og:site_name\" content=\"Oslo H\u00f8yre\" \/>\n<meta property=\"article:publisher\" content=\"https:\/\/www.facebook.com\/oslo.hoyre\" \/>\n<meta property=\"article:modified_time\" content=\"2024-08-07T10:34:26+00:00\" \/>\n<meta property=\"og:image\" content=\"https:\/\/hoyre.no\/content\/uploads\/sites\/408\/2024\/08\/Buss-Kjelsas-1024x682.jpg\" \/>\n<meta name=\"twitter:card\" content=\"summary_large_image\" \/>\n<meta name=\"twitter:label1\" content=\"Ansl. lesetid\" \/>\n\t<meta name=\"twitter:data1\" content=\"1 minutt\" \/>\n<script type=\"application\/ld+json\" class=\"yoast-schema-graph\">{\"@context\":\"https:\/\/schema.org\",\"@graph\":[{\"@type\":\"WebPage\",\"@id\":\"https:\/\/hoyre.no\/oslo\/politikk\/vi-mener\/busstilbudet\/\",\"url\":\"https:\/\/hoyre.no\/oslo\/politikk\/vi-mener\/busstilbudet\/\",\"name\":\"Busstilbudet - Oslo H\u00f8yre\",\"isPartOf\":{\"@id\":\"https:\/\/hoyre.no\/oslo\/#website\"},\"datePublished\":\"2024-08-07T10:33:56+00:00\",\"dateModified\":\"2024-08-07T10:34:26+00:00\",\"breadcrumb\":{\"@id\":\"https:\/\/hoyre.no\/oslo\/politikk\/vi-mener\/busstilbudet\/#breadcrumb\"},\"inLanguage\":\"nb-NO\",\"potentialAction\":[{\"@type\":\"ReadAction\",\"target\":[\"https:\/\/hoyre.no\/oslo\/politikk\/vi-mener\/busstilbudet\/\"]}]},{\"@type\":\"BreadcrumbList\",\"@id\":\"https:\/\/hoyre.no\/oslo\/politikk\/vi-mener\/busstilbudet\/#breadcrumb\",\"itemListElement\":[{\"@type\":\"ListItem\",\"position\":1,\"name\":\"Til hoyre.no\",\"item\":\"https:\/\/hoyre.no\"},{\"@type\":\"ListItem\",\"position\":2,\"name\":\"Hjem\",\"item\":\"https:\/\/hoyre.no\/oslo\/\"},{\"@type\":\"ListItem\",\"position\":3,\"name\":\"Politikk\",\"item\":\"https:\/\/hoyre.no\/oslo\/politikk\/\"},{\"@type\":\"ListItem\",\"position\":4,\"name\":\"Vi mener\",\"item\":\"https:\/\/hoyre.no\/oslo\/politikk\/vi-mener\/\"},{\"@type\":\"ListItem\",\"position\":5,\"name\":\"Busstilbudet\"}]},{\"@type\":\"WebSite\",\"@id\":\"https:\/\/hoyre.no\/oslo\/#website\",\"url\":\"https:\/\/hoyre.no\/oslo\/\",\"name\":\"Oslo H\u00f8yre\",\"description\":\"\",\"publisher\":{\"@id\":\"https:\/\/hoyre.no\/oslo\/#organization\"},\"inLanguage\":\"nb-NO\"},{\"@type\":\"Organization\",\"@id\":\"https:\/\/hoyre.no\/oslo\/#organization\",\"name\":\"Oslo H\u00f8yre\",\"url\":\"https:\/\/hoyre.no\/oslo\/\",\"logo\":{\"@type\":\"ImageObject\",\"inLanguage\":\"nb-NO\",\"@id\":\"https:\/\/hoyre.no\/oslo\/#\/schema\/logo\/image\/\",\"url\":\"https:\/\/hoyre.no\/content\/uploads\/sites\/408\/2022\/11\/Hoyres-logo.png\",\"contentUrl\":\"https:\/\/hoyre.no\/content\/uploads\/sites\/408\/2022\/11\/Hoyres-logo.png\",\"width\":1000,\"height\":1000,\"caption\":\"Oslo H\u00f8yre\"},\"image\":{\"@id\":\"https:\/\/hoyre.no\/oslo\/#\/schema\/logo\/image\/\"},\"sameAs\":[\"https:\/\/www.facebook.com\/oslo.hoyre\"]}]}<\/script>\n<!-- \/ Yoast SEO Premium plugin. -->","yoast_head_json":{"title":"Busstilbudet - Oslo H\u00f8yre","robots":{"index":"index","follow":"follow","max-snippet":"max-snippet:-1","max-image-preview":"max-image-preview:large","max-video-preview":"max-video-preview:-1"},"canonical":"https:\/\/hoyre.no\/oslo\/politikk\/vi-mener\/busstilbudet\/","og_locale":"nb_NO","og_type":"article","og_title":"Busstilbudet","og_url":"https:\/\/hoyre.no\/oslo\/politikk\/vi-mener\/busstilbudet\/","og_site_name":"Oslo H\u00f8yre","article_publisher":"https:\/\/www.facebook.com\/oslo.hoyre","article_modified_time":"2024-08-07T10:34:26+00:00","og_image":[{"url":"https:\/\/hoyre.no\/content\/uploads\/sites\/408\/2024\/08\/Buss-Kjelsas-1024x682.jpg","width":"","height":"","type":""}],"twitter_card":"summary_large_image","twitter_misc":{"Ansl. lesetid":"1 minutt"},"schema":{"@context":"https:\/\/schema.org","@graph":[{"@type":"WebPage","@id":"https:\/\/hoyre.no\/oslo\/politikk\/vi-mener\/busstilbudet\/","url":"https:\/\/hoyre.no\/oslo\/politikk\/vi-mener\/busstilbudet\/","name":"Busstilbudet - Oslo H\u00f8yre","isPartOf":{"@id":"https:\/\/hoyre.no\/oslo\/#website"},"datePublished":"2024-08-07T10:33:56+00:00","dateModified":"2024-08-07T10:34:26+00:00","breadcrumb":{"@id":"https:\/\/hoyre.no\/oslo\/politikk\/vi-mener\/busstilbudet\/#breadcrumb"},"inLanguage":"nb-NO","potentialAction":[{"@type":"ReadAction","target":["https:\/\/hoyre.no\/oslo\/politikk\/vi-mener\/busstilbudet\/"]}]},{"@type":"BreadcrumbList","@id":"https:\/\/hoyre.no\/oslo\/politikk\/vi-mener\/busstilbudet\/#breadcrumb","itemListElement":[{"@type":"ListItem","position":1,"name":"Til hoyre.no","item":"https:\/\/hoyre.no"},{"@type":"ListItem","position":2,"name":"Hjem","item":"https:\/\/hoyre.no\/oslo\/"},{"@type":"ListItem","position":3,"name":"Politikk","item":"https:\/\/hoyre.no\/oslo\/politikk\/"},{"@type":"ListItem","position":4,"name":"Vi mener","item":"https:\/\/hoyre.no\/oslo\/politikk\/vi-mener\/"},{"@type":"ListItem","position":5,"name":"Busstilbudet"}]},{"@type":"WebSite","@id":"https:\/\/hoyre.no\/oslo\/#website","url":"https:\/\/hoyre.no\/oslo\/","name":"Oslo H\u00f8yre","description":"","publisher":{"@id":"https:\/\/hoyre.no\/oslo\/#organization"},"inLanguage":"nb-NO"},{"@type":"Organization","@id":"https:\/\/hoyre.no\/oslo\/#organization","name":"Oslo H\u00f8yre","url":"https:\/\/hoyre.no\/oslo\/","logo":{"@type":"ImageObject","inLanguage":"nb-NO","@id":"https:\/\/hoyre.no\/oslo\/#\/schema\/logo\/image\/","url":"https:\/\/hoyre.no\/content\/uploads\/sites\/408\/2022\/11\/Hoyres-logo.png","contentUrl":"https:\/\/hoyre.no\/content\/uploads\/sites\/408\/2022\/11\/Hoyres-logo.png","width":1000,"height":1000,"caption":"Oslo H\u00f8yre"},"image":{"@id":"https:\/\/hoyre.no\/oslo\/#\/schema\/logo\/image\/"},"sameAs":["https:\/\/www.facebook.com\/oslo.hoyre"]}]}},"distributor_meta":false,"distributor_terms":false,"distributor_media":false,"distributor_original_site_name":"Oslo H\u00f8yre","distributor_original_site_url":"https:\/\/hoyre.no\/oslo","push-errors":false,"_links":{"self":[{"href":"https:\/\/hoyre.no\/oslo\/wp-json\/wp\/v2\/pages\/7063","targetHints":{"allow":["GET"]}}],"collection":[{"href":"https:\/\/hoyre.no\/oslo\/wp-json\/wp\/v2\/pages"}],"about":[{"href":"https:\/\/hoyre.no\/oslo\/wp-json\/wp\/v2\/types\/page"}],"author":[{"embeddable":true,"href":"https:\/\/hoyre.no\/oslo\/wp-json\/wp\/v2\/users\/23018"}],"replies":[{"embeddable":true,"href":"https:\/\/hoyre.no\/oslo\/wp-json\/wp\/v2\/comments?post=7063"}],"version-history":[{"count":2,"href":"https:\/\/hoyre.no\/oslo\/wp-json\/wp\/v2\/pages\/7063\/revisions"}],"predecessor-version":[{"id":7066,"href":"https:\/\/hoyre.no\/oslo\/wp-json\/wp\/v2\/pages\/7063\/revisions\/7066"}],"up":[{"embeddable":true,"href":"https:\/\/hoyre.no\/oslo\/wp-json\/wp\/v2\/pages\/7021"}],"wp:attachment":[{"href":"https:\/\/hoyre.no\/oslo\/wp-json\/wp\/v2\/media?parent=7063"}],"curies":[{"name":"wp","href":"https:\/\/api.w.org\/{rel}","templated":true}]}}