{"id":7078,"date":"2024-08-08T13:27:12","date_gmt":"2024-08-08T11:27:12","guid":{"rendered":"https:\/\/hoyre.no\/oslo\/?page_id=7078"},"modified":"2024-08-08T13:36:34","modified_gmt":"2024-08-08T11:36:34","slug":"boligpolitikk","status":"publish","type":"page","link":"https:\/\/hoyre.no\/oslo\/politikk\/vi-mener\/boligpolitikk\/","title":{"rendered":"Boligpolitikk"},"content":{"rendered":"\n<div class=\"wp-block-hoyre-hero with-image-gradient text-color-light  has-media alignfull has-background\"><div class=\"hoyre-hero has-image\"><h1 class=\"title\">Bygge flere boliger<\/h1><p class=\"preamble\">Det har blitt for vanskelig \u00e5 komme inn p\u00e5 boligmarkedet i Oslo. Oslo H\u00f8yre vil f\u00e5 fart p\u00e5 boligbyggingen.<\/p>\t\t\t<div class=\"post-meta wp-block teft-byline-wrapper\">\n\t\t\t\t<div class=\"top\">\n\t\t\t\t\t<div class=\"signature\">\n\t\t\t\t\t\t<div class=\"teft-byline\">\n\t\t\t\t\t\t\t\t\t\t\t\t\t\t<div>\n\t\t\t\t\t\t\t\t<h3>H\u00f8yres redaksjon<\/h3>\t\t\t\t\t\t\t\t\n\t\t\t\t\t\t\t\t\t\t\t\t\t\t\t\t\t<span class=\"date\">Sist oppdatert: 8. august 2024<\/span>\n\t\t\t\t\t\t\t\t\t\t\t\t\t\t\t\t\t\t\t\t\t\t\t\t\t<span class=\"reading-time\" itemprop=\"timeRequired\" content=\"PT5M\"><em>Ca. 5 minutter lesetid<\/em><\/span>\n\t\t\t\t\t\t\t\t\t\t\t\t\t\t\t<\/div>\n\t\t\t\t\t\t<\/div>\n\t\t\t\t\t<\/div>\n\t\t\t\t\t\t<div class=\"sharing\">\n\t\t<a class=\"share-button share-link copy-link\" data-copy=\"https:\/\/hoyre.no\/oslo\/politikk\/vi-mener\/boligpolitikk\/\" target=\"_blank\"><span class=\"screen-reader-text\">Del link<\/span><\/a>\n\t\t<a class=\"share-button share-twitter\" href=\"http:\/\/twitter.com\/share?text=Boligpolitikk&#038;url=https:\/\/hoyre.no\/oslo\/politikk\/vi-mener\/boligpolitikk\/&#038;hashtags=Hoyre\" target=\"_blank\"><span class=\"screen-reader-text\">Del p\u00e5 twitter<\/span><\/a>\n\t\t<a class=\"share-button share-facebook\" href=\"https:\/\/www.facebook.com\/sharer\/sharer.php?u=https:\/\/hoyre.no\/oslo\/politikk\/vi-mener\/boligpolitikk\/\" target=\"_blank\"><span class=\"screen-reader-text\">Del p\u00e5 facebook<\/span><\/a>\n\t<\/div>\n\t\t\t\t\t<\/div>\n\t\t\t<\/div>\n\n\t\t\t<figure class=\"hoyre-image-wrapper\"><div class=\"hoyre-image\"><img loading=\"lazy\" decoding=\"async\" width=\"2500\" height=\"1667\" src=\"https:\/\/hoyre.no\/content\/uploads\/sites\/408\/2023\/08\/Oslo-boligomra\u030ade-foto-Hans-Kristian-Thorbjornsen-2174-scaled.jpg\" class=\"attachment-scaled size-scaled\" alt=\"Oslo boligomr\u00e5de\" style=\"object-position: 50% 50%\" srcset=\"https:\/\/hoyre.no\/content\/uploads\/sites\/408\/2023\/08\/Oslo-boligomra\u030ade-foto-Hans-Kristian-Thorbjornsen-2174-scaled.jpg 2500w, https:\/\/hoyre.no\/content\/uploads\/sites\/408\/2023\/08\/Oslo-boligomra\u030ade-foto-Hans-Kristian-Thorbjornsen-2174-300x200.jpg 300w, https:\/\/hoyre.no\/content\/uploads\/sites\/408\/2023\/08\/Oslo-boligomra\u030ade-foto-Hans-Kristian-Thorbjornsen-2174-1024x683.jpg 1024w, https:\/\/hoyre.no\/content\/uploads\/sites\/408\/2023\/08\/Oslo-boligomra\u030ade-foto-Hans-Kristian-Thorbjornsen-2174-768x512.jpg 768w, https:\/\/hoyre.no\/content\/uploads\/sites\/408\/2023\/08\/Oslo-boligomra\u030ade-foto-Hans-Kristian-Thorbjornsen-2174-1536x1024.jpg 1536w, https:\/\/hoyre.no\/content\/uploads\/sites\/408\/2023\/08\/Oslo-boligomra\u030ade-foto-Hans-Kristian-Thorbjornsen-2174-2048x1365.jpg 2048w\" sizes=\"auto, (max-width: 2500px) 100vw, 2500px\" \/><\/div><\/figure><\/div><\/div>\n\n\n\n\n<p>I \u00abbyen med det store hjertet\u00bb skal det v\u00e6re plass til alle som \u00f8nsker \u00e5 bo her. Det bygges og reguleres for lite, byggekostnadene er for h\u00f8ye, og boligprisene har \u00f8kt kraftig. Summen av dette er at mange ufrivillig blir st\u00e5ende utenfor boligmarkedet. Oslo H\u00f8yre har g\u00e5tt til valg p\u00e5 at det m\u00e5 bygges langt flere boliger i Oslo enn det har v\u00e6rt gjort de siste \u00e5rene, og at flere boligs\u00f8kere m\u00e5 f\u00e5 innpass p\u00e5 markedet. <\/p>\n\n\n\n<p>Boligproblemet l\u00f8ses ikke med ett enkelt tiltak. Det er behov for en helhetlig boligpolitikk med et sett av virkemidler: \u00f8konomiske, juridiske og politiske. Oslo H\u00f8yre vil jobbe parallelt p\u00e5 alle disse omr\u00e5dene, og vil v\u00e6re p\u00e5driver overfor Stortinget der l\u00f8sningene finnes nasjonalt. Det gjelder for eksempel redusert<br>dokumentavgift for f\u00f8rstegangskj\u00f8pere og et statlig krafttak for studentboliger, slik at leiligheter frigis til andre boligs\u00f8kere. Husbanken m\u00e5 f\u00e5 mulighet til \u00e5 innvilge l\u00e5n og tilskudd ogs\u00e5 til private utdanningsinstitusjoner som vil tilby studentboliger.<\/p>\n\n\n\n<p>Oslo H\u00f8yre mener at tilgang p\u00e5 flere boliger i markedet er det aller viktigste tiltaket for \u00e5 dempe prisveksten og sikre at flere f\u00e5r eie egen bolig. I Oslo har saksbehandlingstiden \u00f8kt dramatisk. Kommunen har drevet opp byggekostnadene med detaljerte s\u00e6rkrav, f\u00f8ringer og \u00abveiledere\u00bb. Oslo H\u00f8yre mener at det m\u00e5 stilles tydelige krav til kvalitet, b\u00e6rekraft og universell utforming i prosjekter, men at disse m\u00e5 v\u00e6re forholdsmessige og forutsigbare, slik at de ikke bidrar til redusert bygging og h\u00f8yere priser p\u00e5 de boligene som bygges. Vi vil redusere antall kostnadsdrivende, kommunale s\u00e6rkrav og veiledere.<\/p>\n\n\n\n<p>Samtidig mener Oslo H\u00f8yre at reguleringsmyndighetene m\u00e5 ta en mer offensiv rolle i arbeidet med nye omr\u00e5deplaner. Oslo H\u00f8yre ser positivt p\u00e5 at private kan ta initiativ til omr\u00e5dereguleringer, slik loven \u00e5pner for. Det kan korte ned planprosessen med tre\u2013fire \u00e5r. <\/p>\n\n\n\n<p>Ogs\u00e5 innenfor eksisterende bygningsmasse er det rom for \u00f8kt boligbygging. Oslo H\u00f8yre vil oppmuntre til kreative l\u00f8sninger som p\u00e5bygg og \u00abonfill\u00bb- og \u00abinfill\u00bb-l\u00f8sninger, og dessuten utvikling av boformer som ulike typer bofellesskap med fellesarealer og private enheter. Oslo H\u00f8yre vil ogs\u00e5 videref\u00f8re nasjonale<br>regler for \u00e5 etablere hybler i eldre boliger. Dette vil bidra til at flere f\u00e5r mulighet til \u00e5 bli boende i eget nabolag n\u00e5r de g\u00e5r over i nye livsfaser. <\/p>\n\n\n\n<p>Det er stort potensial for bolig- og stedsutvikling utenfor Ring 3, og tiden er inne for \u00e5 satse ogs\u00e5 i Oslo nord og s\u00f8r. For \u00e5 utvikle gode nabolag er gode utbyggingsavtaler helt avgj\u00f8rende. Kostnadene for disse veltes i realiteten over p\u00e5 boligkj\u00f8perne, s\u00e5 det er viktig at kostnadene er lavest mulig og tilpasset det lokale markedet. Oslo H\u00f8yre vil jobbe for \u00e5 utvikle flere familieboliger i familievennlige omgivelser i Oslos randsone. <\/p>\n\n\n\n<p><strong>Oslo H\u00f8yre vil<\/strong><\/p>\n\n\n\n<ul class=\"wp-block-list\">\n<li>effektivisere Plan- og bygningsetaten med sikte p\u00e5 langt raskere saksbehandling, og at kommunen tar i bruk digitale verkt\u00f8y og mer \u00abindustriell produksjon\u00bb for \u00e5 redusere saksbehandlingstiden i plan- og byggesaker<\/li>\n\n\n\n<li>at reguleringsmyndighetenes kunde- og innbyggerfokus forsterkes, og at kommunen jobber tett og systematisk sammen med utviklere med felles m\u00e5l om en stabil og god boligforsyning<\/li>\n\n\n\n<li>at utbyggere f\u00e5r faglige og politiske avklaringer p\u00e5 volum, form\u00e5l og h\u00f8yder p\u00e5 et tidligere tidspunkt, og at Plan- og bygningsetaten i langt mindre grad utarbeider alternative planforslag<\/li>\n\n\n\n<li>sikre en str\u00f8kstilpasset byutvikling som tar hensyn til n\u00e6rmilj\u00f8enes etablerte karakter<\/li>\n\n\n\n<li>jobbe for at nasjonale myndigheter oppdaterer byggteknisk forskrift for \u00e5 redusere detaljniv\u00e5et og fjerne un\u00f8dvendige krav og p\u00e5legg, herunder kravet til livsl\u00f8psstandard for alle boliger i alle nybygg<\/li>\n\n\n\n<li>s\u00f8rge for at kommunen oftere g\u00e5r foran med koordinering av egne planer og investeringer i markedssvake omr\u00e5der<\/li>\n\n\n\n<li>oppfordre Statnett til \u00e5 vurdere kabling av h\u00f8yspentledninger som hindrer byutvikling, blant annet i Groruddalen og Oslo vest \/ B\u00e6rum, eventuelt finansiert av utbyggere<\/li>\n<\/ul>\n\n\n\n<h2 class=\"wp-block-heading\" id=\"h-flere-ma-fa-innpass-pa-boligmarkedet\">Flere m\u00e5 f\u00e5 innpass p\u00e5 boligmarkedet<\/h2>\n\n\n\n<p>Oslo best\u00e5r av over 50 prosent alene-husholdninger. Oslo H\u00f8yre vil fjerne leilighetsnormen som forbyr sm\u00e5leiligheter i sentrum, og f\u00f8re en mer fleksibel praksis for leilighetsfordeling i enkeltprosjekter.<\/p>\n\n\n\n<p>Oslo H\u00f8yre vil dessuten gj\u00f8re det enklere for b\u00e5de f\u00f8rstegangskj\u00f8pere og andre boligs\u00f8kere med lav egenkapital \u00e5 f\u00e5 finansiert egen bolig.<\/p>\n\n\n\n<p>Flere av Oslos innbyggere har behov for \u00e5 leie bolig i kortere eller lengre perioder. Et velfungerende leiemarked med god balanse mellom tilbud og ettersp\u00f8rsel er n\u00f8dvendig. Oslo H\u00f8yre vil derfor arbeide for forutsigbare og b\u00e6rekraftige rammebetingelser for boligutleie, slik at det alltid vil finnes et tilstrekkelig<br>tilbud av gode utleieboliger.<\/p>\n\n\n\n<p><strong>Oslo H\u00f8yre vil<\/strong><\/p>\n\n\n\n<ul class=\"wp-block-list\">\n<li>legge til rette for flere deleie- og leie-til-eie-boliger, blant annet ved \u00e5 jobbe for \u00e5 kunne regulere denne modellen i boliglovgivningen og \u00e5 kunne stille krav til at en viss prosentandel av nye byggeprosjekter er slike boliger<\/li>\n\n\n\n<li>fjerne leilighetsnormen for \u00e5 tillate flere og mindre leiligheter i egnede omr\u00e5der som sentrum, bydelssentre, kollektivknutepunkt og rundt fagskoler, h\u00f8yskoler og universiteter, og revurdere forbudet mot bygging av ettromsleiligheter<\/li>\n\n\n\n<li>jobbe for \u00e5 gj\u00f8re boligl\u00e5nsforskriften mer fleksibel for f\u00f8rstegangskj\u00f8pere, blant annet ved at bankene m\u00e5 kunne fravike egenkapitalkravet etter individuelle vurderinger, for eksempel mot langsiktig binding til fastrente<\/li>\n\n\n\n<li>teste ut pilotprosjekter for \u00e5 hjelpe personer i lavinntektsgrupper inn p\u00e5 boligmarkedet, gjennom et alternativt startl\u00e5n: matching av oppspart egenkapital<\/li>\n\n\n\n<li>beholde og utvikle nye sm\u00e5husomr\u00e5der og legge til rette for flere attraktive familieleiligheter i den tette byen<\/li>\n\n\n\n<li>at Oslo kommune bidrar til flere studentboliger gjennom omr\u00e5dereguleringer og gjennom \u00e5 sette avflere tomter til studentboligform\u00e5l \u2013 noe som ogs\u00e5 vil frigj\u00f8re boliger i det regul\u00e6re boligmarkedet<\/li>\n\n\n\n<li>foreta hurtig regulering av tomter til studentboliger<\/li>\n\n\n\n<li>legge til rette for midlertidig bruk av uregulerte eiendommer, slik at man kan oppf\u00f8re mikrohusbyer eller lignende for studenter<\/li>\n\n\n\n<li>arbeide for at det bygges en studentby p\u00e5 deler av Ullev\u00e5l sykehus-tomten<\/li>\n<\/ul>\n\n","protected":false},"excerpt":{"rendered":"","protected":false},"author":23018,"featured_media":0,"parent":7021,"menu_order":0,"comment_status":"closed","ping_status":"closed","template":"","meta":{"teft_cards_image_url":"","teft_cards_custom_pretitle":"","teft_cards_image_id":5255,"teft_cards_image_focal_point_x":0.41,"teft_cards_image_focal_point_y":0.78,"teft_cards_title":"","teft_cards_excerpt":"","teft_show_chapters":false,"footnotes":""},"class_list":["post-7078","page","type-page","status-publish","hentry"],"yoast_head":"<!-- This site is optimized with the Yoast SEO Premium plugin v26.5 (Yoast SEO v26.6) - https:\/\/yoast.com\/wordpress\/plugins\/seo\/ -->\n<title>Boligpolitikk - Oslo H\u00f8yre<\/title>\n<meta name=\"robots\" content=\"index, follow, max-snippet:-1, max-image-preview:large, max-video-preview:-1\" \/>\n<link rel=\"canonical\" href=\"https:\/\/hoyre.no\/oslo\/politikk\/vi-mener\/boligpolitikk\/\" \/>\n<meta property=\"og:locale\" content=\"nb_NO\" \/>\n<meta property=\"og:type\" content=\"article\" \/>\n<meta property=\"og:title\" content=\"Boligpolitikk\" \/>\n<meta property=\"og:url\" content=\"https:\/\/hoyre.no\/oslo\/politikk\/vi-mener\/boligpolitikk\/\" \/>\n<meta property=\"og:site_name\" content=\"Oslo H\u00f8yre\" \/>\n<meta property=\"article:publisher\" content=\"https:\/\/www.facebook.com\/oslo.hoyre\" \/>\n<meta property=\"article:modified_time\" content=\"2024-08-08T11:36:34+00:00\" \/>\n<meta property=\"og:image\" content=\"https:\/\/hoyre.no\/content\/uploads\/sites\/408\/2023\/08\/Oslo-boligomra\u030ade-foto-Hans-Kristian-Thorbjornsen-2174-1024x683.jpg\" \/>\n<meta name=\"twitter:card\" content=\"summary_large_image\" \/>\n<meta name=\"twitter:label1\" content=\"Ansl. lesetid\" \/>\n\t<meta name=\"twitter:data1\" content=\"6 minutter\" \/>\n<script type=\"application\/ld+json\" class=\"yoast-schema-graph\">{\"@context\":\"https:\/\/schema.org\",\"@graph\":[{\"@type\":\"WebPage\",\"@id\":\"https:\/\/hoyre.no\/oslo\/politikk\/vi-mener\/boligpolitikk\/\",\"url\":\"https:\/\/hoyre.no\/oslo\/politikk\/vi-mener\/boligpolitikk\/\",\"name\":\"Boligpolitikk - Oslo H\u00f8yre\",\"isPartOf\":{\"@id\":\"https:\/\/hoyre.no\/oslo\/#website\"},\"datePublished\":\"2024-08-08T11:27:12+00:00\",\"dateModified\":\"2024-08-08T11:36:34+00:00\",\"breadcrumb\":{\"@id\":\"https:\/\/hoyre.no\/oslo\/politikk\/vi-mener\/boligpolitikk\/#breadcrumb\"},\"inLanguage\":\"nb-NO\",\"potentialAction\":[{\"@type\":\"ReadAction\",\"target\":[\"https:\/\/hoyre.no\/oslo\/politikk\/vi-mener\/boligpolitikk\/\"]}]},{\"@type\":\"BreadcrumbList\",\"@id\":\"https:\/\/hoyre.no\/oslo\/politikk\/vi-mener\/boligpolitikk\/#breadcrumb\",\"itemListElement\":[{\"@type\":\"ListItem\",\"position\":1,\"name\":\"Til hoyre.no\",\"item\":\"https:\/\/hoyre.no\"},{\"@type\":\"ListItem\",\"position\":2,\"name\":\"Hjem\",\"item\":\"https:\/\/hoyre.no\/oslo\/\"},{\"@type\":\"ListItem\",\"position\":3,\"name\":\"Politikk\",\"item\":\"https:\/\/hoyre.no\/oslo\/politikk\/\"},{\"@type\":\"ListItem\",\"position\":4,\"name\":\"Vi mener\",\"item\":\"https:\/\/hoyre.no\/oslo\/politikk\/vi-mener\/\"},{\"@type\":\"ListItem\",\"position\":5,\"name\":\"Boligpolitikk\"}]},{\"@type\":\"WebSite\",\"@id\":\"https:\/\/hoyre.no\/oslo\/#website\",\"url\":\"https:\/\/hoyre.no\/oslo\/\",\"name\":\"Oslo H\u00f8yre\",\"description\":\"\",\"publisher\":{\"@id\":\"https:\/\/hoyre.no\/oslo\/#organization\"},\"inLanguage\":\"nb-NO\"},{\"@type\":\"Organization\",\"@id\":\"https:\/\/hoyre.no\/oslo\/#organization\",\"name\":\"Oslo H\u00f8yre\",\"url\":\"https:\/\/hoyre.no\/oslo\/\",\"logo\":{\"@type\":\"ImageObject\",\"inLanguage\":\"nb-NO\",\"@id\":\"https:\/\/hoyre.no\/oslo\/#\/schema\/logo\/image\/\",\"url\":\"https:\/\/hoyre.no\/content\/uploads\/sites\/408\/2022\/11\/Hoyres-logo.png\",\"contentUrl\":\"https:\/\/hoyre.no\/content\/uploads\/sites\/408\/2022\/11\/Hoyres-logo.png\",\"width\":1000,\"height\":1000,\"caption\":\"Oslo H\u00f8yre\"},\"image\":{\"@id\":\"https:\/\/hoyre.no\/oslo\/#\/schema\/logo\/image\/\"},\"sameAs\":[\"https:\/\/www.facebook.com\/oslo.hoyre\"]}]}<\/script>\n<!-- \/ Yoast SEO Premium plugin. -->","yoast_head_json":{"title":"Boligpolitikk - Oslo H\u00f8yre","robots":{"index":"index","follow":"follow","max-snippet":"max-snippet:-1","max-image-preview":"max-image-preview:large","max-video-preview":"max-video-preview:-1"},"canonical":"https:\/\/hoyre.no\/oslo\/politikk\/vi-mener\/boligpolitikk\/","og_locale":"nb_NO","og_type":"article","og_title":"Boligpolitikk","og_url":"https:\/\/hoyre.no\/oslo\/politikk\/vi-mener\/boligpolitikk\/","og_site_name":"Oslo H\u00f8yre","article_publisher":"https:\/\/www.facebook.com\/oslo.hoyre","article_modified_time":"2024-08-08T11:36:34+00:00","og_image":[{"url":"https:\/\/hoyre.no\/content\/uploads\/sites\/408\/2023\/08\/Oslo-boligomra\u030ade-foto-Hans-Kristian-Thorbjornsen-2174-1024x683.jpg","width":"","height":"","type":""}],"twitter_card":"summary_large_image","twitter_misc":{"Ansl. lesetid":"6 minutter"},"schema":{"@context":"https:\/\/schema.org","@graph":[{"@type":"WebPage","@id":"https:\/\/hoyre.no\/oslo\/politikk\/vi-mener\/boligpolitikk\/","url":"https:\/\/hoyre.no\/oslo\/politikk\/vi-mener\/boligpolitikk\/","name":"Boligpolitikk - Oslo H\u00f8yre","isPartOf":{"@id":"https:\/\/hoyre.no\/oslo\/#website"},"datePublished":"2024-08-08T11:27:12+00:00","dateModified":"2024-08-08T11:36:34+00:00","breadcrumb":{"@id":"https:\/\/hoyre.no\/oslo\/politikk\/vi-mener\/boligpolitikk\/#breadcrumb"},"inLanguage":"nb-NO","potentialAction":[{"@type":"ReadAction","target":["https:\/\/hoyre.no\/oslo\/politikk\/vi-mener\/boligpolitikk\/"]}]},{"@type":"BreadcrumbList","@id":"https:\/\/hoyre.no\/oslo\/politikk\/vi-mener\/boligpolitikk\/#breadcrumb","itemListElement":[{"@type":"ListItem","position":1,"name":"Til hoyre.no","item":"https:\/\/hoyre.no"},{"@type":"ListItem","position":2,"name":"Hjem","item":"https:\/\/hoyre.no\/oslo\/"},{"@type":"ListItem","position":3,"name":"Politikk","item":"https:\/\/hoyre.no\/oslo\/politikk\/"},{"@type":"ListItem","position":4,"name":"Vi mener","item":"https:\/\/hoyre.no\/oslo\/politikk\/vi-mener\/"},{"@type":"ListItem","position":5,"name":"Boligpolitikk"}]},{"@type":"WebSite","@id":"https:\/\/hoyre.no\/oslo\/#website","url":"https:\/\/hoyre.no\/oslo\/","name":"Oslo H\u00f8yre","description":"","publisher":{"@id":"https:\/\/hoyre.no\/oslo\/#organization"},"inLanguage":"nb-NO"},{"@type":"Organization","@id":"https:\/\/hoyre.no\/oslo\/#organization","name":"Oslo H\u00f8yre","url":"https:\/\/hoyre.no\/oslo\/","logo":{"@type":"ImageObject","inLanguage":"nb-NO","@id":"https:\/\/hoyre.no\/oslo\/#\/schema\/logo\/image\/","url":"https:\/\/hoyre.no\/content\/uploads\/sites\/408\/2022\/11\/Hoyres-logo.png","contentUrl":"https:\/\/hoyre.no\/content\/uploads\/sites\/408\/2022\/11\/Hoyres-logo.png","width":1000,"height":1000,"caption":"Oslo H\u00f8yre"},"image":{"@id":"https:\/\/hoyre.no\/oslo\/#\/schema\/logo\/image\/"},"sameAs":["https:\/\/www.facebook.com\/oslo.hoyre"]}]}},"distributor_meta":false,"distributor_terms":false,"distributor_media":false,"distributor_original_site_name":"Oslo H\u00f8yre","distributor_original_site_url":"https:\/\/hoyre.no\/oslo","push-errors":false,"_links":{"self":[{"href":"https:\/\/hoyre.no\/oslo\/wp-json\/wp\/v2\/pages\/7078","targetHints":{"allow":["GET"]}}],"collection":[{"href":"https:\/\/hoyre.no\/oslo\/wp-json\/wp\/v2\/pages"}],"about":[{"href":"https:\/\/hoyre.no\/oslo\/wp-json\/wp\/v2\/types\/page"}],"author":[{"embeddable":true,"href":"https:\/\/hoyre.no\/oslo\/wp-json\/wp\/v2\/users\/23018"}],"replies":[{"embeddable":true,"href":"https:\/\/hoyre.no\/oslo\/wp-json\/wp\/v2\/comments?post=7078"}],"version-history":[{"count":2,"href":"https:\/\/hoyre.no\/oslo\/wp-json\/wp\/v2\/pages\/7078\/revisions"}],"predecessor-version":[{"id":7080,"href":"https:\/\/hoyre.no\/oslo\/wp-json\/wp\/v2\/pages\/7078\/revisions\/7080"}],"up":[{"embeddable":true,"href":"https:\/\/hoyre.no\/oslo\/wp-json\/wp\/v2\/pages\/7021"}],"wp:attachment":[{"href":"https:\/\/hoyre.no\/oslo\/wp-json\/wp\/v2\/media?parent=7078"}],"curies":[{"name":"wp","href":"https:\/\/api.w.org\/{rel}","templated":true}]}}