{"id":7122,"date":"2024-08-09T13:49:02","date_gmt":"2024-08-09T11:49:02","guid":{"rendered":"https:\/\/hoyre.no\/oslo\/?page_id=7122"},"modified":"2024-08-09T13:49:03","modified_gmt":"2024-08-09T11:49:03","slug":"bydelene-og-bydelsutvalgene","status":"publish","type":"page","link":"https:\/\/hoyre.no\/oslo\/politikk\/vi-mener\/bydelene-og-bydelsutvalgene\/","title":{"rendered":"Bydelene og bydelsutvalgene"},"content":{"rendered":"\n<div class=\"wp-block-hoyre-hero with-image-gradient text-color-light  alignfull has-background\"><div class=\"hoyre-hero \"><h1 class=\"title\">Bydelene og det lokale demokratiet<\/h1><\/div><\/div>\n\n\n\n\n<p>Bydelene skal v\u00e6re tilgjengelige for innbyggerne som leverand\u00f8r av viktige tjenester, og som lokaldemokratisk arena.  Oslo H\u00f8yre vil i byr\u00e5d vil vurdere hvordan innbyggerne bedre kan p\u00e5virke beslutninger som har stor betydning for eget n\u00e6rmilj\u00f8 og hvordan bydelene kan bidra til \u00e5 skape nye arenaer for innbyggerinvolvering.<br><\/p>\n\n\n\n<p>Bydelene ble til slik de er i dag i 2004. Siden da har samfunnet forandret seg mye. Antakelig vil samfunnet forandre seg minst like mye ogs\u00e5 de neste 20 \u00e5rene.\u00a0 Oslo H\u00f8yre \u00f8nsker \u00e5 se p\u00e5 byens administrative organisering for \u00e5 sikre b\u00e6rekraftige, demokratiske og gode tjenester til innbyggerne. Det er et behov for \u00e5 se n\u00e6rmere p\u00e5 dagens ansvarfordeling mellom bystyret og bydelene. <\/p>\n\n\n\n<p><strong>Oslo H\u00f8yre vil<\/strong><\/p>\n\n\n\n<ul class=\"wp-block-list\">\n<li>vurdere oppgavefordelingen mellom bydelene og bystyret med m\u00e5l om bedre og tilgjengelige tjenester til innbyggerne<\/li>\n\n\n\n<li>vurdere mulighetene for et sterkere samarbeid mellom bydelene for \u00e5 gj\u00f8re tilbudet bedre og mer effektivt<\/li>\n<\/ul>\n\n","protected":false},"excerpt":{"rendered":"","protected":false},"author":23018,"featured_media":0,"parent":7021,"menu_order":0,"comment_status":"closed","ping_status":"closed","template":"","meta":{"teft_cards_image_url":"","teft_cards_custom_pretitle":"","teft_cards_image_id":0,"teft_cards_image_focal_point_x":0,"teft_cards_image_focal_point_y":0,"teft_cards_title":"","teft_cards_excerpt":"","teft_show_chapters":false,"footnotes":""},"class_list":["post-7122","page","type-page","status-publish","hentry"],"yoast_head":"<!-- This site is optimized with the Yoast SEO Premium plugin v26.5 (Yoast SEO v26.6) - https:\/\/yoast.com\/wordpress\/plugins\/seo\/ -->\n<title>Bydelene og bydelsutvalgene - Oslo H\u00f8yre<\/title>\n<meta name=\"robots\" content=\"index, follow, max-snippet:-1, max-image-preview:large, max-video-preview:-1\" \/>\n<link rel=\"canonical\" href=\"https:\/\/hoyre.no\/oslo\/politikk\/vi-mener\/bydelene-og-bydelsutvalgene\/\" \/>\n<meta property=\"og:locale\" content=\"nb_NO\" \/>\n<meta property=\"og:type\" content=\"article\" \/>\n<meta property=\"og:title\" content=\"Bydelene og bydelsutvalgene\" \/>\n<meta property=\"og:url\" content=\"https:\/\/hoyre.no\/oslo\/politikk\/vi-mener\/bydelene-og-bydelsutvalgene\/\" \/>\n<meta property=\"og:site_name\" content=\"Oslo H\u00f8yre\" \/>\n<meta property=\"article:publisher\" content=\"https:\/\/www.facebook.com\/oslo.hoyre\" \/>\n<meta property=\"article:modified_time\" content=\"2024-08-09T11:49:03+00:00\" \/>\n<meta property=\"og:image\" content=\"https:\/\/hoyre.no\/content\/uploads\/sites\/408\/2022\/11\/Hoyres-logo.png\" \/>\n\t<meta property=\"og:image:width\" content=\"1000\" \/>\n\t<meta property=\"og:image:height\" content=\"1000\" \/>\n\t<meta property=\"og:image:type\" content=\"image\/png\" \/>\n<meta name=\"twitter:card\" content=\"summary_large_image\" \/>\n<meta name=\"twitter:label1\" content=\"Ansl. lesetid\" \/>\n\t<meta name=\"twitter:data1\" content=\"1 minutt\" \/>\n<script type=\"application\/ld+json\" class=\"yoast-schema-graph\">{\"@context\":\"https:\/\/schema.org\",\"@graph\":[{\"@type\":\"WebPage\",\"@id\":\"https:\/\/hoyre.no\/oslo\/politikk\/vi-mener\/bydelene-og-bydelsutvalgene\/\",\"url\":\"https:\/\/hoyre.no\/oslo\/politikk\/vi-mener\/bydelene-og-bydelsutvalgene\/\",\"name\":\"Bydelene og bydelsutvalgene - Oslo H\u00f8yre\",\"isPartOf\":{\"@id\":\"https:\/\/hoyre.no\/oslo\/#website\"},\"datePublished\":\"2024-08-09T11:49:02+00:00\",\"dateModified\":\"2024-08-09T11:49:03+00:00\",\"breadcrumb\":{\"@id\":\"https:\/\/hoyre.no\/oslo\/politikk\/vi-mener\/bydelene-og-bydelsutvalgene\/#breadcrumb\"},\"inLanguage\":\"nb-NO\",\"potentialAction\":[{\"@type\":\"ReadAction\",\"target\":[\"https:\/\/hoyre.no\/oslo\/politikk\/vi-mener\/bydelene-og-bydelsutvalgene\/\"]}]},{\"@type\":\"BreadcrumbList\",\"@id\":\"https:\/\/hoyre.no\/oslo\/politikk\/vi-mener\/bydelene-og-bydelsutvalgene\/#breadcrumb\",\"itemListElement\":[{\"@type\":\"ListItem\",\"position\":1,\"name\":\"Til hoyre.no\",\"item\":\"https:\/\/hoyre.no\"},{\"@type\":\"ListItem\",\"position\":2,\"name\":\"Hjem\",\"item\":\"https:\/\/hoyre.no\/oslo\/\"},{\"@type\":\"ListItem\",\"position\":3,\"name\":\"Politikk\",\"item\":\"https:\/\/hoyre.no\/oslo\/politikk\/\"},{\"@type\":\"ListItem\",\"position\":4,\"name\":\"Vi mener\",\"item\":\"https:\/\/hoyre.no\/oslo\/politikk\/vi-mener\/\"},{\"@type\":\"ListItem\",\"position\":5,\"name\":\"Bydelene og bydelsutvalgene\"}]},{\"@type\":\"WebSite\",\"@id\":\"https:\/\/hoyre.no\/oslo\/#website\",\"url\":\"https:\/\/hoyre.no\/oslo\/\",\"name\":\"Oslo H\u00f8yre\",\"description\":\"\",\"publisher\":{\"@id\":\"https:\/\/hoyre.no\/oslo\/#organization\"},\"inLanguage\":\"nb-NO\"},{\"@type\":\"Organization\",\"@id\":\"https:\/\/hoyre.no\/oslo\/#organization\",\"name\":\"Oslo H\u00f8yre\",\"url\":\"https:\/\/hoyre.no\/oslo\/\",\"logo\":{\"@type\":\"ImageObject\",\"inLanguage\":\"nb-NO\",\"@id\":\"https:\/\/hoyre.no\/oslo\/#\/schema\/logo\/image\/\",\"url\":\"https:\/\/hoyre.no\/content\/uploads\/sites\/408\/2022\/11\/Hoyres-logo.png\",\"contentUrl\":\"https:\/\/hoyre.no\/content\/uploads\/sites\/408\/2022\/11\/Hoyres-logo.png\",\"width\":1000,\"height\":1000,\"caption\":\"Oslo H\u00f8yre\"},\"image\":{\"@id\":\"https:\/\/hoyre.no\/oslo\/#\/schema\/logo\/image\/\"},\"sameAs\":[\"https:\/\/www.facebook.com\/oslo.hoyre\"]}]}<\/script>\n<!-- \/ Yoast SEO Premium plugin. -->","yoast_head_json":{"title":"Bydelene og bydelsutvalgene - Oslo H\u00f8yre","robots":{"index":"index","follow":"follow","max-snippet":"max-snippet:-1","max-image-preview":"max-image-preview:large","max-video-preview":"max-video-preview:-1"},"canonical":"https:\/\/hoyre.no\/oslo\/politikk\/vi-mener\/bydelene-og-bydelsutvalgene\/","og_locale":"nb_NO","og_type":"article","og_title":"Bydelene og bydelsutvalgene","og_url":"https:\/\/hoyre.no\/oslo\/politikk\/vi-mener\/bydelene-og-bydelsutvalgene\/","og_site_name":"Oslo H\u00f8yre","article_publisher":"https:\/\/www.facebook.com\/oslo.hoyre","article_modified_time":"2024-08-09T11:49:03+00:00","og_image":[{"width":1000,"height":1000,"url":"https:\/\/hoyre.no\/content\/uploads\/sites\/408\/2022\/11\/Hoyres-logo.png","type":"image\/png"}],"twitter_card":"summary_large_image","twitter_misc":{"Ansl. lesetid":"1 minutt"},"schema":{"@context":"https:\/\/schema.org","@graph":[{"@type":"WebPage","@id":"https:\/\/hoyre.no\/oslo\/politikk\/vi-mener\/bydelene-og-bydelsutvalgene\/","url":"https:\/\/hoyre.no\/oslo\/politikk\/vi-mener\/bydelene-og-bydelsutvalgene\/","name":"Bydelene og bydelsutvalgene - Oslo H\u00f8yre","isPartOf":{"@id":"https:\/\/hoyre.no\/oslo\/#website"},"datePublished":"2024-08-09T11:49:02+00:00","dateModified":"2024-08-09T11:49:03+00:00","breadcrumb":{"@id":"https:\/\/hoyre.no\/oslo\/politikk\/vi-mener\/bydelene-og-bydelsutvalgene\/#breadcrumb"},"inLanguage":"nb-NO","potentialAction":[{"@type":"ReadAction","target":["https:\/\/hoyre.no\/oslo\/politikk\/vi-mener\/bydelene-og-bydelsutvalgene\/"]}]},{"@type":"BreadcrumbList","@id":"https:\/\/hoyre.no\/oslo\/politikk\/vi-mener\/bydelene-og-bydelsutvalgene\/#breadcrumb","itemListElement":[{"@type":"ListItem","position":1,"name":"Til hoyre.no","item":"https:\/\/hoyre.no"},{"@type":"ListItem","position":2,"name":"Hjem","item":"https:\/\/hoyre.no\/oslo\/"},{"@type":"ListItem","position":3,"name":"Politikk","item":"https:\/\/hoyre.no\/oslo\/politikk\/"},{"@type":"ListItem","position":4,"name":"Vi mener","item":"https:\/\/hoyre.no\/oslo\/politikk\/vi-mener\/"},{"@type":"ListItem","position":5,"name":"Bydelene og bydelsutvalgene"}]},{"@type":"WebSite","@id":"https:\/\/hoyre.no\/oslo\/#website","url":"https:\/\/hoyre.no\/oslo\/","name":"Oslo H\u00f8yre","description":"","publisher":{"@id":"https:\/\/hoyre.no\/oslo\/#organization"},"inLanguage":"nb-NO"},{"@type":"Organization","@id":"https:\/\/hoyre.no\/oslo\/#organization","name":"Oslo H\u00f8yre","url":"https:\/\/hoyre.no\/oslo\/","logo":{"@type":"ImageObject","inLanguage":"nb-NO","@id":"https:\/\/hoyre.no\/oslo\/#\/schema\/logo\/image\/","url":"https:\/\/hoyre.no\/content\/uploads\/sites\/408\/2022\/11\/Hoyres-logo.png","contentUrl":"https:\/\/hoyre.no\/content\/uploads\/sites\/408\/2022\/11\/Hoyres-logo.png","width":1000,"height":1000,"caption":"Oslo H\u00f8yre"},"image":{"@id":"https:\/\/hoyre.no\/oslo\/#\/schema\/logo\/image\/"},"sameAs":["https:\/\/www.facebook.com\/oslo.hoyre"]}]}},"distributor_meta":false,"distributor_terms":false,"distributor_media":false,"distributor_original_site_name":"Oslo H\u00f8yre","distributor_original_site_url":"https:\/\/hoyre.no\/oslo","push-errors":false,"_links":{"self":[{"href":"https:\/\/hoyre.no\/oslo\/wp-json\/wp\/v2\/pages\/7122","targetHints":{"allow":["GET"]}}],"collection":[{"href":"https:\/\/hoyre.no\/oslo\/wp-json\/wp\/v2\/pages"}],"about":[{"href":"https:\/\/hoyre.no\/oslo\/wp-json\/wp\/v2\/types\/page"}],"author":[{"embeddable":true,"href":"https:\/\/hoyre.no\/oslo\/wp-json\/wp\/v2\/users\/23018"}],"replies":[{"embeddable":true,"href":"https:\/\/hoyre.no\/oslo\/wp-json\/wp\/v2\/comments?post=7122"}],"version-history":[{"count":1,"href":"https:\/\/hoyre.no\/oslo\/wp-json\/wp\/v2\/pages\/7122\/revisions"}],"predecessor-version":[{"id":7123,"href":"https:\/\/hoyre.no\/oslo\/wp-json\/wp\/v2\/pages\/7122\/revisions\/7123"}],"up":[{"embeddable":true,"href":"https:\/\/hoyre.no\/oslo\/wp-json\/wp\/v2\/pages\/7021"}],"wp:attachment":[{"href":"https:\/\/hoyre.no\/oslo\/wp-json\/wp\/v2\/media?parent=7122"}],"curies":[{"name":"wp","href":"https:\/\/api.w.org\/{rel}","templated":true}]}}