{"id":7752,"date":"2024-10-08T15:54:33","date_gmt":"2024-10-08T13:54:33","guid":{"rendered":"https:\/\/hoyre.no\/oslo\/?page_id=7752"},"modified":"2024-10-25T13:21:23","modified_gmt":"2024-10-25T11:21:23","slug":"ett-ar-i-byrad","status":"publish","type":"page","link":"https:\/\/hoyre.no\/oslo\/ett-ar-i-byrad\/","title":{"rendered":"Ett \u00e5r med H\u00f8yrestyre"},"content":{"rendered":"\n<div class=\"wp-block-hoyre-hero with-image-gradient text-color-light  has-media alignfull has-background\"><div class=\"hoyre-hero has-image\"><h1 class=\"title\">Ett \u00e5r med H\u00f8yre i f\u00f8rersetet<\/h1><p class=\"preamble\">Vi har prioritert det viktigste f\u00f8rst, nemlig \u00e5 skape en by med muligheter for alle.<\/p>\t\t\t<div class=\"post-meta wp-block teft-byline-wrapper\">\n\t\t\t\t<div class=\"top\">\n\t\t\t\t\t<div class=\"signature\">\n\t\t\t\t\t\t<div class=\"teft-byline\">\n\t\t\t\t\t\t\t\t\t\t\t\t\t\t<div>\n\t\t\t\t\t\t\t\t<h3>H\u00f8yres redaksjon<\/h3>\t\t\t\t\t\t\t\t\n\t\t\t\t\t\t\t\t\t\t\t\t\t\t\t\t\t<span class=\"date\">Sist oppdatert: 25. oktober 2024<\/span>\n\t\t\t\t\t\t\t\t\t\t\t\t\t\t\t\t\t\t\t\t\t\t\t\t\t<span class=\"reading-time\" itemprop=\"timeRequired\" content=\"PT4M\"><em>Ca. 4 minutter lesetid<\/em><\/span>\n\t\t\t\t\t\t\t\t\t\t\t\t\t\t\t<\/div>\n\t\t\t\t\t\t<\/div>\n\t\t\t\t\t<\/div>\n\t\t\t\t\t\t<div class=\"sharing\">\n\t\t<a class=\"share-button share-link copy-link\" data-copy=\"https:\/\/hoyre.no\/oslo\/ett-ar-i-byrad\/\" target=\"_blank\"><span class=\"screen-reader-text\">Del link<\/span><\/a>\n\t\t<a class=\"share-button share-twitter\" href=\"http:\/\/twitter.com\/share?text=Ett \u00e5r med H\u00f8yrestyre&#038;url=https:\/\/hoyre.no\/oslo\/ett-ar-i-byrad\/&#038;hashtags=Hoyre\" target=\"_blank\"><span class=\"screen-reader-text\">Del p\u00e5 twitter<\/span><\/a>\n\t\t<a class=\"share-button share-facebook\" href=\"https:\/\/www.facebook.com\/sharer\/sharer.php?u=https:\/\/hoyre.no\/oslo\/ett-ar-i-byrad\/\" target=\"_blank\"><span class=\"screen-reader-text\">Del p\u00e5 facebook<\/span><\/a>\n\t<\/div>\n\t\t\t\t\t<\/div>\n\t\t\t<\/div>\n\n\t\t\t<figure class=\"hoyre-image-wrapper\"><div class=\"hoyre-image\"><img loading=\"lazy\" decoding=\"async\" width=\"1280\" height=\"853\" src=\"https:\/\/hoyre.no\/content\/uploads\/sites\/408\/2023\/10\/Byradet-\u2013.jpeg\" class=\"attachment-scaled size-scaled\" alt=\"\" style=\"object-position: 41% 48%\" srcset=\"https:\/\/hoyre.no\/content\/uploads\/sites\/408\/2023\/10\/Byradet-\u2013.jpeg 1280w, https:\/\/hoyre.no\/content\/uploads\/sites\/408\/2023\/10\/Byradet-\u2013-300x200.jpeg 300w, https:\/\/hoyre.no\/content\/uploads\/sites\/408\/2023\/10\/Byradet-\u2013-1024x682.jpeg 1024w, https:\/\/hoyre.no\/content\/uploads\/sites\/408\/2023\/10\/Byradet-\u2013-768x512.jpeg 768w\" sizes=\"auto, (max-width: 1280px) 100vw, 1280px\" \/><\/div><\/figure><\/div><\/div>\n\n\n\n\n<h1 class=\"wp-block-heading\" id=\"h-oslo-skal-vaere-en-by-med-muligheter-for-alle\">Oslo skal v\u00e6re en by med muligheter for alle<\/h1>\n\n\n\n<p>Oslo er en fantastisk by \u00e5 bo i, og Oslo H\u00f8yre har ambisjoner om \u00e5 gj\u00f8re \u00abverdens beste lille hovedstad\u00bb enda bedre.<\/p>\n\n\n\n<p>I Oslo er innbyggerne, sivilsamfunnet, n\u00e6ringslivet og kommunen p\u00e5 lag for \u00e5 bygge fremtidens Oslo. Sammen skaper vi en by hvor valgfrihet og muligheter g\u00e5r h\u00e5nd i h\u00e5nd, der n\u00e6ringslivet vokser, arbeidsplasser skapes og gode liv leves.<\/p>\n\n\n\n<p><strong>Sammen skaper vi et Oslo med muligheter for alle.<\/strong><\/p>\n\n\n\n\t\t<div class=\"has-pale-blue-background-color is-layout-right alignwide alignwide wp-block-hoyre-media-text\">\n\t\t\t<div class=\"hoyre-media-text__media\">\n\t\t\t\t<img loading=\"lazy\" decoding=\"async\" width=\"1024\" height=\"683\" src=\"https:\/\/hoyre.no\/content\/uploads\/sites\/408\/2023\/05\/IMG_1165-1024x683.jpg\" class=\"hoyre-media-text__media-image\" alt=\"Anne Lindboe ordf\u00f8rerkandidat\" style=\"--focal: 50% 50%;\" srcset=\"https:\/\/hoyre.no\/content\/uploads\/sites\/408\/2023\/05\/IMG_1165-1024x683.jpg 1024w, https:\/\/hoyre.no\/content\/uploads\/sites\/408\/2023\/05\/IMG_1165-300x200.jpg 300w, https:\/\/hoyre.no\/content\/uploads\/sites\/408\/2023\/05\/IMG_1165-768x512.jpg 768w, https:\/\/hoyre.no\/content\/uploads\/sites\/408\/2023\/05\/IMG_1165-1536x1024.jpg 1536w, https:\/\/hoyre.no\/content\/uploads\/sites\/408\/2023\/05\/IMG_1165-2048x1365.jpg 2048w\" sizes=\"auto, (max-width: 1024px) 100vw, 1024px\" \/>\n\t\t\t<\/div>\n\t\t\t<div class=\"hoyre-media-text__content\">\n\t\t\t\t<div class=\"hoyre-media-text__content-inner\">\n\t\t\t\t\t\n\t\t\t<div class=\"hoyre-media-text__title-container\">\n\t\t\t\t\n\t\t\t\t<h2 class=\"hoyre-media-text__title\">&#8211; Det er en stor \u00e6re \u00e5 f\u00e5 v\u00e6re ordf\u00f8rer i Oslo og representere innbyggerne v\u00e5re.<\/h2>\n\t\t\t<\/div>\n\t\t\t\n\t\t\t\t\t<div class=\"hoyre-media-text__blocks\">\n<p>Anne Lindboe, ordf\u00f8rer<\/p>\n<\/div>\n\t\t\t\t\t\n\t\t\t<div class=\"hoyre-media-text__buttons\">\n\t\t\t\t<a class=\"button\" href=\"https:\/\/hoyre.no\/oslo\/aktuelt\/oslo-skal-vaere-en-by-for-alle\/\">les mer her<\/a>\n\t\t\t<\/div>\n\t\t\t\n\t\t\t\t<\/div>\n\t\t\t<\/div>\n\t\t<\/div>\n\t\t\n\n\n\t\t<div class=\"has-darkest-blue-background-color is-layout-left alignwide alignwide wp-block-hoyre-media-text\">\n\t\t\t<div class=\"hoyre-media-text__media\">\n\t\t\t\t<img loading=\"lazy\" decoding=\"async\" width=\"1024\" height=\"1024\" src=\"https:\/\/hoyre.no\/content\/uploads\/sites\/408\/2024\/06\/Eirik-lae-Solberg-2-1024x1024.png\" class=\"hoyre-media-text__media-image\" alt=\"Eirik lae Solberg\" style=\"--focal: 51% 35%;\" srcset=\"https:\/\/hoyre.no\/content\/uploads\/sites\/408\/2024\/06\/Eirik-lae-Solberg-2-1024x1024.png 1024w, https:\/\/hoyre.no\/content\/uploads\/sites\/408\/2024\/06\/Eirik-lae-Solberg-2-300x300.png 300w, https:\/\/hoyre.no\/content\/uploads\/sites\/408\/2024\/06\/Eirik-lae-Solberg-2-150x150.png 150w, https:\/\/hoyre.no\/content\/uploads\/sites\/408\/2024\/06\/Eirik-lae-Solberg-2-768x768.png 768w, https:\/\/hoyre.no\/content\/uploads\/sites\/408\/2024\/06\/Eirik-lae-Solberg-2.png 1080w\" sizes=\"auto, (max-width: 1024px) 100vw, 1024px\" \/>\n\t\t\t<\/div>\n\t\t\t<div class=\"hoyre-media-text__content\">\n\t\t\t\t<div class=\"hoyre-media-text__content-inner\">\n\t\t\t\t\t\n\t\t\t<div class=\"hoyre-media-text__title-container\">\n\t\t\t\t\n\t\t\t\t<h2 class=\"hoyre-media-text__title\">&#8211; Vi jobber for at Oslo skal v\u00e6re en levende by med muligheter for alle.<\/h2>\n\t\t\t<\/div>\n\t\t\t\n\t\t\t\t\t<div class=\"hoyre-media-text__blocks\">\n<p>Eirik Lae Solberg, byr\u00e5dsleder<\/p>\n<\/div>\n\t\t\t\t\t\n\t\t\t<div class=\"hoyre-media-text__buttons\">\n\t\t\t\t<a class=\"button\" href=\"https:\/\/hoyre.no\/oslo\/aktuelt\/et-blagront-byrad-som-prioriterer-det-viktigste-forst\/\">les mer her<\/a>\n\t\t\t<\/div>\n\t\t\t\n\t\t\t\t<\/div>\n\t\t\t<\/div>\n\t\t<\/div>\n\t\t\n\n\n<h2 class=\"wp-block-heading\" id=\"h-en-enklere-hverdag-for-innbyggerne\">En enklere hverdag for innbyggerne<\/h2>\n\n\n\n<p>For H\u00f8yre er m\u00e5let at Oslos innbyggere skal oppleve en enklere hverdag. Vi mener de selv vet best hvordan livene deres skal leves. Vi jobber for \u00e5 bedre innbyggernes privat\u00f8konomi. Det er et m\u00e5l at det skal v\u00e6re billigere \u00e5 bo i Oslo.<\/p>\n\n\n\n<div class=\"wp-block-teft-factbox is-style-blue\"><div class=\"factbox-inner\"><div class=\"entry-content\"><h4 class=\"toggle\">I byr\u00e5d har vi:<\/h4>\n<ul class=\"wp-block-list\">\n<li>Kuttet prisen p\u00e5 m\u00e5nedskort til 747 kroner.<\/li>\n\n\n\n<li>Gitt deg frihet til \u00e5 velge mellom offentlige og private tilbud.<\/li>\n\n\n\n<li>Bevart fritt skolevalg.<\/li>\n\n\n\n<li>Redusert eiendomsskatten p\u00e5 bolig med 41 prosent. M\u00e5let er at skatten skal helt bort innen 2027.<\/li>\n\n\n\n<li>Iverksatt tiltak for \u00e5 f\u00e5 fart p\u00e5 boligbyggingen.<\/li>\n\n\n\n<li>Gjort beboerparkering billigere.<\/li>\n<\/ul>\n<\/div><\/div><\/div>\n\n\n\n<h2 class=\"wp-block-heading\" id=\"h-pa-lag-med-jobbskaperne-i-oslo\"><strong><strong>P\u00e5 lag med jobbskaperne i Oslo<\/strong><\/strong><\/h2>\n\n\n\n<p>Fremtidens Oslo skal v\u00e6re et senter for innovasjon og verdiskaping. Vi jobber for en offensiv n\u00e6ringspolitikk som tiltrekker seg nye talenter, investeringer og arbeidsplasser til byen v\u00e5r. Vi skal gj\u00f8re det enklere for bedrifter \u00e5 etablere seg og vokse i Oslo, fordi det skaper flere arbeidsplasser og bygger Oslo for fremtiden.<\/p>\n\n\n\n<div class=\"wp-block-teft-factbox is-style-default\"><div class=\"factbox-inner\"><div class=\"entry-content\"><h4 class=\"toggle\">I byr\u00e5d har vi:<\/h4>\n<ul class=\"wp-block-list\">\n<li>Tilgjengeliggjort arealer for n\u00e6ringsutvikling i Oslo.<\/li>\n\n\n\n<li>Sikret enighet om tomtesalget som muliggj\u00f8r utvidelsen av Campus Radiumhospitalet.<\/li>\n\n\n\n<li>Lagt til rette for at Oslo kan tilby bedre kreftbehandling og forskning, og st\u00f8ttet videreutviklingen av Radiumhospitalet som et ledende kreftsenter.<\/li>\n\n\n\n<li>St\u00f8ttet oppstartsprogrammer som gir nye gr\u00fcndere bistand i etableringsfasen.<\/li>\n\n\n\n<li>Profilert Oslo internasjonalt for \u00e5 tiltrekke investorer og talenter til byen v\u00e5r.<\/li>\n<\/ul>\n<\/div><\/div><\/div>\n\n\n\n<h2 class=\"wp-block-heading\" id=\"h-barn-og-unge-er-oslos-fremtid\"><strong><strong>Barn og unge er Oslos fremtid<\/strong><\/strong><\/h2>\n\n\n\n<p>Barn og unge i Oslo skal ha de beste mulighetene for l\u00e6ring og utvikling. I tillegg til \u00e5 sikre en trygg og inkluderende skolehverdag, \u00f8nsker vi \u00e5 investere i forebyggende tiltak som hindrer ungdom fra \u00e5 falle utenfor samfunnet. Derfor styrker vi Osloskolen og spiller p\u00e5 lag med idretten i byen v\u00e5r.<\/p>\n\n\n\n<div class=\"wp-block-teft-factbox is-style-blue\"><div class=\"factbox-inner\"><div class=\"entry-content\"><h4 class=\"toggle\">I byr\u00e5d har vi:<\/h4>\n<ul class=\"wp-block-list\">\n<li>Sikret bedre skole\u00f8konomi.<\/li>\n\n\n\n<li>Sikret flere fysiske l\u00e6reb\u00f8ker i skolen.<\/li>\n\n\n\n<li>Gjeninnf\u00f8rt obligatoriske kartleggingspr\u00f8ver i lesing og regning p\u00e5 4. trinn og lesing p\u00e5 6. trinn blir gjeninnf\u00f8rt p\u00e5 alle Osloskolene for \u00e5 f\u00f8lge med og f\u00f8lge opp alle elever.<\/li>\n\n\n\n<li>Styrket satsingen p\u00e5 ungdomsskoler i levek\u00e5rsutsatte omr\u00e5der.<\/li>\n\n\n\n<li>Styrket kapasitet for spesialundervisning og tilrettelagt undervisning.<\/li>\n\n\n\n<li>L\u00f8ftet yrkesfagene med nytt yrkesfagutstyr og gjeninnf\u00f8rt l\u00e6rlingtilskuddet for \u00e5 \u00f8ke antall l\u00e6replasser i Oslo.<\/li>\n\n\n\n<li>Prioritert midler til en bedre overgang mellom ungdomsskole og videreg\u00e5ende skole for elever som st\u00e5r i fare for \u00e5 falle fra.<\/li>\n<\/ul>\n<\/div><\/div><\/div>\n\n\n\n<h2 class=\"wp-block-heading\" id=\"h-en-gronn-og-levende-by\"><strong>En gr\u00f8nn og levende by<\/strong><\/h2>\n\n\n\n<p>Oslo skal v\u00e6re en gr\u00f8nn, trivelig og levende by. Fremtidens Oslo skal v\u00e6re attraktiv for b\u00e5de mennesker og natur. Vi \u00f8nsker \u00e5 gi innbyggerne muligheter til \u00e5 ta hele byen i bruk.<\/p>\n\n\n\n<div class=\"wp-block-teft-factbox is-style-default\"><div class=\"factbox-inner\"><div class=\"entry-content\"><h4 class=\"toggle\">I byr\u00e5d har vi:<\/h4>\n<ul class=\"wp-block-list\">\n<li>Planlagt flere gr\u00f8nne lunger og parker i Oslo.<\/li>\n\n\n\n<li>Innf\u00f8rt flere tiltak for en renere Oslofjord.<\/li>\n\n\n\n<li>Lagt til rette for ny uteservering p\u00e5 St. Hanshaugen.<\/li>\n\n\n\n<li>Tillat skjenking p\u00e5 avgrensede omr\u00e5der p\u00e5 idrettsarrangementer.<\/li>\n\n\n\n<li>Gjort Oslo til en attraktiv by for internasjonale idrettsarrangementer.<\/li>\n\n\n\n<li>Tilrettelagt for ny konsertarena p\u00e5 Bjerke travbane.<\/li>\n<\/ul>\n<\/div><\/div><\/div>\n\n\n\n\n<div class=\"wp-block-hoyre-banner undefined  is-style-blue\"><div class=\"banner-inner\"><figure class=\"hoyre-image-wrapper\"><div class=\"hoyre-image\"><img loading=\"lazy\" decoding=\"async\" width=\"800\" height=\"450\" src=\"https:\/\/hoyre.no\/content\/uploads\/sites\/408\/2024\/09\/Anne-og-Eirik.jpg\" class=\"attachment-scaled size-scaled\" alt=\"Bilde av Anne Lindboe og Eirik Lae Solberg\" style=\"object-position: 49% 71%\" srcset=\"https:\/\/hoyre.no\/content\/uploads\/sites\/408\/2024\/09\/Anne-og-Eirik.jpg 800w, https:\/\/hoyre.no\/content\/uploads\/sites\/408\/2024\/09\/Anne-og-Eirik-300x169.jpg 300w, https:\/\/hoyre.no\/content\/uploads\/sites\/408\/2024\/09\/Anne-og-Eirik-768x432.jpg 768w\" sizes=\"auto, (max-width: 800px) 100vw, 800px\" \/><\/div><\/figure><div class=\"banner-content\"><div class=\"entry-content\">\n<h2 class=\"wp-block-heading\" id=\"h-bli-med-pa-laget\">Bli med p\u00e5 laget!<\/h2>\n\n\n\n<p>Meld deg inn i H\u00f8yre i dag.<\/p>\n\n\n\n<div class=\"wp-block-buttons is-layout-flex wp-block-buttons-is-layout-flex\">\n<div class=\"wp-block-button\"><a class=\"wp-block-button__link wp-element-button\" href=\"https:\/\/hoyre.no\/bli-med\/bli-medlem\/\">Bli medlem<\/a><\/div>\n<\/div>\n<\/div><\/div><\/div><\/div>\n","protected":false},"excerpt":{"rendered":"","protected":false},"author":31424,"featured_media":0,"parent":0,"menu_order":0,"comment_status":"closed","ping_status":"closed","template":"","meta":{"teft_cards_image_url":"","teft_cards_custom_pretitle":"","teft_cards_image_id":4504,"teft_cards_image_focal_point_x":0.5,"teft_cards_image_focal_point_y":0.5,"teft_cards_title":"Ett \u00e5r med H\u00f8yre i byr\u00e5d","teft_cards_excerpt":"","teft_show_chapters":false,"footnotes":""},"class_list":["post-7752","page","type-page","status-publish","hentry"],"yoast_head":"<!-- This site is optimized with the Yoast SEO Premium plugin v26.5 (Yoast SEO v26.6) - https:\/\/yoast.com\/wordpress\/plugins\/seo\/ -->\n<title>Ett \u00e5r med H\u00f8yrestyre - Oslo H\u00f8yre<\/title>\n<meta name=\"description\" content=\"Oslo er en fantastisk by \u00e5 bo i, og Oslo H\u00f8yre har ambisjoner om \u00e5 gj\u00f8re \u00abverdens beste lille hovedstad\u00bb enda bedre.\" \/>\n<meta name=\"robots\" content=\"index, follow, max-snippet:-1, max-image-preview:large, max-video-preview:-1\" \/>\n<link rel=\"canonical\" href=\"https:\/\/hoyre.no\/oslo\/ett-ar-i-byrad\/\" \/>\n<meta property=\"og:locale\" content=\"nb_NO\" \/>\n<meta property=\"og:type\" content=\"article\" \/>\n<meta property=\"og:title\" content=\"Ett \u00e5r med H\u00f8yrestyre\" \/>\n<meta property=\"og:description\" content=\"Oslo er en fantastisk by \u00e5 bo i, og Oslo H\u00f8yre har ambisjoner om \u00e5 gj\u00f8re \u00abverdens beste lille hovedstad\u00bb enda bedre.\" \/>\n<meta property=\"og:url\" content=\"https:\/\/hoyre.no\/oslo\/ett-ar-i-byrad\/\" \/>\n<meta property=\"og:site_name\" content=\"Oslo H\u00f8yre\" \/>\n<meta property=\"article:publisher\" content=\"https:\/\/www.facebook.com\/oslo.hoyre\" \/>\n<meta property=\"article:modified_time\" content=\"2024-10-25T11:21:23+00:00\" \/>\n<meta property=\"og:image\" content=\"https:\/\/hoyre.no\/content\/uploads\/sites\/408\/2023\/10\/Byradet-\u2013.jpeg\" \/>\n\t<meta property=\"og:image:width\" content=\"1280\" \/>\n\t<meta property=\"og:image:height\" content=\"853\" \/>\n\t<meta property=\"og:image:type\" content=\"image\/jpeg\" \/>\n<meta name=\"twitter:card\" content=\"summary_large_image\" \/>\n<meta name=\"twitter:description\" content=\"Oslo er en fantastisk by \u00e5 bo i, og Oslo H\u00f8yre har ambisjoner om \u00e5 gj\u00f8re \u00abverdens beste lille hovedstad\u00bb enda bedre.\" \/>\n<meta name=\"twitter:label1\" content=\"Ansl. lesetid\" \/>\n\t<meta name=\"twitter:data1\" content=\"4 minutter\" \/>\n<script type=\"application\/ld+json\" class=\"yoast-schema-graph\">{\"@context\":\"https:\/\/schema.org\",\"@graph\":[{\"@type\":\"WebPage\",\"@id\":\"https:\/\/hoyre.no\/oslo\/ett-ar-i-byrad\/\",\"url\":\"https:\/\/hoyre.no\/oslo\/ett-ar-i-byrad\/\",\"name\":\"Ett \u00e5r med H\u00f8yrestyre - Oslo H\u00f8yre\",\"isPartOf\":{\"@id\":\"https:\/\/hoyre.no\/oslo\/#website\"},\"datePublished\":\"2024-10-08T13:54:33+00:00\",\"dateModified\":\"2024-10-25T11:21:23+00:00\",\"description\":\"Oslo er en fantastisk by \u00e5 bo i, og Oslo H\u00f8yre har ambisjoner om \u00e5 gj\u00f8re \u00abverdens beste lille hovedstad\u00bb enda bedre.\",\"breadcrumb\":{\"@id\":\"https:\/\/hoyre.no\/oslo\/ett-ar-i-byrad\/#breadcrumb\"},\"inLanguage\":\"nb-NO\",\"potentialAction\":[{\"@type\":\"ReadAction\",\"target\":[\"https:\/\/hoyre.no\/oslo\/ett-ar-i-byrad\/\"]}]},{\"@type\":\"BreadcrumbList\",\"@id\":\"https:\/\/hoyre.no\/oslo\/ett-ar-i-byrad\/#breadcrumb\",\"itemListElement\":[{\"@type\":\"ListItem\",\"position\":1,\"name\":\"Til hoyre.no\",\"item\":\"https:\/\/hoyre.no\"},{\"@type\":\"ListItem\",\"position\":2,\"name\":\"Hjem\",\"item\":\"https:\/\/hoyre.no\/oslo\/\"},{\"@type\":\"ListItem\",\"position\":3,\"name\":\"Ett \u00e5r med H\u00f8yrestyre\"}]},{\"@type\":\"WebSite\",\"@id\":\"https:\/\/hoyre.no\/oslo\/#website\",\"url\":\"https:\/\/hoyre.no\/oslo\/\",\"name\":\"Oslo H\u00f8yre\",\"description\":\"\",\"publisher\":{\"@id\":\"https:\/\/hoyre.no\/oslo\/#organization\"},\"inLanguage\":\"nb-NO\"},{\"@type\":\"Organization\",\"@id\":\"https:\/\/hoyre.no\/oslo\/#organization\",\"name\":\"Oslo H\u00f8yre\",\"url\":\"https:\/\/hoyre.no\/oslo\/\",\"logo\":{\"@type\":\"ImageObject\",\"inLanguage\":\"nb-NO\",\"@id\":\"https:\/\/hoyre.no\/oslo\/#\/schema\/logo\/image\/\",\"url\":\"https:\/\/hoyre.no\/content\/uploads\/sites\/408\/2022\/11\/Hoyres-logo.png\",\"contentUrl\":\"https:\/\/hoyre.no\/content\/uploads\/sites\/408\/2022\/11\/Hoyres-logo.png\",\"width\":1000,\"height\":1000,\"caption\":\"Oslo H\u00f8yre\"},\"image\":{\"@id\":\"https:\/\/hoyre.no\/oslo\/#\/schema\/logo\/image\/\"},\"sameAs\":[\"https:\/\/www.facebook.com\/oslo.hoyre\"]}]}<\/script>\n<!-- \/ Yoast SEO Premium plugin. -->","yoast_head_json":{"title":"Ett \u00e5r med H\u00f8yrestyre - Oslo H\u00f8yre","description":"Oslo er en fantastisk by \u00e5 bo i, og Oslo H\u00f8yre har ambisjoner om \u00e5 gj\u00f8re \u00abverdens beste lille hovedstad\u00bb enda bedre.","robots":{"index":"index","follow":"follow","max-snippet":"max-snippet:-1","max-image-preview":"max-image-preview:large","max-video-preview":"max-video-preview:-1"},"canonical":"https:\/\/hoyre.no\/oslo\/ett-ar-i-byrad\/","og_locale":"nb_NO","og_type":"article","og_title":"Ett \u00e5r med H\u00f8yrestyre","og_description":"Oslo er en fantastisk by \u00e5 bo i, og Oslo H\u00f8yre har ambisjoner om \u00e5 gj\u00f8re \u00abverdens beste lille hovedstad\u00bb enda bedre.","og_url":"https:\/\/hoyre.no\/oslo\/ett-ar-i-byrad\/","og_site_name":"Oslo H\u00f8yre","article_publisher":"https:\/\/www.facebook.com\/oslo.hoyre","article_modified_time":"2024-10-25T11:21:23+00:00","og_image":[{"width":1280,"height":853,"url":"https:\/\/hoyre.no\/content\/uploads\/sites\/408\/2023\/10\/Byradet-\u2013.jpeg","type":"image\/jpeg"}],"twitter_card":"summary_large_image","twitter_description":"Oslo er en fantastisk by \u00e5 bo i, og Oslo H\u00f8yre har ambisjoner om \u00e5 gj\u00f8re \u00abverdens beste lille hovedstad\u00bb enda bedre.","twitter_misc":{"Ansl. lesetid":"4 minutter"},"schema":{"@context":"https:\/\/schema.org","@graph":[{"@type":"WebPage","@id":"https:\/\/hoyre.no\/oslo\/ett-ar-i-byrad\/","url":"https:\/\/hoyre.no\/oslo\/ett-ar-i-byrad\/","name":"Ett \u00e5r med H\u00f8yrestyre - Oslo H\u00f8yre","isPartOf":{"@id":"https:\/\/hoyre.no\/oslo\/#website"},"datePublished":"2024-10-08T13:54:33+00:00","dateModified":"2024-10-25T11:21:23+00:00","description":"Oslo er en fantastisk by \u00e5 bo i, og Oslo H\u00f8yre har ambisjoner om \u00e5 gj\u00f8re \u00abverdens beste lille hovedstad\u00bb enda bedre.","breadcrumb":{"@id":"https:\/\/hoyre.no\/oslo\/ett-ar-i-byrad\/#breadcrumb"},"inLanguage":"nb-NO","potentialAction":[{"@type":"ReadAction","target":["https:\/\/hoyre.no\/oslo\/ett-ar-i-byrad\/"]}]},{"@type":"BreadcrumbList","@id":"https:\/\/hoyre.no\/oslo\/ett-ar-i-byrad\/#breadcrumb","itemListElement":[{"@type":"ListItem","position":1,"name":"Til hoyre.no","item":"https:\/\/hoyre.no"},{"@type":"ListItem","position":2,"name":"Hjem","item":"https:\/\/hoyre.no\/oslo\/"},{"@type":"ListItem","position":3,"name":"Ett \u00e5r med H\u00f8yrestyre"}]},{"@type":"WebSite","@id":"https:\/\/hoyre.no\/oslo\/#website","url":"https:\/\/hoyre.no\/oslo\/","name":"Oslo H\u00f8yre","description":"","publisher":{"@id":"https:\/\/hoyre.no\/oslo\/#organization"},"inLanguage":"nb-NO"},{"@type":"Organization","@id":"https:\/\/hoyre.no\/oslo\/#organization","name":"Oslo H\u00f8yre","url":"https:\/\/hoyre.no\/oslo\/","logo":{"@type":"ImageObject","inLanguage":"nb-NO","@id":"https:\/\/hoyre.no\/oslo\/#\/schema\/logo\/image\/","url":"https:\/\/hoyre.no\/content\/uploads\/sites\/408\/2022\/11\/Hoyres-logo.png","contentUrl":"https:\/\/hoyre.no\/content\/uploads\/sites\/408\/2022\/11\/Hoyres-logo.png","width":1000,"height":1000,"caption":"Oslo H\u00f8yre"},"image":{"@id":"https:\/\/hoyre.no\/oslo\/#\/schema\/logo\/image\/"},"sameAs":["https:\/\/www.facebook.com\/oslo.hoyre"]}]}},"distributor_meta":false,"distributor_terms":false,"distributor_media":false,"distributor_original_site_name":"Oslo H\u00f8yre","distributor_original_site_url":"https:\/\/hoyre.no\/oslo","push-errors":false,"_links":{"self":[{"href":"https:\/\/hoyre.no\/oslo\/wp-json\/wp\/v2\/pages\/7752","targetHints":{"allow":["GET"]}}],"collection":[{"href":"https:\/\/hoyre.no\/oslo\/wp-json\/wp\/v2\/pages"}],"about":[{"href":"https:\/\/hoyre.no\/oslo\/wp-json\/wp\/v2\/types\/page"}],"author":[{"embeddable":true,"href":"https:\/\/hoyre.no\/oslo\/wp-json\/wp\/v2\/users\/31424"}],"replies":[{"embeddable":true,"href":"https:\/\/hoyre.no\/oslo\/wp-json\/wp\/v2\/comments?post=7752"}],"version-history":[{"count":32,"href":"https:\/\/hoyre.no\/oslo\/wp-json\/wp\/v2\/pages\/7752\/revisions"}],"predecessor-version":[{"id":7939,"href":"https:\/\/hoyre.no\/oslo\/wp-json\/wp\/v2\/pages\/7752\/revisions\/7939"}],"wp:attachment":[{"href":"https:\/\/hoyre.no\/oslo\/wp-json\/wp\/v2\/media?parent=7752"}],"curies":[{"name":"wp","href":"https:\/\/api.w.org\/{rel}","templated":true}]}}