{"id":8342,"date":"2025-01-27T16:15:33","date_gmt":"2025-01-27T15:15:33","guid":{"rendered":"https:\/\/hoyre.no\/oslo\/?page_id=8342"},"modified":"2025-01-27T16:15:33","modified_gmt":"2025-01-27T15:15:33","slug":"uttalelse-ny-smahusplan-ma-godkjennes-na","status":"publish","type":"page","link":"https:\/\/hoyre.no\/oslo\/uttalelse-ny-smahusplan-ma-godkjennes-na\/","title":{"rendered":"Uttalelse: Ny sm\u00e5husplan m\u00e5 godkjennes n\u00e5!"},"content":{"rendered":"\n<div class=\"wp-block-hoyre-hero with-image-gradient text-color-light  alignfull has-background\"><div class=\"hoyre-hero \"><h1 class=\"title\"><strong><strong>Uttalelse: Ny sm\u00e5husplan m\u00e5 godkjennes n\u00e5!<\/strong><\/strong><\/h1><p class=\"preamble\"><em>Vedtatt p\u00e5 Oslo H\u00f8yres \u00e5rsm\u00f8te 2025<\/em><\/p><\/div><\/div>\n\n\n\n\n<p><strong><strong>Uttalelse: Ny sm\u00e5husplan m\u00e5 godkjennes n\u00e5!<\/strong><\/strong><\/p>\n\n\n\n<p>Det er stort press p\u00e5 boligmarkedet i Oslo. Det m\u00e5 reguleres flere boliger og mange opplever \u00e5 bli holdt utenfor boligmarkedet p\u00e5 grunn av stigende priser.\u00a0<\/p>\n\n\n\n<p>En god boligutvikling krever en balansert utvikling av byen mellom nye og st\u00f8rre boligomr\u00e5der og en sunn fortetting av eksisterende boligomr\u00e5der.&nbsp;<\/p>\n\n\n\n<p>Et bredt politisk forlik i Oslo bystyre sikret i 2023 ny sm\u00e5husplan som danner grunnlaget for en god utvikling av byens sm\u00e5husomr\u00e5der. Planen sikrer en god balanse mellom utvikling og bevaring av sm\u00e5husomr\u00e5dene.<\/p>\n\n\n\n<p>Norges Vassdrags- og energidirektorat (NVE) fremmet innsigelse fordi de mener at flom- og skredfaren ikke er tilstrekkelig utredet og saken ligger n\u00e5 til behandling hos Kommunal- og distriktsdepartementet.&nbsp;<\/p>\n\n\n\n<p>Regjeringen har dessverre valgt \u00e5 trenere behandlingen av innsigelsen. Resultatet er at 28.000 eiendommer i Oslo b\u00e5ndlegges helt un\u00f8dvendig og utviklingen av nye boliger settes p\u00e5 vent.&nbsp;<\/p>\n\n\n\n<p>Oslo H\u00f8yre krever at regjeringen snarest godkjenner Oslos nye sm\u00e5huplan.<\/p>\n\n","protected":false},"excerpt":{"rendered":"","protected":false},"author":8395,"featured_media":0,"parent":0,"menu_order":0,"comment_status":"closed","ping_status":"closed","template":"","meta":{"teft_cards_image_url":"","teft_cards_custom_pretitle":"","teft_cards_image_id":0,"teft_cards_image_focal_point_x":0,"teft_cards_image_focal_point_y":0,"teft_cards_title":"","teft_cards_excerpt":"","teft_show_chapters":false,"footnotes":""},"class_list":["post-8342","page","type-page","status-publish","hentry"],"yoast_head":"<!-- This site is optimized with the Yoast SEO Premium plugin v26.5 (Yoast SEO v26.6) - https:\/\/yoast.com\/wordpress\/plugins\/seo\/ -->\n<title>Uttalelse: Ny sm\u00e5husplan m\u00e5 godkjennes n\u00e5! - Oslo H\u00f8yre<\/title>\n<meta name=\"description\" content=\"Det er stort press p\u00e5 boligmarkedet i Oslo. Det m\u00e5 reguleres flere boliger og mange opplever \u00e5 bli holdt utenfor boligmarkedet.\" \/>\n<meta name=\"robots\" content=\"index, follow, max-snippet:-1, max-image-preview:large, max-video-preview:-1\" \/>\n<link rel=\"canonical\" href=\"https:\/\/hoyre.no\/oslo\/uttalelse-ny-smahusplan-ma-godkjennes-na\/\" \/>\n<meta property=\"og:locale\" content=\"nb_NO\" \/>\n<meta property=\"og:type\" content=\"article\" \/>\n<meta property=\"og:title\" content=\"Uttalelse: Ny sm\u00e5husplan m\u00e5 godkjennes n\u00e5!\" \/>\n<meta property=\"og:description\" content=\"Det er stort press p\u00e5 boligmarkedet i Oslo. Det m\u00e5 reguleres flere boliger og mange opplever \u00e5 bli holdt utenfor boligmarkedet.\" \/>\n<meta property=\"og:url\" content=\"https:\/\/hoyre.no\/oslo\/uttalelse-ny-smahusplan-ma-godkjennes-na\/\" \/>\n<meta property=\"og:site_name\" content=\"Oslo H\u00f8yre\" \/>\n<meta property=\"article:publisher\" content=\"https:\/\/www.facebook.com\/oslo.hoyre\" \/>\n<meta property=\"og:image\" content=\"https:\/\/hoyre.no\/content\/uploads\/sites\/408\/2022\/11\/Hoyres-logo.png\" \/>\n\t<meta property=\"og:image:width\" content=\"1000\" \/>\n\t<meta property=\"og:image:height\" content=\"1000\" \/>\n\t<meta property=\"og:image:type\" content=\"image\/png\" \/>\n<meta name=\"twitter:card\" content=\"summary_large_image\" \/>\n<meta name=\"twitter:description\" content=\"Det er stort press p\u00e5 boligmarkedet i Oslo. Det m\u00e5 reguleres flere boliger og mange opplever \u00e5 bli holdt utenfor boligmarkedet.\" \/>\n<meta name=\"twitter:label1\" content=\"Ansl. lesetid\" \/>\n\t<meta name=\"twitter:data1\" content=\"1 minutt\" \/>\n<script type=\"application\/ld+json\" class=\"yoast-schema-graph\">{\"@context\":\"https:\/\/schema.org\",\"@graph\":[{\"@type\":\"WebPage\",\"@id\":\"https:\/\/hoyre.no\/oslo\/uttalelse-ny-smahusplan-ma-godkjennes-na\/\",\"url\":\"https:\/\/hoyre.no\/oslo\/uttalelse-ny-smahusplan-ma-godkjennes-na\/\",\"name\":\"Uttalelse: Ny sm\u00e5husplan m\u00e5 godkjennes n\u00e5! - Oslo H\u00f8yre\",\"isPartOf\":{\"@id\":\"https:\/\/hoyre.no\/oslo\/#website\"},\"datePublished\":\"2025-01-27T15:15:33+00:00\",\"description\":\"Det er stort press p\u00e5 boligmarkedet i Oslo. Det m\u00e5 reguleres flere boliger og mange opplever \u00e5 bli holdt utenfor boligmarkedet.\",\"breadcrumb\":{\"@id\":\"https:\/\/hoyre.no\/oslo\/uttalelse-ny-smahusplan-ma-godkjennes-na\/#breadcrumb\"},\"inLanguage\":\"nb-NO\",\"potentialAction\":[{\"@type\":\"ReadAction\",\"target\":[\"https:\/\/hoyre.no\/oslo\/uttalelse-ny-smahusplan-ma-godkjennes-na\/\"]}]},{\"@type\":\"BreadcrumbList\",\"@id\":\"https:\/\/hoyre.no\/oslo\/uttalelse-ny-smahusplan-ma-godkjennes-na\/#breadcrumb\",\"itemListElement\":[{\"@type\":\"ListItem\",\"position\":1,\"name\":\"Til hoyre.no\",\"item\":\"https:\/\/hoyre.no\"},{\"@type\":\"ListItem\",\"position\":2,\"name\":\"Hjem\",\"item\":\"https:\/\/hoyre.no\/oslo\/\"},{\"@type\":\"ListItem\",\"position\":3,\"name\":\"Uttalelse: Ny sm\u00e5husplan m\u00e5 godkjennes n\u00e5!\"}]},{\"@type\":\"WebSite\",\"@id\":\"https:\/\/hoyre.no\/oslo\/#website\",\"url\":\"https:\/\/hoyre.no\/oslo\/\",\"name\":\"Oslo H\u00f8yre\",\"description\":\"\",\"publisher\":{\"@id\":\"https:\/\/hoyre.no\/oslo\/#organization\"},\"inLanguage\":\"nb-NO\"},{\"@type\":\"Organization\",\"@id\":\"https:\/\/hoyre.no\/oslo\/#organization\",\"name\":\"Oslo H\u00f8yre\",\"url\":\"https:\/\/hoyre.no\/oslo\/\",\"logo\":{\"@type\":\"ImageObject\",\"inLanguage\":\"nb-NO\",\"@id\":\"https:\/\/hoyre.no\/oslo\/#\/schema\/logo\/image\/\",\"url\":\"https:\/\/hoyre.no\/content\/uploads\/sites\/408\/2022\/11\/Hoyres-logo.png\",\"contentUrl\":\"https:\/\/hoyre.no\/content\/uploads\/sites\/408\/2022\/11\/Hoyres-logo.png\",\"width\":1000,\"height\":1000,\"caption\":\"Oslo H\u00f8yre\"},\"image\":{\"@id\":\"https:\/\/hoyre.no\/oslo\/#\/schema\/logo\/image\/\"},\"sameAs\":[\"https:\/\/www.facebook.com\/oslo.hoyre\"]}]}<\/script>\n<!-- \/ Yoast SEO Premium plugin. -->","yoast_head_json":{"title":"Uttalelse: Ny sm\u00e5husplan m\u00e5 godkjennes n\u00e5! - Oslo H\u00f8yre","description":"Det er stort press p\u00e5 boligmarkedet i Oslo. Det m\u00e5 reguleres flere boliger og mange opplever \u00e5 bli holdt utenfor boligmarkedet.","robots":{"index":"index","follow":"follow","max-snippet":"max-snippet:-1","max-image-preview":"max-image-preview:large","max-video-preview":"max-video-preview:-1"},"canonical":"https:\/\/hoyre.no\/oslo\/uttalelse-ny-smahusplan-ma-godkjennes-na\/","og_locale":"nb_NO","og_type":"article","og_title":"Uttalelse: Ny sm\u00e5husplan m\u00e5 godkjennes n\u00e5!","og_description":"Det er stort press p\u00e5 boligmarkedet i Oslo. Det m\u00e5 reguleres flere boliger og mange opplever \u00e5 bli holdt utenfor boligmarkedet.","og_url":"https:\/\/hoyre.no\/oslo\/uttalelse-ny-smahusplan-ma-godkjennes-na\/","og_site_name":"Oslo H\u00f8yre","article_publisher":"https:\/\/www.facebook.com\/oslo.hoyre","og_image":[{"width":1000,"height":1000,"url":"https:\/\/hoyre.no\/content\/uploads\/sites\/408\/2022\/11\/Hoyres-logo.png","type":"image\/png"}],"twitter_card":"summary_large_image","twitter_description":"Det er stort press p\u00e5 boligmarkedet i Oslo. Det m\u00e5 reguleres flere boliger og mange opplever \u00e5 bli holdt utenfor boligmarkedet.","twitter_misc":{"Ansl. lesetid":"1 minutt"},"schema":{"@context":"https:\/\/schema.org","@graph":[{"@type":"WebPage","@id":"https:\/\/hoyre.no\/oslo\/uttalelse-ny-smahusplan-ma-godkjennes-na\/","url":"https:\/\/hoyre.no\/oslo\/uttalelse-ny-smahusplan-ma-godkjennes-na\/","name":"Uttalelse: Ny sm\u00e5husplan m\u00e5 godkjennes n\u00e5! - Oslo H\u00f8yre","isPartOf":{"@id":"https:\/\/hoyre.no\/oslo\/#website"},"datePublished":"2025-01-27T15:15:33+00:00","description":"Det er stort press p\u00e5 boligmarkedet i Oslo. Det m\u00e5 reguleres flere boliger og mange opplever \u00e5 bli holdt utenfor boligmarkedet.","breadcrumb":{"@id":"https:\/\/hoyre.no\/oslo\/uttalelse-ny-smahusplan-ma-godkjennes-na\/#breadcrumb"},"inLanguage":"nb-NO","potentialAction":[{"@type":"ReadAction","target":["https:\/\/hoyre.no\/oslo\/uttalelse-ny-smahusplan-ma-godkjennes-na\/"]}]},{"@type":"BreadcrumbList","@id":"https:\/\/hoyre.no\/oslo\/uttalelse-ny-smahusplan-ma-godkjennes-na\/#breadcrumb","itemListElement":[{"@type":"ListItem","position":1,"name":"Til hoyre.no","item":"https:\/\/hoyre.no"},{"@type":"ListItem","position":2,"name":"Hjem","item":"https:\/\/hoyre.no\/oslo\/"},{"@type":"ListItem","position":3,"name":"Uttalelse: Ny sm\u00e5husplan m\u00e5 godkjennes n\u00e5!"}]},{"@type":"WebSite","@id":"https:\/\/hoyre.no\/oslo\/#website","url":"https:\/\/hoyre.no\/oslo\/","name":"Oslo H\u00f8yre","description":"","publisher":{"@id":"https:\/\/hoyre.no\/oslo\/#organization"},"inLanguage":"nb-NO"},{"@type":"Organization","@id":"https:\/\/hoyre.no\/oslo\/#organization","name":"Oslo H\u00f8yre","url":"https:\/\/hoyre.no\/oslo\/","logo":{"@type":"ImageObject","inLanguage":"nb-NO","@id":"https:\/\/hoyre.no\/oslo\/#\/schema\/logo\/image\/","url":"https:\/\/hoyre.no\/content\/uploads\/sites\/408\/2022\/11\/Hoyres-logo.png","contentUrl":"https:\/\/hoyre.no\/content\/uploads\/sites\/408\/2022\/11\/Hoyres-logo.png","width":1000,"height":1000,"caption":"Oslo H\u00f8yre"},"image":{"@id":"https:\/\/hoyre.no\/oslo\/#\/schema\/logo\/image\/"},"sameAs":["https:\/\/www.facebook.com\/oslo.hoyre"]}]}},"distributor_meta":false,"distributor_terms":false,"distributor_media":false,"distributor_original_site_name":"Oslo H\u00f8yre","distributor_original_site_url":"https:\/\/hoyre.no\/oslo","push-errors":false,"_links":{"self":[{"href":"https:\/\/hoyre.no\/oslo\/wp-json\/wp\/v2\/pages\/8342","targetHints":{"allow":["GET"]}}],"collection":[{"href":"https:\/\/hoyre.no\/oslo\/wp-json\/wp\/v2\/pages"}],"about":[{"href":"https:\/\/hoyre.no\/oslo\/wp-json\/wp\/v2\/types\/page"}],"author":[{"embeddable":true,"href":"https:\/\/hoyre.no\/oslo\/wp-json\/wp\/v2\/users\/8395"}],"replies":[{"embeddable":true,"href":"https:\/\/hoyre.no\/oslo\/wp-json\/wp\/v2\/comments?post=8342"}],"version-history":[{"count":1,"href":"https:\/\/hoyre.no\/oslo\/wp-json\/wp\/v2\/pages\/8342\/revisions"}],"predecessor-version":[{"id":8343,"href":"https:\/\/hoyre.no\/oslo\/wp-json\/wp\/v2\/pages\/8342\/revisions\/8343"}],"wp:attachment":[{"href":"https:\/\/hoyre.no\/oslo\/wp-json\/wp\/v2\/media?parent=8342"}],"curies":[{"name":"wp","href":"https:\/\/api.w.org\/{rel}","templated":true}]}}