{"id":8344,"date":"2025-01-27T16:17:29","date_gmt":"2025-01-27T15:17:29","guid":{"rendered":"https:\/\/hoyre.no\/oslo\/?page_id=8344"},"modified":"2025-01-27T16:17:29","modified_gmt":"2025-01-27T15:17:29","slug":"studentboliger-er-en-del-av-losningen-pa-boligkrisen","status":"publish","type":"page","link":"https:\/\/hoyre.no\/oslo\/studentboliger-er-en-del-av-losningen-pa-boligkrisen\/","title":{"rendered":"Studentboliger er en del av l\u00f8sningen p\u00e5 boligkrisen"},"content":{"rendered":"\n<div class=\"wp-block-hoyre-hero with-image-gradient text-color-light  alignfull has-background\"><div class=\"hoyre-hero \"><h1 class=\"title\"><strong>Studentboliger er en del av l\u00f8sningen p\u00e5 boligkrisen<\/strong><\/h1><p class=\"preamble\"><em>Vedtatt p\u00e5 Oslo H\u00f8yres \u00e5rsm\u00f8te 2025<\/em><\/p><\/div><\/div>\n\n\n\n\n<p><strong>Studentboliger er en del av l\u00f8sningen p\u00e5 boligkrisen<\/strong><\/p>\n\n\n\n<p>Tilgang til bolig er en forutsetning for trygge og gode liv. Over tid har prisen p\u00e5 b\u00e5de \u00e5 kj\u00f8pe og leie bolig i Oslo blitt sv\u00e6rt h\u00f8y. For mange ungdommer som vokser opp i Oslo er dr\u00f8mmen om \u00e5 etablere seg i egen bolig i lokalmilj\u00f8et en fjern dr\u00f8m. Oslo H\u00f8yre mener at l\u00f8sningen er \u00e5 bygge flere boliger; slik at tilbudet m\u00f8ter den store ettersp\u00f8rselen. Den anerkjente forskeren Erling Dokk Holm ved Norges milj\u00f8- og biovitenskapelige universitet har nylig fremhevet at studentboliger antagelig er den letteste og raskeste veien til m\u00e5let i Oslo.&nbsp;&nbsp;&nbsp;&nbsp;<\/p>\n\n\n\n<p>Anslag fra NMBU viser at det er 91 000 studenter i byen. Av disse bor anslagsvis 11 prosent i en studentbolig hos Studentsamskipnaden i Oslo. I tillegg bor noen hos stiftelsen Anker studentboliger og lignende, hjemme med familie eller eier egen bolig. Men 67 prosent av byens studenter leier i det private markedet. Det er et betydelig antall, og opptar en stor del av den totale boligmassen. \u00c5 bygge tilrettelagte boliger for studenter er derfor en effektiv m\u00e5te \u00e5 frigj\u00f8re boliger til resten av befolkningen.<\/p>\n\n\n\n<p><strong>Flere verkt\u00f8y til kommunen<\/strong><\/p>\n\n\n\n<p>Oslo H\u00f8yre mener at Oslo skal v\u00e6re Norges beste studentby. Selv om studentboliger er et statlig ansvar, \u00f8nsker Oslo \u00e5 jobbe sammen med studentsamskipnaden, og andre frivillige og private akt\u00f8rer for \u00e5 tilrettelegge for at vi f\u00e5r flere studentboliger for Oslos studenter. Oslo trenger flere verkt\u00f8y for \u00e5 bygge et tilstrekkelig antall studentboliger og bedre boligsituasjonen i byen. Det inneb\u00e6rer blant annet at bystyret b\u00f8r kunne regulere eiendom som studentbolig. Det har man ikke adgang til i dag. For \u00e5 f\u00e5 muliggj\u00f8re dette, m\u00e5 studentboliger defineres som eget arealform\u00e5l etter Plan- og bygningsloven.<\/p>\n\n\n\n<p>Samtidig er det ikke kun studentsamskipnaden som kan bygge studentboliger. Oslo H\u00f8yre mener at ideelle og private akt\u00f8rer som \u00f8nsker \u00e5 bygge boliger for studenter, som stiftelsen Anker Studentbolig, b\u00f8r f\u00e5 like vilk\u00e5r som samskipnaden.<\/p>\n\n\n\n<p><strong>Oslo har gjort for lite<\/strong><\/p>\n\n\n\n<p>Oslo kommune har de siste \u00e5rene gjort for lite for \u00e5 m\u00f8te boligsituasjonen, og bygging av studentboliger som en del av det. Det har samtidig kommet flere kreative initiativ for \u00e5 sikre nok studentboliger, herunder modul\u00e6re \u00abcontainerhus\u00bb som kan settes opp midlertidig.<\/p>\n\n\n\n<p>Kommunen sitter p\u00e5 et stort antall eiendommer som enten venter p\u00e5 fremtidig bruk, eller som det ikke forel\u00f8pig er noen planer for. Midlertidig bruk av disse til modul\u00e6re studentboliger kan v\u00e6re en mulighet. Oslo H\u00f8yre mener at kommunen b\u00f8r kartlegge mulighetene for kreative l\u00f8sninger som kan sikre boliger, i dialog med akt\u00f8rene som har foresl\u00e5tt dette.<\/p>\n\n\n\n<p>Kommunen b\u00f8r ogs\u00e5 bruke sin eiermakt til \u00e5 sette krav om studentboliger ved utvikling og salg av kommunal grunn. Suksessen med Diagonale Studentboliger i Bj\u00f8rvika er eksempelvis et resultat av politikerne og HAV Eiendom, Oslo Havns eiendomsselskap, sitt krav om studentboliger da de utviklet Bj\u00f8rvika.<\/p>\n\n\n\n<p>Oslo H\u00f8yre mener at initiativene som kommer om studentboligbygging s\u00e5 langt det g\u00e5r b\u00f8r bli m\u00f8tt med f\u00e6rrest mulig begrensninger i form av rekkef\u00f8lgekrav, avgifter og lang saksbehandlingstid. Dette inneb\u00e6rer ogs\u00e5 at man i den politiske vurderingen av for eksempel bokvalitet, slik som st\u00f8y, b\u00f8r ta hensyn til at studentboliger i sin natur er midlertidige boliger for beboerne \u2013 ikke boliger for et helt liv. Kravene om bokvalitet b\u00f8r derfor ikke settes uproporsjonalt h\u00f8yt.<\/p>\n\n\n\n<p>Summen av ulike tiltak, b\u00e5de i kommunen og med lovendringer, kan bidra til en langt sunnere boligsituasjon i Oslo. Studentboligbygging kan bli \u00e9n l\u00f8sning.<\/p>\n\n\n\n<p><strong>Oslo H\u00f8yre vil:<\/strong><\/p>\n\n\n\n<ul class=\"wp-block-list\">\n<li>At studentboliger defineres som eget arealform\u00e5l etter Plan- og bygningsloven<\/li>\n\n\n\n<li>At ledige kommunale tomter kan brukes midlertidig til modul\u00e6re studentboliger<\/li>\n\n\n\n<li>At kommunen begrenser rekkef\u00f8lgekrav, avgifter og saksbehandlingstid for studentboliger<\/li>\n\n\n\n<li>At kommunen i st\u00f8rre grad setter krav om studentboligbygging ved utvikling og salg av kommunal grunn<\/li>\n<\/ul>\n\n\n\n<p>At vurderinger rundt bokvalitet i byggeprosjekter b\u00f8r ta h\u00f8yde for at studenter bor midlertidig i sine studentboliger \u2013 ergo lavere krav<\/p>\n\n","protected":false},"excerpt":{"rendered":"","protected":false},"author":8395,"featured_media":0,"parent":0,"menu_order":0,"comment_status":"closed","ping_status":"closed","template":"","meta":{"teft_cards_image_url":"","teft_cards_custom_pretitle":"","teft_cards_image_id":0,"teft_cards_image_focal_point_x":0,"teft_cards_image_focal_point_y":0,"teft_cards_title":"","teft_cards_excerpt":"","teft_show_chapters":false,"footnotes":""},"class_list":["post-8344","page","type-page","status-publish","hentry"],"yoast_head":"<!-- This site is optimized with the Yoast SEO Premium plugin v26.5 (Yoast SEO v26.6) - https:\/\/yoast.com\/wordpress\/plugins\/seo\/ -->\n<title>Studentboliger er en del av l\u00f8sningen p\u00e5 boligkrisen - Oslo H\u00f8yre<\/title>\n<meta name=\"description\" content=\"Tilgang til bolig er en forutsetning for trygge og gode liv. Over tid har prisen p\u00e5 b\u00e5de \u00e5 kj\u00f8pe og leie bolig i Oslo blitt sv\u00e6rt h\u00f8y.\" \/>\n<meta name=\"robots\" content=\"index, follow, max-snippet:-1, max-image-preview:large, max-video-preview:-1\" \/>\n<link rel=\"canonical\" href=\"https:\/\/hoyre.no\/oslo\/studentboliger-er-en-del-av-losningen-pa-boligkrisen\/\" \/>\n<meta property=\"og:locale\" content=\"nb_NO\" \/>\n<meta property=\"og:type\" content=\"article\" \/>\n<meta property=\"og:title\" content=\"Studentboliger er en del av l\u00f8sningen p\u00e5 boligkrisen\" \/>\n<meta property=\"og:description\" content=\"Tilgang til bolig er en forutsetning for trygge og gode liv. Over tid har prisen p\u00e5 b\u00e5de \u00e5 kj\u00f8pe og leie bolig i Oslo blitt sv\u00e6rt h\u00f8y.\" \/>\n<meta property=\"og:url\" content=\"https:\/\/hoyre.no\/oslo\/studentboliger-er-en-del-av-losningen-pa-boligkrisen\/\" \/>\n<meta property=\"og:site_name\" content=\"Oslo H\u00f8yre\" \/>\n<meta property=\"article:publisher\" content=\"https:\/\/www.facebook.com\/oslo.hoyre\" \/>\n<meta property=\"og:image\" content=\"https:\/\/hoyre.no\/content\/uploads\/sites\/408\/2022\/11\/Hoyres-logo.png\" \/>\n\t<meta property=\"og:image:width\" content=\"1000\" \/>\n\t<meta property=\"og:image:height\" content=\"1000\" \/>\n\t<meta property=\"og:image:type\" content=\"image\/png\" \/>\n<meta name=\"twitter:card\" content=\"summary_large_image\" \/>\n<meta name=\"twitter:description\" content=\"Tilgang til bolig er en forutsetning for trygge og gode liv. Over tid har prisen p\u00e5 b\u00e5de \u00e5 kj\u00f8pe og leie bolig i Oslo blitt sv\u00e6rt h\u00f8y.\" \/>\n<meta name=\"twitter:label1\" content=\"Ansl. lesetid\" \/>\n\t<meta name=\"twitter:data1\" content=\"4 minutter\" \/>\n<script type=\"application\/ld+json\" class=\"yoast-schema-graph\">{\"@context\":\"https:\/\/schema.org\",\"@graph\":[{\"@type\":\"WebPage\",\"@id\":\"https:\/\/hoyre.no\/oslo\/studentboliger-er-en-del-av-losningen-pa-boligkrisen\/\",\"url\":\"https:\/\/hoyre.no\/oslo\/studentboliger-er-en-del-av-losningen-pa-boligkrisen\/\",\"name\":\"Studentboliger er en del av l\u00f8sningen p\u00e5 boligkrisen - Oslo H\u00f8yre\",\"isPartOf\":{\"@id\":\"https:\/\/hoyre.no\/oslo\/#website\"},\"datePublished\":\"2025-01-27T15:17:29+00:00\",\"description\":\"Tilgang til bolig er en forutsetning for trygge og gode liv. Over tid har prisen p\u00e5 b\u00e5de \u00e5 kj\u00f8pe og leie bolig i Oslo blitt sv\u00e6rt h\u00f8y.\",\"breadcrumb\":{\"@id\":\"https:\/\/hoyre.no\/oslo\/studentboliger-er-en-del-av-losningen-pa-boligkrisen\/#breadcrumb\"},\"inLanguage\":\"nb-NO\",\"potentialAction\":[{\"@type\":\"ReadAction\",\"target\":[\"https:\/\/hoyre.no\/oslo\/studentboliger-er-en-del-av-losningen-pa-boligkrisen\/\"]}]},{\"@type\":\"BreadcrumbList\",\"@id\":\"https:\/\/hoyre.no\/oslo\/studentboliger-er-en-del-av-losningen-pa-boligkrisen\/#breadcrumb\",\"itemListElement\":[{\"@type\":\"ListItem\",\"position\":1,\"name\":\"Til hoyre.no\",\"item\":\"https:\/\/hoyre.no\"},{\"@type\":\"ListItem\",\"position\":2,\"name\":\"Hjem\",\"item\":\"https:\/\/hoyre.no\/oslo\/\"},{\"@type\":\"ListItem\",\"position\":3,\"name\":\"Studentboliger er en del av l\u00f8sningen p\u00e5 boligkrisen\"}]},{\"@type\":\"WebSite\",\"@id\":\"https:\/\/hoyre.no\/oslo\/#website\",\"url\":\"https:\/\/hoyre.no\/oslo\/\",\"name\":\"Oslo H\u00f8yre\",\"description\":\"\",\"publisher\":{\"@id\":\"https:\/\/hoyre.no\/oslo\/#organization\"},\"inLanguage\":\"nb-NO\"},{\"@type\":\"Organization\",\"@id\":\"https:\/\/hoyre.no\/oslo\/#organization\",\"name\":\"Oslo H\u00f8yre\",\"url\":\"https:\/\/hoyre.no\/oslo\/\",\"logo\":{\"@type\":\"ImageObject\",\"inLanguage\":\"nb-NO\",\"@id\":\"https:\/\/hoyre.no\/oslo\/#\/schema\/logo\/image\/\",\"url\":\"https:\/\/hoyre.no\/content\/uploads\/sites\/408\/2022\/11\/Hoyres-logo.png\",\"contentUrl\":\"https:\/\/hoyre.no\/content\/uploads\/sites\/408\/2022\/11\/Hoyres-logo.png\",\"width\":1000,\"height\":1000,\"caption\":\"Oslo H\u00f8yre\"},\"image\":{\"@id\":\"https:\/\/hoyre.no\/oslo\/#\/schema\/logo\/image\/\"},\"sameAs\":[\"https:\/\/www.facebook.com\/oslo.hoyre\"]}]}<\/script>\n<!-- \/ Yoast SEO Premium plugin. -->","yoast_head_json":{"title":"Studentboliger er en del av l\u00f8sningen p\u00e5 boligkrisen - Oslo H\u00f8yre","description":"Tilgang til bolig er en forutsetning for trygge og gode liv. Over tid har prisen p\u00e5 b\u00e5de \u00e5 kj\u00f8pe og leie bolig i Oslo blitt sv\u00e6rt h\u00f8y.","robots":{"index":"index","follow":"follow","max-snippet":"max-snippet:-1","max-image-preview":"max-image-preview:large","max-video-preview":"max-video-preview:-1"},"canonical":"https:\/\/hoyre.no\/oslo\/studentboliger-er-en-del-av-losningen-pa-boligkrisen\/","og_locale":"nb_NO","og_type":"article","og_title":"Studentboliger er en del av l\u00f8sningen p\u00e5 boligkrisen","og_description":"Tilgang til bolig er en forutsetning for trygge og gode liv. Over tid har prisen p\u00e5 b\u00e5de \u00e5 kj\u00f8pe og leie bolig i Oslo blitt sv\u00e6rt h\u00f8y.","og_url":"https:\/\/hoyre.no\/oslo\/studentboliger-er-en-del-av-losningen-pa-boligkrisen\/","og_site_name":"Oslo H\u00f8yre","article_publisher":"https:\/\/www.facebook.com\/oslo.hoyre","og_image":[{"width":1000,"height":1000,"url":"https:\/\/hoyre.no\/content\/uploads\/sites\/408\/2022\/11\/Hoyres-logo.png","type":"image\/png"}],"twitter_card":"summary_large_image","twitter_description":"Tilgang til bolig er en forutsetning for trygge og gode liv. Over tid har prisen p\u00e5 b\u00e5de \u00e5 kj\u00f8pe og leie bolig i Oslo blitt sv\u00e6rt h\u00f8y.","twitter_misc":{"Ansl. lesetid":"4 minutter"},"schema":{"@context":"https:\/\/schema.org","@graph":[{"@type":"WebPage","@id":"https:\/\/hoyre.no\/oslo\/studentboliger-er-en-del-av-losningen-pa-boligkrisen\/","url":"https:\/\/hoyre.no\/oslo\/studentboliger-er-en-del-av-losningen-pa-boligkrisen\/","name":"Studentboliger er en del av l\u00f8sningen p\u00e5 boligkrisen - Oslo H\u00f8yre","isPartOf":{"@id":"https:\/\/hoyre.no\/oslo\/#website"},"datePublished":"2025-01-27T15:17:29+00:00","description":"Tilgang til bolig er en forutsetning for trygge og gode liv. Over tid har prisen p\u00e5 b\u00e5de \u00e5 kj\u00f8pe og leie bolig i Oslo blitt sv\u00e6rt h\u00f8y.","breadcrumb":{"@id":"https:\/\/hoyre.no\/oslo\/studentboliger-er-en-del-av-losningen-pa-boligkrisen\/#breadcrumb"},"inLanguage":"nb-NO","potentialAction":[{"@type":"ReadAction","target":["https:\/\/hoyre.no\/oslo\/studentboliger-er-en-del-av-losningen-pa-boligkrisen\/"]}]},{"@type":"BreadcrumbList","@id":"https:\/\/hoyre.no\/oslo\/studentboliger-er-en-del-av-losningen-pa-boligkrisen\/#breadcrumb","itemListElement":[{"@type":"ListItem","position":1,"name":"Til hoyre.no","item":"https:\/\/hoyre.no"},{"@type":"ListItem","position":2,"name":"Hjem","item":"https:\/\/hoyre.no\/oslo\/"},{"@type":"ListItem","position":3,"name":"Studentboliger er en del av l\u00f8sningen p\u00e5 boligkrisen"}]},{"@type":"WebSite","@id":"https:\/\/hoyre.no\/oslo\/#website","url":"https:\/\/hoyre.no\/oslo\/","name":"Oslo H\u00f8yre","description":"","publisher":{"@id":"https:\/\/hoyre.no\/oslo\/#organization"},"inLanguage":"nb-NO"},{"@type":"Organization","@id":"https:\/\/hoyre.no\/oslo\/#organization","name":"Oslo H\u00f8yre","url":"https:\/\/hoyre.no\/oslo\/","logo":{"@type":"ImageObject","inLanguage":"nb-NO","@id":"https:\/\/hoyre.no\/oslo\/#\/schema\/logo\/image\/","url":"https:\/\/hoyre.no\/content\/uploads\/sites\/408\/2022\/11\/Hoyres-logo.png","contentUrl":"https:\/\/hoyre.no\/content\/uploads\/sites\/408\/2022\/11\/Hoyres-logo.png","width":1000,"height":1000,"caption":"Oslo H\u00f8yre"},"image":{"@id":"https:\/\/hoyre.no\/oslo\/#\/schema\/logo\/image\/"},"sameAs":["https:\/\/www.facebook.com\/oslo.hoyre"]}]}},"distributor_meta":false,"distributor_terms":false,"distributor_media":false,"distributor_original_site_name":"Oslo H\u00f8yre","distributor_original_site_url":"https:\/\/hoyre.no\/oslo","push-errors":false,"_links":{"self":[{"href":"https:\/\/hoyre.no\/oslo\/wp-json\/wp\/v2\/pages\/8344","targetHints":{"allow":["GET"]}}],"collection":[{"href":"https:\/\/hoyre.no\/oslo\/wp-json\/wp\/v2\/pages"}],"about":[{"href":"https:\/\/hoyre.no\/oslo\/wp-json\/wp\/v2\/types\/page"}],"author":[{"embeddable":true,"href":"https:\/\/hoyre.no\/oslo\/wp-json\/wp\/v2\/users\/8395"}],"replies":[{"embeddable":true,"href":"https:\/\/hoyre.no\/oslo\/wp-json\/wp\/v2\/comments?post=8344"}],"version-history":[{"count":1,"href":"https:\/\/hoyre.no\/oslo\/wp-json\/wp\/v2\/pages\/8344\/revisions"}],"predecessor-version":[{"id":8345,"href":"https:\/\/hoyre.no\/oslo\/wp-json\/wp\/v2\/pages\/8344\/revisions\/8345"}],"wp:attachment":[{"href":"https:\/\/hoyre.no\/oslo\/wp-json\/wp\/v2\/media?parent=8344"}],"curies":[{"name":"wp","href":"https:\/\/api.w.org\/{rel}","templated":true}]}}