{"id":8346,"date":"2025-01-27T16:19:59","date_gmt":"2025-01-27T15:19:59","guid":{"rendered":"https:\/\/hoyre.no\/oslo\/?page_id=8346"},"modified":"2025-01-27T16:20:00","modified_gmt":"2025-01-27T15:20:00","slug":"vi-skal-bygge-bedre","status":"publish","type":"page","link":"https:\/\/hoyre.no\/oslo\/vi-skal-bygge-bedre\/","title":{"rendered":"Vi skal bygge bedre!"},"content":{"rendered":"\n<div class=\"wp-block-hoyre-hero with-image-gradient text-color-light  alignfull has-background\"><div class=\"hoyre-hero \"><h1 class=\"title\"><strong>Vi skal bygge bedre!<\/strong><\/h1><p class=\"preamble\"><em>Vedtatt p\u00e5 Oslo H\u00f8yres \u00e5rsm\u00f8te 2025<\/em><\/p><\/div><\/div>\n\n\n\n\n<p><strong>Vi skal bygge bedre!<\/strong><\/p>\n\n\n\n<p>Oslo har en rik historie og en unik kulturarv. Det skal vi ta vare p\u00e5 og respektere. Samtidig er Oslo en hovedstad i stadig utvikling. N\u00e5r fremtidens Oslo tar form, skal vi bygge p\u00e5 det beste fra fortiden, og kombinere det med mulighetene og teknologiene som er tilgjengelige n\u00e5.<\/p>\n\n\n\n<p>God arkitektur handler om mye mer enn enkeltbygg. Det som kjennetegner god arkitektur er at arkitekturen bidrar til \u00e5 skape trivsel og gode byrom, bomilj\u00f8er og oppvekstvilk\u00e5r. Oslo er sammensatt av bydeler og omr\u00e5der med ulike kvaliteter og arkitektoniske uttrykk. P\u00e5 sitt beste finner vi omr\u00e5der som spiller p\u00e5 lag med mennesker, milj\u00f8 og estetikk. Men vi finner ogs\u00e5 omr\u00e5der med monotone, kjedelige fasader, der det ikke er gjort fors\u00f8k p\u00e5 \u00e5 skape menneskevennlige byrom som innbyr til opphold. Ofte er det lagt liten vekt p\u00e5 at byggene skal fungere godt p\u00e5 gateplan.<\/p>\n\n\n\n<p>God arkitektur kan ikke snevres inn til spesifikke stilarter. Kvadraturen i Oslo best\u00e5r for eksempel av bygg som spenner over mange hundre \u00e5r. Det er hvordan byggene forholder seg til hverandre og fungerer p\u00e5 gateplan, som er avgj\u00f8rende for hvordan vi oppfatter dem.&nbsp;<\/p>\n\n\n\n<p>Fremover m\u00e5 vi gj\u00f8re mer av det vi ser virker, og slutte med det vi ser at ikke virker. Samtidig m\u00e5 vi gj\u00f8re det p\u00e5 en m\u00e5te som ikke bidrar til \u00e5 forlenge saksbehandlingstider og byggetider, eller gj\u00f8r boliger og n\u00e6ringsbygg dyrere enn det som er n\u00f8dvendig. Oslo H\u00f8yre mener det er mulig \u00e5 kombinere b\u00e5de raskere og mer effektiv saksbehandling, billigere boliger og bygg, og mer menneskevennlig og bestandig arkitektur.&nbsp;<\/p>\n\n\n\n<p>Oslo kommune har b\u00e5de ansvar for, og handlingsrom til, \u00e5 stille krav til utbyggingsprosjekter. Dette er et ansvar kommunen ikke alltid har skj\u00f8ttet like godt, men som fremover m\u00e5 st\u00e5 sentralt i byutviklingen i alle deler av byen.<\/p>\n\n\n\n<p><strong>Oslo H\u00f8yre vil:<\/strong><\/p>\n\n\n\n<ul class=\"wp-block-list\">\n<li>Etablere en arkitekturveileder som gir tydelige f\u00f8ringer og skjerpede krav til hvilke arkitektoniske kvaliteter byr\u00e5det forventer fra nye bygg og byutviklingsprosjekter. Det skal spesielt legges vekt p\u00e5 stedstilpasset estetikk og hvordan prosjektene bidrar til gode byrom som innbyr til opphold.\u00a0<\/li>\n\n\n\n<li>S\u00f8rge for at den arkitektoniske utviklingen i Oslo ivaretar og reflekterer byens historie, kulturarv og egenart.<\/li>\n\n\n\n<li>Involvere byens borgere i utformingen av store utbyggingsprosjekter.<\/li>\n\n\n\n<li>Stille strengere krav om fargebruk i utformingen av bygg, for \u00e5 forhindre monotone byomr\u00e5der.<\/li>\n\n\n\n<li>Legge til rette for byg\u00e5rdsstrukturer\/karr\u00e9bebyggelse i byn\u00e6re omr\u00e5der, fremfor blokkstruktur.<\/li>\n\n\n\n<li>At nybygg i etablerte byomr\u00e5der skal harmonere med nabolagets egen- og stilart.<\/li>\n<\/ul>\n\n","protected":false},"excerpt":{"rendered":"","protected":false},"author":8395,"featured_media":0,"parent":0,"menu_order":0,"comment_status":"closed","ping_status":"closed","template":"","meta":{"teft_cards_image_url":"","teft_cards_custom_pretitle":"","teft_cards_image_id":0,"teft_cards_image_focal_point_x":0,"teft_cards_image_focal_point_y":0,"teft_cards_title":"","teft_cards_excerpt":"","teft_show_chapters":false,"footnotes":""},"class_list":["post-8346","page","type-page","status-publish","hentry"],"yoast_head":"<!-- This site is optimized with the Yoast SEO Premium plugin v26.5 (Yoast SEO v26.6) - https:\/\/yoast.com\/wordpress\/plugins\/seo\/ -->\n<title>Vi skal bygge bedre! - Oslo H\u00f8yre<\/title>\n<meta name=\"description\" content=\"Oslo har en rik historie og en unik kulturarv. Det skal vi ta vare p\u00e5 og respektere. Samtidig er Oslo en hovedstad i stadig utvikling.\" \/>\n<meta name=\"robots\" content=\"index, follow, max-snippet:-1, max-image-preview:large, max-video-preview:-1\" \/>\n<link rel=\"canonical\" href=\"https:\/\/hoyre.no\/oslo\/vi-skal-bygge-bedre\/\" \/>\n<meta property=\"og:locale\" content=\"nb_NO\" \/>\n<meta property=\"og:type\" content=\"article\" \/>\n<meta property=\"og:title\" content=\"Vi skal bygge bedre!\" \/>\n<meta property=\"og:description\" content=\"Oslo har en rik historie og en unik kulturarv. Det skal vi ta vare p\u00e5 og respektere. Samtidig er Oslo en hovedstad i stadig utvikling.\" \/>\n<meta property=\"og:url\" content=\"https:\/\/hoyre.no\/oslo\/vi-skal-bygge-bedre\/\" \/>\n<meta property=\"og:site_name\" content=\"Oslo H\u00f8yre\" \/>\n<meta property=\"article:publisher\" content=\"https:\/\/www.facebook.com\/oslo.hoyre\" \/>\n<meta property=\"article:modified_time\" content=\"2025-01-27T15:20:00+00:00\" \/>\n<meta property=\"og:image\" content=\"https:\/\/hoyre.no\/content\/uploads\/sites\/408\/2022\/11\/Hoyres-logo.png\" \/>\n\t<meta property=\"og:image:width\" content=\"1000\" \/>\n\t<meta property=\"og:image:height\" content=\"1000\" \/>\n\t<meta property=\"og:image:type\" content=\"image\/png\" \/>\n<meta name=\"twitter:card\" content=\"summary_large_image\" \/>\n<meta name=\"twitter:description\" content=\"Oslo har en rik historie og en unik kulturarv. Det skal vi ta vare p\u00e5 og respektere. Samtidig er Oslo en hovedstad i stadig utvikling.\" \/>\n<meta name=\"twitter:label1\" content=\"Ansl. lesetid\" \/>\n\t<meta name=\"twitter:data1\" content=\"3 minutter\" \/>\n<script type=\"application\/ld+json\" class=\"yoast-schema-graph\">{\"@context\":\"https:\/\/schema.org\",\"@graph\":[{\"@type\":\"WebPage\",\"@id\":\"https:\/\/hoyre.no\/oslo\/vi-skal-bygge-bedre\/\",\"url\":\"https:\/\/hoyre.no\/oslo\/vi-skal-bygge-bedre\/\",\"name\":\"Vi skal bygge bedre! - Oslo H\u00f8yre\",\"isPartOf\":{\"@id\":\"https:\/\/hoyre.no\/oslo\/#website\"},\"datePublished\":\"2025-01-27T15:19:59+00:00\",\"dateModified\":\"2025-01-27T15:20:00+00:00\",\"description\":\"Oslo har en rik historie og en unik kulturarv. Det skal vi ta vare p\u00e5 og respektere. Samtidig er Oslo en hovedstad i stadig utvikling.\",\"breadcrumb\":{\"@id\":\"https:\/\/hoyre.no\/oslo\/vi-skal-bygge-bedre\/#breadcrumb\"},\"inLanguage\":\"nb-NO\",\"potentialAction\":[{\"@type\":\"ReadAction\",\"target\":[\"https:\/\/hoyre.no\/oslo\/vi-skal-bygge-bedre\/\"]}]},{\"@type\":\"BreadcrumbList\",\"@id\":\"https:\/\/hoyre.no\/oslo\/vi-skal-bygge-bedre\/#breadcrumb\",\"itemListElement\":[{\"@type\":\"ListItem\",\"position\":1,\"name\":\"Til hoyre.no\",\"item\":\"https:\/\/hoyre.no\"},{\"@type\":\"ListItem\",\"position\":2,\"name\":\"Hjem\",\"item\":\"https:\/\/hoyre.no\/oslo\/\"},{\"@type\":\"ListItem\",\"position\":3,\"name\":\"Vi skal bygge bedre!\"}]},{\"@type\":\"WebSite\",\"@id\":\"https:\/\/hoyre.no\/oslo\/#website\",\"url\":\"https:\/\/hoyre.no\/oslo\/\",\"name\":\"Oslo H\u00f8yre\",\"description\":\"\",\"publisher\":{\"@id\":\"https:\/\/hoyre.no\/oslo\/#organization\"},\"inLanguage\":\"nb-NO\"},{\"@type\":\"Organization\",\"@id\":\"https:\/\/hoyre.no\/oslo\/#organization\",\"name\":\"Oslo H\u00f8yre\",\"url\":\"https:\/\/hoyre.no\/oslo\/\",\"logo\":{\"@type\":\"ImageObject\",\"inLanguage\":\"nb-NO\",\"@id\":\"https:\/\/hoyre.no\/oslo\/#\/schema\/logo\/image\/\",\"url\":\"https:\/\/hoyre.no\/content\/uploads\/sites\/408\/2022\/11\/Hoyres-logo.png\",\"contentUrl\":\"https:\/\/hoyre.no\/content\/uploads\/sites\/408\/2022\/11\/Hoyres-logo.png\",\"width\":1000,\"height\":1000,\"caption\":\"Oslo H\u00f8yre\"},\"image\":{\"@id\":\"https:\/\/hoyre.no\/oslo\/#\/schema\/logo\/image\/\"},\"sameAs\":[\"https:\/\/www.facebook.com\/oslo.hoyre\"]}]}<\/script>\n<!-- \/ Yoast SEO Premium plugin. -->","yoast_head_json":{"title":"Vi skal bygge bedre! - Oslo H\u00f8yre","description":"Oslo har en rik historie og en unik kulturarv. Det skal vi ta vare p\u00e5 og respektere. Samtidig er Oslo en hovedstad i stadig utvikling.","robots":{"index":"index","follow":"follow","max-snippet":"max-snippet:-1","max-image-preview":"max-image-preview:large","max-video-preview":"max-video-preview:-1"},"canonical":"https:\/\/hoyre.no\/oslo\/vi-skal-bygge-bedre\/","og_locale":"nb_NO","og_type":"article","og_title":"Vi skal bygge bedre!","og_description":"Oslo har en rik historie og en unik kulturarv. Det skal vi ta vare p\u00e5 og respektere. Samtidig er Oslo en hovedstad i stadig utvikling.","og_url":"https:\/\/hoyre.no\/oslo\/vi-skal-bygge-bedre\/","og_site_name":"Oslo H\u00f8yre","article_publisher":"https:\/\/www.facebook.com\/oslo.hoyre","article_modified_time":"2025-01-27T15:20:00+00:00","og_image":[{"width":1000,"height":1000,"url":"https:\/\/hoyre.no\/content\/uploads\/sites\/408\/2022\/11\/Hoyres-logo.png","type":"image\/png"}],"twitter_card":"summary_large_image","twitter_description":"Oslo har en rik historie og en unik kulturarv. Det skal vi ta vare p\u00e5 og respektere. Samtidig er Oslo en hovedstad i stadig utvikling.","twitter_misc":{"Ansl. lesetid":"3 minutter"},"schema":{"@context":"https:\/\/schema.org","@graph":[{"@type":"WebPage","@id":"https:\/\/hoyre.no\/oslo\/vi-skal-bygge-bedre\/","url":"https:\/\/hoyre.no\/oslo\/vi-skal-bygge-bedre\/","name":"Vi skal bygge bedre! - Oslo H\u00f8yre","isPartOf":{"@id":"https:\/\/hoyre.no\/oslo\/#website"},"datePublished":"2025-01-27T15:19:59+00:00","dateModified":"2025-01-27T15:20:00+00:00","description":"Oslo har en rik historie og en unik kulturarv. Det skal vi ta vare p\u00e5 og respektere. Samtidig er Oslo en hovedstad i stadig utvikling.","breadcrumb":{"@id":"https:\/\/hoyre.no\/oslo\/vi-skal-bygge-bedre\/#breadcrumb"},"inLanguage":"nb-NO","potentialAction":[{"@type":"ReadAction","target":["https:\/\/hoyre.no\/oslo\/vi-skal-bygge-bedre\/"]}]},{"@type":"BreadcrumbList","@id":"https:\/\/hoyre.no\/oslo\/vi-skal-bygge-bedre\/#breadcrumb","itemListElement":[{"@type":"ListItem","position":1,"name":"Til hoyre.no","item":"https:\/\/hoyre.no"},{"@type":"ListItem","position":2,"name":"Hjem","item":"https:\/\/hoyre.no\/oslo\/"},{"@type":"ListItem","position":3,"name":"Vi skal bygge bedre!"}]},{"@type":"WebSite","@id":"https:\/\/hoyre.no\/oslo\/#website","url":"https:\/\/hoyre.no\/oslo\/","name":"Oslo H\u00f8yre","description":"","publisher":{"@id":"https:\/\/hoyre.no\/oslo\/#organization"},"inLanguage":"nb-NO"},{"@type":"Organization","@id":"https:\/\/hoyre.no\/oslo\/#organization","name":"Oslo H\u00f8yre","url":"https:\/\/hoyre.no\/oslo\/","logo":{"@type":"ImageObject","inLanguage":"nb-NO","@id":"https:\/\/hoyre.no\/oslo\/#\/schema\/logo\/image\/","url":"https:\/\/hoyre.no\/content\/uploads\/sites\/408\/2022\/11\/Hoyres-logo.png","contentUrl":"https:\/\/hoyre.no\/content\/uploads\/sites\/408\/2022\/11\/Hoyres-logo.png","width":1000,"height":1000,"caption":"Oslo H\u00f8yre"},"image":{"@id":"https:\/\/hoyre.no\/oslo\/#\/schema\/logo\/image\/"},"sameAs":["https:\/\/www.facebook.com\/oslo.hoyre"]}]}},"distributor_meta":false,"distributor_terms":false,"distributor_media":false,"distributor_original_site_name":"Oslo H\u00f8yre","distributor_original_site_url":"https:\/\/hoyre.no\/oslo","push-errors":false,"_links":{"self":[{"href":"https:\/\/hoyre.no\/oslo\/wp-json\/wp\/v2\/pages\/8346","targetHints":{"allow":["GET"]}}],"collection":[{"href":"https:\/\/hoyre.no\/oslo\/wp-json\/wp\/v2\/pages"}],"about":[{"href":"https:\/\/hoyre.no\/oslo\/wp-json\/wp\/v2\/types\/page"}],"author":[{"embeddable":true,"href":"https:\/\/hoyre.no\/oslo\/wp-json\/wp\/v2\/users\/8395"}],"replies":[{"embeddable":true,"href":"https:\/\/hoyre.no\/oslo\/wp-json\/wp\/v2\/comments?post=8346"}],"version-history":[{"count":1,"href":"https:\/\/hoyre.no\/oslo\/wp-json\/wp\/v2\/pages\/8346\/revisions"}],"predecessor-version":[{"id":8347,"href":"https:\/\/hoyre.no\/oslo\/wp-json\/wp\/v2\/pages\/8346\/revisions\/8347"}],"wp:attachment":[{"href":"https:\/\/hoyre.no\/oslo\/wp-json\/wp\/v2\/media?parent=8346"}],"curies":[{"name":"wp","href":"https:\/\/api.w.org\/{rel}","templated":true}]}}