{"id":9137,"date":"2025-08-12T18:59:25","date_gmt":"2025-08-12T16:59:25","guid":{"rendered":"https:\/\/hoyre.no\/oslo\/?page_id=9137"},"modified":"2025-08-12T19:28:45","modified_gmt":"2025-08-12T17:28:45","slug":"hoyre-pa-vietnamesisk","status":"publish","type":"page","link":"https:\/\/hoyre.no\/oslo\/hoyre-pa-vietnamesisk\/","title":{"rendered":"Th\u00f4ng tin v\u1ec1 Quy\u1ec1n b\u1eb1ng ti\u1ebfng Vi\u1ec7t"},"content":{"rendered":"\n<div class=\"wp-block-hoyre-hero with-image-gradient text-color-light  alignfull has-background\"><div class=\"hoyre-hero \"><h1 class=\"title\"><strong>H\u00e3y b\u1ecf phi\u1ebfu cho \u0110\u1ea3ng B\u1ea3o Th\u1ee7 (H\u00f8yre) trong cu\u1ed9c b\u1ea7u c\u1eed Ngh\u1ecb vi\u1ec7n n\u0103m nay!<\/strong><\/h1><\/div><\/div>\n\n\n\n\n<p>H\u00f8yre tin r\u1eb1ng b\u1ea1n ph\u1ea3i l\u00e0 ng\u01b0\u1eddi l\u00e0m ch\u1ee7 cu\u1ed9c s\u1ed1ng c\u1ee7a ch\u00ednh m\u00ecnh, \u0111\u1ec3 c\u00f3 th\u1ec3 t\u1ef1 quy\u1ebft \u0111\u1ecbnh \u0111i\u1ec1u g\u00ec l\u00e0 t\u1ed1t nh\u1ea5t cho b\u1ea3n th\u00e2n v\u00e0 gia \u0111\u00ecnh. Ch\u00fang t\u00f4i mong mu\u1ed1n \u0111\u1ea5t n\u01b0\u1edbc Na Uy tr\u1edf th\u00e0nh m\u1ed9t \u0111\u1ea5t n\u01b0\u1edbc \u0111\u00e1ng s\u1ed1ng h\u01a1n \u2013 \u1ed5n \u0111\u1ecbnh, kh\u00f4ng c\u00f3 nh\u1eefng bi\u1ebfn \u0111\u1ed9ng l\u1edbn hay b\u1ea1o l\u1ef1c \u2013 v\u00e0 c\u00e1c ch\u00ednh tr\u1ecb gia ph\u1ea3i ghi nh\u1edb r\u1eb1ng m\u1ed7i con ng\u01b0\u1eddi l\u00e0 m\u1ed9t c\u00e1 th\u1ec3 ri\u00eang bi\u1ec7t.<\/p>\n\n\n\n<p>Ch\u00ednh tr\u1ecb gia kh\u00f4ng th\u1ec3 \u2013 v\u00e0 c\u0169ng kh\u00f4ng n\u00ean \u2013 gi\u1ea3i quy\u1ebft thay m\u1ecdi v\u1ea5n \u0111\u1ec1. Ch\u00fang t\u00f4i tin r\u1eb1ng m\u1ed7i c\u00f4ng d\u00e2n \u0111\u1ec1u c\u00f3 tr\u00e1ch nhi\u1ec7m t\u1ea1o d\u1ef1ng m\u1ed9t cu\u1ed9c s\u1ed1ng t\u1ed1t \u0111\u1eb9p cho b\u1ea3n th\u00e2n v\u00e0 gia \u0111\u00ecnh.<\/p>\n\n\n\n<p>D\u01b0\u1edbi \u0111\u00e2y l\u00e0 m\u1ed9t s\u1ed1 l\u00fd do ch\u00ednh \u0111\u00e1ng \u0111\u1ec3 b\u1ea1n ch\u1ecdn H\u00f8yre trong cu\u1ed9c b\u1ea7u c\u1eed Ngh\u1ecb vi\u1ec7n n\u0103m nay.&nbsp;<\/p>\n\n\n\n<h2 class=\"wp-block-heading\" id=\"h-kinh-t\u1ebf-gia-dinh-v\u1eefng-vang-h\u01a1n\"><strong>Kinh t\u1ebf gia \u0111\u00ecnh v\u1eefng v\u00e0ng h\u01a1n<\/strong><\/h2>\n\n\n\n<p>Nh\u1eefng n\u0103m qua, h\u1ea7u nh\u01b0 ai \u1edf Na Uy c\u0169ng c\u1ea3m nh\u1eadn t\u00ecnh h\u00ecnh t\u00e0i ch\u00ednh c\u1ee7a m\u00ecnh gi\u1ea3m s\u00fat.<\/p>\n\n\n\n<p>H\u00f8yre mu\u1ed1n b\u1ea1n \u0111\u01b0\u1ee3c gi\u1eef l\u1ea1i nhi\u1ec1u thu nh\u1eadp h\u01a1n, \u0111\u1ec3 c\u00f3 th\u1ec3 t\u1ef1 quy\u1ebft \u0111\u1ecbnh chi ti\u00eau cho \u0111i\u1ec1u quan tr\u1ecdng v\u1edbi m\u00ecnh: ti\u1ebft ki\u1ec7m mua c\u0103n h\u1ed9 \u0111\u1ea7u ti\u00ean, mua qu\u1ea7n \u00e1o cho con, hay \u0111\u01a1n gi\u1ea3n l\u00e0 d\u00e0nh d\u1ee5m cho t\u01b0\u01a1ng lai.<\/p>\n\n\n\n<p>Ch\u00fang t\u00f4i cam k\u1ebft: m\u1ecdi ng\u01b0\u1eddi \u0111i l\u00e0m s\u1ebd \u0111\u01b0\u1ee3c gi\u1ea3m thu\u1ebf 1.000 NOK\/th\u00e1ng \u2013 ngh\u0129a l\u00e0 m\u1ed9t gia \u0111\u00ecnh hai ng\u01b0\u1eddi l\u1edbn s\u1ebd c\u00f3 th\u00eam 24.000 NOK m\u1ed7i n\u0103m. Ngo\u00e0i ra, thu nh\u1eadp d\u01b0\u1edbi 150.000 NOK\/n\u0103m s\u1ebd \u0111\u01b0\u1ee3c mi\u1ec5n thu\u1ebf ho\u00e0n to\u00e0n.&nbsp;<\/p>\n\n\n\n<figure class=\"wp-block-image size-large\"><img loading=\"lazy\" decoding=\"async\" width=\"1024\" height=\"683\" src=\"https:\/\/hoyre.no\/content\/uploads\/sites\/408\/2025\/05\/GettyImages-693280384-1024x683.jpg\" alt=\"\" class=\"wp-image-8889\" srcset=\"https:\/\/hoyre.no\/content\/uploads\/sites\/408\/2025\/05\/GettyImages-693280384-1024x683.jpg 1024w, https:\/\/hoyre.no\/content\/uploads\/sites\/408\/2025\/05\/GettyImages-693280384-300x200.jpg 300w, https:\/\/hoyre.no\/content\/uploads\/sites\/408\/2025\/05\/GettyImages-693280384-768x513.jpg 768w, https:\/\/hoyre.no\/content\/uploads\/sites\/408\/2025\/05\/GettyImages-693280384-1536x1025.jpg 1536w, https:\/\/hoyre.no\/content\/uploads\/sites\/408\/2025\/05\/GettyImages-693280384-2048x1367.jpg 2048w\" sizes=\"auto, (max-width: 1024px) 100vw, 1024px\" \/><\/figure>\n\n\n\n\n<h2 class=\"wp-block-heading\" id=\"h-giao-d\u1ee5c-t\u1ed1t-h\u01a1n-it-xao-nhang-h\u01a1n\"><strong>Gi\u00e1o d\u1ee5c t\u1ed1t h\u01a1n \u2013 \u00edt xao nh\u00e3ng h\u01a1n<\/strong><\/h2>\n\n\n\n<p>M\u1ed9t tu\u1ed5i th\u01a1 h\u1ea1nh ph\u00fac b\u1eaft \u0111\u1ea7u t\u1eeb n\u1ec1n t\u1ea3ng gi\u00e1o d\u1ee5c v\u1eefng ch\u1eafc. V\u00ec v\u1eady, n\u00e2ng cao ch\u1ea5t l\u01b0\u1ee3ng tr\u01b0\u1eddng h\u1ecdc l\u00e0 \u01b0u ti\u00ean h\u00e0ng \u0111\u1ea7u c\u1ee7a H\u00f8yre. Hi\u1ec7n nay, c\u1ee9 3 h\u1ecdc sinh t\u1ed1t nghi\u1ec7p th\u00ec c\u00f3 1 em ch\u01b0a \u0111\u1ecdc vi\u1ebft th\u00e0nh th\u1ea1o.<\/p>\n\n\n\n<p>H\u00f8yre s\u1ebd: &nbsp;&nbsp;<\/p>\n\n\n\n<ul class=\"wp-block-list\">\n<li>T\u0103ng h\u1ed7 tr\u1ee3 cho h\u1ecdc sinh y\u1ebfu. &nbsp;&nbsp;&nbsp;<\/li>\n\n\n\n<li>\u00c1p d\u1ee5ng ch\u01b0\u01a1ng tr\u00ecnh gi\u1ea3ng d\u1ea1y theo tr\u00ecnh \u0111\u1ed9 trong nh\u1eefng giai \u0111o\u1ea1n ng\u1eafn. <\/li>\n\n\n\n<li>Kh\u00f4i ph\u1ee5c s\u1ef1 t\u00f4n tr\u1ecdng \u0111\u1ed1i v\u1edbi gi\u00e1o vi\u00ean. &nbsp;&nbsp;&nbsp;<\/li>\n\n\n\n<li>\u0110\u01b0a k\u1ef7 lu\u1eadt tr\u1edf l\u1ea1i tr\u01b0\u1eddng h\u1ecdc. &nbsp;&nbsp;&nbsp;<\/li>\n\n\n\n<li>Duy tr\u00ec h\u1ec7 th\u1ed1ng ch\u1ea5m \u0111i\u1ec3m v\u00e0 thi c\u1eed \u1edf b\u1eadc s\u01a1 trung v\u00e0 trung h\u1ecdc.<\/li>\n<\/ul>\n\n\n\n<figure class=\"wp-block-image size-large\"><img loading=\"lazy\" decoding=\"async\" width=\"1024\" height=\"683\" src=\"https:\/\/hoyre.no\/content\/uploads\/sites\/408\/2024\/04\/Klasserom-1024x683.jpg\" alt=\"Illustrasjonsbilde som viser klasserom\" class=\"wp-image-7375\" srcset=\"https:\/\/hoyre.no\/content\/uploads\/sites\/408\/2024\/04\/Klasserom-1024x683.jpg 1024w, https:\/\/hoyre.no\/content\/uploads\/sites\/408\/2024\/04\/Klasserom-300x200.jpg 300w, https:\/\/hoyre.no\/content\/uploads\/sites\/408\/2024\/04\/Klasserom-768x512.jpg 768w, https:\/\/hoyre.no\/content\/uploads\/sites\/408\/2024\/04\/Klasserom.jpg 1200w\" sizes=\"auto, (max-width: 1024px) 100vw, 1024px\" \/><\/figure>\n\n\n\n<h2 class=\"wp-block-heading\" id=\"h-na-uy-di\u1ec3m-d\u1ebfn-ly-t\u01b0\u1edfng-d\u1ec3-kh\u1edfi-nghi\u1ec7p\">Na Uy \u2013 \u0111i\u1ec3m \u0111\u1ebfn l\u00fd t\u01b0\u1edfng \u0111\u1ec3 kh\u1edfi nghi\u1ec7p<\/h2>\n\n\n\n<p>T\u1eeb c\u1eeda h\u00e0ng nh\u1ecf \u0111\u1ebfn doanh nghi\u1ec7p l\u1edbn, khi kinh doanh ph\u00e1t tri\u1ec3n, s\u1ebd t\u1ea1o ra nhi\u1ec1u vi\u1ec7c l\u00e0m v\u00e0 c\u01a1 h\u1ed9i cho ng\u01b0\u1eddi d\u00e2n.<\/p>\n\n\n\n<p>&nbsp;Ch\u00fang t\u00f4i mu\u1ed1n gi\u1ea3m thu\u1ebf cho doanh nghi\u1ec7p, \u0111\u01a1n gi\u1ea3n h\u00f3a th\u1ee7 t\u1ee5c h\u00e0nh ch\u00ednh, v\u00e0 t\u1ea1o \u0111i\u1ec1u ki\u1ec7n thu\u1eadn l\u1ee3i nh\u1ea5t \u0111\u1ec3 kh\u1edfi nghi\u1ec7p v\u00e0 \u0111i\u1ec1u h\u00e0nh kinh doanh.&nbsp;<\/p>\n\n\n\n<figure class=\"wp-block-image size-large\"><img loading=\"lazy\" decoding=\"async\" width=\"1024\" height=\"683\" src=\"https:\/\/hoyre.no\/content\/uploads\/sites\/408\/2025\/05\/GettyImages-490607422-1024x683.jpg\" alt=\"\" class=\"wp-image-8842\" srcset=\"https:\/\/hoyre.no\/content\/uploads\/sites\/408\/2025\/05\/GettyImages-490607422-1024x683.jpg 1024w, https:\/\/hoyre.no\/content\/uploads\/sites\/408\/2025\/05\/GettyImages-490607422-300x200.jpg 300w, https:\/\/hoyre.no\/content\/uploads\/sites\/408\/2025\/05\/GettyImages-490607422-768x512.jpg 768w, https:\/\/hoyre.no\/content\/uploads\/sites\/408\/2025\/05\/GettyImages-490607422-1536x1024.jpg 1536w, https:\/\/hoyre.no\/content\/uploads\/sites\/408\/2025\/05\/GettyImages-490607422-2048x1365.jpg 2048w\" sizes=\"auto, (max-width: 1024px) 100vw, 1024px\" \/><\/figure>\n\n\n\n<h2 class=\"wp-block-heading\" id=\"h-tang-c\u01b0\u1eddng-c\u1ea3nh-sat-d\u1ea5u-tranh-ch\u1ed1ng-t\u1ed9i-ph\u1ea1m\">T\u0103ng c\u01b0\u1eddng c\u1ea3nh s\u00e1t \u2013 \u0111\u1ea5u tranh ch\u1ed1ng t\u1ed9i ph\u1ea1m<\/h2>\n\n\n\n<p>Nh\u1eefng n\u0103m g\u1ea7n \u0111\u00e2y, Oslo v\u00e0 nhi\u1ec1u n\u01a1i \u1edf Na Uy \u0111\u00e3 tr\u1edf n\u00ean k\u00e9m an to\u00e0n. T\u1ed9i ph\u1ea1m b\u0103ng nh\u00f3m ng\u00e0y c\u00e0ng nghi\u00eam tr\u1ecdng, b\u1ea1o l\u1ef1c v\u00e0 c\u00f4ng khai.<\/p>\n\n\n\n<p>H\u00f8yre mong mu\u1ed1n m\u1ed9t x\u00e3 h\u1ed9i n\u01a1i m\u1ecdi ng\u01b0\u1eddi c\u00f3 th\u1ec3 s\u1ed1ng t\u1ef1 do, kh\u00f4ng s\u1ee3 b\u1ecb h\u1ea1i. \u0110\u1ec3 l\u00e0m \u0111\u01b0\u1ee3c \u0111i\u1ec1u \u0111\u00f3, c\u1ea7n gi\u00e0nh l\u1ea1i quy\u1ec1n ki\u1ec3m so\u00e1t t\u1eeb c\u00e1c b\u0103ng \u0111\u1ea3ng, kh\u00f4i ph\u1ee5c s\u1ef1 an to\u00e0n cho c\u00f4ng d\u00e2n.<\/p>\n\n\n\n<p>Ch\u00fang t\u00f4i cam k\u1ebft: &nbsp;&nbsp;<\/p>\n\n\n\n<ul class=\"wp-block-list\">\n<li>Tuy\u1ec3n th\u00eam \u00edt nh\u1ea5t 1.000 c\u1ea3nh s\u00e1t. &nbsp;&nbsp;&nbsp;<\/li>\n\n\n\n<li>M\u1edf chi\u1ebfn d\u1ecbch to\u00e0n qu\u1ed1c ch\u1ed1ng t\u1ed9i ph\u1ea1m b\u0103ng \u0111\u1ea3ng.&nbsp;<\/li>\n<\/ul>\n\n\n\n<figure class=\"wp-block-image size-large\"><img loading=\"lazy\" decoding=\"async\" width=\"1024\" height=\"683\" src=\"https:\/\/hoyre.no\/content\/uploads\/sites\/408\/2025\/05\/GettyImages-693363086-1024x683.jpg\" alt=\"\" class=\"wp-image-8940\" srcset=\"https:\/\/hoyre.no\/content\/uploads\/sites\/408\/2025\/05\/GettyImages-693363086-1024x683.jpg 1024w, https:\/\/hoyre.no\/content\/uploads\/sites\/408\/2025\/05\/GettyImages-693363086-300x200.jpg 300w, https:\/\/hoyre.no\/content\/uploads\/sites\/408\/2025\/05\/GettyImages-693363086-768x512.jpg 768w, https:\/\/hoyre.no\/content\/uploads\/sites\/408\/2025\/05\/GettyImages-693363086-1536x1024.jpg 1536w, https:\/\/hoyre.no\/content\/uploads\/sites\/408\/2025\/05\/GettyImages-693363086-2048x1365.jpg 2048w\" sizes=\"auto, (max-width: 1024px) 100vw, 1024px\" \/><\/figure>\n\n\n\n<h2 class=\"wp-block-heading\" id=\"h-\u1ee9ng-c\u1eed-vien-ngh\u1ecb-vi\u1ec7n-c\u1ee7a-d\u1ea3ng-b\u1ea3o-th\u1ee7-na-uy-khu-v\u1ef1c-oslo\"><strong>\u1ee8ng c\u1eed vi\u00ean Ngh\u1ecb vi\u1ec7n c\u1ee7a \u0110\u1ea3ng B\u1ea3o Th\u1ee7 Na Uy \u2013 khu v\u1ef1c Oslo:<\/strong><\/h2>\n\n\n\n<figure class=\"wp-block-image size-large\"><img loading=\"lazy\" decoding=\"async\" width=\"1024\" height=\"683\" src=\"https:\/\/hoyre.no\/content\/uploads\/sites\/408\/2025\/05\/GB_fav-1024x683.jpeg\" alt=\"Oslo H\u00f8yres toppkandidater i 2025.\" class=\"wp-image-8969\" srcset=\"https:\/\/hoyre.no\/content\/uploads\/sites\/408\/2025\/05\/GB_fav-1024x683.jpeg 1024w, https:\/\/hoyre.no\/content\/uploads\/sites\/408\/2025\/05\/GB_fav-300x200.jpeg 300w, https:\/\/hoyre.no\/content\/uploads\/sites\/408\/2025\/05\/GB_fav-768x512.jpeg 768w, https:\/\/hoyre.no\/content\/uploads\/sites\/408\/2025\/05\/GB_fav-1536x1024.jpeg 1536w, https:\/\/hoyre.no\/content\/uploads\/sites\/408\/2025\/05\/GB_fav-2048x1365.jpeg 2048w\" sizes=\"auto, (max-width: 1024px) 100vw, 1024px\" \/><\/figure>\n\n\n\n<ol class=\"wp-block-list\">\n<li><strong>Ine Marie Eriksen<\/strong> <strong>S\u00f8reide<\/strong> <\/li>\n\n\n\n<li><strong>Nikolai Astrup<\/strong><\/li>\n\n\n\n<li><strong>Mudassar Kapur<\/strong><\/li>\n\n\n\n<li><strong>Mathilde Tybring-Gjedde<\/strong><\/li>\n\n\n\n<li><strong>Ola Svenneby<\/strong><\/li>\n\n\n\n<li><strong>Heidi Nordby Lunde<\/strong><\/li>\n\n\n\n<li><strong>Stefan Heggelund<\/strong><\/li>\n\n\n\n<li><strong>Michael Tetzschner<\/strong><\/li>\n\n\n\n<li><strong>Ingeborg Tennes<\/strong><\/li>\n\n\n\n<li><strong>Henny Lie Skarpholt<\/strong><\/li>\n\n\n\n<li><strong>Hilde Helland<\/strong><\/li>\n\n\n\n<li><strong>Arina Aamir<\/strong><\/li>\n\n\n\n<li><strong>Arve Juritzen<\/strong><\/li>\n\n\n\n<li><strong>Anfa Hashi<\/strong><\/li>\n\n\n\n<li><strong>Mohamed Anees Rauf<\/strong><\/li>\n\n\n\n<li><strong>Edyta Stylo<\/strong><\/li>\n\n\n\n<li><strong>Nikolai Bjerke Dyvik<\/strong><\/li>\n\n\n\n<li><strong>Siri Waalen Bogen<\/strong><\/li>\n\n\n\n<li><strong>Tias \u00d8deg\u00e5rd-Olsen<\/strong><\/li>\n\n\n\n<li><strong>Ole Martin T. Kristiansen<\/strong><\/li>\n\n\n\n<li><strong>Elisabeth Isachsen Rye-Florentz<\/strong><\/li>\n\n\n\n<li><strong>Elizabeth Dale<\/strong><\/li>\n\n\n\n<li><strong>Jin Kathrine Fosli<\/strong><\/li>\n\n\n\n<li><strong>Bj\u00f8rn Magnus Bj\u00f8rnstad<\/strong><\/li>\n\n\n\n<li><strong>Victor Singh Papatia<\/strong><\/li>\n\n\n\n<li><strong>Fabian Stang<\/strong><\/li>\n<\/ol>\n","protected":false},"excerpt":{"rendered":"<p>Gi\u00e1o d\u1ee5c t\u1ed1t h\u01a1n \u2013 \u00edt xao nh\u00e3ng h\u01a1n M\u1ed9t tu\u1ed5i th\u01a1 h\u1ea1nh ph\u00fac b\u1eaft \u0111\u1ea7u t\u1eeb n\u1ec1n t\u1ea3ng gi\u00e1o d\u1ee5c v\u1eefng ch\u1eafc. V\u00ec v\u1eady, n\u00e2ng cao ch\u1ea5t l\u01b0\u1ee3ng tr\u01b0\u1eddng h\u1ecdc l\u00e0 \u01b0u ti\u00ean h\u00e0ng \u0111\u1ea7u c\u1ee7a H\u00f8yre. Hi\u1ec7n nay, c\u1ee9 3 h\u1ecdc sinh t\u1ed1t nghi\u1ec7p th\u00ec c\u00f3 1 em ch\u01b0a \u0111\u1ecdc vi\u1ebft th\u00e0nh th\u1ea1o. [&hellip;]<\/p>\n","protected":false},"author":31424,"featured_media":0,"parent":0,"menu_order":0,"comment_status":"closed","ping_status":"closed","template":"","meta":{"teft_cards_image_url":"","teft_cards_custom_pretitle":"","teft_cards_image_id":8969,"teft_cards_image_focal_point_x":0.5,"teft_cards_image_focal_point_y":0.5,"teft_cards_title":"","teft_cards_excerpt":"","teft_show_chapters":false,"footnotes":""},"class_list":["post-9137","page","type-page","status-publish","hentry"],"yoast_head":"<!-- This site is optimized with the Yoast SEO Premium plugin v26.5 (Yoast SEO v26.6) - https:\/\/yoast.com\/wordpress\/plugins\/seo\/ -->\n<title>Th\u00f4ng tin v\u1ec1 Quy\u1ec1n b\u1eb1ng ti\u1ebfng Vi\u1ec7t - Oslo H\u00f8yre<\/title>\n<meta name=\"description\" content=\"Her kan du lese mer om hva H\u00f8yre g\u00e5r til valg p\u00e5 i 2025 p\u00e5 vietnamesisk.\" \/>\n<meta name=\"robots\" content=\"index, follow, max-snippet:-1, max-image-preview:large, max-video-preview:-1\" \/>\n<link rel=\"canonical\" href=\"https:\/\/hoyre.no\/oslo\/hoyre-pa-vietnamesisk\/\" \/>\n<meta property=\"og:locale\" content=\"nb_NO\" \/>\n<meta property=\"og:type\" content=\"article\" \/>\n<meta property=\"og:title\" content=\"Th\u00f4ng tin v\u1ec1 Quy\u1ec1n b\u1eb1ng ti\u1ebfng Vi\u1ec7t\" \/>\n<meta property=\"og:description\" content=\"Her kan du lese mer om hva H\u00f8yre g\u00e5r til valg p\u00e5 i 2025 p\u00e5 vietnamesisk.\" \/>\n<meta property=\"og:url\" content=\"https:\/\/hoyre.no\/oslo\/hoyre-pa-vietnamesisk\/\" \/>\n<meta property=\"og:site_name\" content=\"Oslo H\u00f8yre\" \/>\n<meta property=\"article:publisher\" content=\"https:\/\/www.facebook.com\/oslo.hoyre\" \/>\n<meta property=\"article:modified_time\" content=\"2025-08-12T17:28:45+00:00\" \/>\n<meta property=\"og:image\" content=\"https:\/\/hoyre.no\/content\/uploads\/sites\/408\/2025\/05\/GB_fav-1024x683.jpeg\" \/>\n<meta name=\"twitter:card\" content=\"summary_large_image\" \/>\n<meta name=\"twitter:label1\" content=\"Ansl. lesetid\" \/>\n\t<meta name=\"twitter:data1\" content=\"5 minutter\" \/>\n<script type=\"application\/ld+json\" class=\"yoast-schema-graph\">{\"@context\":\"https:\/\/schema.org\",\"@graph\":[{\"@type\":\"WebPage\",\"@id\":\"https:\/\/hoyre.no\/oslo\/hoyre-pa-vietnamesisk\/\",\"url\":\"https:\/\/hoyre.no\/oslo\/hoyre-pa-vietnamesisk\/\",\"name\":\"Th\u00f4ng tin v\u1ec1 Quy\u1ec1n b\u1eb1ng ti\u1ebfng Vi\u1ec7t - Oslo H\u00f8yre\",\"isPartOf\":{\"@id\":\"https:\/\/hoyre.no\/oslo\/#website\"},\"image\":{\"@id\":\"https:\/\/hoyre.no\/oslo\/hoyre-pa-vietnamesisk\/#primaryimage\"},\"thumbnailUrl\":\"https:\/\/hoyre.no\/content\/uploads\/sites\/408\/2025\/05\/GettyImages-693280384-1024x683.jpg\",\"datePublished\":\"2025-08-12T16:59:25+00:00\",\"dateModified\":\"2025-08-12T17:28:45+00:00\",\"description\":\"Her kan du lese mer om hva H\u00f8yre g\u00e5r til valg p\u00e5 i 2025 p\u00e5 vietnamesisk.\",\"breadcrumb\":{\"@id\":\"https:\/\/hoyre.no\/oslo\/hoyre-pa-vietnamesisk\/#breadcrumb\"},\"inLanguage\":\"nb-NO\",\"potentialAction\":[{\"@type\":\"ReadAction\",\"target\":[\"https:\/\/hoyre.no\/oslo\/hoyre-pa-vietnamesisk\/\"]}]},{\"@type\":\"ImageObject\",\"inLanguage\":\"nb-NO\",\"@id\":\"https:\/\/hoyre.no\/oslo\/hoyre-pa-vietnamesisk\/#primaryimage\",\"url\":\"https:\/\/hoyre.no\/content\/uploads\/sites\/408\/2025\/05\/GettyImages-693280384-1024x683.jpg\",\"contentUrl\":\"https:\/\/hoyre.no\/content\/uploads\/sites\/408\/2025\/05\/GettyImages-693280384-1024x683.jpg\"},{\"@type\":\"BreadcrumbList\",\"@id\":\"https:\/\/hoyre.no\/oslo\/hoyre-pa-vietnamesisk\/#breadcrumb\",\"itemListElement\":[{\"@type\":\"ListItem\",\"position\":1,\"name\":\"Til hoyre.no\",\"item\":\"https:\/\/hoyre.no\"},{\"@type\":\"ListItem\",\"position\":2,\"name\":\"Hjem\",\"item\":\"https:\/\/hoyre.no\/oslo\/\"},{\"@type\":\"ListItem\",\"position\":3,\"name\":\"Th\u00f4ng tin v\u1ec1 Quy\u1ec1n b\u1eb1ng ti\u1ebfng Vi\u1ec7t\"}]},{\"@type\":\"WebSite\",\"@id\":\"https:\/\/hoyre.no\/oslo\/#website\",\"url\":\"https:\/\/hoyre.no\/oslo\/\",\"name\":\"Oslo H\u00f8yre\",\"description\":\"\",\"publisher\":{\"@id\":\"https:\/\/hoyre.no\/oslo\/#organization\"},\"inLanguage\":\"nb-NO\"},{\"@type\":\"Organization\",\"@id\":\"https:\/\/hoyre.no\/oslo\/#organization\",\"name\":\"Oslo H\u00f8yre\",\"url\":\"https:\/\/hoyre.no\/oslo\/\",\"logo\":{\"@type\":\"ImageObject\",\"inLanguage\":\"nb-NO\",\"@id\":\"https:\/\/hoyre.no\/oslo\/#\/schema\/logo\/image\/\",\"url\":\"https:\/\/hoyre.no\/content\/uploads\/sites\/408\/2022\/11\/Hoyres-logo.png\",\"contentUrl\":\"https:\/\/hoyre.no\/content\/uploads\/sites\/408\/2022\/11\/Hoyres-logo.png\",\"width\":1000,\"height\":1000,\"caption\":\"Oslo H\u00f8yre\"},\"image\":{\"@id\":\"https:\/\/hoyre.no\/oslo\/#\/schema\/logo\/image\/\"},\"sameAs\":[\"https:\/\/www.facebook.com\/oslo.hoyre\"]}]}<\/script>\n<!-- \/ Yoast SEO Premium plugin. -->","yoast_head_json":{"title":"Th\u00f4ng tin v\u1ec1 Quy\u1ec1n b\u1eb1ng ti\u1ebfng Vi\u1ec7t - Oslo H\u00f8yre","description":"Her kan du lese mer om hva H\u00f8yre g\u00e5r til valg p\u00e5 i 2025 p\u00e5 vietnamesisk.","robots":{"index":"index","follow":"follow","max-snippet":"max-snippet:-1","max-image-preview":"max-image-preview:large","max-video-preview":"max-video-preview:-1"},"canonical":"https:\/\/hoyre.no\/oslo\/hoyre-pa-vietnamesisk\/","og_locale":"nb_NO","og_type":"article","og_title":"Th\u00f4ng tin v\u1ec1 Quy\u1ec1n b\u1eb1ng ti\u1ebfng Vi\u1ec7t","og_description":"Her kan du lese mer om hva H\u00f8yre g\u00e5r til valg p\u00e5 i 2025 p\u00e5 vietnamesisk.","og_url":"https:\/\/hoyre.no\/oslo\/hoyre-pa-vietnamesisk\/","og_site_name":"Oslo H\u00f8yre","article_publisher":"https:\/\/www.facebook.com\/oslo.hoyre","article_modified_time":"2025-08-12T17:28:45+00:00","og_image":[{"url":"https:\/\/hoyre.no\/content\/uploads\/sites\/408\/2025\/05\/GB_fav-1024x683.jpeg","width":"","height":"","type":""}],"twitter_card":"summary_large_image","twitter_misc":{"Ansl. lesetid":"5 minutter"},"schema":{"@context":"https:\/\/schema.org","@graph":[{"@type":"WebPage","@id":"https:\/\/hoyre.no\/oslo\/hoyre-pa-vietnamesisk\/","url":"https:\/\/hoyre.no\/oslo\/hoyre-pa-vietnamesisk\/","name":"Th\u00f4ng tin v\u1ec1 Quy\u1ec1n b\u1eb1ng ti\u1ebfng Vi\u1ec7t - Oslo H\u00f8yre","isPartOf":{"@id":"https:\/\/hoyre.no\/oslo\/#website"},"image":{"@id":"https:\/\/hoyre.no\/oslo\/hoyre-pa-vietnamesisk\/#primaryimage"},"thumbnailUrl":"https:\/\/hoyre.no\/content\/uploads\/sites\/408\/2025\/05\/GettyImages-693280384-1024x683.jpg","datePublished":"2025-08-12T16:59:25+00:00","dateModified":"2025-08-12T17:28:45+00:00","description":"Her kan du lese mer om hva H\u00f8yre g\u00e5r til valg p\u00e5 i 2025 p\u00e5 vietnamesisk.","breadcrumb":{"@id":"https:\/\/hoyre.no\/oslo\/hoyre-pa-vietnamesisk\/#breadcrumb"},"inLanguage":"nb-NO","potentialAction":[{"@type":"ReadAction","target":["https:\/\/hoyre.no\/oslo\/hoyre-pa-vietnamesisk\/"]}]},{"@type":"ImageObject","inLanguage":"nb-NO","@id":"https:\/\/hoyre.no\/oslo\/hoyre-pa-vietnamesisk\/#primaryimage","url":"https:\/\/hoyre.no\/content\/uploads\/sites\/408\/2025\/05\/GettyImages-693280384-1024x683.jpg","contentUrl":"https:\/\/hoyre.no\/content\/uploads\/sites\/408\/2025\/05\/GettyImages-693280384-1024x683.jpg"},{"@type":"BreadcrumbList","@id":"https:\/\/hoyre.no\/oslo\/hoyre-pa-vietnamesisk\/#breadcrumb","itemListElement":[{"@type":"ListItem","position":1,"name":"Til hoyre.no","item":"https:\/\/hoyre.no"},{"@type":"ListItem","position":2,"name":"Hjem","item":"https:\/\/hoyre.no\/oslo\/"},{"@type":"ListItem","position":3,"name":"Th\u00f4ng tin v\u1ec1 Quy\u1ec1n b\u1eb1ng ti\u1ebfng Vi\u1ec7t"}]},{"@type":"WebSite","@id":"https:\/\/hoyre.no\/oslo\/#website","url":"https:\/\/hoyre.no\/oslo\/","name":"Oslo H\u00f8yre","description":"","publisher":{"@id":"https:\/\/hoyre.no\/oslo\/#organization"},"inLanguage":"nb-NO"},{"@type":"Organization","@id":"https:\/\/hoyre.no\/oslo\/#organization","name":"Oslo H\u00f8yre","url":"https:\/\/hoyre.no\/oslo\/","logo":{"@type":"ImageObject","inLanguage":"nb-NO","@id":"https:\/\/hoyre.no\/oslo\/#\/schema\/logo\/image\/","url":"https:\/\/hoyre.no\/content\/uploads\/sites\/408\/2022\/11\/Hoyres-logo.png","contentUrl":"https:\/\/hoyre.no\/content\/uploads\/sites\/408\/2022\/11\/Hoyres-logo.png","width":1000,"height":1000,"caption":"Oslo H\u00f8yre"},"image":{"@id":"https:\/\/hoyre.no\/oslo\/#\/schema\/logo\/image\/"},"sameAs":["https:\/\/www.facebook.com\/oslo.hoyre"]}]}},"distributor_meta":false,"distributor_terms":false,"distributor_media":false,"distributor_original_site_name":"Oslo H\u00f8yre","distributor_original_site_url":"https:\/\/hoyre.no\/oslo","push-errors":false,"_links":{"self":[{"href":"https:\/\/hoyre.no\/oslo\/wp-json\/wp\/v2\/pages\/9137","targetHints":{"allow":["GET"]}}],"collection":[{"href":"https:\/\/hoyre.no\/oslo\/wp-json\/wp\/v2\/pages"}],"about":[{"href":"https:\/\/hoyre.no\/oslo\/wp-json\/wp\/v2\/types\/page"}],"author":[{"embeddable":true,"href":"https:\/\/hoyre.no\/oslo\/wp-json\/wp\/v2\/users\/31424"}],"replies":[{"embeddable":true,"href":"https:\/\/hoyre.no\/oslo\/wp-json\/wp\/v2\/comments?post=9137"}],"version-history":[{"count":3,"href":"https:\/\/hoyre.no\/oslo\/wp-json\/wp\/v2\/pages\/9137\/revisions"}],"predecessor-version":[{"id":9334,"href":"https:\/\/hoyre.no\/oslo\/wp-json\/wp\/v2\/pages\/9137\/revisions\/9334"}],"wp:attachment":[{"href":"https:\/\/hoyre.no\/oslo\/wp-json\/wp\/v2\/media?parent=9137"}],"curies":[{"name":"wp","href":"https:\/\/api.w.org\/{rel}","templated":true}]}}