{"id":9139,"date":"2025-08-12T19:06:01","date_gmt":"2025-08-12T17:06:01","guid":{"rendered":"https:\/\/hoyre.no\/oslo\/?page_id=9139"},"modified":"2025-08-19T15:10:37","modified_gmt":"2025-08-19T13:10:37","slug":"hoyre-pa-engelsk","status":"publish","type":"page","link":"https:\/\/hoyre.no\/oslo\/hoyre-pa-engelsk\/","title":{"rendered":"Information about H\u00f8yre in English"},"content":{"rendered":"\n<div class=\"wp-block-hoyre-hero with-image-gradient text-color-light  has-media alignfull has-background\"><div class=\"hoyre-hero has-image\"><h1 class=\"title\"><strong>Vote H\u00f8yre in the 2025 parliamentary election!<\/strong><\/h1><figure class=\"hoyre-image-wrapper\"><div class=\"hoyre-image\"><img loading=\"lazy\" decoding=\"async\" width=\"2500\" height=\"1667\" src=\"https:\/\/hoyre.no\/content\/uploads\/sites\/408\/2025\/05\/GB_fav-scaled.jpeg\" class=\"attachment-scaled size-scaled\" alt=\"Oslo H\u00f8yres toppkandidater i 2025\" style=\"object-position: 51% 33%\" srcset=\"https:\/\/hoyre.no\/content\/uploads\/sites\/408\/2025\/05\/GB_fav-scaled.jpeg 2500w, https:\/\/hoyre.no\/content\/uploads\/sites\/408\/2025\/05\/GB_fav-300x200.jpeg 300w, https:\/\/hoyre.no\/content\/uploads\/sites\/408\/2025\/05\/GB_fav-1024x683.jpeg 1024w, https:\/\/hoyre.no\/content\/uploads\/sites\/408\/2025\/05\/GB_fav-768x512.jpeg 768w, https:\/\/hoyre.no\/content\/uploads\/sites\/408\/2025\/05\/GB_fav-1536x1024.jpeg 1536w, https:\/\/hoyre.no\/content\/uploads\/sites\/408\/2025\/05\/GB_fav-2048x1365.jpeg 2048w\" sizes=\"auto, (max-width: 2500px) 100vw, 2500px\" \/><\/div><\/figure><\/div><\/div>\n\n\n\n\n<p>H\u00f8yre will give you more freedom so that you can take charge of your own life \u2014 free to make the choices that best suit you and your family. We\u2019ll keep making Norway an even better place to live, without big, disruptive shake\u2011ups. People are different; politics should respect that. Politicians can\u2019t\u2014and shouldn\u2019t\u2014try to run everything. We believe everyone has a personal responsibility to build a good life for themselves and their loved ones.<\/p>\n\n\n\n<p>Below are some clear, common\u2011sense reasons to vote for H\u00f8yre in this year\u2019s parliamentary election.<\/p>\n\n\n\n<h2 class=\"wp-block-heading\" id=\"h-tax-cuts-for-everyone\"><strong>Tax cuts for everyone<\/strong><\/h2>\n\n\n\n<p>Most people in Norway have seen their spending power drop in recent years. H\u00f8yre will cut your taxes so you can keep more of what you earn. You know best how to spend your money\u2014whether that means saving for your first flat, buying the kids some new clothes, or finally putting a little aside.<\/p>\n\n\n\n<p>H\u00f8yre pledges a tax cut of NOK 1,000 per month for every employee. For a two\u2011adult household, that amounts to NOK 24,000 a year. In addition, earnings under NOK 150,000 will be tax\u2011free.<\/p>\n\n\n\n<figure class=\"wp-block-image size-large\"><img loading=\"lazy\" decoding=\"async\" width=\"1024\" height=\"683\" src=\"https:\/\/hoyre.no\/content\/uploads\/sites\/408\/2025\/05\/GettyImages-693280384-1024x683.jpg\" alt=\"\" class=\"wp-image-8889\" srcset=\"https:\/\/hoyre.no\/content\/uploads\/sites\/408\/2025\/05\/GettyImages-693280384-1024x683.jpg 1024w, https:\/\/hoyre.no\/content\/uploads\/sites\/408\/2025\/05\/GettyImages-693280384-300x200.jpg 300w, https:\/\/hoyre.no\/content\/uploads\/sites\/408\/2025\/05\/GettyImages-693280384-768x513.jpg 768w, https:\/\/hoyre.no\/content\/uploads\/sites\/408\/2025\/05\/GettyImages-693280384-1536x1025.jpg 1536w, https:\/\/hoyre.no\/content\/uploads\/sites\/408\/2025\/05\/GettyImages-693280384-2048x1367.jpg 2048w\" sizes=\"auto, (max-width: 1024px) 100vw, 1024px\" \/><\/figure>\n\n\n\n\n<h2 class=\"wp-block-heading\" id=\"h-more-learning-and-less-disruption-in-our-schools\"><strong>More learning and less disruption in our schools<\/strong><\/h2>\n\n\n\n<p>The foundation of our children\u2019s future is laid in their early years and through a high-quality education. That is why strengthening our schools is one of H\u00f8yre\u2019s top priorities.<\/p>\n\n\n\n<p>Today, one in three young people leaves school without being able to read and write properly. H\u00f8yre will provide targeted support for pupils who fall behind and introduce more ability-grouped teaching in shorter, focused periods. We will restore respect for teachers and return discipline to the classroom. We will also retain grades and examinations in both lower and upper secondary education.<\/p>\n\n\n\n<figure class=\"wp-block-image size-large\"><img loading=\"lazy\" decoding=\"async\" width=\"1024\" height=\"683\" src=\"https:\/\/hoyre.no\/content\/uploads\/sites\/408\/2025\/04\/IMG_6331-1024x683.jpeg\" alt=\"Julie Remen Midtgarden, byr\u00e5d for utdanning\" class=\"wp-image-8816\" srcset=\"https:\/\/hoyre.no\/content\/uploads\/sites\/408\/2025\/04\/IMG_6331-1024x683.jpeg 1024w, https:\/\/hoyre.no\/content\/uploads\/sites\/408\/2025\/04\/IMG_6331-300x200.jpeg 300w, https:\/\/hoyre.no\/content\/uploads\/sites\/408\/2025\/04\/IMG_6331-768x512.jpeg 768w, https:\/\/hoyre.no\/content\/uploads\/sites\/408\/2025\/04\/IMG_6331-1536x1024.jpeg 1536w, https:\/\/hoyre.no\/content\/uploads\/sites\/408\/2025\/04\/IMG_6331-2048x1365.jpeg 2048w\" sizes=\"auto, (max-width: 1024px) 100vw, 1024px\" \/><\/figure>\n\n\n\n<h2 class=\"wp-block-heading\" id=\"h-hoyre-aims-to-position-norway-as-one-of-the-leading-countries-globally-for-business-start-ups\"><strong>H\u00f8yre aims to position Norway as one of the leading countries globally for business start-ups<\/strong><\/h2>\n\n\n\n<p>We will make it simpler to start up and to run a business in Norway, from a local high-street shop to a major enterprise. Successful businesses create jobs and help more people stand on their own feet. That\u2019s why H\u00f8yre will cut taxes for businesses and cut red tape.<\/p>\n\n\n\n<figure class=\"wp-block-image size-large\"><img loading=\"lazy\" decoding=\"async\" width=\"1024\" height=\"683\" src=\"https:\/\/hoyre.no\/content\/uploads\/sites\/408\/2025\/05\/GettyImages-490607422-1024x683.jpg\" alt=\"\" class=\"wp-image-8842\" srcset=\"https:\/\/hoyre.no\/content\/uploads\/sites\/408\/2025\/05\/GettyImages-490607422-1024x683.jpg 1024w, https:\/\/hoyre.no\/content\/uploads\/sites\/408\/2025\/05\/GettyImages-490607422-300x200.jpg 300w, https:\/\/hoyre.no\/content\/uploads\/sites\/408\/2025\/05\/GettyImages-490607422-768x512.jpg 768w, https:\/\/hoyre.no\/content\/uploads\/sites\/408\/2025\/05\/GettyImages-490607422-1536x1024.jpg 1536w, https:\/\/hoyre.no\/content\/uploads\/sites\/408\/2025\/05\/GettyImages-490607422-2048x1365.jpg 2048w\" sizes=\"auto, (max-width: 1024px) 100vw, 1024px\" \/><\/figure>\n\n\n\n<h2 class=\"wp-block-heading\" id=\"h-more-police-and-a-tougher-stance-on-crime\"><strong>More police and a tougher stance on crime<\/strong><\/h2>\n\n\n\n<p>In recent years, Oslo and Norway have become less safe. Many people fear becoming victims of crime, and criminal gangs have gained a foothold across the country. Crime has grown harsher, more brutal, and more visible. H\u00f8yre wants a society where everyone can live freely without fear of being subjected to crime. That is why we must take back control from the gangs\u2014and restore safety for residents. H\u00f8yre pledges at least 1,000 new police officers and a national action plan to combat gang-related crime.<\/p>\n\n\n\n<figure class=\"wp-block-image size-large\"><img loading=\"lazy\" decoding=\"async\" width=\"1024\" height=\"683\" src=\"https:\/\/hoyre.no\/content\/uploads\/sites\/408\/2025\/05\/GettyImages-693363086-1024x683.jpg\" alt=\"\" class=\"wp-image-8940\" srcset=\"https:\/\/hoyre.no\/content\/uploads\/sites\/408\/2025\/05\/GettyImages-693363086-1024x683.jpg 1024w, https:\/\/hoyre.no\/content\/uploads\/sites\/408\/2025\/05\/GettyImages-693363086-300x200.jpg 300w, https:\/\/hoyre.no\/content\/uploads\/sites\/408\/2025\/05\/GettyImages-693363086-768x512.jpg 768w, https:\/\/hoyre.no\/content\/uploads\/sites\/408\/2025\/05\/GettyImages-693363086-1536x1024.jpg 1536w, https:\/\/hoyre.no\/content\/uploads\/sites\/408\/2025\/05\/GettyImages-693363086-2048x1365.jpg 2048w\" sizes=\"auto, (max-width: 1024px) 100vw, 1024px\" \/><\/figure>\n\n\n\n<h2 class=\"wp-block-heading\" id=\"h-oslo-hoyre-s-candidates-for-the-2025-parliamentary-election\"><strong>Oslo H\u00f8yre\u2019s candidates for the 2025 parliamentary election<\/strong>:<\/h2>\n\n\n\n<ol class=\"wp-block-list\">\n<li><strong>Ine Marie Eriksen<\/strong>&nbsp;<strong>S\u00f8reide<\/strong><\/li>\n\n\n\n<li><strong>Nikolai Astrup<\/strong><\/li>\n\n\n\n<li><strong>Mudassar Kapur<\/strong><\/li>\n\n\n\n<li><strong>Mathilde Tybring-Gjedde<\/strong><\/li>\n\n\n\n<li><strong>Ola Svenneby<\/strong><\/li>\n\n\n\n<li><strong>Heidi Nordby Lunde<\/strong><\/li>\n\n\n\n<li><strong>Stefan Heggelund<\/strong><\/li>\n\n\n\n<li><strong>Michael Tetzschner<\/strong><\/li>\n\n\n\n<li><strong>Ingeborg Tennes<\/strong><\/li>\n\n\n\n<li><strong>Henny Lie Skarpholt<\/strong><\/li>\n\n\n\n<li><strong>Hilde Helland<\/strong><\/li>\n\n\n\n<li><strong>Arina Aamir<\/strong><\/li>\n\n\n\n<li><strong>Arve Juritzen<\/strong><\/li>\n\n\n\n<li><strong>Anfa Hashi<\/strong><\/li>\n\n\n\n<li><strong>Mohamed Anees Rauf<\/strong><\/li>\n\n\n\n<li><strong>Edyta Stylo<\/strong><\/li>\n\n\n\n<li><strong>Nikolai Bjerke Dyvik<\/strong><\/li>\n\n\n\n<li><strong>Siri Waalen Bogen<\/strong><\/li>\n\n\n\n<li><strong>Tias \u00d8deg\u00e5rd-Olsen<\/strong><\/li>\n\n\n\n<li><strong>Ole Martin T. Kristiansen<\/strong><\/li>\n\n\n\n<li><strong>Elisabeth Isachsen Rye-Florentz<\/strong><\/li>\n\n\n\n<li><strong>Elizabeth Dale<\/strong><\/li>\n\n\n\n<li><strong>Jin Kathrine Fosli<\/strong><\/li>\n\n\n\n<li><strong>Bj\u00f8rn Magnus Bj\u00f8rnstad<\/strong><\/li>\n\n\n\n<li><strong>Victor Singh Papatia<\/strong><\/li>\n\n\n\n<li><strong>Fabian Stang<\/strong><\/li>\n<\/ol>\n","protected":false},"excerpt":{"rendered":"<p>More learning and less disruption in our schools The foundation of our children\u2019s future is laid in their early years and through a high-quality education. That is why strengthening our schools is one of H\u00f8yre\u2019s top priorities. Today, one in three young people leaves school without being able to read and write properly. H\u00f8yre will [&hellip;]<\/p>\n","protected":false},"author":31424,"featured_media":0,"parent":0,"menu_order":0,"comment_status":"closed","ping_status":"closed","template":"","meta":{"teft_cards_image_url":"","teft_cards_custom_pretitle":"","teft_cards_image_id":0,"teft_cards_image_focal_point_x":0,"teft_cards_image_focal_point_y":0,"teft_cards_title":"","teft_cards_excerpt":"","teft_show_chapters":false,"footnotes":""},"class_list":["post-9139","page","type-page","status-publish","hentry"],"yoast_head":"<!-- This site is optimized with the Yoast SEO Premium plugin v26.5 (Yoast SEO v26.6) - https:\/\/yoast.com\/wordpress\/plugins\/seo\/ -->\n<title>Information about H\u00f8yre in English - Oslo H\u00f8yre<\/title>\n<meta name=\"description\" content=\"H\u00f8yre will give you more freedom so that you can take charge of your own life \u2014 free to make the choices that best suit you and your family.\" \/>\n<meta name=\"robots\" content=\"index, follow, max-snippet:-1, max-image-preview:large, max-video-preview:-1\" \/>\n<link rel=\"canonical\" href=\"https:\/\/hoyre.no\/oslo\/hoyre-pa-engelsk\/\" \/>\n<meta property=\"og:locale\" content=\"nb_NO\" \/>\n<meta property=\"og:type\" content=\"article\" \/>\n<meta property=\"og:title\" content=\"Information about H\u00f8yre in English\" \/>\n<meta property=\"og:description\" content=\"H\u00f8yre will give you more freedom so that you can take charge of your own life \u2014 free to make the choices that best suit you and your family.\" \/>\n<meta property=\"og:url\" content=\"https:\/\/hoyre.no\/oslo\/hoyre-pa-engelsk\/\" \/>\n<meta property=\"og:site_name\" content=\"Oslo H\u00f8yre\" \/>\n<meta property=\"article:publisher\" content=\"https:\/\/www.facebook.com\/oslo.hoyre\" \/>\n<meta property=\"article:modified_time\" content=\"2025-08-19T13:10:37+00:00\" \/>\n<meta property=\"og:image\" content=\"https:\/\/hoyre.no\/content\/uploads\/sites\/408\/2025\/05\/GB_fav-scaled.jpeg\" \/>\n\t<meta property=\"og:image:width\" content=\"2500\" \/>\n\t<meta property=\"og:image:height\" content=\"1667\" \/>\n\t<meta property=\"og:image:type\" content=\"image\/jpeg\" \/>\n<meta name=\"twitter:card\" content=\"summary_large_image\" \/>\n<meta name=\"twitter:description\" content=\"H\u00f8yre will give you more freedom so that you can take charge of your own life \u2014 free to make the choices that best suit you and your family.\" \/>\n<meta name=\"twitter:image\" content=\"https:\/\/hoyre.no\/content\/uploads\/sites\/408\/2025\/05\/GB_fav-scaled.jpeg\" \/>\n<meta name=\"twitter:label1\" content=\"Ansl. lesetid\" \/>\n\t<meta name=\"twitter:data1\" content=\"4 minutter\" \/>\n<script type=\"application\/ld+json\" class=\"yoast-schema-graph\">{\"@context\":\"https:\/\/schema.org\",\"@graph\":[{\"@type\":\"WebPage\",\"@id\":\"https:\/\/hoyre.no\/oslo\/hoyre-pa-engelsk\/\",\"url\":\"https:\/\/hoyre.no\/oslo\/hoyre-pa-engelsk\/\",\"name\":\"Information about H\u00f8yre in English - Oslo H\u00f8yre\",\"isPartOf\":{\"@id\":\"https:\/\/hoyre.no\/oslo\/#website\"},\"image\":{\"@id\":\"https:\/\/hoyre.no\/oslo\/hoyre-pa-engelsk\/#primaryimage\"},\"thumbnailUrl\":\"https:\/\/hoyre.no\/content\/uploads\/sites\/408\/2025\/05\/GettyImages-693280384-1024x683.jpg\",\"datePublished\":\"2025-08-12T17:06:01+00:00\",\"dateModified\":\"2025-08-19T13:10:37+00:00\",\"description\":\"H\u00f8yre will give you more freedom so that you can take charge of your own life \u2014 free to make the choices that best suit you and your family.\",\"breadcrumb\":{\"@id\":\"https:\/\/hoyre.no\/oslo\/hoyre-pa-engelsk\/#breadcrumb\"},\"inLanguage\":\"nb-NO\",\"potentialAction\":[{\"@type\":\"ReadAction\",\"target\":[\"https:\/\/hoyre.no\/oslo\/hoyre-pa-engelsk\/\"]}]},{\"@type\":\"ImageObject\",\"inLanguage\":\"nb-NO\",\"@id\":\"https:\/\/hoyre.no\/oslo\/hoyre-pa-engelsk\/#primaryimage\",\"url\":\"https:\/\/hoyre.no\/content\/uploads\/sites\/408\/2025\/05\/GettyImages-693280384-1024x683.jpg\",\"contentUrl\":\"https:\/\/hoyre.no\/content\/uploads\/sites\/408\/2025\/05\/GettyImages-693280384-1024x683.jpg\"},{\"@type\":\"BreadcrumbList\",\"@id\":\"https:\/\/hoyre.no\/oslo\/hoyre-pa-engelsk\/#breadcrumb\",\"itemListElement\":[{\"@type\":\"ListItem\",\"position\":1,\"name\":\"Til hoyre.no\",\"item\":\"https:\/\/hoyre.no\"},{\"@type\":\"ListItem\",\"position\":2,\"name\":\"Hjem\",\"item\":\"https:\/\/hoyre.no\/oslo\/\"},{\"@type\":\"ListItem\",\"position\":3,\"name\":\"Information about H\u00f8yre in English\"}]},{\"@type\":\"WebSite\",\"@id\":\"https:\/\/hoyre.no\/oslo\/#website\",\"url\":\"https:\/\/hoyre.no\/oslo\/\",\"name\":\"Oslo H\u00f8yre\",\"description\":\"\",\"publisher\":{\"@id\":\"https:\/\/hoyre.no\/oslo\/#organization\"},\"inLanguage\":\"nb-NO\"},{\"@type\":\"Organization\",\"@id\":\"https:\/\/hoyre.no\/oslo\/#organization\",\"name\":\"Oslo H\u00f8yre\",\"url\":\"https:\/\/hoyre.no\/oslo\/\",\"logo\":{\"@type\":\"ImageObject\",\"inLanguage\":\"nb-NO\",\"@id\":\"https:\/\/hoyre.no\/oslo\/#\/schema\/logo\/image\/\",\"url\":\"https:\/\/hoyre.no\/content\/uploads\/sites\/408\/2022\/11\/Hoyres-logo.png\",\"contentUrl\":\"https:\/\/hoyre.no\/content\/uploads\/sites\/408\/2022\/11\/Hoyres-logo.png\",\"width\":1000,\"height\":1000,\"caption\":\"Oslo H\u00f8yre\"},\"image\":{\"@id\":\"https:\/\/hoyre.no\/oslo\/#\/schema\/logo\/image\/\"},\"sameAs\":[\"https:\/\/www.facebook.com\/oslo.hoyre\"]}]}<\/script>\n<!-- \/ Yoast SEO Premium plugin. -->","yoast_head_json":{"title":"Information about H\u00f8yre in English - Oslo H\u00f8yre","description":"H\u00f8yre will give you more freedom so that you can take charge of your own life \u2014 free to make the choices that best suit you and your family.","robots":{"index":"index","follow":"follow","max-snippet":"max-snippet:-1","max-image-preview":"max-image-preview:large","max-video-preview":"max-video-preview:-1"},"canonical":"https:\/\/hoyre.no\/oslo\/hoyre-pa-engelsk\/","og_locale":"nb_NO","og_type":"article","og_title":"Information about H\u00f8yre in English","og_description":"H\u00f8yre will give you more freedom so that you can take charge of your own life \u2014 free to make the choices that best suit you and your family.","og_url":"https:\/\/hoyre.no\/oslo\/hoyre-pa-engelsk\/","og_site_name":"Oslo H\u00f8yre","article_publisher":"https:\/\/www.facebook.com\/oslo.hoyre","article_modified_time":"2025-08-19T13:10:37+00:00","og_image":[{"width":2500,"height":1667,"url":"https:\/\/hoyre.no\/content\/uploads\/sites\/408\/2025\/05\/GB_fav-scaled.jpeg","type":"image\/jpeg"}],"twitter_card":"summary_large_image","twitter_description":"H\u00f8yre will give you more freedom so that you can take charge of your own life \u2014 free to make the choices that best suit you and your family.","twitter_image":"https:\/\/hoyre.no\/content\/uploads\/sites\/408\/2025\/05\/GB_fav-scaled.jpeg","twitter_misc":{"Ansl. lesetid":"4 minutter"},"schema":{"@context":"https:\/\/schema.org","@graph":[{"@type":"WebPage","@id":"https:\/\/hoyre.no\/oslo\/hoyre-pa-engelsk\/","url":"https:\/\/hoyre.no\/oslo\/hoyre-pa-engelsk\/","name":"Information about H\u00f8yre in English - Oslo H\u00f8yre","isPartOf":{"@id":"https:\/\/hoyre.no\/oslo\/#website"},"image":{"@id":"https:\/\/hoyre.no\/oslo\/hoyre-pa-engelsk\/#primaryimage"},"thumbnailUrl":"https:\/\/hoyre.no\/content\/uploads\/sites\/408\/2025\/05\/GettyImages-693280384-1024x683.jpg","datePublished":"2025-08-12T17:06:01+00:00","dateModified":"2025-08-19T13:10:37+00:00","description":"H\u00f8yre will give you more freedom so that you can take charge of your own life \u2014 free to make the choices that best suit you and your family.","breadcrumb":{"@id":"https:\/\/hoyre.no\/oslo\/hoyre-pa-engelsk\/#breadcrumb"},"inLanguage":"nb-NO","potentialAction":[{"@type":"ReadAction","target":["https:\/\/hoyre.no\/oslo\/hoyre-pa-engelsk\/"]}]},{"@type":"ImageObject","inLanguage":"nb-NO","@id":"https:\/\/hoyre.no\/oslo\/hoyre-pa-engelsk\/#primaryimage","url":"https:\/\/hoyre.no\/content\/uploads\/sites\/408\/2025\/05\/GettyImages-693280384-1024x683.jpg","contentUrl":"https:\/\/hoyre.no\/content\/uploads\/sites\/408\/2025\/05\/GettyImages-693280384-1024x683.jpg"},{"@type":"BreadcrumbList","@id":"https:\/\/hoyre.no\/oslo\/hoyre-pa-engelsk\/#breadcrumb","itemListElement":[{"@type":"ListItem","position":1,"name":"Til hoyre.no","item":"https:\/\/hoyre.no"},{"@type":"ListItem","position":2,"name":"Hjem","item":"https:\/\/hoyre.no\/oslo\/"},{"@type":"ListItem","position":3,"name":"Information about H\u00f8yre in English"}]},{"@type":"WebSite","@id":"https:\/\/hoyre.no\/oslo\/#website","url":"https:\/\/hoyre.no\/oslo\/","name":"Oslo H\u00f8yre","description":"","publisher":{"@id":"https:\/\/hoyre.no\/oslo\/#organization"},"inLanguage":"nb-NO"},{"@type":"Organization","@id":"https:\/\/hoyre.no\/oslo\/#organization","name":"Oslo H\u00f8yre","url":"https:\/\/hoyre.no\/oslo\/","logo":{"@type":"ImageObject","inLanguage":"nb-NO","@id":"https:\/\/hoyre.no\/oslo\/#\/schema\/logo\/image\/","url":"https:\/\/hoyre.no\/content\/uploads\/sites\/408\/2022\/11\/Hoyres-logo.png","contentUrl":"https:\/\/hoyre.no\/content\/uploads\/sites\/408\/2022\/11\/Hoyres-logo.png","width":1000,"height":1000,"caption":"Oslo H\u00f8yre"},"image":{"@id":"https:\/\/hoyre.no\/oslo\/#\/schema\/logo\/image\/"},"sameAs":["https:\/\/www.facebook.com\/oslo.hoyre"]}]}},"distributor_meta":false,"distributor_terms":false,"distributor_media":false,"distributor_original_site_name":"Oslo H\u00f8yre","distributor_original_site_url":"https:\/\/hoyre.no\/oslo","push-errors":false,"_links":{"self":[{"href":"https:\/\/hoyre.no\/oslo\/wp-json\/wp\/v2\/pages\/9139","targetHints":{"allow":["GET"]}}],"collection":[{"href":"https:\/\/hoyre.no\/oslo\/wp-json\/wp\/v2\/pages"}],"about":[{"href":"https:\/\/hoyre.no\/oslo\/wp-json\/wp\/v2\/types\/page"}],"author":[{"embeddable":true,"href":"https:\/\/hoyre.no\/oslo\/wp-json\/wp\/v2\/users\/31424"}],"replies":[{"embeddable":true,"href":"https:\/\/hoyre.no\/oslo\/wp-json\/wp\/v2\/comments?post=9139"}],"version-history":[{"count":6,"href":"https:\/\/hoyre.no\/oslo\/wp-json\/wp\/v2\/pages\/9139\/revisions"}],"predecessor-version":[{"id":9333,"href":"https:\/\/hoyre.no\/oslo\/wp-json\/wp\/v2\/pages\/9139\/revisions\/9333"}],"wp:attachment":[{"href":"https:\/\/hoyre.no\/oslo\/wp-json\/wp\/v2\/media?parent=9139"}],"curies":[{"name":"wp","href":"https:\/\/api.w.org\/{rel}","templated":true}]}}