{"id":9157,"date":"2025-08-19T15:04:44","date_gmt":"2025-08-19T13:04:44","guid":{"rendered":"https:\/\/hoyre.no\/oslo\/?page_id=9157"},"modified":"2025-09-11T10:34:42","modified_gmt":"2025-09-11T08:34:42","slug":"muhafazakar-parti-hakkinda-turkce-bilgi","status":"publish","type":"page","link":"https:\/\/hoyre.no\/oslo\/muhafazakar-parti-hakkinda-turkce-bilgi\/","title":{"rendered":"Muhafazakar Parti Hakk\u0131nda T\u00fcrk\u00e7e Bilgi"},"content":{"rendered":"\n<div class=\"wp-block-hoyre-hero with-image-gradient text-color-light  has-media alignfull has-background\"><div class=\"hoyre-hero has-image\"><h1 class=\"title\">Genel se\u00e7imlerde siz de \u00a0H\u00f8yre\u2019ye oy verin!<\/h1><figure class=\"hoyre-image-wrapper\"><div class=\"hoyre-image\"><img loading=\"lazy\" decoding=\"async\" width=\"2500\" height=\"1667\" src=\"https:\/\/hoyre.no\/content\/uploads\/sites\/408\/2025\/05\/GB_fav-scaled.jpeg\" class=\"attachment-scaled size-scaled\" alt=\"Oslo H\u00f8yres toppkandidater i 2025\" style=\"object-position: 52% 34%\" srcset=\"https:\/\/hoyre.no\/content\/uploads\/sites\/408\/2025\/05\/GB_fav-scaled.jpeg 2500w, https:\/\/hoyre.no\/content\/uploads\/sites\/408\/2025\/05\/GB_fav-300x200.jpeg 300w, https:\/\/hoyre.no\/content\/uploads\/sites\/408\/2025\/05\/GB_fav-1024x683.jpeg 1024w, https:\/\/hoyre.no\/content\/uploads\/sites\/408\/2025\/05\/GB_fav-768x512.jpeg 768w, https:\/\/hoyre.no\/content\/uploads\/sites\/408\/2025\/05\/GB_fav-1536x1024.jpeg 1536w, https:\/\/hoyre.no\/content\/uploads\/sites\/408\/2025\/05\/GB_fav-2048x1365.jpeg 2048w\" sizes=\"auto, (max-width: 2500px) 100vw, 2500px\" \/><\/div><\/figure><\/div><\/div>\n\n\n\n\n<p>H\u00f8yre [Sa\u011f Parti], hayat\u0131n\u0131z\u0131n patronu olman\u0131z\u0131 istiyor. Bu sayede kendiniz ve aileniz i\u00e7in en do\u011fru kararlar\u0131 kendiniz verebilirsiniz. H\u00f8yre olarak, \u00fclkemizin b\u00fcy\u00fck ve k\u00f6kl\u00fc de\u011fi\u015fiklikler olmadan daha ya\u015fanabilir bir yer olmas\u0131n\u0131 istiyoruz. Ayr\u0131ca siyaset\u00e7ilerin her insan\u0131n farkl\u0131 oldu\u011funu g\u00f6z \u00f6n\u00fcnde bulundurmalar\u0131n\u0131n \u00f6nemli oldu\u011funu d\u00fc\u015f\u00fcn\u00fcyoruz.&nbsp;<\/p>\n\n\n\n<p>Siyaset\u00e7ilerden var olan b\u00fct\u00fcn sorunlar\u0131 \u00e7\u00f6zmeleri beklenmemelidir.&nbsp;<br>T\u00fcm vatanda\u015flar\u0131n, kendileri ve aileleri i\u00e7in iyi bir hayat kurma konusunda bireysel bir sorumlulu\u011fu oldu\u011funa inan\u0131yoruz. A\u015fa\u011f\u0131da, bu y\u0131lki genel se\u00e7imlerde H\u00f8yre&#8217;ye oy vermeniz i\u00e7in baz\u0131 iyi nedenleri derledik.&nbsp;<\/p>\n\n\n\n<h2 class=\"wp-block-heading\" id=\"h-daha-iyi-bir-bireysel-ekonomi\"><strong>Daha iyi bir bireysel ekonomi<\/strong><\/h2>\n\n\n\n<p>Son y\u0131llarda Norve\u00e7&#8217;te neredeyse herkesin al\u0131m g\u00fcc\u00fc d\u00fc\u015ft\u00fc. H\u00f8yre, kazand\u0131\u011f\u0131n\u0131z paran\u0131n daha fazlas\u0131n\u0131 kendi elinizde tutman\u0131z\u0131 istiyor \u2013 b\u00f6ylece kendiniz ve aileniz i\u00e7in uygun kararlar alabilirsiniz. Paran\u0131z\u0131 neye harcaman\u0131z gerekti\u011fini en iyi siz bilirsiniz. Bu ilk eviniz i\u00e7in birikim yapmak, \u00e7ocuklar\u0131n\u0131za yeni giysiler almak veya nihayet biraz para biriktirmek olabilir. H\u00f8yre, \u00e7al\u0131\u015fan herkesin ayda 1.000 kronluk vergi indirimi alaca\u011f\u0131n\u0131 taahh\u00fct ediyor. \u0130ki yeti\u015fkinden olu\u015fan bir aile i\u00e7in bu, her y\u0131l fazladan 24.000 kron anlam\u0131na gelir. Ayr\u0131ca, 150.000 kronun alt\u0131nda maa\u015f\u0131 olanlardan hi\u00e7 vergi almayaca\u011f\u0131z.<\/p>\n\n\n\n<figure class=\"wp-block-image size-large\"><img loading=\"lazy\" decoding=\"async\" width=\"1024\" height=\"683\" src=\"https:\/\/hoyre.no\/content\/uploads\/sites\/408\/2025\/05\/GettyImages-693280384-1024x683.jpg\" alt=\"\" class=\"wp-image-8889\" srcset=\"https:\/\/hoyre.no\/content\/uploads\/sites\/408\/2025\/05\/GettyImages-693280384-1024x683.jpg 1024w, https:\/\/hoyre.no\/content\/uploads\/sites\/408\/2025\/05\/GettyImages-693280384-300x200.jpg 300w, https:\/\/hoyre.no\/content\/uploads\/sites\/408\/2025\/05\/GettyImages-693280384-768x513.jpg 768w, https:\/\/hoyre.no\/content\/uploads\/sites\/408\/2025\/05\/GettyImages-693280384-1536x1025.jpg 1536w, https:\/\/hoyre.no\/content\/uploads\/sites\/408\/2025\/05\/GettyImages-693280384-2048x1367.jpg 2048w\" sizes=\"auto, (max-width: 1024px) 100vw, 1024px\" \/><\/figure>\n\n\n\n\n<h2 class=\"wp-block-heading\" id=\"h-okullarda-ogrenim-artacak-huzursuzluk-azalacak\"><strong>Okullarda \u00f6\u011frenim artacak, huzursuzluk azalacak<\/strong><\/h2>\n\n\n\n<p>\u00c7ocuklar\u0131m\u0131z\u0131n iyi bir ya\u015fama sahip olabilmesinin temeli, yeti\u015fme \u00e7a\u011f\u0131nda ve iyi bir e\u011fitimle at\u0131l\u0131r. Bu y\u00fczden H\u00f8yre i\u00e7in e\u011fitimi g\u00fc\u00e7lendirmek en \u00f6nemli \u00f6nceliklerden biridir. G\u00fcn\u00fcm\u00fczde her \u00fc\u00e7 gen\u00e7ten biri, okuma yazmay\u0131 tam \u00f6\u011frenemeden okuldan mezun oluyor. H\u00f8yre, okulda geri kalan \u00f6\u011frenciler i\u00e7in daha fazla destek sa\u011flanmas\u0131n\u0131 ve e\u011fitimin k\u0131sa zaman aral\u0131klar\u0131nda seviyeye g\u00f6re verilmesini ama\u00e7l\u0131yor. H\u00f8yre, \u00f6\u011fretmenlere sayg\u0131y\u0131 yeniden tesis etmek ve disiplini s\u0131n\u0131flara geri getirmek istiyor. H\u00f8yre ayr\u0131ca ortaokullarda ve liselerdeki not ve s\u0131nav sistemini s\u00fcrd\u00fcrmekten yanad\u0131r.\u00a0<\/p>\n\n\n\n<figure class=\"wp-block-image size-large\"><img loading=\"lazy\" decoding=\"async\" width=\"1024\" height=\"683\" src=\"https:\/\/hoyre.no\/content\/uploads\/sites\/408\/2025\/04\/IMG_6331-1024x683.jpeg\" alt=\"Julie Remen Midtgarden, byr\u00e5d for utdanning\" class=\"wp-image-8816\" srcset=\"https:\/\/hoyre.no\/content\/uploads\/sites\/408\/2025\/04\/IMG_6331-1024x683.jpeg 1024w, https:\/\/hoyre.no\/content\/uploads\/sites\/408\/2025\/04\/IMG_6331-300x200.jpeg 300w, https:\/\/hoyre.no\/content\/uploads\/sites\/408\/2025\/04\/IMG_6331-768x512.jpeg 768w, https:\/\/hoyre.no\/content\/uploads\/sites\/408\/2025\/04\/IMG_6331-1536x1024.jpeg 1536w, https:\/\/hoyre.no\/content\/uploads\/sites\/408\/2025\/04\/IMG_6331-2048x1365.jpeg 2048w\" sizes=\"auto, (max-width: 1024px) 100vw, 1024px\" \/><\/figure>\n\n\n\n<h2 class=\"wp-block-heading\" id=\"h-hoyre-norvec-i-is-kurmak-icin-dunyanin-en-iyi-ulkelerinden-biri-yapmayi-hedefliyor\"><strong>H\u00f8yre, Norve\u00e7\u2019i i\u015f kurmak i\u00e7in d\u00fcnyan\u0131n en iyi \u00fclkelerinden biri yapmay\u0131 hedefliyor<\/strong><\/h2>\n\n\n\n<p>H\u00f8yre, ister k\u00fc\u00e7\u00fck bir d\u00fckk\u00e2n ister b\u00fcy\u00fck bir \u015firket olsun, Norve\u00e7&#8217;te i\u015f kurmay\u0131 ve i\u015fletmeyi kolayla\u015ft\u0131rmay\u0131 ama\u00e7l\u0131yor. \u0130\u015fletmeler ba\u015far\u0131l\u0131 olduk\u00e7a, daha fazla istihdam sa\u011flan\u0131r ve insanlar kendi paras\u0131n\u0131 kazanabilir. Bu nedenle H\u00f8yre olarak, i\u015fletmelerin \u00f6dedi\u011fi vergileri azaltmak ve b\u00fcrokratik kurallar\u0131 basitle\u015ftirmek istiyoruz.<\/p>\n\n\n\n<figure class=\"wp-block-image size-large\"><img loading=\"lazy\" decoding=\"async\" width=\"1024\" height=\"683\" src=\"https:\/\/hoyre.no\/content\/uploads\/sites\/408\/2025\/05\/GettyImages-490607422-1024x683.jpg\" alt=\"\" class=\"wp-image-8842\" srcset=\"https:\/\/hoyre.no\/content\/uploads\/sites\/408\/2025\/05\/GettyImages-490607422-1024x683.jpg 1024w, https:\/\/hoyre.no\/content\/uploads\/sites\/408\/2025\/05\/GettyImages-490607422-300x200.jpg 300w, https:\/\/hoyre.no\/content\/uploads\/sites\/408\/2025\/05\/GettyImages-490607422-768x512.jpg 768w, https:\/\/hoyre.no\/content\/uploads\/sites\/408\/2025\/05\/GettyImages-490607422-1536x1024.jpg 1536w, https:\/\/hoyre.no\/content\/uploads\/sites\/408\/2025\/05\/GettyImages-490607422-2048x1365.jpg 2048w\" sizes=\"auto, (max-width: 1024px) 100vw, 1024px\" \/><\/figure>\n\n\n\n<h2 class=\"wp-block-heading\" id=\"h-daha-fazla-polis-ve-sucla-mucadele\"><strong>Daha fazla polis ve su\u00e7la m\u00fccadele<\/strong><\/h2>\n\n\n\n<p>Son y\u0131llarda Oslo ve Norve\u00e7 daha g\u00fcvensiz bir hale geldi. Bir\u00e7ok ki\u015fi su\u00e7a maruz kalmaktan korkuyor ve su\u00e7 \u00e7eteleri \u00fclkenin her bir yan\u0131nda kendine yer edinmi\u015f durumda. Su\u00e7lar daha \u015fiddetli, daha vah\u015fi ve daha g\u00f6r\u00fcn\u00fcr hale geldi. H\u00f8yre, herkesin su\u00e7a maruz kalma korkusu olmadan \u00f6zg\u00fcrce ya\u015fayabilece\u011fi bir toplum istiyor. Bu nedenle \u00e7etelerden kontrol\u00fc geri almal\u0131 ve vatanda\u015flar\u0131n g\u00fcvenli\u011fini yeniden sa\u011flamal\u0131y\u0131z. H\u00f8yre, en az 1.000 yeni polis memuru ve su\u00e7 \u00e7eteleriyle m\u00fccadele i\u00e7in ulusal d\u00fczeyde eylem s\u00f6z\u00fc veriyor.<\/p>\n\n\n\n<figure class=\"wp-block-image size-large\"><img loading=\"lazy\" decoding=\"async\" width=\"1024\" height=\"683\" src=\"https:\/\/hoyre.no\/content\/uploads\/sites\/408\/2025\/05\/GettyImages-693363086-1024x683.jpg\" alt=\"\" class=\"wp-image-8940\" srcset=\"https:\/\/hoyre.no\/content\/uploads\/sites\/408\/2025\/05\/GettyImages-693363086-1024x683.jpg 1024w, https:\/\/hoyre.no\/content\/uploads\/sites\/408\/2025\/05\/GettyImages-693363086-300x200.jpg 300w, https:\/\/hoyre.no\/content\/uploads\/sites\/408\/2025\/05\/GettyImages-693363086-768x512.jpg 768w, https:\/\/hoyre.no\/content\/uploads\/sites\/408\/2025\/05\/GettyImages-693363086-1536x1024.jpg 1536w, https:\/\/hoyre.no\/content\/uploads\/sites\/408\/2025\/05\/GettyImages-693363086-2048x1365.jpg 2048w\" sizes=\"auto, (max-width: 1024px) 100vw, 1024px\" \/><\/figure>\n\n\n\n<h2 class=\"wp-block-heading\" id=\"h-oslo-muhafazakar-partisi-nin-2025-parlamento-secimleri-adaylari\">Oslo Muhafazakar Partisi&#8217;nin 2025 parlamento se\u00e7imleri adaylar\u0131:<\/h2>\n\n\n\n<ol class=\"wp-block-list\">\n<li><strong>Ine Marie Eriksen<\/strong>&nbsp;<strong>S\u00f8reide<\/strong><\/li>\n\n\n\n<li><strong>Nikolai Astrup<\/strong><\/li>\n\n\n\n<li><strong>Mudassar Kapur<\/strong><\/li>\n\n\n\n<li><strong>Mathilde Tybring-Gjedde<\/strong><\/li>\n\n\n\n<li><strong>Ola Svenneby<\/strong><\/li>\n\n\n\n<li><strong>Heidi Nordby Lunde<\/strong><\/li>\n\n\n\n<li><strong>Stefan Heggelund<\/strong><\/li>\n\n\n\n<li><strong>Michael Tetzschner<\/strong><\/li>\n\n\n\n<li><strong>Ingeborg Tennes<\/strong><\/li>\n\n\n\n<li><strong>Henny Lie Skarpholt<\/strong><\/li>\n\n\n\n<li><strong>Hilde Helland<\/strong><\/li>\n\n\n\n<li><strong>Arina Aamir<\/strong><\/li>\n\n\n\n<li><strong>Arve Juritzen<\/strong><\/li>\n\n\n\n<li><strong>Anfa Hashi<\/strong><\/li>\n\n\n\n<li><strong>Mohamed Anees Rauf<\/strong><\/li>\n\n\n\n<li><strong>Edyta Stylo<\/strong><\/li>\n\n\n\n<li><strong>Nikolai Bjerke Dyvik<\/strong><\/li>\n\n\n\n<li><strong>Siri Waalen Bogen<\/strong><\/li>\n\n\n\n<li><strong>Tias \u00d8deg\u00e5rd-Olsen<\/strong><\/li>\n\n\n\n<li><strong>Ole Martin T. Kristiansen<\/strong><\/li>\n\n\n\n<li><strong>Elisabeth Isachsen Rye-Florentz<\/strong><\/li>\n\n\n\n<li><strong>Elizabeth Dale<\/strong><\/li>\n\n\n\n<li><strong>Jin Kathrine Fosli<\/strong><\/li>\n\n\n\n<li><strong>Bj\u00f8rn Magnus Bj\u00f8rnstad<\/strong><\/li>\n\n\n\n<li><strong>Victor Singh Papatia<\/strong><\/li>\n\n\n\n<li><strong>Fabian Stang<\/strong><\/li>\n<\/ol>\n","protected":false},"excerpt":{"rendered":"<p>Okullarda \u00f6\u011frenim artacak, huzursuzluk azalacak \u00c7ocuklar\u0131m\u0131z\u0131n iyi bir ya\u015fama sahip olabilmesinin temeli, yeti\u015fme \u00e7a\u011f\u0131nda ve iyi bir e\u011fitimle at\u0131l\u0131r. Bu y\u00fczden H\u00f8yre i\u00e7in e\u011fitimi g\u00fc\u00e7lendirmek en \u00f6nemli \u00f6nceliklerden biridir. G\u00fcn\u00fcm\u00fczde her \u00fc\u00e7 gen\u00e7ten biri, okuma yazmay\u0131 tam \u00f6\u011frenemeden okuldan mezun oluyor. H\u00f8yre, okulda geri kalan \u00f6\u011frenciler i\u00e7in daha fazla destek sa\u011flanmas\u0131n\u0131 ve e\u011fitimin k\u0131sa zaman [&hellip;]<\/p>\n","protected":false},"author":31424,"featured_media":0,"parent":0,"menu_order":0,"comment_status":"closed","ping_status":"closed","template":"","meta":{"teft_cards_image_url":"","teft_cards_custom_pretitle":"","teft_cards_image_id":8969,"teft_cards_image_focal_point_x":0.5,"teft_cards_image_focal_point_y":0.5,"teft_cards_title":"","teft_cards_excerpt":"","teft_show_chapters":false,"footnotes":""},"class_list":["post-9157","page","type-page","status-publish","hentry"],"yoast_head":"<!-- This site is optimized with the Yoast SEO Premium plugin v26.5 (Yoast SEO v26.6) - https:\/\/yoast.com\/wordpress\/plugins\/seo\/ -->\n<title>Muhafazakar Parti Hakk\u0131nda T\u00fcrk\u00e7e Bilgi - Oslo H\u00f8yre<\/title>\n<meta name=\"description\" content=\"H\u00f8yre [Sa\u011f Parti], hayat\u0131n\u0131z\u0131n patronu olman\u0131z\u0131 istiyor. Bu sayede kendiniz ve aileniz i\u00e7in en do\u011fru kararlar\u0131 kendiniz verebilirsiniz.\" \/>\n<meta name=\"robots\" content=\"index, follow, max-snippet:-1, max-image-preview:large, max-video-preview:-1\" \/>\n<link rel=\"canonical\" href=\"https:\/\/hoyre.no\/oslo\/muhafazakar-parti-hakkinda-turkce-bilgi\/\" \/>\n<meta property=\"og:locale\" content=\"nb_NO\" \/>\n<meta property=\"og:type\" content=\"article\" \/>\n<meta property=\"og:title\" content=\"Muhafazakar Parti Hakk\u0131nda T\u00fcrk\u00e7e Bilgi\" \/>\n<meta property=\"og:description\" content=\"H\u00f8yre [Sa\u011f Parti], hayat\u0131n\u0131z\u0131n patronu olman\u0131z\u0131 istiyor. Bu sayede kendiniz ve aileniz i\u00e7in en do\u011fru kararlar\u0131 kendiniz verebilirsiniz.\" \/>\n<meta property=\"og:url\" content=\"https:\/\/hoyre.no\/oslo\/muhafazakar-parti-hakkinda-turkce-bilgi\/\" \/>\n<meta property=\"og:site_name\" content=\"Oslo H\u00f8yre\" \/>\n<meta property=\"article:publisher\" content=\"https:\/\/www.facebook.com\/oslo.hoyre\" \/>\n<meta property=\"article:modified_time\" content=\"2025-09-11T08:34:42+00:00\" \/>\n<meta property=\"og:image\" content=\"https:\/\/hoyre.no\/content\/uploads\/sites\/408\/2025\/05\/GB_fav-scaled.jpeg\" \/>\n\t<meta property=\"og:image:width\" content=\"2500\" \/>\n\t<meta property=\"og:image:height\" content=\"1667\" \/>\n\t<meta property=\"og:image:type\" content=\"image\/jpeg\" \/>\n<meta name=\"twitter:card\" content=\"summary_large_image\" \/>\n<meta name=\"twitter:description\" content=\"H\u00f8yre [Sa\u011f Parti], hayat\u0131n\u0131z\u0131n patronu olman\u0131z\u0131 istiyor. Bu sayede kendiniz ve aileniz i\u00e7in en do\u011fru kararlar\u0131 kendiniz verebilirsiniz.\" \/>\n<meta name=\"twitter:label1\" content=\"Ansl. lesetid\" \/>\n\t<meta name=\"twitter:data1\" content=\"4 minutter\" \/>\n<script type=\"application\/ld+json\" class=\"yoast-schema-graph\">{\"@context\":\"https:\/\/schema.org\",\"@graph\":[{\"@type\":\"WebPage\",\"@id\":\"https:\/\/hoyre.no\/oslo\/muhafazakar-parti-hakkinda-turkce-bilgi\/\",\"url\":\"https:\/\/hoyre.no\/oslo\/muhafazakar-parti-hakkinda-turkce-bilgi\/\",\"name\":\"Muhafazakar Parti Hakk\u0131nda T\u00fcrk\u00e7e Bilgi - Oslo H\u00f8yre\",\"isPartOf\":{\"@id\":\"https:\/\/hoyre.no\/oslo\/#website\"},\"image\":{\"@id\":\"https:\/\/hoyre.no\/oslo\/muhafazakar-parti-hakkinda-turkce-bilgi\/#primaryimage\"},\"thumbnailUrl\":\"https:\/\/hoyre.no\/content\/uploads\/sites\/408\/2025\/05\/GettyImages-693280384-1024x683.jpg\",\"datePublished\":\"2025-08-19T13:04:44+00:00\",\"dateModified\":\"2025-09-11T08:34:42+00:00\",\"description\":\"H\u00f8yre [Sa\u011f Parti], hayat\u0131n\u0131z\u0131n patronu olman\u0131z\u0131 istiyor. Bu sayede kendiniz ve aileniz i\u00e7in en do\u011fru kararlar\u0131 kendiniz verebilirsiniz.\",\"breadcrumb\":{\"@id\":\"https:\/\/hoyre.no\/oslo\/muhafazakar-parti-hakkinda-turkce-bilgi\/#breadcrumb\"},\"inLanguage\":\"nb-NO\",\"potentialAction\":[{\"@type\":\"ReadAction\",\"target\":[\"https:\/\/hoyre.no\/oslo\/muhafazakar-parti-hakkinda-turkce-bilgi\/\"]}]},{\"@type\":\"ImageObject\",\"inLanguage\":\"nb-NO\",\"@id\":\"https:\/\/hoyre.no\/oslo\/muhafazakar-parti-hakkinda-turkce-bilgi\/#primaryimage\",\"url\":\"https:\/\/hoyre.no\/content\/uploads\/sites\/408\/2025\/05\/GettyImages-693280384-1024x683.jpg\",\"contentUrl\":\"https:\/\/hoyre.no\/content\/uploads\/sites\/408\/2025\/05\/GettyImages-693280384-1024x683.jpg\"},{\"@type\":\"BreadcrumbList\",\"@id\":\"https:\/\/hoyre.no\/oslo\/muhafazakar-parti-hakkinda-turkce-bilgi\/#breadcrumb\",\"itemListElement\":[{\"@type\":\"ListItem\",\"position\":1,\"name\":\"Til hoyre.no\",\"item\":\"https:\/\/hoyre.no\"},{\"@type\":\"ListItem\",\"position\":2,\"name\":\"Hjem\",\"item\":\"https:\/\/hoyre.no\/oslo\/\"},{\"@type\":\"ListItem\",\"position\":3,\"name\":\"Muhafazakar Parti Hakk\u0131nda T\u00fcrk\u00e7e Bilgi\"}]},{\"@type\":\"WebSite\",\"@id\":\"https:\/\/hoyre.no\/oslo\/#website\",\"url\":\"https:\/\/hoyre.no\/oslo\/\",\"name\":\"Oslo H\u00f8yre\",\"description\":\"\",\"publisher\":{\"@id\":\"https:\/\/hoyre.no\/oslo\/#organization\"},\"inLanguage\":\"nb-NO\"},{\"@type\":\"Organization\",\"@id\":\"https:\/\/hoyre.no\/oslo\/#organization\",\"name\":\"Oslo H\u00f8yre\",\"url\":\"https:\/\/hoyre.no\/oslo\/\",\"logo\":{\"@type\":\"ImageObject\",\"inLanguage\":\"nb-NO\",\"@id\":\"https:\/\/hoyre.no\/oslo\/#\/schema\/logo\/image\/\",\"url\":\"https:\/\/hoyre.no\/content\/uploads\/sites\/408\/2022\/11\/Hoyres-logo.png\",\"contentUrl\":\"https:\/\/hoyre.no\/content\/uploads\/sites\/408\/2022\/11\/Hoyres-logo.png\",\"width\":1000,\"height\":1000,\"caption\":\"Oslo H\u00f8yre\"},\"image\":{\"@id\":\"https:\/\/hoyre.no\/oslo\/#\/schema\/logo\/image\/\"},\"sameAs\":[\"https:\/\/www.facebook.com\/oslo.hoyre\"]}]}<\/script>\n<!-- \/ Yoast SEO Premium plugin. -->","yoast_head_json":{"title":"Muhafazakar Parti Hakk\u0131nda T\u00fcrk\u00e7e Bilgi - Oslo H\u00f8yre","description":"H\u00f8yre [Sa\u011f Parti], hayat\u0131n\u0131z\u0131n patronu olman\u0131z\u0131 istiyor. Bu sayede kendiniz ve aileniz i\u00e7in en do\u011fru kararlar\u0131 kendiniz verebilirsiniz.","robots":{"index":"index","follow":"follow","max-snippet":"max-snippet:-1","max-image-preview":"max-image-preview:large","max-video-preview":"max-video-preview:-1"},"canonical":"https:\/\/hoyre.no\/oslo\/muhafazakar-parti-hakkinda-turkce-bilgi\/","og_locale":"nb_NO","og_type":"article","og_title":"Muhafazakar Parti Hakk\u0131nda T\u00fcrk\u00e7e Bilgi","og_description":"H\u00f8yre [Sa\u011f Parti], hayat\u0131n\u0131z\u0131n patronu olman\u0131z\u0131 istiyor. Bu sayede kendiniz ve aileniz i\u00e7in en do\u011fru kararlar\u0131 kendiniz verebilirsiniz.","og_url":"https:\/\/hoyre.no\/oslo\/muhafazakar-parti-hakkinda-turkce-bilgi\/","og_site_name":"Oslo H\u00f8yre","article_publisher":"https:\/\/www.facebook.com\/oslo.hoyre","article_modified_time":"2025-09-11T08:34:42+00:00","og_image":[{"width":2500,"height":1667,"url":"https:\/\/hoyre.no\/content\/uploads\/sites\/408\/2025\/05\/GB_fav-scaled.jpeg","type":"image\/jpeg"}],"twitter_card":"summary_large_image","twitter_description":"H\u00f8yre [Sa\u011f Parti], hayat\u0131n\u0131z\u0131n patronu olman\u0131z\u0131 istiyor. Bu sayede kendiniz ve aileniz i\u00e7in en do\u011fru kararlar\u0131 kendiniz verebilirsiniz.","twitter_misc":{"Ansl. lesetid":"4 minutter"},"schema":{"@context":"https:\/\/schema.org","@graph":[{"@type":"WebPage","@id":"https:\/\/hoyre.no\/oslo\/muhafazakar-parti-hakkinda-turkce-bilgi\/","url":"https:\/\/hoyre.no\/oslo\/muhafazakar-parti-hakkinda-turkce-bilgi\/","name":"Muhafazakar Parti Hakk\u0131nda T\u00fcrk\u00e7e Bilgi - Oslo H\u00f8yre","isPartOf":{"@id":"https:\/\/hoyre.no\/oslo\/#website"},"image":{"@id":"https:\/\/hoyre.no\/oslo\/muhafazakar-parti-hakkinda-turkce-bilgi\/#primaryimage"},"thumbnailUrl":"https:\/\/hoyre.no\/content\/uploads\/sites\/408\/2025\/05\/GettyImages-693280384-1024x683.jpg","datePublished":"2025-08-19T13:04:44+00:00","dateModified":"2025-09-11T08:34:42+00:00","description":"H\u00f8yre [Sa\u011f Parti], hayat\u0131n\u0131z\u0131n patronu olman\u0131z\u0131 istiyor. Bu sayede kendiniz ve aileniz i\u00e7in en do\u011fru kararlar\u0131 kendiniz verebilirsiniz.","breadcrumb":{"@id":"https:\/\/hoyre.no\/oslo\/muhafazakar-parti-hakkinda-turkce-bilgi\/#breadcrumb"},"inLanguage":"nb-NO","potentialAction":[{"@type":"ReadAction","target":["https:\/\/hoyre.no\/oslo\/muhafazakar-parti-hakkinda-turkce-bilgi\/"]}]},{"@type":"ImageObject","inLanguage":"nb-NO","@id":"https:\/\/hoyre.no\/oslo\/muhafazakar-parti-hakkinda-turkce-bilgi\/#primaryimage","url":"https:\/\/hoyre.no\/content\/uploads\/sites\/408\/2025\/05\/GettyImages-693280384-1024x683.jpg","contentUrl":"https:\/\/hoyre.no\/content\/uploads\/sites\/408\/2025\/05\/GettyImages-693280384-1024x683.jpg"},{"@type":"BreadcrumbList","@id":"https:\/\/hoyre.no\/oslo\/muhafazakar-parti-hakkinda-turkce-bilgi\/#breadcrumb","itemListElement":[{"@type":"ListItem","position":1,"name":"Til hoyre.no","item":"https:\/\/hoyre.no"},{"@type":"ListItem","position":2,"name":"Hjem","item":"https:\/\/hoyre.no\/oslo\/"},{"@type":"ListItem","position":3,"name":"Muhafazakar Parti Hakk\u0131nda T\u00fcrk\u00e7e Bilgi"}]},{"@type":"WebSite","@id":"https:\/\/hoyre.no\/oslo\/#website","url":"https:\/\/hoyre.no\/oslo\/","name":"Oslo H\u00f8yre","description":"","publisher":{"@id":"https:\/\/hoyre.no\/oslo\/#organization"},"inLanguage":"nb-NO"},{"@type":"Organization","@id":"https:\/\/hoyre.no\/oslo\/#organization","name":"Oslo H\u00f8yre","url":"https:\/\/hoyre.no\/oslo\/","logo":{"@type":"ImageObject","inLanguage":"nb-NO","@id":"https:\/\/hoyre.no\/oslo\/#\/schema\/logo\/image\/","url":"https:\/\/hoyre.no\/content\/uploads\/sites\/408\/2022\/11\/Hoyres-logo.png","contentUrl":"https:\/\/hoyre.no\/content\/uploads\/sites\/408\/2022\/11\/Hoyres-logo.png","width":1000,"height":1000,"caption":"Oslo H\u00f8yre"},"image":{"@id":"https:\/\/hoyre.no\/oslo\/#\/schema\/logo\/image\/"},"sameAs":["https:\/\/www.facebook.com\/oslo.hoyre"]}]}},"distributor_meta":false,"distributor_terms":false,"distributor_media":false,"distributor_original_site_name":"Oslo H\u00f8yre","distributor_original_site_url":"https:\/\/hoyre.no\/oslo","push-errors":false,"_links":{"self":[{"href":"https:\/\/hoyre.no\/oslo\/wp-json\/wp\/v2\/pages\/9157","targetHints":{"allow":["GET"]}}],"collection":[{"href":"https:\/\/hoyre.no\/oslo\/wp-json\/wp\/v2\/pages"}],"about":[{"href":"https:\/\/hoyre.no\/oslo\/wp-json\/wp\/v2\/types\/page"}],"author":[{"embeddable":true,"href":"https:\/\/hoyre.no\/oslo\/wp-json\/wp\/v2\/users\/31424"}],"replies":[{"embeddable":true,"href":"https:\/\/hoyre.no\/oslo\/wp-json\/wp\/v2\/comments?post=9157"}],"version-history":[{"count":2,"href":"https:\/\/hoyre.no\/oslo\/wp-json\/wp\/v2\/pages\/9157\/revisions"}],"predecessor-version":[{"id":9346,"href":"https:\/\/hoyre.no\/oslo\/wp-json\/wp\/v2\/pages\/9157\/revisions\/9346"}],"wp:attachment":[{"href":"https:\/\/hoyre.no\/oslo\/wp-json\/wp\/v2\/media?parent=9157"}],"curies":[{"name":"wp","href":"https:\/\/api.w.org\/{rel}","templated":true}]}}